{"id":995536,"date":"2022-10-04T13:22:20","date_gmt":"2022-10-04T10:22:20","guid":{"rendered":"https:\/\/wp.adisoft.lt\/vtdko\/kolegijos-statutas\/"},"modified":"2022-12-20T13:35:54","modified_gmt":"2022-12-20T10:35:54","slug":"kolegijos-statutas","status":"publish","type":"page","link":"https:\/\/wp.adisoft.lt\/vtdko\/en\/kolegijos-statutas\/","title":{"rendered":"Kolegijos statutas"},"content":{"rendered":"\t\t<div data-elementor-type=\"wp-page\" data-elementor-id=\"995536\" class=\"elementor elementor-995536 elementor-988921\">\n\t\t\t\t\t\t\t\t\t<section class=\"elementor-section elementor-top-section elementor-element elementor-element-2bc171f elementor-section-height-min-height elementor-section-boxed elementor-section-height-default elementor-section-items-middle\" data-id=\"2bc171f\" data-element_type=\"section\" data-settings=\"{&quot;background_background&quot;:&quot;classic&quot;,&quot;animation&quot;:&quot;none&quot;}\">\n\t\t\t\t\t\t<div class=\"elementor-container elementor-column-gap-default\">\n\t\t\t\t\t<div class=\"elementor-column elementor-col-100 elementor-top-column elementor-element elementor-element-72be03b\" data-id=\"72be03b\" data-element_type=\"column\" data-settings=\"{&quot;background_background&quot;:&quot;classic&quot;}\">\n\t\t\t<div class=\"elementor-widget-wrap\">\n\t\t\t\t\t\t\t\t\t<\/div>\n\t\t<\/div>\n\t\t\t\t\t\t\t<\/div>\n\t\t<\/section>\n\t\t\t\t<section class=\"elementor-section elementor-top-section elementor-element elementor-element-24fd772 elementor-section-boxed elementor-section-height-default elementor-section-height-default\" data-id=\"24fd772\" data-element_type=\"section\" data-settings=\"{&quot;animation&quot;:&quot;none&quot;,&quot;animation_tablet&quot;:&quot;none&quot;,&quot;animation_mobile&quot;:&quot;none&quot;}\">\n\t\t\t\t\t\t<div class=\"elementor-container elementor-column-gap-no\">\n\t\t\t\t\t<div class=\"elementor-column elementor-col-50 elementor-top-column elementor-element elementor-element-aa75ac9 animated-fast elementor-invisible\" data-id=\"aa75ac9\" data-element_type=\"column\" data-settings=\"{&quot;background_background&quot;:&quot;classic&quot;,&quot;animation&quot;:&quot;fadeIn&quot;,&quot;animation_delay&quot;:100}\">\n\t\t\t<div class=\"elementor-widget-wrap elementor-element-populated\">\n\t\t\t\t\t\t\t\t<div class=\"elementor-element elementor-element-dc521aa elementor-widget__width-auto elementor-widget-tablet__width-auto elementor-widget-mobile__width-inherit elementor-widget elementor-widget-heading\" data-id=\"dc521aa\" data-element_type=\"widget\" data-settings=\"{&quot;_animation&quot;:&quot;none&quot;,&quot;_animation_delay&quot;:200}\" data-widget_type=\"heading.heading_charityfy\">\n\t\t\t\t<div class=\"elementor-widget-container\">\n\t\t\t<h1 class=\"elementor-heading-title elementor-size-default\">Kolegijos statutas<\/h1>\t\t<\/div>\n\t\t\t\t<\/div>\n\t\t\t\t<div class=\"elementor-element elementor-element-9b9f51d elementor-widget elementor-widget-text-editor\" data-id=\"9b9f51d\" data-element_type=\"widget\" data-settings=\"{&quot;_animation&quot;:&quot;none&quot;,&quot;_animation_delay&quot;:300}\" data-widget_type=\"text-editor.default\">\n\t\t\t\t<div class=\"elementor-widget-container\">\n\t\t\t\t\t\t\t<p>Vilniaus technologij\u0173 ir dizaino kolegija \u2013 \u010dia hobis virsta profesija!<\/p>\t\t\t\t\t\t<\/div>\n\t\t\t\t<\/div>\n\t\t\t\t\t<\/div>\n\t\t<\/div>\n\t\t\t\t<div class=\"elementor-column elementor-col-50 elementor-top-column elementor-element elementor-element-8fe6b79 elementor-hidden-desktop elementor-hidden-tablet elementor-hidden-phone\" data-id=\"8fe6b79\" data-element_type=\"column\">\n\t\t\t<div class=\"elementor-widget-wrap\">\n\t\t\t\t\t\t\t\t\t<\/div>\n\t\t<\/div>\n\t\t\t\t\t\t\t<\/div>\n\t\t<\/section>\n\t\t\t\t<section class=\"elementor-section elementor-top-section elementor-element elementor-element-21e81a6 elementor-section-boxed elementor-section-height-default elementor-section-height-default\" data-id=\"21e81a6\" data-element_type=\"section\">\n\t\t\t\t\t\t<div class=\"elementor-container elementor-column-gap-default\">\n\t\t\t\t\t<div class=\"elementor-column elementor-col-100 elementor-top-column elementor-element elementor-element-f0c94de\" data-id=\"f0c94de\" data-element_type=\"column\">\n\t\t\t<div class=\"elementor-widget-wrap elementor-element-populated\">\n\t\t\t\t\t\t\t\t<div class=\"elementor-element elementor-element-5864785 elementor-widget elementor-widget-spacer\" data-id=\"5864785\" data-element_type=\"widget\" data-widget_type=\"spacer.default\">\n\t\t\t\t<div class=\"elementor-widget-container\">\n\t\t\t\t\t<div class=\"elementor-spacer\">\n\t\t\t<div class=\"elementor-spacer-inner\"><\/div>\n\t\t<\/div>\n\t\t\t\t<\/div>\n\t\t\t\t<\/div>\n\t\t\t\t\t<\/div>\n\t\t<\/div>\n\t\t\t\t\t\t\t<\/div>\n\t\t<\/section>\n\t\t\t\t<section class=\"elementor-section elementor-top-section elementor-element elementor-element-c96c9c9 elementor-section-boxed elementor-section-height-default elementor-section-height-default\" data-id=\"c96c9c9\" data-element_type=\"section\">\n\t\t\t\t\t\t<div class=\"elementor-container elementor-column-gap-default\">\n\t\t\t\t\t<div class=\"elementor-column elementor-col-100 elementor-top-column elementor-element elementor-element-65be123\" data-id=\"65be123\" data-element_type=\"column\">\n\t\t\t<div class=\"elementor-widget-wrap elementor-element-populated\">\n\t\t\t\t\t\t\t\t<div class=\"elementor-element elementor-element-18e663b elementor-widget elementor-widget-text-editor\" data-id=\"18e663b\" data-element_type=\"widget\" data-widget_type=\"text-editor.default\">\n\t\t\t\t<div class=\"elementor-widget-container\">\n\t\t\t\t\t\t\t<p><a href=\"https:\/\/wp.adisoft.lt\/vtdko\/wp-content\/uploads\/2022\/10\/VTDK_Statutas.pdf\" target=\"_blank\" rel=\"noopener\" data-wplink-edit=\"true\">Vilniaus technologij\u0173 ir dizaino kolegijos statutas (atsi\u0173sti fail\u0105 .pdf formatu)<\/a><\/p>\t\t\t\t\t\t<\/div>\n\t\t\t\t<\/div>\n\t\t\t\t<div class=\"elementor-element elementor-element-d29e56d elementor-widget elementor-widget-embedpress_pdf\" data-id=\"d29e56d\" data-element_type=\"widget\" data-widget_type=\"embedpress_pdf.default\">\n\t\t\t\t<div class=\"elementor-widget-container\">\n\t\t\t        <div class=\"embedpress-document-embed ep-doc-f429db4e0b8e3f70889dd93303e812bf ose-document\" data-thememode=\"dark\" data-toolbar=\"yes\" data-toolbar-position=\"top\" data-open=\"no\" data-presentation-mode=\"\" data-download=\"yes\" data-copy=\"yes\" data-rotate=\"\" data-details=\"\" data-id=\"embedpress-pdf-d29e56d\" style=\"width: 1000px;height: 1000px; max-width:100%; display: inline-block\">\n                                            <iframe class=\"embedpress-embed-document-pdf embedpress-pdf-d29e56d\" style=\"width: 1000px;height: 1000px; max-width:100%; display: inline-block\" src=\"https:\/\/wp.adisoft.lt\/vtdko\/wp-content\/plugins\/embedpress\/assets\/pdf\/web\/viewer.html?file=https:\/\/wp.adisoft.lt\/vtdko\/wp-content\/uploads\/2022\/10\/VTDK_Statutas.pdf#zoom=auto\"  frameborder=\"0\"><\/iframe>\n                        <\/div>\n\n        <script>\n            (function($) {\n                let x = 0;\n                const setThemeMode = (frm, themeMode) => {\n\t\t\t\t\tconst htmlEL = frm.getElementsByTagName(\"html\")[0];\n\t\t\t\t\tif(htmlEL){\n\t\t\t\t\t\thtmlEL.setAttribute('ep-data-theme', themeMode);\n\t\t\t\t\t}\n\t\t\t\t}\n                const setEmbedInterval = setInterval(() => {\n                    if ($('.embedpress-document-embed').length > 0) {\n                        x++;\n                        const isDisplay = ($selectorName) => {\n                            if ($selectorName == 'no' || $selectorName == '') {\n                                $selectorName = 'none';\n                            } else {\n                                $selectorName = 'block';\n                            }\n                            return $selectorName;\n                        }\n\n                        $('.embedpress-document-embed').each((index, element) => {\n\n                            const frm = document.querySelector(`.${$(element).data('id')}`).contentWindow.document;\n                            const otherhead = frm.getElementsByTagName(\"head\")[0];\n                            const style = frm.createElement(\"style\");\n                            style.setAttribute('id', 'EBiframeStyleID');\n\n                            $themeMode = $(element).data('thememode');\n                            $toolbar = $(element).data('toolbar');\n                            $toolbarPosition = $(element).data('toolbar-position');\n                            $presentationMode = $(element).data('presentation-mode');\n                            $open = $(element).data('open');\n                            $download = $(element).data('download');\n                            $copy_text = $(element).data('copy');\n                            $doc_rotation = $(element).data('rotate');\n                            $doc_details = $(element).data('details');\n\n                            if ($toolbar == 'no' || $toolbar == '') {\n                                $toolbar = 'no';\n                                $toolbarPosition = 'top';\n                                $open = 'no';\n                                $presentationMode = 'no';\n                                $download = 'no';\n                                $copy_text = 'no';\n                                $doc_rotation = 'no';\n                                $details = 'no';\n                            }\n\n\n                            $toolbar = isDisplay($toolbar);\n                            $presentation = isDisplay($presentationMode);\n                            $download = isDisplay($download);\n                            $open = isDisplay($open);\n                            $copy_text = isDisplay($copy_text);\n\n                            if ($copy_text === 'block') {\n                                $copy_text = 'all';\n                            }\n\n                            $doc_details = isDisplay($doc_details);\n                            $doc_rotation = isDisplay($doc_rotation);\n\n                            if ($toolbarPosition == 'top') {\n                                $toolbarPosition = 'top:0;bottom:auto;'\n                                $settingsPos = '';\n                            } else {\n                                $toolbarPosition = 'bottom:0;top:auto;'\n                                $settingsPos = `\n                                    .findbar, .secondaryToolbar {\n                                        top: auto;bottom: 32px;\n                                    }\n                                    .doorHangerRight:after{\n                                        transform: rotate(180deg);\n                                        bottom: -16px;\n                                    }\n                                    .doorHangerRight:before {\n                                        transform: rotate(180deg);\n                                        bottom: -18px;\n                                    }\n                                    #findbar:before {\n                                        bottom: -20px!important;\n                                        transform: rotate(180deg);\n                                    }\n                                    #findbar:after {\n                                        bottom: -19px!important;\n                                        transform: rotate(180deg);\n                                    }\n                                `;\n\n                            }\n\n                            style.textContent = `\n\n                                .toolbar{\n                                    display: ${$toolbar}!important;\n                                    position: absolute;\n                                    ${$toolbarPosition}\n                                }\n                                #secondaryToolbar{\n                                    display: ${$toolbar};\n                                }\n                                #secondaryPresentationMode, #toolbarViewerRight #presentationMode{\n                                    display: ${$presentation}!important;\n                                }\n                                #secondaryOpenFile, #toolbarViewerRight #openFile{\n                                    display: none!important;\n                                }\n                                #secondaryDownload, #secondaryPrint, #toolbarViewerRight #print, #toolbarViewerRight #download{\n                                    display: ${$download}!important;\n                                }\n                                #pageRotateCw{\n                                    display: ${$doc_rotation}!important;\n                                }\n                                #pageRotateCcw{\n                                    display: ${$doc_rotation}!important;\n                                }\n                                #documentProperties{\n                                    display: ${$doc_details}!important;\n                                }\n                                .textLayer{\n                                    user-select: ${$copy_text}!important;\n                                }\n                                ${$settingsPos}\n                            `;\n                            if(frm){\n                                setThemeMode(frm, $themeMode);\n                            }\n                            if (otherhead) {\n                                if(frm.getElementById(\"EBiframeStyleID\")){\n                                    frm.getElementById(\"EBiframeStyleID\").remove();\n                                }\n                                otherhead.appendChild(style);\n                                clearInterval(setEmbedInterval);\n                            }\n\n                        });\n                        if (x > 50) {\n                            clearInterval(setEmbedInterval);\n                        }\n                    }\n\n                }, 100);\n            }(jQuery));\n        <\/script>\n    \t\t<\/div>\n\t\t\t\t<\/div>\n\t\t\t\t\t<\/div>\n\t\t<\/div>\n\t\t\t\t\t\t\t<\/div>\n\t\t<\/section>\n\t\t\t\t<section class=\"elementor-section elementor-top-section elementor-element elementor-element-1adb4a7 elementor-section-boxed elementor-section-height-default elementor-section-height-default\" data-id=\"1adb4a7\" data-element_type=\"section\">\n\t\t\t\t\t\t<div class=\"elementor-container elementor-column-gap-default\">\n\t\t\t\t\t<div class=\"elementor-column elementor-col-100 elementor-top-column elementor-element elementor-element-9c49db9\" data-id=\"9c49db9\" data-element_type=\"column\">\n\t\t\t<div class=\"elementor-widget-wrap elementor-element-populated\">\n\t\t\t\t\t\t\t\t<div class=\"elementor-element elementor-element-be34637 elementor-widget elementor-widget-spacer\" data-id=\"be34637\" data-element_type=\"widget\" data-widget_type=\"spacer.default\">\n\t\t\t\t<div class=\"elementor-widget-container\">\n\t\t\t\t\t<div class=\"elementor-spacer\">\n\t\t\t<div class=\"elementor-spacer-inner\"><\/div>\n\t\t<\/div>\n\t\t\t\t<\/div>\n\t\t\t\t<\/div>\n\t\t\t\t\t<\/div>\n\t\t<\/div>\n\t\t\t\t\t\t\t<\/div>\n\t\t<\/section>\n\t\t\t\t\t\t\t<\/div>\n\t\t","protected":false},"excerpt":{"rendered":"<p>Kolegijos statutas Vilniaus technologij\u0173 ir dizaino kolegija \u2013 \u010dia hobis virsta profesija! Vilniaus technologij\u0173 ir dizaino kolegijos statutas (atsi\u0173sti fail\u0105 .pdf formatu)<\/p>\n","protected":false},"author":1,"featured_media":0,"parent":0,"menu_order":0,"comment_status":"closed","ping_status":"closed","template":"","meta":{"inline_featured_image":false,"footnotes":""},"class_list":["post-995536","page","type-page","status-publish","hentry"],"yoast_head":"<!-- This site is optimized with the Yoast SEO plugin v19.12 - https:\/\/yoast.com\/wordpress\/plugins\/seo\/ -->\n<title>Kolegijos statutas - vtdko<\/title>\n<meta name=\"robots\" content=\"noindex, follow, max-snippet:-1, max-image-preview:large, max-video-preview:-1\" \/>\n<meta property=\"og:locale\" content=\"en_US\" \/>\n<meta property=\"og:type\" content=\"article\" \/>\n<meta property=\"og:title\" content=\"Kolegijos statutas - vtdko\" \/>\n<meta property=\"og:description\" content=\"Kolegijos statutas Vilniaus technologij\u0173 ir dizaino kolegija \u2013 \u010dia hobis virsta profesija! Vilniaus technologij\u0173 ir dizaino kolegijos statutas (atsi\u0173sti fail\u0105 .pdf formatu)\" \/>\n<meta property=\"og:url\" content=\"https:\/\/wp.adisoft.lt\/vtdko\/en\/kolegijos-statutas\/\" \/>\n<meta property=\"og:site_name\" content=\"vtdko\" \/>\n<meta property=\"article:modified_time\" content=\"2022-12-20T10:35:54+00:00\" \/>\n<meta name=\"twitter:card\" content=\"summary_large_image\" \/>\n<meta name=\"twitter:label1\" content=\"Est. reading time\" \/>\n\t<meta name=\"twitter:data1\" content=\"2 minutes\" \/>\n<script type=\"application\/ld+json\" class=\"yoast-schema-graph\">{\"@context\":\"https:\/\/schema.org\",\"@graph\":[{\"@type\":\"WebPage\",\"@id\":\"https:\/\/wp.adisoft.lt\/vtdko\/en\/kolegijos-statutas\/\",\"url\":\"https:\/\/wp.adisoft.lt\/vtdko\/en\/kolegijos-statutas\/\",\"name\":\"Kolegijos statutas - vtdko\",\"isPartOf\":{\"@id\":\"https:\/\/wp.adisoft.lt\/vtdko\/en\/#website\"},\"datePublished\":\"2022-10-04T10:22:20+00:00\",\"dateModified\":\"2022-12-20T10:35:54+00:00\",\"breadcrumb\":{\"@id\":\"https:\/\/wp.adisoft.lt\/vtdko\/en\/kolegijos-statutas\/#breadcrumb\"},\"inLanguage\":\"en-US\",\"potentialAction\":[{\"@type\":\"ReadAction\",\"target\":[\"https:\/\/wp.adisoft.lt\/vtdko\/en\/kolegijos-statutas\/\"]}]},{\"@type\":\"BreadcrumbList\",\"@id\":\"https:\/\/wp.adisoft.lt\/vtdko\/en\/kolegijos-statutas\/#breadcrumb\",\"itemListElement\":[{\"@type\":\"ListItem\",\"position\":1,\"name\":\"Pagrindinis\",\"item\":\"https:\/\/wp.adisoft.lt\/vtdko\/en\/pagrindinis\/\"},{\"@type\":\"ListItem\",\"position\":2,\"name\":\"Kolegijos statutas\"}]},{\"@type\":\"WebSite\",\"@id\":\"https:\/\/wp.adisoft.lt\/vtdko\/en\/#website\",\"url\":\"https:\/\/wp.adisoft.lt\/vtdko\/en\/\",\"name\":\"vtdko\",\"description\":\"Vilniaus technologij\u0173 ir dizaino kolegija\",\"publisher\":{\"@id\":\"https:\/\/wp.adisoft.lt\/vtdko\/en\/#organization\"},\"potentialAction\":[{\"@type\":\"SearchAction\",\"target\":{\"@type\":\"EntryPoint\",\"urlTemplate\":\"https:\/\/wp.adisoft.lt\/vtdko\/en\/?s={search_term_string}\"},\"query-input\":\"required name=search_term_string\"}],\"inLanguage\":\"en-US\"},{\"@type\":\"Organization\",\"@id\":\"https:\/\/wp.adisoft.lt\/vtdko\/en\/#organization\",\"name\":\"vtdko\",\"url\":\"https:\/\/wp.adisoft.lt\/vtdko\/en\/\",\"logo\":{\"@type\":\"ImageObject\",\"inLanguage\":\"en-US\",\"@id\":\"https:\/\/wp.adisoft.lt\/vtdko\/en\/#\/schema\/logo\/image\/\",\"url\":\"https:\/\/wp.adisoft.lt\/vtdko\/wp-content\/uploads\/2020\/02\/Logo-su-tekstu-01.svg\",\"contentUrl\":\"https:\/\/wp.adisoft.lt\/vtdko\/wp-content\/uploads\/2020\/02\/Logo-su-tekstu-01.svg\",\"width\":151,\"height\":74,\"caption\":\"vtdko\"},\"image\":{\"@id\":\"https:\/\/wp.adisoft.lt\/vtdko\/en\/#\/schema\/logo\/image\/\"}}]}<\/script>\n<!-- \/ Yoast SEO plugin. -->","yoast_head_json":{"title":"Kolegijos statutas - vtdko","robots":{"index":"noindex","follow":"follow","max-snippet":"max-snippet:-1","max-image-preview":"max-image-preview:large","max-video-preview":"max-video-preview:-1"},"og_locale":"en_US","og_type":"article","og_title":"Kolegijos statutas - vtdko","og_description":"Kolegijos statutas Vilniaus technologij\u0173 ir dizaino kolegija \u2013 \u010dia hobis virsta profesija! Vilniaus technologij\u0173 ir dizaino kolegijos statutas (atsi\u0173sti fail\u0105 .pdf formatu)","og_url":"https:\/\/wp.adisoft.lt\/vtdko\/en\/kolegijos-statutas\/","og_site_name":"vtdko","article_modified_time":"2022-12-20T10:35:54+00:00","twitter_card":"summary_large_image","twitter_misc":{"Est. reading time":"2 minutes"},"schema":{"@context":"https:\/\/schema.org","@graph":[{"@type":"WebPage","@id":"https:\/\/wp.adisoft.lt\/vtdko\/en\/kolegijos-statutas\/","url":"https:\/\/wp.adisoft.lt\/vtdko\/en\/kolegijos-statutas\/","name":"Kolegijos statutas - vtdko","isPartOf":{"@id":"https:\/\/wp.adisoft.lt\/vtdko\/en\/#website"},"datePublished":"2022-10-04T10:22:20+00:00","dateModified":"2022-12-20T10:35:54+00:00","breadcrumb":{"@id":"https:\/\/wp.adisoft.lt\/vtdko\/en\/kolegijos-statutas\/#breadcrumb"},"inLanguage":"en-US","potentialAction":[{"@type":"ReadAction","target":["https:\/\/wp.adisoft.lt\/vtdko\/en\/kolegijos-statutas\/"]}]},{"@type":"BreadcrumbList","@id":"https:\/\/wp.adisoft.lt\/vtdko\/en\/kolegijos-statutas\/#breadcrumb","itemListElement":[{"@type":"ListItem","position":1,"name":"Pagrindinis","item":"https:\/\/wp.adisoft.lt\/vtdko\/en\/pagrindinis\/"},{"@type":"ListItem","position":2,"name":"Kolegijos statutas"}]},{"@type":"WebSite","@id":"https:\/\/wp.adisoft.lt\/vtdko\/en\/#website","url":"https:\/\/wp.adisoft.lt\/vtdko\/en\/","name":"vtdko","description":"Vilniaus technologij\u0173 ir dizaino kolegija","publisher":{"@id":"https:\/\/wp.adisoft.lt\/vtdko\/en\/#organization"},"potentialAction":[{"@type":"SearchAction","target":{"@type":"EntryPoint","urlTemplate":"https:\/\/wp.adisoft.lt\/vtdko\/en\/?s={search_term_string}"},"query-input":"required name=search_term_string"}],"inLanguage":"en-US"},{"@type":"Organization","@id":"https:\/\/wp.adisoft.lt\/vtdko\/en\/#organization","name":"vtdko","url":"https:\/\/wp.adisoft.lt\/vtdko\/en\/","logo":{"@type":"ImageObject","inLanguage":"en-US","@id":"https:\/\/wp.adisoft.lt\/vtdko\/en\/#\/schema\/logo\/image\/","url":"https:\/\/wp.adisoft.lt\/vtdko\/wp-content\/uploads\/2020\/02\/Logo-su-tekstu-01.svg","contentUrl":"https:\/\/wp.adisoft.lt\/vtdko\/wp-content\/uploads\/2020\/02\/Logo-su-tekstu-01.svg","width":151,"height":74,"caption":"vtdko"},"image":{"@id":"https:\/\/wp.adisoft.lt\/vtdko\/en\/#\/schema\/logo\/image\/"}}]}},"_links":{"self":[{"href":"https:\/\/wp.adisoft.lt\/vtdko\/en\/wp-json\/wp\/v2\/pages\/995536","targetHints":{"allow":["GET"]}}],"collection":[{"href":"https:\/\/wp.adisoft.lt\/vtdko\/en\/wp-json\/wp\/v2\/pages"}],"about":[{"href":"https:\/\/wp.adisoft.lt\/vtdko\/en\/wp-json\/wp\/v2\/types\/page"}],"author":[{"embeddable":true,"href":"https:\/\/wp.adisoft.lt\/vtdko\/en\/wp-json\/wp\/v2\/users\/1"}],"replies":[{"embeddable":true,"href":"https:\/\/wp.adisoft.lt\/vtdko\/en\/wp-json\/wp\/v2\/comments?post=995536"}],"version-history":[{"count":1,"href":"https:\/\/wp.adisoft.lt\/vtdko\/en\/wp-json\/wp\/v2\/pages\/995536\/revisions"}],"predecessor-version":[{"id":995538,"href":"https:\/\/wp.adisoft.lt\/vtdko\/en\/wp-json\/wp\/v2\/pages\/995536\/revisions\/995538"}],"wp:attachment":[{"href":"https:\/\/wp.adisoft.lt\/vtdko\/en\/wp-json\/wp\/v2\/media?parent=995536"}],"curies":[{"name":"wp","href":"https:\/\/api.w.org\/{rel}","templated":true}]}}