{"id":995818,"date":"2022-12-19T11:43:06","date_gmt":"2022-12-19T08:43:06","guid":{"rendered":"https:\/\/wp.adisoft.lt\/vtdko\/automotrisiu-drezinu-ir-drezinu-kelimo-kranu-masinistu-mokymas-peratestavimas\/"},"modified":"2022-12-19T11:43:06","modified_gmt":"2022-12-19T08:43:06","slug":"automotrisiu-drezinu-ir-drezinu-kelimo-kranu-masinistu-mokymas-peratestavimas","status":"publish","type":"page","link":"https:\/\/wp.adisoft.lt\/vtdko\/en\/visuomenei\/vtdk-kursai\/automotrisiu-drezinu-ir-drezinu-kelimo-kranu-masinistu-mokymas-peratestavimas\/","title":{"rendered":"Automotrisi\u0173, drezin\u0173 ir drezin\u0173 k\u0117limo kran\u0173 ma\u0161inist\u0173 mokymas\/peratestavimas"},"content":{"rendered":"\t\t<div data-elementor-type=\"wp-page\" data-elementor-id=\"995818\" class=\"elementor elementor-995818 elementor-995155\">\n\t\t\t\t\t\t\t\t\t<section class=\"elementor-section elementor-top-section elementor-element elementor-element-411a68b elementor-section-height-min-height elementor-section-boxed elementor-section-height-default elementor-section-items-middle\" data-id=\"411a68b\" data-element_type=\"section\" data-settings=\"{&quot;background_background&quot;:&quot;classic&quot;,&quot;animation&quot;:&quot;none&quot;}\">\n\t\t\t\t\t\t<div class=\"elementor-container elementor-column-gap-default\">\n\t\t\t\t\t<div class=\"elementor-column elementor-col-100 elementor-top-column elementor-element elementor-element-adf899b\" data-id=\"adf899b\" data-element_type=\"column\" data-settings=\"{&quot;background_background&quot;:&quot;classic&quot;}\">\n\t\t\t<div class=\"elementor-widget-wrap\">\n\t\t\t\t\t\t\t\t\t<\/div>\n\t\t<\/div>\n\t\t\t\t\t\t\t<\/div>\n\t\t<\/section>\n\t\t\t\t<section class=\"elementor-section elementor-top-section elementor-element elementor-element-b4c3538 elementor-section-boxed elementor-section-height-default elementor-section-height-default\" data-id=\"b4c3538\" data-element_type=\"section\" data-settings=\"{&quot;animation&quot;:&quot;none&quot;,&quot;animation_tablet&quot;:&quot;none&quot;,&quot;animation_mobile&quot;:&quot;none&quot;}\">\n\t\t\t\t\t\t<div class=\"elementor-container elementor-column-gap-no\">\n\t\t\t\t\t<div class=\"elementor-column elementor-col-50 elementor-top-column elementor-element elementor-element-3a7a72a animated-fast elementor-invisible\" data-id=\"3a7a72a\" data-element_type=\"column\" data-settings=\"{&quot;background_background&quot;:&quot;classic&quot;,&quot;animation&quot;:&quot;fadeIn&quot;,&quot;animation_delay&quot;:100}\">\n\t\t\t<div class=\"elementor-widget-wrap elementor-element-populated\">\n\t\t\t\t\t\t\t\t<div class=\"elementor-element elementor-element-f2a0d0f elementor-widget__width-auto elementor-widget-tablet__width-auto elementor-widget-mobile__width-inherit elementor-widget elementor-widget-heading\" data-id=\"f2a0d0f\" data-element_type=\"widget\" data-settings=\"{&quot;_animation&quot;:&quot;none&quot;,&quot;_animation_delay&quot;:200}\" data-widget_type=\"heading.heading_charityfy\">\n\t\t\t\t<div class=\"elementor-widget-container\">\n\t\t\t<h1 class=\"elementor-heading-title elementor-size-default\">Studijuok VTDKO<\/h1>\t\t<\/div>\n\t\t\t\t<\/div>\n\t\t\t\t<div class=\"elementor-element elementor-element-93feccb elementor-widget elementor-widget-text-editor\" data-id=\"93feccb\" data-element_type=\"widget\" data-settings=\"{&quot;_animation&quot;:&quot;none&quot;,&quot;_animation_delay&quot;:300}\" data-widget_type=\"text-editor.default\">\n\t\t\t\t<div class=\"elementor-widget-container\">\n\t\t\t\t\t\t\t<p>\u010cia hobis virsta profesija!<\/p>\t\t\t\t\t\t<\/div>\n\t\t\t\t<\/div>\n\t\t\t\t\t<\/div>\n\t\t<\/div>\n\t\t\t\t<div class=\"elementor-column elementor-col-50 elementor-top-column elementor-element elementor-element-63d2b80 elementor-hidden-desktop elementor-hidden-tablet elementor-hidden-phone\" data-id=\"63d2b80\" data-element_type=\"column\">\n\t\t\t<div class=\"elementor-widget-wrap\">\n\t\t\t\t\t\t\t\t\t<\/div>\n\t\t<\/div>\n\t\t\t\t\t\t\t<\/div>\n\t\t<\/section>\n\t\t\t\t<section class=\"elementor-section elementor-top-section elementor-element elementor-element-8f37da3 elementor-section-boxed elementor-section-height-default elementor-section-height-default\" data-id=\"8f37da3\" data-element_type=\"section\">\n\t\t\t\t\t\t<div class=\"elementor-container elementor-column-gap-default\">\n\t\t\t\t\t<div class=\"elementor-column elementor-col-100 elementor-top-column elementor-element elementor-element-076b17f\" data-id=\"076b17f\" data-element_type=\"column\">\n\t\t\t<div class=\"elementor-widget-wrap elementor-element-populated\">\n\t\t\t\t\t\t\t\t\t<\/div>\n\t\t<\/div>\n\t\t\t\t\t\t\t<\/div>\n\t\t<\/section>\n\t\t\t\t<section class=\"elementor-section elementor-top-section elementor-element elementor-element-64e2867 elementor-section-boxed elementor-section-height-default elementor-section-height-default\" data-id=\"64e2867\" data-element_type=\"section\">\n\t\t\t\t\t\t<div class=\"elementor-container elementor-column-gap-default\">\n\t\t\t\t\t<div class=\"elementor-column elementor-col-100 elementor-top-column elementor-element elementor-element-8032361\" data-id=\"8032361\" data-element_type=\"column\">\n\t\t\t<div class=\"elementor-widget-wrap elementor-element-populated\">\n\t\t\t\t\t\t\t\t<div class=\"elementor-element elementor-element-77b5c7b elementor-widget elementor-widget-text-editor\" data-id=\"77b5c7b\" data-element_type=\"widget\" data-widget_type=\"text-editor.default\">\n\t\t\t\t<div class=\"elementor-widget-container\">\n\t\t\t\t\t\t\t<p><strong>VTDK organizuoja automotrisi\u0173, drezin\u0173 ir drezin\u0173 k\u0117limo kran\u0173 ma\u0161inist\u0173 mokym\u0105\/peratestavim\u0105.<\/strong><\/p><p><img loading=\"lazy\" decoding=\"async\" class=\"aligncenter\" src=\"https:\/\/vtdko.lt\/images\/KURSAI\/traukinio_masinistu_kursai\/Traukinio_masinistu_kursai.png\" alt=\"Traukinio masinistu kursai\" width=\"236\" height=\"236\" \/><\/p><p>Mokymo program\u0173 tikslas \u2013 parengti\/ peratestuoti automotrisi\u0173, drezin\u0173 ir drezin\u0173 k\u0117limo kran\u0173 ma\u0161inist\u0105, gebant\u012f remontuoti, eksploatuoti ir aptarnauti riedmenis bei j\u0173 kranus.<\/p><p>Mokymai vykdomi pagal neformalaus profesinio mokymo programas.<\/p><table class=\"table\"><tbody><tr><td><strong>EilNr.<\/strong><\/td><td><strong>Programos paskirtis<\/strong><\/td><td><strong>Programos pavadinimas<\/strong><\/td><td><strong>Valand\u0173 skai\u010dius<\/strong><\/td><td><strong>Prad\u017eia<\/strong><\/td><\/tr><tr><td>1.<\/td><td>Automotrisi\u0173, drezin\u0173 ir drezin\u0173 k\u0117limo kran\u0173 ma\u0161inistams, turintiems atestacijos pa\u017eym\u0117jim\u0105<\/td><td>Automatrisi\u0173, drezin\u0173 ir drezin\u0173 k\u0117limo kran\u0173 ma\u0161inist\u0173 peratestavimo mokym\u0173 programa<\/td><td>32<\/td><td><strong>Renkamos naujos grup\u0117s nuo 2022 m. gegu\u017e\u0117s 16 d.<\/strong><\/td><\/tr><tr><td>2,<\/td><td>Asmenims, turintiems pagrindin\u012f i\u0161silavinim\u0105, ne jaunesniems kaip 18 met\u0173.<\/td><td>Automotrisi\u0173, drezin\u0173 ir drezin\u0173 k\u0117limo kran\u0173 ma\u0161inisto neformaliojo profesinio mokymo programa<\/td><td>256<\/td><td><strong>Renkamos naujos grup\u0117s nuo 2022 m. lapkri\u010dio 14 d.<\/strong><\/td><\/tr><\/tbody><\/table><p>Praktinis mokymas organizuojamas praktinio mokymo vietose (AB \u201eLTG Infra\u201c padalinuose).<\/p><p>Baigusiems mokym\u0105 ir atestuotiems asmenims prat\u0119siamas\/ i\u0161duodamas atestacijos pa\u017eym\u0117jimas Pagal \u012fmoni\u0173 ar asmen\u0173 pageidavimus kursai organizuojami pageidaujamu laiku.<\/p><p>Kurs\u0173 kaina priklauso nuo tai datai u\u017esiregistravusi\u0173 klausytoj\u0173 skai\u010diaus:<\/p><p>32 val. kursai, esant ne ma\u017eesnei, kaip15 asmen\u0173 grupei 70 EUR asmeniui;<br \/>256 val kursai, esant ne ma\u017eesnei, kaip 15 asmen\u0173 grupei 580 EUR asmeniui;<\/p><p>Kurs\u0173 vykdymo vieta: Vilniaus technologij\u0173 ir dizaino kolegija<\/p><p><strong>Kontaktas pasiteirauti:<\/strong><\/p><p>Laimut\u0117 Sladkevi\u010dien\u0117,\u00a0<a href=\"mailto:l.sladkeviciene@vtdko.lt\">l.sladkeviciene@vtdko.lt<\/a><strong>\u00a0<\/strong><\/p><p><em>Duomen\u0173 valdytojas \u2013 Vilniaus technologij\u0173 ir dizaino kolegija (toliau \u2013 Kolegija), buvein\u0117s adresas \u2013 Antakalnio g. 54, 10303 Vilnius, juridinio asmens kodas \u2013 111967673, direktorius \u2013 dr. Rolandas Vitk\u016bnas. Kolegijos duomen\u0173 apsaugos pareig\u016bno kontaktai \u2013 el. pa\u0161tas\u00a0<a href=\"mailto:dap@vtdko.lt\">dap@vtdko.lt<\/a>, adresas Antakalnio g. 54, 10303 Vilnius.\u00a0<\/em><em>Registracijos metu J\u016bs\u0173 pateikti duomenys bus tvarkomi Studij\u0173 proceso administravimo tikslu (kvie\u010diam\u0173j\u0173 studijuoti pri\u0117mimo \u012f Kolegij\u0105 \u012fforminimas, studijuojan\u010di\u0173j\u0173 (\u012fskaitant klausytojus) studij\u0173 proceso organizavimas ir vykdymas, studij\u0173 baigimo dokument\u0173 i\u0161davimas, studijuojan\u010di\u0173j\u0173 apskaita ir kt.\u00a0<\/em><em>Duomen\u0173 tvarkymo tikslas &#8211; b\u016btina imtis veiksm\u0173 J\u016bs\u0173, kaip duomen\u0173 subjekto, pra\u0161ymu prie\u0161 sudarant sutart\u012f bei b\u016btina tvarkyti duomenis siekiant \u012fvykdyti sutart\u012f, kurios \u0161alimi b\u016bsite J\u016bs.\u00a0<\/em><em>J\u016bs\u0173 pateikti duomenys bus saugomi 10 met\u0173 po sutarties \u012fvykdymo, o po to, i\u0161trinami.\u00a0<\/em><em>Tuo atveju, jeigu nesudarysite klausytojo sutarties, duomenys bus i\u0161trinami per 15 dien\u0173 nuo kurs\u0173 prad\u017eios datos.\u00a0<\/em><em>Tre\u010diosioms valstyb\u0117ms ar tarptautin\u0117ms organizacijoms J\u016bs\u0173 pateikti asmens duomenys nebus perduodami.\u00a0<\/em><em>Detalesn\u0117 informacija apie asmens duomen\u0173 tvarkym\u0105 Kolegijoje pateikiama nuorodoje\u00a0<a href=\"https:\/\/wp.adisoft.lt\/vtdko\/privatumo-politika\/\" target=\"_blank\" rel=\"noopener\">https:\/\/vtdko.lt\/privatumo-politika<\/a><\/em><\/p>\t\t\t\t\t\t<\/div>\n\t\t\t\t<\/div>\n\t\t\t\t<div class=\"elementor-element elementor-element-ca620d7 elementor-button-align-start elementor-widget elementor-widget-form\" data-id=\"ca620d7\" data-element_type=\"widget\" data-settings=\"{&quot;step_next_label&quot;:&quot;Next&quot;,&quot;step_previous_label&quot;:&quot;Previous&quot;,&quot;button_width&quot;:&quot;100&quot;,&quot;step_type&quot;:&quot;number_text&quot;,&quot;step_icon_shape&quot;:&quot;circle&quot;}\" data-widget_type=\"form.default\">\n\t\t\t\t<div class=\"elementor-widget-container\">\n\t\t\t\t\t<form class=\"elementor-form\" method=\"post\" name=\"Kursai gele\u017einkelio transporto darbuotojams\">\n\t\t\t<input type=\"hidden\" name=\"post_id\" value=\"995818\"\/>\n\t\t\t<input type=\"hidden\" name=\"form_id\" value=\"ca620d7\"\/>\n\t\t\t<input type=\"hidden\" name=\"referer_title\" value=\"vtdko\" \/>\n\n\t\t\t\n\t\t\t<div class=\"elementor-form-fields-wrapper elementor-labels-above\">\n\t\t\t\t\t\t\t\t<div class=\"elementor-field-type-text elementor-field-group elementor-column elementor-field-group-name elementor-col-50 elementor-field-required elementor-mark-required\">\n\t\t\t\t\t\t\t\t\t\t\t\t<label for=\"form-field-name\" class=\"elementor-field-label\">\n\t\t\t\t\t\t\t\tVardas\t\t\t\t\t\t\t<\/label>\n\t\t\t\t\t\t\t\t\t\t\t\t\t\t<input size=\"1\" type=\"text\" name=\"form_fields[name]\" id=\"form-field-name\" class=\"elementor-field elementor-size-sm  elementor-field-textual\" placeholder=\"Vardas\" required=\"required\" aria-required=\"true\">\n\t\t\t\t\t\t\t\t\t\t\t<\/div>\n\t\t\t\t\t\t\t\t<div class=\"elementor-field-type-text elementor-field-group elementor-column elementor-field-group-field_719fb31 elementor-col-50 elementor-field-required elementor-mark-required\">\n\t\t\t\t\t\t\t\t\t\t\t\t<label for=\"form-field-field_719fb31\" class=\"elementor-field-label\">\n\t\t\t\t\t\t\t\tPavard\u0117\t\t\t\t\t\t\t<\/label>\n\t\t\t\t\t\t\t\t\t\t\t\t\t\t<input size=\"1\" type=\"text\" name=\"form_fields[field_719fb31]\" id=\"form-field-field_719fb31\" class=\"elementor-field elementor-size-sm  elementor-field-textual\" placeholder=\"Pavard\u0117\" required=\"required\" aria-required=\"true\">\n\t\t\t\t\t\t\t\t\t\t\t<\/div>\n\t\t\t\t\t\t\t\t<div class=\"elementor-field-type-email elementor-field-group elementor-column elementor-field-group-email elementor-col-50 elementor-field-required elementor-mark-required\">\n\t\t\t\t\t\t\t\t\t\t\t\t<label for=\"form-field-email\" class=\"elementor-field-label\">\n\t\t\t\t\t\t\t\tEl. pa\u0161tas\t\t\t\t\t\t\t<\/label>\n\t\t\t\t\t\t\t\t\t\t\t\t\t\t<input size=\"1\" type=\"email\" name=\"form_fields[email]\" id=\"form-field-email\" class=\"elementor-field elementor-size-sm  elementor-field-textual\" placeholder=\"El. pa\u0161tas\" required=\"required\" aria-required=\"true\">\n\t\t\t\t\t\t\t\t\t\t\t<\/div>\n\t\t\t\t\t\t\t\t<div class=\"elementor-field-type-tel elementor-field-group elementor-column elementor-field-group-field_d90b8a8 elementor-col-50\">\n\t\t\t\t\t\t\t\t\t\t\t\t<label for=\"form-field-field_d90b8a8\" class=\"elementor-field-label\">\n\t\t\t\t\t\t\t\tTelefonas\t\t\t\t\t\t\t<\/label>\n\t\t\t\t\t\t\t\t<input size=\"1\" type=\"tel\" name=\"form_fields[field_d90b8a8]\" id=\"form-field-field_d90b8a8\" class=\"elementor-field elementor-size-sm  elementor-field-textual\" placeholder=\"Telefonas\" pattern=\"[0-9()#&amp;+*-=.]+\" title=\"Only numbers and phone characters (#, -, *, etc) are accepted.\">\n\n\t\t\t\t\t\t<\/div>\n\t\t\t\t\t\t\t\t<div class=\"elementor-field-group elementor-column elementor-field-type-submit elementor-col-100 e-form__buttons\">\n\t\t\t\t\t<button type=\"submit\" class=\"elementor-button elementor-size-sm\">\n\t\t\t\t\t\t<span >\n\t\t\t\t\t\t\t\t\t\t\t\t\t\t\t<span class=\" elementor-button-icon\">\n\t\t\t\t\t\t\t\t\t\t\t\t\t\t\t\t\t\t\t\t\t\t\t\t\t\t<\/span>\n\t\t\t\t\t\t\t\t\t\t\t\t\t\t\t\t\t\t\t\t\t\t<span class=\"elementor-button-text\">Registruotis<\/span>\n\t\t\t\t\t\t\t\t\t\t\t\t\t<\/span>\n\t\t\t\t\t<\/button>\n\t\t\t\t<\/div>\n\t\t\t<\/div>\n\t\t<\/form>\n\t\t\t\t<\/div>\n\t\t\t\t<\/div>\n\t\t\t\t\t<\/div>\n\t\t<\/div>\n\t\t\t\t\t\t\t<\/div>\n\t\t<\/section>\n\t\t\t\t<section class=\"elementor-section elementor-top-section elementor-element elementor-element-3d2d2a9 elementor-section-boxed elementor-section-height-default elementor-section-height-default\" data-id=\"3d2d2a9\" data-element_type=\"section\">\n\t\t\t\t\t\t<div class=\"elementor-container elementor-column-gap-default\">\n\t\t\t\t\t<div class=\"elementor-column elementor-col-100 elementor-top-column elementor-element elementor-element-a33d0f3\" data-id=\"a33d0f3\" data-element_type=\"column\">\n\t\t\t<div class=\"elementor-widget-wrap elementor-element-populated\">\n\t\t\t\t\t\t\t\t<div class=\"elementor-element elementor-element-dcedab1 elementor-widget elementor-widget-spacer\" data-id=\"dcedab1\" data-element_type=\"widget\" data-widget_type=\"spacer.default\">\n\t\t\t\t<div class=\"elementor-widget-container\">\n\t\t\t\t\t<div class=\"elementor-spacer\">\n\t\t\t<div class=\"elementor-spacer-inner\"><\/div>\n\t\t<\/div>\n\t\t\t\t<\/div>\n\t\t\t\t<\/div>\n\t\t\t\t\t<\/div>\n\t\t<\/div>\n\t\t\t\t\t\t\t<\/div>\n\t\t<\/section>\n\t\t\t\t\t\t\t<\/div>\n\t\t","protected":false},"excerpt":{"rendered":"<p>Studijuok VTDKO \u010cia hobis virsta profesija! VTDK organizuoja automotrisi\u0173, drezin\u0173 ir drezin\u0173 k\u0117limo kran\u0173 ma\u0161inist\u0173 mokym\u0105\/peratestavim\u0105. Mokymo program\u0173 tikslas \u2013 parengti\/ peratestuoti automotrisi\u0173, drezin\u0173 ir drezin\u0173 k\u0117limo kran\u0173 ma\u0161inist\u0105, gebant\u012f remontuoti, eksploatuoti ir aptarnauti riedmenis bei j\u0173 kranus. Mokymai vykdomi pagal neformalaus profesinio mokymo programas. EilNr. Programos paskirtis Programos pavadinimas Valand\u0173 skai\u010dius Prad\u017eia 1. Automotrisi\u0173,&#8230;<\/p>\n","protected":false},"author":1,"featured_media":0,"parent":995993,"menu_order":0,"comment_status":"closed","ping_status":"closed","template":"","meta":{"inline_featured_image":false,"footnotes":""},"class_list":["post-995818","page","type-page","status-publish","hentry"],"yoast_head":"<!-- This site is optimized with the Yoast SEO plugin v19.12 - https:\/\/yoast.com\/wordpress\/plugins\/seo\/ -->\n<title>Automotrisi\u0173, drezin\u0173 ir drezin\u0173 k\u0117limo kran\u0173 ma\u0161inist\u0173 mokymas\/peratestavimas - vtdko<\/title>\n<meta name=\"robots\" content=\"noindex, follow, max-snippet:-1, max-image-preview:large, max-video-preview:-1\" \/>\n<meta property=\"og:locale\" content=\"en_US\" \/>\n<meta property=\"og:type\" content=\"article\" \/>\n<meta property=\"og:title\" content=\"Automotrisi\u0173, drezin\u0173 ir drezin\u0173 k\u0117limo kran\u0173 ma\u0161inist\u0173 mokymas\/peratestavimas - vtdko\" \/>\n<meta property=\"og:description\" content=\"Studijuok VTDKO \u010cia hobis virsta profesija! VTDK organizuoja automotrisi\u0173, drezin\u0173 ir drezin\u0173 k\u0117limo kran\u0173 ma\u0161inist\u0173 mokym\u0105\/peratestavim\u0105. Mokymo program\u0173 tikslas \u2013 parengti\/ peratestuoti automotrisi\u0173, drezin\u0173 ir drezin\u0173 k\u0117limo kran\u0173 ma\u0161inist\u0105, gebant\u012f remontuoti, eksploatuoti ir aptarnauti riedmenis bei j\u0173 kranus. Mokymai vykdomi pagal neformalaus profesinio mokymo programas. EilNr. Programos paskirtis Programos pavadinimas Valand\u0173 skai\u010dius Prad\u017eia 1. Automotrisi\u0173,...\" \/>\n<meta property=\"og:url\" content=\"https:\/\/wp.adisoft.lt\/vtdko\/en\/visuomenei\/vtdk-kursai\/automotrisiu-drezinu-ir-drezinu-kelimo-kranu-masinistu-mokymas-peratestavimas\/\" \/>\n<meta property=\"og:site_name\" content=\"vtdko\" \/>\n<meta property=\"og:image\" content=\"https:\/\/vtdko.lt\/images\/KURSAI\/traukinio_masinistu_kursai\/Traukinio_masinistu_kursai.png\" \/>\n<meta name=\"twitter:card\" content=\"summary_large_image\" \/>\n<meta name=\"twitter:label1\" content=\"Est. reading time\" \/>\n\t<meta name=\"twitter:data1\" content=\"3 minutes\" \/>\n<script type=\"application\/ld+json\" class=\"yoast-schema-graph\">{\"@context\":\"https:\/\/schema.org\",\"@graph\":[{\"@type\":\"WebPage\",\"@id\":\"https:\/\/wp.adisoft.lt\/vtdko\/en\/visuomenei\/vtdk-kursai\/automotrisiu-drezinu-ir-drezinu-kelimo-kranu-masinistu-mokymas-peratestavimas\/\",\"url\":\"https:\/\/wp.adisoft.lt\/vtdko\/en\/visuomenei\/vtdk-kursai\/automotrisiu-drezinu-ir-drezinu-kelimo-kranu-masinistu-mokymas-peratestavimas\/\",\"name\":\"Automotrisi\u0173, drezin\u0173 ir drezin\u0173 k\u0117limo kran\u0173 ma\u0161inist\u0173 mokymas\/peratestavimas - vtdko\",\"isPartOf\":{\"@id\":\"https:\/\/wp.adisoft.lt\/vtdko\/en\/#website\"},\"datePublished\":\"2022-12-19T08:43:06+00:00\",\"dateModified\":\"2022-12-19T08:43:06+00:00\",\"breadcrumb\":{\"@id\":\"https:\/\/wp.adisoft.lt\/vtdko\/en\/visuomenei\/vtdk-kursai\/automotrisiu-drezinu-ir-drezinu-kelimo-kranu-masinistu-mokymas-peratestavimas\/#breadcrumb\"},\"inLanguage\":\"en-US\",\"potentialAction\":[{\"@type\":\"ReadAction\",\"target\":[\"https:\/\/wp.adisoft.lt\/vtdko\/en\/visuomenei\/vtdk-kursai\/automotrisiu-drezinu-ir-drezinu-kelimo-kranu-masinistu-mokymas-peratestavimas\/\"]}]},{\"@type\":\"BreadcrumbList\",\"@id\":\"https:\/\/wp.adisoft.lt\/vtdko\/en\/visuomenei\/vtdk-kursai\/automotrisiu-drezinu-ir-drezinu-kelimo-kranu-masinistu-mokymas-peratestavimas\/#breadcrumb\",\"itemListElement\":[{\"@type\":\"ListItem\",\"position\":1,\"name\":\"Pagrindinis\",\"item\":\"https:\/\/wp.adisoft.lt\/vtdko\/en\/pagrindinis\/\"},{\"@type\":\"ListItem\",\"position\":2,\"name\":\"Visuomenei\",\"item\":\"https:\/\/wp.adisoft.lt\/vtdko\/en\/visuomenei\/\"},{\"@type\":\"ListItem\",\"position\":3,\"name\":\"VTDK kursai\",\"item\":\"https:\/\/wp.adisoft.lt\/vtdko\/en\/visuomenei\/vtdk-kursai\/\"},{\"@type\":\"ListItem\",\"position\":4,\"name\":\"Automotrisi\u0173, drezin\u0173 ir drezin\u0173 k\u0117limo kran\u0173 ma\u0161inist\u0173 mokymas\/peratestavimas\"}]},{\"@type\":\"WebSite\",\"@id\":\"https:\/\/wp.adisoft.lt\/vtdko\/en\/#website\",\"url\":\"https:\/\/wp.adisoft.lt\/vtdko\/en\/\",\"name\":\"vtdko\",\"description\":\"Vilniaus technologij\u0173 ir dizaino kolegija\",\"publisher\":{\"@id\":\"https:\/\/wp.adisoft.lt\/vtdko\/en\/#organization\"},\"potentialAction\":[{\"@type\":\"SearchAction\",\"target\":{\"@type\":\"EntryPoint\",\"urlTemplate\":\"https:\/\/wp.adisoft.lt\/vtdko\/en\/?s={search_term_string}\"},\"query-input\":\"required name=search_term_string\"}],\"inLanguage\":\"en-US\"},{\"@type\":\"Organization\",\"@id\":\"https:\/\/wp.adisoft.lt\/vtdko\/en\/#organization\",\"name\":\"vtdko\",\"url\":\"https:\/\/wp.adisoft.lt\/vtdko\/en\/\",\"logo\":{\"@type\":\"ImageObject\",\"inLanguage\":\"en-US\",\"@id\":\"https:\/\/wp.adisoft.lt\/vtdko\/en\/#\/schema\/logo\/image\/\",\"url\":\"https:\/\/wp.adisoft.lt\/vtdko\/wp-content\/uploads\/2020\/02\/Logo-su-tekstu-01.svg\",\"contentUrl\":\"https:\/\/wp.adisoft.lt\/vtdko\/wp-content\/uploads\/2020\/02\/Logo-su-tekstu-01.svg\",\"width\":151,\"height\":74,\"caption\":\"vtdko\"},\"image\":{\"@id\":\"https:\/\/wp.adisoft.lt\/vtdko\/en\/#\/schema\/logo\/image\/\"}}]}<\/script>\n<!-- \/ Yoast SEO plugin. -->","yoast_head_json":{"title":"Automotrisi\u0173, drezin\u0173 ir drezin\u0173 k\u0117limo kran\u0173 ma\u0161inist\u0173 mokymas\/peratestavimas - vtdko","robots":{"index":"noindex","follow":"follow","max-snippet":"max-snippet:-1","max-image-preview":"max-image-preview:large","max-video-preview":"max-video-preview:-1"},"og_locale":"en_US","og_type":"article","og_title":"Automotrisi\u0173, drezin\u0173 ir drezin\u0173 k\u0117limo kran\u0173 ma\u0161inist\u0173 mokymas\/peratestavimas - vtdko","og_description":"Studijuok VTDKO \u010cia hobis virsta profesija! VTDK organizuoja automotrisi\u0173, drezin\u0173 ir drezin\u0173 k\u0117limo kran\u0173 ma\u0161inist\u0173 mokym\u0105\/peratestavim\u0105. Mokymo program\u0173 tikslas \u2013 parengti\/ peratestuoti automotrisi\u0173, drezin\u0173 ir drezin\u0173 k\u0117limo kran\u0173 ma\u0161inist\u0105, gebant\u012f remontuoti, eksploatuoti ir aptarnauti riedmenis bei j\u0173 kranus. Mokymai vykdomi pagal neformalaus profesinio mokymo programas. EilNr. Programos paskirtis Programos pavadinimas Valand\u0173 skai\u010dius Prad\u017eia 1. Automotrisi\u0173,...","og_url":"https:\/\/wp.adisoft.lt\/vtdko\/en\/visuomenei\/vtdk-kursai\/automotrisiu-drezinu-ir-drezinu-kelimo-kranu-masinistu-mokymas-peratestavimas\/","og_site_name":"vtdko","og_image":[{"url":"https:\/\/vtdko.lt\/images\/KURSAI\/traukinio_masinistu_kursai\/Traukinio_masinistu_kursai.png"}],"twitter_card":"summary_large_image","twitter_misc":{"Est. reading time":"3 minutes"},"schema":{"@context":"https:\/\/schema.org","@graph":[{"@type":"WebPage","@id":"https:\/\/wp.adisoft.lt\/vtdko\/en\/visuomenei\/vtdk-kursai\/automotrisiu-drezinu-ir-drezinu-kelimo-kranu-masinistu-mokymas-peratestavimas\/","url":"https:\/\/wp.adisoft.lt\/vtdko\/en\/visuomenei\/vtdk-kursai\/automotrisiu-drezinu-ir-drezinu-kelimo-kranu-masinistu-mokymas-peratestavimas\/","name":"Automotrisi\u0173, drezin\u0173 ir drezin\u0173 k\u0117limo kran\u0173 ma\u0161inist\u0173 mokymas\/peratestavimas - vtdko","isPartOf":{"@id":"https:\/\/wp.adisoft.lt\/vtdko\/en\/#website"},"datePublished":"2022-12-19T08:43:06+00:00","dateModified":"2022-12-19T08:43:06+00:00","breadcrumb":{"@id":"https:\/\/wp.adisoft.lt\/vtdko\/en\/visuomenei\/vtdk-kursai\/automotrisiu-drezinu-ir-drezinu-kelimo-kranu-masinistu-mokymas-peratestavimas\/#breadcrumb"},"inLanguage":"en-US","potentialAction":[{"@type":"ReadAction","target":["https:\/\/wp.adisoft.lt\/vtdko\/en\/visuomenei\/vtdk-kursai\/automotrisiu-drezinu-ir-drezinu-kelimo-kranu-masinistu-mokymas-peratestavimas\/"]}]},{"@type":"BreadcrumbList","@id":"https:\/\/wp.adisoft.lt\/vtdko\/en\/visuomenei\/vtdk-kursai\/automotrisiu-drezinu-ir-drezinu-kelimo-kranu-masinistu-mokymas-peratestavimas\/#breadcrumb","itemListElement":[{"@type":"ListItem","position":1,"name":"Pagrindinis","item":"https:\/\/wp.adisoft.lt\/vtdko\/en\/pagrindinis\/"},{"@type":"ListItem","position":2,"name":"Visuomenei","item":"https:\/\/wp.adisoft.lt\/vtdko\/en\/visuomenei\/"},{"@type":"ListItem","position":3,"name":"VTDK kursai","item":"https:\/\/wp.adisoft.lt\/vtdko\/en\/visuomenei\/vtdk-kursai\/"},{"@type":"ListItem","position":4,"name":"Automotrisi\u0173, drezin\u0173 ir drezin\u0173 k\u0117limo kran\u0173 ma\u0161inist\u0173 mokymas\/peratestavimas"}]},{"@type":"WebSite","@id":"https:\/\/wp.adisoft.lt\/vtdko\/en\/#website","url":"https:\/\/wp.adisoft.lt\/vtdko\/en\/","name":"vtdko","description":"Vilniaus technologij\u0173 ir dizaino kolegija","publisher":{"@id":"https:\/\/wp.adisoft.lt\/vtdko\/en\/#organization"},"potentialAction":[{"@type":"SearchAction","target":{"@type":"EntryPoint","urlTemplate":"https:\/\/wp.adisoft.lt\/vtdko\/en\/?s={search_term_string}"},"query-input":"required name=search_term_string"}],"inLanguage":"en-US"},{"@type":"Organization","@id":"https:\/\/wp.adisoft.lt\/vtdko\/en\/#organization","name":"vtdko","url":"https:\/\/wp.adisoft.lt\/vtdko\/en\/","logo":{"@type":"ImageObject","inLanguage":"en-US","@id":"https:\/\/wp.adisoft.lt\/vtdko\/en\/#\/schema\/logo\/image\/","url":"https:\/\/wp.adisoft.lt\/vtdko\/wp-content\/uploads\/2020\/02\/Logo-su-tekstu-01.svg","contentUrl":"https:\/\/wp.adisoft.lt\/vtdko\/wp-content\/uploads\/2020\/02\/Logo-su-tekstu-01.svg","width":151,"height":74,"caption":"vtdko"},"image":{"@id":"https:\/\/wp.adisoft.lt\/vtdko\/en\/#\/schema\/logo\/image\/"}}]}},"_links":{"self":[{"href":"https:\/\/wp.adisoft.lt\/vtdko\/en\/wp-json\/wp\/v2\/pages\/995818","targetHints":{"allow":["GET"]}}],"collection":[{"href":"https:\/\/wp.adisoft.lt\/vtdko\/en\/wp-json\/wp\/v2\/pages"}],"about":[{"href":"https:\/\/wp.adisoft.lt\/vtdko\/en\/wp-json\/wp\/v2\/types\/page"}],"author":[{"embeddable":true,"href":"https:\/\/wp.adisoft.lt\/vtdko\/en\/wp-json\/wp\/v2\/users\/1"}],"replies":[{"embeddable":true,"href":"https:\/\/wp.adisoft.lt\/vtdko\/en\/wp-json\/wp\/v2\/comments?post=995818"}],"version-history":[{"count":0,"href":"https:\/\/wp.adisoft.lt\/vtdko\/en\/wp-json\/wp\/v2\/pages\/995818\/revisions"}],"up":[{"embeddable":true,"href":"https:\/\/wp.adisoft.lt\/vtdko\/en\/wp-json\/wp\/v2\/pages\/995993"}],"wp:attachment":[{"href":"https:\/\/wp.adisoft.lt\/vtdko\/en\/wp-json\/wp\/v2\/media?parent=995818"}],"curies":[{"name":"wp","href":"https:\/\/api.w.org\/{rel}","templated":true}]}}