{"id":995847,"date":"2022-10-26T12:42:54","date_gmt":"2022-10-26T09:42:54","guid":{"rendered":"https:\/\/wp.adisoft.lt\/vtdko\/samatininko-mokymai\/"},"modified":"2022-10-26T12:42:54","modified_gmt":"2022-10-26T09:42:54","slug":"samatininko-mokymai","status":"publish","type":"page","link":"https:\/\/wp.adisoft.lt\/vtdko\/en\/visuomenei\/neformaliojo-mokymo-programos\/samatininko-mokymai\/","title":{"rendered":"S\u0105matininko mokymai"},"content":{"rendered":"\t\t<div data-elementor-type=\"wp-page\" data-elementor-id=\"995847\" class=\"elementor elementor-995847 elementor-991720\">\n\t\t\t\t\t\t\t\t\t<section class=\"elementor-section elementor-top-section elementor-element elementor-element-8f37da3 elementor-section-boxed elementor-section-height-default elementor-section-height-default\" data-id=\"8f37da3\" data-element_type=\"section\">\n\t\t\t\t\t\t<div class=\"elementor-container elementor-column-gap-default\">\n\t\t\t\t\t<div class=\"elementor-column elementor-col-100 elementor-top-column elementor-element elementor-element-076b17f\" data-id=\"076b17f\" data-element_type=\"column\">\n\t\t\t<div class=\"elementor-widget-wrap elementor-element-populated\">\n\t\t\t\t\t\t\t\t\t<\/div>\n\t\t<\/div>\n\t\t\t\t\t\t\t<\/div>\n\t\t<\/section>\n\t\t\t\t<section class=\"elementor-section elementor-top-section elementor-element elementor-element-64e2867 elementor-section-boxed elementor-section-height-default elementor-section-height-default\" data-id=\"64e2867\" data-element_type=\"section\">\n\t\t\t\t\t\t<div class=\"elementor-container elementor-column-gap-default\">\n\t\t\t\t\t<div class=\"elementor-column elementor-col-100 elementor-top-column elementor-element elementor-element-8032361\" data-id=\"8032361\" data-element_type=\"column\">\n\t\t\t<div class=\"elementor-widget-wrap elementor-element-populated\">\n\t\t\t\t\t\t\t\t<div class=\"elementor-element elementor-element-77b5c7b elementor-widget elementor-widget-text-editor\" data-id=\"77b5c7b\" data-element_type=\"widget\" data-widget_type=\"text-editor.default\">\n\t\t\t\t<div class=\"elementor-widget-container\">\n\t\t\t\t\t\t\t<p>Teorinio ir praktinio mokymo trukm\u0117:\u00a0<strong>56 ak.val.<\/strong><\/p><p>Vieta: Antakalnio g. 54, Vilnius.<\/p><p>Grup\u0117 renkama kiekvien\u0105 m\u0117nes\u012f. Planuojama artimiausi\u0173 mokym\u0173 prad\u017eia: 2022 m. rugs\u0117jo 12 d.<\/p><p>Mokymai vyksta surinkus ne ma\u017eesn\u0119 nei 5 klausytoj\u0173 grup\u0119. Galimi ir indvidual\u016bs mokymai pagal atskir\u0105 susitarim\u0105.<\/p><p>S\u0117kmingai baigus mokymus i\u0161duodamas pa\u017eym\u0117jimas ir akademin\u0117 pa\u017eyma.<\/p><p><a href=\"https:\/\/www.aikos.smm.lt\/Registrai\/Kvalifikacijos-tobulinimo-programos\/_layouts\/15\/Asw.Aikos.RegisterSearch\/ObjectFormResult.aspx?o=KTP&amp;f=KTProg&amp;key=181369&amp;pt=of&amp;ctx_sr=HgZ9eHhSO1JCtXEMkZ3pk2KiK1s%3d\" target=\"_blank\" rel=\"noopener\">Programos apra\u0161ymas<\/a><\/p><p><strong>Informacija pasiteiravimui:<\/strong><\/p><p>Airida Tylien\u0117, Statybos fakulteto prodekan\u0117<\/p><p>el.pa\u0161tu\u00a0<a href=\"mailto:a.tyliene@vtdko.lt\">a.tyliene@vtdko.lt<\/a><\/p><p>tel. <a href=\"tel:+37052341490\" target=\"_blank\" rel=\"noopener\">(8 5) 234 1490<\/a><\/p><p>Registracijos patvirtinim\u0105 ir kit\u0105 su mokymais susijusi\u0105 informacij\u0105 gausite per penkias darbo dienas.<\/p><p>Pastaba: gavus registracijos patvirtinim\u0105, pra\u0161ome pervesti nurodyt\u0105 asmens mokymo kain\u0105 \u012f Vilniaus technologij\u0173 ir dizaino kolegijos, \u012fmon\u0117s kodas 111967673, s\u0105skait\u0105. AB bankas Swedbank, kodas 73000. S\u0105skaitos Nr.: LT877300010074142865. \u012emokos, mokes\u010dio kodas 103056.<\/p><p><em>Duomen\u0173 valdytojas \u2013 Vilniaus technologij\u0173 ir dizaino kolegija (toliau \u2013 Kolegija), buvein\u0117s adresas \u2013 Antakalnio g. 54, 10303 Vilnius, juridinio asmens kodas \u2013 111967673, direktorius \u2013 dr. Rolandas Vitk\u016bnas. Kolegijos duomen\u0173 apsaugos pareig\u016bno kontaktai \u2013 el. pa\u0161tas\u00a0<a href=\"mailto:dap@vtdko.lt\">dap@vtdko.lt<\/a>, adresas Antakalnio g. 54, 10303 Vilnius.\u00a0<\/em><em>Registracijos metu J\u016bs\u0173 pateikti duomenys bus tvarkomi Studij\u0173 proceso administravimo tikslu (kvie\u010diam\u0173j\u0173 studijuoti pri\u0117mimo \u012f Kolegij\u0105 \u012fforminimas, studijuojan\u010di\u0173j\u0173 (\u012fskaitant klausytojus) studij\u0173 proceso organizavimas ir vykdymas, studij\u0173 baigimo dokument\u0173 i\u0161davimas, studijuojan\u010di\u0173j\u0173 apskaita ir kt.\u00a0<\/em><em>Duomen\u0173 tvarkymo tikslas &#8211; b\u016btina imtis veiksm\u0173 J\u016bs\u0173, kaip duomen\u0173 subjekto, pra\u0161ymu prie\u0161 sudarant sutart\u012f bei b\u016btina tvarkyti duomenis siekiant \u012fvykdyti sutart\u012f, kurios \u0161alimi b\u016bsite J\u016bs.\u00a0<\/em><em>J\u016bs\u0173 pateikti duomenys bus saugomi 10 met\u0173 po sutarties \u012fvykdymo, o po to, i\u0161trinami.\u00a0<\/em><em>Tuo atveju, jeigu nesudarysite klausytojo sutarties, duomenys bus i\u0161trinami per 15 dien\u0173 nuo kurs\u0173 prad\u017eios datos.\u00a0<\/em><em>Tre\u010diosioms valstyb\u0117ms ar tarptautin\u0117ms organizacijoms J\u016bs\u0173 pateikti asmens duomenys nebus perduodami.\u00a0<\/em><em>Detalesn\u0117 informacija apie asmens duomen\u0173 tvarkym\u0105 Kolegijoje pateikiama nuorodoje\u00a0<a href=\"https:\/\/wp.adisoft.lt\/vtdko\/privatumo-politika\/\" target=\"_blank\" rel=\"noopener\">https:\/\/vtdko.lt\/privatumo-politika<\/a><\/em><\/p>\t\t\t\t\t\t<\/div>\n\t\t\t\t<\/div>\n\t\t\t\t<div class=\"elementor-element elementor-element-57de1c0 elementor-button-align-start elementor-widget elementor-widget-form\" data-id=\"57de1c0\" data-element_type=\"widget\" data-settings=\"{&quot;step_next_label&quot;:&quot;Next&quot;,&quot;step_previous_label&quot;:&quot;Previous&quot;,&quot;button_width&quot;:&quot;100&quot;,&quot;step_type&quot;:&quot;number_text&quot;,&quot;step_icon_shape&quot;:&quot;circle&quot;}\" data-widget_type=\"form.default\">\n\t\t\t\t<div class=\"elementor-widget-container\">\n\t\t\t\t\t<form class=\"elementor-form\" method=\"post\" name=\"Neformalus - S\u0105matininko mokymai\">\n\t\t\t<input type=\"hidden\" name=\"post_id\" value=\"995847\"\/>\n\t\t\t<input type=\"hidden\" name=\"form_id\" value=\"57de1c0\"\/>\n\t\t\t<input type=\"hidden\" name=\"referer_title\" value=\"vtdko\" \/>\n\n\t\t\t\n\t\t\t<div class=\"elementor-form-fields-wrapper elementor-labels-above\">\n\t\t\t\t\t\t\t\t<div class=\"elementor-field-type-text elementor-field-group elementor-column elementor-field-group-name elementor-col-50 elementor-field-required elementor-mark-required\">\n\t\t\t\t\t\t\t\t\t\t\t\t<label for=\"form-field-name\" class=\"elementor-field-label\">\n\t\t\t\t\t\t\t\tVardas\t\t\t\t\t\t\t<\/label>\n\t\t\t\t\t\t\t\t\t\t\t\t\t\t<input size=\"1\" type=\"text\" name=\"form_fields[name]\" id=\"form-field-name\" class=\"elementor-field elementor-size-sm  elementor-field-textual\" placeholder=\"Vardas\" required=\"required\" aria-required=\"true\">\n\t\t\t\t\t\t\t\t\t\t\t<\/div>\n\t\t\t\t\t\t\t\t<div class=\"elementor-field-type-text elementor-field-group elementor-column elementor-field-group-field_719fb31 elementor-col-50 elementor-field-required elementor-mark-required\">\n\t\t\t\t\t\t\t\t\t\t\t\t<label for=\"form-field-field_719fb31\" class=\"elementor-field-label\">\n\t\t\t\t\t\t\t\tPavard\u0117\t\t\t\t\t\t\t<\/label>\n\t\t\t\t\t\t\t\t\t\t\t\t\t\t<input size=\"1\" type=\"text\" name=\"form_fields[field_719fb31]\" id=\"form-field-field_719fb31\" class=\"elementor-field elementor-size-sm  elementor-field-textual\" placeholder=\"Pavard\u0117\" required=\"required\" aria-required=\"true\">\n\t\t\t\t\t\t\t\t\t\t\t<\/div>\n\t\t\t\t\t\t\t\t<div class=\"elementor-field-type-email elementor-field-group elementor-column elementor-field-group-email elementor-col-50 elementor-field-required elementor-mark-required\">\n\t\t\t\t\t\t\t\t\t\t\t\t<label for=\"form-field-email\" class=\"elementor-field-label\">\n\t\t\t\t\t\t\t\tEl. pa\u0161tas\t\t\t\t\t\t\t<\/label>\n\t\t\t\t\t\t\t\t\t\t\t\t\t\t<input size=\"1\" type=\"email\" name=\"form_fields[email]\" id=\"form-field-email\" class=\"elementor-field elementor-size-sm  elementor-field-textual\" placeholder=\"El. pa\u0161tas\" required=\"required\" aria-required=\"true\">\n\t\t\t\t\t\t\t\t\t\t\t<\/div>\n\t\t\t\t\t\t\t\t<div class=\"elementor-field-type-tel elementor-field-group elementor-column elementor-field-group-field_d90b8a8 elementor-col-50\">\n\t\t\t\t\t\t\t\t\t\t\t\t<label for=\"form-field-field_d90b8a8\" class=\"elementor-field-label\">\n\t\t\t\t\t\t\t\tTelefonas\t\t\t\t\t\t\t<\/label>\n\t\t\t\t\t\t\t\t<input size=\"1\" type=\"tel\" name=\"form_fields[field_d90b8a8]\" id=\"form-field-field_d90b8a8\" class=\"elementor-field elementor-size-sm  elementor-field-textual\" placeholder=\"Telefonas\" pattern=\"[0-9()#&amp;+*-=.]+\" title=\"Only numbers and phone characters (#, -, *, etc) are accepted.\">\n\n\t\t\t\t\t\t<\/div>\n\t\t\t\t\t\t\t\t<div class=\"elementor-field-group elementor-column elementor-field-type-submit elementor-col-100 e-form__buttons\">\n\t\t\t\t\t<button type=\"submit\" class=\"elementor-button elementor-size-sm\">\n\t\t\t\t\t\t<span >\n\t\t\t\t\t\t\t\t\t\t\t\t\t\t\t<span class=\" elementor-button-icon\">\n\t\t\t\t\t\t\t\t\t\t\t\t\t\t\t\t\t\t\t\t\t\t\t\t\t\t<\/span>\n\t\t\t\t\t\t\t\t\t\t\t\t\t\t\t\t\t\t\t\t\t\t<span class=\"elementor-button-text\">Registruotis<\/span>\n\t\t\t\t\t\t\t\t\t\t\t\t\t<\/span>\n\t\t\t\t\t<\/button>\n\t\t\t\t<\/div>\n\t\t\t<\/div>\n\t\t<\/form>\n\t\t\t\t<\/div>\n\t\t\t\t<\/div>\n\t\t\t\t\t<\/div>\n\t\t<\/div>\n\t\t\t\t\t\t\t<\/div>\n\t\t<\/section>\n\t\t\t\t<section class=\"elementor-section elementor-top-section elementor-element elementor-element-3d2d2a9 elementor-section-boxed elementor-section-height-default elementor-section-height-default\" data-id=\"3d2d2a9\" data-element_type=\"section\">\n\t\t\t\t\t\t<div class=\"elementor-container elementor-column-gap-default\">\n\t\t\t\t\t<div class=\"elementor-column elementor-col-100 elementor-top-column elementor-element elementor-element-a33d0f3\" data-id=\"a33d0f3\" data-element_type=\"column\">\n\t\t\t<div class=\"elementor-widget-wrap elementor-element-populated\">\n\t\t\t\t\t\t\t\t<div class=\"elementor-element elementor-element-dcedab1 elementor-widget elementor-widget-spacer\" data-id=\"dcedab1\" data-element_type=\"widget\" data-widget_type=\"spacer.default\">\n\t\t\t\t<div class=\"elementor-widget-container\">\n\t\t\t\t\t<div class=\"elementor-spacer\">\n\t\t\t<div class=\"elementor-spacer-inner\"><\/div>\n\t\t<\/div>\n\t\t\t\t<\/div>\n\t\t\t\t<\/div>\n\t\t\t\t\t<\/div>\n\t\t<\/div>\n\t\t\t\t\t\t\t<\/div>\n\t\t<\/section>\n\t\t\t\t\t\t\t<\/div>\n\t\t","protected":false},"excerpt":{"rendered":"<p>Teorinio ir praktinio mokymo trukm\u0117:\u00a056 ak.val. Vieta: Antakalnio g. 54, Vilnius. Grup\u0117 renkama kiekvien\u0105 m\u0117nes\u012f. Planuojama artimiausi\u0173 mokym\u0173 prad\u017eia: 2022 m. rugs\u0117jo 12 d. Mokymai vyksta surinkus ne ma\u017eesn\u0119 nei 5 klausytoj\u0173 grup\u0119. Galimi ir indvidual\u016bs mokymai pagal atskir\u0105 susitarim\u0105. S\u0117kmingai baigus mokymus i\u0161duodamas pa\u017eym\u0117jimas ir akademin\u0117 pa\u017eyma. Programos apra\u0161ymas Informacija pasiteiravimui: Airida Tylien\u0117, Statybos&#8230;<\/p>\n","protected":false},"author":1,"featured_media":0,"parent":995865,"menu_order":0,"comment_status":"closed","ping_status":"closed","template":"","meta":{"inline_featured_image":false,"footnotes":""},"class_list":["post-995847","page","type-page","status-publish","hentry"],"yoast_head":"<!-- This site is optimized with the Yoast SEO plugin v19.12 - https:\/\/yoast.com\/wordpress\/plugins\/seo\/ -->\n<title>S\u0105matininko mokymai - vtdko<\/title>\n<meta name=\"robots\" content=\"noindex, follow, max-snippet:-1, max-image-preview:large, max-video-preview:-1\" \/>\n<meta property=\"og:locale\" content=\"en_US\" \/>\n<meta property=\"og:type\" content=\"article\" \/>\n<meta property=\"og:title\" content=\"S\u0105matininko mokymai - vtdko\" \/>\n<meta property=\"og:description\" content=\"Teorinio ir praktinio mokymo trukm\u0117:\u00a056 ak.val. Vieta: Antakalnio g. 54, Vilnius. Grup\u0117 renkama kiekvien\u0105 m\u0117nes\u012f. Planuojama artimiausi\u0173 mokym\u0173 prad\u017eia: 2022 m. rugs\u0117jo 12 d. Mokymai vyksta surinkus ne ma\u017eesn\u0119 nei 5 klausytoj\u0173 grup\u0119. Galimi ir indvidual\u016bs mokymai pagal atskir\u0105 susitarim\u0105. S\u0117kmingai baigus mokymus i\u0161duodamas pa\u017eym\u0117jimas ir akademin\u0117 pa\u017eyma. Programos apra\u0161ymas Informacija pasiteiravimui: Airida Tylien\u0117, Statybos...\" \/>\n<meta property=\"og:url\" content=\"https:\/\/wp.adisoft.lt\/vtdko\/en\/visuomenei\/neformaliojo-mokymo-programos\/samatininko-mokymai\/\" \/>\n<meta property=\"og:site_name\" content=\"vtdko\" \/>\n<meta name=\"twitter:card\" content=\"summary_large_image\" \/>\n<meta name=\"twitter:label1\" content=\"Est. reading time\" \/>\n\t<meta name=\"twitter:data1\" content=\"1 minute\" \/>\n<script type=\"application\/ld+json\" class=\"yoast-schema-graph\">{\"@context\":\"https:\/\/schema.org\",\"@graph\":[{\"@type\":\"WebPage\",\"@id\":\"https:\/\/wp.adisoft.lt\/vtdko\/en\/visuomenei\/neformaliojo-mokymo-programos\/samatininko-mokymai\/\",\"url\":\"https:\/\/wp.adisoft.lt\/vtdko\/en\/visuomenei\/neformaliojo-mokymo-programos\/samatininko-mokymai\/\",\"name\":\"S\u0105matininko mokymai - vtdko\",\"isPartOf\":{\"@id\":\"https:\/\/wp.adisoft.lt\/vtdko\/en\/#website\"},\"datePublished\":\"2022-10-26T09:42:54+00:00\",\"dateModified\":\"2022-10-26T09:42:54+00:00\",\"breadcrumb\":{\"@id\":\"https:\/\/wp.adisoft.lt\/vtdko\/en\/visuomenei\/neformaliojo-mokymo-programos\/samatininko-mokymai\/#breadcrumb\"},\"inLanguage\":\"en-US\",\"potentialAction\":[{\"@type\":\"ReadAction\",\"target\":[\"https:\/\/wp.adisoft.lt\/vtdko\/en\/visuomenei\/neformaliojo-mokymo-programos\/samatininko-mokymai\/\"]}]},{\"@type\":\"BreadcrumbList\",\"@id\":\"https:\/\/wp.adisoft.lt\/vtdko\/en\/visuomenei\/neformaliojo-mokymo-programos\/samatininko-mokymai\/#breadcrumb\",\"itemListElement\":[{\"@type\":\"ListItem\",\"position\":1,\"name\":\"Pagrindinis\",\"item\":\"https:\/\/wp.adisoft.lt\/vtdko\/en\/pagrindinis\/\"},{\"@type\":\"ListItem\",\"position\":2,\"name\":\"Visuomenei\",\"item\":\"https:\/\/wp.adisoft.lt\/vtdko\/en\/visuomenei\/\"},{\"@type\":\"ListItem\",\"position\":3,\"name\":\"Neformaliojo mokymo programos\",\"item\":\"https:\/\/wp.adisoft.lt\/vtdko\/en\/visuomenei\/neformaliojo-mokymo-programos\/\"},{\"@type\":\"ListItem\",\"position\":4,\"name\":\"S\u0105matininko mokymai\"}]},{\"@type\":\"WebSite\",\"@id\":\"https:\/\/wp.adisoft.lt\/vtdko\/en\/#website\",\"url\":\"https:\/\/wp.adisoft.lt\/vtdko\/en\/\",\"name\":\"vtdko\",\"description\":\"Vilniaus technologij\u0173 ir dizaino kolegija\",\"publisher\":{\"@id\":\"https:\/\/wp.adisoft.lt\/vtdko\/en\/#organization\"},\"potentialAction\":[{\"@type\":\"SearchAction\",\"target\":{\"@type\":\"EntryPoint\",\"urlTemplate\":\"https:\/\/wp.adisoft.lt\/vtdko\/en\/?s={search_term_string}\"},\"query-input\":\"required name=search_term_string\"}],\"inLanguage\":\"en-US\"},{\"@type\":\"Organization\",\"@id\":\"https:\/\/wp.adisoft.lt\/vtdko\/en\/#organization\",\"name\":\"vtdko\",\"url\":\"https:\/\/wp.adisoft.lt\/vtdko\/en\/\",\"logo\":{\"@type\":\"ImageObject\",\"inLanguage\":\"en-US\",\"@id\":\"https:\/\/wp.adisoft.lt\/vtdko\/en\/#\/schema\/logo\/image\/\",\"url\":\"https:\/\/wp.adisoft.lt\/vtdko\/wp-content\/uploads\/2020\/02\/Logo-su-tekstu-01.svg\",\"contentUrl\":\"https:\/\/wp.adisoft.lt\/vtdko\/wp-content\/uploads\/2020\/02\/Logo-su-tekstu-01.svg\",\"width\":151,\"height\":74,\"caption\":\"vtdko\"},\"image\":{\"@id\":\"https:\/\/wp.adisoft.lt\/vtdko\/en\/#\/schema\/logo\/image\/\"}}]}<\/script>\n<!-- \/ Yoast SEO plugin. -->","yoast_head_json":{"title":"S\u0105matininko mokymai - vtdko","robots":{"index":"noindex","follow":"follow","max-snippet":"max-snippet:-1","max-image-preview":"max-image-preview:large","max-video-preview":"max-video-preview:-1"},"og_locale":"en_US","og_type":"article","og_title":"S\u0105matininko mokymai - vtdko","og_description":"Teorinio ir praktinio mokymo trukm\u0117:\u00a056 ak.val. Vieta: Antakalnio g. 54, Vilnius. Grup\u0117 renkama kiekvien\u0105 m\u0117nes\u012f. Planuojama artimiausi\u0173 mokym\u0173 prad\u017eia: 2022 m. rugs\u0117jo 12 d. Mokymai vyksta surinkus ne ma\u017eesn\u0119 nei 5 klausytoj\u0173 grup\u0119. Galimi ir indvidual\u016bs mokymai pagal atskir\u0105 susitarim\u0105. S\u0117kmingai baigus mokymus i\u0161duodamas pa\u017eym\u0117jimas ir akademin\u0117 pa\u017eyma. Programos apra\u0161ymas Informacija pasiteiravimui: Airida Tylien\u0117, Statybos...","og_url":"https:\/\/wp.adisoft.lt\/vtdko\/en\/visuomenei\/neformaliojo-mokymo-programos\/samatininko-mokymai\/","og_site_name":"vtdko","twitter_card":"summary_large_image","twitter_misc":{"Est. reading time":"1 minute"},"schema":{"@context":"https:\/\/schema.org","@graph":[{"@type":"WebPage","@id":"https:\/\/wp.adisoft.lt\/vtdko\/en\/visuomenei\/neformaliojo-mokymo-programos\/samatininko-mokymai\/","url":"https:\/\/wp.adisoft.lt\/vtdko\/en\/visuomenei\/neformaliojo-mokymo-programos\/samatininko-mokymai\/","name":"S\u0105matininko mokymai - vtdko","isPartOf":{"@id":"https:\/\/wp.adisoft.lt\/vtdko\/en\/#website"},"datePublished":"2022-10-26T09:42:54+00:00","dateModified":"2022-10-26T09:42:54+00:00","breadcrumb":{"@id":"https:\/\/wp.adisoft.lt\/vtdko\/en\/visuomenei\/neformaliojo-mokymo-programos\/samatininko-mokymai\/#breadcrumb"},"inLanguage":"en-US","potentialAction":[{"@type":"ReadAction","target":["https:\/\/wp.adisoft.lt\/vtdko\/en\/visuomenei\/neformaliojo-mokymo-programos\/samatininko-mokymai\/"]}]},{"@type":"BreadcrumbList","@id":"https:\/\/wp.adisoft.lt\/vtdko\/en\/visuomenei\/neformaliojo-mokymo-programos\/samatininko-mokymai\/#breadcrumb","itemListElement":[{"@type":"ListItem","position":1,"name":"Pagrindinis","item":"https:\/\/wp.adisoft.lt\/vtdko\/en\/pagrindinis\/"},{"@type":"ListItem","position":2,"name":"Visuomenei","item":"https:\/\/wp.adisoft.lt\/vtdko\/en\/visuomenei\/"},{"@type":"ListItem","position":3,"name":"Neformaliojo mokymo programos","item":"https:\/\/wp.adisoft.lt\/vtdko\/en\/visuomenei\/neformaliojo-mokymo-programos\/"},{"@type":"ListItem","position":4,"name":"S\u0105matininko mokymai"}]},{"@type":"WebSite","@id":"https:\/\/wp.adisoft.lt\/vtdko\/en\/#website","url":"https:\/\/wp.adisoft.lt\/vtdko\/en\/","name":"vtdko","description":"Vilniaus technologij\u0173 ir dizaino kolegija","publisher":{"@id":"https:\/\/wp.adisoft.lt\/vtdko\/en\/#organization"},"potentialAction":[{"@type":"SearchAction","target":{"@type":"EntryPoint","urlTemplate":"https:\/\/wp.adisoft.lt\/vtdko\/en\/?s={search_term_string}"},"query-input":"required name=search_term_string"}],"inLanguage":"en-US"},{"@type":"Organization","@id":"https:\/\/wp.adisoft.lt\/vtdko\/en\/#organization","name":"vtdko","url":"https:\/\/wp.adisoft.lt\/vtdko\/en\/","logo":{"@type":"ImageObject","inLanguage":"en-US","@id":"https:\/\/wp.adisoft.lt\/vtdko\/en\/#\/schema\/logo\/image\/","url":"https:\/\/wp.adisoft.lt\/vtdko\/wp-content\/uploads\/2020\/02\/Logo-su-tekstu-01.svg","contentUrl":"https:\/\/wp.adisoft.lt\/vtdko\/wp-content\/uploads\/2020\/02\/Logo-su-tekstu-01.svg","width":151,"height":74,"caption":"vtdko"},"image":{"@id":"https:\/\/wp.adisoft.lt\/vtdko\/en\/#\/schema\/logo\/image\/"}}]}},"_links":{"self":[{"href":"https:\/\/wp.adisoft.lt\/vtdko\/en\/wp-json\/wp\/v2\/pages\/995847","targetHints":{"allow":["GET"]}}],"collection":[{"href":"https:\/\/wp.adisoft.lt\/vtdko\/en\/wp-json\/wp\/v2\/pages"}],"about":[{"href":"https:\/\/wp.adisoft.lt\/vtdko\/en\/wp-json\/wp\/v2\/types\/page"}],"author":[{"embeddable":true,"href":"https:\/\/wp.adisoft.lt\/vtdko\/en\/wp-json\/wp\/v2\/users\/1"}],"replies":[{"embeddable":true,"href":"https:\/\/wp.adisoft.lt\/vtdko\/en\/wp-json\/wp\/v2\/comments?post=995847"}],"version-history":[{"count":0,"href":"https:\/\/wp.adisoft.lt\/vtdko\/en\/wp-json\/wp\/v2\/pages\/995847\/revisions"}],"up":[{"embeddable":true,"href":"https:\/\/wp.adisoft.lt\/vtdko\/en\/wp-json\/wp\/v2\/pages\/995865"}],"wp:attachment":[{"href":"https:\/\/wp.adisoft.lt\/vtdko\/en\/wp-json\/wp\/v2\/media?parent=995847"}],"curies":[{"name":"wp","href":"https:\/\/api.w.org\/{rel}","templated":true}]}}