{"id":995900,"date":"2022-10-26T09:13:36","date_gmt":"2022-10-26T06:13:36","guid":{"rendered":"https:\/\/wp.adisoft.lt\/vtdko\/registravimo-tvarka\/"},"modified":"2022-10-26T09:13:36","modified_gmt":"2022-10-26T06:13:36","slug":"registravimo-tvarka","status":"publish","type":"page","link":"https:\/\/wp.adisoft.lt\/vtdko\/en\/biblioteka\/mokslas-publikacijos-citavimas\/registravimo-tvarka\/","title":{"rendered":"Publikacij\u0173 registravimo tvarka"},"content":{"rendered":"\t\t<div data-elementor-type=\"wp-page\" data-elementor-id=\"995900\" class=\"elementor elementor-995900 elementor-991432\">\n\t\t\t\t\t\t\t\t\t<section class=\"elementor-section elementor-top-section elementor-element elementor-element-ceec1bc elementor-section-height-min-height elementor-section-boxed elementor-section-height-default elementor-section-items-middle\" data-id=\"ceec1bc\" data-element_type=\"section\" data-settings=\"{&quot;background_background&quot;:&quot;classic&quot;,&quot;animation&quot;:&quot;none&quot;}\">\n\t\t\t\t\t\t<div class=\"elementor-container elementor-column-gap-default\">\n\t\t\t\t\t<div class=\"elementor-column elementor-col-100 elementor-top-column elementor-element elementor-element-ee10ae8\" data-id=\"ee10ae8\" data-element_type=\"column\" data-settings=\"{&quot;background_background&quot;:&quot;classic&quot;}\">\n\t\t\t<div class=\"elementor-widget-wrap\">\n\t\t\t\t\t\t\t\t\t<\/div>\n\t\t<\/div>\n\t\t\t\t\t\t\t<\/div>\n\t\t<\/section>\n\t\t\t\t<section class=\"elementor-section elementor-top-section elementor-element elementor-element-98fd42d elementor-section-boxed elementor-section-height-default elementor-section-height-default\" data-id=\"98fd42d\" data-element_type=\"section\" data-settings=\"{&quot;animation&quot;:&quot;none&quot;,&quot;animation_tablet&quot;:&quot;none&quot;,&quot;animation_mobile&quot;:&quot;none&quot;}\">\n\t\t\t\t\t\t<div class=\"elementor-container elementor-column-gap-no\">\n\t\t\t\t\t<div class=\"elementor-column elementor-col-50 elementor-top-column elementor-element elementor-element-95246c2 animated-fast elementor-invisible\" data-id=\"95246c2\" data-element_type=\"column\" data-settings=\"{&quot;background_background&quot;:&quot;classic&quot;,&quot;animation&quot;:&quot;fadeIn&quot;,&quot;animation_delay&quot;:100}\">\n\t\t\t<div class=\"elementor-widget-wrap elementor-element-populated\">\n\t\t\t\t\t\t\t\t<div class=\"elementor-element elementor-element-dec713a elementor-widget__width-auto elementor-widget-tablet__width-auto elementor-widget-mobile__width-inherit elementor-widget elementor-widget-heading\" data-id=\"dec713a\" data-element_type=\"widget\" data-settings=\"{&quot;_animation&quot;:&quot;none&quot;,&quot;_animation_delay&quot;:200}\" data-widget_type=\"heading.heading_charityfy\">\n\t\t\t\t<div class=\"elementor-widget-container\">\n\t\t\t<h1 class=\"elementor-heading-title elementor-size-default\">Publikacij\u0173 registravimo tvarka<\/h1>\t\t<\/div>\n\t\t\t\t<\/div>\n\t\t\t\t<div class=\"elementor-element elementor-element-8553499 elementor-widget elementor-widget-text-editor\" data-id=\"8553499\" data-element_type=\"widget\" data-settings=\"{&quot;_animation&quot;:&quot;none&quot;,&quot;_animation_delay&quot;:300}\" data-widget_type=\"text-editor.default\">\n\t\t\t\t<div class=\"elementor-widget-container\">\n\t\t\t\t\t\t\t<p>Vilniaus technologij\u0173 ir dizaino kolegija \u2013 \u010dia hobis virsta profesija!<\/p>\t\t\t\t\t\t<\/div>\n\t\t\t\t<\/div>\n\t\t\t\t\t<\/div>\n\t\t<\/div>\n\t\t\t\t<div class=\"elementor-column elementor-col-50 elementor-top-column elementor-element elementor-element-0e7442a elementor-hidden-desktop elementor-hidden-tablet elementor-hidden-phone\" data-id=\"0e7442a\" data-element_type=\"column\">\n\t\t\t<div class=\"elementor-widget-wrap\">\n\t\t\t\t\t\t\t\t\t<\/div>\n\t\t<\/div>\n\t\t\t\t\t\t\t<\/div>\n\t\t<\/section>\n\t\t\t\t<section class=\"elementor-section elementor-top-section elementor-element elementor-element-8f37da3 elementor-section-boxed elementor-section-height-default elementor-section-height-default\" data-id=\"8f37da3\" data-element_type=\"section\">\n\t\t\t\t\t\t<div class=\"elementor-container elementor-column-gap-default\">\n\t\t\t\t\t<div class=\"elementor-column elementor-col-100 elementor-top-column elementor-element elementor-element-076b17f\" data-id=\"076b17f\" data-element_type=\"column\">\n\t\t\t<div class=\"elementor-widget-wrap elementor-element-populated\">\n\t\t\t\t\t\t\t\t<div class=\"elementor-element elementor-element-2c47eb7 elementor-widget elementor-widget-spacer\" data-id=\"2c47eb7\" data-element_type=\"widget\" data-widget_type=\"spacer.default\">\n\t\t\t\t<div class=\"elementor-widget-container\">\n\t\t\t\t\t<div class=\"elementor-spacer\">\n\t\t\t<div class=\"elementor-spacer-inner\"><\/div>\n\t\t<\/div>\n\t\t\t\t<\/div>\n\t\t\t\t<\/div>\n\t\t\t\t\t<\/div>\n\t\t<\/div>\n\t\t\t\t\t\t\t<\/div>\n\t\t<\/section>\n\t\t\t\t<section class=\"elementor-section elementor-top-section elementor-element elementor-element-64e2867 elementor-section-boxed elementor-section-height-default elementor-section-height-default\" data-id=\"64e2867\" data-element_type=\"section\">\n\t\t\t\t\t\t<div class=\"elementor-container elementor-column-gap-default\">\n\t\t\t\t\t<div class=\"elementor-column elementor-col-100 elementor-top-column elementor-element elementor-element-8032361\" data-id=\"8032361\" data-element_type=\"column\">\n\t\t\t<div class=\"elementor-widget-wrap elementor-element-populated\">\n\t\t\t\t\t\t\t\t<div class=\"elementor-element elementor-element-77b5c7b elementor-widget elementor-widget-text-editor\" data-id=\"77b5c7b\" data-element_type=\"widget\" data-widget_type=\"text-editor.default\">\n\t\t\t\t<div class=\"elementor-widget-container\">\n\t\t\t\t\t\t\t<p><strong>KUR nuo \u0161iol registruojamos mokslo publikacijos?<\/strong><\/p><p>Nuo 2017 m. rugs\u0117jo m\u0117n. Vilniaus technologij\u0173 ir dizaino kolegijos\u00a0darbuotoj\u0173 mokslo publikacijos (toliau \u2013 publikacijos) registruojamos\u00a0<a href=\"https:\/\/www.elaba.lt\/elaba-portal\/\">Lietuvos akademin\u0117s elektronin\u0117s bibliotekos informacin\u0117je sistemoje<\/a>\u00a0(toliau \u2013 eLABa), kur skelbiami bibliografiniai u\u017eregistruot\u0173 publikacij\u0173 duomenys ir visateks\u010diai dokumentai.<\/p><p><strong>KAM bus naudojama informacija?<\/strong><\/p><p>Pagal eLABa ataskait\u0173 duomenis rengiami mokslo darbuotoj\u0173 publikacij\u0173 bibliografiniai s\u0105ra\u0161ai ir statistika. Informacija naudojama metinei Kolegijos mokslo produkcijos ataskaitai rengti.\u00a0<\/p><p><strong>KAIP pateikti publikacij\u0105 bibliotekai?<\/strong><\/p><p>Kolegijoje dirbantys autoriai publikacijas registruoja eLABa nacionalin\u0117je talpykloje. Publikacijos turi tur\u0117ti Kolegijos prieskyr\u0105.\u00a0<a href=\"https:\/\/wp.adisoft.lt\/vtdko\/wp-content\/uploads\/2022\/10\/eLABa_publikacijos_registravimastmp_.pdf\" target=\"_blank\" rel=\"noopener\">Instrukcija, kaip \u012fkelti publikacij\u0105.<\/a><\/p><p>Jeigu savaranki\u0161kai nepavyko u\u017eregistruoti publikacijos, PDF kopij\u0105 arba aktyvi\u0105 internetin\u0119 nuorod\u0105, nurodant mokslo krypt\u012f, si\u0173skite el. pa\u0161tu\u00a0<a href=\"mailto:biblioteka@vtdko.lt\" target=\"_blank\" rel=\"noopener\"><em>biblioteka@vtdko.lt.<\/em><\/a><\/p><p><strong>KADA pateikti publikacij\u0105 bibliotekai?<\/strong><\/p><p>Per\u00a0m\u0117nes\u012f nuo publikacijos i\u0161leidimo Kolegijos darbuotojai privalo j\u0105 registruoti sistemoje.<\/p><p><strong>KOKIE duomenys apie publikacij\u0105 reikalingi?<\/strong><\/p><p>Kolegijos darbuotojai turi pateikti privalomuosius metaduomenis, juos tikslinti, jei to pareikalauja Kolegijos bibliotekos darbuotojai, bei u\u017etikrinti, kad \u012fkeltas dokumentas ir pateikti metaduomenys yra teisingi, nepa\u017eeid\u017eia joki\u0173 Lietuvos Respublikos \u012fstatym\u0173. Privalomieji metaduomenys: vardas, pavard\u0117, fakultetas, mokslo\u00a0<a href=\"https:\/\/e-seimas.lrs.lt\/portal\/legalAct\/lt\/TAD\/064e79a22a4f11e9a505bd13c24940c9?jfwid=-b5iymgnzp\">kryptis<\/a>,\u00a0<a href=\"https:\/\/www.elaba.lt\/elaba-portal\/documents\/10156\/589665\/eLABa+talpyklos+publikacij%C5%B3%20r%C5%AB%C5%A1i%C5%B3%20klasifikatorius.pdf\/7657e2cd-3c76-4896-8b84-e48bedd9fd35\">r\u016b\u0161is<\/a>. Pridedama viso straipsnio (knygos dalies) ir leidinio, kuriame i\u0161spausdintas straipsnis, titulinio lapo abiej\u0173 pusi\u0173\u00a0<br \/>(su leidybiniais duomenimis) bei turinio kopija PDF formatu.<\/p><p><strong>KAS registruoja, kai publikacija i\u0161leista bendraautori\u0173?<\/strong><\/p><p>Kolegijos darbuotojai, i\u0161leid\u0119 publikacij\u0105 su bendraautoriais, privalo susitarti, kuris i\u0161 bendraautori\u0173 registruos publikacij\u0105. Publikacijos nereikia registruoti kiekvienam bendraautoriui atskirai.<\/p><p><strong>KUO vadovaujamasi pateikiant ir registruojant publikacij\u0105?<\/strong><\/p><p>Kolegijos darbuotojai, registruodami publikacij\u0105 eLABa, privalo vadovautis\u00a0Akademin\u0117s tarybos protokolu Nr. 14-5 2021 m. gruod\u017eio 8 d. patvirtintu\u00a0<a href=\"https:\/\/wp.adisoft.lt\/vtdko\/wp-content\/uploads\/2022\/10\/Ikelimo_i_talpykla_tvarkos_aprasas.pdf\" target=\"_blank\" rel=\"noopener\">Vilniaus technologij\u0173 ir dizaino kolegijos dokument\u0173 \u012fk\u0117limo \u012f Lietuvos akademin\u0117s elektronin\u0117s bibliotekos informacin\u0117s sistemos talpykl\u0105 tvarkos apra\u0161u<\/a>.<\/p><p><strong>KUR ie\u0161koti jau u\u017eregistruot\u0173 publikacij\u0173?\u00a0<\/strong><\/p><p>Registruot\u0173 publikacij\u0173 paie\u0161k\u0105 galima atlikti\u00a0<a href=\"https:\/\/elaba.lvb.lt\/primo-explore\/search?search_scope=eLABa&amp;vid=ELABA&amp;lang=lt_LT\">eLABa kataloge<\/a>.<\/p><p><strong>KAIP suformuoti ataskait\u0105?\u00a0<\/strong><\/p><p>Publikacij\u0173 ataskait\u0173 formavimo instrukcija pateikiama\u00a0<a href=\"https:\/\/wp.adisoft.lt\/vtdko\/wp-content\/uploads\/2022\/10\/eLABa_ataskaitos_formavimas.pdf\" target=\"_blank\" rel=\"noopener\">\u010dia<\/a>.<\/p><p><strong><em>Kontaktai pasiteiravimui:<\/em><\/strong>\u00a0telefonas <a href=\"tel:+37052344111\" target=\"_blank\" rel=\"noopener\">(8 5) 234 4111<\/a>, el. pa\u0161tas\u00a0<a href=\"mailto:a.karloniene@vtdko.lt,\">a.karloniene@vtdko.lt,<\/a>\u00a0<a href=\"mailto:v.lozovskiene@vtdko.lt\">v.lozovskiene@vtdko.lt<\/a>.<\/p>\t\t\t\t\t\t<\/div>\n\t\t\t\t<\/div>\n\t\t\t\t\t<\/div>\n\t\t<\/div>\n\t\t\t\t\t\t\t<\/div>\n\t\t<\/section>\n\t\t\t\t<section class=\"elementor-section elementor-top-section elementor-element elementor-element-3d2d2a9 elementor-section-boxed elementor-section-height-default elementor-section-height-default\" data-id=\"3d2d2a9\" data-element_type=\"section\">\n\t\t\t\t\t\t<div class=\"elementor-container elementor-column-gap-default\">\n\t\t\t\t\t<div class=\"elementor-column elementor-col-100 elementor-top-column elementor-element elementor-element-a33d0f3\" data-id=\"a33d0f3\" data-element_type=\"column\">\n\t\t\t<div class=\"elementor-widget-wrap elementor-element-populated\">\n\t\t\t\t\t\t\t\t<div class=\"elementor-element elementor-element-dcedab1 elementor-widget elementor-widget-spacer\" data-id=\"dcedab1\" data-element_type=\"widget\" data-widget_type=\"spacer.default\">\n\t\t\t\t<div class=\"elementor-widget-container\">\n\t\t\t\t\t<div class=\"elementor-spacer\">\n\t\t\t<div class=\"elementor-spacer-inner\"><\/div>\n\t\t<\/div>\n\t\t\t\t<\/div>\n\t\t\t\t<\/div>\n\t\t\t\t\t<\/div>\n\t\t<\/div>\n\t\t\t\t\t\t\t<\/div>\n\t\t<\/section>\n\t\t\t\t\t\t\t<\/div>\n\t\t","protected":false},"excerpt":{"rendered":"<p>Publikacij\u0173 registravimo tvarka Vilniaus technologij\u0173 ir dizaino kolegija \u2013 \u010dia hobis virsta profesija! KUR nuo \u0161iol registruojamos mokslo publikacijos? Nuo 2017 m. rugs\u0117jo m\u0117n. Vilniaus technologij\u0173 ir dizaino kolegijos\u00a0darbuotoj\u0173 mokslo publikacijos (toliau \u2013 publikacijos) registruojamos\u00a0Lietuvos akademin\u0117s elektronin\u0117s bibliotekos informacin\u0117je sistemoje\u00a0(toliau \u2013 eLABa), kur skelbiami bibliografiniai u\u017eregistruot\u0173 publikacij\u0173 duomenys ir visateks\u010diai dokumentai. KAM bus naudojama informacija?&#8230;<\/p>\n","protected":false},"author":1,"featured_media":0,"parent":995905,"menu_order":0,"comment_status":"closed","ping_status":"closed","template":"","meta":{"inline_featured_image":false,"footnotes":""},"class_list":["post-995900","page","type-page","status-publish","hentry"],"yoast_head":"<!-- This site is optimized with the Yoast SEO plugin v19.12 - https:\/\/yoast.com\/wordpress\/plugins\/seo\/ -->\n<title>Publikacij\u0173 registravimo tvarka - vtdko<\/title>\n<meta name=\"robots\" content=\"noindex, follow, max-snippet:-1, max-image-preview:large, max-video-preview:-1\" \/>\n<meta property=\"og:locale\" content=\"en_US\" \/>\n<meta property=\"og:type\" content=\"article\" \/>\n<meta property=\"og:title\" content=\"Publikacij\u0173 registravimo tvarka - vtdko\" \/>\n<meta property=\"og:description\" content=\"Publikacij\u0173 registravimo tvarka Vilniaus technologij\u0173 ir dizaino kolegija \u2013 \u010dia hobis virsta profesija! KUR nuo \u0161iol registruojamos mokslo publikacijos? Nuo 2017 m. rugs\u0117jo m\u0117n. Vilniaus technologij\u0173 ir dizaino kolegijos\u00a0darbuotoj\u0173 mokslo publikacijos (toliau \u2013 publikacijos) registruojamos\u00a0Lietuvos akademin\u0117s elektronin\u0117s bibliotekos informacin\u0117je sistemoje\u00a0(toliau \u2013 eLABa), kur skelbiami bibliografiniai u\u017eregistruot\u0173 publikacij\u0173 duomenys ir visateks\u010diai dokumentai. KAM bus naudojama informacija?...\" \/>\n<meta property=\"og:url\" content=\"https:\/\/wp.adisoft.lt\/vtdko\/en\/biblioteka\/mokslas-publikacijos-citavimas\/registravimo-tvarka\/\" \/>\n<meta property=\"og:site_name\" content=\"vtdko\" \/>\n<meta name=\"twitter:card\" content=\"summary_large_image\" \/>\n<meta name=\"twitter:label1\" content=\"Est. reading time\" \/>\n\t<meta name=\"twitter:data1\" content=\"2 minutes\" \/>\n<script type=\"application\/ld+json\" class=\"yoast-schema-graph\">{\"@context\":\"https:\/\/schema.org\",\"@graph\":[{\"@type\":\"WebPage\",\"@id\":\"https:\/\/wp.adisoft.lt\/vtdko\/en\/biblioteka\/mokslas-publikacijos-citavimas\/registravimo-tvarka\/\",\"url\":\"https:\/\/wp.adisoft.lt\/vtdko\/en\/biblioteka\/mokslas-publikacijos-citavimas\/registravimo-tvarka\/\",\"name\":\"Publikacij\u0173 registravimo tvarka - vtdko\",\"isPartOf\":{\"@id\":\"https:\/\/wp.adisoft.lt\/vtdko\/en\/#website\"},\"datePublished\":\"2022-10-26T06:13:36+00:00\",\"dateModified\":\"2022-10-26T06:13:36+00:00\",\"breadcrumb\":{\"@id\":\"https:\/\/wp.adisoft.lt\/vtdko\/en\/biblioteka\/mokslas-publikacijos-citavimas\/registravimo-tvarka\/#breadcrumb\"},\"inLanguage\":\"en-US\",\"potentialAction\":[{\"@type\":\"ReadAction\",\"target\":[\"https:\/\/wp.adisoft.lt\/vtdko\/en\/biblioteka\/mokslas-publikacijos-citavimas\/registravimo-tvarka\/\"]}]},{\"@type\":\"BreadcrumbList\",\"@id\":\"https:\/\/wp.adisoft.lt\/vtdko\/en\/biblioteka\/mokslas-publikacijos-citavimas\/registravimo-tvarka\/#breadcrumb\",\"itemListElement\":[{\"@type\":\"ListItem\",\"position\":1,\"name\":\"Pagrindinis\",\"item\":\"https:\/\/wp.adisoft.lt\/vtdko\/en\/pagrindinis\/\"},{\"@type\":\"ListItem\",\"position\":2,\"name\":\"Biblioteka\",\"item\":\"https:\/\/wp.adisoft.lt\/vtdko\/en\/biblioteka\/\"},{\"@type\":\"ListItem\",\"position\":3,\"name\":\"Mokslas, publikacijos, citavimas\",\"item\":\"https:\/\/wp.adisoft.lt\/vtdko\/en\/biblioteka\/mokslas-publikacijos-citavimas\/\"},{\"@type\":\"ListItem\",\"position\":4,\"name\":\"Publikacij\u0173 registravimo tvarka\"}]},{\"@type\":\"WebSite\",\"@id\":\"https:\/\/wp.adisoft.lt\/vtdko\/en\/#website\",\"url\":\"https:\/\/wp.adisoft.lt\/vtdko\/en\/\",\"name\":\"vtdko\",\"description\":\"Vilniaus technologij\u0173 ir dizaino kolegija\",\"publisher\":{\"@id\":\"https:\/\/wp.adisoft.lt\/vtdko\/en\/#organization\"},\"potentialAction\":[{\"@type\":\"SearchAction\",\"target\":{\"@type\":\"EntryPoint\",\"urlTemplate\":\"https:\/\/wp.adisoft.lt\/vtdko\/en\/?s={search_term_string}\"},\"query-input\":\"required name=search_term_string\"}],\"inLanguage\":\"en-US\"},{\"@type\":\"Organization\",\"@id\":\"https:\/\/wp.adisoft.lt\/vtdko\/en\/#organization\",\"name\":\"vtdko\",\"url\":\"https:\/\/wp.adisoft.lt\/vtdko\/en\/\",\"logo\":{\"@type\":\"ImageObject\",\"inLanguage\":\"en-US\",\"@id\":\"https:\/\/wp.adisoft.lt\/vtdko\/en\/#\/schema\/logo\/image\/\",\"url\":\"https:\/\/wp.adisoft.lt\/vtdko\/wp-content\/uploads\/2020\/02\/Logo-su-tekstu-01.svg\",\"contentUrl\":\"https:\/\/wp.adisoft.lt\/vtdko\/wp-content\/uploads\/2020\/02\/Logo-su-tekstu-01.svg\",\"width\":151,\"height\":74,\"caption\":\"vtdko\"},\"image\":{\"@id\":\"https:\/\/wp.adisoft.lt\/vtdko\/en\/#\/schema\/logo\/image\/\"}}]}<\/script>\n<!-- \/ Yoast SEO plugin. -->","yoast_head_json":{"title":"Publikacij\u0173 registravimo tvarka - vtdko","robots":{"index":"noindex","follow":"follow","max-snippet":"max-snippet:-1","max-image-preview":"max-image-preview:large","max-video-preview":"max-video-preview:-1"},"og_locale":"en_US","og_type":"article","og_title":"Publikacij\u0173 registravimo tvarka - vtdko","og_description":"Publikacij\u0173 registravimo tvarka Vilniaus technologij\u0173 ir dizaino kolegija \u2013 \u010dia hobis virsta profesija! KUR nuo \u0161iol registruojamos mokslo publikacijos? Nuo 2017 m. rugs\u0117jo m\u0117n. Vilniaus technologij\u0173 ir dizaino kolegijos\u00a0darbuotoj\u0173 mokslo publikacijos (toliau \u2013 publikacijos) registruojamos\u00a0Lietuvos akademin\u0117s elektronin\u0117s bibliotekos informacin\u0117je sistemoje\u00a0(toliau \u2013 eLABa), kur skelbiami bibliografiniai u\u017eregistruot\u0173 publikacij\u0173 duomenys ir visateks\u010diai dokumentai. KAM bus naudojama informacija?...","og_url":"https:\/\/wp.adisoft.lt\/vtdko\/en\/biblioteka\/mokslas-publikacijos-citavimas\/registravimo-tvarka\/","og_site_name":"vtdko","twitter_card":"summary_large_image","twitter_misc":{"Est. reading time":"2 minutes"},"schema":{"@context":"https:\/\/schema.org","@graph":[{"@type":"WebPage","@id":"https:\/\/wp.adisoft.lt\/vtdko\/en\/biblioteka\/mokslas-publikacijos-citavimas\/registravimo-tvarka\/","url":"https:\/\/wp.adisoft.lt\/vtdko\/en\/biblioteka\/mokslas-publikacijos-citavimas\/registravimo-tvarka\/","name":"Publikacij\u0173 registravimo tvarka - vtdko","isPartOf":{"@id":"https:\/\/wp.adisoft.lt\/vtdko\/en\/#website"},"datePublished":"2022-10-26T06:13:36+00:00","dateModified":"2022-10-26T06:13:36+00:00","breadcrumb":{"@id":"https:\/\/wp.adisoft.lt\/vtdko\/en\/biblioteka\/mokslas-publikacijos-citavimas\/registravimo-tvarka\/#breadcrumb"},"inLanguage":"en-US","potentialAction":[{"@type":"ReadAction","target":["https:\/\/wp.adisoft.lt\/vtdko\/en\/biblioteka\/mokslas-publikacijos-citavimas\/registravimo-tvarka\/"]}]},{"@type":"BreadcrumbList","@id":"https:\/\/wp.adisoft.lt\/vtdko\/en\/biblioteka\/mokslas-publikacijos-citavimas\/registravimo-tvarka\/#breadcrumb","itemListElement":[{"@type":"ListItem","position":1,"name":"Pagrindinis","item":"https:\/\/wp.adisoft.lt\/vtdko\/en\/pagrindinis\/"},{"@type":"ListItem","position":2,"name":"Biblioteka","item":"https:\/\/wp.adisoft.lt\/vtdko\/en\/biblioteka\/"},{"@type":"ListItem","position":3,"name":"Mokslas, publikacijos, citavimas","item":"https:\/\/wp.adisoft.lt\/vtdko\/en\/biblioteka\/mokslas-publikacijos-citavimas\/"},{"@type":"ListItem","position":4,"name":"Publikacij\u0173 registravimo tvarka"}]},{"@type":"WebSite","@id":"https:\/\/wp.adisoft.lt\/vtdko\/en\/#website","url":"https:\/\/wp.adisoft.lt\/vtdko\/en\/","name":"vtdko","description":"Vilniaus technologij\u0173 ir dizaino kolegija","publisher":{"@id":"https:\/\/wp.adisoft.lt\/vtdko\/en\/#organization"},"potentialAction":[{"@type":"SearchAction","target":{"@type":"EntryPoint","urlTemplate":"https:\/\/wp.adisoft.lt\/vtdko\/en\/?s={search_term_string}"},"query-input":"required name=search_term_string"}],"inLanguage":"en-US"},{"@type":"Organization","@id":"https:\/\/wp.adisoft.lt\/vtdko\/en\/#organization","name":"vtdko","url":"https:\/\/wp.adisoft.lt\/vtdko\/en\/","logo":{"@type":"ImageObject","inLanguage":"en-US","@id":"https:\/\/wp.adisoft.lt\/vtdko\/en\/#\/schema\/logo\/image\/","url":"https:\/\/wp.adisoft.lt\/vtdko\/wp-content\/uploads\/2020\/02\/Logo-su-tekstu-01.svg","contentUrl":"https:\/\/wp.adisoft.lt\/vtdko\/wp-content\/uploads\/2020\/02\/Logo-su-tekstu-01.svg","width":151,"height":74,"caption":"vtdko"},"image":{"@id":"https:\/\/wp.adisoft.lt\/vtdko\/en\/#\/schema\/logo\/image\/"}}]}},"_links":{"self":[{"href":"https:\/\/wp.adisoft.lt\/vtdko\/en\/wp-json\/wp\/v2\/pages\/995900","targetHints":{"allow":["GET"]}}],"collection":[{"href":"https:\/\/wp.adisoft.lt\/vtdko\/en\/wp-json\/wp\/v2\/pages"}],"about":[{"href":"https:\/\/wp.adisoft.lt\/vtdko\/en\/wp-json\/wp\/v2\/types\/page"}],"author":[{"embeddable":true,"href":"https:\/\/wp.adisoft.lt\/vtdko\/en\/wp-json\/wp\/v2\/users\/1"}],"replies":[{"embeddable":true,"href":"https:\/\/wp.adisoft.lt\/vtdko\/en\/wp-json\/wp\/v2\/comments?post=995900"}],"version-history":[{"count":0,"href":"https:\/\/wp.adisoft.lt\/vtdko\/en\/wp-json\/wp\/v2\/pages\/995900\/revisions"}],"up":[{"embeddable":true,"href":"https:\/\/wp.adisoft.lt\/vtdko\/en\/wp-json\/wp\/v2\/pages\/995905"}],"wp:attachment":[{"href":"https:\/\/wp.adisoft.lt\/vtdko\/en\/wp-json\/wp\/v2\/media?parent=995900"}],"curies":[{"name":"wp","href":"https:\/\/api.w.org\/{rel}","templated":true}]}}