{"id":995902,"date":"2022-10-26T09:13:32","date_gmt":"2022-10-26T06:13:32","guid":{"rendered":"https:\/\/wp.adisoft.lt\/vtdko\/informacija-apie-publikavimasi\/"},"modified":"2022-10-26T09:13:32","modified_gmt":"2022-10-26T06:13:32","slug":"informacija-apie-publikavimasi","status":"publish","type":"page","link":"https:\/\/wp.adisoft.lt\/vtdko\/en\/biblioteka\/mokslas-publikacijos-citavimas\/informacija-apie-publikavimasi\/","title":{"rendered":"Informacija apie publikavim\u0105si"},"content":{"rendered":"\t\t<div data-elementor-type=\"wp-page\" data-elementor-id=\"995902\" class=\"elementor elementor-995902 elementor-991430\">\n\t\t\t\t\t\t\t\t\t<section class=\"elementor-section elementor-top-section elementor-element elementor-element-b63643e elementor-section-height-min-height elementor-section-boxed elementor-section-height-default elementor-section-items-middle\" data-id=\"b63643e\" data-element_type=\"section\" data-settings=\"{&quot;background_background&quot;:&quot;classic&quot;,&quot;animation&quot;:&quot;none&quot;}\">\n\t\t\t\t\t\t<div class=\"elementor-container elementor-column-gap-default\">\n\t\t\t\t\t<div class=\"elementor-column elementor-col-100 elementor-top-column elementor-element elementor-element-5e93791\" data-id=\"5e93791\" data-element_type=\"column\" data-settings=\"{&quot;background_background&quot;:&quot;classic&quot;}\">\n\t\t\t<div class=\"elementor-widget-wrap\">\n\t\t\t\t\t\t\t\t\t<\/div>\n\t\t<\/div>\n\t\t\t\t\t\t\t<\/div>\n\t\t<\/section>\n\t\t\t\t<section class=\"elementor-section elementor-top-section elementor-element elementor-element-f7b587f elementor-section-boxed elementor-section-height-default elementor-section-height-default\" data-id=\"f7b587f\" data-element_type=\"section\" data-settings=\"{&quot;animation&quot;:&quot;none&quot;,&quot;animation_tablet&quot;:&quot;none&quot;,&quot;animation_mobile&quot;:&quot;none&quot;}\">\n\t\t\t\t\t\t<div class=\"elementor-container elementor-column-gap-no\">\n\t\t\t\t\t<div class=\"elementor-column elementor-col-50 elementor-top-column elementor-element elementor-element-d787ace animated-fast elementor-invisible\" data-id=\"d787ace\" data-element_type=\"column\" data-settings=\"{&quot;background_background&quot;:&quot;classic&quot;,&quot;animation&quot;:&quot;fadeIn&quot;,&quot;animation_delay&quot;:100}\">\n\t\t\t<div class=\"elementor-widget-wrap elementor-element-populated\">\n\t\t\t\t\t\t\t\t<div class=\"elementor-element elementor-element-0990c05 elementor-widget__width-auto elementor-widget-tablet__width-auto elementor-widget-mobile__width-inherit elementor-widget elementor-widget-heading\" data-id=\"0990c05\" data-element_type=\"widget\" data-settings=\"{&quot;_animation&quot;:&quot;none&quot;,&quot;_animation_delay&quot;:200}\" data-widget_type=\"heading.heading_charityfy\">\n\t\t\t\t<div class=\"elementor-widget-container\">\n\t\t\t<h1 class=\"elementor-heading-title elementor-size-default\">Informacija apie publikavim\u0105si<\/h1>\t\t<\/div>\n\t\t\t\t<\/div>\n\t\t\t\t<div class=\"elementor-element elementor-element-2a2633e elementor-widget elementor-widget-text-editor\" data-id=\"2a2633e\" data-element_type=\"widget\" data-settings=\"{&quot;_animation&quot;:&quot;none&quot;,&quot;_animation_delay&quot;:300}\" data-widget_type=\"text-editor.default\">\n\t\t\t\t<div class=\"elementor-widget-container\">\n\t\t\t\t\t\t\t<p>Vilniaus technologij\u0173 ir dizaino kolegija \u2013 \u010dia hobis virsta profesija!<\/p>\t\t\t\t\t\t<\/div>\n\t\t\t\t<\/div>\n\t\t\t\t\t<\/div>\n\t\t<\/div>\n\t\t\t\t<div class=\"elementor-column elementor-col-50 elementor-top-column elementor-element elementor-element-ef3a759 elementor-hidden-desktop elementor-hidden-tablet elementor-hidden-phone\" data-id=\"ef3a759\" data-element_type=\"column\">\n\t\t\t<div class=\"elementor-widget-wrap\">\n\t\t\t\t\t\t\t\t\t<\/div>\n\t\t<\/div>\n\t\t\t\t\t\t\t<\/div>\n\t\t<\/section>\n\t\t\t\t<section class=\"elementor-section elementor-top-section elementor-element elementor-element-8f37da3 elementor-section-boxed elementor-section-height-default elementor-section-height-default\" data-id=\"8f37da3\" data-element_type=\"section\">\n\t\t\t\t\t\t<div class=\"elementor-container elementor-column-gap-default\">\n\t\t\t\t\t<div class=\"elementor-column elementor-col-100 elementor-top-column elementor-element elementor-element-076b17f\" data-id=\"076b17f\" data-element_type=\"column\">\n\t\t\t<div class=\"elementor-widget-wrap elementor-element-populated\">\n\t\t\t\t\t\t\t\t<div class=\"elementor-element elementor-element-66224df elementor-widget elementor-widget-spacer\" data-id=\"66224df\" data-element_type=\"widget\" data-widget_type=\"spacer.default\">\n\t\t\t\t<div class=\"elementor-widget-container\">\n\t\t\t\t\t<div class=\"elementor-spacer\">\n\t\t\t<div class=\"elementor-spacer-inner\"><\/div>\n\t\t<\/div>\n\t\t\t\t<\/div>\n\t\t\t\t<\/div>\n\t\t\t\t\t<\/div>\n\t\t<\/div>\n\t\t\t\t\t\t\t<\/div>\n\t\t<\/section>\n\t\t\t\t<section class=\"elementor-section elementor-top-section elementor-element elementor-element-64e2867 elementor-section-boxed elementor-section-height-default elementor-section-height-default\" data-id=\"64e2867\" data-element_type=\"section\">\n\t\t\t\t\t\t<div class=\"elementor-container elementor-column-gap-default\">\n\t\t\t\t\t<div class=\"elementor-column elementor-col-100 elementor-top-column elementor-element elementor-element-8032361\" data-id=\"8032361\" data-element_type=\"column\">\n\t\t\t<div class=\"elementor-widget-wrap elementor-element-populated\">\n\t\t\t\t\t\t\t\t<div class=\"elementor-element elementor-element-77b5c7b elementor-widget elementor-widget-text-editor\" data-id=\"77b5c7b\" data-element_type=\"widget\" data-widget_type=\"text-editor.default\">\n\t\t\t\t<div class=\"elementor-widget-container\">\n\t\t\t\t\t\t\t<p>Renkantis \u017eurnal\u0105 savo mokslinio straipsnio publikavimui svarbu pasirinkti mokslin\u012f \u017eurnal\u0105, atitinkant\u012f tam tikrus kriterijus, kurie atspindi patikimum\u0105. Mokslinius \u017eurnalus atrinkti ir patikrinti j\u0173 patikimum\u0105 galima autoritetinguose mokslo \u017eurnal\u0173 registruose ar duomen\u0173 baz\u0117se.\u00a0<\/p><p>Nuo\u00a0pasirinkto leidinio, kuriame publikuojamas\u00a0straipsnis, priklauso publikacijos r\u016b\u0161is ir vertingumas. Publikacija laikoma referuojama ir\/ar indeksuojama tarptautin\u0117je mokslin\u0117je duomen\u0173 baz\u0117je, kai jos metaduomenys joje randami fakti\u0161kai. Norint pasirinkti tinkam\u0105 leidin\u012f straipsniams publikuoti, reikia \u012fvertinti leid\u0117jo ir \u017eurnalo patikimum\u0105 bei pripa\u017einim\u0105 tarptautin\u0117je erdv\u0117je.<\/p><p>Pastaruoju metu atsiranda nema\u017eai<strong>\u00a0\u201egrobuoni\u0161k\u0173\u201c (angl.\u00a0<em>predatory<\/em>) \u017eurnal\u0173 ir leid\u0117j\u0173<\/strong>, kvie\u010dian\u010di\u0173 publikuoti straipsnius atvirosios prieigos \u017eurnaluose u\u017e nedidel\u012f mokest\u012f, nurodydami indeksavim\u0105 duomen\u0173 baz\u0117se, turin\u010diose citavimo indeks\u0105. Ta\u010diau da\u017enu atveju gali b\u016bti, kad tai pseudo\u017eurnalai, kurie tikrov\u0117je n\u0117ra referuojami nurodytose tarptautin\u0117se duomen\u0173 baz\u0117se, o j\u0173 citavimo indeksas &#8211; pseudoindeksas. J\u0173 tikslas &#8211; gauti daugiau pajam\u0173, nei\u0161laikant auk\u0161tos kokyb\u0117s reikalavim\u0173 publikavimui.\u00a0<a href=\"https:\/\/www.openacessjournal.com\/blog\/predatory-journals-list\/#List_of_predatory_journals\"><strong>Nepatikim\u0173 leid\u0117j\u0173 s\u0105ra\u0161as.<\/strong>\u00a0<\/a><\/p><p>Straipsni\u0173 publikavimui svarbu \u017einoti mokslini\u0173 \u017eurnal\u0173 kokyb\u0117s ir vertinimo kriterijus.<strong>\u00a0<a href=\"https:\/\/wp.adisoft.lt\/vtdko\/wp-content\/uploads\/2022\/10\/Moksliniu\u0328_z\u030curnalu\u0328_patikimumo_vertinimo_kriterijai.pdf\" target=\"_blank\" rel=\"noopener\">Mokslini\u0173 \u017eurnal\u0173 patikimumo vertinimo kriterijai<\/a><\/strong>\u00a0&#8211; kas tur\u0117t\u0173 b\u016bti paskelbta leidinyje, koki\u0105 informacij\u0105 reik\u0117t\u0173 patikrinti ir \u012f kokius aspektus atkreipti d\u0117mes\u012f.\u00a0<\/p><p><strong>Aktualu:<\/strong>\u00a0straipsnio recenzavimo ir publikavimo procesai gali u\u017etrukti nuo pus\u0117s iki dvej\u0173 met\u0173.\u00a0<\/p><p><strong>Leidini\u0173 referavim\u0105 tarptautin\u0117se duomen\u0173 baz\u0117se galima patikrinti:\u00a0<\/strong><\/p><table border=\"1\"><tbody><tr><td>\u00a0<img loading=\"lazy\" decoding=\"async\" src=\"https:\/\/vtdko.lt\/images\/Biblioteka\/nuotraukos\/biblioteka-logo-Galutinis.png\" alt=\"biblioteka logo Galutinis\" width=\"102\" height=\"45\" \/><\/td><td>\u00a0<a href=\"http:\/\/www.mab.lt\/paslaugos\/lietuvos-mokslo-zurnalai\/\">Lietuvos mokslini\u0173 periodini\u0173 leidini\u0173 s\u0105ra\u0161as su papildomais duomenimis\u00a0<\/a>(Lietuvos moksl\u0173 akademijos Vrublevski\u0173 biblioteka)<\/td><\/tr><tr><td>\u00a0<img loading=\"lazy\" decoding=\"async\" src=\"https:\/\/vtdko.lt\/images\/Biblioteka\/nuotraukos\/100.jpg\" alt=\"100\" width=\"101\" height=\"46\" \/><\/td><td><p>\u00a0<a href=\"http:\/\/mjl.clarivate.com\/\">Clarivate Analytics Master Journal List<\/a>\u00a0(Pagrindini\u0173 \u017eurnal\u0173 s\u0105ra\u0161as)<\/p><\/td><\/tr><tr><td><img loading=\"lazy\" decoding=\"async\" src=\"https:\/\/vtdko.lt\/images\/Biblioteka\/nuotraukos\/scopus.png\" alt=\"scopus\" width=\"101\" height=\"30\" \/><\/td><td>\u00a0<a href=\"http:\/\/www.scopus.com\/\">Scopus duomen\u0173 baz\u0117<\/a>\u00a0(\u017durnal\u0173 paie\u0161kai, citavimo informacijai)<\/td><\/tr><tr><td><img loading=\"lazy\" decoding=\"async\" src=\"https:\/\/vtdko.lt\/images\/Biblioteka\/nuotraukos\/DOAJ_logo.jpg\" alt=\"DOAJ logo\" width=\"134\" height=\"41\" \/><\/td><td>\u00a0<a href=\"https:\/\/doaj.org\/\">Atvirosios prieigos mokslini\u0173 \u017eurnal\u0173 registras<\/a>\u00a0(Referuojami pagal kokyb\u0117s kriterijus atrinkti moksliniai \u017eurnalai)<\/td><\/tr><tr><td>\u00a0<img loading=\"lazy\" decoding=\"async\" src=\"https:\/\/vtdko.lt\/images\/Biblioteka\/nuotraukos\/highwire.png\" alt=\"highwire\" width=\"110\" height=\"31\" \/><\/td><td>\u00a0<a href=\"http:\/\/highwire.stanford.edu\/lists\/allsites.dtl\">Atvirosios prieigos visateks\u010di\u0173 mokslini\u0173 referuot\u0173 leidini\u0173 archyvas<\/a><a href=\"http:\/\/cufts2.lib.sfu.ca\/MaintTool\/public\/search\"><br \/><\/a><\/td><\/tr><\/tbody><\/table><p><strong>\u012erankiai, padedantys autoriams rasti tinkamus publikavimui \u017eurnalus:\u00a0<\/strong><\/p><ul><li><a href=\"https:\/\/journalfinder.elsevier.com\/\">Elsevier leid\u0117jo \u012frankis<\/a><\/li><li><a href=\"https:\/\/journals.sagepub.com\/action\/showPublications\">Sage Journals leid\u0117jo \u012frankis<\/a><\/li><li><a href=\"https:\/\/academic.oup.com\/journals\/\">Oksford Journal leid\u0117jo \u012frankis<\/a><\/li><\/ul><p><strong>\u0160altiniai:<\/strong>\u00a0<\/p><ol><li><span lang=\"LT\">Tautkevi\u010dien\u0117, G. (2010). Elektroniniai mokslo informacijos \u0161altiniai ir interaktyvios technologijos.\u00a0<i>Naudojimasis elektroniniais mokslo informacijos \u0161altiniais (duomen\u0173 baz\u0117mis)\u00a0<\/i><\/span><a href=\"http:\/\/www.lmba.lt\/sites\/default\/files\/02_modulis_pateiktys.ppt\" target=\"_blank\" rel=\"noopener noreferrer\" data-auth=\"NotApplicable\">2 modulis<\/a>\u00a0[interaktyvus]. Prieiga per internet\u0105:\u00a0<a href=\"http:\/\/www.lmba.lt\/node\/8178\">http:\/\/www.lmba.lt\/node\/8178<\/a>.<\/li><li>Kaip rasti \u017eurnal\u0105 moksliniam straipsniui publikuoti.\u00a0<em>Efektyvus elektronini\u0173 mokslo informacijos i\u0161tekli\u0173 naudojimas<\/em>:\u00a0<i>Nacionalinio projekto eMoDB.LT mkomoji med\u017eiaga tyr\u0117jams studentams<\/i>\u00a0[interaktyvus]. (2019). Prieiga per internet\u0105:\u00a0<a href=\"https:\/\/open.ktu.edu\/mod\/book\/view.php?id=1211\">https:\/\/open.ktu.edu\/mod\/book\/view.php?id=1211<\/a>.<\/li><\/ol>\t\t\t\t\t\t<\/div>\n\t\t\t\t<\/div>\n\t\t\t\t\t<\/div>\n\t\t<\/div>\n\t\t\t\t\t\t\t<\/div>\n\t\t<\/section>\n\t\t\t\t<section class=\"elementor-section elementor-top-section elementor-element elementor-element-3d2d2a9 elementor-section-boxed elementor-section-height-default elementor-section-height-default\" data-id=\"3d2d2a9\" data-element_type=\"section\">\n\t\t\t\t\t\t<div class=\"elementor-container elementor-column-gap-default\">\n\t\t\t\t\t<div class=\"elementor-column elementor-col-100 elementor-top-column elementor-element elementor-element-a33d0f3\" data-id=\"a33d0f3\" data-element_type=\"column\">\n\t\t\t<div class=\"elementor-widget-wrap elementor-element-populated\">\n\t\t\t\t\t\t\t\t<div class=\"elementor-element elementor-element-dcedab1 elementor-widget elementor-widget-spacer\" data-id=\"dcedab1\" data-element_type=\"widget\" data-widget_type=\"spacer.default\">\n\t\t\t\t<div class=\"elementor-widget-container\">\n\t\t\t\t\t<div class=\"elementor-spacer\">\n\t\t\t<div class=\"elementor-spacer-inner\"><\/div>\n\t\t<\/div>\n\t\t\t\t<\/div>\n\t\t\t\t<\/div>\n\t\t\t\t\t<\/div>\n\t\t<\/div>\n\t\t\t\t\t\t\t<\/div>\n\t\t<\/section>\n\t\t\t\t\t\t\t<\/div>\n\t\t","protected":false},"excerpt":{"rendered":"<p>Informacija apie publikavim\u0105si Vilniaus technologij\u0173 ir dizaino kolegija \u2013 \u010dia hobis virsta profesija! Renkantis \u017eurnal\u0105 savo mokslinio straipsnio publikavimui svarbu pasirinkti mokslin\u012f \u017eurnal\u0105, atitinkant\u012f tam tikrus kriterijus, kurie atspindi patikimum\u0105. Mokslinius \u017eurnalus atrinkti ir patikrinti j\u0173 patikimum\u0105 galima autoritetinguose mokslo \u017eurnal\u0173 registruose ar duomen\u0173 baz\u0117se.\u00a0 Nuo\u00a0pasirinkto leidinio, kuriame publikuojamas\u00a0straipsnis, priklauso publikacijos r\u016b\u0161is ir vertingumas. Publikacija&#8230;<\/p>\n","protected":false},"author":1,"featured_media":0,"parent":995905,"menu_order":0,"comment_status":"closed","ping_status":"closed","template":"","meta":{"inline_featured_image":false,"footnotes":""},"class_list":["post-995902","page","type-page","status-publish","hentry"],"yoast_head":"<!-- This site is optimized with the Yoast SEO plugin v19.12 - https:\/\/yoast.com\/wordpress\/plugins\/seo\/ -->\n<title>Informacija apie publikavim\u0105si - vtdko<\/title>\n<meta name=\"robots\" content=\"noindex, follow, max-snippet:-1, max-image-preview:large, max-video-preview:-1\" \/>\n<meta property=\"og:locale\" content=\"en_US\" \/>\n<meta property=\"og:type\" content=\"article\" \/>\n<meta property=\"og:title\" content=\"Informacija apie publikavim\u0105si - vtdko\" \/>\n<meta property=\"og:description\" content=\"Informacija apie publikavim\u0105si Vilniaus technologij\u0173 ir dizaino kolegija \u2013 \u010dia hobis virsta profesija! Renkantis \u017eurnal\u0105 savo mokslinio straipsnio publikavimui svarbu pasirinkti mokslin\u012f \u017eurnal\u0105, atitinkant\u012f tam tikrus kriterijus, kurie atspindi patikimum\u0105. Mokslinius \u017eurnalus atrinkti ir patikrinti j\u0173 patikimum\u0105 galima autoritetinguose mokslo \u017eurnal\u0173 registruose ar duomen\u0173 baz\u0117se.\u00a0 Nuo\u00a0pasirinkto leidinio, kuriame publikuojamas\u00a0straipsnis, priklauso publikacijos r\u016b\u0161is ir vertingumas. Publikacija...\" \/>\n<meta property=\"og:url\" content=\"https:\/\/wp.adisoft.lt\/vtdko\/en\/biblioteka\/mokslas-publikacijos-citavimas\/informacija-apie-publikavimasi\/\" \/>\n<meta property=\"og:site_name\" content=\"vtdko\" \/>\n<meta property=\"og:image\" content=\"https:\/\/vtdko.lt\/images\/Biblioteka\/nuotraukos\/biblioteka-logo-Galutinis.png\" \/>\n<meta name=\"twitter:card\" content=\"summary_large_image\" \/>\n<meta name=\"twitter:label1\" content=\"Est. reading time\" \/>\n\t<meta name=\"twitter:data1\" content=\"2 minutes\" \/>\n<script type=\"application\/ld+json\" class=\"yoast-schema-graph\">{\"@context\":\"https:\/\/schema.org\",\"@graph\":[{\"@type\":\"WebPage\",\"@id\":\"https:\/\/wp.adisoft.lt\/vtdko\/en\/biblioteka\/mokslas-publikacijos-citavimas\/informacija-apie-publikavimasi\/\",\"url\":\"https:\/\/wp.adisoft.lt\/vtdko\/en\/biblioteka\/mokslas-publikacijos-citavimas\/informacija-apie-publikavimasi\/\",\"name\":\"Informacija apie publikavim\u0105si - vtdko\",\"isPartOf\":{\"@id\":\"https:\/\/wp.adisoft.lt\/vtdko\/en\/#website\"},\"datePublished\":\"2022-10-26T06:13:32+00:00\",\"dateModified\":\"2022-10-26T06:13:32+00:00\",\"breadcrumb\":{\"@id\":\"https:\/\/wp.adisoft.lt\/vtdko\/en\/biblioteka\/mokslas-publikacijos-citavimas\/informacija-apie-publikavimasi\/#breadcrumb\"},\"inLanguage\":\"en-US\",\"potentialAction\":[{\"@type\":\"ReadAction\",\"target\":[\"https:\/\/wp.adisoft.lt\/vtdko\/en\/biblioteka\/mokslas-publikacijos-citavimas\/informacija-apie-publikavimasi\/\"]}]},{\"@type\":\"BreadcrumbList\",\"@id\":\"https:\/\/wp.adisoft.lt\/vtdko\/en\/biblioteka\/mokslas-publikacijos-citavimas\/informacija-apie-publikavimasi\/#breadcrumb\",\"itemListElement\":[{\"@type\":\"ListItem\",\"position\":1,\"name\":\"Pagrindinis\",\"item\":\"https:\/\/wp.adisoft.lt\/vtdko\/en\/pagrindinis\/\"},{\"@type\":\"ListItem\",\"position\":2,\"name\":\"Biblioteka\",\"item\":\"https:\/\/wp.adisoft.lt\/vtdko\/en\/biblioteka\/\"},{\"@type\":\"ListItem\",\"position\":3,\"name\":\"Mokslas, publikacijos, citavimas\",\"item\":\"https:\/\/wp.adisoft.lt\/vtdko\/en\/biblioteka\/mokslas-publikacijos-citavimas\/\"},{\"@type\":\"ListItem\",\"position\":4,\"name\":\"Informacija apie publikavim\u0105si\"}]},{\"@type\":\"WebSite\",\"@id\":\"https:\/\/wp.adisoft.lt\/vtdko\/en\/#website\",\"url\":\"https:\/\/wp.adisoft.lt\/vtdko\/en\/\",\"name\":\"vtdko\",\"description\":\"Vilniaus technologij\u0173 ir dizaino kolegija\",\"publisher\":{\"@id\":\"https:\/\/wp.adisoft.lt\/vtdko\/en\/#organization\"},\"potentialAction\":[{\"@type\":\"SearchAction\",\"target\":{\"@type\":\"EntryPoint\",\"urlTemplate\":\"https:\/\/wp.adisoft.lt\/vtdko\/en\/?s={search_term_string}\"},\"query-input\":\"required name=search_term_string\"}],\"inLanguage\":\"en-US\"},{\"@type\":\"Organization\",\"@id\":\"https:\/\/wp.adisoft.lt\/vtdko\/en\/#organization\",\"name\":\"vtdko\",\"url\":\"https:\/\/wp.adisoft.lt\/vtdko\/en\/\",\"logo\":{\"@type\":\"ImageObject\",\"inLanguage\":\"en-US\",\"@id\":\"https:\/\/wp.adisoft.lt\/vtdko\/en\/#\/schema\/logo\/image\/\",\"url\":\"https:\/\/wp.adisoft.lt\/vtdko\/wp-content\/uploads\/2020\/02\/Logo-su-tekstu-01.svg\",\"contentUrl\":\"https:\/\/wp.adisoft.lt\/vtdko\/wp-content\/uploads\/2020\/02\/Logo-su-tekstu-01.svg\",\"width\":151,\"height\":74,\"caption\":\"vtdko\"},\"image\":{\"@id\":\"https:\/\/wp.adisoft.lt\/vtdko\/en\/#\/schema\/logo\/image\/\"}}]}<\/script>\n<!-- \/ Yoast SEO plugin. -->","yoast_head_json":{"title":"Informacija apie publikavim\u0105si - vtdko","robots":{"index":"noindex","follow":"follow","max-snippet":"max-snippet:-1","max-image-preview":"max-image-preview:large","max-video-preview":"max-video-preview:-1"},"og_locale":"en_US","og_type":"article","og_title":"Informacija apie publikavim\u0105si - vtdko","og_description":"Informacija apie publikavim\u0105si Vilniaus technologij\u0173 ir dizaino kolegija \u2013 \u010dia hobis virsta profesija! Renkantis \u017eurnal\u0105 savo mokslinio straipsnio publikavimui svarbu pasirinkti mokslin\u012f \u017eurnal\u0105, atitinkant\u012f tam tikrus kriterijus, kurie atspindi patikimum\u0105. Mokslinius \u017eurnalus atrinkti ir patikrinti j\u0173 patikimum\u0105 galima autoritetinguose mokslo \u017eurnal\u0173 registruose ar duomen\u0173 baz\u0117se.\u00a0 Nuo\u00a0pasirinkto leidinio, kuriame publikuojamas\u00a0straipsnis, priklauso publikacijos r\u016b\u0161is ir vertingumas. Publikacija...","og_url":"https:\/\/wp.adisoft.lt\/vtdko\/en\/biblioteka\/mokslas-publikacijos-citavimas\/informacija-apie-publikavimasi\/","og_site_name":"vtdko","og_image":[{"url":"https:\/\/vtdko.lt\/images\/Biblioteka\/nuotraukos\/biblioteka-logo-Galutinis.png"}],"twitter_card":"summary_large_image","twitter_misc":{"Est. reading time":"2 minutes"},"schema":{"@context":"https:\/\/schema.org","@graph":[{"@type":"WebPage","@id":"https:\/\/wp.adisoft.lt\/vtdko\/en\/biblioteka\/mokslas-publikacijos-citavimas\/informacija-apie-publikavimasi\/","url":"https:\/\/wp.adisoft.lt\/vtdko\/en\/biblioteka\/mokslas-publikacijos-citavimas\/informacija-apie-publikavimasi\/","name":"Informacija apie publikavim\u0105si - vtdko","isPartOf":{"@id":"https:\/\/wp.adisoft.lt\/vtdko\/en\/#website"},"datePublished":"2022-10-26T06:13:32+00:00","dateModified":"2022-10-26T06:13:32+00:00","breadcrumb":{"@id":"https:\/\/wp.adisoft.lt\/vtdko\/en\/biblioteka\/mokslas-publikacijos-citavimas\/informacija-apie-publikavimasi\/#breadcrumb"},"inLanguage":"en-US","potentialAction":[{"@type":"ReadAction","target":["https:\/\/wp.adisoft.lt\/vtdko\/en\/biblioteka\/mokslas-publikacijos-citavimas\/informacija-apie-publikavimasi\/"]}]},{"@type":"BreadcrumbList","@id":"https:\/\/wp.adisoft.lt\/vtdko\/en\/biblioteka\/mokslas-publikacijos-citavimas\/informacija-apie-publikavimasi\/#breadcrumb","itemListElement":[{"@type":"ListItem","position":1,"name":"Pagrindinis","item":"https:\/\/wp.adisoft.lt\/vtdko\/en\/pagrindinis\/"},{"@type":"ListItem","position":2,"name":"Biblioteka","item":"https:\/\/wp.adisoft.lt\/vtdko\/en\/biblioteka\/"},{"@type":"ListItem","position":3,"name":"Mokslas, publikacijos, citavimas","item":"https:\/\/wp.adisoft.lt\/vtdko\/en\/biblioteka\/mokslas-publikacijos-citavimas\/"},{"@type":"ListItem","position":4,"name":"Informacija apie publikavim\u0105si"}]},{"@type":"WebSite","@id":"https:\/\/wp.adisoft.lt\/vtdko\/en\/#website","url":"https:\/\/wp.adisoft.lt\/vtdko\/en\/","name":"vtdko","description":"Vilniaus technologij\u0173 ir dizaino kolegija","publisher":{"@id":"https:\/\/wp.adisoft.lt\/vtdko\/en\/#organization"},"potentialAction":[{"@type":"SearchAction","target":{"@type":"EntryPoint","urlTemplate":"https:\/\/wp.adisoft.lt\/vtdko\/en\/?s={search_term_string}"},"query-input":"required name=search_term_string"}],"inLanguage":"en-US"},{"@type":"Organization","@id":"https:\/\/wp.adisoft.lt\/vtdko\/en\/#organization","name":"vtdko","url":"https:\/\/wp.adisoft.lt\/vtdko\/en\/","logo":{"@type":"ImageObject","inLanguage":"en-US","@id":"https:\/\/wp.adisoft.lt\/vtdko\/en\/#\/schema\/logo\/image\/","url":"https:\/\/wp.adisoft.lt\/vtdko\/wp-content\/uploads\/2020\/02\/Logo-su-tekstu-01.svg","contentUrl":"https:\/\/wp.adisoft.lt\/vtdko\/wp-content\/uploads\/2020\/02\/Logo-su-tekstu-01.svg","width":151,"height":74,"caption":"vtdko"},"image":{"@id":"https:\/\/wp.adisoft.lt\/vtdko\/en\/#\/schema\/logo\/image\/"}}]}},"_links":{"self":[{"href":"https:\/\/wp.adisoft.lt\/vtdko\/en\/wp-json\/wp\/v2\/pages\/995902","targetHints":{"allow":["GET"]}}],"collection":[{"href":"https:\/\/wp.adisoft.lt\/vtdko\/en\/wp-json\/wp\/v2\/pages"}],"about":[{"href":"https:\/\/wp.adisoft.lt\/vtdko\/en\/wp-json\/wp\/v2\/types\/page"}],"author":[{"embeddable":true,"href":"https:\/\/wp.adisoft.lt\/vtdko\/en\/wp-json\/wp\/v2\/users\/1"}],"replies":[{"embeddable":true,"href":"https:\/\/wp.adisoft.lt\/vtdko\/en\/wp-json\/wp\/v2\/comments?post=995902"}],"version-history":[{"count":0,"href":"https:\/\/wp.adisoft.lt\/vtdko\/en\/wp-json\/wp\/v2\/pages\/995902\/revisions"}],"up":[{"embeddable":true,"href":"https:\/\/wp.adisoft.lt\/vtdko\/en\/wp-json\/wp\/v2\/pages\/995905"}],"wp:attachment":[{"href":"https:\/\/wp.adisoft.lt\/vtdko\/en\/wp-json\/wp\/v2\/media?parent=995902"}],"curies":[{"name":"wp","href":"https:\/\/api.w.org\/{rel}","templated":true}]}}