{"id":995903,"date":"2022-10-26T09:13:30","date_gmt":"2022-10-26T06:13:30","guid":{"rendered":"https:\/\/wp.adisoft.lt\/vtdko\/bibliografines-nuorodos-ir-citavimas\/"},"modified":"2022-10-26T09:13:30","modified_gmt":"2022-10-26T06:13:30","slug":"bibliografines-nuorodos-ir-citavimas","status":"publish","type":"page","link":"https:\/\/wp.adisoft.lt\/vtdko\/en\/biblioteka\/mokslas-publikacijos-citavimas\/bibliografines-nuorodos-ir-citavimas\/","title":{"rendered":"Bibliografin\u0117s nuorodos ir citavimas"},"content":{"rendered":"\t\t<div data-elementor-type=\"wp-page\" data-elementor-id=\"995903\" class=\"elementor elementor-995903 elementor-991429\">\n\t\t\t\t\t\t\t\t\t<section class=\"elementor-section elementor-top-section elementor-element elementor-element-f973652 elementor-section-height-min-height elementor-section-boxed elementor-section-height-default elementor-section-items-middle\" data-id=\"f973652\" data-element_type=\"section\" data-settings=\"{&quot;background_background&quot;:&quot;classic&quot;,&quot;animation&quot;:&quot;none&quot;}\">\n\t\t\t\t\t\t<div class=\"elementor-container elementor-column-gap-default\">\n\t\t\t\t\t<div class=\"elementor-column elementor-col-100 elementor-top-column elementor-element elementor-element-4ca585d\" data-id=\"4ca585d\" data-element_type=\"column\" data-settings=\"{&quot;background_background&quot;:&quot;classic&quot;}\">\n\t\t\t<div class=\"elementor-widget-wrap\">\n\t\t\t\t\t\t\t\t\t<\/div>\n\t\t<\/div>\n\t\t\t\t\t\t\t<\/div>\n\t\t<\/section>\n\t\t\t\t<section class=\"elementor-section elementor-top-section elementor-element elementor-element-f3a530d elementor-section-boxed elementor-section-height-default elementor-section-height-default\" data-id=\"f3a530d\" data-element_type=\"section\" data-settings=\"{&quot;animation&quot;:&quot;none&quot;,&quot;animation_tablet&quot;:&quot;none&quot;,&quot;animation_mobile&quot;:&quot;none&quot;}\">\n\t\t\t\t\t\t<div class=\"elementor-container elementor-column-gap-no\">\n\t\t\t\t\t<div class=\"elementor-column elementor-col-50 elementor-top-column elementor-element elementor-element-c61b43c animated-fast elementor-invisible\" data-id=\"c61b43c\" data-element_type=\"column\" data-settings=\"{&quot;background_background&quot;:&quot;classic&quot;,&quot;animation&quot;:&quot;fadeIn&quot;,&quot;animation_delay&quot;:100}\">\n\t\t\t<div class=\"elementor-widget-wrap elementor-element-populated\">\n\t\t\t\t\t\t\t\t<div class=\"elementor-element elementor-element-42e026e elementor-widget__width-auto elementor-widget-tablet__width-auto elementor-widget-mobile__width-inherit elementor-widget elementor-widget-heading\" data-id=\"42e026e\" data-element_type=\"widget\" data-settings=\"{&quot;_animation&quot;:&quot;none&quot;,&quot;_animation_delay&quot;:200}\" data-widget_type=\"heading.heading_charityfy\">\n\t\t\t\t<div class=\"elementor-widget-container\">\n\t\t\t<h1 class=\"elementor-heading-title elementor-size-default\">Bibliografin\u0117s nuorodos ir citavimas<\/h1>\t\t<\/div>\n\t\t\t\t<\/div>\n\t\t\t\t<div class=\"elementor-element elementor-element-c1f6288 elementor-widget elementor-widget-text-editor\" data-id=\"c1f6288\" data-element_type=\"widget\" data-settings=\"{&quot;_animation&quot;:&quot;none&quot;,&quot;_animation_delay&quot;:300}\" data-widget_type=\"text-editor.default\">\n\t\t\t\t<div class=\"elementor-widget-container\">\n\t\t\t\t\t\t\t<p>Vilniaus technologij\u0173 ir dizaino kolegija \u2013 \u010dia hobis virsta profesija!<\/p>\t\t\t\t\t\t<\/div>\n\t\t\t\t<\/div>\n\t\t\t\t\t<\/div>\n\t\t<\/div>\n\t\t\t\t<div class=\"elementor-column elementor-col-50 elementor-top-column elementor-element elementor-element-7669fde elementor-hidden-desktop elementor-hidden-tablet elementor-hidden-phone\" data-id=\"7669fde\" data-element_type=\"column\">\n\t\t\t<div class=\"elementor-widget-wrap\">\n\t\t\t\t\t\t\t\t\t<\/div>\n\t\t<\/div>\n\t\t\t\t\t\t\t<\/div>\n\t\t<\/section>\n\t\t\t\t<section class=\"elementor-section elementor-top-section elementor-element elementor-element-8f37da3 elementor-section-boxed elementor-section-height-default elementor-section-height-default\" data-id=\"8f37da3\" data-element_type=\"section\">\n\t\t\t\t\t\t<div class=\"elementor-container elementor-column-gap-default\">\n\t\t\t\t\t<div class=\"elementor-column elementor-col-100 elementor-top-column elementor-element elementor-element-076b17f\" data-id=\"076b17f\" data-element_type=\"column\">\n\t\t\t<div class=\"elementor-widget-wrap elementor-element-populated\">\n\t\t\t\t\t\t\t\t<div class=\"elementor-element elementor-element-4369597 elementor-widget elementor-widget-spacer\" data-id=\"4369597\" data-element_type=\"widget\" data-widget_type=\"spacer.default\">\n\t\t\t\t<div class=\"elementor-widget-container\">\n\t\t\t\t\t<div class=\"elementor-spacer\">\n\t\t\t<div class=\"elementor-spacer-inner\"><\/div>\n\t\t<\/div>\n\t\t\t\t<\/div>\n\t\t\t\t<\/div>\n\t\t\t\t\t<\/div>\n\t\t<\/div>\n\t\t\t\t\t\t\t<\/div>\n\t\t<\/section>\n\t\t\t\t<section class=\"elementor-section elementor-top-section elementor-element elementor-element-64e2867 elementor-section-boxed elementor-section-height-default elementor-section-height-default\" data-id=\"64e2867\" data-element_type=\"section\">\n\t\t\t\t\t\t<div class=\"elementor-container elementor-column-gap-default\">\n\t\t\t\t\t<div class=\"elementor-column elementor-col-100 elementor-top-column elementor-element elementor-element-8032361\" data-id=\"8032361\" data-element_type=\"column\">\n\t\t\t<div class=\"elementor-widget-wrap elementor-element-populated\">\n\t\t\t\t\t\t\t\t<div class=\"elementor-element elementor-element-77b5c7b elementor-widget elementor-widget-text-editor\" data-id=\"77b5c7b\" data-element_type=\"widget\" data-widget_type=\"text-editor.default\">\n\t\t\t\t<div class=\"elementor-widget-container\">\n\t\t\t\t\t\t\t<p><strong>Informacijos \u0161altini\u0173 apra\u0161\u0173, citavimo ir literat\u016bros s\u0105ra\u0161\u0173 sudarymo, tvarkymo galimyb\u0117s<\/strong><\/p><p>Mokslinio darbo autorius, skelbdamas savo atlikt\u0173 tyrim\u0173 ar teorini\u0173 svarstym\u0173 rezultatus, turi nei\u0161vengiamai remtis kit\u0173 mokslinink\u0173 k\u016briniais ar tekstais bei parodyti savo santyk\u012f su jais. Svarbu tai atlikti s\u0105\u017einingai ir eti\u0161kai.\u00a0<a href=\"https:\/\/wp.adisoft.lt\/vtdko\/wp-content\/uploads\/2022\/10\/Moksline\u0307_etika_ir_akademinis_sa\u0328z\u030ciningumas_2019.pdf\" target=\"_blank\" rel=\"noopener\">Norint i\u0161vengti plagijavimo<\/a>, b\u016btina pateikti bibliografines nuorodas \u012f \u0161altinius. Nuorod\u0173 pateikimas tekste leid\u017eia identifikuoti, koks \u0161altinis yra cituojamas. Informacij\u0105 i\u0161 \u0161altini\u0173 galima naudoti keliais b\u016bdais:\u00a0<\/p><ul><li><strong>Citavimas<\/strong>\u00a0&#8211; palyginti trumpa i\u0161trauka i\u0161 kito k\u016brinio, skirta paties autoriaus teiginiams \u012frodyti arba padaryti juos suprantamus, arba teikti nuorod\u0105 \u012f kito autoriaus po\u017ei\u016br\u012f ar mintis, suformuluotas originale. Pateikiami tiksl\u016bs autoriaus \u017eod\u017eiai. Citata ra\u0161ome kabut\u0117se (\u201e&#8230;&#8221;).<\/li><li><strong>Perfrazavimas<\/strong>\u00a0&#8211; kit\u0173 autori\u0173 mintys perpasakotos savais \u017eod\u017eiais, nei\u0161kreipiant autoriaus minties Perfrazuojant b\u016btina atskirti kito autoriaus mintis nuo sav\u0173 komentar\u0173, naudoti \u012fvairias frazes, pvz.: mokslininko po\u017ei\u016briu&#8230;,kaip teigia&#8230;, kaip teigia&#8230;, kaip tvirtina&#8230;, anot&#8230;ir kt.<\/li><\/ul><p>Visus moksliniame darbe cituotus, analizuotus ir apibendrintus \u0161altinius reikia nurodyti tekste (nuorodos) ir literat\u016bros s\u0105ra\u0161e (\u0161altini\u0173 bibliografiniai apra\u0161ai). Jame turi b\u016bti apra\u0161yti visi ir tik tie \u0161altiniai, kurie yra pamin\u0117ti tekste, o tekste turi b\u016bti nurodyti tik tiek \u0161altiniai, kurie \u012ftraukti \u012f literat\u016bros s\u0105ra\u0161\u0105.\u00a0<\/p><ul><li>Informacini\u0173 \u0161altini\u0173 citavimui bei s\u0105ra\u0161o sudarymui Kolegijoje naudojamas\u00a0<a href=\"https:\/\/wp.adisoft.lt\/vtdko\/wp-content\/uploads\/2022\/10\/APA_American_Psychological_Association.pdf\" target=\"_blank\" rel=\"noopener\">APA (Amercian Pshychological Association) citavimo standartas<\/a>.\u00a0APA stiliaus\u00a0<a href=\"https:\/\/wp.adisoft.lt\/vtdko\/wp-content\/uploads\/2022\/10\/APA_s\u030caltiniai.pdf\" target=\"_blank\" rel=\"noopener\">knyg\u0173 ir straipsni\u0173 pavyzd\u017eiai<\/a>,\u00a0<a href=\"https:\/\/wp.adisoft.lt\/vtdko\/wp-content\/uploads\/2022\/10\/APA_paveikslu\u0328_internetiniu\u0328_s\u030caltiniu\u0328_ir_soc._tinklu\u0328_pavyzdz\u030ciai.pdf\" target=\"_blank\" rel=\"noopener\">paveiksl\u0173, internetini\u0173 \u0161altini\u0173 ir soc. tinkl\u0173 pavyzd\u017eiai.<\/a><\/li><li>\u0160altini\u0173 citavime nurodomi pagrindiniai bibliografinio apra\u0161o elementai:\u00a0<a href=\"https:\/\/wp.adisoft.lt\/vtdko\/wp-content\/uploads\/2022\/10\/Pagrindiniai_bibliografinio_apras\u030co_elementai.pdf\" target=\"_blank\" rel=\"noopener\">autorius; antra\u0161t\u0117, paantra\u0161t\u0117; leidimo duomenys; apimtis; tarptautinis standartinis numeris<\/a>.<\/li><li><a href=\"https:\/\/wp.adisoft.lt\/vtdko\/wp-content\/uploads\/2022\/10\/Pagalba_cituojant.pdf\" target=\"_blank\" rel=\"noopener\">Pavyzd\u017eiai<\/a>, kaip galima paprastu b\u016bdu, nusikopijuoti bibliografin\u012f apra\u0161\u0105, naudojant VTDK virtuali\u0105 bibliotek\u0105, duomen\u0173 bazes, Google Scholar; kaip Microsoft Word kurti ir tvarkyti \u0161altinius ir apra\u0161us.\u00a0<\/li><li>Bibliografini\u0173 s\u0105ra\u0161\u0173 sudarymui, citavimui rekomenduojama naudotis atvirosios prieigos informacijos tvarkymo \u012frankiais\u00a0<a href=\"https:\/\/www.zotero.org\/\">Zotero<\/a>\u00a0<a href=\"https:\/\/vtdko.lt\/images\/Biblioteka\/Publikacijos\/zotero_pdf.pdf\">(<\/a><a href=\"https:\/\/wp.adisoft.lt\/vtdko\/wp-content\/uploads\/2022\/10\/ZOTERO.pdf\">instrukcija<\/a><a href=\"https:\/\/vtdko.lt\/images\/Biblioteka\/Publikacijos\/zotero_pdf.pdf\">)<\/a>,\u00a0<a href=\"https:\/\/www.mendeley.com\/download-desktop\/\">Mendeley<\/a>.<\/li><li>Kiti populiar\u016bs citavimo stiliai:\u00a0<a href=\"https:\/\/wp.adisoft.lt\/vtdko\/wp-content\/uploads\/2022\/10\/iso_lst.pdf\" target=\"_blank\" rel=\"noopener\">LST ISO 690:2010 standartas<\/a>\u00a0&#8211;\u00a0Lietuvoje patvirtintas tarptautinis standartas, kuriuo rekomenduojama vadovautis, jeigu n\u0117ra kit\u0173 nurodym\u0173;\u00a0Harvardo stilius ypatingas tuo, kad nei tekste, nei literat\u016bros s\u0105ra\u0161e nenaudojama numeracija.<\/li><\/ul><p>Daugiau informacijos: Efektyvus elektronini\u0173 mokslo informacijos i\u0161tekli\u0173 naudojimas: Nacionalinio projekto eMoDB.LT mokomoji med\u017eiaga tyr\u0117jams ir studentams [interaktyvus]. 2019. Atviroji prieiga:\u00a0<a href=\"https:\/\/open.ktu.edu\/mod\/book\/view.php?id=1155&amp;chapterid=647\">https:\/\/open.ktu.edu\/mod\/book\/view.php?id=1155&amp;chapterid=647<\/a><\/p>\t\t\t\t\t\t<\/div>\n\t\t\t\t<\/div>\n\t\t\t\t\t<\/div>\n\t\t<\/div>\n\t\t\t\t\t\t\t<\/div>\n\t\t<\/section>\n\t\t\t\t<section class=\"elementor-section elementor-top-section elementor-element elementor-element-3d2d2a9 elementor-section-boxed elementor-section-height-default elementor-section-height-default\" data-id=\"3d2d2a9\" data-element_type=\"section\">\n\t\t\t\t\t\t<div class=\"elementor-container elementor-column-gap-default\">\n\t\t\t\t\t<div class=\"elementor-column elementor-col-100 elementor-top-column elementor-element elementor-element-a33d0f3\" data-id=\"a33d0f3\" data-element_type=\"column\">\n\t\t\t<div class=\"elementor-widget-wrap elementor-element-populated\">\n\t\t\t\t\t\t\t\t<div class=\"elementor-element elementor-element-dcedab1 elementor-widget elementor-widget-spacer\" data-id=\"dcedab1\" data-element_type=\"widget\" data-widget_type=\"spacer.default\">\n\t\t\t\t<div class=\"elementor-widget-container\">\n\t\t\t\t\t<div class=\"elementor-spacer\">\n\t\t\t<div class=\"elementor-spacer-inner\"><\/div>\n\t\t<\/div>\n\t\t\t\t<\/div>\n\t\t\t\t<\/div>\n\t\t\t\t\t<\/div>\n\t\t<\/div>\n\t\t\t\t\t\t\t<\/div>\n\t\t<\/section>\n\t\t\t\t\t\t\t<\/div>\n\t\t","protected":false},"excerpt":{"rendered":"<p>Bibliografin\u0117s nuorodos ir citavimas Vilniaus technologij\u0173 ir dizaino kolegija \u2013 \u010dia hobis virsta profesija! Informacijos \u0161altini\u0173 apra\u0161\u0173, citavimo ir literat\u016bros s\u0105ra\u0161\u0173 sudarymo, tvarkymo galimyb\u0117s Mokslinio darbo autorius, skelbdamas savo atlikt\u0173 tyrim\u0173 ar teorini\u0173 svarstym\u0173 rezultatus, turi nei\u0161vengiamai remtis kit\u0173 mokslinink\u0173 k\u016briniais ar tekstais bei parodyti savo santyk\u012f su jais. Svarbu tai atlikti s\u0105\u017einingai ir eti\u0161kai.\u00a0Norint&#8230;<\/p>\n","protected":false},"author":1,"featured_media":0,"parent":995905,"menu_order":0,"comment_status":"closed","ping_status":"closed","template":"","meta":{"inline_featured_image":false,"footnotes":""},"class_list":["post-995903","page","type-page","status-publish","hentry"],"yoast_head":"<!-- This site is optimized with the Yoast SEO plugin v19.12 - https:\/\/yoast.com\/wordpress\/plugins\/seo\/ -->\n<title>Bibliografin\u0117s nuorodos ir citavimas - vtdko<\/title>\n<meta name=\"robots\" content=\"noindex, follow, max-snippet:-1, max-image-preview:large, max-video-preview:-1\" \/>\n<meta property=\"og:locale\" content=\"en_US\" \/>\n<meta property=\"og:type\" content=\"article\" \/>\n<meta property=\"og:title\" content=\"Bibliografin\u0117s nuorodos ir citavimas - vtdko\" \/>\n<meta property=\"og:description\" content=\"Bibliografin\u0117s nuorodos ir citavimas Vilniaus technologij\u0173 ir dizaino kolegija \u2013 \u010dia hobis virsta profesija! Informacijos \u0161altini\u0173 apra\u0161\u0173, citavimo ir literat\u016bros s\u0105ra\u0161\u0173 sudarymo, tvarkymo galimyb\u0117s Mokslinio darbo autorius, skelbdamas savo atlikt\u0173 tyrim\u0173 ar teorini\u0173 svarstym\u0173 rezultatus, turi nei\u0161vengiamai remtis kit\u0173 mokslinink\u0173 k\u016briniais ar tekstais bei parodyti savo santyk\u012f su jais. Svarbu tai atlikti s\u0105\u017einingai ir eti\u0161kai.\u00a0Norint...\" \/>\n<meta property=\"og:url\" content=\"https:\/\/wp.adisoft.lt\/vtdko\/en\/biblioteka\/mokslas-publikacijos-citavimas\/bibliografines-nuorodos-ir-citavimas\/\" \/>\n<meta property=\"og:site_name\" content=\"vtdko\" \/>\n<meta name=\"twitter:card\" content=\"summary_large_image\" \/>\n<meta name=\"twitter:label1\" content=\"Est. reading time\" \/>\n\t<meta name=\"twitter:data1\" content=\"2 minutes\" \/>\n<script type=\"application\/ld+json\" class=\"yoast-schema-graph\">{\"@context\":\"https:\/\/schema.org\",\"@graph\":[{\"@type\":\"WebPage\",\"@id\":\"https:\/\/wp.adisoft.lt\/vtdko\/en\/biblioteka\/mokslas-publikacijos-citavimas\/bibliografines-nuorodos-ir-citavimas\/\",\"url\":\"https:\/\/wp.adisoft.lt\/vtdko\/en\/biblioteka\/mokslas-publikacijos-citavimas\/bibliografines-nuorodos-ir-citavimas\/\",\"name\":\"Bibliografin\u0117s nuorodos ir citavimas - vtdko\",\"isPartOf\":{\"@id\":\"https:\/\/wp.adisoft.lt\/vtdko\/en\/#website\"},\"datePublished\":\"2022-10-26T06:13:30+00:00\",\"dateModified\":\"2022-10-26T06:13:30+00:00\",\"breadcrumb\":{\"@id\":\"https:\/\/wp.adisoft.lt\/vtdko\/en\/biblioteka\/mokslas-publikacijos-citavimas\/bibliografines-nuorodos-ir-citavimas\/#breadcrumb\"},\"inLanguage\":\"en-US\",\"potentialAction\":[{\"@type\":\"ReadAction\",\"target\":[\"https:\/\/wp.adisoft.lt\/vtdko\/en\/biblioteka\/mokslas-publikacijos-citavimas\/bibliografines-nuorodos-ir-citavimas\/\"]}]},{\"@type\":\"BreadcrumbList\",\"@id\":\"https:\/\/wp.adisoft.lt\/vtdko\/en\/biblioteka\/mokslas-publikacijos-citavimas\/bibliografines-nuorodos-ir-citavimas\/#breadcrumb\",\"itemListElement\":[{\"@type\":\"ListItem\",\"position\":1,\"name\":\"Pagrindinis\",\"item\":\"https:\/\/wp.adisoft.lt\/vtdko\/en\/pagrindinis\/\"},{\"@type\":\"ListItem\",\"position\":2,\"name\":\"Biblioteka\",\"item\":\"https:\/\/wp.adisoft.lt\/vtdko\/en\/biblioteka\/\"},{\"@type\":\"ListItem\",\"position\":3,\"name\":\"Mokslas, publikacijos, citavimas\",\"item\":\"https:\/\/wp.adisoft.lt\/vtdko\/en\/biblioteka\/mokslas-publikacijos-citavimas\/\"},{\"@type\":\"ListItem\",\"position\":4,\"name\":\"Bibliografin\u0117s nuorodos ir citavimas\"}]},{\"@type\":\"WebSite\",\"@id\":\"https:\/\/wp.adisoft.lt\/vtdko\/en\/#website\",\"url\":\"https:\/\/wp.adisoft.lt\/vtdko\/en\/\",\"name\":\"vtdko\",\"description\":\"Vilniaus technologij\u0173 ir dizaino kolegija\",\"publisher\":{\"@id\":\"https:\/\/wp.adisoft.lt\/vtdko\/en\/#organization\"},\"potentialAction\":[{\"@type\":\"SearchAction\",\"target\":{\"@type\":\"EntryPoint\",\"urlTemplate\":\"https:\/\/wp.adisoft.lt\/vtdko\/en\/?s={search_term_string}\"},\"query-input\":\"required name=search_term_string\"}],\"inLanguage\":\"en-US\"},{\"@type\":\"Organization\",\"@id\":\"https:\/\/wp.adisoft.lt\/vtdko\/en\/#organization\",\"name\":\"vtdko\",\"url\":\"https:\/\/wp.adisoft.lt\/vtdko\/en\/\",\"logo\":{\"@type\":\"ImageObject\",\"inLanguage\":\"en-US\",\"@id\":\"https:\/\/wp.adisoft.lt\/vtdko\/en\/#\/schema\/logo\/image\/\",\"url\":\"https:\/\/wp.adisoft.lt\/vtdko\/wp-content\/uploads\/2020\/02\/Logo-su-tekstu-01.svg\",\"contentUrl\":\"https:\/\/wp.adisoft.lt\/vtdko\/wp-content\/uploads\/2020\/02\/Logo-su-tekstu-01.svg\",\"width\":151,\"height\":74,\"caption\":\"vtdko\"},\"image\":{\"@id\":\"https:\/\/wp.adisoft.lt\/vtdko\/en\/#\/schema\/logo\/image\/\"}}]}<\/script>\n<!-- \/ Yoast SEO plugin. -->","yoast_head_json":{"title":"Bibliografin\u0117s nuorodos ir citavimas - vtdko","robots":{"index":"noindex","follow":"follow","max-snippet":"max-snippet:-1","max-image-preview":"max-image-preview:large","max-video-preview":"max-video-preview:-1"},"og_locale":"en_US","og_type":"article","og_title":"Bibliografin\u0117s nuorodos ir citavimas - vtdko","og_description":"Bibliografin\u0117s nuorodos ir citavimas Vilniaus technologij\u0173 ir dizaino kolegija \u2013 \u010dia hobis virsta profesija! Informacijos \u0161altini\u0173 apra\u0161\u0173, citavimo ir literat\u016bros s\u0105ra\u0161\u0173 sudarymo, tvarkymo galimyb\u0117s Mokslinio darbo autorius, skelbdamas savo atlikt\u0173 tyrim\u0173 ar teorini\u0173 svarstym\u0173 rezultatus, turi nei\u0161vengiamai remtis kit\u0173 mokslinink\u0173 k\u016briniais ar tekstais bei parodyti savo santyk\u012f su jais. Svarbu tai atlikti s\u0105\u017einingai ir eti\u0161kai.\u00a0Norint...","og_url":"https:\/\/wp.adisoft.lt\/vtdko\/en\/biblioteka\/mokslas-publikacijos-citavimas\/bibliografines-nuorodos-ir-citavimas\/","og_site_name":"vtdko","twitter_card":"summary_large_image","twitter_misc":{"Est. reading time":"2 minutes"},"schema":{"@context":"https:\/\/schema.org","@graph":[{"@type":"WebPage","@id":"https:\/\/wp.adisoft.lt\/vtdko\/en\/biblioteka\/mokslas-publikacijos-citavimas\/bibliografines-nuorodos-ir-citavimas\/","url":"https:\/\/wp.adisoft.lt\/vtdko\/en\/biblioteka\/mokslas-publikacijos-citavimas\/bibliografines-nuorodos-ir-citavimas\/","name":"Bibliografin\u0117s nuorodos ir citavimas - vtdko","isPartOf":{"@id":"https:\/\/wp.adisoft.lt\/vtdko\/en\/#website"},"datePublished":"2022-10-26T06:13:30+00:00","dateModified":"2022-10-26T06:13:30+00:00","breadcrumb":{"@id":"https:\/\/wp.adisoft.lt\/vtdko\/en\/biblioteka\/mokslas-publikacijos-citavimas\/bibliografines-nuorodos-ir-citavimas\/#breadcrumb"},"inLanguage":"en-US","potentialAction":[{"@type":"ReadAction","target":["https:\/\/wp.adisoft.lt\/vtdko\/en\/biblioteka\/mokslas-publikacijos-citavimas\/bibliografines-nuorodos-ir-citavimas\/"]}]},{"@type":"BreadcrumbList","@id":"https:\/\/wp.adisoft.lt\/vtdko\/en\/biblioteka\/mokslas-publikacijos-citavimas\/bibliografines-nuorodos-ir-citavimas\/#breadcrumb","itemListElement":[{"@type":"ListItem","position":1,"name":"Pagrindinis","item":"https:\/\/wp.adisoft.lt\/vtdko\/en\/pagrindinis\/"},{"@type":"ListItem","position":2,"name":"Biblioteka","item":"https:\/\/wp.adisoft.lt\/vtdko\/en\/biblioteka\/"},{"@type":"ListItem","position":3,"name":"Mokslas, publikacijos, citavimas","item":"https:\/\/wp.adisoft.lt\/vtdko\/en\/biblioteka\/mokslas-publikacijos-citavimas\/"},{"@type":"ListItem","position":4,"name":"Bibliografin\u0117s nuorodos ir citavimas"}]},{"@type":"WebSite","@id":"https:\/\/wp.adisoft.lt\/vtdko\/en\/#website","url":"https:\/\/wp.adisoft.lt\/vtdko\/en\/","name":"vtdko","description":"Vilniaus technologij\u0173 ir dizaino kolegija","publisher":{"@id":"https:\/\/wp.adisoft.lt\/vtdko\/en\/#organization"},"potentialAction":[{"@type":"SearchAction","target":{"@type":"EntryPoint","urlTemplate":"https:\/\/wp.adisoft.lt\/vtdko\/en\/?s={search_term_string}"},"query-input":"required name=search_term_string"}],"inLanguage":"en-US"},{"@type":"Organization","@id":"https:\/\/wp.adisoft.lt\/vtdko\/en\/#organization","name":"vtdko","url":"https:\/\/wp.adisoft.lt\/vtdko\/en\/","logo":{"@type":"ImageObject","inLanguage":"en-US","@id":"https:\/\/wp.adisoft.lt\/vtdko\/en\/#\/schema\/logo\/image\/","url":"https:\/\/wp.adisoft.lt\/vtdko\/wp-content\/uploads\/2020\/02\/Logo-su-tekstu-01.svg","contentUrl":"https:\/\/wp.adisoft.lt\/vtdko\/wp-content\/uploads\/2020\/02\/Logo-su-tekstu-01.svg","width":151,"height":74,"caption":"vtdko"},"image":{"@id":"https:\/\/wp.adisoft.lt\/vtdko\/en\/#\/schema\/logo\/image\/"}}]}},"_links":{"self":[{"href":"https:\/\/wp.adisoft.lt\/vtdko\/en\/wp-json\/wp\/v2\/pages\/995903","targetHints":{"allow":["GET"]}}],"collection":[{"href":"https:\/\/wp.adisoft.lt\/vtdko\/en\/wp-json\/wp\/v2\/pages"}],"about":[{"href":"https:\/\/wp.adisoft.lt\/vtdko\/en\/wp-json\/wp\/v2\/types\/page"}],"author":[{"embeddable":true,"href":"https:\/\/wp.adisoft.lt\/vtdko\/en\/wp-json\/wp\/v2\/users\/1"}],"replies":[{"embeddable":true,"href":"https:\/\/wp.adisoft.lt\/vtdko\/en\/wp-json\/wp\/v2\/comments?post=995903"}],"version-history":[{"count":0,"href":"https:\/\/wp.adisoft.lt\/vtdko\/en\/wp-json\/wp\/v2\/pages\/995903\/revisions"}],"up":[{"embeddable":true,"href":"https:\/\/wp.adisoft.lt\/vtdko\/en\/wp-json\/wp\/v2\/pages\/995905"}],"wp:attachment":[{"href":"https:\/\/wp.adisoft.lt\/vtdko\/en\/wp-json\/wp\/v2\/media?parent=995903"}],"curies":[{"name":"wp","href":"https:\/\/api.w.org\/{rel}","templated":true}]}}