{"id":995909,"date":"2022-10-26T08:51:15","date_gmt":"2022-10-26T05:51:15","guid":{"rendered":"https:\/\/wp.adisoft.lt\/vtdko\/elektroniniai-istekliai\/elektronines-knygos\/"},"modified":"2022-10-26T08:51:15","modified_gmt":"2022-10-26T05:51:15","slug":"elektronines-knygos","status":"publish","type":"page","link":"https:\/\/wp.adisoft.lt\/vtdko\/en\/biblioteka\/elektroniniai-istekliai\/elektronines-knygos\/","title":{"rendered":"Elektronin\u0117s knygos"},"content":{"rendered":"\t\t<div data-elementor-type=\"wp-page\" data-elementor-id=\"995909\" class=\"elementor elementor-995909 elementor-991379\">\n\t\t\t\t\t\t\t\t\t<section class=\"elementor-section elementor-top-section elementor-element elementor-element-4a1717b elementor-section-height-min-height elementor-section-boxed elementor-section-height-default elementor-section-items-middle\" data-id=\"4a1717b\" data-element_type=\"section\" data-settings=\"{&quot;background_background&quot;:&quot;classic&quot;,&quot;animation&quot;:&quot;none&quot;}\">\n\t\t\t\t\t\t<div class=\"elementor-container elementor-column-gap-default\">\n\t\t\t\t\t<div class=\"elementor-column elementor-col-100 elementor-top-column elementor-element elementor-element-189fd87\" data-id=\"189fd87\" data-element_type=\"column\" data-settings=\"{&quot;background_background&quot;:&quot;classic&quot;}\">\n\t\t\t<div class=\"elementor-widget-wrap\">\n\t\t\t\t\t\t\t\t\t<\/div>\n\t\t<\/div>\n\t\t\t\t\t\t\t<\/div>\n\t\t<\/section>\n\t\t\t\t<section class=\"elementor-section elementor-top-section elementor-element elementor-element-8b8252a elementor-section-boxed elementor-section-height-default elementor-section-height-default\" data-id=\"8b8252a\" data-element_type=\"section\" data-settings=\"{&quot;animation&quot;:&quot;none&quot;,&quot;animation_tablet&quot;:&quot;none&quot;,&quot;animation_mobile&quot;:&quot;none&quot;}\">\n\t\t\t\t\t\t<div class=\"elementor-container elementor-column-gap-no\">\n\t\t\t\t\t<div class=\"elementor-column elementor-col-50 elementor-top-column elementor-element elementor-element-36a1b8f animated-fast elementor-invisible\" data-id=\"36a1b8f\" data-element_type=\"column\" data-settings=\"{&quot;background_background&quot;:&quot;classic&quot;,&quot;animation&quot;:&quot;fadeIn&quot;,&quot;animation_delay&quot;:100}\">\n\t\t\t<div class=\"elementor-widget-wrap elementor-element-populated\">\n\t\t\t\t\t\t\t\t<div class=\"elementor-element elementor-element-dd041ac elementor-widget__width-auto elementor-widget-tablet__width-auto elementor-widget-mobile__width-inherit elementor-widget elementor-widget-heading\" data-id=\"dd041ac\" data-element_type=\"widget\" data-settings=\"{&quot;_animation&quot;:&quot;none&quot;,&quot;_animation_delay&quot;:200}\" data-widget_type=\"heading.heading_charityfy\">\n\t\t\t\t<div class=\"elementor-widget-container\">\n\t\t\t<h1 class=\"elementor-heading-title elementor-size-default\">Elektronin\u0117s knygos<\/h1>\t\t<\/div>\n\t\t\t\t<\/div>\n\t\t\t\t<div class=\"elementor-element elementor-element-114e13f elementor-widget elementor-widget-text-editor\" data-id=\"114e13f\" data-element_type=\"widget\" data-settings=\"{&quot;_animation&quot;:&quot;none&quot;,&quot;_animation_delay&quot;:300}\" data-widget_type=\"text-editor.default\">\n\t\t\t\t<div class=\"elementor-widget-container\">\n\t\t\t\t\t\t\t<p>Vilniaus technologij\u0173 ir dizaino kolegija \u2013 \u010dia hobis virsta profesija!<\/p>\t\t\t\t\t\t<\/div>\n\t\t\t\t<\/div>\n\t\t\t\t\t<\/div>\n\t\t<\/div>\n\t\t\t\t<div class=\"elementor-column elementor-col-50 elementor-top-column elementor-element elementor-element-f78ec27 elementor-hidden-desktop elementor-hidden-tablet elementor-hidden-phone\" data-id=\"f78ec27\" data-element_type=\"column\">\n\t\t\t<div class=\"elementor-widget-wrap\">\n\t\t\t\t\t\t\t\t\t<\/div>\n\t\t<\/div>\n\t\t\t\t\t\t\t<\/div>\n\t\t<\/section>\n\t\t\t\t<section class=\"elementor-section elementor-top-section elementor-element elementor-element-8f37da3 elementor-section-boxed elementor-section-height-default elementor-section-height-default\" data-id=\"8f37da3\" data-element_type=\"section\">\n\t\t\t\t\t\t<div class=\"elementor-container elementor-column-gap-default\">\n\t\t\t\t\t<div class=\"elementor-column elementor-col-100 elementor-top-column elementor-element elementor-element-076b17f\" data-id=\"076b17f\" data-element_type=\"column\">\n\t\t\t<div class=\"elementor-widget-wrap elementor-element-populated\">\n\t\t\t\t\t\t\t\t<div class=\"elementor-element elementor-element-774409f elementor-widget elementor-widget-spacer\" data-id=\"774409f\" data-element_type=\"widget\" data-widget_type=\"spacer.default\">\n\t\t\t\t<div class=\"elementor-widget-container\">\n\t\t\t\t\t<div class=\"elementor-spacer\">\n\t\t\t<div class=\"elementor-spacer-inner\"><\/div>\n\t\t<\/div>\n\t\t\t\t<\/div>\n\t\t\t\t<\/div>\n\t\t\t\t\t<\/div>\n\t\t<\/div>\n\t\t\t\t\t\t\t<\/div>\n\t\t<\/section>\n\t\t\t\t<section class=\"elementor-section elementor-top-section elementor-element elementor-element-dbcb1d4 elementor-section-boxed elementor-section-height-default elementor-section-height-default\" data-id=\"dbcb1d4\" data-element_type=\"section\">\n\t\t\t\t\t\t<div class=\"elementor-container elementor-column-gap-default\">\n\t\t\t\t\t<div class=\"elementor-column elementor-col-100 elementor-top-column elementor-element elementor-element-56c6399\" data-id=\"56c6399\" data-element_type=\"column\">\n\t\t\t<div class=\"elementor-widget-wrap elementor-element-populated\">\n\t\t\t\t\t\t\t\t<div class=\"elementor-element elementor-element-e2239db elementor-widget elementor-widget-text-editor\" data-id=\"e2239db\" data-element_type=\"widget\" data-widget_type=\"text-editor.default\">\n\t\t\t\t<div class=\"elementor-widget-container\">\n\t\t\t\t\t\t\t<table class=\"table\"><tbody><tr><td><strong>Elektronin\u0117s knygos<\/strong><\/td><td><strong>Apra\u0161ymas<\/strong><\/td><td><strong>Prisijungimas<\/strong><\/td><\/tr><tr><td><a href=\"https:\/\/www.ebooks.vgtu.lt\/bookshelf\" target=\"_blank\" rel=\"noopener noreferrer\">VILNIUS TECH elektronini\u0173 knyg\u0173 kolekcija<\/a><\/td><td>Prenumeruojama daugiau nei 650 Vilniaus Gedimino technikos universiteto VILNIUS TECH\u00a0elektronini\u0173 knyg\u0173 technini\u0173, fizini\u0173, humanitarini\u0173, socialini\u0173 moksl\u0173 temomis\u00a0<a href=\"https:\/\/vtdko.lt\/images\/Biblioteka\/nuotraukos\/Duomen%C5%B3_baz%C4%97s\/VGTU_EBOOKS.pdf\">(<\/a><a href=\"https:\/\/vtdko.lt\/images\/Biblioteka\/Paslaugos\/VGTU_el._knygu_instrukcija_1-converted.pdf\">PDF instrukcija<\/a>,\u00a0<a href=\"https:\/\/vtdko.lt\/images\/Biblioteka\/Duomenu_bazes\/vtdk.mp4\">video instrukcija<\/a><a href=\"https:\/\/vtdko.lt\/images\/Biblioteka\/nuotraukos\/Duomen%C5%B3_baz%C4%97s\/VGTU_EBOOKS.pdf\">)<\/a>.\u00a0<a href=\"https:\/\/vtdk.library.lt\/vgtu\">Nuoroda \u012f VILNIUS TECH el. knyg\u0173 katalog\u0105<\/a><\/td><td>Elektronin\u0117mis knygomis galite naudotis i\u0161 Kolegijos kompiuteri\u0173 arba i\u0161 nam\u0173 per\u00a0<a href=\"http:\/\/ezproxy.vtdko.lt:2048\/login\">Nuotolin\u0119 prieig\u0105.<\/a><\/td><\/tr><tr><td><a href=\"https:\/\/www.ebooks.ktu.lt\/main.php\" target=\"_blank\" rel=\"noopener noreferrer\">Kauno technologijos universiteto elektronini\u0173 knyg\u0173 kolekcija<\/a><\/td><td>Prenumeruojama apie 900 Kauno technologijos universiteto leidyklos\u00a0<em>Technologija<\/em>\u00a0elektronini\u0173 knyg\u0173 \u012fvairiomis temomis\u00a0<a href=\"https:\/\/vtdko.lt\/images\/Biblioteka\/nuotraukos\/Duomen%C5%B3_baz%C4%97s\/KTU_EBOOKS.pdf\">(<\/a><a href=\"https:\/\/vtdko.lt\/images\/Biblioteka\/Paslaugos\/KTU_el._knygos_instrukcija.pdf\">PDF instrukcija<\/a>,\u00a0<a href=\"https:\/\/vtdko.lt\/images\/Biblioteka\/Duomenu_bazes\/KTU%20el.knyg%C5%B3%20instrukcija.mp4\">video instrukcija<\/a><a href=\"https:\/\/vtdko.lt\/images\/Biblioteka\/nuotraukos\/Duomen%C5%B3_baz%C4%97s\/KTU_EBOOKS.pdf\">)<\/a>.\u00a0<a href=\"https:\/\/vtdk.library.lt\/ktu\">Nuoroda \u012f KTU el. knyg\u0173 katalog\u0105<\/a><\/td><td>Elektronin\u0117mis knygomis galite naudotis i\u0161 Kolegijos kompiuteri\u0173 arba i\u0161 nam\u0173 (prisijungimo duomenys:\u00a0<em>el.pa\u0161tas<\/em>\u00a0<strong>vtdk<\/strong>;\u00a0<em>kodas<\/em>\u00a0<strong>biblioteka<\/strong>).<\/td><\/tr><tr><td><a href=\"https:\/\/repository.mruni.eu\/?locale-attribute=lt\" target=\"_blank\" rel=\"noopener noreferrer\">Mykolo Romerio universiteto elektronini\u0173 knyg\u0173 kolekcija<\/a><\/td><td>Atvirosios prieigos Mykolo Romerio universiteto elektronin\u0117s knygos humanitarini\u0173, socialini\u0173, tiksli\u0173j\u0173 moksl\u0173 temomis yra laisvai prieinamos visiems skaitytojams.\u00a0<a href=\"https:\/\/vtdk.library.lt\/mru\">Nuoroda \u012f MRU el. knyg\u0173 katalog\u0105<\/a><\/td><td>Visos elektronin\u0117s knygos laisvai prieinamos i\u0161 bet kurio kompiuterio.\u00a0<\/td><\/tr><tr><td><a href=\"http:\/\/ebooks.vdu.lt\/\">Vytauto Did\u017eiojo universiteto elektronini\u0173 knyg\u0173 kolekcija<\/a><\/td><td>Atvirosios prieigos Vytauto Did\u017eiojo universiteto elektronin\u0117s knygos socialini\u0173 ir humanitarini\u0173 moksl\u0173 temomis. Dalis knyg\u0173 yra laisvai prieinamos visiems skaitytojams.\u00a0<\/td><td>Dalis elektronini\u0173 knyg\u0173 yra laisvai prieinamos i\u0161 bet kurio kompiuterio.\u00a0<\/td><\/tr><\/tbody><\/table><p>Prisijungimui prie prenumeruojam\u0173 elektronini\u0173 knyg\u0173 i\u0161 nam\u0173 naudojama\u00a0<a href=\"http:\/\/ezproxy.vtdko.lt:2048\/menu\">Nuotolin\u0117 prieiga<\/a>\u00a0bei tie patys duomenys kaip ir jungiantis prie\u00a0VTDK el. pa\u0161to d\u0117\u017eut\u0117s\u00a0(vartotojo vardas\u00a0\u2013\u00a0kolegijos suteiktas elektroninio pa\u0161to adresas, slapta\u017eodis\u00a0\u2013\u00a0elektroninio pa\u0161to slapta\u017eodis).<\/p><p><strong>Vartotojui draud\u017eiama:\u00a0<\/strong>prisijungimo duomenis perduoti ar suteikti prieig\u0105 kitiems asmenims; rast\u0105 informacij\u0105 naudoti komerciniais tikslais; kopijuoti labai didelius informacijos kiekius.<\/p>\t\t\t\t\t\t<\/div>\n\t\t\t\t<\/div>\n\t\t\t\t<div class=\"elementor-element elementor-element-f933cfc elementor-widget elementor-widget-spacer\" data-id=\"f933cfc\" data-element_type=\"widget\" data-widget_type=\"spacer.default\">\n\t\t\t\t<div class=\"elementor-widget-container\">\n\t\t\t\t\t<div class=\"elementor-spacer\">\n\t\t\t<div class=\"elementor-spacer-inner\"><\/div>\n\t\t<\/div>\n\t\t\t\t<\/div>\n\t\t\t\t<\/div>\n\t\t\t\t\t<\/div>\n\t\t<\/div>\n\t\t\t\t\t\t\t<\/div>\n\t\t<\/section>\n\t\t\t\t\t\t\t<\/div>\n\t\t","protected":false},"excerpt":{"rendered":"<p>Elektronin\u0117s knygos Vilniaus technologij\u0173 ir dizaino kolegija \u2013 \u010dia hobis virsta profesija! Elektronin\u0117s knygos Apra\u0161ymas Prisijungimas VILNIUS TECH elektronini\u0173 knyg\u0173 kolekcija Prenumeruojama daugiau nei 650 Vilniaus Gedimino technikos universiteto VILNIUS TECH\u00a0elektronini\u0173 knyg\u0173 technini\u0173, fizini\u0173, humanitarini\u0173, socialini\u0173 moksl\u0173 temomis\u00a0(PDF instrukcija,\u00a0video instrukcija).\u00a0Nuoroda \u012f VILNIUS TECH el. knyg\u0173 katalog\u0105 Elektronin\u0117mis knygomis galite naudotis i\u0161 Kolegijos kompiuteri\u0173 arba i\u0161&#8230;<\/p>\n","protected":false},"author":1,"featured_media":0,"parent":995907,"menu_order":0,"comment_status":"closed","ping_status":"closed","template":"","meta":{"inline_featured_image":false,"footnotes":""},"class_list":["post-995909","page","type-page","status-publish","hentry"],"yoast_head":"<!-- This site is optimized with the Yoast SEO plugin v19.12 - https:\/\/yoast.com\/wordpress\/plugins\/seo\/ -->\n<title>Elektronin\u0117s knygos - vtdko<\/title>\n<meta name=\"robots\" content=\"noindex, follow, max-snippet:-1, max-image-preview:large, max-video-preview:-1\" \/>\n<meta property=\"og:locale\" content=\"en_US\" \/>\n<meta property=\"og:type\" content=\"article\" \/>\n<meta property=\"og:title\" content=\"Elektronin\u0117s knygos - vtdko\" \/>\n<meta property=\"og:description\" content=\"Elektronin\u0117s knygos Vilniaus technologij\u0173 ir dizaino kolegija \u2013 \u010dia hobis virsta profesija! Elektronin\u0117s knygos Apra\u0161ymas Prisijungimas VILNIUS TECH elektronini\u0173 knyg\u0173 kolekcija Prenumeruojama daugiau nei 650 Vilniaus Gedimino technikos universiteto VILNIUS TECH\u00a0elektronini\u0173 knyg\u0173 technini\u0173, fizini\u0173, humanitarini\u0173, socialini\u0173 moksl\u0173 temomis\u00a0(PDF instrukcija,\u00a0video instrukcija).\u00a0Nuoroda \u012f VILNIUS TECH el. knyg\u0173 katalog\u0105 Elektronin\u0117mis knygomis galite naudotis i\u0161 Kolegijos kompiuteri\u0173 arba i\u0161...\" \/>\n<meta property=\"og:url\" content=\"https:\/\/wp.adisoft.lt\/vtdko\/en\/biblioteka\/elektroniniai-istekliai\/elektronines-knygos\/\" \/>\n<meta property=\"og:site_name\" content=\"vtdko\" \/>\n<meta name=\"twitter:card\" content=\"summary_large_image\" \/>\n<meta name=\"twitter:label1\" content=\"Est. reading time\" \/>\n\t<meta name=\"twitter:data1\" content=\"1 minute\" \/>\n<script type=\"application\/ld+json\" class=\"yoast-schema-graph\">{\"@context\":\"https:\/\/schema.org\",\"@graph\":[{\"@type\":\"WebPage\",\"@id\":\"https:\/\/wp.adisoft.lt\/vtdko\/en\/biblioteka\/elektroniniai-istekliai\/elektronines-knygos\/\",\"url\":\"https:\/\/wp.adisoft.lt\/vtdko\/en\/biblioteka\/elektroniniai-istekliai\/elektronines-knygos\/\",\"name\":\"Elektronin\u0117s knygos - vtdko\",\"isPartOf\":{\"@id\":\"https:\/\/wp.adisoft.lt\/vtdko\/en\/#website\"},\"datePublished\":\"2022-10-26T05:51:15+00:00\",\"dateModified\":\"2022-10-26T05:51:15+00:00\",\"breadcrumb\":{\"@id\":\"https:\/\/wp.adisoft.lt\/vtdko\/en\/biblioteka\/elektroniniai-istekliai\/elektronines-knygos\/#breadcrumb\"},\"inLanguage\":\"en-US\",\"potentialAction\":[{\"@type\":\"ReadAction\",\"target\":[\"https:\/\/wp.adisoft.lt\/vtdko\/en\/biblioteka\/elektroniniai-istekliai\/elektronines-knygos\/\"]}]},{\"@type\":\"BreadcrumbList\",\"@id\":\"https:\/\/wp.adisoft.lt\/vtdko\/en\/biblioteka\/elektroniniai-istekliai\/elektronines-knygos\/#breadcrumb\",\"itemListElement\":[{\"@type\":\"ListItem\",\"position\":1,\"name\":\"Pagrindinis\",\"item\":\"https:\/\/wp.adisoft.lt\/vtdko\/en\/pagrindinis\/\"},{\"@type\":\"ListItem\",\"position\":2,\"name\":\"Biblioteka\",\"item\":\"https:\/\/wp.adisoft.lt\/vtdko\/en\/biblioteka\/\"},{\"@type\":\"ListItem\",\"position\":3,\"name\":\"Elektroniniai i\u0161tekliai\",\"item\":\"https:\/\/wp.adisoft.lt\/vtdko\/en\/biblioteka\/elektroniniai-istekliai\/\"},{\"@type\":\"ListItem\",\"position\":4,\"name\":\"Elektronin\u0117s knygos\"}]},{\"@type\":\"WebSite\",\"@id\":\"https:\/\/wp.adisoft.lt\/vtdko\/en\/#website\",\"url\":\"https:\/\/wp.adisoft.lt\/vtdko\/en\/\",\"name\":\"vtdko\",\"description\":\"Vilniaus technologij\u0173 ir dizaino kolegija\",\"publisher\":{\"@id\":\"https:\/\/wp.adisoft.lt\/vtdko\/en\/#organization\"},\"potentialAction\":[{\"@type\":\"SearchAction\",\"target\":{\"@type\":\"EntryPoint\",\"urlTemplate\":\"https:\/\/wp.adisoft.lt\/vtdko\/en\/?s={search_term_string}\"},\"query-input\":\"required name=search_term_string\"}],\"inLanguage\":\"en-US\"},{\"@type\":\"Organization\",\"@id\":\"https:\/\/wp.adisoft.lt\/vtdko\/en\/#organization\",\"name\":\"vtdko\",\"url\":\"https:\/\/wp.adisoft.lt\/vtdko\/en\/\",\"logo\":{\"@type\":\"ImageObject\",\"inLanguage\":\"en-US\",\"@id\":\"https:\/\/wp.adisoft.lt\/vtdko\/en\/#\/schema\/logo\/image\/\",\"url\":\"https:\/\/wp.adisoft.lt\/vtdko\/wp-content\/uploads\/2020\/02\/Logo-su-tekstu-01.svg\",\"contentUrl\":\"https:\/\/wp.adisoft.lt\/vtdko\/wp-content\/uploads\/2020\/02\/Logo-su-tekstu-01.svg\",\"width\":151,\"height\":74,\"caption\":\"vtdko\"},\"image\":{\"@id\":\"https:\/\/wp.adisoft.lt\/vtdko\/en\/#\/schema\/logo\/image\/\"}}]}<\/script>\n<!-- \/ Yoast SEO plugin. -->","yoast_head_json":{"title":"Elektronin\u0117s knygos - vtdko","robots":{"index":"noindex","follow":"follow","max-snippet":"max-snippet:-1","max-image-preview":"max-image-preview:large","max-video-preview":"max-video-preview:-1"},"og_locale":"en_US","og_type":"article","og_title":"Elektronin\u0117s knygos - vtdko","og_description":"Elektronin\u0117s knygos Vilniaus technologij\u0173 ir dizaino kolegija \u2013 \u010dia hobis virsta profesija! Elektronin\u0117s knygos Apra\u0161ymas Prisijungimas VILNIUS TECH elektronini\u0173 knyg\u0173 kolekcija Prenumeruojama daugiau nei 650 Vilniaus Gedimino technikos universiteto VILNIUS TECH\u00a0elektronini\u0173 knyg\u0173 technini\u0173, fizini\u0173, humanitarini\u0173, socialini\u0173 moksl\u0173 temomis\u00a0(PDF instrukcija,\u00a0video instrukcija).\u00a0Nuoroda \u012f VILNIUS TECH el. knyg\u0173 katalog\u0105 Elektronin\u0117mis knygomis galite naudotis i\u0161 Kolegijos kompiuteri\u0173 arba i\u0161...","og_url":"https:\/\/wp.adisoft.lt\/vtdko\/en\/biblioteka\/elektroniniai-istekliai\/elektronines-knygos\/","og_site_name":"vtdko","twitter_card":"summary_large_image","twitter_misc":{"Est. reading time":"1 minute"},"schema":{"@context":"https:\/\/schema.org","@graph":[{"@type":"WebPage","@id":"https:\/\/wp.adisoft.lt\/vtdko\/en\/biblioteka\/elektroniniai-istekliai\/elektronines-knygos\/","url":"https:\/\/wp.adisoft.lt\/vtdko\/en\/biblioteka\/elektroniniai-istekliai\/elektronines-knygos\/","name":"Elektronin\u0117s knygos - vtdko","isPartOf":{"@id":"https:\/\/wp.adisoft.lt\/vtdko\/en\/#website"},"datePublished":"2022-10-26T05:51:15+00:00","dateModified":"2022-10-26T05:51:15+00:00","breadcrumb":{"@id":"https:\/\/wp.adisoft.lt\/vtdko\/en\/biblioteka\/elektroniniai-istekliai\/elektronines-knygos\/#breadcrumb"},"inLanguage":"en-US","potentialAction":[{"@type":"ReadAction","target":["https:\/\/wp.adisoft.lt\/vtdko\/en\/biblioteka\/elektroniniai-istekliai\/elektronines-knygos\/"]}]},{"@type":"BreadcrumbList","@id":"https:\/\/wp.adisoft.lt\/vtdko\/en\/biblioteka\/elektroniniai-istekliai\/elektronines-knygos\/#breadcrumb","itemListElement":[{"@type":"ListItem","position":1,"name":"Pagrindinis","item":"https:\/\/wp.adisoft.lt\/vtdko\/en\/pagrindinis\/"},{"@type":"ListItem","position":2,"name":"Biblioteka","item":"https:\/\/wp.adisoft.lt\/vtdko\/en\/biblioteka\/"},{"@type":"ListItem","position":3,"name":"Elektroniniai i\u0161tekliai","item":"https:\/\/wp.adisoft.lt\/vtdko\/en\/biblioteka\/elektroniniai-istekliai\/"},{"@type":"ListItem","position":4,"name":"Elektronin\u0117s knygos"}]},{"@type":"WebSite","@id":"https:\/\/wp.adisoft.lt\/vtdko\/en\/#website","url":"https:\/\/wp.adisoft.lt\/vtdko\/en\/","name":"vtdko","description":"Vilniaus technologij\u0173 ir dizaino kolegija","publisher":{"@id":"https:\/\/wp.adisoft.lt\/vtdko\/en\/#organization"},"potentialAction":[{"@type":"SearchAction","target":{"@type":"EntryPoint","urlTemplate":"https:\/\/wp.adisoft.lt\/vtdko\/en\/?s={search_term_string}"},"query-input":"required name=search_term_string"}],"inLanguage":"en-US"},{"@type":"Organization","@id":"https:\/\/wp.adisoft.lt\/vtdko\/en\/#organization","name":"vtdko","url":"https:\/\/wp.adisoft.lt\/vtdko\/en\/","logo":{"@type":"ImageObject","inLanguage":"en-US","@id":"https:\/\/wp.adisoft.lt\/vtdko\/en\/#\/schema\/logo\/image\/","url":"https:\/\/wp.adisoft.lt\/vtdko\/wp-content\/uploads\/2020\/02\/Logo-su-tekstu-01.svg","contentUrl":"https:\/\/wp.adisoft.lt\/vtdko\/wp-content\/uploads\/2020\/02\/Logo-su-tekstu-01.svg","width":151,"height":74,"caption":"vtdko"},"image":{"@id":"https:\/\/wp.adisoft.lt\/vtdko\/en\/#\/schema\/logo\/image\/"}}]}},"_links":{"self":[{"href":"https:\/\/wp.adisoft.lt\/vtdko\/en\/wp-json\/wp\/v2\/pages\/995909","targetHints":{"allow":["GET"]}}],"collection":[{"href":"https:\/\/wp.adisoft.lt\/vtdko\/en\/wp-json\/wp\/v2\/pages"}],"about":[{"href":"https:\/\/wp.adisoft.lt\/vtdko\/en\/wp-json\/wp\/v2\/types\/page"}],"author":[{"embeddable":true,"href":"https:\/\/wp.adisoft.lt\/vtdko\/en\/wp-json\/wp\/v2\/users\/1"}],"replies":[{"embeddable":true,"href":"https:\/\/wp.adisoft.lt\/vtdko\/en\/wp-json\/wp\/v2\/comments?post=995909"}],"version-history":[{"count":0,"href":"https:\/\/wp.adisoft.lt\/vtdko\/en\/wp-json\/wp\/v2\/pages\/995909\/revisions"}],"up":[{"embeddable":true,"href":"https:\/\/wp.adisoft.lt\/vtdko\/en\/wp-json\/wp\/v2\/pages\/995907"}],"wp:attachment":[{"href":"https:\/\/wp.adisoft.lt\/vtdko\/en\/wp-json\/wp\/v2\/media?parent=995909"}],"curies":[{"name":"wp","href":"https:\/\/api.w.org\/{rel}","templated":true}]}}