{"id":995911,"date":"2022-10-26T08:50:41","date_gmt":"2022-10-26T05:50:41","guid":{"rendered":"https:\/\/wp.adisoft.lt\/vtdko\/elektroniniai-istekliai\/istekliu-paieska-pagal-temas\/"},"modified":"2022-10-26T08:50:41","modified_gmt":"2022-10-26T05:50:41","slug":"istekliu-paieska-pagal-temas","status":"publish","type":"page","link":"https:\/\/wp.adisoft.lt\/vtdko\/en\/biblioteka\/elektroniniai-istekliai\/istekliu-paieska-pagal-temas\/","title":{"rendered":"I\u0161tekli\u0173 paie\u0161ka pagal temas"},"content":{"rendered":"\t\t<div data-elementor-type=\"wp-page\" data-elementor-id=\"995911\" class=\"elementor elementor-995911 elementor-991377\">\n\t\t\t\t\t\t\t\t\t<section class=\"elementor-section elementor-top-section elementor-element elementor-element-5eff09a elementor-section-height-min-height elementor-section-boxed elementor-section-height-default elementor-section-items-middle\" data-id=\"5eff09a\" data-element_type=\"section\" data-settings=\"{&quot;background_background&quot;:&quot;classic&quot;,&quot;animation&quot;:&quot;none&quot;}\">\n\t\t\t\t\t\t<div class=\"elementor-container elementor-column-gap-default\">\n\t\t\t\t\t<div class=\"elementor-column elementor-col-100 elementor-top-column elementor-element elementor-element-29ab47a\" data-id=\"29ab47a\" data-element_type=\"column\" data-settings=\"{&quot;background_background&quot;:&quot;classic&quot;}\">\n\t\t\t<div class=\"elementor-widget-wrap\">\n\t\t\t\t\t\t\t\t\t<\/div>\n\t\t<\/div>\n\t\t\t\t\t\t\t<\/div>\n\t\t<\/section>\n\t\t\t\t<section class=\"elementor-section elementor-top-section elementor-element elementor-element-86783d2 elementor-section-boxed elementor-section-height-default elementor-section-height-default\" data-id=\"86783d2\" data-element_type=\"section\" data-settings=\"{&quot;animation&quot;:&quot;none&quot;,&quot;animation_tablet&quot;:&quot;none&quot;,&quot;animation_mobile&quot;:&quot;none&quot;}\">\n\t\t\t\t\t\t<div class=\"elementor-container elementor-column-gap-no\">\n\t\t\t\t\t<div class=\"elementor-column elementor-col-50 elementor-top-column elementor-element elementor-element-a2f3b43 animated-fast elementor-invisible\" data-id=\"a2f3b43\" data-element_type=\"column\" data-settings=\"{&quot;background_background&quot;:&quot;classic&quot;,&quot;animation&quot;:&quot;fadeIn&quot;,&quot;animation_delay&quot;:100}\">\n\t\t\t<div class=\"elementor-widget-wrap elementor-element-populated\">\n\t\t\t\t\t\t\t\t<div class=\"elementor-element elementor-element-8c66975 elementor-widget__width-auto elementor-widget-tablet__width-auto elementor-widget-mobile__width-inherit elementor-widget elementor-widget-heading\" data-id=\"8c66975\" data-element_type=\"widget\" data-settings=\"{&quot;_animation&quot;:&quot;none&quot;,&quot;_animation_delay&quot;:200}\" data-widget_type=\"heading.heading_charityfy\">\n\t\t\t\t<div class=\"elementor-widget-container\">\n\t\t\t<h1 class=\"elementor-heading-title elementor-size-default\">I\u0161tekli\u0173 paie\u0161ka pagal temas<\/h1>\t\t<\/div>\n\t\t\t\t<\/div>\n\t\t\t\t<div class=\"elementor-element elementor-element-2d3b240 elementor-widget elementor-widget-text-editor\" data-id=\"2d3b240\" data-element_type=\"widget\" data-settings=\"{&quot;_animation&quot;:&quot;none&quot;,&quot;_animation_delay&quot;:300}\" data-widget_type=\"text-editor.default\">\n\t\t\t\t<div class=\"elementor-widget-container\">\n\t\t\t\t\t\t\t<p>Vilniaus technologij\u0173 ir dizaino kolegija \u2013 \u010dia hobis virsta profesija!<\/p>\t\t\t\t\t\t<\/div>\n\t\t\t\t<\/div>\n\t\t\t\t\t<\/div>\n\t\t<\/div>\n\t\t\t\t<div class=\"elementor-column elementor-col-50 elementor-top-column elementor-element elementor-element-6ebee79 elementor-hidden-desktop elementor-hidden-tablet elementor-hidden-phone\" data-id=\"6ebee79\" data-element_type=\"column\">\n\t\t\t<div class=\"elementor-widget-wrap\">\n\t\t\t\t\t\t\t\t\t<\/div>\n\t\t<\/div>\n\t\t\t\t\t\t\t<\/div>\n\t\t<\/section>\n\t\t\t\t<section class=\"elementor-section elementor-top-section elementor-element elementor-element-8f37da3 elementor-section-boxed elementor-section-height-default elementor-section-height-default\" data-id=\"8f37da3\" data-element_type=\"section\">\n\t\t\t\t\t\t<div class=\"elementor-container elementor-column-gap-default\">\n\t\t\t\t\t<div class=\"elementor-column elementor-col-100 elementor-top-column elementor-element elementor-element-076b17f\" data-id=\"076b17f\" data-element_type=\"column\">\n\t\t\t<div class=\"elementor-widget-wrap elementor-element-populated\">\n\t\t\t\t\t\t\t\t<div class=\"elementor-element elementor-element-0b707a0 elementor-widget elementor-widget-spacer\" data-id=\"0b707a0\" data-element_type=\"widget\" data-widget_type=\"spacer.default\">\n\t\t\t\t<div class=\"elementor-widget-container\">\n\t\t\t\t\t<div class=\"elementor-spacer\">\n\t\t\t<div class=\"elementor-spacer-inner\"><\/div>\n\t\t<\/div>\n\t\t\t\t<\/div>\n\t\t\t\t<\/div>\n\t\t\t\t\t<\/div>\n\t\t<\/div>\n\t\t\t\t\t\t\t<\/div>\n\t\t<\/section>\n\t\t\t\t<section class=\"elementor-section elementor-top-section elementor-element elementor-element-a993d6a elementor-section-boxed elementor-section-height-default elementor-section-height-default\" data-id=\"a993d6a\" data-element_type=\"section\">\n\t\t\t\t\t\t<div class=\"elementor-container elementor-column-gap-default\">\n\t\t\t\t\t<div class=\"elementor-column elementor-col-100 elementor-top-column elementor-element elementor-element-064b250\" data-id=\"064b250\" data-element_type=\"column\">\n\t\t\t<div class=\"elementor-widget-wrap elementor-element-populated\">\n\t\t\t\t\t\t\t\t<div class=\"elementor-element elementor-element-d022878 elementor-widget elementor-widget-text-editor\" data-id=\"d022878\" data-element_type=\"widget\" data-widget_type=\"text-editor.default\">\n\t\t\t\t<div class=\"elementor-widget-container\">\n\t\t\t\t\t\t\t<p>Biblioteka kvie\u010dia naudotis nauju informaciniu \u012frankiu\u00a0<strong>\u201eI\u0161tekli\u0173 paie\u0161ka pagal temas\u201c<\/strong>, kuriame pagal temas sugrupuoti VTDK bibliotekos prenumeruojami ir atvirosios prieigos \u0161altiniai.<\/p><p>Bibliotekos vartotoj\u0173 patogumui visi i\u0161tekliai turi smulkesn\u012f skirstym\u0105:\u00a0<strong>elektronin\u0117s knygos, elektroniniai \u017eurnalai, duomen\u0173 baz\u0117s, straipsniai, paie\u0161kos \u017eodynai, informacija.<\/strong><\/p><p>Naudodami \u012frank\u012f, vartotojai gali surasti\u00a0<strong>Lietuvos ir u\u017esienio mokslini\u0173 elektronini\u0173 \u017eurnal\u0173 ir knyg\u0173, vadov\u0117li\u0173, mokslini\u0173 tinklapi\u0173, straipsni\u0173, tyrim\u0173, daktaro disertacij\u0173 ir j\u0173 santrauk\u0173, baigiam\u0173j\u0173 darb\u0173, konferencij\u0173 med\u017eiagos.<\/strong>\u00a0Dauguma i\u0161tekli\u0173 pateikia ir visateks\u010dius dokumentus, ir santraukas. Galima rasti vaizdo, garso med\u017eiagos, statistin\u0117s informacijos, normini\u0173 dokument\u0173.\u00a0<\/p><p><strong>Temos:\u00a0<\/strong><\/p><ul><li><a href=\"https:\/\/wp.adisoft.lt\/vtdko\/wp-content\/uploads\/2022\/10\/Aplinkosauga.pdf\" target=\"_blank\" rel=\"noopener\">Aplinkosauga<\/a><\/li><li><a href=\"https:\/\/wp.adisoft.lt\/vtdko\/wp-content\/uploads\/2022\/10\/Architektu\u0304ra.pdf\" target=\"_blank\" rel=\"noopener\">Architekt\u016bra<\/a><\/li><li><a href=\"https:\/\/wp.adisoft.lt\/vtdko\/wp-content\/uploads\/2022\/10\/Automatika_ir_valdymas.pdf\" target=\"_blank\" rel=\"noopener\">Automatika ir valdymas<\/a>\u00a0<\/li><li><a href=\"https:\/\/wp.adisoft.lt\/vtdko\/wp-content\/uploads\/2022\/10\/Ekonomika._Verslas._Verslo_logistika.pdf\" target=\"_blank\" rel=\"noopener\">Ekonomika. Verslas. Verslo logistika<\/a><\/li><li><a href=\"https:\/\/wp.adisoft.lt\/vtdko\/wp-content\/uploads\/2022\/10\/Elektros_ir_Elektronikos_inz\u030cinerija.pdf\" target=\"_blank\" rel=\"noopener\">Elektros ir elektronikos in\u017einerija<\/a><\/li><li><a href=\"https:\/\/wp.adisoft.lt\/vtdko\/wp-content\/uploads\/2022\/10\/Energetika.pdf\" target=\"_blank\" rel=\"noopener\">Energetika<\/a><\/li><li><a href=\"https:\/\/wp.adisoft.lt\/vtdko\/wp-content\/uploads\/2022\/10\/Filologija._Filosofija._Psichologija._Sociologija.pdf\" target=\"_blank\" rel=\"noopener\">Filologija. Filosofija. Psichologija. Sociologija<\/a>\u00a0<\/li><li><a href=\"https:\/\/wp.adisoft.lt\/vtdko\/wp-content\/uploads\/2022\/10\/Finansai._Apskaita.pdf\" target=\"_blank\" rel=\"noopener\">Finansai. Apskaita<\/a><\/li><li><a href=\"https:\/\/wp.adisoft.lt\/vtdko\/wp-content\/uploads\/2022\/10\/Kompiuterijos_mokslas._Informacine\u0307s_technologijos.pdf\" target=\"_blank\" rel=\"noopener\">Kompiuterijos mokslas. Informacin\u0117s technologijos<\/a><\/li><li><a href=\"https:\/\/wp.adisoft.lt\/vtdko\/wp-content\/uploads\/2022\/10\/Marketingas.pdf\" target=\"_blank\" rel=\"noopener\">Marketingas<\/a>\u00a0<\/li><li><a href=\"https:\/\/wp.adisoft.lt\/vtdko\/wp-content\/uploads\/2022\/10\/Matematika._Statistika.pdf\" target=\"_blank\" rel=\"noopener\">Matematika. Statistika<\/a><\/li><li><a href=\"https:\/\/wp.adisoft.lt\/vtdko\/wp-content\/uploads\/2022\/10\/Mechanika._Fizika.pdf\" target=\"_blank\" rel=\"noopener\">Mechanika. Fizika<\/a><\/li><li><a href=\"https:\/\/wp.adisoft.lt\/vtdko\/wp-content\/uploads\/2022\/10\/Mechanikos_ir_medz\u030ciagu\u0328_inz\u030cinerija.pdf\" target=\"_blank\" rel=\"noopener\">Mechanikos ir med\u017eiag\u0173 in\u017einerija<\/a><\/li><li><a href=\"https:\/\/wp.adisoft.lt\/vtdko\/wp-content\/uploads\/2022\/10\/Menas.pdf\" target=\"_blank\" rel=\"noopener\">Menas<\/a>\u00a0<\/li><li><a href=\"https:\/\/wp.adisoft.lt\/vtdko\/wp-content\/uploads\/2022\/10\/Programu\u0328_inz\u030cinerija.pdf\" target=\"_blank\" rel=\"noopener\">Program\u0173 in\u017einerija<\/a><\/li><li><a href=\"https:\/\/wp.adisoft.lt\/vtdko\/wp-content\/uploads\/2022\/10\/Statybos_inz\u030cinerija_ir_technologijos.pdf\" target=\"_blank\" rel=\"noopener\">Statybos in\u017einerija ir technologijos<\/a>\u00a0<\/li><li><a href=\"https:\/\/wp.adisoft.lt\/vtdko\/wp-content\/uploads\/2022\/10\/Teise\u0307.pdf\" target=\"_blank\" rel=\"noopener\">Teis\u0117<\/a><\/li><li><a href=\"https:\/\/wp.adisoft.lt\/vtdko\/wp-content\/uploads\/2022\/10\/Transortas._Transporto_inz\u030cinerija._Transporto_logistika.pdf\" target=\"_blank\" rel=\"noopener\">Transportas. Transporto in\u017einerija. Transporto logistika<\/a><\/li><li><a href=\"https:\/\/wp.adisoft.lt\/vtdko\/wp-content\/uploads\/2022\/10\/Vadyba_ir_vies\u030casis_adminstravimas._Komunikacija.pdf\" target=\"_blank\" rel=\"noopener\">Vadyba ir vie\u0161asis administravimas. Komunikacija<\/a>\u00a0<\/li><\/ul>\t\t\t\t\t\t<\/div>\n\t\t\t\t<\/div>\n\t\t\t\t<div class=\"elementor-element elementor-element-112b8ff elementor-widget elementor-widget-spacer\" data-id=\"112b8ff\" data-element_type=\"widget\" data-widget_type=\"spacer.default\">\n\t\t\t\t<div class=\"elementor-widget-container\">\n\t\t\t\t\t<div class=\"elementor-spacer\">\n\t\t\t<div class=\"elementor-spacer-inner\"><\/div>\n\t\t<\/div>\n\t\t\t\t<\/div>\n\t\t\t\t<\/div>\n\t\t\t\t\t<\/div>\n\t\t<\/div>\n\t\t\t\t\t\t\t<\/div>\n\t\t<\/section>\n\t\t\t\t\t\t\t<\/div>\n\t\t","protected":false},"excerpt":{"rendered":"<p>I\u0161tekli\u0173 paie\u0161ka pagal temas Vilniaus technologij\u0173 ir dizaino kolegija \u2013 \u010dia hobis virsta profesija! Biblioteka kvie\u010dia naudotis nauju informaciniu \u012frankiu\u00a0\u201eI\u0161tekli\u0173 paie\u0161ka pagal temas\u201c, kuriame pagal temas sugrupuoti VTDK bibliotekos prenumeruojami ir atvirosios prieigos \u0161altiniai. Bibliotekos vartotoj\u0173 patogumui visi i\u0161tekliai turi smulkesn\u012f skirstym\u0105:\u00a0elektronin\u0117s knygos, elektroniniai \u017eurnalai, duomen\u0173 baz\u0117s, straipsniai, paie\u0161kos \u017eodynai, informacija. Naudodami \u012frank\u012f, vartotojai gali&#8230;<\/p>\n","protected":false},"author":1,"featured_media":0,"parent":995907,"menu_order":0,"comment_status":"closed","ping_status":"closed","template":"","meta":{"inline_featured_image":false,"footnotes":""},"class_list":["post-995911","page","type-page","status-publish","hentry"],"yoast_head":"<!-- This site is optimized with the Yoast SEO plugin v19.12 - https:\/\/yoast.com\/wordpress\/plugins\/seo\/ -->\n<title>I\u0161tekli\u0173 paie\u0161ka pagal temas - vtdko<\/title>\n<meta name=\"robots\" content=\"noindex, follow, max-snippet:-1, max-image-preview:large, max-video-preview:-1\" \/>\n<meta property=\"og:locale\" content=\"en_US\" \/>\n<meta property=\"og:type\" content=\"article\" \/>\n<meta property=\"og:title\" content=\"I\u0161tekli\u0173 paie\u0161ka pagal temas - vtdko\" \/>\n<meta property=\"og:description\" content=\"I\u0161tekli\u0173 paie\u0161ka pagal temas Vilniaus technologij\u0173 ir dizaino kolegija \u2013 \u010dia hobis virsta profesija! Biblioteka kvie\u010dia naudotis nauju informaciniu \u012frankiu\u00a0\u201eI\u0161tekli\u0173 paie\u0161ka pagal temas\u201c, kuriame pagal temas sugrupuoti VTDK bibliotekos prenumeruojami ir atvirosios prieigos \u0161altiniai. Bibliotekos vartotoj\u0173 patogumui visi i\u0161tekliai turi smulkesn\u012f skirstym\u0105:\u00a0elektronin\u0117s knygos, elektroniniai \u017eurnalai, duomen\u0173 baz\u0117s, straipsniai, paie\u0161kos \u017eodynai, informacija. Naudodami \u012frank\u012f, vartotojai gali...\" \/>\n<meta property=\"og:url\" content=\"https:\/\/wp.adisoft.lt\/vtdko\/en\/biblioteka\/elektroniniai-istekliai\/istekliu-paieska-pagal-temas\/\" \/>\n<meta property=\"og:site_name\" content=\"vtdko\" \/>\n<meta name=\"twitter:card\" content=\"summary_large_image\" \/>\n<meta name=\"twitter:label1\" content=\"Est. reading time\" \/>\n\t<meta name=\"twitter:data1\" content=\"1 minute\" \/>\n<script type=\"application\/ld+json\" class=\"yoast-schema-graph\">{\"@context\":\"https:\/\/schema.org\",\"@graph\":[{\"@type\":\"WebPage\",\"@id\":\"https:\/\/wp.adisoft.lt\/vtdko\/en\/biblioteka\/elektroniniai-istekliai\/istekliu-paieska-pagal-temas\/\",\"url\":\"https:\/\/wp.adisoft.lt\/vtdko\/en\/biblioteka\/elektroniniai-istekliai\/istekliu-paieska-pagal-temas\/\",\"name\":\"I\u0161tekli\u0173 paie\u0161ka pagal temas - vtdko\",\"isPartOf\":{\"@id\":\"https:\/\/wp.adisoft.lt\/vtdko\/en\/#website\"},\"datePublished\":\"2022-10-26T05:50:41+00:00\",\"dateModified\":\"2022-10-26T05:50:41+00:00\",\"breadcrumb\":{\"@id\":\"https:\/\/wp.adisoft.lt\/vtdko\/en\/biblioteka\/elektroniniai-istekliai\/istekliu-paieska-pagal-temas\/#breadcrumb\"},\"inLanguage\":\"en-US\",\"potentialAction\":[{\"@type\":\"ReadAction\",\"target\":[\"https:\/\/wp.adisoft.lt\/vtdko\/en\/biblioteka\/elektroniniai-istekliai\/istekliu-paieska-pagal-temas\/\"]}]},{\"@type\":\"BreadcrumbList\",\"@id\":\"https:\/\/wp.adisoft.lt\/vtdko\/en\/biblioteka\/elektroniniai-istekliai\/istekliu-paieska-pagal-temas\/#breadcrumb\",\"itemListElement\":[{\"@type\":\"ListItem\",\"position\":1,\"name\":\"Pagrindinis\",\"item\":\"https:\/\/wp.adisoft.lt\/vtdko\/en\/pagrindinis\/\"},{\"@type\":\"ListItem\",\"position\":2,\"name\":\"Biblioteka\",\"item\":\"https:\/\/wp.adisoft.lt\/vtdko\/en\/biblioteka\/\"},{\"@type\":\"ListItem\",\"position\":3,\"name\":\"Elektroniniai i\u0161tekliai\",\"item\":\"https:\/\/wp.adisoft.lt\/vtdko\/en\/biblioteka\/elektroniniai-istekliai\/\"},{\"@type\":\"ListItem\",\"position\":4,\"name\":\"I\u0161tekli\u0173 paie\u0161ka pagal temas\"}]},{\"@type\":\"WebSite\",\"@id\":\"https:\/\/wp.adisoft.lt\/vtdko\/en\/#website\",\"url\":\"https:\/\/wp.adisoft.lt\/vtdko\/en\/\",\"name\":\"vtdko\",\"description\":\"Vilniaus technologij\u0173 ir dizaino kolegija\",\"publisher\":{\"@id\":\"https:\/\/wp.adisoft.lt\/vtdko\/en\/#organization\"},\"potentialAction\":[{\"@type\":\"SearchAction\",\"target\":{\"@type\":\"EntryPoint\",\"urlTemplate\":\"https:\/\/wp.adisoft.lt\/vtdko\/en\/?s={search_term_string}\"},\"query-input\":\"required name=search_term_string\"}],\"inLanguage\":\"en-US\"},{\"@type\":\"Organization\",\"@id\":\"https:\/\/wp.adisoft.lt\/vtdko\/en\/#organization\",\"name\":\"vtdko\",\"url\":\"https:\/\/wp.adisoft.lt\/vtdko\/en\/\",\"logo\":{\"@type\":\"ImageObject\",\"inLanguage\":\"en-US\",\"@id\":\"https:\/\/wp.adisoft.lt\/vtdko\/en\/#\/schema\/logo\/image\/\",\"url\":\"https:\/\/wp.adisoft.lt\/vtdko\/wp-content\/uploads\/2020\/02\/Logo-su-tekstu-01.svg\",\"contentUrl\":\"https:\/\/wp.adisoft.lt\/vtdko\/wp-content\/uploads\/2020\/02\/Logo-su-tekstu-01.svg\",\"width\":151,\"height\":74,\"caption\":\"vtdko\"},\"image\":{\"@id\":\"https:\/\/wp.adisoft.lt\/vtdko\/en\/#\/schema\/logo\/image\/\"}}]}<\/script>\n<!-- \/ Yoast SEO plugin. -->","yoast_head_json":{"title":"I\u0161tekli\u0173 paie\u0161ka pagal temas - vtdko","robots":{"index":"noindex","follow":"follow","max-snippet":"max-snippet:-1","max-image-preview":"max-image-preview:large","max-video-preview":"max-video-preview:-1"},"og_locale":"en_US","og_type":"article","og_title":"I\u0161tekli\u0173 paie\u0161ka pagal temas - vtdko","og_description":"I\u0161tekli\u0173 paie\u0161ka pagal temas Vilniaus technologij\u0173 ir dizaino kolegija \u2013 \u010dia hobis virsta profesija! Biblioteka kvie\u010dia naudotis nauju informaciniu \u012frankiu\u00a0\u201eI\u0161tekli\u0173 paie\u0161ka pagal temas\u201c, kuriame pagal temas sugrupuoti VTDK bibliotekos prenumeruojami ir atvirosios prieigos \u0161altiniai. Bibliotekos vartotoj\u0173 patogumui visi i\u0161tekliai turi smulkesn\u012f skirstym\u0105:\u00a0elektronin\u0117s knygos, elektroniniai \u017eurnalai, duomen\u0173 baz\u0117s, straipsniai, paie\u0161kos \u017eodynai, informacija. Naudodami \u012frank\u012f, vartotojai gali...","og_url":"https:\/\/wp.adisoft.lt\/vtdko\/en\/biblioteka\/elektroniniai-istekliai\/istekliu-paieska-pagal-temas\/","og_site_name":"vtdko","twitter_card":"summary_large_image","twitter_misc":{"Est. reading time":"1 minute"},"schema":{"@context":"https:\/\/schema.org","@graph":[{"@type":"WebPage","@id":"https:\/\/wp.adisoft.lt\/vtdko\/en\/biblioteka\/elektroniniai-istekliai\/istekliu-paieska-pagal-temas\/","url":"https:\/\/wp.adisoft.lt\/vtdko\/en\/biblioteka\/elektroniniai-istekliai\/istekliu-paieska-pagal-temas\/","name":"I\u0161tekli\u0173 paie\u0161ka pagal temas - vtdko","isPartOf":{"@id":"https:\/\/wp.adisoft.lt\/vtdko\/en\/#website"},"datePublished":"2022-10-26T05:50:41+00:00","dateModified":"2022-10-26T05:50:41+00:00","breadcrumb":{"@id":"https:\/\/wp.adisoft.lt\/vtdko\/en\/biblioteka\/elektroniniai-istekliai\/istekliu-paieska-pagal-temas\/#breadcrumb"},"inLanguage":"en-US","potentialAction":[{"@type":"ReadAction","target":["https:\/\/wp.adisoft.lt\/vtdko\/en\/biblioteka\/elektroniniai-istekliai\/istekliu-paieska-pagal-temas\/"]}]},{"@type":"BreadcrumbList","@id":"https:\/\/wp.adisoft.lt\/vtdko\/en\/biblioteka\/elektroniniai-istekliai\/istekliu-paieska-pagal-temas\/#breadcrumb","itemListElement":[{"@type":"ListItem","position":1,"name":"Pagrindinis","item":"https:\/\/wp.adisoft.lt\/vtdko\/en\/pagrindinis\/"},{"@type":"ListItem","position":2,"name":"Biblioteka","item":"https:\/\/wp.adisoft.lt\/vtdko\/en\/biblioteka\/"},{"@type":"ListItem","position":3,"name":"Elektroniniai i\u0161tekliai","item":"https:\/\/wp.adisoft.lt\/vtdko\/en\/biblioteka\/elektroniniai-istekliai\/"},{"@type":"ListItem","position":4,"name":"I\u0161tekli\u0173 paie\u0161ka pagal temas"}]},{"@type":"WebSite","@id":"https:\/\/wp.adisoft.lt\/vtdko\/en\/#website","url":"https:\/\/wp.adisoft.lt\/vtdko\/en\/","name":"vtdko","description":"Vilniaus technologij\u0173 ir dizaino kolegija","publisher":{"@id":"https:\/\/wp.adisoft.lt\/vtdko\/en\/#organization"},"potentialAction":[{"@type":"SearchAction","target":{"@type":"EntryPoint","urlTemplate":"https:\/\/wp.adisoft.lt\/vtdko\/en\/?s={search_term_string}"},"query-input":"required name=search_term_string"}],"inLanguage":"en-US"},{"@type":"Organization","@id":"https:\/\/wp.adisoft.lt\/vtdko\/en\/#organization","name":"vtdko","url":"https:\/\/wp.adisoft.lt\/vtdko\/en\/","logo":{"@type":"ImageObject","inLanguage":"en-US","@id":"https:\/\/wp.adisoft.lt\/vtdko\/en\/#\/schema\/logo\/image\/","url":"https:\/\/wp.adisoft.lt\/vtdko\/wp-content\/uploads\/2020\/02\/Logo-su-tekstu-01.svg","contentUrl":"https:\/\/wp.adisoft.lt\/vtdko\/wp-content\/uploads\/2020\/02\/Logo-su-tekstu-01.svg","width":151,"height":74,"caption":"vtdko"},"image":{"@id":"https:\/\/wp.adisoft.lt\/vtdko\/en\/#\/schema\/logo\/image\/"}}]}},"_links":{"self":[{"href":"https:\/\/wp.adisoft.lt\/vtdko\/en\/wp-json\/wp\/v2\/pages\/995911","targetHints":{"allow":["GET"]}}],"collection":[{"href":"https:\/\/wp.adisoft.lt\/vtdko\/en\/wp-json\/wp\/v2\/pages"}],"about":[{"href":"https:\/\/wp.adisoft.lt\/vtdko\/en\/wp-json\/wp\/v2\/types\/page"}],"author":[{"embeddable":true,"href":"https:\/\/wp.adisoft.lt\/vtdko\/en\/wp-json\/wp\/v2\/users\/1"}],"replies":[{"embeddable":true,"href":"https:\/\/wp.adisoft.lt\/vtdko\/en\/wp-json\/wp\/v2\/comments?post=995911"}],"version-history":[{"count":0,"href":"https:\/\/wp.adisoft.lt\/vtdko\/en\/wp-json\/wp\/v2\/pages\/995911\/revisions"}],"up":[{"embeddable":true,"href":"https:\/\/wp.adisoft.lt\/vtdko\/en\/wp-json\/wp\/v2\/pages\/995907"}],"wp:attachment":[{"href":"https:\/\/wp.adisoft.lt\/vtdko\/en\/wp-json\/wp\/v2\/media?parent=995911"}],"curies":[{"name":"wp","href":"https:\/\/api.w.org\/{rel}","templated":true}]}}