{"id":995964,"date":"2022-10-25T09:56:20","date_gmt":"2022-10-25T06:56:20","guid":{"rendered":"https:\/\/wp.adisoft.lt\/vtdko\/informacija-vartotojams\/bibliotekos-paslaugos\/"},"modified":"2022-10-25T09:56:20","modified_gmt":"2022-10-25T06:56:20","slug":"bibliotekos-paslaugos","status":"publish","type":"page","link":"https:\/\/wp.adisoft.lt\/vtdko\/en\/informacija-vartotojams\/bibliotekos-paslaugos\/","title":{"rendered":"Bibliotekos paslaugos"},"content":{"rendered":"\t\t<div data-elementor-type=\"wp-page\" data-elementor-id=\"995964\" class=\"elementor elementor-995964 elementor-990812\">\n\t\t\t\t\t\t\t\t\t<section class=\"elementor-section elementor-top-section elementor-element elementor-element-dd576b6 elementor-section-height-min-height elementor-section-boxed elementor-section-height-default elementor-section-items-middle\" data-id=\"dd576b6\" data-element_type=\"section\" data-settings=\"{&quot;background_background&quot;:&quot;classic&quot;,&quot;animation&quot;:&quot;none&quot;}\">\n\t\t\t\t\t\t<div class=\"elementor-container elementor-column-gap-default\">\n\t\t\t\t\t<div class=\"elementor-column elementor-col-100 elementor-top-column elementor-element elementor-element-f1af021\" data-id=\"f1af021\" data-element_type=\"column\" data-settings=\"{&quot;background_background&quot;:&quot;classic&quot;}\">\n\t\t\t<div class=\"elementor-widget-wrap\">\n\t\t\t\t\t\t\t\t\t<\/div>\n\t\t<\/div>\n\t\t\t\t\t\t\t<\/div>\n\t\t<\/section>\n\t\t\t\t<section class=\"elementor-section elementor-top-section elementor-element elementor-element-38a861f elementor-section-boxed elementor-section-height-default elementor-section-height-default\" data-id=\"38a861f\" data-element_type=\"section\" data-settings=\"{&quot;animation&quot;:&quot;none&quot;,&quot;animation_tablet&quot;:&quot;none&quot;,&quot;animation_mobile&quot;:&quot;none&quot;}\">\n\t\t\t\t\t\t<div class=\"elementor-container elementor-column-gap-no\">\n\t\t\t\t\t<div class=\"elementor-column elementor-col-50 elementor-top-column elementor-element elementor-element-1dba2a2 animated-fast elementor-invisible\" data-id=\"1dba2a2\" data-element_type=\"column\" data-settings=\"{&quot;background_background&quot;:&quot;classic&quot;,&quot;animation&quot;:&quot;fadeIn&quot;,&quot;animation_delay&quot;:100}\">\n\t\t\t<div class=\"elementor-widget-wrap elementor-element-populated\">\n\t\t\t\t\t\t\t\t<div class=\"elementor-element elementor-element-ba4dc53 elementor-widget__width-auto elementor-widget-tablet__width-auto elementor-widget-mobile__width-inherit elementor-widget elementor-widget-heading\" data-id=\"ba4dc53\" data-element_type=\"widget\" data-settings=\"{&quot;_animation&quot;:&quot;none&quot;,&quot;_animation_delay&quot;:200}\" data-widget_type=\"heading.heading_charityfy\">\n\t\t\t\t<div class=\"elementor-widget-container\">\n\t\t\t<h1 class=\"elementor-heading-title elementor-size-default\">Bibliotekos paslaugos<\/h1>\t\t<\/div>\n\t\t\t\t<\/div>\n\t\t\t\t<div class=\"elementor-element elementor-element-47ab27c elementor-widget elementor-widget-text-editor\" data-id=\"47ab27c\" data-element_type=\"widget\" data-settings=\"{&quot;_animation&quot;:&quot;none&quot;,&quot;_animation_delay&quot;:300}\" data-widget_type=\"text-editor.default\">\n\t\t\t\t<div class=\"elementor-widget-container\">\n\t\t\t\t\t\t\t<p>Vilniaus technologij\u0173 ir dizaino kolegija \u2013 \u010dia hobis virsta profesija!<\/p>\t\t\t\t\t\t<\/div>\n\t\t\t\t<\/div>\n\t\t\t\t\t<\/div>\n\t\t<\/div>\n\t\t\t\t<div class=\"elementor-column elementor-col-50 elementor-top-column elementor-element elementor-element-ade6b8a elementor-hidden-desktop elementor-hidden-tablet elementor-hidden-phone\" data-id=\"ade6b8a\" data-element_type=\"column\">\n\t\t\t<div class=\"elementor-widget-wrap\">\n\t\t\t\t\t\t\t\t\t<\/div>\n\t\t<\/div>\n\t\t\t\t\t\t\t<\/div>\n\t\t<\/section>\n\t\t\t\t<section class=\"elementor-section elementor-top-section elementor-element elementor-element-806f3ca elementor-section-boxed elementor-section-height-default elementor-section-height-default\" data-id=\"806f3ca\" data-element_type=\"section\">\n\t\t\t\t\t\t<div class=\"elementor-container elementor-column-gap-default\">\n\t\t\t\t\t<div class=\"elementor-column elementor-col-100 elementor-top-column elementor-element elementor-element-15b0053\" data-id=\"15b0053\" data-element_type=\"column\">\n\t\t\t<div class=\"elementor-widget-wrap elementor-element-populated\">\n\t\t\t\t\t\t\t\t<div class=\"elementor-element elementor-element-b1ef939 elementor-widget elementor-widget-spacer\" data-id=\"b1ef939\" data-element_type=\"widget\" data-widget_type=\"spacer.default\">\n\t\t\t\t<div class=\"elementor-widget-container\">\n\t\t\t\t\t<div class=\"elementor-spacer\">\n\t\t\t<div class=\"elementor-spacer-inner\"><\/div>\n\t\t<\/div>\n\t\t\t\t<\/div>\n\t\t\t\t<\/div>\n\t\t\t\t\t<\/div>\n\t\t<\/div>\n\t\t\t\t\t\t\t<\/div>\n\t\t<\/section>\n\t\t\t\t<section class=\"elementor-section elementor-top-section elementor-element elementor-element-8f37da3 elementor-section-boxed elementor-section-height-default elementor-section-height-default\" data-id=\"8f37da3\" data-element_type=\"section\">\n\t\t\t\t\t\t<div class=\"elementor-container elementor-column-gap-default\">\n\t\t\t\t\t<div class=\"elementor-column elementor-col-100 elementor-top-column elementor-element elementor-element-076b17f\" data-id=\"076b17f\" data-element_type=\"column\">\n\t\t\t<div class=\"elementor-widget-wrap elementor-element-populated\">\n\t\t\t\t\t\t\t\t<div class=\"elementor-element elementor-element-b5ff5f2 elementor-widget elementor-widget-text-editor\" data-id=\"b5ff5f2\" data-element_type=\"widget\" data-widget_type=\"text-editor.default\">\n\t\t\t\t<div class=\"elementor-widget-container\">\n\t\t\t\t\t\t\t<p><strong>Kas gali naudotis Biblioteka?<\/strong><\/p><p>Skaitytojai aptarnaujami pagal patvirtintas\u00a0<a href=\"https:\/\/wp.adisoft.lt\/vtdko\/wp-content\/uploads\/2022\/10\/Bibliotekos_taisykles.pdf\" target=\"_blank\" rel=\"noopener\">bibliotekos taisykles<\/a>.<\/p><p>Skaityti leidinius bibliotekoje gali visi lankytojai. Kolegijos bendruomen\u0117s nariai gali ne tik skaityti leidinius bibliotekoje, bet ir skolintis knygas \u012f namus, konsultuotis informacijos paie\u0161kos klausimais, naudotis kompiuteriais, bevieliu internetu, prenumeruojamomis duomen\u0173 baz\u0117mis bei elektronin\u0117mis knygomis tiek kolegijoje esan\u010diuose kompiuteriuose, tiek i\u0161 nam\u0173.\u00a0<\/p><p><strong>K\u0105 daryti, norint naudotis Bibliotekos paslaugomis?<\/strong><\/p><p>Tur\u0117kite J\u016bs\u0173 tapatyb\u0119 patvirtinant\u012f dokument\u0105:\u00a0asmens tapatyb\u0117s kortel\u0119, pas\u0105,\u00a0studento pa\u017eym\u0117jim\u0105 ar kit\u0105, tapatyb\u0119 patvirtinant\u012f, dokument\u0105.<\/p><p><strong>Kaip atrasti reikiam\u0105 knyg\u0105 ar kit\u0105 informacijos \u0161altin\u012f bibliotekoje?<\/strong><\/p><p>Kvie\u010diame naudotis\u00a0<a href=\"https:\/\/aleph.library.lt\/F?func=find-b-0&amp;amp=&amp;amp=&amp;con%5Flng=LIT&amp;local%5Fbase=VK101&amp;pds_handle=GUEST\">VTDK bibliotekos el. katalogu<\/a>, kuriame galima surasti elektronines ir popierines knygas (su\u017einoti, kiek ir koki\u0173 knyg\u0173 yra bibliotekoje bei kurie egzemplioriai laisvi).<\/p><p>Kvie\u010diame naudotis\u00a0<a href=\"https:\/\/vb.vtdko.lt\/primo-explore\/search?sortby=rank&amp;vid=VTDK&amp;lang=lt_LT\">VTDK virtualia biblioteka<\/a>\u00a0ir surasti ne tik knygas, bet ir straipsnius, vaizdo med\u017eiag\u0105 ir kit\u0105 informacij\u0105 i\u0161 \u012fvairi\u0173 duomen\u0173 bazi\u0173.\u00a0Prisijungus prie savo paskyros (prisijungimus gausite el. pa\u0161tu\u00a0<em>biblioteka@vtdko.lt<\/em>) galite pamatyti:\u00a0kiek knyg\u0173 esate pa\u0117m\u0119; ar nev\u0117luojate gr\u0105\u017einti knyg\u0173; ar n\u0117ra delspinigi\u0173 u\u017e laiku negr\u0105\u017eintus leidinius.<\/p><p>Bibliotekos fondai yra atviri, o lentynose knygos i\u0161d\u0117stytos pagal universali\u0105 de\u0161imtain\u0119 klasifikacij\u0105 (UDK).<\/p><p><strong>K\u0105 daryti, jei nesp\u0117jate laiku gr\u0105\u017einti leidini\u0173?<\/strong><\/p><p>Leidiniai i\u0161duodami \u012fvairiam laikotarpiui:\u00a0<strong>dienai,<\/strong>\u00a0<strong>savaitei, m\u0117nesiui, semestrui<\/strong>.<\/p><p>Naudojimosi knygomis termin\u0105 galima prat\u0119sti\u00a0<strong>2 kartus.<\/strong>\u00a0Tai galima padaryti keliais b\u016bdais:<\/p><ul><li>prisijungus prie\u00a0<a href=\"https:\/\/vb.vtdko.lt\/primo-explore\/search?sortby=rank&amp;vid=VTDK&amp;lang=lt_LT\">VTDK virtualios bibliotekos<\/a>;<\/li><li>para\u0161ius \u012f bibliotekos el. pa\u0161t\u0105\u00a0<em>biblioteka@vtdko.lt<\/em>\u00a0ar\u00a0VTDK bibliotekos Facebook paskyr\u0105;<\/li><li>atvykus \u012f bibliotek\u0105;<\/li><li>paskambinus.<\/li><\/ul><p><strong>Kas nutinka, jei v\u0117luojate gr\u0105\u017einti leidinius?<\/strong><\/p><p>U\u017e v\u0117lavim\u0105 gr\u0105\u017einti knygas imamas v\u0117lavimo mokestis (delspinigiai):<\/p><ul><li>semestrui ir m\u0117nesiui i\u0161duodami leidiniai \u2013\u00a0<strong>\u00a00,01\u00a0\u20ac u\u017e 1 dien\u0105;<\/strong><\/li><li>savaitei ir parai i\u0161duodami leidiniai \u2013\u00a0<strong>\u00a00,03\u00a0<\/strong><strong>\u20ac u\u017e 1 dien\u0105.<\/strong><\/li><\/ul><p><strong>K\u0105 daryti pametus leidin\u012f?<\/strong><\/p><p>Prarast\u0105 ar nepataisomai sugadint\u0105 leidin\u012f galima pakeisti tokiu pat arba bibliotekos pripa\u017eintu lygiaver\u010diu.\u00a0Nuostolius galima kompensuoti sumokant:<\/p><ul><li>u\u017e leidin\u012f, i\u0161leist\u0105 iki\u00a0<strong>1995 m. \u2013 7,50 \u20ac;<\/strong><\/li><li>u\u017e leidin\u012f, i\u0161leist\u0105 po\u00a0<strong>1995 m. \u2013 dvigub\u0105 spaudinio kain\u0105.<\/strong><\/li><\/ul><p><strong>Kokias papildomas paslaugas teikia Biblioteka?<\/strong><\/p><ul><li>bibliografini\u0173 s\u0105ra\u0161\u0173 ir rodykli\u0173 pagal individuali\u0105 u\u017eklaus\u0105 sudarymas, j\u0173 redagavimas:<strong>\u00a00,60\u00a0\u20ac\u00a0<\/strong>(1 \u012fra\u0161as);<\/li><li>kopijavimas: nespalvotas a4<strong>\u00a0\u2013\u00a00,04\u00a0\u20ac,\u00a0<\/strong>a3<strong>\u00a0\u2013\u00a00,08\u00a0\u20ac;\u00a0<\/strong>spalvotas a4<strong>\u00a0\u2013\u00a00,48\u00a0\u20ac,\u00a0<\/strong>a3<strong>\u00a0\u2013\u00a00,96\u00a0\u20ac;<\/strong><\/li><li>spausdinimas: nespalvotas a4<strong>\u00a0\u2013\u00a00,08\u00a0\u20ac,\u00a0<\/strong>a3<strong>\u00a0\u2013\u00a00,16\u00a0\u20ac;\u00a0<\/strong>spalvotas a4<strong>\u00a0\u2013\u00a00,48\u00a0\u20ac,\u00a0<\/strong>a3<strong>\u00a0\u2013\u00a00,96\u00a0\u20ac.<\/strong><\/li><li><div class=\"x_elementToProof\">Dokument\u0173 \u012fri\u0161imas: iki 50 lap\u0173\u00a0 &#8211;<strong>\u00a01,20<\/strong>\u00a0Eur\/vnt.,\u00a0nuo 51 iki 150 lap\u0173 &#8211;\u00a0<strong>1,50<\/strong>\u00a0Eur\/vnt.,\u00a0nuo 150 iki 250 lap\u0173 &#8211;\u00a0<strong>1,80<\/strong>\u00a0Eur\/vnt.<\/div><div><div class=\"x_elementToProof\">\u00a0<\/div><\/div><\/li><\/ul><p>Spausdinimo-kopijavimo instrukcij\u0105 rasite\u00a0<a href=\"https:\/\/wp.adisoft.lt\/vtdko\/wp-content\/uploads\/2022\/10\/INSTRUKCIJA.pdf\" target=\"_blank\" rel=\"noopener\">\u010dia<\/a>.<\/p>\t\t\t\t\t\t<\/div>\n\t\t\t\t<\/div>\n\t\t\t\t\t<\/div>\n\t\t<\/div>\n\t\t\t\t\t\t\t<\/div>\n\t\t<\/section>\n\t\t\t\t<section class=\"elementor-section elementor-top-section elementor-element elementor-element-d7e1954 elementor-section-boxed elementor-section-height-default elementor-section-height-default\" data-id=\"d7e1954\" data-element_type=\"section\">\n\t\t\t\t\t\t<div class=\"elementor-container elementor-column-gap-default\">\n\t\t\t\t\t<div class=\"elementor-column elementor-col-100 elementor-top-column elementor-element elementor-element-c8a341f\" data-id=\"c8a341f\" data-element_type=\"column\">\n\t\t\t<div class=\"elementor-widget-wrap elementor-element-populated\">\n\t\t\t\t\t\t\t\t<div class=\"elementor-element elementor-element-85a5eb1 elementor-widget elementor-widget-spacer\" data-id=\"85a5eb1\" data-element_type=\"widget\" data-widget_type=\"spacer.default\">\n\t\t\t\t<div class=\"elementor-widget-container\">\n\t\t\t\t\t<div class=\"elementor-spacer\">\n\t\t\t<div class=\"elementor-spacer-inner\"><\/div>\n\t\t<\/div>\n\t\t\t\t<\/div>\n\t\t\t\t<\/div>\n\t\t\t\t\t<\/div>\n\t\t<\/div>\n\t\t\t\t\t\t\t<\/div>\n\t\t<\/section>\n\t\t\t\t\t\t\t<\/div>\n\t\t","protected":false},"excerpt":{"rendered":"<p>Bibliotekos paslaugos Vilniaus technologij\u0173 ir dizaino kolegija \u2013 \u010dia hobis virsta profesija! Kas gali naudotis Biblioteka? Skaitytojai aptarnaujami pagal patvirtintas\u00a0bibliotekos taisykles. Skaityti leidinius bibliotekoje gali visi lankytojai. Kolegijos bendruomen\u0117s nariai gali ne tik skaityti leidinius bibliotekoje, bet ir skolintis knygas \u012f namus, konsultuotis informacijos paie\u0161kos klausimais, naudotis kompiuteriais, bevieliu internetu, prenumeruojamomis duomen\u0173 baz\u0117mis bei elektronin\u0117mis&#8230;<\/p>\n","protected":false},"author":1,"featured_media":0,"parent":995963,"menu_order":0,"comment_status":"closed","ping_status":"closed","template":"","meta":{"inline_featured_image":false,"footnotes":""},"class_list":["post-995964","page","type-page","status-publish","hentry"],"yoast_head":"<!-- This site is optimized with the Yoast SEO plugin v19.12 - https:\/\/yoast.com\/wordpress\/plugins\/seo\/ -->\n<title>Bibliotekos paslaugos - vtdko<\/title>\n<meta name=\"robots\" content=\"noindex, follow, max-snippet:-1, max-image-preview:large, max-video-preview:-1\" \/>\n<meta property=\"og:locale\" content=\"en_US\" \/>\n<meta property=\"og:type\" content=\"article\" \/>\n<meta property=\"og:title\" content=\"Bibliotekos paslaugos - vtdko\" \/>\n<meta property=\"og:description\" content=\"Bibliotekos paslaugos Vilniaus technologij\u0173 ir dizaino kolegija \u2013 \u010dia hobis virsta profesija! Kas gali naudotis Biblioteka? Skaitytojai aptarnaujami pagal patvirtintas\u00a0bibliotekos taisykles. Skaityti leidinius bibliotekoje gali visi lankytojai. Kolegijos bendruomen\u0117s nariai gali ne tik skaityti leidinius bibliotekoje, bet ir skolintis knygas \u012f namus, konsultuotis informacijos paie\u0161kos klausimais, naudotis kompiuteriais, bevieliu internetu, prenumeruojamomis duomen\u0173 baz\u0117mis bei elektronin\u0117mis...\" \/>\n<meta property=\"og:url\" content=\"https:\/\/wp.adisoft.lt\/vtdko\/en\/informacija-vartotojams\/bibliotekos-paslaugos\/\" \/>\n<meta property=\"og:site_name\" content=\"vtdko\" \/>\n<meta name=\"twitter:card\" content=\"summary_large_image\" \/>\n<meta name=\"twitter:label1\" content=\"Est. reading time\" \/>\n\t<meta name=\"twitter:data1\" content=\"2 minutes\" \/>\n<script type=\"application\/ld+json\" class=\"yoast-schema-graph\">{\"@context\":\"https:\/\/schema.org\",\"@graph\":[{\"@type\":\"WebPage\",\"@id\":\"https:\/\/wp.adisoft.lt\/vtdko\/en\/informacija-vartotojams\/bibliotekos-paslaugos\/\",\"url\":\"https:\/\/wp.adisoft.lt\/vtdko\/en\/informacija-vartotojams\/bibliotekos-paslaugos\/\",\"name\":\"Bibliotekos paslaugos - vtdko\",\"isPartOf\":{\"@id\":\"https:\/\/wp.adisoft.lt\/vtdko\/en\/#website\"},\"datePublished\":\"2022-10-25T06:56:20+00:00\",\"dateModified\":\"2022-10-25T06:56:20+00:00\",\"breadcrumb\":{\"@id\":\"https:\/\/wp.adisoft.lt\/vtdko\/en\/informacija-vartotojams\/bibliotekos-paslaugos\/#breadcrumb\"},\"inLanguage\":\"en-US\",\"potentialAction\":[{\"@type\":\"ReadAction\",\"target\":[\"https:\/\/wp.adisoft.lt\/vtdko\/en\/informacija-vartotojams\/bibliotekos-paslaugos\/\"]}]},{\"@type\":\"BreadcrumbList\",\"@id\":\"https:\/\/wp.adisoft.lt\/vtdko\/en\/informacija-vartotojams\/bibliotekos-paslaugos\/#breadcrumb\",\"itemListElement\":[{\"@type\":\"ListItem\",\"position\":1,\"name\":\"Pagrindinis\",\"item\":\"https:\/\/wp.adisoft.lt\/vtdko\/en\/pagrindinis\/\"},{\"@type\":\"ListItem\",\"position\":2,\"name\":\"Informacija vartotojams\",\"item\":\"https:\/\/wp.adisoft.lt\/vtdko\/en\/informacija-vartotojams\/\"},{\"@type\":\"ListItem\",\"position\":3,\"name\":\"Bibliotekos paslaugos\"}]},{\"@type\":\"WebSite\",\"@id\":\"https:\/\/wp.adisoft.lt\/vtdko\/en\/#website\",\"url\":\"https:\/\/wp.adisoft.lt\/vtdko\/en\/\",\"name\":\"vtdko\",\"description\":\"Vilniaus technologij\u0173 ir dizaino kolegija\",\"publisher\":{\"@id\":\"https:\/\/wp.adisoft.lt\/vtdko\/en\/#organization\"},\"potentialAction\":[{\"@type\":\"SearchAction\",\"target\":{\"@type\":\"EntryPoint\",\"urlTemplate\":\"https:\/\/wp.adisoft.lt\/vtdko\/en\/?s={search_term_string}\"},\"query-input\":\"required name=search_term_string\"}],\"inLanguage\":\"en-US\"},{\"@type\":\"Organization\",\"@id\":\"https:\/\/wp.adisoft.lt\/vtdko\/en\/#organization\",\"name\":\"vtdko\",\"url\":\"https:\/\/wp.adisoft.lt\/vtdko\/en\/\",\"logo\":{\"@type\":\"ImageObject\",\"inLanguage\":\"en-US\",\"@id\":\"https:\/\/wp.adisoft.lt\/vtdko\/en\/#\/schema\/logo\/image\/\",\"url\":\"https:\/\/wp.adisoft.lt\/vtdko\/wp-content\/uploads\/2020\/02\/Logo-su-tekstu-01.svg\",\"contentUrl\":\"https:\/\/wp.adisoft.lt\/vtdko\/wp-content\/uploads\/2020\/02\/Logo-su-tekstu-01.svg\",\"width\":151,\"height\":74,\"caption\":\"vtdko\"},\"image\":{\"@id\":\"https:\/\/wp.adisoft.lt\/vtdko\/en\/#\/schema\/logo\/image\/\"}}]}<\/script>\n<!-- \/ Yoast SEO plugin. -->","yoast_head_json":{"title":"Bibliotekos paslaugos - vtdko","robots":{"index":"noindex","follow":"follow","max-snippet":"max-snippet:-1","max-image-preview":"max-image-preview:large","max-video-preview":"max-video-preview:-1"},"og_locale":"en_US","og_type":"article","og_title":"Bibliotekos paslaugos - vtdko","og_description":"Bibliotekos paslaugos Vilniaus technologij\u0173 ir dizaino kolegija \u2013 \u010dia hobis virsta profesija! Kas gali naudotis Biblioteka? Skaitytojai aptarnaujami pagal patvirtintas\u00a0bibliotekos taisykles. Skaityti leidinius bibliotekoje gali visi lankytojai. Kolegijos bendruomen\u0117s nariai gali ne tik skaityti leidinius bibliotekoje, bet ir skolintis knygas \u012f namus, konsultuotis informacijos paie\u0161kos klausimais, naudotis kompiuteriais, bevieliu internetu, prenumeruojamomis duomen\u0173 baz\u0117mis bei elektronin\u0117mis...","og_url":"https:\/\/wp.adisoft.lt\/vtdko\/en\/informacija-vartotojams\/bibliotekos-paslaugos\/","og_site_name":"vtdko","twitter_card":"summary_large_image","twitter_misc":{"Est. reading time":"2 minutes"},"schema":{"@context":"https:\/\/schema.org","@graph":[{"@type":"WebPage","@id":"https:\/\/wp.adisoft.lt\/vtdko\/en\/informacija-vartotojams\/bibliotekos-paslaugos\/","url":"https:\/\/wp.adisoft.lt\/vtdko\/en\/informacija-vartotojams\/bibliotekos-paslaugos\/","name":"Bibliotekos paslaugos - vtdko","isPartOf":{"@id":"https:\/\/wp.adisoft.lt\/vtdko\/en\/#website"},"datePublished":"2022-10-25T06:56:20+00:00","dateModified":"2022-10-25T06:56:20+00:00","breadcrumb":{"@id":"https:\/\/wp.adisoft.lt\/vtdko\/en\/informacija-vartotojams\/bibliotekos-paslaugos\/#breadcrumb"},"inLanguage":"en-US","potentialAction":[{"@type":"ReadAction","target":["https:\/\/wp.adisoft.lt\/vtdko\/en\/informacija-vartotojams\/bibliotekos-paslaugos\/"]}]},{"@type":"BreadcrumbList","@id":"https:\/\/wp.adisoft.lt\/vtdko\/en\/informacija-vartotojams\/bibliotekos-paslaugos\/#breadcrumb","itemListElement":[{"@type":"ListItem","position":1,"name":"Pagrindinis","item":"https:\/\/wp.adisoft.lt\/vtdko\/en\/pagrindinis\/"},{"@type":"ListItem","position":2,"name":"Informacija vartotojams","item":"https:\/\/wp.adisoft.lt\/vtdko\/en\/informacija-vartotojams\/"},{"@type":"ListItem","position":3,"name":"Bibliotekos paslaugos"}]},{"@type":"WebSite","@id":"https:\/\/wp.adisoft.lt\/vtdko\/en\/#website","url":"https:\/\/wp.adisoft.lt\/vtdko\/en\/","name":"vtdko","description":"Vilniaus technologij\u0173 ir dizaino kolegija","publisher":{"@id":"https:\/\/wp.adisoft.lt\/vtdko\/en\/#organization"},"potentialAction":[{"@type":"SearchAction","target":{"@type":"EntryPoint","urlTemplate":"https:\/\/wp.adisoft.lt\/vtdko\/en\/?s={search_term_string}"},"query-input":"required name=search_term_string"}],"inLanguage":"en-US"},{"@type":"Organization","@id":"https:\/\/wp.adisoft.lt\/vtdko\/en\/#organization","name":"vtdko","url":"https:\/\/wp.adisoft.lt\/vtdko\/en\/","logo":{"@type":"ImageObject","inLanguage":"en-US","@id":"https:\/\/wp.adisoft.lt\/vtdko\/en\/#\/schema\/logo\/image\/","url":"https:\/\/wp.adisoft.lt\/vtdko\/wp-content\/uploads\/2020\/02\/Logo-su-tekstu-01.svg","contentUrl":"https:\/\/wp.adisoft.lt\/vtdko\/wp-content\/uploads\/2020\/02\/Logo-su-tekstu-01.svg","width":151,"height":74,"caption":"vtdko"},"image":{"@id":"https:\/\/wp.adisoft.lt\/vtdko\/en\/#\/schema\/logo\/image\/"}}]}},"_links":{"self":[{"href":"https:\/\/wp.adisoft.lt\/vtdko\/en\/wp-json\/wp\/v2\/pages\/995964","targetHints":{"allow":["GET"]}}],"collection":[{"href":"https:\/\/wp.adisoft.lt\/vtdko\/en\/wp-json\/wp\/v2\/pages"}],"about":[{"href":"https:\/\/wp.adisoft.lt\/vtdko\/en\/wp-json\/wp\/v2\/types\/page"}],"author":[{"embeddable":true,"href":"https:\/\/wp.adisoft.lt\/vtdko\/en\/wp-json\/wp\/v2\/users\/1"}],"replies":[{"embeddable":true,"href":"https:\/\/wp.adisoft.lt\/vtdko\/en\/wp-json\/wp\/v2\/comments?post=995964"}],"version-history":[{"count":0,"href":"https:\/\/wp.adisoft.lt\/vtdko\/en\/wp-json\/wp\/v2\/pages\/995964\/revisions"}],"up":[{"embeddable":true,"href":"https:\/\/wp.adisoft.lt\/vtdko\/en\/wp-json\/wp\/v2\/pages\/995963"}],"wp:attachment":[{"href":"https:\/\/wp.adisoft.lt\/vtdko\/en\/wp-json\/wp\/v2\/media?parent=995964"}],"curies":[{"name":"wp","href":"https:\/\/api.w.org\/{rel}","templated":true}]}}