{"id":995980,"date":"2022-10-24T14:02:14","date_gmt":"2022-10-24T11:02:14","guid":{"rendered":"https:\/\/wp.adisoft.lt\/vtdko\/kvieciame-jusu-organizacija-prisijungti-prie-lietuvos-aukstuju-mokyklu-studentu-ir-absolventu-karjeros-valdymo-informacines-sistemos\/"},"modified":"2022-10-24T14:02:14","modified_gmt":"2022-10-24T11:02:14","slug":"kvieciame-jusu-organizacija-prisijungti-prie-lietuvos-aukstuju-mokyklu-studentu-ir-absolventu-karjeros-valdymo-informacines-sistemos","status":"publish","type":"page","link":"https:\/\/wp.adisoft.lt\/vtdko\/en\/visuomenei\/karjeros-centras\/darbdaviams\/kvieciame-jusu-organizacija-prisijungti-prie-lietuvos-aukstuju-mokyklu-studentu-ir-absolventu-karjeros-valdymo-informacines-sistemos\/","title":{"rendered":"Kvie\u010diame J\u016bs\u0173 organizacij\u0105 prisijungti prie Lietuvos auk\u0161t\u0173j\u0173 mokykl\u0173 student\u0173 ir absolvent\u0173 Karjeros valdymo informacin\u0117s sistemos (KVIS)"},"content":{"rendered":"\t\t<div data-elementor-type=\"wp-page\" data-elementor-id=\"995980\" class=\"elementor elementor-995980 elementor-990594\">\n\t\t\t\t\t\t\t\t\t<section class=\"elementor-section elementor-top-section elementor-element elementor-element-8f37da3 elementor-section-boxed elementor-section-height-default elementor-section-height-default\" data-id=\"8f37da3\" data-element_type=\"section\">\n\t\t\t\t\t\t<div class=\"elementor-container elementor-column-gap-default\">\n\t\t\t\t\t<div class=\"elementor-column elementor-col-100 elementor-top-column elementor-element elementor-element-076b17f\" data-id=\"076b17f\" data-element_type=\"column\">\n\t\t\t<div class=\"elementor-widget-wrap elementor-element-populated\">\n\t\t\t\t\t\t\t\t<div class=\"elementor-element elementor-element-b5ff5f2 elementor-widget elementor-widget-text-editor\" data-id=\"b5ff5f2\" data-element_type=\"widget\" data-widget_type=\"text-editor.default\">\n\t\t\t\t<div class=\"elementor-widget-container\">\n\t\t\t\t\t\t\t<p><strong>Trumpai apie KVIS<\/strong>. Tai nacionalin\u0117 auk\u0161t\u0173j\u0173 mokykl\u0173 informacin\u0117 sistema, kurios paskirtis pad\u0117ti studentams ir absolventams (5 metai po studij\u0173 baigimo) savaranki\u0161kai valdyti asmenin\u0119 karjer\u0105. \u010cia pateikti sav\u0119s pa\u017einimo, karjeros galimybi\u0173 tyrin\u0117jimo, karjeros planavimo, darbo paie\u0161kos ir kt. s\u0117kmingai karjerai kurti svarb\u016bs \u012frankiai. Sistema leid\u017eia tvarkyti karjerai reik\u0161ming\u0105 asmenin\u0119 informacij\u0105, u\u017emegzti ir palaikyti ry\u0161ius su darbdaviais ir profesini\u0173 sri\u010di\u0173 atstovais, naudotis savo auk\u0161tosios mokyklos karjeros valdymo paslaugomis ir priemon\u0117mis.<\/p><p><strong>KVIS galima nauda J\u016bs\u0173 organizacijai<\/strong>. Naudodamiesi \u0161ia sistema gal\u0117site platinti informacij\u0105 apie save, si\u016blomas darbo ir praktikos vietas vis\u0173 Lietuvos auk\u0161t\u0173j\u0173 mokykl\u0173 studentams. Taigi, tur\u0117site unikali\u0105 galimyb\u0119 tiesiogiai pasiekti pla\u010di\u0105 jaunimo auditorij\u0105, jau nuo pirm\u0173j\u0173 studij\u0173 met\u0173, pritraukti ir i\u0161laikyti Jums r\u016bpim\u0173 jaun\u0173 talent\u0173 d\u0117mes\u012f, juos v\u0117liau pasikvie\u010diant pas save atlikti profesin\u0119 praktik\u0105 ar tiesiogiai pasi\u016blant darbo viet\u0105. Tuo pa\u010diu J\u016bs\u0173 aktyvus dalyvavimas prisid\u0117s prie socialiai \u00a0atsakingos organizacijos, kuriai r\u016bpi jaun\u0173 \u017emoni\u0173 ateitis, kuri nori investuoti \u012f j\u0173 pasirengim\u0105 karjerai, \u012fvaizd\u017eio formavim\u0105.<\/p><p><strong>U\u017epild\u0119 savo organizacijos profil\u012f tapsite sistemos naudotojais ir gal\u0117site:<\/strong><\/p><ol><li>Skelbti studentams ir absolventams organizacijos naujienas (pagrindiniame meniu: J\u016bs\u0173 organizacija -&gt;Naujienos).<\/li><li>Talpinti darbo ir praktikos skelbimus (pagrindiniame meniu: Darbuotoj\u0173 paie\u0161ka).<\/li><li>Atlikti student\u0173\/absolvent\u0173 paie\u0161k\u0105 (pagrindiniame meniu: Darbuotoj\u0173 paie\u0161ka -&gt; Student\u0173 ir absolvent\u0173 paie\u0161ka).<\/li><li>Atrinkti kelet\u0105 student\u0173 grupi\u0173 (pagrindiniame meniu: Darbuotoj\u0173 paie\u0161ka -&gt; Atrinkt\u0173 student\u0173 grup\u0117s).<\/li><li>Sukurti ir paskelbti kelis renginius\/mokymus (pagrindiniame meniu: Renginiai ir mokymai).<\/li><li>U\u017epildyti organizacijos atstovo profil\u012f (pagrindiniame meniu: Prad\u017eia -&gt; Mano profilis).<\/li><li>Sukurti kit\u0105 savo organizacijos naudotoj\u0105 sistemoje (pagrindiniame meniu: Administravimas).<\/li><\/ol><p><strong>Prisijungimas prie KVIS ir informacijos platinimas organizacijoms nemokamas<\/strong><strong>!<\/strong><\/p><p>KVIS komanda<\/p><p>\u017demiau pateikiame\u00a0<strong>prisijungimo prie KVIS ir naudojimosi pagrindin\u0117mis organizacijoms skirtomis funkcijomis instrukcij\u0105<\/strong>:<\/p><p>Prisijungimui prie KVIS reikalingi tokie J\u016bs\u0173 organizacijos duomenys:<\/p><ol><li>Organizacijos pavadinimas.<\/li><li>Organizacijos atstovo asmens kodas. Rekomenduojama, jog tai b\u016bt\u0173 organizacijos personalo\/\u017emogi\u0161k\u0173j\u0173 resurs\u0173 ar pan. skyriaus atstovas. \u0160is asmens kodas bus susietas su J\u016bs\u0173 organizacija ir nurodytas asmuo gal\u0117s prisijungti prie KVIS per \u201eEl. vald\u017eios vartai\u201c portal\u0105. Reikia nurodyti\u00a0vieno\u00a0atstovo asmens kod\u0105, v\u0117liau jis gal\u0117s suteikti teises naudotis sistema kitiems organizacijos atstovams.<\/li><li>El. pa\u0161to adresas. \u0160\u012f el. pa\u0161to adres\u0105 \u012ftrauksime \u012f KVIS bandomosios eksploatacijos dalyvi\u0173 pa\u0161to grup\u0119. I\u0161kilus b\u016btinybei,\u00a0 \u0161iuo el. pa\u0161tu b\u016bsite informuoti\u00a0 apie svarbiausius bandomosios eksploatacijos \u012fvykius.<\/li><\/ol><p>Gav\u0119 J\u016bs\u0173 duomenis, KVIS administratoriai u\u017eregistruos J\u016bs\u0173 organizacij\u0105 bei atstovaujant\u012f asmen\u012f ir informuos Jus kaip prisijungti prie sistemos J\u016bs\u0173 nurodytu el. pa\u0161to adresu.<\/p><p>Prisijung\u0119 prie KVIS privalote\u00a0u\u017epildyti organizacijos profil\u012f\u00a0(pagrindiniame meniu: J\u016bs\u0173 organizacija). Kaip u\u017epildyti organizacijos profil\u012f galite paskaityti naudotojo vadove, kuris atidaromas paspaudus \u201ei\u201c raid\u0119 ant puslapio bloko \u201eOrganizacijos profilis\u201c.<\/p>\t\t\t\t\t\t<\/div>\n\t\t\t\t<\/div>\n\t\t\t\t\t<\/div>\n\t\t<\/div>\n\t\t\t\t\t\t\t<\/div>\n\t\t<\/section>\n\t\t\t\t<section class=\"elementor-section elementor-top-section elementor-element elementor-element-a2f119c elementor-section-boxed elementor-section-height-default elementor-section-height-default\" data-id=\"a2f119c\" data-element_type=\"section\">\n\t\t\t\t\t\t<div class=\"elementor-container elementor-column-gap-default\">\n\t\t\t\t\t<div class=\"elementor-column elementor-col-100 elementor-top-column elementor-element elementor-element-5768373\" data-id=\"5768373\" data-element_type=\"column\">\n\t\t\t<div class=\"elementor-widget-wrap elementor-element-populated\">\n\t\t\t\t\t\t\t\t<div class=\"elementor-element elementor-element-dd73a4c elementor-widget elementor-widget-spacer\" data-id=\"dd73a4c\" data-element_type=\"widget\" data-widget_type=\"spacer.default\">\n\t\t\t\t<div class=\"elementor-widget-container\">\n\t\t\t\t\t<div class=\"elementor-spacer\">\n\t\t\t<div class=\"elementor-spacer-inner\"><\/div>\n\t\t<\/div>\n\t\t\t\t<\/div>\n\t\t\t\t<\/div>\n\t\t\t\t\t<\/div>\n\t\t<\/div>\n\t\t\t\t\t\t\t<\/div>\n\t\t<\/section>\n\t\t\t\t\t\t\t<\/div>\n\t\t","protected":false},"excerpt":{"rendered":"<p>Trumpai apie KVIS. Tai nacionalin\u0117 auk\u0161t\u0173j\u0173 mokykl\u0173 informacin\u0117 sistema, kurios paskirtis pad\u0117ti studentams ir absolventams (5 metai po studij\u0173 baigimo) savaranki\u0161kai valdyti asmenin\u0119 karjer\u0105. \u010cia pateikti sav\u0119s pa\u017einimo, karjeros galimybi\u0173 tyrin\u0117jimo, karjeros planavimo, darbo paie\u0161kos ir kt. s\u0117kmingai karjerai kurti svarb\u016bs \u012frankiai. Sistema leid\u017eia tvarkyti karjerai reik\u0161ming\u0105 asmenin\u0119 informacij\u0105, u\u017emegzti ir palaikyti ry\u0161ius su darbdaviais&#8230;<\/p>\n","protected":false},"author":1,"featured_media":0,"parent":995986,"menu_order":0,"comment_status":"closed","ping_status":"closed","template":"","meta":{"inline_featured_image":false,"footnotes":""},"class_list":["post-995980","page","type-page","status-publish","hentry"],"yoast_head":"<!-- This site is optimized with the Yoast SEO plugin v19.12 - https:\/\/yoast.com\/wordpress\/plugins\/seo\/ -->\n<title>Kvie\u010diame J\u016bs\u0173 organizacij\u0105 prisijungti prie Lietuvos auk\u0161t\u0173j\u0173 mokykl\u0173 student\u0173 ir absolvent\u0173 Karjeros valdymo informacin\u0117s sistemos (KVIS) - vtdko<\/title>\n<meta name=\"robots\" content=\"noindex, follow, max-snippet:-1, max-image-preview:large, max-video-preview:-1\" \/>\n<meta property=\"og:locale\" content=\"en_US\" \/>\n<meta property=\"og:type\" content=\"article\" \/>\n<meta property=\"og:title\" content=\"Kvie\u010diame J\u016bs\u0173 organizacij\u0105 prisijungti prie Lietuvos auk\u0161t\u0173j\u0173 mokykl\u0173 student\u0173 ir absolvent\u0173 Karjeros valdymo informacin\u0117s sistemos (KVIS) - vtdko\" \/>\n<meta property=\"og:description\" content=\"Trumpai apie KVIS. Tai nacionalin\u0117 auk\u0161t\u0173j\u0173 mokykl\u0173 informacin\u0117 sistema, kurios paskirtis pad\u0117ti studentams ir absolventams (5 metai po studij\u0173 baigimo) savaranki\u0161kai valdyti asmenin\u0119 karjer\u0105. \u010cia pateikti sav\u0119s pa\u017einimo, karjeros galimybi\u0173 tyrin\u0117jimo, karjeros planavimo, darbo paie\u0161kos ir kt. s\u0117kmingai karjerai kurti svarb\u016bs \u012frankiai. Sistema leid\u017eia tvarkyti karjerai reik\u0161ming\u0105 asmenin\u0119 informacij\u0105, u\u017emegzti ir palaikyti ry\u0161ius su darbdaviais...\" \/>\n<meta property=\"og:url\" content=\"https:\/\/wp.adisoft.lt\/vtdko\/en\/visuomenei\/karjeros-centras\/darbdaviams\/kvieciame-jusu-organizacija-prisijungti-prie-lietuvos-aukstuju-mokyklu-studentu-ir-absolventu-karjeros-valdymo-informacines-sistemos\/\" \/>\n<meta property=\"og:site_name\" content=\"vtdko\" \/>\n<meta name=\"twitter:card\" content=\"summary_large_image\" \/>\n<meta name=\"twitter:label1\" content=\"Est. reading time\" \/>\n\t<meta name=\"twitter:data1\" content=\"2 minutes\" \/>\n<script type=\"application\/ld+json\" class=\"yoast-schema-graph\">{\"@context\":\"https:\/\/schema.org\",\"@graph\":[{\"@type\":\"WebPage\",\"@id\":\"https:\/\/wp.adisoft.lt\/vtdko\/en\/visuomenei\/karjeros-centras\/darbdaviams\/kvieciame-jusu-organizacija-prisijungti-prie-lietuvos-aukstuju-mokyklu-studentu-ir-absolventu-karjeros-valdymo-informacines-sistemos\/\",\"url\":\"https:\/\/wp.adisoft.lt\/vtdko\/en\/visuomenei\/karjeros-centras\/darbdaviams\/kvieciame-jusu-organizacija-prisijungti-prie-lietuvos-aukstuju-mokyklu-studentu-ir-absolventu-karjeros-valdymo-informacines-sistemos\/\",\"name\":\"Kvie\u010diame J\u016bs\u0173 organizacij\u0105 prisijungti prie Lietuvos auk\u0161t\u0173j\u0173 mokykl\u0173 student\u0173 ir absolvent\u0173 Karjeros valdymo informacin\u0117s sistemos (KVIS) - vtdko\",\"isPartOf\":{\"@id\":\"https:\/\/wp.adisoft.lt\/vtdko\/en\/#website\"},\"datePublished\":\"2022-10-24T11:02:14+00:00\",\"dateModified\":\"2022-10-24T11:02:14+00:00\",\"breadcrumb\":{\"@id\":\"https:\/\/wp.adisoft.lt\/vtdko\/en\/visuomenei\/karjeros-centras\/darbdaviams\/kvieciame-jusu-organizacija-prisijungti-prie-lietuvos-aukstuju-mokyklu-studentu-ir-absolventu-karjeros-valdymo-informacines-sistemos\/#breadcrumb\"},\"inLanguage\":\"en-US\",\"potentialAction\":[{\"@type\":\"ReadAction\",\"target\":[\"https:\/\/wp.adisoft.lt\/vtdko\/en\/visuomenei\/karjeros-centras\/darbdaviams\/kvieciame-jusu-organizacija-prisijungti-prie-lietuvos-aukstuju-mokyklu-studentu-ir-absolventu-karjeros-valdymo-informacines-sistemos\/\"]}]},{\"@type\":\"BreadcrumbList\",\"@id\":\"https:\/\/wp.adisoft.lt\/vtdko\/en\/visuomenei\/karjeros-centras\/darbdaviams\/kvieciame-jusu-organizacija-prisijungti-prie-lietuvos-aukstuju-mokyklu-studentu-ir-absolventu-karjeros-valdymo-informacines-sistemos\/#breadcrumb\",\"itemListElement\":[{\"@type\":\"ListItem\",\"position\":1,\"name\":\"Pagrindinis\",\"item\":\"https:\/\/wp.adisoft.lt\/vtdko\/en\/pagrindinis\/\"},{\"@type\":\"ListItem\",\"position\":2,\"name\":\"Visuomenei\",\"item\":\"https:\/\/wp.adisoft.lt\/vtdko\/en\/visuomenei\/\"},{\"@type\":\"ListItem\",\"position\":3,\"name\":\"Karjeros centras\",\"item\":\"https:\/\/wp.adisoft.lt\/vtdko\/en\/visuomenei\/karjeros-centras\/\"},{\"@type\":\"ListItem\",\"position\":4,\"name\":\"Karjeros centras darbdaviams\",\"item\":\"https:\/\/wp.adisoft.lt\/vtdko\/en\/visuomenei\/karjeros-centras\/darbdaviams\/\"},{\"@type\":\"ListItem\",\"position\":5,\"name\":\"Kvie\u010diame J\u016bs\u0173 organizacij\u0105 prisijungti prie Lietuvos auk\u0161t\u0173j\u0173 mokykl\u0173 student\u0173 ir absolvent\u0173 Karjeros valdymo informacin\u0117s sistemos (KVIS)\"}]},{\"@type\":\"WebSite\",\"@id\":\"https:\/\/wp.adisoft.lt\/vtdko\/en\/#website\",\"url\":\"https:\/\/wp.adisoft.lt\/vtdko\/en\/\",\"name\":\"vtdko\",\"description\":\"Vilniaus technologij\u0173 ir dizaino kolegija\",\"publisher\":{\"@id\":\"https:\/\/wp.adisoft.lt\/vtdko\/en\/#organization\"},\"potentialAction\":[{\"@type\":\"SearchAction\",\"target\":{\"@type\":\"EntryPoint\",\"urlTemplate\":\"https:\/\/wp.adisoft.lt\/vtdko\/en\/?s={search_term_string}\"},\"query-input\":\"required name=search_term_string\"}],\"inLanguage\":\"en-US\"},{\"@type\":\"Organization\",\"@id\":\"https:\/\/wp.adisoft.lt\/vtdko\/en\/#organization\",\"name\":\"vtdko\",\"url\":\"https:\/\/wp.adisoft.lt\/vtdko\/en\/\",\"logo\":{\"@type\":\"ImageObject\",\"inLanguage\":\"en-US\",\"@id\":\"https:\/\/wp.adisoft.lt\/vtdko\/en\/#\/schema\/logo\/image\/\",\"url\":\"https:\/\/wp.adisoft.lt\/vtdko\/wp-content\/uploads\/2020\/02\/Logo-su-tekstu-01.svg\",\"contentUrl\":\"https:\/\/wp.adisoft.lt\/vtdko\/wp-content\/uploads\/2020\/02\/Logo-su-tekstu-01.svg\",\"width\":151,\"height\":74,\"caption\":\"vtdko\"},\"image\":{\"@id\":\"https:\/\/wp.adisoft.lt\/vtdko\/en\/#\/schema\/logo\/image\/\"}}]}<\/script>\n<!-- \/ Yoast SEO plugin. -->","yoast_head_json":{"title":"Kvie\u010diame J\u016bs\u0173 organizacij\u0105 prisijungti prie Lietuvos auk\u0161t\u0173j\u0173 mokykl\u0173 student\u0173 ir absolvent\u0173 Karjeros valdymo informacin\u0117s sistemos (KVIS) - vtdko","robots":{"index":"noindex","follow":"follow","max-snippet":"max-snippet:-1","max-image-preview":"max-image-preview:large","max-video-preview":"max-video-preview:-1"},"og_locale":"en_US","og_type":"article","og_title":"Kvie\u010diame J\u016bs\u0173 organizacij\u0105 prisijungti prie Lietuvos auk\u0161t\u0173j\u0173 mokykl\u0173 student\u0173 ir absolvent\u0173 Karjeros valdymo informacin\u0117s sistemos (KVIS) - vtdko","og_description":"Trumpai apie KVIS. Tai nacionalin\u0117 auk\u0161t\u0173j\u0173 mokykl\u0173 informacin\u0117 sistema, kurios paskirtis pad\u0117ti studentams ir absolventams (5 metai po studij\u0173 baigimo) savaranki\u0161kai valdyti asmenin\u0119 karjer\u0105. \u010cia pateikti sav\u0119s pa\u017einimo, karjeros galimybi\u0173 tyrin\u0117jimo, karjeros planavimo, darbo paie\u0161kos ir kt. s\u0117kmingai karjerai kurti svarb\u016bs \u012frankiai. Sistema leid\u017eia tvarkyti karjerai reik\u0161ming\u0105 asmenin\u0119 informacij\u0105, u\u017emegzti ir palaikyti ry\u0161ius su darbdaviais...","og_url":"https:\/\/wp.adisoft.lt\/vtdko\/en\/visuomenei\/karjeros-centras\/darbdaviams\/kvieciame-jusu-organizacija-prisijungti-prie-lietuvos-aukstuju-mokyklu-studentu-ir-absolventu-karjeros-valdymo-informacines-sistemos\/","og_site_name":"vtdko","twitter_card":"summary_large_image","twitter_misc":{"Est. reading time":"2 minutes"},"schema":{"@context":"https:\/\/schema.org","@graph":[{"@type":"WebPage","@id":"https:\/\/wp.adisoft.lt\/vtdko\/en\/visuomenei\/karjeros-centras\/darbdaviams\/kvieciame-jusu-organizacija-prisijungti-prie-lietuvos-aukstuju-mokyklu-studentu-ir-absolventu-karjeros-valdymo-informacines-sistemos\/","url":"https:\/\/wp.adisoft.lt\/vtdko\/en\/visuomenei\/karjeros-centras\/darbdaviams\/kvieciame-jusu-organizacija-prisijungti-prie-lietuvos-aukstuju-mokyklu-studentu-ir-absolventu-karjeros-valdymo-informacines-sistemos\/","name":"Kvie\u010diame J\u016bs\u0173 organizacij\u0105 prisijungti prie Lietuvos auk\u0161t\u0173j\u0173 mokykl\u0173 student\u0173 ir absolvent\u0173 Karjeros valdymo informacin\u0117s sistemos (KVIS) - vtdko","isPartOf":{"@id":"https:\/\/wp.adisoft.lt\/vtdko\/en\/#website"},"datePublished":"2022-10-24T11:02:14+00:00","dateModified":"2022-10-24T11:02:14+00:00","breadcrumb":{"@id":"https:\/\/wp.adisoft.lt\/vtdko\/en\/visuomenei\/karjeros-centras\/darbdaviams\/kvieciame-jusu-organizacija-prisijungti-prie-lietuvos-aukstuju-mokyklu-studentu-ir-absolventu-karjeros-valdymo-informacines-sistemos\/#breadcrumb"},"inLanguage":"en-US","potentialAction":[{"@type":"ReadAction","target":["https:\/\/wp.adisoft.lt\/vtdko\/en\/visuomenei\/karjeros-centras\/darbdaviams\/kvieciame-jusu-organizacija-prisijungti-prie-lietuvos-aukstuju-mokyklu-studentu-ir-absolventu-karjeros-valdymo-informacines-sistemos\/"]}]},{"@type":"BreadcrumbList","@id":"https:\/\/wp.adisoft.lt\/vtdko\/en\/visuomenei\/karjeros-centras\/darbdaviams\/kvieciame-jusu-organizacija-prisijungti-prie-lietuvos-aukstuju-mokyklu-studentu-ir-absolventu-karjeros-valdymo-informacines-sistemos\/#breadcrumb","itemListElement":[{"@type":"ListItem","position":1,"name":"Pagrindinis","item":"https:\/\/wp.adisoft.lt\/vtdko\/en\/pagrindinis\/"},{"@type":"ListItem","position":2,"name":"Visuomenei","item":"https:\/\/wp.adisoft.lt\/vtdko\/en\/visuomenei\/"},{"@type":"ListItem","position":3,"name":"Karjeros centras","item":"https:\/\/wp.adisoft.lt\/vtdko\/en\/visuomenei\/karjeros-centras\/"},{"@type":"ListItem","position":4,"name":"Karjeros centras darbdaviams","item":"https:\/\/wp.adisoft.lt\/vtdko\/en\/visuomenei\/karjeros-centras\/darbdaviams\/"},{"@type":"ListItem","position":5,"name":"Kvie\u010diame J\u016bs\u0173 organizacij\u0105 prisijungti prie Lietuvos auk\u0161t\u0173j\u0173 mokykl\u0173 student\u0173 ir absolvent\u0173 Karjeros valdymo informacin\u0117s sistemos (KVIS)"}]},{"@type":"WebSite","@id":"https:\/\/wp.adisoft.lt\/vtdko\/en\/#website","url":"https:\/\/wp.adisoft.lt\/vtdko\/en\/","name":"vtdko","description":"Vilniaus technologij\u0173 ir dizaino kolegija","publisher":{"@id":"https:\/\/wp.adisoft.lt\/vtdko\/en\/#organization"},"potentialAction":[{"@type":"SearchAction","target":{"@type":"EntryPoint","urlTemplate":"https:\/\/wp.adisoft.lt\/vtdko\/en\/?s={search_term_string}"},"query-input":"required name=search_term_string"}],"inLanguage":"en-US"},{"@type":"Organization","@id":"https:\/\/wp.adisoft.lt\/vtdko\/en\/#organization","name":"vtdko","url":"https:\/\/wp.adisoft.lt\/vtdko\/en\/","logo":{"@type":"ImageObject","inLanguage":"en-US","@id":"https:\/\/wp.adisoft.lt\/vtdko\/en\/#\/schema\/logo\/image\/","url":"https:\/\/wp.adisoft.lt\/vtdko\/wp-content\/uploads\/2020\/02\/Logo-su-tekstu-01.svg","contentUrl":"https:\/\/wp.adisoft.lt\/vtdko\/wp-content\/uploads\/2020\/02\/Logo-su-tekstu-01.svg","width":151,"height":74,"caption":"vtdko"},"image":{"@id":"https:\/\/wp.adisoft.lt\/vtdko\/en\/#\/schema\/logo\/image\/"}}]}},"_links":{"self":[{"href":"https:\/\/wp.adisoft.lt\/vtdko\/en\/wp-json\/wp\/v2\/pages\/995980","targetHints":{"allow":["GET"]}}],"collection":[{"href":"https:\/\/wp.adisoft.lt\/vtdko\/en\/wp-json\/wp\/v2\/pages"}],"about":[{"href":"https:\/\/wp.adisoft.lt\/vtdko\/en\/wp-json\/wp\/v2\/types\/page"}],"author":[{"embeddable":true,"href":"https:\/\/wp.adisoft.lt\/vtdko\/en\/wp-json\/wp\/v2\/users\/1"}],"replies":[{"embeddable":true,"href":"https:\/\/wp.adisoft.lt\/vtdko\/en\/wp-json\/wp\/v2\/comments?post=995980"}],"version-history":[{"count":0,"href":"https:\/\/wp.adisoft.lt\/vtdko\/en\/wp-json\/wp\/v2\/pages\/995980\/revisions"}],"up":[{"embeddable":true,"href":"https:\/\/wp.adisoft.lt\/vtdko\/en\/wp-json\/wp\/v2\/pages\/995986"}],"wp:attachment":[{"href":"https:\/\/wp.adisoft.lt\/vtdko\/en\/wp-json\/wp\/v2\/media?parent=995980"}],"curies":[{"name":"wp","href":"https:\/\/api.w.org\/{rel}","templated":true}]}}