{"id":995981,"date":"2022-10-24T13:48:26","date_gmt":"2022-10-24T10:48:26","guid":{"rendered":"https:\/\/wp.adisoft.lt\/vtdko\/tavo-karjeros-startas\/"},"modified":"2022-10-24T13:48:26","modified_gmt":"2022-10-24T10:48:26","slug":"tavo-karjeros-startas","status":"publish","type":"page","link":"https:\/\/wp.adisoft.lt\/vtdko\/en\/visuomenei\/karjeros-centras\/studentams\/tavo-karjeros-startas\/","title":{"rendered":"Tavo karjeros startas!"},"content":{"rendered":"\t\t<div data-elementor-type=\"wp-page\" data-elementor-id=\"995981\" class=\"elementor elementor-995981 elementor-990565\">\n\t\t\t\t\t\t\t\t\t<section class=\"elementor-section elementor-top-section elementor-element elementor-element-8f37da3 elementor-section-boxed elementor-section-height-default elementor-section-height-default\" data-id=\"8f37da3\" data-element_type=\"section\">\n\t\t\t\t\t\t<div class=\"elementor-container elementor-column-gap-default\">\n\t\t\t\t\t<div class=\"elementor-column elementor-col-100 elementor-top-column elementor-element elementor-element-076b17f\" data-id=\"076b17f\" data-element_type=\"column\">\n\t\t\t<div class=\"elementor-widget-wrap elementor-element-populated\">\n\t\t\t\t\t\t\t\t<div class=\"elementor-element elementor-element-b5ff5f2 elementor-widget elementor-widget-text-editor\" data-id=\"b5ff5f2\" data-element_type=\"widget\" data-widget_type=\"text-editor.default\">\n\t\t\t\t<div class=\"elementor-widget-container\">\n\t\t\t\t\t\t\t<p>Vilniaus technologij\u0173 ir dizaino kolegija, bendradarbiaudama su Lietuvos verslo konfederacija | ICC Lietuva, suteikia savo studentams puiki\u0105 galimyb\u0119 susirasti patraukli\u0105 praktikos viet\u0105 ir \u012fgyti realios darbo patirties, atitinkan\u010dios j\u016bs\u0173 specialyb\u0119, gerai \u017einomose Lietuvos verslo \u012fmon\u0117se ir organizacijose.<\/p><p>Kvie\u010diame vis\u0173 kurs\u0173 studentus, norin\u010dius atverti duris \u012f verslo pasaul\u012f ir susipa\u017einti su juo i\u0161 vidaus, registruotis neseniai prad\u0117jusiame veikti portale\u00a0<a href=\"http:\/\/www.startuoju.lt\/\" target=\"_blank\" rel=\"noopener\">www.startuoju.lt<\/a>. \u0160ioje Interneto svetain\u0117je verslo \u012fmon\u0117s ir organizacijos skelbia informacij\u0105 apie si\u016blomas praktikos vietas. Studentai gali pasirinkti i\u0161 jau si\u016blom\u0173 skelbim\u0173 arba u\u017esiregistruoti duomen\u0173 baz\u0117je, kur juos lengvai suras \u012fmon\u0117s, ie\u0161kan\u010dios praktikant\u0173.<\/p><p>Kvie\u010diame pasinaudoti galimybe!<\/p><p>Projektas i\u0161 dalies finansuojamas Europos S\u0105jungos strukt\u016brini\u0173 fond\u0173 l\u0117\u0161omis.<\/p><p>Apie Lietuvos verslo konfederacij\u0105 | ICC Lietuva<\/p><p>Lietuvos verslo konfederacija | ICC Lietuva \u2013 did\u017eiausia Lietuvos paslaug\u0173, prekybos ir auk\u0161t\u0173j\u0173 technologij\u0173 \u012fmones atstovaujanti verslo organizacija, kurios nariai sukuria 19 proc. \u0161alies BVP ir 10 proc. vis\u0173 darbo viet\u0173. Organizacija vienija daugiau nei \u0161alies 1500 \u012fmoni\u0173 ir 16 verslo asociacij\u0173. Lietuvos verslo konfederacija | ICC Lietuva \u2013 Pasaulio verslo organizacijos (International Chamber of Commerce).<\/p>\t\t\t\t\t\t<\/div>\n\t\t\t\t<\/div>\n\t\t\t\t\t<\/div>\n\t\t<\/div>\n\t\t\t\t\t\t\t<\/div>\n\t\t<\/section>\n\t\t\t\t<section class=\"elementor-section elementor-top-section elementor-element elementor-element-4167083 elementor-section-boxed elementor-section-height-default elementor-section-height-default\" data-id=\"4167083\" data-element_type=\"section\">\n\t\t\t\t\t\t<div class=\"elementor-container elementor-column-gap-default\">\n\t\t\t\t\t<div class=\"elementor-column elementor-col-100 elementor-top-column elementor-element elementor-element-31f6e42\" data-id=\"31f6e42\" data-element_type=\"column\">\n\t\t\t<div class=\"elementor-widget-wrap elementor-element-populated\">\n\t\t\t\t\t\t\t\t<div class=\"elementor-element elementor-element-ea8010a elementor-widget elementor-widget-spacer\" data-id=\"ea8010a\" data-element_type=\"widget\" data-widget_type=\"spacer.default\">\n\t\t\t\t<div class=\"elementor-widget-container\">\n\t\t\t\t\t<div class=\"elementor-spacer\">\n\t\t\t<div class=\"elementor-spacer-inner\"><\/div>\n\t\t<\/div>\n\t\t\t\t<\/div>\n\t\t\t\t<\/div>\n\t\t\t\t\t<\/div>\n\t\t<\/div>\n\t\t\t\t\t\t\t<\/div>\n\t\t<\/section>\n\t\t\t\t\t\t\t<\/div>\n\t\t","protected":false},"excerpt":{"rendered":"<p>Vilniaus technologij\u0173 ir dizaino kolegija, bendradarbiaudama su Lietuvos verslo konfederacija | ICC Lietuva, suteikia savo studentams puiki\u0105 galimyb\u0119 susirasti patraukli\u0105 praktikos viet\u0105 ir \u012fgyti realios darbo patirties, atitinkan\u010dios j\u016bs\u0173 specialyb\u0119, gerai \u017einomose Lietuvos verslo \u012fmon\u0117se ir organizacijose. Kvie\u010diame vis\u0173 kurs\u0173 studentus, norin\u010dius atverti duris \u012f verslo pasaul\u012f ir susipa\u017einti su juo i\u0161 vidaus, registruotis neseniai&#8230;<\/p>\n","protected":false},"author":1,"featured_media":0,"parent":995987,"menu_order":0,"comment_status":"closed","ping_status":"closed","template":"","meta":{"inline_featured_image":false,"footnotes":""},"class_list":["post-995981","page","type-page","status-publish","hentry"],"yoast_head":"<!-- This site is optimized with the Yoast SEO plugin v19.12 - https:\/\/yoast.com\/wordpress\/plugins\/seo\/ -->\n<title>Tavo karjeros startas! - vtdko<\/title>\n<meta name=\"robots\" content=\"noindex, follow, max-snippet:-1, max-image-preview:large, max-video-preview:-1\" \/>\n<meta property=\"og:locale\" content=\"en_US\" \/>\n<meta property=\"og:type\" content=\"article\" \/>\n<meta property=\"og:title\" content=\"Tavo karjeros startas! - vtdko\" \/>\n<meta property=\"og:description\" content=\"Vilniaus technologij\u0173 ir dizaino kolegija, bendradarbiaudama su Lietuvos verslo konfederacija | ICC Lietuva, suteikia savo studentams puiki\u0105 galimyb\u0119 susirasti patraukli\u0105 praktikos viet\u0105 ir \u012fgyti realios darbo patirties, atitinkan\u010dios j\u016bs\u0173 specialyb\u0119, gerai \u017einomose Lietuvos verslo \u012fmon\u0117se ir organizacijose. Kvie\u010diame vis\u0173 kurs\u0173 studentus, norin\u010dius atverti duris \u012f verslo pasaul\u012f ir susipa\u017einti su juo i\u0161 vidaus, registruotis neseniai...\" \/>\n<meta property=\"og:url\" content=\"https:\/\/wp.adisoft.lt\/vtdko\/en\/visuomenei\/karjeros-centras\/studentams\/tavo-karjeros-startas\/\" \/>\n<meta property=\"og:site_name\" content=\"vtdko\" \/>\n<meta name=\"twitter:card\" content=\"summary_large_image\" \/>\n<meta name=\"twitter:label1\" content=\"Est. reading time\" \/>\n\t<meta name=\"twitter:data1\" content=\"1 minute\" \/>\n<script type=\"application\/ld+json\" class=\"yoast-schema-graph\">{\"@context\":\"https:\/\/schema.org\",\"@graph\":[{\"@type\":\"WebPage\",\"@id\":\"https:\/\/wp.adisoft.lt\/vtdko\/en\/visuomenei\/karjeros-centras\/studentams\/tavo-karjeros-startas\/\",\"url\":\"https:\/\/wp.adisoft.lt\/vtdko\/en\/visuomenei\/karjeros-centras\/studentams\/tavo-karjeros-startas\/\",\"name\":\"Tavo karjeros startas! - vtdko\",\"isPartOf\":{\"@id\":\"https:\/\/wp.adisoft.lt\/vtdko\/en\/#website\"},\"datePublished\":\"2022-10-24T10:48:26+00:00\",\"dateModified\":\"2022-10-24T10:48:26+00:00\",\"breadcrumb\":{\"@id\":\"https:\/\/wp.adisoft.lt\/vtdko\/en\/visuomenei\/karjeros-centras\/studentams\/tavo-karjeros-startas\/#breadcrumb\"},\"inLanguage\":\"en-US\",\"potentialAction\":[{\"@type\":\"ReadAction\",\"target\":[\"https:\/\/wp.adisoft.lt\/vtdko\/en\/visuomenei\/karjeros-centras\/studentams\/tavo-karjeros-startas\/\"]}]},{\"@type\":\"BreadcrumbList\",\"@id\":\"https:\/\/wp.adisoft.lt\/vtdko\/en\/visuomenei\/karjeros-centras\/studentams\/tavo-karjeros-startas\/#breadcrumb\",\"itemListElement\":[{\"@type\":\"ListItem\",\"position\":1,\"name\":\"Pagrindinis\",\"item\":\"https:\/\/wp.adisoft.lt\/vtdko\/en\/pagrindinis\/\"},{\"@type\":\"ListItem\",\"position\":2,\"name\":\"Visuomenei\",\"item\":\"https:\/\/wp.adisoft.lt\/vtdko\/en\/visuomenei\/\"},{\"@type\":\"ListItem\",\"position\":3,\"name\":\"Karjeros centras\",\"item\":\"https:\/\/wp.adisoft.lt\/vtdko\/en\/visuomenei\/karjeros-centras\/\"},{\"@type\":\"ListItem\",\"position\":4,\"name\":\"Karjeros centras studentams\",\"item\":\"https:\/\/wp.adisoft.lt\/vtdko\/en\/visuomenei\/karjeros-centras\/studentams\/\"},{\"@type\":\"ListItem\",\"position\":5,\"name\":\"Tavo karjeros startas!\"}]},{\"@type\":\"WebSite\",\"@id\":\"https:\/\/wp.adisoft.lt\/vtdko\/en\/#website\",\"url\":\"https:\/\/wp.adisoft.lt\/vtdko\/en\/\",\"name\":\"vtdko\",\"description\":\"Vilniaus technologij\u0173 ir dizaino kolegija\",\"publisher\":{\"@id\":\"https:\/\/wp.adisoft.lt\/vtdko\/en\/#organization\"},\"potentialAction\":[{\"@type\":\"SearchAction\",\"target\":{\"@type\":\"EntryPoint\",\"urlTemplate\":\"https:\/\/wp.adisoft.lt\/vtdko\/en\/?s={search_term_string}\"},\"query-input\":\"required name=search_term_string\"}],\"inLanguage\":\"en-US\"},{\"@type\":\"Organization\",\"@id\":\"https:\/\/wp.adisoft.lt\/vtdko\/en\/#organization\",\"name\":\"vtdko\",\"url\":\"https:\/\/wp.adisoft.lt\/vtdko\/en\/\",\"logo\":{\"@type\":\"ImageObject\",\"inLanguage\":\"en-US\",\"@id\":\"https:\/\/wp.adisoft.lt\/vtdko\/en\/#\/schema\/logo\/image\/\",\"url\":\"https:\/\/wp.adisoft.lt\/vtdko\/wp-content\/uploads\/2020\/02\/Logo-su-tekstu-01.svg\",\"contentUrl\":\"https:\/\/wp.adisoft.lt\/vtdko\/wp-content\/uploads\/2020\/02\/Logo-su-tekstu-01.svg\",\"width\":151,\"height\":74,\"caption\":\"vtdko\"},\"image\":{\"@id\":\"https:\/\/wp.adisoft.lt\/vtdko\/en\/#\/schema\/logo\/image\/\"}}]}<\/script>\n<!-- \/ Yoast SEO plugin. -->","yoast_head_json":{"title":"Tavo karjeros startas! - vtdko","robots":{"index":"noindex","follow":"follow","max-snippet":"max-snippet:-1","max-image-preview":"max-image-preview:large","max-video-preview":"max-video-preview:-1"},"og_locale":"en_US","og_type":"article","og_title":"Tavo karjeros startas! - vtdko","og_description":"Vilniaus technologij\u0173 ir dizaino kolegija, bendradarbiaudama su Lietuvos verslo konfederacija | ICC Lietuva, suteikia savo studentams puiki\u0105 galimyb\u0119 susirasti patraukli\u0105 praktikos viet\u0105 ir \u012fgyti realios darbo patirties, atitinkan\u010dios j\u016bs\u0173 specialyb\u0119, gerai \u017einomose Lietuvos verslo \u012fmon\u0117se ir organizacijose. Kvie\u010diame vis\u0173 kurs\u0173 studentus, norin\u010dius atverti duris \u012f verslo pasaul\u012f ir susipa\u017einti su juo i\u0161 vidaus, registruotis neseniai...","og_url":"https:\/\/wp.adisoft.lt\/vtdko\/en\/visuomenei\/karjeros-centras\/studentams\/tavo-karjeros-startas\/","og_site_name":"vtdko","twitter_card":"summary_large_image","twitter_misc":{"Est. reading time":"1 minute"},"schema":{"@context":"https:\/\/schema.org","@graph":[{"@type":"WebPage","@id":"https:\/\/wp.adisoft.lt\/vtdko\/en\/visuomenei\/karjeros-centras\/studentams\/tavo-karjeros-startas\/","url":"https:\/\/wp.adisoft.lt\/vtdko\/en\/visuomenei\/karjeros-centras\/studentams\/tavo-karjeros-startas\/","name":"Tavo karjeros startas! - vtdko","isPartOf":{"@id":"https:\/\/wp.adisoft.lt\/vtdko\/en\/#website"},"datePublished":"2022-10-24T10:48:26+00:00","dateModified":"2022-10-24T10:48:26+00:00","breadcrumb":{"@id":"https:\/\/wp.adisoft.lt\/vtdko\/en\/visuomenei\/karjeros-centras\/studentams\/tavo-karjeros-startas\/#breadcrumb"},"inLanguage":"en-US","potentialAction":[{"@type":"ReadAction","target":["https:\/\/wp.adisoft.lt\/vtdko\/en\/visuomenei\/karjeros-centras\/studentams\/tavo-karjeros-startas\/"]}]},{"@type":"BreadcrumbList","@id":"https:\/\/wp.adisoft.lt\/vtdko\/en\/visuomenei\/karjeros-centras\/studentams\/tavo-karjeros-startas\/#breadcrumb","itemListElement":[{"@type":"ListItem","position":1,"name":"Pagrindinis","item":"https:\/\/wp.adisoft.lt\/vtdko\/en\/pagrindinis\/"},{"@type":"ListItem","position":2,"name":"Visuomenei","item":"https:\/\/wp.adisoft.lt\/vtdko\/en\/visuomenei\/"},{"@type":"ListItem","position":3,"name":"Karjeros centras","item":"https:\/\/wp.adisoft.lt\/vtdko\/en\/visuomenei\/karjeros-centras\/"},{"@type":"ListItem","position":4,"name":"Karjeros centras studentams","item":"https:\/\/wp.adisoft.lt\/vtdko\/en\/visuomenei\/karjeros-centras\/studentams\/"},{"@type":"ListItem","position":5,"name":"Tavo karjeros startas!"}]},{"@type":"WebSite","@id":"https:\/\/wp.adisoft.lt\/vtdko\/en\/#website","url":"https:\/\/wp.adisoft.lt\/vtdko\/en\/","name":"vtdko","description":"Vilniaus technologij\u0173 ir dizaino kolegija","publisher":{"@id":"https:\/\/wp.adisoft.lt\/vtdko\/en\/#organization"},"potentialAction":[{"@type":"SearchAction","target":{"@type":"EntryPoint","urlTemplate":"https:\/\/wp.adisoft.lt\/vtdko\/en\/?s={search_term_string}"},"query-input":"required name=search_term_string"}],"inLanguage":"en-US"},{"@type":"Organization","@id":"https:\/\/wp.adisoft.lt\/vtdko\/en\/#organization","name":"vtdko","url":"https:\/\/wp.adisoft.lt\/vtdko\/en\/","logo":{"@type":"ImageObject","inLanguage":"en-US","@id":"https:\/\/wp.adisoft.lt\/vtdko\/en\/#\/schema\/logo\/image\/","url":"https:\/\/wp.adisoft.lt\/vtdko\/wp-content\/uploads\/2020\/02\/Logo-su-tekstu-01.svg","contentUrl":"https:\/\/wp.adisoft.lt\/vtdko\/wp-content\/uploads\/2020\/02\/Logo-su-tekstu-01.svg","width":151,"height":74,"caption":"vtdko"},"image":{"@id":"https:\/\/wp.adisoft.lt\/vtdko\/en\/#\/schema\/logo\/image\/"}}]}},"_links":{"self":[{"href":"https:\/\/wp.adisoft.lt\/vtdko\/en\/wp-json\/wp\/v2\/pages\/995981","targetHints":{"allow":["GET"]}}],"collection":[{"href":"https:\/\/wp.adisoft.lt\/vtdko\/en\/wp-json\/wp\/v2\/pages"}],"about":[{"href":"https:\/\/wp.adisoft.lt\/vtdko\/en\/wp-json\/wp\/v2\/types\/page"}],"author":[{"embeddable":true,"href":"https:\/\/wp.adisoft.lt\/vtdko\/en\/wp-json\/wp\/v2\/users\/1"}],"replies":[{"embeddable":true,"href":"https:\/\/wp.adisoft.lt\/vtdko\/en\/wp-json\/wp\/v2\/comments?post=995981"}],"version-history":[{"count":0,"href":"https:\/\/wp.adisoft.lt\/vtdko\/en\/wp-json\/wp\/v2\/pages\/995981\/revisions"}],"up":[{"embeddable":true,"href":"https:\/\/wp.adisoft.lt\/vtdko\/en\/wp-json\/wp\/v2\/pages\/995987"}],"wp:attachment":[{"href":"https:\/\/wp.adisoft.lt\/vtdko\/en\/wp-json\/wp\/v2\/media?parent=995981"}],"curies":[{"name":"wp","href":"https:\/\/api.w.org\/{rel}","templated":true}]}}