{"id":995982,"date":"2022-10-24T13:48:03","date_gmt":"2022-10-24T10:48:03","guid":{"rendered":"https:\/\/wp.adisoft.lt\/vtdko\/potencialus-darbdaviai\/"},"modified":"2022-10-24T13:48:03","modified_gmt":"2022-10-24T10:48:03","slug":"potencialus-darbdaviai","status":"publish","type":"page","link":"https:\/\/wp.adisoft.lt\/vtdko\/en\/visuomenei\/karjeros-centras\/studentams\/potencialus-darbdaviai\/","title":{"rendered":"Darbo paie\u0161kas prad\u0117k \u010dia!"},"content":{"rendered":"\t\t<div data-elementor-type=\"wp-page\" data-elementor-id=\"995982\" class=\"elementor elementor-995982 elementor-990563\">\n\t\t\t\t\t\t\t\t\t<section class=\"elementor-section elementor-top-section elementor-element elementor-element-8f37da3 elementor-section-boxed elementor-section-height-default elementor-section-height-default\" data-id=\"8f37da3\" data-element_type=\"section\">\n\t\t\t\t\t\t<div class=\"elementor-container elementor-column-gap-default\">\n\t\t\t\t\t<div class=\"elementor-column elementor-col-100 elementor-top-column elementor-element elementor-element-076b17f\" data-id=\"076b17f\" data-element_type=\"column\">\n\t\t\t<div class=\"elementor-widget-wrap elementor-element-populated\">\n\t\t\t\t\t\t\t\t<div class=\"elementor-element elementor-element-b5ff5f2 elementor-widget elementor-widget-text-editor\" data-id=\"b5ff5f2\" data-element_type=\"widget\" data-widget_type=\"text-editor.default\">\n\t\t\t\t<div class=\"elementor-widget-container\">\n\t\t\t\t\t\t\t<p>Susikurk darbo vieta pats su UAB Jugma. Padedame jauniesiems verslininkams steigti savo \u012fmones ir bendradarbiaujame su &#8220;Versli Lietuva&#8221;. Jauno verslo, startuoli\u0173 konsultavimas. Visos finansin\u0117s ir buhalterin\u0117s paslaugos &#8211;\u00a0<a href=\"https:\/\/www.jugma.lt\/\" target=\"_blank\" rel=\"noopener\">https:\/\/jugma.lt\u00a0<\/a><\/p><table class=\"table\"><tbody><tr><td><a href=\"http:\/\/vilnius.cvzona.lt\/\"><img decoding=\"async\" src=\"https:\/\/vtdko.lt\/images\/VTDK\/Karjeros_centras\/Darbdaviu_logotipai\/cvvilnius.lt.jpg\" alt=\"\" width=\"200\" \/><\/a><\/td><td><a href=\"http:\/\/kaunas.cvzona.lt\/\"><img decoding=\"async\" src=\"https:\/\/vtdko.lt\/images\/VTDK\/Karjeros_centras\/Darbdaviu_logotipai\/cvkaunas.lt.jpg\" alt=\"\" width=\"200\" \/><\/a><\/td><td><a href=\"http:\/\/klaipeda.cvzona.lt\/\"><img decoding=\"async\" src=\"https:\/\/vtdko.lt\/images\/VTDK\/Karjeros_centras\/Darbdaviu_logotipai\/cvklaipeda.lt.jpg\" alt=\"\" width=\"200\" \/><\/a><\/td><\/tr><tr><td><a href=\"http:\/\/www.startuoju.lt\/\"><img decoding=\"async\" src=\"https:\/\/vtdko.lt\/images\/VTDK\/Karjeros_centras\/Darbdaviu_logotipai\/startuoju_logo.jpg\" alt=\"\" width=\"200\" \/><\/a><\/td><td><a href=\"http:\/\/www.gerapraktika.lt\/\"><img decoding=\"async\" src=\"https:\/\/vtdko.lt\/images\/VTDK\/Karjeros_centras\/Darbdaviu_logotipai\/gera_praktika.jpg\" alt=\"\" \/><\/a><\/td><td><a href=\"http:\/\/www.fltechnics.com\/en\/career\/open-vacancies\"><img decoding=\"async\" src=\"https:\/\/vtdko.lt\/images\/VTDK\/Karjeros_centras\/Darbdaviu_logotipai\/fl-technics1.png\" alt=\"\" \/><\/a><\/td><\/tr><tr><td colspan=\"3\"><a href=\"http:\/\/www.centrako.lt\/index.php?s_id=7&amp;lang=lt\"><img decoding=\"async\" src=\"https:\/\/vtdko.lt\/images\/VTDK\/Karjeros_centras\/Darbdaviu_logotipai\/Centrako_DAF_log2012Naujas1.jpg\" alt=\"\" \/><\/a><\/td><\/tr><\/tbody><\/table>\t\t\t\t\t\t<\/div>\n\t\t\t\t<\/div>\n\t\t\t\t\t<\/div>\n\t\t<\/div>\n\t\t\t\t\t\t\t<\/div>\n\t\t<\/section>\n\t\t\t\t\t\t\t<\/div>\n\t\t","protected":false},"excerpt":{"rendered":"<p>Susikurk darbo vieta pats su UAB Jugma. Padedame jauniesiems verslininkams steigti savo \u012fmones ir bendradarbiaujame su &#8220;Versli Lietuva&#8221;. Jauno verslo, startuoli\u0173 konsultavimas. Visos finansin\u0117s ir buhalterin\u0117s paslaugos &#8211;\u00a0https:\/\/jugma.lt\u00a0<\/p>\n","protected":false},"author":1,"featured_media":0,"parent":995987,"menu_order":0,"comment_status":"closed","ping_status":"closed","template":"","meta":{"inline_featured_image":false,"footnotes":""},"class_list":["post-995982","page","type-page","status-publish","hentry"],"yoast_head":"<!-- This site is optimized with the Yoast SEO plugin v19.12 - https:\/\/yoast.com\/wordpress\/plugins\/seo\/ -->\n<title>Darbo paie\u0161kas prad\u0117k \u010dia! - vtdko<\/title>\n<meta name=\"robots\" content=\"noindex, follow, max-snippet:-1, max-image-preview:large, max-video-preview:-1\" \/>\n<meta property=\"og:locale\" content=\"en_US\" \/>\n<meta property=\"og:type\" content=\"article\" \/>\n<meta property=\"og:title\" content=\"Darbo paie\u0161kas prad\u0117k \u010dia! - vtdko\" \/>\n<meta property=\"og:description\" content=\"Susikurk darbo vieta pats su UAB Jugma. Padedame jauniesiems verslininkams steigti savo \u012fmones ir bendradarbiaujame su &#8220;Versli Lietuva&#8221;. Jauno verslo, startuoli\u0173 konsultavimas. Visos finansin\u0117s ir buhalterin\u0117s paslaugos &#8211;\u00a0https:\/\/jugma.lt\u00a0\" \/>\n<meta property=\"og:url\" content=\"https:\/\/wp.adisoft.lt\/vtdko\/en\/visuomenei\/karjeros-centras\/studentams\/potencialus-darbdaviai\/\" \/>\n<meta property=\"og:site_name\" content=\"vtdko\" \/>\n<meta property=\"og:image\" content=\"https:\/\/vtdko.lt\/images\/VTDK\/Karjeros_centras\/Darbdaviu_logotipai\/cvvilnius.lt.jpg\" \/>\n<meta name=\"twitter:card\" content=\"summary_large_image\" \/>\n<script type=\"application\/ld+json\" class=\"yoast-schema-graph\">{\"@context\":\"https:\/\/schema.org\",\"@graph\":[{\"@type\":\"WebPage\",\"@id\":\"https:\/\/wp.adisoft.lt\/vtdko\/en\/visuomenei\/karjeros-centras\/studentams\/potencialus-darbdaviai\/\",\"url\":\"https:\/\/wp.adisoft.lt\/vtdko\/en\/visuomenei\/karjeros-centras\/studentams\/potencialus-darbdaviai\/\",\"name\":\"Darbo paie\u0161kas prad\u0117k \u010dia! - vtdko\",\"isPartOf\":{\"@id\":\"https:\/\/wp.adisoft.lt\/vtdko\/en\/#website\"},\"datePublished\":\"2022-10-24T10:48:03+00:00\",\"dateModified\":\"2022-10-24T10:48:03+00:00\",\"breadcrumb\":{\"@id\":\"https:\/\/wp.adisoft.lt\/vtdko\/en\/visuomenei\/karjeros-centras\/studentams\/potencialus-darbdaviai\/#breadcrumb\"},\"inLanguage\":\"en-US\",\"potentialAction\":[{\"@type\":\"ReadAction\",\"target\":[\"https:\/\/wp.adisoft.lt\/vtdko\/en\/visuomenei\/karjeros-centras\/studentams\/potencialus-darbdaviai\/\"]}]},{\"@type\":\"BreadcrumbList\",\"@id\":\"https:\/\/wp.adisoft.lt\/vtdko\/en\/visuomenei\/karjeros-centras\/studentams\/potencialus-darbdaviai\/#breadcrumb\",\"itemListElement\":[{\"@type\":\"ListItem\",\"position\":1,\"name\":\"Pagrindinis\",\"item\":\"https:\/\/wp.adisoft.lt\/vtdko\/en\/pagrindinis\/\"},{\"@type\":\"ListItem\",\"position\":2,\"name\":\"Visuomenei\",\"item\":\"https:\/\/wp.adisoft.lt\/vtdko\/en\/visuomenei\/\"},{\"@type\":\"ListItem\",\"position\":3,\"name\":\"Karjeros centras\",\"item\":\"https:\/\/wp.adisoft.lt\/vtdko\/en\/visuomenei\/karjeros-centras\/\"},{\"@type\":\"ListItem\",\"position\":4,\"name\":\"Karjeros centras studentams\",\"item\":\"https:\/\/wp.adisoft.lt\/vtdko\/en\/visuomenei\/karjeros-centras\/studentams\/\"},{\"@type\":\"ListItem\",\"position\":5,\"name\":\"Darbo paie\u0161kas prad\u0117k \u010dia!\"}]},{\"@type\":\"WebSite\",\"@id\":\"https:\/\/wp.adisoft.lt\/vtdko\/en\/#website\",\"url\":\"https:\/\/wp.adisoft.lt\/vtdko\/en\/\",\"name\":\"vtdko\",\"description\":\"Vilniaus technologij\u0173 ir dizaino kolegija\",\"publisher\":{\"@id\":\"https:\/\/wp.adisoft.lt\/vtdko\/en\/#organization\"},\"potentialAction\":[{\"@type\":\"SearchAction\",\"target\":{\"@type\":\"EntryPoint\",\"urlTemplate\":\"https:\/\/wp.adisoft.lt\/vtdko\/en\/?s={search_term_string}\"},\"query-input\":\"required name=search_term_string\"}],\"inLanguage\":\"en-US\"},{\"@type\":\"Organization\",\"@id\":\"https:\/\/wp.adisoft.lt\/vtdko\/en\/#organization\",\"name\":\"vtdko\",\"url\":\"https:\/\/wp.adisoft.lt\/vtdko\/en\/\",\"logo\":{\"@type\":\"ImageObject\",\"inLanguage\":\"en-US\",\"@id\":\"https:\/\/wp.adisoft.lt\/vtdko\/en\/#\/schema\/logo\/image\/\",\"url\":\"https:\/\/wp.adisoft.lt\/vtdko\/wp-content\/uploads\/2020\/02\/Logo-su-tekstu-01.svg\",\"contentUrl\":\"https:\/\/wp.adisoft.lt\/vtdko\/wp-content\/uploads\/2020\/02\/Logo-su-tekstu-01.svg\",\"width\":151,\"height\":74,\"caption\":\"vtdko\"},\"image\":{\"@id\":\"https:\/\/wp.adisoft.lt\/vtdko\/en\/#\/schema\/logo\/image\/\"}}]}<\/script>\n<!-- \/ Yoast SEO plugin. -->","yoast_head_json":{"title":"Darbo paie\u0161kas prad\u0117k \u010dia! - vtdko","robots":{"index":"noindex","follow":"follow","max-snippet":"max-snippet:-1","max-image-preview":"max-image-preview:large","max-video-preview":"max-video-preview:-1"},"og_locale":"en_US","og_type":"article","og_title":"Darbo paie\u0161kas prad\u0117k \u010dia! - vtdko","og_description":"Susikurk darbo vieta pats su UAB Jugma. Padedame jauniesiems verslininkams steigti savo \u012fmones ir bendradarbiaujame su &#8220;Versli Lietuva&#8221;. Jauno verslo, startuoli\u0173 konsultavimas. Visos finansin\u0117s ir buhalterin\u0117s paslaugos &#8211;\u00a0https:\/\/jugma.lt\u00a0","og_url":"https:\/\/wp.adisoft.lt\/vtdko\/en\/visuomenei\/karjeros-centras\/studentams\/potencialus-darbdaviai\/","og_site_name":"vtdko","og_image":[{"url":"https:\/\/vtdko.lt\/images\/VTDK\/Karjeros_centras\/Darbdaviu_logotipai\/cvvilnius.lt.jpg"}],"twitter_card":"summary_large_image","schema":{"@context":"https:\/\/schema.org","@graph":[{"@type":"WebPage","@id":"https:\/\/wp.adisoft.lt\/vtdko\/en\/visuomenei\/karjeros-centras\/studentams\/potencialus-darbdaviai\/","url":"https:\/\/wp.adisoft.lt\/vtdko\/en\/visuomenei\/karjeros-centras\/studentams\/potencialus-darbdaviai\/","name":"Darbo paie\u0161kas prad\u0117k \u010dia! - vtdko","isPartOf":{"@id":"https:\/\/wp.adisoft.lt\/vtdko\/en\/#website"},"datePublished":"2022-10-24T10:48:03+00:00","dateModified":"2022-10-24T10:48:03+00:00","breadcrumb":{"@id":"https:\/\/wp.adisoft.lt\/vtdko\/en\/visuomenei\/karjeros-centras\/studentams\/potencialus-darbdaviai\/#breadcrumb"},"inLanguage":"en-US","potentialAction":[{"@type":"ReadAction","target":["https:\/\/wp.adisoft.lt\/vtdko\/en\/visuomenei\/karjeros-centras\/studentams\/potencialus-darbdaviai\/"]}]},{"@type":"BreadcrumbList","@id":"https:\/\/wp.adisoft.lt\/vtdko\/en\/visuomenei\/karjeros-centras\/studentams\/potencialus-darbdaviai\/#breadcrumb","itemListElement":[{"@type":"ListItem","position":1,"name":"Pagrindinis","item":"https:\/\/wp.adisoft.lt\/vtdko\/en\/pagrindinis\/"},{"@type":"ListItem","position":2,"name":"Visuomenei","item":"https:\/\/wp.adisoft.lt\/vtdko\/en\/visuomenei\/"},{"@type":"ListItem","position":3,"name":"Karjeros centras","item":"https:\/\/wp.adisoft.lt\/vtdko\/en\/visuomenei\/karjeros-centras\/"},{"@type":"ListItem","position":4,"name":"Karjeros centras studentams","item":"https:\/\/wp.adisoft.lt\/vtdko\/en\/visuomenei\/karjeros-centras\/studentams\/"},{"@type":"ListItem","position":5,"name":"Darbo paie\u0161kas prad\u0117k \u010dia!"}]},{"@type":"WebSite","@id":"https:\/\/wp.adisoft.lt\/vtdko\/en\/#website","url":"https:\/\/wp.adisoft.lt\/vtdko\/en\/","name":"vtdko","description":"Vilniaus technologij\u0173 ir dizaino kolegija","publisher":{"@id":"https:\/\/wp.adisoft.lt\/vtdko\/en\/#organization"},"potentialAction":[{"@type":"SearchAction","target":{"@type":"EntryPoint","urlTemplate":"https:\/\/wp.adisoft.lt\/vtdko\/en\/?s={search_term_string}"},"query-input":"required name=search_term_string"}],"inLanguage":"en-US"},{"@type":"Organization","@id":"https:\/\/wp.adisoft.lt\/vtdko\/en\/#organization","name":"vtdko","url":"https:\/\/wp.adisoft.lt\/vtdko\/en\/","logo":{"@type":"ImageObject","inLanguage":"en-US","@id":"https:\/\/wp.adisoft.lt\/vtdko\/en\/#\/schema\/logo\/image\/","url":"https:\/\/wp.adisoft.lt\/vtdko\/wp-content\/uploads\/2020\/02\/Logo-su-tekstu-01.svg","contentUrl":"https:\/\/wp.adisoft.lt\/vtdko\/wp-content\/uploads\/2020\/02\/Logo-su-tekstu-01.svg","width":151,"height":74,"caption":"vtdko"},"image":{"@id":"https:\/\/wp.adisoft.lt\/vtdko\/en\/#\/schema\/logo\/image\/"}}]}},"_links":{"self":[{"href":"https:\/\/wp.adisoft.lt\/vtdko\/en\/wp-json\/wp\/v2\/pages\/995982","targetHints":{"allow":["GET"]}}],"collection":[{"href":"https:\/\/wp.adisoft.lt\/vtdko\/en\/wp-json\/wp\/v2\/pages"}],"about":[{"href":"https:\/\/wp.adisoft.lt\/vtdko\/en\/wp-json\/wp\/v2\/types\/page"}],"author":[{"embeddable":true,"href":"https:\/\/wp.adisoft.lt\/vtdko\/en\/wp-json\/wp\/v2\/users\/1"}],"replies":[{"embeddable":true,"href":"https:\/\/wp.adisoft.lt\/vtdko\/en\/wp-json\/wp\/v2\/comments?post=995982"}],"version-history":[{"count":0,"href":"https:\/\/wp.adisoft.lt\/vtdko\/en\/wp-json\/wp\/v2\/pages\/995982\/revisions"}],"up":[{"embeddable":true,"href":"https:\/\/wp.adisoft.lt\/vtdko\/en\/wp-json\/wp\/v2\/pages\/995987"}],"wp:attachment":[{"href":"https:\/\/wp.adisoft.lt\/vtdko\/en\/wp-json\/wp\/v2\/media?parent=995982"}],"curies":[{"name":"wp","href":"https:\/\/api.w.org\/{rel}","templated":true}]}}