{"id":995983,"date":"2022-10-24T13:46:51","date_gmt":"2022-10-24T10:46:51","guid":{"rendered":"https:\/\/wp.adisoft.lt\/vtdko\/laba-diena\/"},"modified":"2022-10-24T13:46:51","modified_gmt":"2022-10-24T10:46:51","slug":"laba-diena","status":"publish","type":"page","link":"https:\/\/wp.adisoft.lt\/vtdko\/en\/visuomenei\/karjeros-centras\/studentams\/laba-diena\/","title":{"rendered":"Kvie\u010diame i\u0161bandyti Lietuvos auk\u0161t\u0173j\u0173 mokykl\u0173 student\u0173 karjeros valdymo informacin\u0117s sistem\u0105"},"content":{"rendered":"\t\t<div data-elementor-type=\"wp-page\" data-elementor-id=\"995983\" class=\"elementor elementor-995983 elementor-990561\">\n\t\t\t\t\t\t\t\t\t<section class=\"elementor-section elementor-top-section elementor-element elementor-element-8f37da3 elementor-section-boxed elementor-section-height-default elementor-section-height-default\" data-id=\"8f37da3\" data-element_type=\"section\">\n\t\t\t\t\t\t<div class=\"elementor-container elementor-column-gap-default\">\n\t\t\t\t\t<div class=\"elementor-column elementor-col-100 elementor-top-column elementor-element elementor-element-076b17f\" data-id=\"076b17f\" data-element_type=\"column\">\n\t\t\t<div class=\"elementor-widget-wrap elementor-element-populated\">\n\t\t\t\t\t\t\t\t<div class=\"elementor-element elementor-element-b5ff5f2 elementor-widget elementor-widget-text-editor\" data-id=\"b5ff5f2\" data-element_type=\"widget\" data-widget_type=\"text-editor.default\">\n\t\t\t\t<div class=\"elementor-widget-container\">\n\t\t\t\t\t\t\t<p>Mielas studente,<\/p><p>Kvie\u010diame i\u0161bandyti Lietuvos auk\u0161t\u0173j\u0173 mokykl\u0173 student\u0173 karjeros valdymo informacin\u0117s sistem\u0105\u00a0<a href=\"https:\/\/karjera.lt\/\" target=\"_blank\" rel=\"noopener\">karjera.lt<\/a>.<\/p><p>Sistem\u0105 planuojama pristatyti aktyviam naudojimui nuo 2015 m. bir\u017eelio m\u0117n. Bet jau dabar galima naudotis pagrindiniais karjeros valdymo \u012frankiais.<\/p><p>Si\u016blome i\u0161badyti \u0161ias sistemos funkcijas:<\/p><ol><li><strong>U\u017epildyti savo darbalauk\u012f, susisteminti karjerai svarbi\u0105 informacij\u0105 apie save ir galimybes, parengti karjeros ir tobul\u0117jimo planus<\/strong>\u00a0(pagrindiniame meniu: Asmenin\u0117s karjeros valdymas).<\/li><li><strong>U\u017epildyti savo studento \/ absolvento profil\u012f, CV darbdaviams<\/strong>\u00a0(pagrindiniame meniu: Asmenin\u0117s karjeros valdymas &#8211; &gt; Mano profilis).<\/li><\/ol><p>J\u016bs\u0173 profil\u012f sudaro keli puslapiai. Profilio strukt\u016bra (puslapiai) pateikiami kairiajame meniu.<\/p><ol><li><strong>Pasinaudoti sav\u0119s pa\u017einimo priemon\u0117mis<\/strong>\u00a0(pagrindiniame meniu: Asmenin\u0117s karjeros valdymas &#8211; &gt; Sav\u0119s pa\u017einimo priemon\u0117s (nuoroda puslapio \u201eAsmenin\u0117s karjeros valdymas\u201c bloke \u201eMano savyb\u0117s\u201c)).<\/li><li><strong>Pasinaudoti karjeros valdymo kompetencij\u0173 vertinimo priemon\u0117mis<\/strong>\u00a0(pagrindiniame meniu: Ugdymas karjerai- &gt;Mano karjeros valdymo kompetencijos).<\/li><li><strong>Pasinaudoti karjeros problem\u0173 nustatymo priemon\u0117mis\u00a0<\/strong>(pagrindiniame meniu: Karjeros konsultavimas- &gt;Problem\u0173 nustatymo priemon\u0117s).<\/li><li><strong>Pasinaudoti karjeros galimybi\u0173 tyrin\u0117jimo priemon\u0117mis:<\/strong>\u00a0\u00a0<strong>karjeros kryp\u010di\u0173, pareigybi\u0173 apra\u0161ymais\u00a0<\/strong>(pagrindiniame meniu: Karjeros galimybi\u0173 pa\u017einimas).<\/li><li><strong>I\u0161bandyti darbo ir praktikos paie\u0161kos priemones: darbo skelbimus, organizacij\u0173 profilius<\/strong>\u00a0(pagrindiniame meniu: Darbo ir praktikos paie\u0161ka).<\/li><li><strong>Sukurti karjeros bibliotekos u\u017era\u0161us<\/strong>\u00a0(pagrindiniame meniu: Asmenin\u0117s karjeros valdymas -&gt; Mano karjeros bibliotekos u\u017era\u0161ai).<\/li><li><strong>Tvarkyti asmeninius finansus\u00a0<\/strong>(pagrindiniame meniu: Asmenin\u0117s karjeros valdymas &#8211; &gt; Mano finansai).<\/li><li><strong>U\u017esiregistruoti J\u016bs\u0173 karjeros centro specialist\u0173 paskelbtoms grupin\u0117ms ir individualioms karjeros valdymo paslaugoms<\/strong>.<\/li><\/ol><p>Karjeros valdymo paslaug\u0173 s\u0105ra\u0161ai pateikiami:<\/p><ol><li>Ugdymo karjerai puslapyje (pagrindiniame meniu: Ugdymas karjerai ).<\/li><li>Karjeros konsultavimo puslapyje (pagrindiniame meniu: Karjeros konsultavimas).<\/li><li>Karjeros vertinimo puslapyje (pagrindiniame meniu: Karjeros vertinimai).<\/li><li>Karjeros galimybi\u0173 pa\u017einimo puslapyje (pagrindiniame meniu: Karjeros galimybi\u0173 pa\u017einimas -&gt; Karjeros galimybi\u0173 pa\u017einimo renginiai).<\/li><li><strong>U\u017esiregistruoti savo inicijuotai individualiai karjeros valdymo paslaugai<\/strong>:<ol><li>Karjeros konsultacijai (pagrindiniame meniu: Karjeros konsultavimas &#8211; &gt; Karjeros konsultacijos).<\/li><li>Karjeros vertinimui (pagrindiniame meniu: Karjeros vertinimai -&gt; Karjeros vertinimai).<\/li><\/ol><\/li><\/ol><p>Kilus klausimams, dr\u0105siai kreipkit\u0117s<\/p>\t\t\t\t\t\t<\/div>\n\t\t\t\t<\/div>\n\t\t\t\t\t<\/div>\n\t\t<\/div>\n\t\t\t\t\t\t\t<\/div>\n\t\t<\/section>\n\t\t\t\t\t\t\t<\/div>\n\t\t","protected":false},"excerpt":{"rendered":"<p>Mielas studente, Kvie\u010diame i\u0161bandyti Lietuvos auk\u0161t\u0173j\u0173 mokykl\u0173 student\u0173 karjeros valdymo informacin\u0117s sistem\u0105\u00a0karjera.lt. Sistem\u0105 planuojama pristatyti aktyviam naudojimui nuo 2015 m. bir\u017eelio m\u0117n. Bet jau dabar galima naudotis pagrindiniais karjeros valdymo \u012frankiais. Si\u016blome i\u0161badyti \u0161ias sistemos funkcijas: U\u017epildyti savo darbalauk\u012f, susisteminti karjerai svarbi\u0105 informacij\u0105 apie save ir galimybes, parengti karjeros ir tobul\u0117jimo planus\u00a0(pagrindiniame meniu: Asmenin\u0117s karjeros&#8230;<\/p>\n","protected":false},"author":1,"featured_media":0,"parent":995987,"menu_order":0,"comment_status":"closed","ping_status":"closed","template":"","meta":{"inline_featured_image":false,"footnotes":""},"class_list":["post-995983","page","type-page","status-publish","hentry"],"yoast_head":"<!-- This site is optimized with the Yoast SEO plugin v19.12 - https:\/\/yoast.com\/wordpress\/plugins\/seo\/ -->\n<title>Kvie\u010diame i\u0161bandyti Lietuvos auk\u0161t\u0173j\u0173 mokykl\u0173 student\u0173 karjeros valdymo informacin\u0117s sistem\u0105 - vtdko<\/title>\n<meta name=\"robots\" content=\"noindex, follow, max-snippet:-1, max-image-preview:large, max-video-preview:-1\" \/>\n<meta property=\"og:locale\" content=\"en_US\" \/>\n<meta property=\"og:type\" content=\"article\" \/>\n<meta property=\"og:title\" content=\"Kvie\u010diame i\u0161bandyti Lietuvos auk\u0161t\u0173j\u0173 mokykl\u0173 student\u0173 karjeros valdymo informacin\u0117s sistem\u0105 - vtdko\" \/>\n<meta property=\"og:description\" content=\"Mielas studente, Kvie\u010diame i\u0161bandyti Lietuvos auk\u0161t\u0173j\u0173 mokykl\u0173 student\u0173 karjeros valdymo informacin\u0117s sistem\u0105\u00a0karjera.lt. Sistem\u0105 planuojama pristatyti aktyviam naudojimui nuo 2015 m. bir\u017eelio m\u0117n. Bet jau dabar galima naudotis pagrindiniais karjeros valdymo \u012frankiais. Si\u016blome i\u0161badyti \u0161ias sistemos funkcijas: U\u017epildyti savo darbalauk\u012f, susisteminti karjerai svarbi\u0105 informacij\u0105 apie save ir galimybes, parengti karjeros ir tobul\u0117jimo planus\u00a0(pagrindiniame meniu: Asmenin\u0117s karjeros...\" \/>\n<meta property=\"og:url\" content=\"https:\/\/wp.adisoft.lt\/vtdko\/en\/visuomenei\/karjeros-centras\/studentams\/laba-diena\/\" \/>\n<meta property=\"og:site_name\" content=\"vtdko\" \/>\n<meta name=\"twitter:card\" content=\"summary_large_image\" \/>\n<meta name=\"twitter:label1\" content=\"Est. reading time\" \/>\n\t<meta name=\"twitter:data1\" content=\"2 minutes\" \/>\n<script type=\"application\/ld+json\" class=\"yoast-schema-graph\">{\"@context\":\"https:\/\/schema.org\",\"@graph\":[{\"@type\":\"WebPage\",\"@id\":\"https:\/\/wp.adisoft.lt\/vtdko\/en\/visuomenei\/karjeros-centras\/studentams\/laba-diena\/\",\"url\":\"https:\/\/wp.adisoft.lt\/vtdko\/en\/visuomenei\/karjeros-centras\/studentams\/laba-diena\/\",\"name\":\"Kvie\u010diame i\u0161bandyti Lietuvos auk\u0161t\u0173j\u0173 mokykl\u0173 student\u0173 karjeros valdymo informacin\u0117s sistem\u0105 - vtdko\",\"isPartOf\":{\"@id\":\"https:\/\/wp.adisoft.lt\/vtdko\/en\/#website\"},\"datePublished\":\"2022-10-24T10:46:51+00:00\",\"dateModified\":\"2022-10-24T10:46:51+00:00\",\"breadcrumb\":{\"@id\":\"https:\/\/wp.adisoft.lt\/vtdko\/en\/visuomenei\/karjeros-centras\/studentams\/laba-diena\/#breadcrumb\"},\"inLanguage\":\"en-US\",\"potentialAction\":[{\"@type\":\"ReadAction\",\"target\":[\"https:\/\/wp.adisoft.lt\/vtdko\/en\/visuomenei\/karjeros-centras\/studentams\/laba-diena\/\"]}]},{\"@type\":\"BreadcrumbList\",\"@id\":\"https:\/\/wp.adisoft.lt\/vtdko\/en\/visuomenei\/karjeros-centras\/studentams\/laba-diena\/#breadcrumb\",\"itemListElement\":[{\"@type\":\"ListItem\",\"position\":1,\"name\":\"Pagrindinis\",\"item\":\"https:\/\/wp.adisoft.lt\/vtdko\/en\/pagrindinis\/\"},{\"@type\":\"ListItem\",\"position\":2,\"name\":\"Visuomenei\",\"item\":\"https:\/\/wp.adisoft.lt\/vtdko\/en\/visuomenei\/\"},{\"@type\":\"ListItem\",\"position\":3,\"name\":\"Karjeros centras\",\"item\":\"https:\/\/wp.adisoft.lt\/vtdko\/en\/visuomenei\/karjeros-centras\/\"},{\"@type\":\"ListItem\",\"position\":4,\"name\":\"Karjeros centras studentams\",\"item\":\"https:\/\/wp.adisoft.lt\/vtdko\/en\/visuomenei\/karjeros-centras\/studentams\/\"},{\"@type\":\"ListItem\",\"position\":5,\"name\":\"Kvie\u010diame i\u0161bandyti Lietuvos auk\u0161t\u0173j\u0173 mokykl\u0173 student\u0173 karjeros valdymo informacin\u0117s sistem\u0105\"}]},{\"@type\":\"WebSite\",\"@id\":\"https:\/\/wp.adisoft.lt\/vtdko\/en\/#website\",\"url\":\"https:\/\/wp.adisoft.lt\/vtdko\/en\/\",\"name\":\"vtdko\",\"description\":\"Vilniaus technologij\u0173 ir dizaino kolegija\",\"publisher\":{\"@id\":\"https:\/\/wp.adisoft.lt\/vtdko\/en\/#organization\"},\"potentialAction\":[{\"@type\":\"SearchAction\",\"target\":{\"@type\":\"EntryPoint\",\"urlTemplate\":\"https:\/\/wp.adisoft.lt\/vtdko\/en\/?s={search_term_string}\"},\"query-input\":\"required name=search_term_string\"}],\"inLanguage\":\"en-US\"},{\"@type\":\"Organization\",\"@id\":\"https:\/\/wp.adisoft.lt\/vtdko\/en\/#organization\",\"name\":\"vtdko\",\"url\":\"https:\/\/wp.adisoft.lt\/vtdko\/en\/\",\"logo\":{\"@type\":\"ImageObject\",\"inLanguage\":\"en-US\",\"@id\":\"https:\/\/wp.adisoft.lt\/vtdko\/en\/#\/schema\/logo\/image\/\",\"url\":\"https:\/\/wp.adisoft.lt\/vtdko\/wp-content\/uploads\/2020\/02\/Logo-su-tekstu-01.svg\",\"contentUrl\":\"https:\/\/wp.adisoft.lt\/vtdko\/wp-content\/uploads\/2020\/02\/Logo-su-tekstu-01.svg\",\"width\":151,\"height\":74,\"caption\":\"vtdko\"},\"image\":{\"@id\":\"https:\/\/wp.adisoft.lt\/vtdko\/en\/#\/schema\/logo\/image\/\"}}]}<\/script>\n<!-- \/ Yoast SEO plugin. -->","yoast_head_json":{"title":"Kvie\u010diame i\u0161bandyti Lietuvos auk\u0161t\u0173j\u0173 mokykl\u0173 student\u0173 karjeros valdymo informacin\u0117s sistem\u0105 - vtdko","robots":{"index":"noindex","follow":"follow","max-snippet":"max-snippet:-1","max-image-preview":"max-image-preview:large","max-video-preview":"max-video-preview:-1"},"og_locale":"en_US","og_type":"article","og_title":"Kvie\u010diame i\u0161bandyti Lietuvos auk\u0161t\u0173j\u0173 mokykl\u0173 student\u0173 karjeros valdymo informacin\u0117s sistem\u0105 - vtdko","og_description":"Mielas studente, Kvie\u010diame i\u0161bandyti Lietuvos auk\u0161t\u0173j\u0173 mokykl\u0173 student\u0173 karjeros valdymo informacin\u0117s sistem\u0105\u00a0karjera.lt. Sistem\u0105 planuojama pristatyti aktyviam naudojimui nuo 2015 m. bir\u017eelio m\u0117n. Bet jau dabar galima naudotis pagrindiniais karjeros valdymo \u012frankiais. Si\u016blome i\u0161badyti \u0161ias sistemos funkcijas: U\u017epildyti savo darbalauk\u012f, susisteminti karjerai svarbi\u0105 informacij\u0105 apie save ir galimybes, parengti karjeros ir tobul\u0117jimo planus\u00a0(pagrindiniame meniu: Asmenin\u0117s karjeros...","og_url":"https:\/\/wp.adisoft.lt\/vtdko\/en\/visuomenei\/karjeros-centras\/studentams\/laba-diena\/","og_site_name":"vtdko","twitter_card":"summary_large_image","twitter_misc":{"Est. reading time":"2 minutes"},"schema":{"@context":"https:\/\/schema.org","@graph":[{"@type":"WebPage","@id":"https:\/\/wp.adisoft.lt\/vtdko\/en\/visuomenei\/karjeros-centras\/studentams\/laba-diena\/","url":"https:\/\/wp.adisoft.lt\/vtdko\/en\/visuomenei\/karjeros-centras\/studentams\/laba-diena\/","name":"Kvie\u010diame i\u0161bandyti Lietuvos auk\u0161t\u0173j\u0173 mokykl\u0173 student\u0173 karjeros valdymo informacin\u0117s sistem\u0105 - vtdko","isPartOf":{"@id":"https:\/\/wp.adisoft.lt\/vtdko\/en\/#website"},"datePublished":"2022-10-24T10:46:51+00:00","dateModified":"2022-10-24T10:46:51+00:00","breadcrumb":{"@id":"https:\/\/wp.adisoft.lt\/vtdko\/en\/visuomenei\/karjeros-centras\/studentams\/laba-diena\/#breadcrumb"},"inLanguage":"en-US","potentialAction":[{"@type":"ReadAction","target":["https:\/\/wp.adisoft.lt\/vtdko\/en\/visuomenei\/karjeros-centras\/studentams\/laba-diena\/"]}]},{"@type":"BreadcrumbList","@id":"https:\/\/wp.adisoft.lt\/vtdko\/en\/visuomenei\/karjeros-centras\/studentams\/laba-diena\/#breadcrumb","itemListElement":[{"@type":"ListItem","position":1,"name":"Pagrindinis","item":"https:\/\/wp.adisoft.lt\/vtdko\/en\/pagrindinis\/"},{"@type":"ListItem","position":2,"name":"Visuomenei","item":"https:\/\/wp.adisoft.lt\/vtdko\/en\/visuomenei\/"},{"@type":"ListItem","position":3,"name":"Karjeros centras","item":"https:\/\/wp.adisoft.lt\/vtdko\/en\/visuomenei\/karjeros-centras\/"},{"@type":"ListItem","position":4,"name":"Karjeros centras studentams","item":"https:\/\/wp.adisoft.lt\/vtdko\/en\/visuomenei\/karjeros-centras\/studentams\/"},{"@type":"ListItem","position":5,"name":"Kvie\u010diame i\u0161bandyti Lietuvos auk\u0161t\u0173j\u0173 mokykl\u0173 student\u0173 karjeros valdymo informacin\u0117s sistem\u0105"}]},{"@type":"WebSite","@id":"https:\/\/wp.adisoft.lt\/vtdko\/en\/#website","url":"https:\/\/wp.adisoft.lt\/vtdko\/en\/","name":"vtdko","description":"Vilniaus technologij\u0173 ir dizaino kolegija","publisher":{"@id":"https:\/\/wp.adisoft.lt\/vtdko\/en\/#organization"},"potentialAction":[{"@type":"SearchAction","target":{"@type":"EntryPoint","urlTemplate":"https:\/\/wp.adisoft.lt\/vtdko\/en\/?s={search_term_string}"},"query-input":"required name=search_term_string"}],"inLanguage":"en-US"},{"@type":"Organization","@id":"https:\/\/wp.adisoft.lt\/vtdko\/en\/#organization","name":"vtdko","url":"https:\/\/wp.adisoft.lt\/vtdko\/en\/","logo":{"@type":"ImageObject","inLanguage":"en-US","@id":"https:\/\/wp.adisoft.lt\/vtdko\/en\/#\/schema\/logo\/image\/","url":"https:\/\/wp.adisoft.lt\/vtdko\/wp-content\/uploads\/2020\/02\/Logo-su-tekstu-01.svg","contentUrl":"https:\/\/wp.adisoft.lt\/vtdko\/wp-content\/uploads\/2020\/02\/Logo-su-tekstu-01.svg","width":151,"height":74,"caption":"vtdko"},"image":{"@id":"https:\/\/wp.adisoft.lt\/vtdko\/en\/#\/schema\/logo\/image\/"}}]}},"_links":{"self":[{"href":"https:\/\/wp.adisoft.lt\/vtdko\/en\/wp-json\/wp\/v2\/pages\/995983","targetHints":{"allow":["GET"]}}],"collection":[{"href":"https:\/\/wp.adisoft.lt\/vtdko\/en\/wp-json\/wp\/v2\/pages"}],"about":[{"href":"https:\/\/wp.adisoft.lt\/vtdko\/en\/wp-json\/wp\/v2\/types\/page"}],"author":[{"embeddable":true,"href":"https:\/\/wp.adisoft.lt\/vtdko\/en\/wp-json\/wp\/v2\/users\/1"}],"replies":[{"embeddable":true,"href":"https:\/\/wp.adisoft.lt\/vtdko\/en\/wp-json\/wp\/v2\/comments?post=995983"}],"version-history":[{"count":0,"href":"https:\/\/wp.adisoft.lt\/vtdko\/en\/wp-json\/wp\/v2\/pages\/995983\/revisions"}],"up":[{"embeddable":true,"href":"https:\/\/wp.adisoft.lt\/vtdko\/en\/wp-json\/wp\/v2\/pages\/995987"}],"wp:attachment":[{"href":"https:\/\/wp.adisoft.lt\/vtdko\/en\/wp-json\/wp\/v2\/media?parent=995983"}],"curies":[{"name":"wp","href":"https:\/\/api.w.org\/{rel}","templated":true}]}}