{"id":995984,"date":"2022-10-24T13:45:29","date_gmt":"2022-10-24T10:45:29","guid":{"rendered":"https:\/\/wp.adisoft.lt\/vtdko\/kvieciame-studentus-registruotis-i-individualias-ir-grupems-organizuojamas-konsultacijas\/"},"modified":"2022-10-24T13:45:29","modified_gmt":"2022-10-24T10:45:29","slug":"kvieciame-studentus-registruotis-i-individualias-ir-grupems-organizuojamas-konsultacijas","status":"publish","type":"page","link":"https:\/\/wp.adisoft.lt\/vtdko\/en\/visuomenei\/karjeros-centras\/studentams\/kvieciame-studentus-registruotis-i-individualias-ir-grupems-organizuojamas-konsultacijas\/","title":{"rendered":"Kvie\u010diame studentus registruotis \u012f individualias ir grup\u0117ms organizuojamas konsultacijas"},"content":{"rendered":"\t\t<div data-elementor-type=\"wp-page\" data-elementor-id=\"995984\" class=\"elementor elementor-995984 elementor-990559\">\n\t\t\t\t\t\t\t\t\t<section class=\"elementor-section elementor-top-section elementor-element elementor-element-8f37da3 elementor-section-boxed elementor-section-height-default elementor-section-height-default\" data-id=\"8f37da3\" data-element_type=\"section\">\n\t\t\t\t\t\t<div class=\"elementor-container elementor-column-gap-default\">\n\t\t\t\t\t<div class=\"elementor-column elementor-col-100 elementor-top-column elementor-element elementor-element-076b17f\" data-id=\"076b17f\" data-element_type=\"column\">\n\t\t\t<div class=\"elementor-widget-wrap elementor-element-populated\">\n\t\t\t\t\t\t\t\t<div class=\"elementor-element elementor-element-b5ff5f2 elementor-widget elementor-widget-text-editor\" data-id=\"b5ff5f2\" data-element_type=\"widget\" data-widget_type=\"text-editor.default\">\n\t\t\t\t<div class=\"elementor-widget-container\">\n\t\t\t\t\t\t\t<p>Karjeros centro specialistai konsultuoja studentus, organizuoja mokymus, padeda Jums spr\u0119sti i\u0161kilusias problemas<\/p><p>Tikime, jog drauge lengviau rasti atsakym\u0105, kaip nepasiklysti karjeros kelyje ir savo norus paversti rezultatais. Tod\u0117l dr\u0105siai kreipkit\u0117s \u012f mus.<\/p><p>Individualios konsultacijos studentams:<\/p><ul><li>sav\u0119s pa\u017einimas;<\/li><li>karjeros planavimas;<\/li><li>darbo ir praktikos paie\u0161ka;<\/li><li>CV ir motyvacini\u0173 lai\u0161k\u0173 rengimas;<\/li><li>pasiruo\u0161imas darbo pokalbiui;<\/li><li>studij\u0173 keitimas\/ stabdymas.<\/li><\/ul><p>Registracija el. pa\u0161tu\u00a0<a href=\"mailto:karjeroscentas@vtdko.lt\">karjeroscentas@vtdko.lt<\/a><\/p>\t\t\t\t\t\t<\/div>\n\t\t\t\t<\/div>\n\t\t\t\t\t<\/div>\n\t\t<\/div>\n\t\t\t\t\t\t\t<\/div>\n\t\t<\/section>\n\t\t\t\t<section class=\"elementor-section elementor-top-section elementor-element elementor-element-f8cd5e3 elementor-section-boxed elementor-section-height-default elementor-section-height-default\" data-id=\"f8cd5e3\" data-element_type=\"section\">\n\t\t\t\t\t\t<div class=\"elementor-container elementor-column-gap-default\">\n\t\t\t\t\t<div class=\"elementor-column elementor-col-100 elementor-top-column elementor-element elementor-element-4acca1a\" data-id=\"4acca1a\" data-element_type=\"column\">\n\t\t\t<div class=\"elementor-widget-wrap elementor-element-populated\">\n\t\t\t\t\t\t\t\t<div class=\"elementor-element elementor-element-70921cf elementor-widget elementor-widget-spacer\" data-id=\"70921cf\" data-element_type=\"widget\" data-widget_type=\"spacer.default\">\n\t\t\t\t<div class=\"elementor-widget-container\">\n\t\t\t\t\t<div class=\"elementor-spacer\">\n\t\t\t<div class=\"elementor-spacer-inner\"><\/div>\n\t\t<\/div>\n\t\t\t\t<\/div>\n\t\t\t\t<\/div>\n\t\t\t\t\t<\/div>\n\t\t<\/div>\n\t\t\t\t\t\t\t<\/div>\n\t\t<\/section>\n\t\t\t\t\t\t\t<\/div>\n\t\t","protected":false},"excerpt":{"rendered":"<p>Karjeros centro specialistai konsultuoja studentus, organizuoja mokymus, padeda Jums spr\u0119sti i\u0161kilusias problemas Tikime, jog drauge lengviau rasti atsakym\u0105, kaip nepasiklysti karjeros kelyje ir savo norus paversti rezultatais. Tod\u0117l dr\u0105siai kreipkit\u0117s \u012f mus. Individualios konsultacijos studentams: sav\u0119s pa\u017einimas; karjeros planavimas; darbo ir praktikos paie\u0161ka; CV ir motyvacini\u0173 lai\u0161k\u0173 rengimas; pasiruo\u0161imas darbo pokalbiui; studij\u0173 keitimas\/ stabdymas. Registracija&#8230;<\/p>\n","protected":false},"author":1,"featured_media":0,"parent":995987,"menu_order":0,"comment_status":"closed","ping_status":"closed","template":"","meta":{"inline_featured_image":false,"footnotes":""},"class_list":["post-995984","page","type-page","status-publish","hentry"],"yoast_head":"<!-- This site is optimized with the Yoast SEO plugin v19.12 - https:\/\/yoast.com\/wordpress\/plugins\/seo\/ -->\n<title>Kvie\u010diame studentus registruotis \u012f individualias ir grup\u0117ms organizuojamas konsultacijas - vtdko<\/title>\n<meta name=\"robots\" content=\"noindex, follow, max-snippet:-1, max-image-preview:large, max-video-preview:-1\" \/>\n<meta property=\"og:locale\" content=\"en_US\" \/>\n<meta property=\"og:type\" content=\"article\" \/>\n<meta property=\"og:title\" content=\"Kvie\u010diame studentus registruotis \u012f individualias ir grup\u0117ms organizuojamas konsultacijas - vtdko\" \/>\n<meta property=\"og:description\" content=\"Karjeros centro specialistai konsultuoja studentus, organizuoja mokymus, padeda Jums spr\u0119sti i\u0161kilusias problemas Tikime, jog drauge lengviau rasti atsakym\u0105, kaip nepasiklysti karjeros kelyje ir savo norus paversti rezultatais. Tod\u0117l dr\u0105siai kreipkit\u0117s \u012f mus. Individualios konsultacijos studentams: sav\u0119s pa\u017einimas; karjeros planavimas; darbo ir praktikos paie\u0161ka; CV ir motyvacini\u0173 lai\u0161k\u0173 rengimas; pasiruo\u0161imas darbo pokalbiui; studij\u0173 keitimas\/ stabdymas. Registracija...\" \/>\n<meta property=\"og:url\" content=\"https:\/\/wp.adisoft.lt\/vtdko\/en\/visuomenei\/karjeros-centras\/studentams\/kvieciame-studentus-registruotis-i-individualias-ir-grupems-organizuojamas-konsultacijas\/\" \/>\n<meta property=\"og:site_name\" content=\"vtdko\" \/>\n<meta name=\"twitter:card\" content=\"summary_large_image\" \/>\n<script type=\"application\/ld+json\" class=\"yoast-schema-graph\">{\"@context\":\"https:\/\/schema.org\",\"@graph\":[{\"@type\":\"WebPage\",\"@id\":\"https:\/\/wp.adisoft.lt\/vtdko\/en\/visuomenei\/karjeros-centras\/studentams\/kvieciame-studentus-registruotis-i-individualias-ir-grupems-organizuojamas-konsultacijas\/\",\"url\":\"https:\/\/wp.adisoft.lt\/vtdko\/en\/visuomenei\/karjeros-centras\/studentams\/kvieciame-studentus-registruotis-i-individualias-ir-grupems-organizuojamas-konsultacijas\/\",\"name\":\"Kvie\u010diame studentus registruotis \u012f individualias ir grup\u0117ms organizuojamas konsultacijas - vtdko\",\"isPartOf\":{\"@id\":\"https:\/\/wp.adisoft.lt\/vtdko\/en\/#website\"},\"datePublished\":\"2022-10-24T10:45:29+00:00\",\"dateModified\":\"2022-10-24T10:45:29+00:00\",\"breadcrumb\":{\"@id\":\"https:\/\/wp.adisoft.lt\/vtdko\/en\/visuomenei\/karjeros-centras\/studentams\/kvieciame-studentus-registruotis-i-individualias-ir-grupems-organizuojamas-konsultacijas\/#breadcrumb\"},\"inLanguage\":\"en-US\",\"potentialAction\":[{\"@type\":\"ReadAction\",\"target\":[\"https:\/\/wp.adisoft.lt\/vtdko\/en\/visuomenei\/karjeros-centras\/studentams\/kvieciame-studentus-registruotis-i-individualias-ir-grupems-organizuojamas-konsultacijas\/\"]}]},{\"@type\":\"BreadcrumbList\",\"@id\":\"https:\/\/wp.adisoft.lt\/vtdko\/en\/visuomenei\/karjeros-centras\/studentams\/kvieciame-studentus-registruotis-i-individualias-ir-grupems-organizuojamas-konsultacijas\/#breadcrumb\",\"itemListElement\":[{\"@type\":\"ListItem\",\"position\":1,\"name\":\"Pagrindinis\",\"item\":\"https:\/\/wp.adisoft.lt\/vtdko\/en\/pagrindinis\/\"},{\"@type\":\"ListItem\",\"position\":2,\"name\":\"Visuomenei\",\"item\":\"https:\/\/wp.adisoft.lt\/vtdko\/en\/visuomenei\/\"},{\"@type\":\"ListItem\",\"position\":3,\"name\":\"Karjeros centras\",\"item\":\"https:\/\/wp.adisoft.lt\/vtdko\/en\/visuomenei\/karjeros-centras\/\"},{\"@type\":\"ListItem\",\"position\":4,\"name\":\"Karjeros centras studentams\",\"item\":\"https:\/\/wp.adisoft.lt\/vtdko\/en\/visuomenei\/karjeros-centras\/studentams\/\"},{\"@type\":\"ListItem\",\"position\":5,\"name\":\"Kvie\u010diame studentus registruotis \u012f individualias ir grup\u0117ms organizuojamas konsultacijas\"}]},{\"@type\":\"WebSite\",\"@id\":\"https:\/\/wp.adisoft.lt\/vtdko\/en\/#website\",\"url\":\"https:\/\/wp.adisoft.lt\/vtdko\/en\/\",\"name\":\"vtdko\",\"description\":\"Vilniaus technologij\u0173 ir dizaino kolegija\",\"publisher\":{\"@id\":\"https:\/\/wp.adisoft.lt\/vtdko\/en\/#organization\"},\"potentialAction\":[{\"@type\":\"SearchAction\",\"target\":{\"@type\":\"EntryPoint\",\"urlTemplate\":\"https:\/\/wp.adisoft.lt\/vtdko\/en\/?s={search_term_string}\"},\"query-input\":\"required name=search_term_string\"}],\"inLanguage\":\"en-US\"},{\"@type\":\"Organization\",\"@id\":\"https:\/\/wp.adisoft.lt\/vtdko\/en\/#organization\",\"name\":\"vtdko\",\"url\":\"https:\/\/wp.adisoft.lt\/vtdko\/en\/\",\"logo\":{\"@type\":\"ImageObject\",\"inLanguage\":\"en-US\",\"@id\":\"https:\/\/wp.adisoft.lt\/vtdko\/en\/#\/schema\/logo\/image\/\",\"url\":\"https:\/\/wp.adisoft.lt\/vtdko\/wp-content\/uploads\/2020\/02\/Logo-su-tekstu-01.svg\",\"contentUrl\":\"https:\/\/wp.adisoft.lt\/vtdko\/wp-content\/uploads\/2020\/02\/Logo-su-tekstu-01.svg\",\"width\":151,\"height\":74,\"caption\":\"vtdko\"},\"image\":{\"@id\":\"https:\/\/wp.adisoft.lt\/vtdko\/en\/#\/schema\/logo\/image\/\"}}]}<\/script>\n<!-- \/ Yoast SEO plugin. -->","yoast_head_json":{"title":"Kvie\u010diame studentus registruotis \u012f individualias ir grup\u0117ms organizuojamas konsultacijas - vtdko","robots":{"index":"noindex","follow":"follow","max-snippet":"max-snippet:-1","max-image-preview":"max-image-preview:large","max-video-preview":"max-video-preview:-1"},"og_locale":"en_US","og_type":"article","og_title":"Kvie\u010diame studentus registruotis \u012f individualias ir grup\u0117ms organizuojamas konsultacijas - vtdko","og_description":"Karjeros centro specialistai konsultuoja studentus, organizuoja mokymus, padeda Jums spr\u0119sti i\u0161kilusias problemas Tikime, jog drauge lengviau rasti atsakym\u0105, kaip nepasiklysti karjeros kelyje ir savo norus paversti rezultatais. Tod\u0117l dr\u0105siai kreipkit\u0117s \u012f mus. Individualios konsultacijos studentams: sav\u0119s pa\u017einimas; karjeros planavimas; darbo ir praktikos paie\u0161ka; CV ir motyvacini\u0173 lai\u0161k\u0173 rengimas; pasiruo\u0161imas darbo pokalbiui; studij\u0173 keitimas\/ stabdymas. Registracija...","og_url":"https:\/\/wp.adisoft.lt\/vtdko\/en\/visuomenei\/karjeros-centras\/studentams\/kvieciame-studentus-registruotis-i-individualias-ir-grupems-organizuojamas-konsultacijas\/","og_site_name":"vtdko","twitter_card":"summary_large_image","schema":{"@context":"https:\/\/schema.org","@graph":[{"@type":"WebPage","@id":"https:\/\/wp.adisoft.lt\/vtdko\/en\/visuomenei\/karjeros-centras\/studentams\/kvieciame-studentus-registruotis-i-individualias-ir-grupems-organizuojamas-konsultacijas\/","url":"https:\/\/wp.adisoft.lt\/vtdko\/en\/visuomenei\/karjeros-centras\/studentams\/kvieciame-studentus-registruotis-i-individualias-ir-grupems-organizuojamas-konsultacijas\/","name":"Kvie\u010diame studentus registruotis \u012f individualias ir grup\u0117ms organizuojamas konsultacijas - vtdko","isPartOf":{"@id":"https:\/\/wp.adisoft.lt\/vtdko\/en\/#website"},"datePublished":"2022-10-24T10:45:29+00:00","dateModified":"2022-10-24T10:45:29+00:00","breadcrumb":{"@id":"https:\/\/wp.adisoft.lt\/vtdko\/en\/visuomenei\/karjeros-centras\/studentams\/kvieciame-studentus-registruotis-i-individualias-ir-grupems-organizuojamas-konsultacijas\/#breadcrumb"},"inLanguage":"en-US","potentialAction":[{"@type":"ReadAction","target":["https:\/\/wp.adisoft.lt\/vtdko\/en\/visuomenei\/karjeros-centras\/studentams\/kvieciame-studentus-registruotis-i-individualias-ir-grupems-organizuojamas-konsultacijas\/"]}]},{"@type":"BreadcrumbList","@id":"https:\/\/wp.adisoft.lt\/vtdko\/en\/visuomenei\/karjeros-centras\/studentams\/kvieciame-studentus-registruotis-i-individualias-ir-grupems-organizuojamas-konsultacijas\/#breadcrumb","itemListElement":[{"@type":"ListItem","position":1,"name":"Pagrindinis","item":"https:\/\/wp.adisoft.lt\/vtdko\/en\/pagrindinis\/"},{"@type":"ListItem","position":2,"name":"Visuomenei","item":"https:\/\/wp.adisoft.lt\/vtdko\/en\/visuomenei\/"},{"@type":"ListItem","position":3,"name":"Karjeros centras","item":"https:\/\/wp.adisoft.lt\/vtdko\/en\/visuomenei\/karjeros-centras\/"},{"@type":"ListItem","position":4,"name":"Karjeros centras studentams","item":"https:\/\/wp.adisoft.lt\/vtdko\/en\/visuomenei\/karjeros-centras\/studentams\/"},{"@type":"ListItem","position":5,"name":"Kvie\u010diame studentus registruotis \u012f individualias ir grup\u0117ms organizuojamas konsultacijas"}]},{"@type":"WebSite","@id":"https:\/\/wp.adisoft.lt\/vtdko\/en\/#website","url":"https:\/\/wp.adisoft.lt\/vtdko\/en\/","name":"vtdko","description":"Vilniaus technologij\u0173 ir dizaino kolegija","publisher":{"@id":"https:\/\/wp.adisoft.lt\/vtdko\/en\/#organization"},"potentialAction":[{"@type":"SearchAction","target":{"@type":"EntryPoint","urlTemplate":"https:\/\/wp.adisoft.lt\/vtdko\/en\/?s={search_term_string}"},"query-input":"required name=search_term_string"}],"inLanguage":"en-US"},{"@type":"Organization","@id":"https:\/\/wp.adisoft.lt\/vtdko\/en\/#organization","name":"vtdko","url":"https:\/\/wp.adisoft.lt\/vtdko\/en\/","logo":{"@type":"ImageObject","inLanguage":"en-US","@id":"https:\/\/wp.adisoft.lt\/vtdko\/en\/#\/schema\/logo\/image\/","url":"https:\/\/wp.adisoft.lt\/vtdko\/wp-content\/uploads\/2020\/02\/Logo-su-tekstu-01.svg","contentUrl":"https:\/\/wp.adisoft.lt\/vtdko\/wp-content\/uploads\/2020\/02\/Logo-su-tekstu-01.svg","width":151,"height":74,"caption":"vtdko"},"image":{"@id":"https:\/\/wp.adisoft.lt\/vtdko\/en\/#\/schema\/logo\/image\/"}}]}},"_links":{"self":[{"href":"https:\/\/wp.adisoft.lt\/vtdko\/en\/wp-json\/wp\/v2\/pages\/995984","targetHints":{"allow":["GET"]}}],"collection":[{"href":"https:\/\/wp.adisoft.lt\/vtdko\/en\/wp-json\/wp\/v2\/pages"}],"about":[{"href":"https:\/\/wp.adisoft.lt\/vtdko\/en\/wp-json\/wp\/v2\/types\/page"}],"author":[{"embeddable":true,"href":"https:\/\/wp.adisoft.lt\/vtdko\/en\/wp-json\/wp\/v2\/users\/1"}],"replies":[{"embeddable":true,"href":"https:\/\/wp.adisoft.lt\/vtdko\/en\/wp-json\/wp\/v2\/comments?post=995984"}],"version-history":[{"count":0,"href":"https:\/\/wp.adisoft.lt\/vtdko\/en\/wp-json\/wp\/v2\/pages\/995984\/revisions"}],"up":[{"embeddable":true,"href":"https:\/\/wp.adisoft.lt\/vtdko\/en\/wp-json\/wp\/v2\/pages\/995987"}],"wp:attachment":[{"href":"https:\/\/wp.adisoft.lt\/vtdko\/en\/wp-json\/wp\/v2\/media?parent=995984"}],"curies":[{"name":"wp","href":"https:\/\/api.w.org\/{rel}","templated":true}]}}