{"id":996046,"date":"2022-10-13T14:43:56","date_gmt":"2022-10-13T11:43:56","guid":{"rendered":"https:\/\/wp.adisoft.lt\/vtdko\/gelezinkelio-automatikos-ir-elektros-tiekimo-sistemu-irenginiu-elektromonteris-po-12-klasiu-1-metai\/"},"modified":"2023-02-04T13:58:41","modified_gmt":"2023-02-04T10:58:41","slug":"gelezinkelio-automatikos-ir-elektros-tiekimo-sistemu-irenginiu-elektromonteris-po-12-klasiu-1-metai","status":"publish","type":"page","link":"https:\/\/wp.adisoft.lt\/vtdko\/en\/gelezinkelio-automatikos-ir-elektros-tiekimo-sistemu-irenginiu-elektromonteris-po-12-klasiu-1-metai\/","title":{"rendered":"Gele\u017einkelio automatikos ir elektros tiekimo sistem\u0173 \u012frengini\u0173 elektromonteris (po 12 klasi\u0173 \u2013 1 metai)"},"content":{"rendered":"\t\t<div data-elementor-type=\"wp-page\" data-elementor-id=\"996046\" class=\"elementor elementor-996046 elementor-989542\">\n\t\t\t\t\t\t\t\t\t<section class=\"elementor-section elementor-top-section elementor-element elementor-element-9362f69 elementor-section-height-min-height elementor-section-boxed elementor-section-height-default elementor-section-items-middle\" data-id=\"9362f69\" data-element_type=\"section\" data-settings=\"{&quot;background_background&quot;:&quot;classic&quot;,&quot;animation&quot;:&quot;none&quot;}\">\n\t\t\t\t\t\t<div class=\"elementor-container elementor-column-gap-default\">\n\t\t\t\t\t<div class=\"elementor-column elementor-col-100 elementor-top-column elementor-element elementor-element-bfff03a\" data-id=\"bfff03a\" data-element_type=\"column\" data-settings=\"{&quot;background_background&quot;:&quot;classic&quot;}\">\n\t\t\t<div class=\"elementor-widget-wrap\">\n\t\t\t\t\t\t\t\t\t<\/div>\n\t\t<\/div>\n\t\t\t\t\t\t\t<\/div>\n\t\t<\/section>\n\t\t\t\t<section class=\"elementor-section elementor-top-section elementor-element elementor-element-5afee74 elementor-section-boxed elementor-section-height-default elementor-section-height-default\" data-id=\"5afee74\" data-element_type=\"section\" data-settings=\"{&quot;animation&quot;:&quot;none&quot;,&quot;animation_tablet&quot;:&quot;none&quot;,&quot;animation_mobile&quot;:&quot;none&quot;}\">\n\t\t\t\t\t\t<div class=\"elementor-container elementor-column-gap-no\">\n\t\t\t\t\t<div class=\"elementor-column elementor-col-50 elementor-top-column elementor-element elementor-element-37b01e5 animated-fast elementor-invisible\" data-id=\"37b01e5\" data-element_type=\"column\" data-settings=\"{&quot;background_background&quot;:&quot;classic&quot;,&quot;animation&quot;:&quot;fadeIn&quot;,&quot;animation_delay&quot;:100}\">\n\t\t\t<div class=\"elementor-widget-wrap elementor-element-populated\">\n\t\t\t\t\t\t\t\t<div class=\"elementor-element elementor-element-abe80d8 elementor-widget__width-auto elementor-widget-tablet__width-auto elementor-widget-mobile__width-inherit elementor-widget elementor-widget-heading\" data-id=\"abe80d8\" data-element_type=\"widget\" data-settings=\"{&quot;_animation&quot;:&quot;none&quot;,&quot;_animation_delay&quot;:200}\" data-widget_type=\"heading.heading_charityfy\">\n\t\t\t\t<div class=\"elementor-widget-container\">\n\t\t\t<h1 class=\"elementor-heading-title elementor-size-default\">Elektromonteris<\/h1>\t\t<\/div>\n\t\t\t\t<\/div>\n\t\t\t\t<div class=\"elementor-element elementor-element-c705acb elementor-widget elementor-widget-text-editor\" data-id=\"c705acb\" data-element_type=\"widget\" data-settings=\"{&quot;_animation&quot;:&quot;none&quot;,&quot;_animation_delay&quot;:300}\" data-widget_type=\"text-editor.default\">\n\t\t\t\t<div class=\"elementor-widget-container\">\n\t\t\t\t\t\t\t<p>(po 12 klasi\u0173 &#8211; 1 metai)<\/p>\t\t\t\t\t\t<\/div>\n\t\t\t\t<\/div>\n\t\t\t\t\t<\/div>\n\t\t<\/div>\n\t\t\t\t<div class=\"elementor-column elementor-col-50 elementor-top-column elementor-element elementor-element-2ef88e8 elementor-hidden-desktop elementor-hidden-tablet elementor-hidden-phone\" data-id=\"2ef88e8\" data-element_type=\"column\">\n\t\t\t<div class=\"elementor-widget-wrap\">\n\t\t\t\t\t\t\t\t\t<\/div>\n\t\t<\/div>\n\t\t\t\t\t\t\t<\/div>\n\t\t<\/section>\n\t\t\t\t<section class=\"elementor-section elementor-top-section elementor-element elementor-element-d07599f elementor-section-boxed elementor-section-height-default elementor-section-height-default\" data-id=\"d07599f\" data-element_type=\"section\">\n\t\t\t\t\t\t<div class=\"elementor-container elementor-column-gap-default\">\n\t\t\t\t\t<div class=\"elementor-column elementor-col-100 elementor-top-column elementor-element elementor-element-ac27f23\" data-id=\"ac27f23\" data-element_type=\"column\">\n\t\t\t<div class=\"elementor-widget-wrap elementor-element-populated\">\n\t\t\t\t\t\t\t\t<div class=\"elementor-element elementor-element-bbd1929 elementor-widget elementor-widget-spacer\" data-id=\"bbd1929\" data-element_type=\"widget\" data-widget_type=\"spacer.default\">\n\t\t\t\t<div class=\"elementor-widget-container\">\n\t\t\t\t\t<div class=\"elementor-spacer\">\n\t\t\t<div class=\"elementor-spacer-inner\"><\/div>\n\t\t<\/div>\n\t\t\t\t<\/div>\n\t\t\t\t<\/div>\n\t\t\t\t\t<\/div>\n\t\t<\/div>\n\t\t\t\t\t\t\t<\/div>\n\t\t<\/section>\n\t\t\t\t<section class=\"elementor-section elementor-top-section elementor-element elementor-element-7e7822b elementor-section-boxed elementor-section-height-default elementor-section-height-default\" data-id=\"7e7822b\" data-element_type=\"section\">\n\t\t\t\t\t\t<div class=\"elementor-container elementor-column-gap-default\">\n\t\t\t\t\t<div class=\"elementor-column elementor-col-100 elementor-top-column elementor-element elementor-element-e23c01b\" data-id=\"e23c01b\" data-element_type=\"column\">\n\t\t\t<div class=\"elementor-widget-wrap elementor-element-populated\">\n\t\t\t\t\t\t\t\t<div class=\"elementor-element elementor-element-7ded80c elementor-widget elementor-widget-text-editor\" data-id=\"7ded80c\" data-element_type=\"widget\" data-widget_type=\"text-editor.default\">\n\t\t\t\t<div class=\"elementor-widget-container\">\n\t\t\t\t\t\t\t<p><strong>Valstybinis kodas:<\/strong>\u00a0P43104104.<br \/><strong>\u0160vietimo sritis:<\/strong>\u00a0Transporto paslaugos.<br \/><strong>Apimtis ir trukm\u0117:<br \/><\/strong><strong>Programa, skirta pirminiam profesiniam mokymui, 60 mokymosi kredit\u0173 \u2013 1 metai.<\/strong><\/p><p>\u00a0<\/p>\t\t\t\t\t\t<\/div>\n\t\t\t\t<\/div>\n\t\t\t\t\t<\/div>\n\t\t<\/div>\n\t\t\t\t\t\t\t<\/div>\n\t\t<\/section>\n\t\t\t\t<section class=\"elementor-section elementor-top-section elementor-element elementor-element-7b2a525 elementor-section-boxed elementor-section-height-default elementor-section-height-default\" data-id=\"7b2a525\" data-element_type=\"section\" data-settings=\"{&quot;background_background&quot;:&quot;classic&quot;}\">\n\t\t\t\t\t\t<div class=\"elementor-container elementor-column-gap-default\">\n\t\t\t\t\t<div class=\"elementor-column elementor-col-100 elementor-top-column elementor-element elementor-element-5a6b37f\" data-id=\"5a6b37f\" data-element_type=\"column\">\n\t\t\t<div class=\"elementor-widget-wrap elementor-element-populated\">\n\t\t\t\t\t\t\t\t<div class=\"elementor-element elementor-element-6636408 elementor-widget elementor-widget-heading\" data-id=\"6636408\" data-element_type=\"widget\" data-widget_type=\"heading.default\">\n\t\t\t\t<div class=\"elementor-widget-container\">\n\t\t\t<h2 class=\"elementor-heading-title elementor-size-default\">I\u0161moksiu:<\/h2>\t\t<\/div>\n\t\t\t\t<\/div>\n\t\t\t\t<div class=\"elementor-element elementor-element-4d4878e elementor-widget elementor-widget-text-editor\" data-id=\"4d4878e\" data-element_type=\"widget\" data-widget_type=\"text-editor.default\">\n\t\t\t\t<div class=\"elementor-widget-container\">\n\t\t\t\t\t\t\t<ul><li>pri\u017ei\u016br\u0117ti ir remontuoti gele\u017einkelio automatikos sistem\u0173 \u012frenginius, naudojant gele\u017einkelio automatikos sistem\u0173 schemas;<\/li><li>taikyti norminius dokumentus, reglamentuojan\u010dius gele\u017einkelio automatikos sistem\u0173 prie\u017ei\u016br\u0105 ir remont\u0105;<\/li><li>atlikti gele\u017einkelio centralizacijos valdymo ir kontrol\u0117s aparat\u016bros prie\u017ei\u016bros ir remonto darbus;<\/li><li>pri\u017ei\u016br\u0117ti ir remontuoti skirstomojo kalnelio su mikroprocesoriniu valdymu bei mikroprocesorin\u0117s centralizacijos sistemas;<\/li><li>atlikti pusiau automatin\u0117s kelio blokuot\u0117s, automatin\u0117s kelio blokuot\u0117s ir automatin\u0117s kelio blokuot\u0117s su tonalin\u0117mis b\u0117gi\u0173 grandin\u0117mis \u012frangos prie\u017ei\u016bros ir remonto darbus;<\/li><li>pri\u017ei\u016br\u0117ti ir remontuoti automatin\u0117s lokomotyv\u0173 signalizacijos kelio \u012frenginius;<\/li><li>pri\u017ei\u016br\u0117ti ir remontuoti elektros ma\u0161inas ir aparatus;<\/li><li>atlikti gele\u017einkelio elektrifikacijos ir elektros traukos sistem\u0173 prie\u017ei\u016bros darbus;<\/li><li>atlikti gele\u017einkelio kontaktinio tinklo remonto darbus.<\/li><\/ul>\t\t\t\t\t\t<\/div>\n\t\t\t\t<\/div>\n\t\t\t\t<div class=\"elementor-element elementor-element-4f2776c elementor-widget elementor-widget-spacer\" data-id=\"4f2776c\" data-element_type=\"widget\" data-widget_type=\"spacer.default\">\n\t\t\t\t<div class=\"elementor-widget-container\">\n\t\t\t\t\t<div class=\"elementor-spacer\">\n\t\t\t<div class=\"elementor-spacer-inner\"><\/div>\n\t\t<\/div>\n\t\t\t\t<\/div>\n\t\t\t\t<\/div>\n\t\t\t\t\t<\/div>\n\t\t<\/div>\n\t\t\t\t\t\t\t<\/div>\n\t\t<\/section>\n\t\t\t\t<section class=\"elementor-section elementor-top-section elementor-element elementor-element-93f4057 elementor-section-boxed elementor-section-height-default elementor-section-height-default\" data-id=\"93f4057\" data-element_type=\"section\" data-settings=\"{&quot;background_background&quot;:&quot;classic&quot;}\">\n\t\t\t\t\t\t<div class=\"elementor-container elementor-column-gap-default\">\n\t\t\t\t\t<div class=\"elementor-column elementor-col-100 elementor-top-column elementor-element elementor-element-3655ab8\" data-id=\"3655ab8\" data-element_type=\"column\">\n\t\t\t<div class=\"elementor-widget-wrap elementor-element-populated\">\n\t\t\t\t\t\t\t\t<div class=\"elementor-element elementor-element-743431a elementor-widget elementor-widget-heading\" data-id=\"743431a\" data-element_type=\"widget\" data-widget_type=\"heading.default\">\n\t\t\t\t<div class=\"elementor-widget-container\">\n\t\t\t<h2 class=\"elementor-heading-title elementor-size-default\">Dirbsiu:<\/h2>\t\t<\/div>\n\t\t\t\t<\/div>\n\t\t\t\t<div class=\"elementor-element elementor-element-5fb64e3 elementor-widget elementor-widget-text-editor\" data-id=\"5fb64e3\" data-element_type=\"widget\" data-widget_type=\"text-editor.default\">\n\t\t\t\t<div class=\"elementor-widget-container\">\n\t\t\t\t\t\t\t<ul><li>gele\u017einkelio automatikos ir elektros tiekimo sistem\u0173 \u012frengini\u0173 elektromonteriu;<\/li><li>elektros \u012frangos meistru gele\u017einkelio transporto \u012fmon\u0117se ir bendrov\u0117se;<\/li><li>elektriku elektros \u012frang\u0105 pri\u017ei\u016brin\u010diose \u012fmon\u0117se.<\/li><\/ul>\t\t\t\t\t\t<\/div>\n\t\t\t\t<\/div>\n\t\t\t\t<div class=\"elementor-element elementor-element-79b3c8a elementor-widget elementor-widget-spacer\" data-id=\"79b3c8a\" data-element_type=\"widget\" data-widget_type=\"spacer.default\">\n\t\t\t\t<div class=\"elementor-widget-container\">\n\t\t\t\t\t<div class=\"elementor-spacer\">\n\t\t\t<div class=\"elementor-spacer-inner\"><\/div>\n\t\t<\/div>\n\t\t\t\t<\/div>\n\t\t\t\t<\/div>\n\t\t\t\t\t<\/div>\n\t\t<\/div>\n\t\t\t\t\t\t\t<\/div>\n\t\t<\/section>\n\t\t\t\t<section class=\"elementor-section elementor-top-section elementor-element elementor-element-a7f5e06 elementor-section-boxed elementor-section-height-default elementor-section-height-default\" data-id=\"a7f5e06\" data-element_type=\"section\" data-settings=\"{&quot;background_background&quot;:&quot;classic&quot;}\">\n\t\t\t\t\t\t<div class=\"elementor-container elementor-column-gap-default\">\n\t\t\t\t\t<div class=\"elementor-column elementor-col-100 elementor-top-column elementor-element elementor-element-a27507d\" data-id=\"a27507d\" data-element_type=\"column\">\n\t\t\t<div class=\"elementor-widget-wrap elementor-element-populated\">\n\t\t\t\t\t\t\t\t<div class=\"elementor-element elementor-element-1adfb23 elementor-widget elementor-widget-spacer\" data-id=\"1adfb23\" data-element_type=\"widget\" data-widget_type=\"spacer.default\">\n\t\t\t\t<div class=\"elementor-widget-container\">\n\t\t\t\t\t<div class=\"elementor-spacer\">\n\t\t\t<div class=\"elementor-spacer-inner\"><\/div>\n\t\t<\/div>\n\t\t\t\t<\/div>\n\t\t\t\t<\/div>\n\t\t\t\t<div class=\"elementor-element elementor-element-c35ebef elementor-widget elementor-widget-heading\" data-id=\"c35ebef\" data-element_type=\"widget\" data-widget_type=\"heading.default\">\n\t\t\t\t<div class=\"elementor-widget-container\">\n\t\t\t<h2 class=\"elementor-heading-title elementor-size-default\">Susidom\u0117jai? Daugiau informacijos:<\/h2>\t\t<\/div>\n\t\t\t\t<\/div>\n\t\t\t\t<div class=\"elementor-element elementor-element-1aa0f98 elementor-widget elementor-widget-text-editor\" data-id=\"1aa0f98\" data-element_type=\"widget\" data-widget_type=\"text-editor.default\">\n\t\t\t\t<div class=\"elementor-widget-container\">\n\t\t\t\t\t\t\t<p><b>Inga Stankaitien\u0117<\/b><\/p>\t\t\t\t\t\t<\/div>\n\t\t\t\t<\/div>\n\t\t\t\t<div class=\"elementor-element elementor-element-fefb184 elementor-align-left elementor-icon-list--layout-traditional elementor-list-item-link-full_width elementor-widget elementor-widget-icon-list\" data-id=\"fefb184\" data-element_type=\"widget\" data-widget_type=\"icon-list.default\">\n\t\t\t\t<div class=\"elementor-widget-container\">\n\t\t\t\t\t<ul class=\"elementor-icon-list-items\">\n\t\t\t\t\t\t\t<li class=\"elementor-icon-list-item\">\n\t\t\t\t\t\t\t\t\t\t\t<span class=\"elementor-icon-list-icon\">\n\t\t\t\t\t\t\t<i aria-hidden=\"true\" class=\"fas fa-phone-alt\"><\/i>\t\t\t\t\t\t<\/span>\n\t\t\t\t\t\t\t\t\t\t<span class=\"elementor-icon-list-text\"><a href=\"http:\/\/tel:+37061574675\/\" target=\"_blank\" rel=\"noopener\" style=\"font-family: inherit; font-style: inherit; font-variant-ligatures: inherit; font-variant-caps: inherit; font-weight: inherit; letter-spacing: var(--vamtam-primary-font-letter-spacing-desktop,normal); text-transform: var(--vamtam-primary-font-transform,none); white-space: normal;\">+370 615 74675<\/a><\/span>\n\t\t\t\t\t\t\t\t\t<\/li>\n\t\t\t\t\t\t\t\t<li class=\"elementor-icon-list-item\">\n\t\t\t\t\t\t\t\t\t\t\t<span class=\"elementor-icon-list-icon\">\n\t\t\t\t\t\t\t<i aria-hidden=\"true\" class=\"far fa-envelope\"><\/i>\t\t\t\t\t\t<\/span>\n\t\t\t\t\t\t\t\t\t\t<span class=\"elementor-icon-list-text\"><a href=\"mailto:mailito:i.stankaitiene@vtdko.lt\" target=\"_blank\" rel=\"noopener\" style=\"font-family: inherit; font-style: inherit; font-variant-ligatures: inherit; font-variant-caps: inherit; font-weight: inherit; letter-spacing: var(--vamtam-primary-font-letter-spacing-desktop,normal); text-transform: var(--vamtam-primary-font-transform,none); white-space: normal;\">i.stankaitiene@vtdko.lt<\/a><\/span>\n\t\t\t\t\t\t\t\t\t<\/li>\n\t\t\t\t\t\t<\/ul>\n\t\t\t\t<\/div>\n\t\t\t\t<\/div>\n\t\t\t\t<div class=\"elementor-element elementor-element-f6dcac2 elementor-widget elementor-widget-spacer\" data-id=\"f6dcac2\" data-element_type=\"widget\" data-widget_type=\"spacer.default\">\n\t\t\t\t<div class=\"elementor-widget-container\">\n\t\t\t\t\t<div class=\"elementor-spacer\">\n\t\t\t<div class=\"elementor-spacer-inner\"><\/div>\n\t\t<\/div>\n\t\t\t\t<\/div>\n\t\t\t\t<\/div>\n\t\t\t\t\t<\/div>\n\t\t<\/div>\n\t\t\t\t\t\t\t<\/div>\n\t\t<\/section>\n\t\t\t\t\t\t\t<\/div>\n\t\t","protected":false},"excerpt":{"rendered":"<p>Elektromonteris (po 12 klasi\u0173 &#8211; 1 metai) Valstybinis kodas:\u00a0P43104104.\u0160vietimo sritis:\u00a0Transporto paslaugos.Apimtis ir trukm\u0117:Programa, skirta pirminiam profesiniam mokymui, 60 mokymosi kredit\u0173 \u2013 1 metai. \u00a0 I\u0161moksiu: pri\u017ei\u016br\u0117ti ir remontuoti gele\u017einkelio automatikos sistem\u0173 \u012frenginius, naudojant gele\u017einkelio automatikos sistem\u0173 schemas; taikyti norminius dokumentus, reglamentuojan\u010dius gele\u017einkelio automatikos sistem\u0173 prie\u017ei\u016br\u0105 ir remont\u0105; atlikti gele\u017einkelio centralizacijos valdymo ir kontrol\u0117s aparat\u016bros prie\u017ei\u016bros&#8230;<\/p>\n","protected":false},"author":1,"featured_media":0,"parent":0,"menu_order":0,"comment_status":"closed","ping_status":"closed","template":"","meta":{"inline_featured_image":false,"footnotes":""},"class_list":["post-996046","page","type-page","status-publish","hentry"],"yoast_head":"<!-- This site is optimized with the Yoast SEO plugin v19.12 - https:\/\/yoast.com\/wordpress\/plugins\/seo\/ -->\n<title>Gele\u017einkelio automatikos ir elektros tiekimo sistem\u0173 \u012frengini\u0173 elektromonteris (po 12 klasi\u0173 \u2013 1 metai) - vtdko<\/title>\n<meta name=\"robots\" content=\"noindex, follow, max-snippet:-1, max-image-preview:large, max-video-preview:-1\" \/>\n<meta property=\"og:locale\" content=\"en_US\" \/>\n<meta property=\"og:type\" content=\"article\" \/>\n<meta property=\"og:title\" content=\"Gele\u017einkelio automatikos ir elektros tiekimo sistem\u0173 \u012frengini\u0173 elektromonteris (po 12 klasi\u0173 \u2013 1 metai) - vtdko\" \/>\n<meta property=\"og:description\" content=\"Elektromonteris (po 12 klasi\u0173 &#8211; 1 metai) Valstybinis kodas:\u00a0P43104104.\u0160vietimo sritis:\u00a0Transporto paslaugos.Apimtis ir trukm\u0117:Programa, skirta pirminiam profesiniam mokymui, 60 mokymosi kredit\u0173 \u2013 1 metai. \u00a0 I\u0161moksiu: pri\u017ei\u016br\u0117ti ir remontuoti gele\u017einkelio automatikos sistem\u0173 \u012frenginius, naudojant gele\u017einkelio automatikos sistem\u0173 schemas; taikyti norminius dokumentus, reglamentuojan\u010dius gele\u017einkelio automatikos sistem\u0173 prie\u017ei\u016br\u0105 ir remont\u0105; atlikti gele\u017einkelio centralizacijos valdymo ir kontrol\u0117s aparat\u016bros prie\u017ei\u016bros...\" \/>\n<meta property=\"og:url\" content=\"https:\/\/wp.adisoft.lt\/vtdko\/en\/gelezinkelio-automatikos-ir-elektros-tiekimo-sistemu-irenginiu-elektromonteris-po-12-klasiu-1-metai\/\" \/>\n<meta property=\"og:site_name\" content=\"vtdko\" \/>\n<meta property=\"article:modified_time\" content=\"2023-02-04T10:58:41+00:00\" \/>\n<meta name=\"twitter:card\" content=\"summary_large_image\" \/>\n<meta name=\"twitter:label1\" content=\"Est. reading time\" \/>\n\t<meta name=\"twitter:data1\" content=\"1 minute\" \/>\n<script type=\"application\/ld+json\" class=\"yoast-schema-graph\">{\"@context\":\"https:\/\/schema.org\",\"@graph\":[{\"@type\":\"WebPage\",\"@id\":\"https:\/\/wp.adisoft.lt\/vtdko\/en\/gelezinkelio-automatikos-ir-elektros-tiekimo-sistemu-irenginiu-elektromonteris-po-12-klasiu-1-metai\/\",\"url\":\"https:\/\/wp.adisoft.lt\/vtdko\/en\/gelezinkelio-automatikos-ir-elektros-tiekimo-sistemu-irenginiu-elektromonteris-po-12-klasiu-1-metai\/\",\"name\":\"Gele\u017einkelio automatikos ir elektros tiekimo sistem\u0173 \u012frengini\u0173 elektromonteris (po 12 klasi\u0173 \u2013 1 metai) - vtdko\",\"isPartOf\":{\"@id\":\"https:\/\/wp.adisoft.lt\/vtdko\/en\/#website\"},\"datePublished\":\"2022-10-13T11:43:56+00:00\",\"dateModified\":\"2023-02-04T10:58:41+00:00\",\"breadcrumb\":{\"@id\":\"https:\/\/wp.adisoft.lt\/vtdko\/en\/gelezinkelio-automatikos-ir-elektros-tiekimo-sistemu-irenginiu-elektromonteris-po-12-klasiu-1-metai\/#breadcrumb\"},\"inLanguage\":\"en-US\",\"potentialAction\":[{\"@type\":\"ReadAction\",\"target\":[\"https:\/\/wp.adisoft.lt\/vtdko\/en\/gelezinkelio-automatikos-ir-elektros-tiekimo-sistemu-irenginiu-elektromonteris-po-12-klasiu-1-metai\/\"]}]},{\"@type\":\"BreadcrumbList\",\"@id\":\"https:\/\/wp.adisoft.lt\/vtdko\/en\/gelezinkelio-automatikos-ir-elektros-tiekimo-sistemu-irenginiu-elektromonteris-po-12-klasiu-1-metai\/#breadcrumb\",\"itemListElement\":[{\"@type\":\"ListItem\",\"position\":1,\"name\":\"Pagrindinis\",\"item\":\"https:\/\/wp.adisoft.lt\/vtdko\/en\/pagrindinis\/\"},{\"@type\":\"ListItem\",\"position\":2,\"name\":\"Gele\u017einkelio automatikos ir elektros tiekimo sistem\u0173 \u012frengini\u0173 elektromonteris (po 12 klasi\u0173 \u2013 1 metai)\"}]},{\"@type\":\"WebSite\",\"@id\":\"https:\/\/wp.adisoft.lt\/vtdko\/en\/#website\",\"url\":\"https:\/\/wp.adisoft.lt\/vtdko\/en\/\",\"name\":\"vtdko\",\"description\":\"Vilniaus technologij\u0173 ir dizaino kolegija\",\"publisher\":{\"@id\":\"https:\/\/wp.adisoft.lt\/vtdko\/en\/#organization\"},\"potentialAction\":[{\"@type\":\"SearchAction\",\"target\":{\"@type\":\"EntryPoint\",\"urlTemplate\":\"https:\/\/wp.adisoft.lt\/vtdko\/en\/?s={search_term_string}\"},\"query-input\":\"required name=search_term_string\"}],\"inLanguage\":\"en-US\"},{\"@type\":\"Organization\",\"@id\":\"https:\/\/wp.adisoft.lt\/vtdko\/en\/#organization\",\"name\":\"vtdko\",\"url\":\"https:\/\/wp.adisoft.lt\/vtdko\/en\/\",\"logo\":{\"@type\":\"ImageObject\",\"inLanguage\":\"en-US\",\"@id\":\"https:\/\/wp.adisoft.lt\/vtdko\/en\/#\/schema\/logo\/image\/\",\"url\":\"https:\/\/wp.adisoft.lt\/vtdko\/wp-content\/uploads\/2020\/02\/Logo-su-tekstu-01.svg\",\"contentUrl\":\"https:\/\/wp.adisoft.lt\/vtdko\/wp-content\/uploads\/2020\/02\/Logo-su-tekstu-01.svg\",\"width\":151,\"height\":74,\"caption\":\"vtdko\"},\"image\":{\"@id\":\"https:\/\/wp.adisoft.lt\/vtdko\/en\/#\/schema\/logo\/image\/\"}}]}<\/script>\n<!-- \/ Yoast SEO plugin. -->","yoast_head_json":{"title":"Gele\u017einkelio automatikos ir elektros tiekimo sistem\u0173 \u012frengini\u0173 elektromonteris (po 12 klasi\u0173 \u2013 1 metai) - vtdko","robots":{"index":"noindex","follow":"follow","max-snippet":"max-snippet:-1","max-image-preview":"max-image-preview:large","max-video-preview":"max-video-preview:-1"},"og_locale":"en_US","og_type":"article","og_title":"Gele\u017einkelio automatikos ir elektros tiekimo sistem\u0173 \u012frengini\u0173 elektromonteris (po 12 klasi\u0173 \u2013 1 metai) - vtdko","og_description":"Elektromonteris (po 12 klasi\u0173 &#8211; 1 metai) Valstybinis kodas:\u00a0P43104104.\u0160vietimo sritis:\u00a0Transporto paslaugos.Apimtis ir trukm\u0117:Programa, skirta pirminiam profesiniam mokymui, 60 mokymosi kredit\u0173 \u2013 1 metai. \u00a0 I\u0161moksiu: pri\u017ei\u016br\u0117ti ir remontuoti gele\u017einkelio automatikos sistem\u0173 \u012frenginius, naudojant gele\u017einkelio automatikos sistem\u0173 schemas; taikyti norminius dokumentus, reglamentuojan\u010dius gele\u017einkelio automatikos sistem\u0173 prie\u017ei\u016br\u0105 ir remont\u0105; atlikti gele\u017einkelio centralizacijos valdymo ir kontrol\u0117s aparat\u016bros prie\u017ei\u016bros...","og_url":"https:\/\/wp.adisoft.lt\/vtdko\/en\/gelezinkelio-automatikos-ir-elektros-tiekimo-sistemu-irenginiu-elektromonteris-po-12-klasiu-1-metai\/","og_site_name":"vtdko","article_modified_time":"2023-02-04T10:58:41+00:00","twitter_card":"summary_large_image","twitter_misc":{"Est. reading time":"1 minute"},"schema":{"@context":"https:\/\/schema.org","@graph":[{"@type":"WebPage","@id":"https:\/\/wp.adisoft.lt\/vtdko\/en\/gelezinkelio-automatikos-ir-elektros-tiekimo-sistemu-irenginiu-elektromonteris-po-12-klasiu-1-metai\/","url":"https:\/\/wp.adisoft.lt\/vtdko\/en\/gelezinkelio-automatikos-ir-elektros-tiekimo-sistemu-irenginiu-elektromonteris-po-12-klasiu-1-metai\/","name":"Gele\u017einkelio automatikos ir elektros tiekimo sistem\u0173 \u012frengini\u0173 elektromonteris (po 12 klasi\u0173 \u2013 1 metai) - vtdko","isPartOf":{"@id":"https:\/\/wp.adisoft.lt\/vtdko\/en\/#website"},"datePublished":"2022-10-13T11:43:56+00:00","dateModified":"2023-02-04T10:58:41+00:00","breadcrumb":{"@id":"https:\/\/wp.adisoft.lt\/vtdko\/en\/gelezinkelio-automatikos-ir-elektros-tiekimo-sistemu-irenginiu-elektromonteris-po-12-klasiu-1-metai\/#breadcrumb"},"inLanguage":"en-US","potentialAction":[{"@type":"ReadAction","target":["https:\/\/wp.adisoft.lt\/vtdko\/en\/gelezinkelio-automatikos-ir-elektros-tiekimo-sistemu-irenginiu-elektromonteris-po-12-klasiu-1-metai\/"]}]},{"@type":"BreadcrumbList","@id":"https:\/\/wp.adisoft.lt\/vtdko\/en\/gelezinkelio-automatikos-ir-elektros-tiekimo-sistemu-irenginiu-elektromonteris-po-12-klasiu-1-metai\/#breadcrumb","itemListElement":[{"@type":"ListItem","position":1,"name":"Pagrindinis","item":"https:\/\/wp.adisoft.lt\/vtdko\/en\/pagrindinis\/"},{"@type":"ListItem","position":2,"name":"Gele\u017einkelio automatikos ir elektros tiekimo sistem\u0173 \u012frengini\u0173 elektromonteris (po 12 klasi\u0173 \u2013 1 metai)"}]},{"@type":"WebSite","@id":"https:\/\/wp.adisoft.lt\/vtdko\/en\/#website","url":"https:\/\/wp.adisoft.lt\/vtdko\/en\/","name":"vtdko","description":"Vilniaus technologij\u0173 ir dizaino kolegija","publisher":{"@id":"https:\/\/wp.adisoft.lt\/vtdko\/en\/#organization"},"potentialAction":[{"@type":"SearchAction","target":{"@type":"EntryPoint","urlTemplate":"https:\/\/wp.adisoft.lt\/vtdko\/en\/?s={search_term_string}"},"query-input":"required name=search_term_string"}],"inLanguage":"en-US"},{"@type":"Organization","@id":"https:\/\/wp.adisoft.lt\/vtdko\/en\/#organization","name":"vtdko","url":"https:\/\/wp.adisoft.lt\/vtdko\/en\/","logo":{"@type":"ImageObject","inLanguage":"en-US","@id":"https:\/\/wp.adisoft.lt\/vtdko\/en\/#\/schema\/logo\/image\/","url":"https:\/\/wp.adisoft.lt\/vtdko\/wp-content\/uploads\/2020\/02\/Logo-su-tekstu-01.svg","contentUrl":"https:\/\/wp.adisoft.lt\/vtdko\/wp-content\/uploads\/2020\/02\/Logo-su-tekstu-01.svg","width":151,"height":74,"caption":"vtdko"},"image":{"@id":"https:\/\/wp.adisoft.lt\/vtdko\/en\/#\/schema\/logo\/image\/"}}]}},"_links":{"self":[{"href":"https:\/\/wp.adisoft.lt\/vtdko\/en\/wp-json\/wp\/v2\/pages\/996046","targetHints":{"allow":["GET"]}}],"collection":[{"href":"https:\/\/wp.adisoft.lt\/vtdko\/en\/wp-json\/wp\/v2\/pages"}],"about":[{"href":"https:\/\/wp.adisoft.lt\/vtdko\/en\/wp-json\/wp\/v2\/types\/page"}],"author":[{"embeddable":true,"href":"https:\/\/wp.adisoft.lt\/vtdko\/en\/wp-json\/wp\/v2\/users\/1"}],"replies":[{"embeddable":true,"href":"https:\/\/wp.adisoft.lt\/vtdko\/en\/wp-json\/wp\/v2\/comments?post=996046"}],"version-history":[{"count":3,"href":"https:\/\/wp.adisoft.lt\/vtdko\/en\/wp-json\/wp\/v2\/pages\/996046\/revisions"}],"predecessor-version":[{"id":999900,"href":"https:\/\/wp.adisoft.lt\/vtdko\/en\/wp-json\/wp\/v2\/pages\/996046\/revisions\/999900"}],"wp:attachment":[{"href":"https:\/\/wp.adisoft.lt\/vtdko\/en\/wp-json\/wp\/v2\/media?parent=996046"}],"curies":[{"name":"wp","href":"https:\/\/api.w.org\/{rel}","templated":true}]}}