{"id":996059,"date":"2022-10-07T09:14:24","date_gmt":"2022-10-07T06:14:24","guid":{"rendered":"https:\/\/wp.adisoft.lt\/vtdko\/e-makauskaites-galaburdes-istorija-po-studiju-i-vadoves-pareigas\/"},"modified":"2022-10-07T09:14:24","modified_gmt":"2022-10-07T06:14:24","slug":"e-makauskaites-galaburdes-istorija-po-studiju-i-vadoves-pareigas","status":"publish","type":"page","link":"https:\/\/wp.adisoft.lt\/vtdko\/en\/absolventu-sekmes-istorijos\/e-makauskaites-galaburdes-istorija-po-studiju-i-vadoves-pareigas\/","title":{"rendered":"E. Makauskait\u0117s-Galaburd\u0117s istorija: po studij\u0173 \u2013 \u012f vadov\u0117s pareigas"},"content":{"rendered":"\t\t<div data-elementor-type=\"wp-page\" data-elementor-id=\"996059\" class=\"elementor elementor-996059 elementor-989350\">\n\t\t\t\t\t\t\t\t\t<section class=\"elementor-section elementor-top-section elementor-element elementor-element-2ebe31f elementor-section-height-min-height elementor-section-boxed elementor-section-height-default elementor-section-items-middle\" data-id=\"2ebe31f\" data-element_type=\"section\" data-settings=\"{&quot;background_background&quot;:&quot;classic&quot;,&quot;animation&quot;:&quot;none&quot;}\">\n\t\t\t\t\t\t<div class=\"elementor-container elementor-column-gap-default\">\n\t\t\t\t\t<div class=\"elementor-column elementor-col-100 elementor-top-column elementor-element elementor-element-5d79948\" data-id=\"5d79948\" data-element_type=\"column\" data-settings=\"{&quot;background_background&quot;:&quot;classic&quot;}\">\n\t\t\t<div class=\"elementor-widget-wrap\">\n\t\t\t\t\t\t\t\t\t<\/div>\n\t\t<\/div>\n\t\t\t\t\t\t\t<\/div>\n\t\t<\/section>\n\t\t\t\t<section class=\"elementor-section elementor-top-section elementor-element elementor-element-d2313e3 elementor-section-boxed elementor-section-height-default elementor-section-height-default\" data-id=\"d2313e3\" data-element_type=\"section\" data-settings=\"{&quot;animation&quot;:&quot;none&quot;,&quot;animation_tablet&quot;:&quot;none&quot;,&quot;animation_mobile&quot;:&quot;none&quot;}\">\n\t\t\t\t\t\t<div class=\"elementor-container elementor-column-gap-no\">\n\t\t\t\t\t<div class=\"elementor-column elementor-col-50 elementor-top-column elementor-element elementor-element-6e2a985 animated-fast elementor-invisible\" data-id=\"6e2a985\" data-element_type=\"column\" data-settings=\"{&quot;background_background&quot;:&quot;classic&quot;,&quot;animation&quot;:&quot;fadeIn&quot;,&quot;animation_delay&quot;:100}\">\n\t\t\t<div class=\"elementor-widget-wrap elementor-element-populated\">\n\t\t\t\t\t\t\t\t<div class=\"elementor-element elementor-element-aacdbc2 elementor-widget__width-auto elementor-widget-tablet__width-auto elementor-widget-mobile__width-inherit elementor-widget elementor-widget-heading\" data-id=\"aacdbc2\" data-element_type=\"widget\" data-settings=\"{&quot;_animation&quot;:&quot;none&quot;,&quot;_animation_delay&quot;:200}\" data-widget_type=\"heading.heading_charityfy\">\n\t\t\t\t<div class=\"elementor-widget-container\">\n\t\t\t<h1 class=\"elementor-heading-title elementor-size-default\">E. Makauskait\u0117s-Galaburd\u0117s istorija<\/h1>\t\t<\/div>\n\t\t\t\t<\/div>\n\t\t\t\t<div class=\"elementor-element elementor-element-e92c2a5 elementor-widget elementor-widget-text-editor\" data-id=\"e92c2a5\" data-element_type=\"widget\" data-settings=\"{&quot;_animation&quot;:&quot;none&quot;,&quot;_animation_delay&quot;:300}\" data-widget_type=\"text-editor.default\">\n\t\t\t\t<div class=\"elementor-widget-container\">\n\t\t\t\t\t\t\t<p>Vilniaus technologij\u0173 ir dizaino kolegija \u2013 \u010dia hobis virsta profesija!<\/p>\t\t\t\t\t\t<\/div>\n\t\t\t\t<\/div>\n\t\t\t\t\t<\/div>\n\t\t<\/div>\n\t\t\t\t<div class=\"elementor-column elementor-col-50 elementor-top-column elementor-element elementor-element-bed8b5f elementor-hidden-desktop elementor-hidden-tablet elementor-hidden-phone\" data-id=\"bed8b5f\" data-element_type=\"column\">\n\t\t\t<div class=\"elementor-widget-wrap\">\n\t\t\t\t\t\t\t\t\t<\/div>\n\t\t<\/div>\n\t\t\t\t\t\t\t<\/div>\n\t\t<\/section>\n\t\t\t\t<section class=\"elementor-section elementor-top-section elementor-element elementor-element-d07599f elementor-section-boxed elementor-section-height-default elementor-section-height-default\" data-id=\"d07599f\" data-element_type=\"section\">\n\t\t\t\t\t\t<div class=\"elementor-container elementor-column-gap-default\">\n\t\t\t\t\t<div class=\"elementor-column elementor-col-100 elementor-top-column elementor-element elementor-element-ac27f23\" data-id=\"ac27f23\" data-element_type=\"column\">\n\t\t\t<div class=\"elementor-widget-wrap elementor-element-populated\">\n\t\t\t\t\t\t\t\t\t<\/div>\n\t\t<\/div>\n\t\t\t\t\t\t\t<\/div>\n\t\t<\/section>\n\t\t\t\t<section class=\"elementor-section elementor-top-section elementor-element elementor-element-9634c22 elementor-section-boxed elementor-section-height-default elementor-section-height-default\" data-id=\"9634c22\" data-element_type=\"section\">\n\t\t\t\t\t\t<div class=\"elementor-container elementor-column-gap-default\">\n\t\t\t\t\t<div class=\"elementor-column elementor-col-100 elementor-top-column elementor-element elementor-element-6fffbb1\" data-id=\"6fffbb1\" data-element_type=\"column\">\n\t\t\t<div class=\"elementor-widget-wrap elementor-element-populated\">\n\t\t\t\t\t\t\t\t<div class=\"elementor-element elementor-element-c2a7007 elementor-widget elementor-widget-text-editor\" data-id=\"c2a7007\" data-element_type=\"widget\" data-widget_type=\"text-editor.default\">\n\t\t\t\t<div class=\"elementor-widget-container\">\n\t\t\t\t\t\t\t<p><strong>Da\u017enas svajojame apie s\u0117kming\u0105 karjer\u0105 jau nuo pirm\u0173j\u0173 \u017eingsni\u0173 darbo rinkoje. Vieniems pasiseka anks\u010diau, kitiems \u2013 v\u0117liau, bet Vilniaus technologij\u0173 ir dizaino kolegijos (VTDK) absolvent\u0117 Emilija Makauskait\u0117-Galaburd\u0117 tikrai turi k\u0105 papasakoti \u2013 vos atsi\u0117musi studij\u0173 diplom\u0105 \u012fsidarbino vadov\u0117s pareigose.<\/strong><\/p><p>2012 metai Grafinio dizaino studij\u0173 programos absolventei buvo itin \u012fsimintini: ji ne tik baig\u0117 studijas VTDK, bet ir \u012fsidarbino \u201eIKEA\u201c Grafinio dizaino skyriaus vadove. \u201eKaip visai neseniai juokavo generalinis direktorius, visi galvojo, jog jis pami\u0161\u0119s, nes nori \u012f vadovo pareigas pasamdyti itin jaun\u0105 \u017emog\u0173, ta\u010diau, kaip pats teig\u0117, \u0161io sprendimo nesigail\u0117jo nei minutei\u201c, \u2013 pasakoja E. Makauskait\u0117-Galaburd\u0117.<\/p><p><strong><em>Baig\u0117te Grafinio dizaino studij\u0173 program\u0105 Vilniaus technologij\u0173 ir dizaino kolegijoje. Koki\u0105 prid\u0117tin\u0119 vert\u0119 J\u016bs\u0173 karjerai \u0161ios studijos tur\u0117jo?<\/em><\/strong><\/p><p>Manau, did\u017eiausia prid\u0117tin\u0117 vert\u0117 buvo ta, kad \u0161ios studijos man pad\u0117jo susirasti darb\u0105. Kaip tik tuo metu, kai a\u0161 studijavau tre\u010diame kurse, \u012f Lietuvos rink\u0105 ruo\u0161\u0117si ateiti \u201eIKEA\u201c ir ie\u0161kojo darbuotoj\u0173. J\u0173 paie\u0161k\u0105 vykd\u0117 ne tik skelbim\u0173 portaluose, bet ir mokymo \u012fstaigose. Taigi, kreip\u0117si ir \u012f VTDK, o Grafinio dizaino katedros ved\u0117jas Jonas Malinauskas rekomendavo mane, u\u017e k\u0105 esu jam labai d\u0117kinga. \u017dinoma, darbo, ko gero, neb\u016b\u010diau gavusi ir be pa\u010dios \u012fdirbio ir pastang\u0173.<\/p><p><strong>Gal turite \u0161ilt\u0173 ar linksm\u0173 atsiminim\u0173 i\u0161 studij\u0173 laik\u0173? Papasakokite apie juos.<\/strong><\/p><p>Studij\u0173 laikai vienareik\u0161mi\u0161kai buvo smagiausias etapas mano gyvenime. Geriausia, kas nutiko studij\u0173 metu, yra \u017emon\u0117s, su kuriais susipa\u017einau ir su kuriais dar dabar palaikome \u0161iltus santykius.<\/p>\t\t\t\t\t\t<\/div>\n\t\t\t\t<\/div>\n\t\t\t\t\t<\/div>\n\t\t<\/div>\n\t\t\t\t\t\t\t<\/div>\n\t\t<\/section>\n\t\t\t\t<section class=\"elementor-section elementor-top-section elementor-element elementor-element-3fad0fc elementor-section-boxed elementor-section-height-default elementor-section-height-default\" data-id=\"3fad0fc\" data-element_type=\"section\">\n\t\t\t\t\t\t<div class=\"elementor-container elementor-column-gap-default\">\n\t\t\t\t\t<div class=\"elementor-column elementor-col-100 elementor-top-column elementor-element elementor-element-fa6b5db\" data-id=\"fa6b5db\" data-element_type=\"column\">\n\t\t\t<div class=\"elementor-widget-wrap elementor-element-populated\">\n\t\t\t\t\t\t\t\t<div class=\"elementor-element elementor-element-6dda135 elementor-widget elementor-widget-image\" data-id=\"6dda135\" data-element_type=\"widget\" data-widget_type=\"image.default\">\n\t\t\t\t<div class=\"elementor-widget-container\">\n\t\t\t\t\t\t\t<div class=\"elementor-image\">\n\t\t\t\t\t\t\t\t\t\t\t\t\t\t\t\t<figure class=\"wp-caption\">\n\t\t\t\t\t\t\t\t\t\t\t\t\t\t\t\t<img loading=\"lazy\" decoding=\"async\" width=\"768\" height=\"512\" src=\"https:\/\/wp.adisoft.lt\/vtdko\/wp-content\/uploads\/2022\/10\/Makauskaite\u0307-Galaburde\u0307-768x512.jpeg\" class=\"attachment-medium_large size-medium_large\" alt=\"E. Makauskait\u0117-Galaburd\u0117\" srcset=\"https:\/\/wp.adisoft.lt\/vtdko\/wp-content\/uploads\/2022\/10\/Makauskaite\u0307-Galaburde\u0307-768x512.jpeg 768w, https:\/\/wp.adisoft.lt\/vtdko\/wp-content\/uploads\/2022\/10\/Makauskaite\u0307-Galaburde\u0307-300x200.jpeg 300w, https:\/\/wp.adisoft.lt\/vtdko\/wp-content\/uploads\/2022\/10\/Makauskaite\u0307-Galaburde\u0307-1024x683.jpeg 1024w, https:\/\/wp.adisoft.lt\/vtdko\/wp-content\/uploads\/2022\/10\/Makauskaite\u0307-Galaburde\u0307-1536x1024.jpeg 1536w, https:\/\/wp.adisoft.lt\/vtdko\/wp-content\/uploads\/2022\/10\/Makauskaite\u0307-Galaburde\u0307.jpeg 2048w\" sizes=\"auto, (max-width: 768px) 100vw, 768px\" \/>\t\t\t\t\t\t\t\t\t\t\t\t\t\t\t\t\t<figcaption class=\"widget-image-caption wp-caption-text\">E. Makauskait\u0117-Galaburd\u0117 \/ Asmeninio archyvo nuotr.<\/figcaption>\n\t\t\t\t\t\t\t\t\t\t\t\t\t\t\t\t<\/figure>\n\t\t\t\t\t\t\t\t\t\t\t\t\t\t<\/div>\n\t\t\t\t\t\t<\/div>\n\t\t\t\t<\/div>\n\t\t\t\t\t<\/div>\n\t\t<\/div>\n\t\t\t\t\t\t\t<\/div>\n\t\t<\/section>\n\t\t\t\t<section class=\"elementor-section elementor-top-section elementor-element elementor-element-5476693 elementor-section-boxed elementor-section-height-default elementor-section-height-default\" data-id=\"5476693\" data-element_type=\"section\">\n\t\t\t\t\t\t<div class=\"elementor-container elementor-column-gap-default\">\n\t\t\t\t\t<div class=\"elementor-column elementor-col-100 elementor-top-column elementor-element elementor-element-a324b4a\" data-id=\"a324b4a\" data-element_type=\"column\">\n\t\t\t<div class=\"elementor-widget-wrap elementor-element-populated\">\n\t\t\t\t\t\t\t\t<div class=\"elementor-element elementor-element-b4078c8 elementor-widget elementor-widget-text-editor\" data-id=\"b4078c8\" data-element_type=\"widget\" data-widget_type=\"text-editor.default\">\n\t\t\t\t<div class=\"elementor-widget-container\">\n\t\t\t\t\t\t\t<p><strong>Su kokiais i\u0161\u0161\u016bkiais susid\u016br\u0117te savo pirmajame darbe?<\/strong><\/p><p>Prad\u0117jus darb\u0105 i\u0161\u0161\u016bkiai buvo vos ne kiekviename \u017eingsnyje, nes tai buvo pirmas mano \u201enormalus\u201c pagal specialyb\u0119 darbas. Ko gero did\u017eiausias i\u0161\u0161\u016bkis buvo nusisamdyti sau komand\u0105, dalyvauti ir vesti darbo pokalbius, o tuomet \u017emones apmokyti.<\/p><p><strong><em>Papasakokite daugiau apie savo karjer\u0105 ir jos vingius.<\/em><\/strong><\/p><p>\u201eIKEA\u201c organizacin\u0117 strukt\u016bra yra gana horizontali: \u0161ioje vietoje karjera yra ne kilimas \u012f auk\u0161tesnes pozicijas, o tobul\u0117jimas ir \u0117jimas \u201egilyn\u201c \u012f savo kaip eksperto pozicij\u0105. Jau septynerius metus dirbu Grafinio dizaino skyriaus vadov\u0117s pareigose, bet darbo pob\u016bdis laikui b\u0117gant kito. Prad\u0117jau darb\u0105 b\u016bdama \u0161iame skyriuje viena, dabar jau esame penki\u0173 \u017emoni\u0173 komanda.<\/p><p>I\u0161 pat prad\u017ei\u0173 buvo labai daug mokymosi ir gilinimosi \u012f \u012fmon\u0117s vizualinio identiteto gaires, ai\u0161kinimosi, kaip apskritai dirbti su \u0161iuo prek\u0117s \u017eenklu. Tuomet buvo labai \u012fdomus parduotuv\u0117s planavimo etapas su \u012fmon\u0117s ekspertais ir dizaineriais \u0160vedijoje, visas statyb\u0173 ir \u012fgyvendinimo etapas. V\u0117liau sek\u0117 proces\u0173 k\u016brimas, ai\u0161kinimasis, kaip kasdieniame darbe dirbti su \u012fvairiais skyriais. O kai visi pagrindiniai procesai jau buvo ai\u0161k\u016bs, prasid\u0117jo pl\u0117tros projektai tiek Lietuvoje, tiek Pabaltyje. Svarbus laikotarpis buvo pa\u010dios kaip vadov\u0117s augimas ir supratimas, k\u0105 rei\u0161kia tur\u0117ti komand\u0105, kuri\u0105 reikia ugdyti bei vesti \u012f priek\u012f. Tai, ko gero, ir yra mano \u201earkliukas\u201c \u0161iuo metu \u2013 \u017emoni\u0173 ugdymas ir teisingo \u201eIKEA\u201c identiteto skleidimas.<\/p><p><strong>Papasakokite, kokia yra grafinio dizainerio kasdienyb\u0117: darbo valandos, k\u016bryba ir rutina.<\/strong><\/p><p>Asmeni\u0161kai a\u0161 jau\u010diuosi jau nutolusi nuo pa\u010dio grafinio dizaino, nes esu vadovaujan\u010dioje pozicijoje, kur kurti dizain\u0105 ar maketuoti su programomis yra ma\u017eoji mano darbo dalis. Ta\u010diau \u201eIKEA\u201c grafikos dizaineris, b\u016btent i\u0161 Komunikacijos ir Interjero dizaino skyriaus, yra specialistas, atsakingas u\u017e vidin\u0119 komunikacij\u0105 parduotuv\u0117je bei preki\u0173 u\u017esakymo ir atsi\u0117mimo punktuose Klaip\u0117doje ir Kaune. Mes esame atsakingi u\u017e tai, kad pirk\u0117jas lengvai naviguot\u0173 parduotuv\u0117je ir rast\u0173 vis\u0105 reikiam\u0105 informacij\u0105 laiku ir vietoje, kai jam jos reikia.<\/p><p>\u0160is darbas yra \u012fdomus tuo, kad tarp rutini\u0161k\u0173 kasdieni\u0173 darb\u0173 visada b\u016bna nauj\u0173 projekt\u0173, esi \u012fgalintas si\u016blyti, kaip pagerinti esamus ar \u012fdiegti naujus dalykus. Ir apskritai, darbas prekybiniame sektoriuje yra labai dinami\u0161kas, reikalaujantis bendravimo \u012fg\u016bd\u017ei\u0173, greitos reakcijos bei susitvarkymo su stresin\u0117mis situacijomis.<\/p><p>K\u016brybos \u0161ioje pozicijoje yra, bet ji yra labiau susijusi su kliento patir\u010di\u0173 dizainu. Ta\u010diau, kai pasiilgstu k\u016brybos, laisvalaikiu u\u017esiimu papildomomis veiklomis \u2013 vystau savo keramikini\u0173 papuo\u0161al\u0173<a href=\"https:\/\/specialsceramics.com\/\" target=\"_blank\" rel=\"noopener\">\u00a0prek\u0117s \u017eenkl\u0105 \u201eSpecials ceramics\u201c<\/a>.\u00a0<\/p><p><strong>Ko palink\u0117tum\u0117te studentams, kurie susiduria su vienokiais ar kitokiais sunkumais, baim\u0117mis ar abejon\u0117mis?<\/strong><\/p><p>Nebijoti b\u016bti dr\u0105siems ir veikliems, nes po kiek laiko, atsiminus savo baimes, suprasi, kad tikrai nebuvo verta tiek nerimauti ar jaudintis. Taip pat linkiu \u0161v\u0119sti gyvenim\u0105, kol jaunas!<\/p>\t\t\t\t\t\t<\/div>\n\t\t\t\t<\/div>\n\t\t\t\t\t<\/div>\n\t\t<\/div>\n\t\t\t\t\t\t\t<\/div>\n\t\t<\/section>\n\t\t\t\t\t\t\t<\/div>\n\t\t","protected":false},"excerpt":{"rendered":"<p>E. Makauskait\u0117s-Galaburd\u0117s istorija Vilniaus technologij\u0173 ir dizaino kolegija \u2013 \u010dia hobis virsta profesija! Da\u017enas svajojame apie s\u0117kming\u0105 karjer\u0105 jau nuo pirm\u0173j\u0173 \u017eingsni\u0173 darbo rinkoje. Vieniems pasiseka anks\u010diau, kitiems \u2013 v\u0117liau, bet Vilniaus technologij\u0173 ir dizaino kolegijos (VTDK) absolvent\u0117 Emilija Makauskait\u0117-Galaburd\u0117 tikrai turi k\u0105 papasakoti \u2013 vos atsi\u0117musi studij\u0173 diplom\u0105 \u012fsidarbino vadov\u0117s pareigose. 2012 metai Grafinio&#8230;<\/p>\n","protected":false},"author":1,"featured_media":0,"parent":996068,"menu_order":0,"comment_status":"closed","ping_status":"closed","template":"","meta":{"inline_featured_image":false,"footnotes":""},"class_list":["post-996059","page","type-page","status-publish","hentry"],"yoast_head":"<!-- This site is optimized with the Yoast SEO plugin v19.12 - https:\/\/yoast.com\/wordpress\/plugins\/seo\/ -->\n<title>E. Makauskait\u0117s-Galaburd\u0117s istorija: po studij\u0173 \u2013 \u012f vadov\u0117s pareigas - vtdko<\/title>\n<meta name=\"robots\" content=\"noindex, follow, max-snippet:-1, max-image-preview:large, max-video-preview:-1\" \/>\n<meta property=\"og:locale\" content=\"en_US\" \/>\n<meta property=\"og:type\" content=\"article\" \/>\n<meta property=\"og:title\" content=\"E. Makauskait\u0117s-Galaburd\u0117s istorija: po studij\u0173 \u2013 \u012f vadov\u0117s pareigas - vtdko\" \/>\n<meta property=\"og:description\" content=\"E. Makauskait\u0117s-Galaburd\u0117s istorija Vilniaus technologij\u0173 ir dizaino kolegija \u2013 \u010dia hobis virsta profesija! Da\u017enas svajojame apie s\u0117kming\u0105 karjer\u0105 jau nuo pirm\u0173j\u0173 \u017eingsni\u0173 darbo rinkoje. Vieniems pasiseka anks\u010diau, kitiems \u2013 v\u0117liau, bet Vilniaus technologij\u0173 ir dizaino kolegijos (VTDK) absolvent\u0117 Emilija Makauskait\u0117-Galaburd\u0117 tikrai turi k\u0105 papasakoti \u2013 vos atsi\u0117musi studij\u0173 diplom\u0105 \u012fsidarbino vadov\u0117s pareigose. 2012 metai Grafinio...\" \/>\n<meta property=\"og:url\" content=\"https:\/\/wp.adisoft.lt\/vtdko\/en\/absolventu-sekmes-istorijos\/e-makauskaites-galaburdes-istorija-po-studiju-i-vadoves-pareigas\/\" \/>\n<meta property=\"og:site_name\" content=\"vtdko\" \/>\n<meta name=\"twitter:card\" content=\"summary_large_image\" \/>\n<meta name=\"twitter:label1\" content=\"Est. reading time\" \/>\n\t<meta name=\"twitter:data1\" content=\"4 minutes\" \/>\n<script type=\"application\/ld+json\" class=\"yoast-schema-graph\">{\"@context\":\"https:\/\/schema.org\",\"@graph\":[{\"@type\":\"WebPage\",\"@id\":\"https:\/\/wp.adisoft.lt\/vtdko\/en\/absolventu-sekmes-istorijos\/e-makauskaites-galaburdes-istorija-po-studiju-i-vadoves-pareigas\/\",\"url\":\"https:\/\/wp.adisoft.lt\/vtdko\/en\/absolventu-sekmes-istorijos\/e-makauskaites-galaburdes-istorija-po-studiju-i-vadoves-pareigas\/\",\"name\":\"E. Makauskait\u0117s-Galaburd\u0117s istorija: po studij\u0173 \u2013 \u012f vadov\u0117s pareigas - vtdko\",\"isPartOf\":{\"@id\":\"https:\/\/wp.adisoft.lt\/vtdko\/en\/#website\"},\"datePublished\":\"2022-10-07T06:14:24+00:00\",\"dateModified\":\"2022-10-07T06:14:24+00:00\",\"breadcrumb\":{\"@id\":\"https:\/\/wp.adisoft.lt\/vtdko\/en\/absolventu-sekmes-istorijos\/e-makauskaites-galaburdes-istorija-po-studiju-i-vadoves-pareigas\/#breadcrumb\"},\"inLanguage\":\"en-US\",\"potentialAction\":[{\"@type\":\"ReadAction\",\"target\":[\"https:\/\/wp.adisoft.lt\/vtdko\/en\/absolventu-sekmes-istorijos\/e-makauskaites-galaburdes-istorija-po-studiju-i-vadoves-pareigas\/\"]}]},{\"@type\":\"BreadcrumbList\",\"@id\":\"https:\/\/wp.adisoft.lt\/vtdko\/en\/absolventu-sekmes-istorijos\/e-makauskaites-galaburdes-istorija-po-studiju-i-vadoves-pareigas\/#breadcrumb\",\"itemListElement\":[{\"@type\":\"ListItem\",\"position\":1,\"name\":\"Pagrindinis\",\"item\":\"https:\/\/wp.adisoft.lt\/vtdko\/en\/pagrindinis\/\"},{\"@type\":\"ListItem\",\"position\":2,\"name\":\"Absolvent\u0173 sekm\u0117s istorijos\",\"item\":\"https:\/\/wp.adisoft.lt\/vtdko\/en\/absolventu-sekmes-istorijos\/\"},{\"@type\":\"ListItem\",\"position\":3,\"name\":\"E. Makauskait\u0117s-Galaburd\u0117s istorija: po studij\u0173 \u2013 \u012f vadov\u0117s pareigas\"}]},{\"@type\":\"WebSite\",\"@id\":\"https:\/\/wp.adisoft.lt\/vtdko\/en\/#website\",\"url\":\"https:\/\/wp.adisoft.lt\/vtdko\/en\/\",\"name\":\"vtdko\",\"description\":\"Vilniaus technologij\u0173 ir dizaino kolegija\",\"publisher\":{\"@id\":\"https:\/\/wp.adisoft.lt\/vtdko\/en\/#organization\"},\"potentialAction\":[{\"@type\":\"SearchAction\",\"target\":{\"@type\":\"EntryPoint\",\"urlTemplate\":\"https:\/\/wp.adisoft.lt\/vtdko\/en\/?s={search_term_string}\"},\"query-input\":\"required name=search_term_string\"}],\"inLanguage\":\"en-US\"},{\"@type\":\"Organization\",\"@id\":\"https:\/\/wp.adisoft.lt\/vtdko\/en\/#organization\",\"name\":\"vtdko\",\"url\":\"https:\/\/wp.adisoft.lt\/vtdko\/en\/\",\"logo\":{\"@type\":\"ImageObject\",\"inLanguage\":\"en-US\",\"@id\":\"https:\/\/wp.adisoft.lt\/vtdko\/en\/#\/schema\/logo\/image\/\",\"url\":\"https:\/\/wp.adisoft.lt\/vtdko\/wp-content\/uploads\/2020\/02\/Logo-su-tekstu-01.svg\",\"contentUrl\":\"https:\/\/wp.adisoft.lt\/vtdko\/wp-content\/uploads\/2020\/02\/Logo-su-tekstu-01.svg\",\"width\":151,\"height\":74,\"caption\":\"vtdko\"},\"image\":{\"@id\":\"https:\/\/wp.adisoft.lt\/vtdko\/en\/#\/schema\/logo\/image\/\"}}]}<\/script>\n<!-- \/ Yoast SEO plugin. -->","yoast_head_json":{"title":"E. Makauskait\u0117s-Galaburd\u0117s istorija: po studij\u0173 \u2013 \u012f vadov\u0117s pareigas - vtdko","robots":{"index":"noindex","follow":"follow","max-snippet":"max-snippet:-1","max-image-preview":"max-image-preview:large","max-video-preview":"max-video-preview:-1"},"og_locale":"en_US","og_type":"article","og_title":"E. Makauskait\u0117s-Galaburd\u0117s istorija: po studij\u0173 \u2013 \u012f vadov\u0117s pareigas - vtdko","og_description":"E. Makauskait\u0117s-Galaburd\u0117s istorija Vilniaus technologij\u0173 ir dizaino kolegija \u2013 \u010dia hobis virsta profesija! Da\u017enas svajojame apie s\u0117kming\u0105 karjer\u0105 jau nuo pirm\u0173j\u0173 \u017eingsni\u0173 darbo rinkoje. Vieniems pasiseka anks\u010diau, kitiems \u2013 v\u0117liau, bet Vilniaus technologij\u0173 ir dizaino kolegijos (VTDK) absolvent\u0117 Emilija Makauskait\u0117-Galaburd\u0117 tikrai turi k\u0105 papasakoti \u2013 vos atsi\u0117musi studij\u0173 diplom\u0105 \u012fsidarbino vadov\u0117s pareigose. 2012 metai Grafinio...","og_url":"https:\/\/wp.adisoft.lt\/vtdko\/en\/absolventu-sekmes-istorijos\/e-makauskaites-galaburdes-istorija-po-studiju-i-vadoves-pareigas\/","og_site_name":"vtdko","twitter_card":"summary_large_image","twitter_misc":{"Est. reading time":"4 minutes"},"schema":{"@context":"https:\/\/schema.org","@graph":[{"@type":"WebPage","@id":"https:\/\/wp.adisoft.lt\/vtdko\/en\/absolventu-sekmes-istorijos\/e-makauskaites-galaburdes-istorija-po-studiju-i-vadoves-pareigas\/","url":"https:\/\/wp.adisoft.lt\/vtdko\/en\/absolventu-sekmes-istorijos\/e-makauskaites-galaburdes-istorija-po-studiju-i-vadoves-pareigas\/","name":"E. Makauskait\u0117s-Galaburd\u0117s istorija: po studij\u0173 \u2013 \u012f vadov\u0117s pareigas - vtdko","isPartOf":{"@id":"https:\/\/wp.adisoft.lt\/vtdko\/en\/#website"},"datePublished":"2022-10-07T06:14:24+00:00","dateModified":"2022-10-07T06:14:24+00:00","breadcrumb":{"@id":"https:\/\/wp.adisoft.lt\/vtdko\/en\/absolventu-sekmes-istorijos\/e-makauskaites-galaburdes-istorija-po-studiju-i-vadoves-pareigas\/#breadcrumb"},"inLanguage":"en-US","potentialAction":[{"@type":"ReadAction","target":["https:\/\/wp.adisoft.lt\/vtdko\/en\/absolventu-sekmes-istorijos\/e-makauskaites-galaburdes-istorija-po-studiju-i-vadoves-pareigas\/"]}]},{"@type":"BreadcrumbList","@id":"https:\/\/wp.adisoft.lt\/vtdko\/en\/absolventu-sekmes-istorijos\/e-makauskaites-galaburdes-istorija-po-studiju-i-vadoves-pareigas\/#breadcrumb","itemListElement":[{"@type":"ListItem","position":1,"name":"Pagrindinis","item":"https:\/\/wp.adisoft.lt\/vtdko\/en\/pagrindinis\/"},{"@type":"ListItem","position":2,"name":"Absolvent\u0173 sekm\u0117s istorijos","item":"https:\/\/wp.adisoft.lt\/vtdko\/en\/absolventu-sekmes-istorijos\/"},{"@type":"ListItem","position":3,"name":"E. Makauskait\u0117s-Galaburd\u0117s istorija: po studij\u0173 \u2013 \u012f vadov\u0117s pareigas"}]},{"@type":"WebSite","@id":"https:\/\/wp.adisoft.lt\/vtdko\/en\/#website","url":"https:\/\/wp.adisoft.lt\/vtdko\/en\/","name":"vtdko","description":"Vilniaus technologij\u0173 ir dizaino kolegija","publisher":{"@id":"https:\/\/wp.adisoft.lt\/vtdko\/en\/#organization"},"potentialAction":[{"@type":"SearchAction","target":{"@type":"EntryPoint","urlTemplate":"https:\/\/wp.adisoft.lt\/vtdko\/en\/?s={search_term_string}"},"query-input":"required name=search_term_string"}],"inLanguage":"en-US"},{"@type":"Organization","@id":"https:\/\/wp.adisoft.lt\/vtdko\/en\/#organization","name":"vtdko","url":"https:\/\/wp.adisoft.lt\/vtdko\/en\/","logo":{"@type":"ImageObject","inLanguage":"en-US","@id":"https:\/\/wp.adisoft.lt\/vtdko\/en\/#\/schema\/logo\/image\/","url":"https:\/\/wp.adisoft.lt\/vtdko\/wp-content\/uploads\/2020\/02\/Logo-su-tekstu-01.svg","contentUrl":"https:\/\/wp.adisoft.lt\/vtdko\/wp-content\/uploads\/2020\/02\/Logo-su-tekstu-01.svg","width":151,"height":74,"caption":"vtdko"},"image":{"@id":"https:\/\/wp.adisoft.lt\/vtdko\/en\/#\/schema\/logo\/image\/"}}]}},"_links":{"self":[{"href":"https:\/\/wp.adisoft.lt\/vtdko\/en\/wp-json\/wp\/v2\/pages\/996059","targetHints":{"allow":["GET"]}}],"collection":[{"href":"https:\/\/wp.adisoft.lt\/vtdko\/en\/wp-json\/wp\/v2\/pages"}],"about":[{"href":"https:\/\/wp.adisoft.lt\/vtdko\/en\/wp-json\/wp\/v2\/types\/page"}],"author":[{"embeddable":true,"href":"https:\/\/wp.adisoft.lt\/vtdko\/en\/wp-json\/wp\/v2\/users\/1"}],"replies":[{"embeddable":true,"href":"https:\/\/wp.adisoft.lt\/vtdko\/en\/wp-json\/wp\/v2\/comments?post=996059"}],"version-history":[{"count":0,"href":"https:\/\/wp.adisoft.lt\/vtdko\/en\/wp-json\/wp\/v2\/pages\/996059\/revisions"}],"up":[{"embeddable":true,"href":"https:\/\/wp.adisoft.lt\/vtdko\/en\/wp-json\/wp\/v2\/pages\/996068"}],"wp:attachment":[{"href":"https:\/\/wp.adisoft.lt\/vtdko\/en\/wp-json\/wp\/v2\/media?parent=996059"}],"curies":[{"name":"wp","href":"https:\/\/api.w.org\/{rel}","templated":true}]}}