{"id":996079,"date":"2022-10-06T09:03:42","date_gmt":"2022-10-06T06:03:42","guid":{"rendered":"https:\/\/wp.adisoft.lt\/vtdko\/2010-2011-s-m-akredituotos-vilniaus-technologiju-ir-dizaino-kolegijos-studiju-programos\/"},"modified":"2022-10-06T09:03:42","modified_gmt":"2022-10-06T06:03:42","slug":"2010-2011-s-m-akredituotos-vilniaus-technologiju-ir-dizaino-kolegijos-studiju-programos","status":"publish","type":"page","link":"https:\/\/wp.adisoft.lt\/vtdko\/en\/2010-2011-s-m-akredituotos-vilniaus-technologiju-ir-dizaino-kolegijos-studiju-programos\/","title":{"rendered":"2010\u20132011 s.m. Vilniaus technologij\u0173 ir dizaino kolegijos i\u0161orinis studij\u0173 program\u0173 vertinimas"},"content":{"rendered":"\t\t<div data-elementor-type=\"wp-page\" data-elementor-id=\"996079\" class=\"elementor elementor-996079 elementor-989049\">\n\t\t\t\t\t\t\t\t\t<section class=\"elementor-section elementor-top-section elementor-element elementor-element-6301752 elementor-section-height-min-height elementor-section-boxed elementor-section-height-default elementor-section-items-middle\" data-id=\"6301752\" data-element_type=\"section\" data-settings=\"{&quot;background_background&quot;:&quot;classic&quot;,&quot;animation&quot;:&quot;none&quot;}\">\n\t\t\t\t\t\t<div class=\"elementor-container elementor-column-gap-default\">\n\t\t\t\t\t<div class=\"elementor-column elementor-col-100 elementor-top-column elementor-element elementor-element-6e27e1c\" data-id=\"6e27e1c\" data-element_type=\"column\" data-settings=\"{&quot;background_background&quot;:&quot;classic&quot;}\">\n\t\t\t<div class=\"elementor-widget-wrap\">\n\t\t\t\t\t\t\t\t\t<\/div>\n\t\t<\/div>\n\t\t\t\t\t\t\t<\/div>\n\t\t<\/section>\n\t\t\t\t<section class=\"elementor-section elementor-top-section elementor-element elementor-element-ed5b715 elementor-section-boxed elementor-section-height-default elementor-section-height-default\" data-id=\"ed5b715\" data-element_type=\"section\" data-settings=\"{&quot;animation&quot;:&quot;none&quot;,&quot;animation_tablet&quot;:&quot;none&quot;,&quot;animation_mobile&quot;:&quot;none&quot;}\">\n\t\t\t\t\t\t<div class=\"elementor-container elementor-column-gap-no\">\n\t\t\t\t\t<div class=\"elementor-column elementor-col-50 elementor-top-column elementor-element elementor-element-b83894f animated-fast elementor-invisible\" data-id=\"b83894f\" data-element_type=\"column\" data-settings=\"{&quot;background_background&quot;:&quot;classic&quot;,&quot;animation&quot;:&quot;fadeIn&quot;,&quot;animation_delay&quot;:100}\">\n\t\t\t<div class=\"elementor-widget-wrap elementor-element-populated\">\n\t\t\t\t\t\t\t\t<div class=\"elementor-element elementor-element-a7cf65e elementor-widget__width-auto elementor-widget-tablet__width-auto elementor-widget-mobile__width-inherit elementor-widget elementor-widget-heading\" data-id=\"a7cf65e\" data-element_type=\"widget\" data-settings=\"{&quot;_animation&quot;:&quot;none&quot;,&quot;_animation_delay&quot;:200}\" data-widget_type=\"heading.heading_charityfy\">\n\t\t\t\t<div class=\"elementor-widget-container\">\n\t\t\t<h1 class=\"elementor-heading-title elementor-size-default\">I\u0161orinis studij\u0173 program\u0173 vertinimas<\/h1>\t\t<\/div>\n\t\t\t\t<\/div>\n\t\t\t\t<div class=\"elementor-element elementor-element-46265ab elementor-widget elementor-widget-text-editor\" data-id=\"46265ab\" data-element_type=\"widget\" data-settings=\"{&quot;_animation&quot;:&quot;none&quot;,&quot;_animation_delay&quot;:300}\" data-widget_type=\"text-editor.default\">\n\t\t\t\t<div class=\"elementor-widget-container\">\n\t\t\t\t\t\t\t<p>Vilniaus technologij\u0173 ir dizaino kolegija \u2013 \u010dia hobis virsta profesija!<\/p>\t\t\t\t\t\t<\/div>\n\t\t\t\t<\/div>\n\t\t\t\t\t<\/div>\n\t\t<\/div>\n\t\t\t\t<div class=\"elementor-column elementor-col-50 elementor-top-column elementor-element elementor-element-b80de6b elementor-hidden-desktop elementor-hidden-tablet elementor-hidden-phone\" data-id=\"b80de6b\" data-element_type=\"column\">\n\t\t\t<div class=\"elementor-widget-wrap\">\n\t\t\t\t\t\t\t\t\t<\/div>\n\t\t<\/div>\n\t\t\t\t\t\t\t<\/div>\n\t\t<\/section>\n\t\t\t\t<section class=\"elementor-section elementor-top-section elementor-element elementor-element-bffa2f1 elementor-section-boxed elementor-section-height-default elementor-section-height-default\" data-id=\"bffa2f1\" data-element_type=\"section\">\n\t\t\t\t\t\t<div class=\"elementor-container elementor-column-gap-default\">\n\t\t\t\t\t<div class=\"elementor-column elementor-col-100 elementor-top-column elementor-element elementor-element-1965a61\" data-id=\"1965a61\" data-element_type=\"column\">\n\t\t\t<div class=\"elementor-widget-wrap elementor-element-populated\">\n\t\t\t\t\t\t\t\t\t<\/div>\n\t\t<\/div>\n\t\t\t\t\t\t\t<\/div>\n\t\t<\/section>\n\t\t\t\t<section class=\"elementor-section elementor-top-section elementor-element elementor-element-a9a2f22 elementor-section-boxed elementor-section-height-default elementor-section-height-default\" data-id=\"a9a2f22\" data-element_type=\"section\">\n\t\t\t\t\t\t<div class=\"elementor-container elementor-column-gap-default\">\n\t\t\t\t\t<div class=\"elementor-column elementor-col-100 elementor-top-column elementor-element elementor-element-7019d4d\" data-id=\"7019d4d\" data-element_type=\"column\">\n\t\t\t<div class=\"elementor-widget-wrap elementor-element-populated\">\n\t\t\t\t\t\t\t\t<div class=\"elementor-element elementor-element-4594e77 partner-table-wrapper elementor-widget elementor-widget-text-editor\" data-id=\"4594e77\" data-element_type=\"widget\" data-widget_type=\"text-editor.default\">\n\t\t\t\t<div class=\"elementor-widget-container\">\n\t\t\t\t\t\t\t<p>2010-2011 s.m. Studij\u0173 kokyb\u0117s vertinimo centras atliko Grafinio dizaino, Interjero dizaino, Fotografijos technologij\u0173, Gamybos vadybos, Ve\u017eimo keli\u0173 transportu vadybos, Statybos, Statini\u0173 in\u017einerini\u0173 sistem\u0173 studij\u0173 program\u0173 vertinim\u0105.<\/p><p>Ekspertai susitiko su program\u0173 savianaliz\u0117s rengimo grup\u0117mis, d\u0117stytojais ir studentais. Komisija dom\u0117josi auditorijomis, biblioteka ir kita materialine baze, susipa\u017eino su student\u0173 kursiniais ir baigiamaisiais darbais. Ekspertai bendravo su programas baigusiais studentais ir darbdaviais.<\/p><p>Grafinio dizaino, Interjero dizaino, Fotografijos technologij\u0173, Gamybos vadybos, Ve\u017eimo keli\u0173 transportu vadybos, Statybos, Statini\u0173 in\u017einerini\u0173 sistem\u0173 studij\u0173 programos \u012fvertintos teigiamai.<\/p><table class=\"table\"><tbody><tr><td><strong>Studij\u0173 programos valstybinis kodas<\/strong><\/td><td><strong>Studij\u0173 programos pavadinimas<\/strong><\/td><td><strong>Akreditacijos terminas<\/strong><\/td><td><strong>Studij\u0173 kokyb\u0117s vertinimo centro ra\u0161tas<\/strong><\/td><\/tr><tr><td>653W21001<\/td><td>Grafinis dizainas<\/td><td><strong>Akredituota 6 metams<\/strong><\/td><td>2011-02-15<br \/><strong>Nr. 7-04-303<\/strong><\/td><\/tr><tr><td>653W25001<\/td><td>Interjero dizainas<\/td><td><strong>Akredituota 6 metams<\/strong><\/td><td>2011-02-15<br \/><strong>Nr. 7-04-303<\/strong><\/td><\/tr><tr><td>653W64001<\/td><td>Fotografijos technologija<\/td><td><strong>Akredituota 3 metams<\/strong><\/td><td>SKVC direktoriaus \u012fsakymas 2011-07-04<br \/><strong>Nr. 1-01-89<\/strong><\/td><\/tr><tr><td>653N25001<\/td><td>Gamybos vadyba<\/td><td><strong>Akredituota 3 metams<\/strong><\/td><td>2010-12-06<br \/><strong>Nr. 7-04-0000<\/strong><\/td><\/tr><tr><td>653N27001<\/td><td>Ve\u017eimo keli\u0173 transportu vadyba<\/td><td><strong>Akredituota 3 metams<\/strong><\/td><td>2010-12-06<br \/><strong>Nr. 7-04-0000<\/strong><\/td><\/tr><tr><td>653H21001<\/td><td>Statyba<\/td><td><strong>Akredituota 6 metams<\/strong><\/td><td>2011-03-01<br \/><strong>Nr. 7-04-429<\/strong><\/td><\/tr><tr><td>653H24001<\/td><td>Statini\u0173 in\u017einerin\u0117s sistemos<\/td><td><strong>Akredituota 3 metams<\/strong><\/td><td>2011-03-01<br \/><strong>Nr. 7-04-429<\/strong><\/td><\/tr><\/tbody><\/table><p>Studij\u0173 program\u0173 vertinimo i\u0161vados:<\/p><p><a href=\"https:\/\/wp.adisoft.lt\/vtdko\/wp-content\/uploads\/2022\/10\/2010-12-06_production_management.pdf\" target=\"_blank\" rel=\"noopener\">Gamybos vadyba<\/a><\/p><p><a href=\"https:\/\/wp.adisoft.lt\/vtdko\/wp-content\/uploads\/2022\/10\/2010-12-06_transportation_by_roads.pdf\" target=\"_blank\" rel=\"noopener\">Ve\u017eimo keli\u0173 transporto vadyba<\/a><\/p><p><a href=\"https:\/\/wp.adisoft.lt\/vtdko\/wp-content\/uploads\/2022\/10\/2011-02-15_graphic_design.pdf\" target=\"_blank\" rel=\"noopener\">Grafinis dizainas<\/a><\/p><p><a href=\"https:\/\/wp.adisoft.lt\/vtdko\/wp-content\/uploads\/2022\/10\/2011-02-15_interior_design.pdf\" target=\"_blank\" rel=\"noopener\">Interjero dizainas<\/a><\/p><p><a href=\"https:\/\/wp.adisoft.lt\/vtdko\/wp-content\/uploads\/2022\/10\/2011-03-01_building_engineering_systems.pdf\" target=\"_blank\" rel=\"noopener\">Statini\u0173 in\u017einerin\u0117s sistemos<\/a><\/p><p><a href=\"https:\/\/wp.adisoft.lt\/vtdko\/wp-content\/uploads\/2022\/10\/2011-03-01_construction.pdf\" target=\"_blank\" rel=\"noopener\">Statyba<\/a><\/p>\t\t\t\t\t\t<\/div>\n\t\t\t\t<\/div>\n\t\t\t\t\t<\/div>\n\t\t<\/div>\n\t\t\t\t\t\t\t<\/div>\n\t\t<\/section>\n\t\t\t\t\t\t\t<\/div>\n\t\t","protected":false},"excerpt":{"rendered":"<p>I\u0161orinis studij\u0173 program\u0173 vertinimas Vilniaus technologij\u0173 ir dizaino kolegija \u2013 \u010dia hobis virsta profesija! 2010-2011 s.m. Studij\u0173 kokyb\u0117s vertinimo centras atliko Grafinio dizaino, Interjero dizaino, Fotografijos technologij\u0173, Gamybos vadybos, Ve\u017eimo keli\u0173 transportu vadybos, Statybos, Statini\u0173 in\u017einerini\u0173 sistem\u0173 studij\u0173 program\u0173 vertinim\u0105. Ekspertai susitiko su program\u0173 savianaliz\u0117s rengimo grup\u0117mis, d\u0117stytojais ir studentais. Komisija dom\u0117josi auditorijomis, biblioteka ir&#8230;<\/p>\n","protected":false},"author":1,"featured_media":0,"parent":0,"menu_order":0,"comment_status":"closed","ping_status":"closed","template":"","meta":{"inline_featured_image":false,"footnotes":""},"class_list":["post-996079","page","type-page","status-publish","hentry"],"yoast_head":"<!-- This site is optimized with the Yoast SEO plugin v19.12 - https:\/\/yoast.com\/wordpress\/plugins\/seo\/ -->\n<title>2010\u20132011 s.m. Vilniaus technologij\u0173 ir dizaino kolegijos i\u0161orinis studij\u0173 program\u0173 vertinimas - vtdko<\/title>\n<meta name=\"robots\" content=\"noindex, follow, max-snippet:-1, max-image-preview:large, max-video-preview:-1\" \/>\n<meta property=\"og:locale\" content=\"en_US\" \/>\n<meta property=\"og:type\" content=\"article\" \/>\n<meta property=\"og:title\" content=\"2010\u20132011 s.m. Vilniaus technologij\u0173 ir dizaino kolegijos i\u0161orinis studij\u0173 program\u0173 vertinimas - vtdko\" \/>\n<meta property=\"og:description\" content=\"I\u0161orinis studij\u0173 program\u0173 vertinimas Vilniaus technologij\u0173 ir dizaino kolegija \u2013 \u010dia hobis virsta profesija! 2010-2011 s.m. Studij\u0173 kokyb\u0117s vertinimo centras atliko Grafinio dizaino, Interjero dizaino, Fotografijos technologij\u0173, Gamybos vadybos, Ve\u017eimo keli\u0173 transportu vadybos, Statybos, Statini\u0173 in\u017einerini\u0173 sistem\u0173 studij\u0173 program\u0173 vertinim\u0105. Ekspertai susitiko su program\u0173 savianaliz\u0117s rengimo grup\u0117mis, d\u0117stytojais ir studentais. Komisija dom\u0117josi auditorijomis, biblioteka ir...\" \/>\n<meta property=\"og:url\" content=\"https:\/\/wp.adisoft.lt\/vtdko\/en\/2010-2011-s-m-akredituotos-vilniaus-technologiju-ir-dizaino-kolegijos-studiju-programos\/\" \/>\n<meta property=\"og:site_name\" content=\"vtdko\" \/>\n<meta name=\"twitter:card\" content=\"summary_large_image\" \/>\n<meta name=\"twitter:label1\" content=\"Est. reading time\" \/>\n\t<meta name=\"twitter:data1\" content=\"1 minute\" \/>\n<script type=\"application\/ld+json\" class=\"yoast-schema-graph\">{\"@context\":\"https:\/\/schema.org\",\"@graph\":[{\"@type\":\"WebPage\",\"@id\":\"https:\/\/wp.adisoft.lt\/vtdko\/en\/2010-2011-s-m-akredituotos-vilniaus-technologiju-ir-dizaino-kolegijos-studiju-programos\/\",\"url\":\"https:\/\/wp.adisoft.lt\/vtdko\/en\/2010-2011-s-m-akredituotos-vilniaus-technologiju-ir-dizaino-kolegijos-studiju-programos\/\",\"name\":\"2010\u20132011 s.m. Vilniaus technologij\u0173 ir dizaino kolegijos i\u0161orinis studij\u0173 program\u0173 vertinimas - vtdko\",\"isPartOf\":{\"@id\":\"https:\/\/wp.adisoft.lt\/vtdko\/en\/#website\"},\"datePublished\":\"2022-10-06T06:03:42+00:00\",\"dateModified\":\"2022-10-06T06:03:42+00:00\",\"breadcrumb\":{\"@id\":\"https:\/\/wp.adisoft.lt\/vtdko\/en\/2010-2011-s-m-akredituotos-vilniaus-technologiju-ir-dizaino-kolegijos-studiju-programos\/#breadcrumb\"},\"inLanguage\":\"en-US\",\"potentialAction\":[{\"@type\":\"ReadAction\",\"target\":[\"https:\/\/wp.adisoft.lt\/vtdko\/en\/2010-2011-s-m-akredituotos-vilniaus-technologiju-ir-dizaino-kolegijos-studiju-programos\/\"]}]},{\"@type\":\"BreadcrumbList\",\"@id\":\"https:\/\/wp.adisoft.lt\/vtdko\/en\/2010-2011-s-m-akredituotos-vilniaus-technologiju-ir-dizaino-kolegijos-studiju-programos\/#breadcrumb\",\"itemListElement\":[{\"@type\":\"ListItem\",\"position\":1,\"name\":\"Pagrindinis\",\"item\":\"https:\/\/wp.adisoft.lt\/vtdko\/en\/pagrindinis\/\"},{\"@type\":\"ListItem\",\"position\":2,\"name\":\"2010\u20132011 s.m. Vilniaus technologij\u0173 ir dizaino kolegijos i\u0161orinis studij\u0173 program\u0173 vertinimas\"}]},{\"@type\":\"WebSite\",\"@id\":\"https:\/\/wp.adisoft.lt\/vtdko\/en\/#website\",\"url\":\"https:\/\/wp.adisoft.lt\/vtdko\/en\/\",\"name\":\"vtdko\",\"description\":\"Vilniaus technologij\u0173 ir dizaino kolegija\",\"publisher\":{\"@id\":\"https:\/\/wp.adisoft.lt\/vtdko\/en\/#organization\"},\"potentialAction\":[{\"@type\":\"SearchAction\",\"target\":{\"@type\":\"EntryPoint\",\"urlTemplate\":\"https:\/\/wp.adisoft.lt\/vtdko\/en\/?s={search_term_string}\"},\"query-input\":\"required name=search_term_string\"}],\"inLanguage\":\"en-US\"},{\"@type\":\"Organization\",\"@id\":\"https:\/\/wp.adisoft.lt\/vtdko\/en\/#organization\",\"name\":\"vtdko\",\"url\":\"https:\/\/wp.adisoft.lt\/vtdko\/en\/\",\"logo\":{\"@type\":\"ImageObject\",\"inLanguage\":\"en-US\",\"@id\":\"https:\/\/wp.adisoft.lt\/vtdko\/en\/#\/schema\/logo\/image\/\",\"url\":\"https:\/\/wp.adisoft.lt\/vtdko\/wp-content\/uploads\/2020\/02\/Logo-su-tekstu-01.svg\",\"contentUrl\":\"https:\/\/wp.adisoft.lt\/vtdko\/wp-content\/uploads\/2020\/02\/Logo-su-tekstu-01.svg\",\"width\":151,\"height\":74,\"caption\":\"vtdko\"},\"image\":{\"@id\":\"https:\/\/wp.adisoft.lt\/vtdko\/en\/#\/schema\/logo\/image\/\"}}]}<\/script>\n<!-- \/ Yoast SEO plugin. -->","yoast_head_json":{"title":"2010\u20132011 s.m. Vilniaus technologij\u0173 ir dizaino kolegijos i\u0161orinis studij\u0173 program\u0173 vertinimas - vtdko","robots":{"index":"noindex","follow":"follow","max-snippet":"max-snippet:-1","max-image-preview":"max-image-preview:large","max-video-preview":"max-video-preview:-1"},"og_locale":"en_US","og_type":"article","og_title":"2010\u20132011 s.m. Vilniaus technologij\u0173 ir dizaino kolegijos i\u0161orinis studij\u0173 program\u0173 vertinimas - vtdko","og_description":"I\u0161orinis studij\u0173 program\u0173 vertinimas Vilniaus technologij\u0173 ir dizaino kolegija \u2013 \u010dia hobis virsta profesija! 2010-2011 s.m. Studij\u0173 kokyb\u0117s vertinimo centras atliko Grafinio dizaino, Interjero dizaino, Fotografijos technologij\u0173, Gamybos vadybos, Ve\u017eimo keli\u0173 transportu vadybos, Statybos, Statini\u0173 in\u017einerini\u0173 sistem\u0173 studij\u0173 program\u0173 vertinim\u0105. Ekspertai susitiko su program\u0173 savianaliz\u0117s rengimo grup\u0117mis, d\u0117stytojais ir studentais. Komisija dom\u0117josi auditorijomis, biblioteka ir...","og_url":"https:\/\/wp.adisoft.lt\/vtdko\/en\/2010-2011-s-m-akredituotos-vilniaus-technologiju-ir-dizaino-kolegijos-studiju-programos\/","og_site_name":"vtdko","twitter_card":"summary_large_image","twitter_misc":{"Est. reading time":"1 minute"},"schema":{"@context":"https:\/\/schema.org","@graph":[{"@type":"WebPage","@id":"https:\/\/wp.adisoft.lt\/vtdko\/en\/2010-2011-s-m-akredituotos-vilniaus-technologiju-ir-dizaino-kolegijos-studiju-programos\/","url":"https:\/\/wp.adisoft.lt\/vtdko\/en\/2010-2011-s-m-akredituotos-vilniaus-technologiju-ir-dizaino-kolegijos-studiju-programos\/","name":"2010\u20132011 s.m. Vilniaus technologij\u0173 ir dizaino kolegijos i\u0161orinis studij\u0173 program\u0173 vertinimas - vtdko","isPartOf":{"@id":"https:\/\/wp.adisoft.lt\/vtdko\/en\/#website"},"datePublished":"2022-10-06T06:03:42+00:00","dateModified":"2022-10-06T06:03:42+00:00","breadcrumb":{"@id":"https:\/\/wp.adisoft.lt\/vtdko\/en\/2010-2011-s-m-akredituotos-vilniaus-technologiju-ir-dizaino-kolegijos-studiju-programos\/#breadcrumb"},"inLanguage":"en-US","potentialAction":[{"@type":"ReadAction","target":["https:\/\/wp.adisoft.lt\/vtdko\/en\/2010-2011-s-m-akredituotos-vilniaus-technologiju-ir-dizaino-kolegijos-studiju-programos\/"]}]},{"@type":"BreadcrumbList","@id":"https:\/\/wp.adisoft.lt\/vtdko\/en\/2010-2011-s-m-akredituotos-vilniaus-technologiju-ir-dizaino-kolegijos-studiju-programos\/#breadcrumb","itemListElement":[{"@type":"ListItem","position":1,"name":"Pagrindinis","item":"https:\/\/wp.adisoft.lt\/vtdko\/en\/pagrindinis\/"},{"@type":"ListItem","position":2,"name":"2010\u20132011 s.m. Vilniaus technologij\u0173 ir dizaino kolegijos i\u0161orinis studij\u0173 program\u0173 vertinimas"}]},{"@type":"WebSite","@id":"https:\/\/wp.adisoft.lt\/vtdko\/en\/#website","url":"https:\/\/wp.adisoft.lt\/vtdko\/en\/","name":"vtdko","description":"Vilniaus technologij\u0173 ir dizaino kolegija","publisher":{"@id":"https:\/\/wp.adisoft.lt\/vtdko\/en\/#organization"},"potentialAction":[{"@type":"SearchAction","target":{"@type":"EntryPoint","urlTemplate":"https:\/\/wp.adisoft.lt\/vtdko\/en\/?s={search_term_string}"},"query-input":"required name=search_term_string"}],"inLanguage":"en-US"},{"@type":"Organization","@id":"https:\/\/wp.adisoft.lt\/vtdko\/en\/#organization","name":"vtdko","url":"https:\/\/wp.adisoft.lt\/vtdko\/en\/","logo":{"@type":"ImageObject","inLanguage":"en-US","@id":"https:\/\/wp.adisoft.lt\/vtdko\/en\/#\/schema\/logo\/image\/","url":"https:\/\/wp.adisoft.lt\/vtdko\/wp-content\/uploads\/2020\/02\/Logo-su-tekstu-01.svg","contentUrl":"https:\/\/wp.adisoft.lt\/vtdko\/wp-content\/uploads\/2020\/02\/Logo-su-tekstu-01.svg","width":151,"height":74,"caption":"vtdko"},"image":{"@id":"https:\/\/wp.adisoft.lt\/vtdko\/en\/#\/schema\/logo\/image\/"}}]}},"_links":{"self":[{"href":"https:\/\/wp.adisoft.lt\/vtdko\/en\/wp-json\/wp\/v2\/pages\/996079","targetHints":{"allow":["GET"]}}],"collection":[{"href":"https:\/\/wp.adisoft.lt\/vtdko\/en\/wp-json\/wp\/v2\/pages"}],"about":[{"href":"https:\/\/wp.adisoft.lt\/vtdko\/en\/wp-json\/wp\/v2\/types\/page"}],"author":[{"embeddable":true,"href":"https:\/\/wp.adisoft.lt\/vtdko\/en\/wp-json\/wp\/v2\/users\/1"}],"replies":[{"embeddable":true,"href":"https:\/\/wp.adisoft.lt\/vtdko\/en\/wp-json\/wp\/v2\/comments?post=996079"}],"version-history":[{"count":0,"href":"https:\/\/wp.adisoft.lt\/vtdko\/en\/wp-json\/wp\/v2\/pages\/996079\/revisions"}],"wp:attachment":[{"href":"https:\/\/wp.adisoft.lt\/vtdko\/en\/wp-json\/wp\/v2\/media?parent=996079"}],"curies":[{"name":"wp","href":"https:\/\/api.w.org\/{rel}","templated":true}]}}