{"id":996085,"date":"2022-10-06T09:03:21","date_gmt":"2022-10-06T06:03:21","guid":{"rendered":"https:\/\/wp.adisoft.lt\/vtdko\/2016-2017-s-m-vilniaus-technologiju-ir-dizaino-kolegijos-isorinis-studiju-programu-vertinimas\/"},"modified":"2022-10-06T09:03:21","modified_gmt":"2022-10-06T06:03:21","slug":"2016-2017-s-m-vilniaus-technologiju-ir-dizaino-kolegijos-isorinis-studiju-programu-vertinimas","status":"publish","type":"page","link":"https:\/\/wp.adisoft.lt\/vtdko\/en\/2016-2017-s-m-vilniaus-technologiju-ir-dizaino-kolegijos-isorinis-studiju-programu-vertinimas\/","title":{"rendered":"2016\u20132017 s. m. Vilniaus technologij\u0173 ir dizaino kolegijos i\u0161orinis studij\u0173 program\u0173 vertinimas"},"content":{"rendered":"\t\t<div data-elementor-type=\"wp-page\" data-elementor-id=\"996085\" class=\"elementor elementor-996085 elementor-989043\">\n\t\t\t\t\t\t\t\t\t<section class=\"elementor-section elementor-top-section elementor-element elementor-element-2778ebe elementor-section-height-min-height elementor-section-boxed elementor-section-height-default elementor-section-items-middle\" data-id=\"2778ebe\" data-element_type=\"section\" data-settings=\"{&quot;background_background&quot;:&quot;classic&quot;,&quot;animation&quot;:&quot;none&quot;}\">\n\t\t\t\t\t\t<div class=\"elementor-container elementor-column-gap-default\">\n\t\t\t\t\t<div class=\"elementor-column elementor-col-100 elementor-top-column elementor-element elementor-element-80d4c95\" data-id=\"80d4c95\" data-element_type=\"column\" data-settings=\"{&quot;background_background&quot;:&quot;classic&quot;}\">\n\t\t\t<div class=\"elementor-widget-wrap\">\n\t\t\t\t\t\t\t\t\t<\/div>\n\t\t<\/div>\n\t\t\t\t\t\t\t<\/div>\n\t\t<\/section>\n\t\t\t\t<section class=\"elementor-section elementor-top-section elementor-element elementor-element-9bc82e1 elementor-section-boxed elementor-section-height-default elementor-section-height-default\" data-id=\"9bc82e1\" data-element_type=\"section\" data-settings=\"{&quot;animation&quot;:&quot;none&quot;,&quot;animation_tablet&quot;:&quot;none&quot;,&quot;animation_mobile&quot;:&quot;none&quot;}\">\n\t\t\t\t\t\t<div class=\"elementor-container elementor-column-gap-no\">\n\t\t\t\t\t<div class=\"elementor-column elementor-col-50 elementor-top-column elementor-element elementor-element-b9258e6 animated-fast elementor-invisible\" data-id=\"b9258e6\" data-element_type=\"column\" data-settings=\"{&quot;background_background&quot;:&quot;classic&quot;,&quot;animation&quot;:&quot;fadeIn&quot;,&quot;animation_delay&quot;:100}\">\n\t\t\t<div class=\"elementor-widget-wrap elementor-element-populated\">\n\t\t\t\t\t\t\t\t<div class=\"elementor-element elementor-element-728d00a elementor-widget__width-auto elementor-widget-tablet__width-auto elementor-widget-mobile__width-inherit elementor-widget elementor-widget-heading\" data-id=\"728d00a\" data-element_type=\"widget\" data-settings=\"{&quot;_animation&quot;:&quot;none&quot;,&quot;_animation_delay&quot;:200}\" data-widget_type=\"heading.heading_charityfy\">\n\t\t\t\t<div class=\"elementor-widget-container\">\n\t\t\t<h1 class=\"elementor-heading-title elementor-size-default\">I\u0161orinis studij\u0173 program\u0173 vertinimas<\/h1>\t\t<\/div>\n\t\t\t\t<\/div>\n\t\t\t\t<div class=\"elementor-element elementor-element-54281d3 elementor-widget elementor-widget-text-editor\" data-id=\"54281d3\" data-element_type=\"widget\" data-settings=\"{&quot;_animation&quot;:&quot;none&quot;,&quot;_animation_delay&quot;:300}\" data-widget_type=\"text-editor.default\">\n\t\t\t\t<div class=\"elementor-widget-container\">\n\t\t\t\t\t\t\t<p>Vilniaus technologij\u0173 ir dizaino kolegija \u2013 \u010dia hobis virsta profesija!<\/p>\t\t\t\t\t\t<\/div>\n\t\t\t\t<\/div>\n\t\t\t\t\t<\/div>\n\t\t<\/div>\n\t\t\t\t<div class=\"elementor-column elementor-col-50 elementor-top-column elementor-element elementor-element-4afc7cd elementor-hidden-desktop elementor-hidden-tablet elementor-hidden-phone\" data-id=\"4afc7cd\" data-element_type=\"column\">\n\t\t\t<div class=\"elementor-widget-wrap\">\n\t\t\t\t\t\t\t\t\t<\/div>\n\t\t<\/div>\n\t\t\t\t\t\t\t<\/div>\n\t\t<\/section>\n\t\t\t\t<section class=\"elementor-section elementor-top-section elementor-element elementor-element-bffa2f1 elementor-section-boxed elementor-section-height-default elementor-section-height-default\" data-id=\"bffa2f1\" data-element_type=\"section\">\n\t\t\t\t\t\t<div class=\"elementor-container elementor-column-gap-default\">\n\t\t\t\t\t<div class=\"elementor-column elementor-col-100 elementor-top-column elementor-element elementor-element-1965a61\" data-id=\"1965a61\" data-element_type=\"column\">\n\t\t\t<div class=\"elementor-widget-wrap elementor-element-populated\">\n\t\t\t\t\t\t\t\t\t<\/div>\n\t\t<\/div>\n\t\t\t\t\t\t\t<\/div>\n\t\t<\/section>\n\t\t\t\t<section class=\"elementor-section elementor-top-section elementor-element elementor-element-a9a2f22 elementor-section-boxed elementor-section-height-default elementor-section-height-default\" data-id=\"a9a2f22\" data-element_type=\"section\">\n\t\t\t\t\t\t<div class=\"elementor-container elementor-column-gap-default\">\n\t\t\t\t\t<div class=\"elementor-column elementor-col-100 elementor-top-column elementor-element elementor-element-7019d4d\" data-id=\"7019d4d\" data-element_type=\"column\">\n\t\t\t<div class=\"elementor-widget-wrap elementor-element-populated\">\n\t\t\t\t\t\t\t\t<div class=\"elementor-element elementor-element-4594e77 partner-table-wrapper elementor-widget elementor-widget-text-editor\" data-id=\"4594e77\" data-element_type=\"widget\" data-widget_type=\"text-editor.default\">\n\t\t\t\t<div class=\"elementor-widget-container\">\n\t\t\t\t\t\t\t<p>2016\u20132017 s. m. Studij\u0173 kokyb\u0117s vertinimo centras atliko Transporto logistikos, Statini\u0173 in\u017einerin\u0117s sistemos, Susisiekimo keliai ir statiniai ir Statybos studij\u0173 program\u0173 vertinim\u0105.<\/p><table class=\"table\"><tbody><tr><td><strong>Valstybinis kodas<\/strong><\/td><td><strong>Programos pavadinimas<\/strong><\/td><td><strong>Bendras (\u012fvertinimas balais)<\/strong><\/td><td><strong>Numatomas sprendimas d\u0117l akreditavimo<\/strong><\/td><td><strong>Studij\u0173 kokyb\u0117s vertinimo centro ra\u0161tas<\/strong><\/td><\/tr><tr><td>653N27002<\/td><td>Transporto logistika<\/td><td>20<\/td><td>Akredituota 6 metams<\/td><td>2017-07-28, Nr. SV5-69<\/td><\/tr><tr><td>653H24004<\/td><td>Statini\u0173 in\u017einerin\u0117s sistemos<\/td><td>19<\/td><td>Akredituota 6 metams<\/td><td>2017-04-21, Nr. SV5-46<\/td><\/tr><tr><td>653H22001<\/td><td>Susisiekimo keliai ir statiniai<\/td><td>18<\/td><td>Akredituota 6 metams<\/td><td>2017-04-21, Nr. SV5-46<\/td><\/tr><tr><td>653H21004<\/td><td>Statyba<\/td><td>18<\/td><td>Akredituota 6 metams<\/td><td>2017-06-09, Nr. SV5-57<\/td><\/tr><\/tbody><\/table><p>Studij\u0173 program\u0173 vertinimo i\u0161vados:<br \/><a href=\"https:\/\/wp.adisoft.lt\/vtdko\/wp-content\/uploads\/2022\/10\/Transporto_logistika_vertinimo_is\u030cvados.pdf\" target=\"_blank\" rel=\"noopener\">Transporto logistika<br \/><\/a><a href=\"https:\/\/wp.adisoft.lt\/vtdko\/wp-content\/uploads\/2022\/10\/1126_001.pdf\" target=\"_blank\" rel=\"noopener\">Statini\u0173 in\u017einerin\u0117s sistemos<br \/><\/a><a href=\"https:\/\/wp.adisoft.lt\/vtdko\/wp-content\/uploads\/2022\/10\/1125_001.pdf\" target=\"_blank\" rel=\"noopener\">Susisiekimo keliai ir statiniai<br \/><\/a><a href=\"https:\/\/wp.adisoft.lt\/vtdko\/wp-content\/uploads\/2022\/10\/skvc_Statyba.pdf\" target=\"_blank\" rel=\"noopener\">Statyba<\/a><\/p>\t\t\t\t\t\t<\/div>\n\t\t\t\t<\/div>\n\t\t\t\t\t<\/div>\n\t\t<\/div>\n\t\t\t\t\t\t\t<\/div>\n\t\t<\/section>\n\t\t\t\t\t\t\t<\/div>\n\t\t","protected":false},"excerpt":{"rendered":"<p>I\u0161orinis studij\u0173 program\u0173 vertinimas Vilniaus technologij\u0173 ir dizaino kolegija \u2013 \u010dia hobis virsta profesija! 2016\u20132017 s. m. Studij\u0173 kokyb\u0117s vertinimo centras atliko Transporto logistikos, Statini\u0173 in\u017einerin\u0117s sistemos, Susisiekimo keliai ir statiniai ir Statybos studij\u0173 program\u0173 vertinim\u0105. Valstybinis kodas Programos pavadinimas Bendras (\u012fvertinimas balais) Numatomas sprendimas d\u0117l akreditavimo Studij\u0173 kokyb\u0117s vertinimo centro ra\u0161tas 653N27002 Transporto logistika&#8230;<\/p>\n","protected":false},"author":1,"featured_media":0,"parent":0,"menu_order":0,"comment_status":"closed","ping_status":"closed","template":"","meta":{"inline_featured_image":false,"footnotes":""},"class_list":["post-996085","page","type-page","status-publish","hentry"],"yoast_head":"<!-- This site is optimized with the Yoast SEO plugin v19.12 - https:\/\/yoast.com\/wordpress\/plugins\/seo\/ -->\n<title>2016\u20132017 s. m. Vilniaus technologij\u0173 ir dizaino kolegijos i\u0161orinis studij\u0173 program\u0173 vertinimas - vtdko<\/title>\n<meta name=\"robots\" content=\"noindex, follow, max-snippet:-1, max-image-preview:large, max-video-preview:-1\" \/>\n<meta property=\"og:locale\" content=\"en_US\" \/>\n<meta property=\"og:type\" content=\"article\" \/>\n<meta property=\"og:title\" content=\"2016\u20132017 s. m. Vilniaus technologij\u0173 ir dizaino kolegijos i\u0161orinis studij\u0173 program\u0173 vertinimas - vtdko\" \/>\n<meta property=\"og:description\" content=\"I\u0161orinis studij\u0173 program\u0173 vertinimas Vilniaus technologij\u0173 ir dizaino kolegija \u2013 \u010dia hobis virsta profesija! 2016\u20132017 s. m. Studij\u0173 kokyb\u0117s vertinimo centras atliko Transporto logistikos, Statini\u0173 in\u017einerin\u0117s sistemos, Susisiekimo keliai ir statiniai ir Statybos studij\u0173 program\u0173 vertinim\u0105. Valstybinis kodas Programos pavadinimas Bendras (\u012fvertinimas balais) Numatomas sprendimas d\u0117l akreditavimo Studij\u0173 kokyb\u0117s vertinimo centro ra\u0161tas 653N27002 Transporto logistika...\" \/>\n<meta property=\"og:url\" content=\"https:\/\/wp.adisoft.lt\/vtdko\/en\/2016-2017-s-m-vilniaus-technologiju-ir-dizaino-kolegijos-isorinis-studiju-programu-vertinimas\/\" \/>\n<meta property=\"og:site_name\" content=\"vtdko\" \/>\n<meta name=\"twitter:card\" content=\"summary_large_image\" \/>\n<meta name=\"twitter:label1\" content=\"Est. reading time\" \/>\n\t<meta name=\"twitter:data1\" content=\"1 minute\" \/>\n<script type=\"application\/ld+json\" class=\"yoast-schema-graph\">{\"@context\":\"https:\/\/schema.org\",\"@graph\":[{\"@type\":\"WebPage\",\"@id\":\"https:\/\/wp.adisoft.lt\/vtdko\/en\/2016-2017-s-m-vilniaus-technologiju-ir-dizaino-kolegijos-isorinis-studiju-programu-vertinimas\/\",\"url\":\"https:\/\/wp.adisoft.lt\/vtdko\/en\/2016-2017-s-m-vilniaus-technologiju-ir-dizaino-kolegijos-isorinis-studiju-programu-vertinimas\/\",\"name\":\"2016\u20132017 s. m. Vilniaus technologij\u0173 ir dizaino kolegijos i\u0161orinis studij\u0173 program\u0173 vertinimas - vtdko\",\"isPartOf\":{\"@id\":\"https:\/\/wp.adisoft.lt\/vtdko\/en\/#website\"},\"datePublished\":\"2022-10-06T06:03:21+00:00\",\"dateModified\":\"2022-10-06T06:03:21+00:00\",\"breadcrumb\":{\"@id\":\"https:\/\/wp.adisoft.lt\/vtdko\/en\/2016-2017-s-m-vilniaus-technologiju-ir-dizaino-kolegijos-isorinis-studiju-programu-vertinimas\/#breadcrumb\"},\"inLanguage\":\"en-US\",\"potentialAction\":[{\"@type\":\"ReadAction\",\"target\":[\"https:\/\/wp.adisoft.lt\/vtdko\/en\/2016-2017-s-m-vilniaus-technologiju-ir-dizaino-kolegijos-isorinis-studiju-programu-vertinimas\/\"]}]},{\"@type\":\"BreadcrumbList\",\"@id\":\"https:\/\/wp.adisoft.lt\/vtdko\/en\/2016-2017-s-m-vilniaus-technologiju-ir-dizaino-kolegijos-isorinis-studiju-programu-vertinimas\/#breadcrumb\",\"itemListElement\":[{\"@type\":\"ListItem\",\"position\":1,\"name\":\"Pagrindinis\",\"item\":\"https:\/\/wp.adisoft.lt\/vtdko\/en\/pagrindinis\/\"},{\"@type\":\"ListItem\",\"position\":2,\"name\":\"2016\u20132017 s. m. Vilniaus technologij\u0173 ir dizaino kolegijos i\u0161orinis studij\u0173 program\u0173 vertinimas\"}]},{\"@type\":\"WebSite\",\"@id\":\"https:\/\/wp.adisoft.lt\/vtdko\/en\/#website\",\"url\":\"https:\/\/wp.adisoft.lt\/vtdko\/en\/\",\"name\":\"vtdko\",\"description\":\"Vilniaus technologij\u0173 ir dizaino kolegija\",\"publisher\":{\"@id\":\"https:\/\/wp.adisoft.lt\/vtdko\/en\/#organization\"},\"potentialAction\":[{\"@type\":\"SearchAction\",\"target\":{\"@type\":\"EntryPoint\",\"urlTemplate\":\"https:\/\/wp.adisoft.lt\/vtdko\/en\/?s={search_term_string}\"},\"query-input\":\"required name=search_term_string\"}],\"inLanguage\":\"en-US\"},{\"@type\":\"Organization\",\"@id\":\"https:\/\/wp.adisoft.lt\/vtdko\/en\/#organization\",\"name\":\"vtdko\",\"url\":\"https:\/\/wp.adisoft.lt\/vtdko\/en\/\",\"logo\":{\"@type\":\"ImageObject\",\"inLanguage\":\"en-US\",\"@id\":\"https:\/\/wp.adisoft.lt\/vtdko\/en\/#\/schema\/logo\/image\/\",\"url\":\"https:\/\/wp.adisoft.lt\/vtdko\/wp-content\/uploads\/2020\/02\/Logo-su-tekstu-01.svg\",\"contentUrl\":\"https:\/\/wp.adisoft.lt\/vtdko\/wp-content\/uploads\/2020\/02\/Logo-su-tekstu-01.svg\",\"width\":151,\"height\":74,\"caption\":\"vtdko\"},\"image\":{\"@id\":\"https:\/\/wp.adisoft.lt\/vtdko\/en\/#\/schema\/logo\/image\/\"}}]}<\/script>\n<!-- \/ Yoast SEO plugin. -->","yoast_head_json":{"title":"2016\u20132017 s. m. Vilniaus technologij\u0173 ir dizaino kolegijos i\u0161orinis studij\u0173 program\u0173 vertinimas - vtdko","robots":{"index":"noindex","follow":"follow","max-snippet":"max-snippet:-1","max-image-preview":"max-image-preview:large","max-video-preview":"max-video-preview:-1"},"og_locale":"en_US","og_type":"article","og_title":"2016\u20132017 s. m. Vilniaus technologij\u0173 ir dizaino kolegijos i\u0161orinis studij\u0173 program\u0173 vertinimas - vtdko","og_description":"I\u0161orinis studij\u0173 program\u0173 vertinimas Vilniaus technologij\u0173 ir dizaino kolegija \u2013 \u010dia hobis virsta profesija! 2016\u20132017 s. m. Studij\u0173 kokyb\u0117s vertinimo centras atliko Transporto logistikos, Statini\u0173 in\u017einerin\u0117s sistemos, Susisiekimo keliai ir statiniai ir Statybos studij\u0173 program\u0173 vertinim\u0105. Valstybinis kodas Programos pavadinimas Bendras (\u012fvertinimas balais) Numatomas sprendimas d\u0117l akreditavimo Studij\u0173 kokyb\u0117s vertinimo centro ra\u0161tas 653N27002 Transporto logistika...","og_url":"https:\/\/wp.adisoft.lt\/vtdko\/en\/2016-2017-s-m-vilniaus-technologiju-ir-dizaino-kolegijos-isorinis-studiju-programu-vertinimas\/","og_site_name":"vtdko","twitter_card":"summary_large_image","twitter_misc":{"Est. reading time":"1 minute"},"schema":{"@context":"https:\/\/schema.org","@graph":[{"@type":"WebPage","@id":"https:\/\/wp.adisoft.lt\/vtdko\/en\/2016-2017-s-m-vilniaus-technologiju-ir-dizaino-kolegijos-isorinis-studiju-programu-vertinimas\/","url":"https:\/\/wp.adisoft.lt\/vtdko\/en\/2016-2017-s-m-vilniaus-technologiju-ir-dizaino-kolegijos-isorinis-studiju-programu-vertinimas\/","name":"2016\u20132017 s. m. Vilniaus technologij\u0173 ir dizaino kolegijos i\u0161orinis studij\u0173 program\u0173 vertinimas - vtdko","isPartOf":{"@id":"https:\/\/wp.adisoft.lt\/vtdko\/en\/#website"},"datePublished":"2022-10-06T06:03:21+00:00","dateModified":"2022-10-06T06:03:21+00:00","breadcrumb":{"@id":"https:\/\/wp.adisoft.lt\/vtdko\/en\/2016-2017-s-m-vilniaus-technologiju-ir-dizaino-kolegijos-isorinis-studiju-programu-vertinimas\/#breadcrumb"},"inLanguage":"en-US","potentialAction":[{"@type":"ReadAction","target":["https:\/\/wp.adisoft.lt\/vtdko\/en\/2016-2017-s-m-vilniaus-technologiju-ir-dizaino-kolegijos-isorinis-studiju-programu-vertinimas\/"]}]},{"@type":"BreadcrumbList","@id":"https:\/\/wp.adisoft.lt\/vtdko\/en\/2016-2017-s-m-vilniaus-technologiju-ir-dizaino-kolegijos-isorinis-studiju-programu-vertinimas\/#breadcrumb","itemListElement":[{"@type":"ListItem","position":1,"name":"Pagrindinis","item":"https:\/\/wp.adisoft.lt\/vtdko\/en\/pagrindinis\/"},{"@type":"ListItem","position":2,"name":"2016\u20132017 s. m. Vilniaus technologij\u0173 ir dizaino kolegijos i\u0161orinis studij\u0173 program\u0173 vertinimas"}]},{"@type":"WebSite","@id":"https:\/\/wp.adisoft.lt\/vtdko\/en\/#website","url":"https:\/\/wp.adisoft.lt\/vtdko\/en\/","name":"vtdko","description":"Vilniaus technologij\u0173 ir dizaino kolegija","publisher":{"@id":"https:\/\/wp.adisoft.lt\/vtdko\/en\/#organization"},"potentialAction":[{"@type":"SearchAction","target":{"@type":"EntryPoint","urlTemplate":"https:\/\/wp.adisoft.lt\/vtdko\/en\/?s={search_term_string}"},"query-input":"required name=search_term_string"}],"inLanguage":"en-US"},{"@type":"Organization","@id":"https:\/\/wp.adisoft.lt\/vtdko\/en\/#organization","name":"vtdko","url":"https:\/\/wp.adisoft.lt\/vtdko\/en\/","logo":{"@type":"ImageObject","inLanguage":"en-US","@id":"https:\/\/wp.adisoft.lt\/vtdko\/en\/#\/schema\/logo\/image\/","url":"https:\/\/wp.adisoft.lt\/vtdko\/wp-content\/uploads\/2020\/02\/Logo-su-tekstu-01.svg","contentUrl":"https:\/\/wp.adisoft.lt\/vtdko\/wp-content\/uploads\/2020\/02\/Logo-su-tekstu-01.svg","width":151,"height":74,"caption":"vtdko"},"image":{"@id":"https:\/\/wp.adisoft.lt\/vtdko\/en\/#\/schema\/logo\/image\/"}}]}},"_links":{"self":[{"href":"https:\/\/wp.adisoft.lt\/vtdko\/en\/wp-json\/wp\/v2\/pages\/996085","targetHints":{"allow":["GET"]}}],"collection":[{"href":"https:\/\/wp.adisoft.lt\/vtdko\/en\/wp-json\/wp\/v2\/pages"}],"about":[{"href":"https:\/\/wp.adisoft.lt\/vtdko\/en\/wp-json\/wp\/v2\/types\/page"}],"author":[{"embeddable":true,"href":"https:\/\/wp.adisoft.lt\/vtdko\/en\/wp-json\/wp\/v2\/users\/1"}],"replies":[{"embeddable":true,"href":"https:\/\/wp.adisoft.lt\/vtdko\/en\/wp-json\/wp\/v2\/comments?post=996085"}],"version-history":[{"count":0,"href":"https:\/\/wp.adisoft.lt\/vtdko\/en\/wp-json\/wp\/v2\/pages\/996085\/revisions"}],"wp:attachment":[{"href":"https:\/\/wp.adisoft.lt\/vtdko\/en\/wp-json\/wp\/v2\/media?parent=996085"}],"curies":[{"name":"wp","href":"https:\/\/api.w.org\/{rel}","templated":true}]}}