{"id":996137,"date":"2022-09-20T17:00:09","date_gmt":"2022-09-20T14:00:09","guid":{"rendered":"https:\/\/wp.adisoft.lt\/vtdko\/statybos-fakulteto-konktaktai\/"},"modified":"2022-09-20T17:00:09","modified_gmt":"2022-09-20T14:00:09","slug":"statybos-fakulteto-konktaktai","status":"publish","type":"page","link":"https:\/\/wp.adisoft.lt\/vtdko\/en\/statybos-fakulteto-konktaktai\/","title":{"rendered":"Statybos fakulteto kontaktai"},"content":{"rendered":"\t\t<div data-elementor-type=\"wp-page\" data-elementor-id=\"996137\" class=\"elementor elementor-996137 elementor-987802\">\n\t\t\t\t\t\t\t\t\t<section class=\"elementor-section elementor-top-section elementor-element elementor-element-99a8db6 elementor-section-height-min-height elementor-section-boxed elementor-section-height-default elementor-section-items-middle\" data-id=\"99a8db6\" data-element_type=\"section\" data-settings=\"{&quot;background_background&quot;:&quot;classic&quot;,&quot;animation&quot;:&quot;none&quot;}\">\n\t\t\t\t\t\t<div class=\"elementor-container elementor-column-gap-default\">\n\t\t\t\t\t<div class=\"elementor-column elementor-col-100 elementor-top-column elementor-element elementor-element-0cd728a\" data-id=\"0cd728a\" data-element_type=\"column\" data-settings=\"{&quot;background_background&quot;:&quot;classic&quot;}\">\n\t\t\t<div class=\"elementor-widget-wrap\">\n\t\t\t\t\t\t\t\t\t<\/div>\n\t\t<\/div>\n\t\t\t\t\t\t\t<\/div>\n\t\t<\/section>\n\t\t\t\t<section class=\"elementor-section elementor-top-section elementor-element elementor-element-f6999c7 elementor-section-boxed elementor-section-height-default elementor-section-height-default\" data-id=\"f6999c7\" data-element_type=\"section\" data-settings=\"{&quot;animation&quot;:&quot;none&quot;,&quot;animation_tablet&quot;:&quot;none&quot;,&quot;animation_mobile&quot;:&quot;none&quot;}\">\n\t\t\t\t\t\t<div class=\"elementor-container elementor-column-gap-no\">\n\t\t\t\t\t<div class=\"elementor-column elementor-col-50 elementor-top-column elementor-element elementor-element-ad20153 animated-fast elementor-invisible\" data-id=\"ad20153\" data-element_type=\"column\" data-settings=\"{&quot;background_background&quot;:&quot;classic&quot;,&quot;animation&quot;:&quot;fadeIn&quot;,&quot;animation_delay&quot;:100}\">\n\t\t\t<div class=\"elementor-widget-wrap elementor-element-populated\">\n\t\t\t\t\t\t\t\t<div class=\"elementor-element elementor-element-8495cbb elementor-widget__width-auto elementor-widget-tablet__width-auto elementor-widget-mobile__width-inherit elementor-widget elementor-widget-heading\" data-id=\"8495cbb\" data-element_type=\"widget\" data-settings=\"{&quot;_animation&quot;:&quot;none&quot;,&quot;_animation_delay&quot;:200}\" data-widget_type=\"heading.heading_charityfy\">\n\t\t\t\t<div class=\"elementor-widget-container\">\n\t\t\t<h1 class=\"elementor-heading-title elementor-size-default\">Statybos fakulteto administracija<\/h1>\t\t<\/div>\n\t\t\t\t<\/div>\n\t\t\t\t<div class=\"elementor-element elementor-element-3f7fa02 elementor-widget elementor-widget-text-editor\" data-id=\"3f7fa02\" data-element_type=\"widget\" data-settings=\"{&quot;_animation&quot;:&quot;none&quot;,&quot;_animation_delay&quot;:300}\" data-widget_type=\"text-editor.default\">\n\t\t\t\t<div class=\"elementor-widget-container\">\n\t\t\t\t\t\t\t<p>Vilniaus technologij\u0173 ir dizaino kolegija \u2013 \u010dia hobis virsta profesija!<\/p>\t\t\t\t\t\t<\/div>\n\t\t\t\t<\/div>\n\t\t\t\t\t<\/div>\n\t\t<\/div>\n\t\t\t\t<div class=\"elementor-column elementor-col-50 elementor-top-column elementor-element elementor-element-069d1d7 elementor-hidden-desktop elementor-hidden-tablet elementor-hidden-phone\" data-id=\"069d1d7\" data-element_type=\"column\">\n\t\t\t<div class=\"elementor-widget-wrap\">\n\t\t\t\t\t\t\t\t\t<\/div>\n\t\t<\/div>\n\t\t\t\t\t\t\t<\/div>\n\t\t<\/section>\n\t\t\t\t<section class=\"elementor-section elementor-top-section elementor-element elementor-element-e9624cf elementor-section-boxed elementor-section-height-default elementor-section-height-default\" data-id=\"e9624cf\" data-element_type=\"section\">\n\t\t\t\t\t\t<div class=\"elementor-container elementor-column-gap-default\">\n\t\t\t\t\t<div class=\"elementor-column elementor-col-100 elementor-top-column elementor-element elementor-element-ee15497\" data-id=\"ee15497\" data-element_type=\"column\">\n\t\t\t<div class=\"elementor-widget-wrap elementor-element-populated\">\n\t\t\t\t\t\t\t\t<div class=\"elementor-element elementor-element-68a2c6d elementor-widget elementor-widget-heading\" data-id=\"68a2c6d\" data-element_type=\"widget\" data-widget_type=\"heading.default\">\n\t\t\t\t<div class=\"elementor-widget-container\">\n\t\t\t<h2 class=\"elementor-heading-title elementor-size-default\">Statybos fakulteto administracija<\/h2>\t\t<\/div>\n\t\t\t\t<\/div>\n\t\t\t\t\t<\/div>\n\t\t<\/div>\n\t\t\t\t\t\t\t<\/div>\n\t\t<\/section>\n\t\t\t\t<section class=\"elementor-section elementor-top-section elementor-element elementor-element-260e778 elementor-section-boxed elementor-section-height-default elementor-section-height-default\" data-id=\"260e778\" data-element_type=\"section\">\n\t\t\t\t\t\t<div class=\"elementor-container elementor-column-gap-default\">\n\t\t\t\t\t<div class=\"elementor-column elementor-col-100 elementor-top-column elementor-element elementor-element-35f93b3\" data-id=\"35f93b3\" data-element_type=\"column\">\n\t\t\t<div class=\"elementor-widget-wrap elementor-element-populated\">\n\t\t\t\t\t\t\t\t<div class=\"elementor-element elementor-element-c1f8eba elementor-widget elementor-widget-google_maps\" data-id=\"c1f8eba\" data-element_type=\"widget\" data-widget_type=\"google_maps.default\">\n\t\t\t\t<div class=\"elementor-widget-container\">\n\t\t\t\t\t<div class=\"elementor-custom-embed\">\n\t\t\t<iframe loading=\"lazy\" style=\"border:0;overflow:hidden;margin:0\"\n\t\t\t\t\tsrc=\"https:\/\/maps.google.com\/maps?q=Oland%C5%B3%20g.%2016%2C%20Vilnius&#038;t=m&#038;z=10&#038;output=embed&#038;iwloc=near\"\n\t\t\t\t\ttitle=\"Oland\u0173 g. 16, Vilnius\"\n\t\t\t\t\taria-label=\"Oland\u0173 g. 16, Vilnius\"\n\t\t\t><\/iframe>\n\t\t<\/div>\n\t\t\t\t<\/div>\n\t\t\t\t<\/div>\n\t\t\t\t<div class=\"elementor-element elementor-element-d432884 elementor-widget elementor-widget-text-editor\" data-id=\"d432884\" data-element_type=\"widget\" data-widget_type=\"text-editor.default\">\n\t\t\t\t<div class=\"elementor-widget-container\">\n\t\t\t\t\t\t\t<p>Adresas Antakalnio g. 54, Vilnius<br \/>Telefonas <a href=\"tel:+37052343820\">(8 5) 234 3820<\/a><br \/>Faksas (8 5) 234 3769<br \/>El. pa\u0161tas\u00a0<a href=\"mailto:sf@vtdko.lt\">sf@vtdko.lt<\/a><\/p>\t\t\t\t\t\t<\/div>\n\t\t\t\t<\/div>\n\t\t\t\t<div class=\"elementor-element elementor-element-8685792 elementor-widget-divider--view-line elementor-widget elementor-widget-divider\" data-id=\"8685792\" data-element_type=\"widget\" data-widget_type=\"divider.default\">\n\t\t\t\t<div class=\"elementor-widget-container\">\n\t\t\t\t\t<div class=\"elementor-divider\">\n\t\t\t<span class=\"elementor-divider-separator\">\n\t\t\t\t\t\t<\/span>\n\t\t<\/div>\n\t\t\t\t<\/div>\n\t\t\t\t<\/div>\n\t\t\t\t\t<\/div>\n\t\t<\/div>\n\t\t\t\t\t\t\t<\/div>\n\t\t<\/section>\n\t\t\t\t<section class=\"elementor-section elementor-top-section elementor-element elementor-element-30b04f2 elementor-section-boxed elementor-section-height-default elementor-section-height-default\" data-id=\"30b04f2\" data-element_type=\"section\">\n\t\t\t\t\t\t<div class=\"elementor-container elementor-column-gap-default\">\n\t\t\t\t\t<div class=\"elementor-column elementor-col-33 elementor-top-column elementor-element elementor-element-87ecd12\" data-id=\"87ecd12\" data-element_type=\"column\">\n\t\t\t<div class=\"elementor-widget-wrap elementor-element-populated\">\n\t\t\t\t\t\t\t\t<div class=\"elementor-element elementor-element-41344fe elementor-widget elementor-widget-heading\" data-id=\"41344fe\" data-element_type=\"widget\" data-widget_type=\"heading.default\">\n\t\t\t\t<div class=\"elementor-widget-container\">\n\t\t\t<h6 class=\"elementor-heading-title elementor-size-default\">Lina Sakalauskien\u0117<\/h6>\t\t<\/div>\n\t\t\t\t<\/div>\n\t\t\t\t<div class=\"elementor-element elementor-element-4552c50 elementor-widget elementor-widget-text-editor\" data-id=\"4552c50\" data-element_type=\"widget\" data-widget_type=\"text-editor.default\">\n\t\t\t\t<div class=\"elementor-widget-container\">\n\t\t\t\t\t\t\t<div class=\"description\"><div class=\"profile\"><div class=\"description\"><div class=\"description\">Statybos fakulteto dekan\u0117<br \/>Telefonas <a href=\"tel:+37052343820\">(8 5) 234 3820<\/a><\/div><div class=\"email\"><span id=\"cloak2e3d6845b1682cfa5ea72975194e6421\"><a href=\"mailto:l.sakalauskiene@vtdko.lt\">l.sakalauskiene@vtdko.lt<\/a><\/span><\/div><\/div><\/div><\/div>\t\t\t\t\t\t<\/div>\n\t\t\t\t<\/div>\n\t\t\t\t\t<\/div>\n\t\t<\/div>\n\t\t\t\t<div class=\"elementor-column elementor-col-33 elementor-top-column elementor-element elementor-element-661b10c\" data-id=\"661b10c\" data-element_type=\"column\">\n\t\t\t<div class=\"elementor-widget-wrap elementor-element-populated\">\n\t\t\t\t\t\t\t\t<div class=\"elementor-element elementor-element-9b3e197 elementor-widget elementor-widget-heading\" data-id=\"9b3e197\" data-element_type=\"widget\" data-widget_type=\"heading.default\">\n\t\t\t\t<div class=\"elementor-widget-container\">\n\t\t\t<h6 class=\"elementor-heading-title elementor-size-default\">Airida Tylien\u0117<\/h6>\t\t<\/div>\n\t\t\t\t<\/div>\n\t\t\t\t<div class=\"elementor-element elementor-element-67af313 elementor-widget elementor-widget-text-editor\" data-id=\"67af313\" data-element_type=\"widget\" data-widget_type=\"text-editor.default\">\n\t\t\t\t<div class=\"elementor-widget-container\">\n\t\t\t\t\t\t\t<div class=\"description\"><div class=\"description\"><div class=\"description\"><div class=\"description\">Statybos fakulteto prodekan\u0117<br \/>Telefonas <a href=\"tel:+37052341490\">(8 5) 234 1490<\/a>; Mob. <a href=\"tel:+37064052923\">8 640 52923<\/a><\/div><div class=\"email\"><span id=\"cloakfcf834bb7f037627672fb6e0675f3b0c\"><a href=\"mailto:a.tyliene@vtdko.lt\">a.tyliene@vtdko.lt<\/a><\/span><\/div><\/div><\/div><\/div>\t\t\t\t\t\t<\/div>\n\t\t\t\t<\/div>\n\t\t\t\t\t<\/div>\n\t\t<\/div>\n\t\t\t\t<div class=\"elementor-column elementor-col-33 elementor-top-column elementor-element elementor-element-ef6bee2\" data-id=\"ef6bee2\" data-element_type=\"column\">\n\t\t\t<div class=\"elementor-widget-wrap elementor-element-populated\">\n\t\t\t\t\t\t\t\t<div class=\"elementor-element elementor-element-a2c98a5 elementor-widget elementor-widget-heading\" data-id=\"a2c98a5\" data-element_type=\"widget\" data-widget_type=\"heading.default\">\n\t\t\t\t<div class=\"elementor-widget-container\">\n\t\t\t<h6 class=\"elementor-heading-title elementor-size-default\">Zita Listavi\u010di\u016bt\u0117<\/h6>\t\t<\/div>\n\t\t\t\t<\/div>\n\t\t\t\t<div class=\"elementor-element elementor-element-7442787 elementor-widget elementor-widget-text-editor\" data-id=\"7442787\" data-element_type=\"widget\" data-widget_type=\"text-editor.default\">\n\t\t\t\t<div class=\"elementor-widget-container\">\n\t\t\t\t\t\t\t<div class=\"description\"><div class=\"description\"><div class=\"profile\"><div class=\"description\"><div class=\"profile\"><div class=\"description\"><div class=\"profile\"><div class=\"description\">Studij\u0173 koordinator\u0117<br \/>Telefonas <a href=\"tel:+37052341490\">(8 5) 234 1490<\/a>; Mob. <a href=\"tel:+37068578265\">8 685 78265<\/a><\/div><div class=\"email\"><span id=\"cloakf602f3986e08818e9f9955b705d26c1d\"><a href=\"mailto:z.listaviciute@vtdko.lt\">z.listaviciute@vtdko.lt<\/a><\/span><\/div><\/div><\/div><\/div><\/div><\/div><\/div><\/div>\t\t\t\t\t\t<\/div>\n\t\t\t\t<\/div>\n\t\t\t\t\t<\/div>\n\t\t<\/div>\n\t\t\t\t\t\t\t<\/div>\n\t\t<\/section>\n\t\t\t\t<section class=\"elementor-section elementor-top-section elementor-element elementor-element-84edf3c elementor-section-boxed elementor-section-height-default elementor-section-height-default\" data-id=\"84edf3c\" data-element_type=\"section\">\n\t\t\t\t\t\t<div class=\"elementor-container elementor-column-gap-default\">\n\t\t\t\t\t<div class=\"elementor-column elementor-col-33 elementor-top-column elementor-element elementor-element-e1eec08\" data-id=\"e1eec08\" data-element_type=\"column\">\n\t\t\t<div class=\"elementor-widget-wrap elementor-element-populated\">\n\t\t\t\t\t\t\t\t<div class=\"elementor-element elementor-element-1abe8af elementor-widget elementor-widget-heading\" data-id=\"1abe8af\" data-element_type=\"widget\" data-widget_type=\"heading.default\">\n\t\t\t\t<div class=\"elementor-widget-container\">\n\t\t\t<h6 class=\"elementor-heading-title elementor-size-default\">J\u016brat\u0117 Romeikien\u0117<\/h6>\t\t<\/div>\n\t\t\t\t<\/div>\n\t\t\t\t<div class=\"elementor-element elementor-element-efb8662 elementor-widget elementor-widget-text-editor\" data-id=\"efb8662\" data-element_type=\"widget\" data-widget_type=\"text-editor.default\">\n\t\t\t\t<div class=\"elementor-widget-container\">\n\t\t\t\t\t\t\t<div class=\"description\"><div class=\"description\"><div class=\"description\"><div class=\"description\">Studij\u0173 koordinator\u0117<br \/>Telefonas <a href=\"tel:+37052343820\">(8 5) 234 3820<\/a>; Mob. <a href=\"tel:+37065264959\">8 652 64959<\/a><\/div><div class=\"email\"><span id=\"cloak7acf19377f1844eb1e208f1b615dd029\"><a href=\"mailto:j.romeikiene@vtdko.lt\">j.romeikiene@vtdko.lt<\/a><\/span><\/div><\/div><\/div><\/div>\t\t\t\t\t\t<\/div>\n\t\t\t\t<\/div>\n\t\t\t\t\t<\/div>\n\t\t<\/div>\n\t\t\t\t<div class=\"elementor-column elementor-col-33 elementor-top-column elementor-element elementor-element-186bdbd\" data-id=\"186bdbd\" data-element_type=\"column\">\n\t\t\t<div class=\"elementor-widget-wrap elementor-element-populated\">\n\t\t\t\t\t\t\t\t<div class=\"elementor-element elementor-element-fc7c7f0 elementor-widget elementor-widget-heading\" data-id=\"fc7c7f0\" data-element_type=\"widget\" data-widget_type=\"heading.default\">\n\t\t\t\t<div class=\"elementor-widget-container\">\n\t\t\t<h6 class=\"elementor-heading-title elementor-size-default\">Julijana V\u017eesniauskien\u0117<\/h6>\t\t<\/div>\n\t\t\t\t<\/div>\n\t\t\t\t<div class=\"elementor-element elementor-element-5d5304c elementor-widget elementor-widget-text-editor\" data-id=\"5d5304c\" data-element_type=\"widget\" data-widget_type=\"text-editor.default\">\n\t\t\t\t<div class=\"elementor-widget-container\">\n\t\t\t\t\t\t\t<div class=\"description\"><div class=\"description\"><div class=\"description\"><div class=\"description\"><div class=\"description\">Studij\u0173 koordinator\u0117<br \/>Telefonas <a href=\"tel:+37052343820\">(8 5) 234 3820<\/a><\/div><div class=\"email\"><span id=\"cloaka6dead3101623ea9f423b6719a7e3760\"><a href=\"mailto:j.vzesniauskiene@vtdko.lt\">j.vzesniauskiene@vtdko.lt<\/a><\/span><\/div><\/div><\/div><\/div><\/div>\t\t\t\t\t\t<\/div>\n\t\t\t\t<\/div>\n\t\t\t\t\t<\/div>\n\t\t<\/div>\n\t\t\t\t<div class=\"elementor-column elementor-col-33 elementor-top-column elementor-element elementor-element-3581a72\" data-id=\"3581a72\" data-element_type=\"column\">\n\t\t\t<div class=\"elementor-widget-wrap\">\n\t\t\t\t\t\t\t\t\t<\/div>\n\t\t<\/div>\n\t\t\t\t\t\t\t<\/div>\n\t\t<\/section>\n\t\t\t\t<section class=\"elementor-section elementor-top-section elementor-element elementor-element-072574b elementor-section-boxed elementor-section-height-default elementor-section-height-default\" data-id=\"072574b\" data-element_type=\"section\">\n\t\t\t\t\t\t<div class=\"elementor-container elementor-column-gap-default\">\n\t\t\t\t\t<div class=\"elementor-column elementor-col-100 elementor-top-column elementor-element elementor-element-c2c9275\" data-id=\"c2c9275\" data-element_type=\"column\">\n\t\t\t<div class=\"elementor-widget-wrap elementor-element-populated\">\n\t\t\t\t\t\t\t\t<div class=\"elementor-element elementor-element-b80b06f elementor-widget-divider--view-line elementor-widget elementor-widget-divider\" data-id=\"b80b06f\" data-element_type=\"widget\" data-widget_type=\"divider.default\">\n\t\t\t\t<div class=\"elementor-widget-container\">\n\t\t\t\t\t<div class=\"elementor-divider\">\n\t\t\t<span class=\"elementor-divider-separator\">\n\t\t\t\t\t\t<\/span>\n\t\t<\/div>\n\t\t\t\t<\/div>\n\t\t\t\t<\/div>\n\t\t\t\t\t<\/div>\n\t\t<\/div>\n\t\t\t\t\t\t\t<\/div>\n\t\t<\/section>\n\t\t\t\t<section class=\"elementor-section elementor-top-section elementor-element elementor-element-11f985c elementor-section-boxed elementor-section-height-default elementor-section-height-default\" data-id=\"11f985c\" data-element_type=\"section\">\n\t\t\t\t\t\t<div class=\"elementor-container elementor-column-gap-default\">\n\t\t\t\t\t<div class=\"elementor-column elementor-col-100 elementor-top-column elementor-element elementor-element-5ab7b97\" data-id=\"5ab7b97\" data-element_type=\"column\">\n\t\t\t<div class=\"elementor-widget-wrap elementor-element-populated\">\n\t\t\t\t\t\t\t\t<div class=\"elementor-element elementor-element-126dfab elementor-widget elementor-widget-text-editor\" data-id=\"126dfab\" data-element_type=\"widget\" data-widget_type=\"text-editor.default\">\n\t\t\t\t<div class=\"elementor-widget-container\">\n\t\t\t\t\t\t\t<p style=\"text-align: center;\"><a href=\"https:\/\/wp.adisoft.lt\/vtdko\/statybos-fakulteto-konktaktai\/statybos-katedros-kontaktai\/\">Statybos in\u017einerijos katedra<\/a><\/p><p style=\"text-align: center;\"><a href=\"https:\/\/wp.adisoft.lt\/vtdko\/statybos-fakulteto-konktaktai\/verslo-ir-viesosios-vadybos-katedra\/\">Verslo ir vie\u0161osios vadybos katedra<\/a><\/p>\t\t\t\t\t\t<\/div>\n\t\t\t\t<\/div>\n\t\t\t\t<div class=\"elementor-element elementor-element-d7e9153 elementor-widget elementor-widget-spacer\" data-id=\"d7e9153\" data-element_type=\"widget\" data-widget_type=\"spacer.default\">\n\t\t\t\t<div class=\"elementor-widget-container\">\n\t\t\t\t\t<div class=\"elementor-spacer\">\n\t\t\t<div class=\"elementor-spacer-inner\"><\/div>\n\t\t<\/div>\n\t\t\t\t<\/div>\n\t\t\t\t<\/div>\n\t\t\t\t\t<\/div>\n\t\t<\/div>\n\t\t\t\t\t\t\t<\/div>\n\t\t<\/section>\n\t\t\t\t\t\t\t<\/div>\n\t\t","protected":false},"excerpt":{"rendered":"<p>Statybos fakulteto administracija Vilniaus technologij\u0173 ir dizaino kolegija \u2013 \u010dia hobis virsta profesija! Statybos fakulteto administracija Adresas Antakalnio g. 54, VilniusTelefonas (8 5) 234 3820Faksas (8 5) 234 3769El. pa\u0161tas\u00a0sf@vtdko.lt Lina Sakalauskien\u0117 Statybos fakulteto dekan\u0117Telefonas (8 5) 234 3820l.sakalauskiene@vtdko.lt Airida Tylien\u0117 Statybos fakulteto prodekan\u0117Telefonas (8 5) 234 1490; Mob. 8 640 52923a.tyliene@vtdko.lt Zita Listavi\u010di\u016bt\u0117 Studij\u0173&#8230;<\/p>\n","protected":false},"author":1,"featured_media":0,"parent":0,"menu_order":0,"comment_status":"closed","ping_status":"closed","template":"","meta":{"inline_featured_image":false,"footnotes":""},"class_list":["post-996137","page","type-page","status-publish","hentry"],"yoast_head":"<!-- This site is optimized with the Yoast SEO plugin v19.12 - https:\/\/yoast.com\/wordpress\/plugins\/seo\/ -->\n<title>Statybos fakulteto kontaktai - vtdko<\/title>\n<meta name=\"robots\" content=\"noindex, follow, max-snippet:-1, max-image-preview:large, max-video-preview:-1\" \/>\n<meta property=\"og:locale\" content=\"en_US\" \/>\n<meta property=\"og:type\" content=\"article\" \/>\n<meta property=\"og:title\" content=\"Statybos fakulteto kontaktai - vtdko\" \/>\n<meta property=\"og:description\" content=\"Statybos fakulteto administracija Vilniaus technologij\u0173 ir dizaino kolegija \u2013 \u010dia hobis virsta profesija! Statybos fakulteto administracija Adresas Antakalnio g. 54, VilniusTelefonas (8 5) 234 3820Faksas (8 5) 234 3769El. pa\u0161tas\u00a0sf@vtdko.lt Lina Sakalauskien\u0117 Statybos fakulteto dekan\u0117Telefonas (8 5) 234 3820l.sakalauskiene@vtdko.lt Airida Tylien\u0117 Statybos fakulteto prodekan\u0117Telefonas (8 5) 234 1490; Mob. 8 640 52923a.tyliene@vtdko.lt Zita Listavi\u010di\u016bt\u0117 Studij\u0173...\" \/>\n<meta property=\"og:url\" content=\"https:\/\/wp.adisoft.lt\/vtdko\/en\/statybos-fakulteto-konktaktai\/\" \/>\n<meta property=\"og:site_name\" content=\"vtdko\" \/>\n<meta name=\"twitter:card\" content=\"summary_large_image\" \/>\n<script type=\"application\/ld+json\" class=\"yoast-schema-graph\">{\"@context\":\"https:\/\/schema.org\",\"@graph\":[{\"@type\":\"WebPage\",\"@id\":\"https:\/\/wp.adisoft.lt\/vtdko\/en\/statybos-fakulteto-konktaktai\/\",\"url\":\"https:\/\/wp.adisoft.lt\/vtdko\/en\/statybos-fakulteto-konktaktai\/\",\"name\":\"Statybos fakulteto kontaktai - vtdko\",\"isPartOf\":{\"@id\":\"https:\/\/wp.adisoft.lt\/vtdko\/en\/#website\"},\"datePublished\":\"2022-09-20T14:00:09+00:00\",\"dateModified\":\"2022-09-20T14:00:09+00:00\",\"breadcrumb\":{\"@id\":\"https:\/\/wp.adisoft.lt\/vtdko\/en\/statybos-fakulteto-konktaktai\/#breadcrumb\"},\"inLanguage\":\"en-US\",\"potentialAction\":[{\"@type\":\"ReadAction\",\"target\":[\"https:\/\/wp.adisoft.lt\/vtdko\/en\/statybos-fakulteto-konktaktai\/\"]}]},{\"@type\":\"BreadcrumbList\",\"@id\":\"https:\/\/wp.adisoft.lt\/vtdko\/en\/statybos-fakulteto-konktaktai\/#breadcrumb\",\"itemListElement\":[{\"@type\":\"ListItem\",\"position\":1,\"name\":\"Pagrindinis\",\"item\":\"https:\/\/wp.adisoft.lt\/vtdko\/en\/pagrindinis\/\"},{\"@type\":\"ListItem\",\"position\":2,\"name\":\"Statybos fakulteto kontaktai\"}]},{\"@type\":\"WebSite\",\"@id\":\"https:\/\/wp.adisoft.lt\/vtdko\/en\/#website\",\"url\":\"https:\/\/wp.adisoft.lt\/vtdko\/en\/\",\"name\":\"vtdko\",\"description\":\"Vilniaus technologij\u0173 ir dizaino kolegija\",\"publisher\":{\"@id\":\"https:\/\/wp.adisoft.lt\/vtdko\/en\/#organization\"},\"potentialAction\":[{\"@type\":\"SearchAction\",\"target\":{\"@type\":\"EntryPoint\",\"urlTemplate\":\"https:\/\/wp.adisoft.lt\/vtdko\/en\/?s={search_term_string}\"},\"query-input\":\"required name=search_term_string\"}],\"inLanguage\":\"en-US\"},{\"@type\":\"Organization\",\"@id\":\"https:\/\/wp.adisoft.lt\/vtdko\/en\/#organization\",\"name\":\"vtdko\",\"url\":\"https:\/\/wp.adisoft.lt\/vtdko\/en\/\",\"logo\":{\"@type\":\"ImageObject\",\"inLanguage\":\"en-US\",\"@id\":\"https:\/\/wp.adisoft.lt\/vtdko\/en\/#\/schema\/logo\/image\/\",\"url\":\"https:\/\/wp.adisoft.lt\/vtdko\/wp-content\/uploads\/2020\/02\/Logo-su-tekstu-01.svg\",\"contentUrl\":\"https:\/\/wp.adisoft.lt\/vtdko\/wp-content\/uploads\/2020\/02\/Logo-su-tekstu-01.svg\",\"width\":151,\"height\":74,\"caption\":\"vtdko\"},\"image\":{\"@id\":\"https:\/\/wp.adisoft.lt\/vtdko\/en\/#\/schema\/logo\/image\/\"}}]}<\/script>\n<!-- \/ Yoast SEO plugin. -->","yoast_head_json":{"title":"Statybos fakulteto kontaktai - vtdko","robots":{"index":"noindex","follow":"follow","max-snippet":"max-snippet:-1","max-image-preview":"max-image-preview:large","max-video-preview":"max-video-preview:-1"},"og_locale":"en_US","og_type":"article","og_title":"Statybos fakulteto kontaktai - vtdko","og_description":"Statybos fakulteto administracija Vilniaus technologij\u0173 ir dizaino kolegija \u2013 \u010dia hobis virsta profesija! Statybos fakulteto administracija Adresas Antakalnio g. 54, VilniusTelefonas (8 5) 234 3820Faksas (8 5) 234 3769El. pa\u0161tas\u00a0sf@vtdko.lt Lina Sakalauskien\u0117 Statybos fakulteto dekan\u0117Telefonas (8 5) 234 3820l.sakalauskiene@vtdko.lt Airida Tylien\u0117 Statybos fakulteto prodekan\u0117Telefonas (8 5) 234 1490; Mob. 8 640 52923a.tyliene@vtdko.lt Zita Listavi\u010di\u016bt\u0117 Studij\u0173...","og_url":"https:\/\/wp.adisoft.lt\/vtdko\/en\/statybos-fakulteto-konktaktai\/","og_site_name":"vtdko","twitter_card":"summary_large_image","schema":{"@context":"https:\/\/schema.org","@graph":[{"@type":"WebPage","@id":"https:\/\/wp.adisoft.lt\/vtdko\/en\/statybos-fakulteto-konktaktai\/","url":"https:\/\/wp.adisoft.lt\/vtdko\/en\/statybos-fakulteto-konktaktai\/","name":"Statybos fakulteto kontaktai - vtdko","isPartOf":{"@id":"https:\/\/wp.adisoft.lt\/vtdko\/en\/#website"},"datePublished":"2022-09-20T14:00:09+00:00","dateModified":"2022-09-20T14:00:09+00:00","breadcrumb":{"@id":"https:\/\/wp.adisoft.lt\/vtdko\/en\/statybos-fakulteto-konktaktai\/#breadcrumb"},"inLanguage":"en-US","potentialAction":[{"@type":"ReadAction","target":["https:\/\/wp.adisoft.lt\/vtdko\/en\/statybos-fakulteto-konktaktai\/"]}]},{"@type":"BreadcrumbList","@id":"https:\/\/wp.adisoft.lt\/vtdko\/en\/statybos-fakulteto-konktaktai\/#breadcrumb","itemListElement":[{"@type":"ListItem","position":1,"name":"Pagrindinis","item":"https:\/\/wp.adisoft.lt\/vtdko\/en\/pagrindinis\/"},{"@type":"ListItem","position":2,"name":"Statybos fakulteto kontaktai"}]},{"@type":"WebSite","@id":"https:\/\/wp.adisoft.lt\/vtdko\/en\/#website","url":"https:\/\/wp.adisoft.lt\/vtdko\/en\/","name":"vtdko","description":"Vilniaus technologij\u0173 ir dizaino kolegija","publisher":{"@id":"https:\/\/wp.adisoft.lt\/vtdko\/en\/#organization"},"potentialAction":[{"@type":"SearchAction","target":{"@type":"EntryPoint","urlTemplate":"https:\/\/wp.adisoft.lt\/vtdko\/en\/?s={search_term_string}"},"query-input":"required name=search_term_string"}],"inLanguage":"en-US"},{"@type":"Organization","@id":"https:\/\/wp.adisoft.lt\/vtdko\/en\/#organization","name":"vtdko","url":"https:\/\/wp.adisoft.lt\/vtdko\/en\/","logo":{"@type":"ImageObject","inLanguage":"en-US","@id":"https:\/\/wp.adisoft.lt\/vtdko\/en\/#\/schema\/logo\/image\/","url":"https:\/\/wp.adisoft.lt\/vtdko\/wp-content\/uploads\/2020\/02\/Logo-su-tekstu-01.svg","contentUrl":"https:\/\/wp.adisoft.lt\/vtdko\/wp-content\/uploads\/2020\/02\/Logo-su-tekstu-01.svg","width":151,"height":74,"caption":"vtdko"},"image":{"@id":"https:\/\/wp.adisoft.lt\/vtdko\/en\/#\/schema\/logo\/image\/"}}]}},"_links":{"self":[{"href":"https:\/\/wp.adisoft.lt\/vtdko\/en\/wp-json\/wp\/v2\/pages\/996137","targetHints":{"allow":["GET"]}}],"collection":[{"href":"https:\/\/wp.adisoft.lt\/vtdko\/en\/wp-json\/wp\/v2\/pages"}],"about":[{"href":"https:\/\/wp.adisoft.lt\/vtdko\/en\/wp-json\/wp\/v2\/types\/page"}],"author":[{"embeddable":true,"href":"https:\/\/wp.adisoft.lt\/vtdko\/en\/wp-json\/wp\/v2\/users\/1"}],"replies":[{"embeddable":true,"href":"https:\/\/wp.adisoft.lt\/vtdko\/en\/wp-json\/wp\/v2\/comments?post=996137"}],"version-history":[{"count":0,"href":"https:\/\/wp.adisoft.lt\/vtdko\/en\/wp-json\/wp\/v2\/pages\/996137\/revisions"}],"wp:attachment":[{"href":"https:\/\/wp.adisoft.lt\/vtdko\/en\/wp-json\/wp\/v2\/media?parent=996137"}],"curies":[{"name":"wp","href":"https:\/\/api.w.org\/{rel}","templated":true}]}}