{"id":988048,"date":"2022-09-23T13:50:32","date_gmt":"2022-09-23T10:50:32","guid":{"rendered":"https:\/\/wp.adisoft.lt\/vtdko\/?page_id=988048"},"modified":"2023-02-02T10:39:02","modified_gmt":"2023-02-02T07:39:02","slug":"korupcijos-prevencija","status":"publish","type":"page","link":"https:\/\/wp.adisoft.lt\/vtdko\/korupcijos-prevencija\/","title":{"rendered":"Korupcijos prevencija"},"content":{"rendered":"\t\t<div data-elementor-type=\"wp-page\" data-elementor-id=\"988048\" class=\"elementor elementor-988048\">\n\t\t\t\t\t\t\t\t\t<section class=\"elementor-section elementor-top-section elementor-element elementor-element-9e21fd7 elementor-section-height-min-height elementor-section-boxed elementor-section-height-default elementor-section-items-middle\" data-id=\"9e21fd7\" data-element_type=\"section\" data-settings=\"{&quot;background_background&quot;:&quot;classic&quot;,&quot;animation&quot;:&quot;none&quot;}\">\n\t\t\t\t\t\t<div class=\"elementor-container elementor-column-gap-default\">\n\t\t\t\t\t<div class=\"elementor-column elementor-col-100 elementor-top-column elementor-element elementor-element-51857e4\" data-id=\"51857e4\" data-element_type=\"column\" data-settings=\"{&quot;background_background&quot;:&quot;classic&quot;}\">\n\t\t\t<div class=\"elementor-widget-wrap\">\n\t\t\t\t\t\t\t\t\t<\/div>\n\t\t<\/div>\n\t\t\t\t\t\t\t<\/div>\n\t\t<\/section>\n\t\t\t\t<section class=\"elementor-section elementor-top-section elementor-element elementor-element-e42fbeb elementor-section-boxed elementor-section-height-default elementor-section-height-default\" data-id=\"e42fbeb\" data-element_type=\"section\" data-settings=\"{&quot;animation&quot;:&quot;none&quot;,&quot;animation_tablet&quot;:&quot;none&quot;,&quot;animation_mobile&quot;:&quot;none&quot;}\">\n\t\t\t\t\t\t<div class=\"elementor-container elementor-column-gap-no\">\n\t\t\t\t\t<div class=\"elementor-column elementor-col-50 elementor-top-column elementor-element elementor-element-cce9d38 animated-fast elementor-invisible\" data-id=\"cce9d38\" data-element_type=\"column\" data-settings=\"{&quot;background_background&quot;:&quot;classic&quot;,&quot;animation&quot;:&quot;fadeIn&quot;,&quot;animation_delay&quot;:100}\">\n\t\t\t<div class=\"elementor-widget-wrap elementor-element-populated\">\n\t\t\t\t\t\t\t\t<div class=\"elementor-element elementor-element-72d96eb elementor-widget__width-auto elementor-widget-tablet__width-auto elementor-widget-mobile__width-inherit elementor-widget elementor-widget-heading\" data-id=\"72d96eb\" data-element_type=\"widget\" data-settings=\"{&quot;_animation&quot;:&quot;none&quot;,&quot;_animation_delay&quot;:200}\" data-widget_type=\"heading.heading_charityfy\">\n\t\t\t\t<div class=\"elementor-widget-container\">\n\t\t\t<h1 class=\"elementor-heading-title elementor-size-default\">Korupcijos prevencija<\/h1>\t\t<\/div>\n\t\t\t\t<\/div>\n\t\t\t\t<div class=\"elementor-element elementor-element-21ad593 elementor-widget elementor-widget-text-editor\" data-id=\"21ad593\" data-element_type=\"widget\" data-settings=\"{&quot;_animation&quot;:&quot;none&quot;,&quot;_animation_delay&quot;:300}\" data-widget_type=\"text-editor.default\">\n\t\t\t\t<div class=\"elementor-widget-container\">\n\t\t\t\t\t\t\t<p>Vilniaus technologij\u0173 ir dizaino kolegija \u2013 \u010dia hobis virsta profesija!<\/p>\t\t\t\t\t\t<\/div>\n\t\t\t\t<\/div>\n\t\t\t\t\t<\/div>\n\t\t<\/div>\n\t\t\t\t<div class=\"elementor-column elementor-col-50 elementor-top-column elementor-element elementor-element-9de4979 elementor-hidden-desktop elementor-hidden-tablet elementor-hidden-phone\" data-id=\"9de4979\" data-element_type=\"column\">\n\t\t\t<div class=\"elementor-widget-wrap\">\n\t\t\t\t\t\t\t\t\t<\/div>\n\t\t<\/div>\n\t\t\t\t\t\t\t<\/div>\n\t\t<\/section>\n\t\t\t\t<section class=\"elementor-section elementor-top-section elementor-element elementor-element-b94ab3d elementor-section-boxed elementor-section-height-default elementor-section-height-default\" data-id=\"b94ab3d\" data-element_type=\"section\">\n\t\t\t\t\t\t<div class=\"elementor-container elementor-column-gap-default\">\n\t\t\t\t\t<div class=\"elementor-column elementor-col-100 elementor-top-column elementor-element elementor-element-74e0be2\" data-id=\"74e0be2\" data-element_type=\"column\">\n\t\t\t<div class=\"elementor-widget-wrap elementor-element-populated\">\n\t\t\t\t\t\t\t\t<div class=\"elementor-element elementor-element-995c8bd elementor-widget elementor-widget-spacer\" data-id=\"995c8bd\" data-element_type=\"widget\" data-widget_type=\"spacer.default\">\n\t\t\t\t<div class=\"elementor-widget-container\">\n\t\t\t\t\t<div class=\"elementor-spacer\">\n\t\t\t<div class=\"elementor-spacer-inner\"><\/div>\n\t\t<\/div>\n\t\t\t\t<\/div>\n\t\t\t\t<\/div>\n\t\t\t\t\t<\/div>\n\t\t<\/div>\n\t\t\t\t\t\t\t<\/div>\n\t\t<\/section>\n\t\t\t\t<section class=\"elementor-section elementor-top-section elementor-element elementor-element-c4389a0 elementor-section-boxed elementor-section-height-default elementor-section-height-default\" data-id=\"c4389a0\" data-element_type=\"section\">\n\t\t\t\t\t\t<div class=\"elementor-container elementor-column-gap-default\">\n\t\t\t\t\t<div class=\"elementor-column elementor-col-100 elementor-top-column elementor-element elementor-element-6057fdc\" data-id=\"6057fdc\" data-element_type=\"column\">\n\t\t\t<div class=\"elementor-widget-wrap elementor-element-populated\">\n\t\t\t\t\t\t\t\t<div class=\"elementor-element elementor-element-c12f9a7 elementor-widget elementor-widget-text-editor\" data-id=\"c12f9a7\" data-element_type=\"widget\" data-widget_type=\"text-editor.default\">\n\t\t\t\t<div class=\"elementor-widget-container\">\n\t\t\t\t\t\t\t<p><b>Korupcijos prevencijos VTDK tikslas \u2013 siekti, kad kolegijos vykdoma veikla b\u016bt\u0173 skaidri.<\/b><\/p>\n<p>Korupcijos prevencija \u2013 korupcijos prie\u017eas\u010di\u0173, s\u0105lyg\u0173 atskleidimas ir \u0161alinimas sudarant bei \u012fgyvendinant atitinkam\u0173 priemoni\u0173 sistem\u0105, taip pat poveikis asmenims siekiant atgrasinti nuo korupcinio pob\u016bd\u017eio nusikalstam\u0173 veik\u0173 darymo. Jeigu turite \u017eini\u0173 apie galimus korupcijos po\u017eymius kolegijoje, piktnaud\u017eiavim\u0105 tarnybine pad\u0117timi, kvie\u010diame apie tai prane\u0161ti:<\/p>\n<ul>\n<li>el. pa\u0161tu&nbsp;<a href=\"mailto:antikorupcija@vtdko.lt\">antikorupcija@vtdko.lt<\/a><\/li>\n<li>paskambinti telefonu (8 5) 230 21 40<\/li>\n<li>atvykus \u012f kolegij\u0105 (adresu Antakalnio g. 54, Vilnius) pateikti prane\u0161im\u0105 ra\u0161tu Eglei Intienei, atsakingai u\u017e korupcijos prevencij\u0105<\/li>\n<li>prane\u0161ti Speciali\u0173j\u0173 tyrim\u0173 tarnybai el. pa\u0161tu&nbsp;<a href=\"mailto:stt@stt.lt\">stt@stt.lt<\/a><br><br><\/li>\n<\/ul>\t\t\t\t\t\t<\/div>\n\t\t\t\t<\/div>\n\t\t\t\t\t<\/div>\n\t\t<\/div>\n\t\t\t\t\t\t\t<\/div>\n\t\t<\/section>\n\t\t\t\t<section class=\"elementor-section elementor-top-section elementor-element elementor-element-df0b0d8 elementor-section-boxed elementor-section-height-default elementor-section-height-default\" data-id=\"df0b0d8\" data-element_type=\"section\" data-settings=\"{&quot;background_background&quot;:&quot;classic&quot;}\">\n\t\t\t\t\t\t<div class=\"elementor-container elementor-column-gap-default\">\n\t\t\t\t\t<div class=\"elementor-column elementor-col-100 elementor-top-column elementor-element elementor-element-5a1a370\" data-id=\"5a1a370\" data-element_type=\"column\">\n\t\t\t<div class=\"elementor-widget-wrap elementor-element-populated\">\n\t\t\t\t\t\t\t\t<div class=\"elementor-element elementor-element-732d6cc elementor-widget elementor-widget-spacer\" data-id=\"732d6cc\" data-element_type=\"widget\" data-widget_type=\"spacer.default\">\n\t\t\t\t<div class=\"elementor-widget-container\">\n\t\t\t\t\t<div class=\"elementor-spacer\">\n\t\t\t<div class=\"elementor-spacer-inner\"><\/div>\n\t\t<\/div>\n\t\t\t\t<\/div>\n\t\t\t\t<\/div>\n\t\t\t\t<div class=\"elementor-element elementor-element-b8510e7 elementor-widget elementor-widget-text-editor\" data-id=\"b8510e7\" data-element_type=\"widget\" data-widget_type=\"text-editor.default\">\n\t\t\t\t<div class=\"elementor-widget-container\">\n\t\t\t\t\t\t\t<p>U\u017etikriname J\u016bs\u0173 asmens informacijos konfidencialum\u0105, be prane\u0161\u0117jo sutikimo jo pateikti asmens duomenys nebus vie\u0161inami (i\u0161skyrus atvejus, kai teis\u0117s aktai numato, kad duomenys privalo b\u016bti pavie\u0161inti). Atkreipiame d\u0117mes\u012f, kad prane\u0161imas gali b\u016bti ir anoniminis, nenurodant savo asmens ir kontaktini\u0173 duomen\u0173. Prane\u0161imai, skundai ar kita pateikta informacija nagrin\u0117jama vadovaujantis Lietuvos Respublikos vie\u0161ojo administravimo \u012fstatymo nustatyta tvarka ir terminais. Asmuo, pateik\u0119s prane\u0161im\u0105, apie korupcijos aprai\u0161kas, gali b\u016bti neinformuojamas apie priimtus sprendimus, jei jis nenurodo savo vardo ir pavard\u0117s, telefono numerio arba el. pa\u0161to adreso ar kito adreso, kuriuo galima pateikti atsakym\u0105. <b><a href=\"https:\/\/www.e-tar.lt\/portal\/lt\/legalAct\/TAR.4DBDE27621A2\/AeGwNWRfhL\">Korupcijos prevencijos \u012fstatymas<\/a>.<\/b>\u00a0<\/p><p>2021 m. gruod\u017eio 31 d. kolegijos direktoriaus \u012fsakymu Nr. 1-165 ,,D\u0117l pareigybi\u0173 s\u0105ra\u0161o, d\u0117l kuri\u0173 teikiamas pra\u0161ymas Lietuvos Respublikos speciali\u0173j\u0173 tyrim\u0173 tarnybai pateikti informacij\u0105 apie asmen\u012f, patvirtinimo&#8221; patvirtintas pareigybi\u0173 s\u0105ra\u0161as (direktorius, direktoriaus pavaduotojas, padalinio vadovas, padalinio vadovo pavaduotojas), d\u0117l kuri\u0173 teikiamas pra\u0161ymas Lietuvos Respublikos speciali\u0173j\u0173 tyrim\u0173 tarnybai pateikti informacij\u0105 apie\u00a0 asmen\u012f.<\/p>\t\t\t\t\t\t<\/div>\n\t\t\t\t<\/div>\n\t\t\t\t<div class=\"elementor-element elementor-element-2cafa0f elementor-widget elementor-widget-spacer\" data-id=\"2cafa0f\" data-element_type=\"widget\" data-widget_type=\"spacer.default\">\n\t\t\t\t<div class=\"elementor-widget-container\">\n\t\t\t\t\t<div class=\"elementor-spacer\">\n\t\t\t<div class=\"elementor-spacer-inner\"><\/div>\n\t\t<\/div>\n\t\t\t\t<\/div>\n\t\t\t\t<\/div>\n\t\t\t\t\t<\/div>\n\t\t<\/div>\n\t\t\t\t\t\t\t<\/div>\n\t\t<\/section>\n\t\t\t\t\t\t\t<\/div>\n\t\t","protected":false},"excerpt":{"rendered":"<p>Korupcijos prevencija Vilniaus technologij\u0173 ir dizaino kolegija \u2013 \u010dia hobis virsta profesija! Korupcijos prevencijos VTDK tikslas \u2013 siekti, kad kolegijos vykdoma veikla b\u016bt\u0173 skaidri. Korupcijos prevencija \u2013 korupcijos prie\u017eas\u010di\u0173, s\u0105lyg\u0173 atskleidimas ir \u0161alinimas sudarant bei \u012fgyvendinant atitinkam\u0173 priemoni\u0173 sistem\u0105, taip pat poveikis asmenims siekiant atgrasinti nuo korupcinio pob\u016bd\u017eio nusikalstam\u0173 veik\u0173 darymo. Jeigu turite \u017eini\u0173 apie&#8230;<\/p>\n","protected":false},"author":1,"featured_media":0,"parent":0,"menu_order":0,"comment_status":"closed","ping_status":"closed","template":"","meta":{"inline_featured_image":false,"footnotes":""},"class_list":["post-988048","page","type-page","status-publish","hentry"],"yoast_head":"<!-- This site is optimized with the Yoast SEO plugin v19.12 - https:\/\/yoast.com\/wordpress\/plugins\/seo\/ -->\n<title>Korupcijos prevencija - vtdko<\/title>\n<meta name=\"robots\" content=\"noindex, follow, max-snippet:-1, max-image-preview:large, max-video-preview:-1\" \/>\n<meta property=\"og:locale\" content=\"lt_LT\" \/>\n<meta property=\"og:type\" content=\"article\" \/>\n<meta property=\"og:title\" content=\"Korupcijos prevencija - vtdko\" \/>\n<meta property=\"og:description\" content=\"Korupcijos prevencija Vilniaus technologij\u0173 ir dizaino kolegija \u2013 \u010dia hobis virsta profesija! Korupcijos prevencijos VTDK tikslas \u2013 siekti, kad kolegijos vykdoma veikla b\u016bt\u0173 skaidri. Korupcijos prevencija \u2013 korupcijos prie\u017eas\u010di\u0173, s\u0105lyg\u0173 atskleidimas ir \u0161alinimas sudarant bei \u012fgyvendinant atitinkam\u0173 priemoni\u0173 sistem\u0105, taip pat poveikis asmenims siekiant atgrasinti nuo korupcinio pob\u016bd\u017eio nusikalstam\u0173 veik\u0173 darymo. Jeigu turite \u017eini\u0173 apie...\" \/>\n<meta property=\"og:url\" content=\"https:\/\/wp.adisoft.lt\/vtdko\/korupcijos-prevencija\/\" \/>\n<meta property=\"og:site_name\" content=\"vtdko\" \/>\n<meta property=\"article:modified_time\" content=\"2023-02-02T07:39:02+00:00\" \/>\n<meta name=\"twitter:card\" content=\"summary_large_image\" \/>\n<meta name=\"twitter:label1\" content=\"Est. reading time\" \/>\n\t<meta name=\"twitter:data1\" content=\"2 minut\u0117s\" \/>\n<script type=\"application\/ld+json\" class=\"yoast-schema-graph\">{\"@context\":\"https:\/\/schema.org\",\"@graph\":[{\"@type\":\"WebPage\",\"@id\":\"https:\/\/wp.adisoft.lt\/vtdko\/korupcijos-prevencija\/\",\"url\":\"https:\/\/wp.adisoft.lt\/vtdko\/korupcijos-prevencija\/\",\"name\":\"Korupcijos prevencija - vtdko\",\"isPartOf\":{\"@id\":\"https:\/\/wp.adisoft.lt\/vtdko\/#website\"},\"datePublished\":\"2022-09-23T10:50:32+00:00\",\"dateModified\":\"2023-02-02T07:39:02+00:00\",\"breadcrumb\":{\"@id\":\"https:\/\/wp.adisoft.lt\/vtdko\/korupcijos-prevencija\/#breadcrumb\"},\"inLanguage\":\"lt-LT\",\"potentialAction\":[{\"@type\":\"ReadAction\",\"target\":[\"https:\/\/wp.adisoft.lt\/vtdko\/korupcijos-prevencija\/\"]}]},{\"@type\":\"BreadcrumbList\",\"@id\":\"https:\/\/wp.adisoft.lt\/vtdko\/korupcijos-prevencija\/#breadcrumb\",\"itemListElement\":[{\"@type\":\"ListItem\",\"position\":1,\"name\":\"Pagrindinis\",\"item\":\"https:\/\/wp.adisoft.lt\/vtdko\/\"},{\"@type\":\"ListItem\",\"position\":2,\"name\":\"Korupcijos prevencija\"}]},{\"@type\":\"WebSite\",\"@id\":\"https:\/\/wp.adisoft.lt\/vtdko\/#website\",\"url\":\"https:\/\/wp.adisoft.lt\/vtdko\/\",\"name\":\"vtdko\",\"description\":\"Vilniaus technologij\u0173 ir dizaino kolegija\",\"publisher\":{\"@id\":\"https:\/\/wp.adisoft.lt\/vtdko\/#organization\"},\"potentialAction\":[{\"@type\":\"SearchAction\",\"target\":{\"@type\":\"EntryPoint\",\"urlTemplate\":\"https:\/\/wp.adisoft.lt\/vtdko\/?s={search_term_string}\"},\"query-input\":\"required name=search_term_string\"}],\"inLanguage\":\"lt-LT\"},{\"@type\":\"Organization\",\"@id\":\"https:\/\/wp.adisoft.lt\/vtdko\/#organization\",\"name\":\"vtdko\",\"url\":\"https:\/\/wp.adisoft.lt\/vtdko\/\",\"logo\":{\"@type\":\"ImageObject\",\"inLanguage\":\"lt-LT\",\"@id\":\"https:\/\/wp.adisoft.lt\/vtdko\/#\/schema\/logo\/image\/\",\"url\":\"https:\/\/wp.adisoft.lt\/vtdko\/wp-content\/uploads\/2020\/02\/Logo-su-tekstu-01.svg\",\"contentUrl\":\"https:\/\/wp.adisoft.lt\/vtdko\/wp-content\/uploads\/2020\/02\/Logo-su-tekstu-01.svg\",\"width\":151,\"height\":74,\"caption\":\"vtdko\"},\"image\":{\"@id\":\"https:\/\/wp.adisoft.lt\/vtdko\/#\/schema\/logo\/image\/\"}}]}<\/script>\n<!-- \/ Yoast SEO plugin. -->","yoast_head_json":{"title":"Korupcijos prevencija - vtdko","robots":{"index":"noindex","follow":"follow","max-snippet":"max-snippet:-1","max-image-preview":"max-image-preview:large","max-video-preview":"max-video-preview:-1"},"og_locale":"lt_LT","og_type":"article","og_title":"Korupcijos prevencija - vtdko","og_description":"Korupcijos prevencija Vilniaus technologij\u0173 ir dizaino kolegija \u2013 \u010dia hobis virsta profesija! Korupcijos prevencijos VTDK tikslas \u2013 siekti, kad kolegijos vykdoma veikla b\u016bt\u0173 skaidri. Korupcijos prevencija \u2013 korupcijos prie\u017eas\u010di\u0173, s\u0105lyg\u0173 atskleidimas ir \u0161alinimas sudarant bei \u012fgyvendinant atitinkam\u0173 priemoni\u0173 sistem\u0105, taip pat poveikis asmenims siekiant atgrasinti nuo korupcinio pob\u016bd\u017eio nusikalstam\u0173 veik\u0173 darymo. Jeigu turite \u017eini\u0173 apie...","og_url":"https:\/\/wp.adisoft.lt\/vtdko\/korupcijos-prevencija\/","og_site_name":"vtdko","article_modified_time":"2023-02-02T07:39:02+00:00","twitter_card":"summary_large_image","twitter_misc":{"Est. reading time":"2 minut\u0117s"},"schema":{"@context":"https:\/\/schema.org","@graph":[{"@type":"WebPage","@id":"https:\/\/wp.adisoft.lt\/vtdko\/korupcijos-prevencija\/","url":"https:\/\/wp.adisoft.lt\/vtdko\/korupcijos-prevencija\/","name":"Korupcijos prevencija - vtdko","isPartOf":{"@id":"https:\/\/wp.adisoft.lt\/vtdko\/#website"},"datePublished":"2022-09-23T10:50:32+00:00","dateModified":"2023-02-02T07:39:02+00:00","breadcrumb":{"@id":"https:\/\/wp.adisoft.lt\/vtdko\/korupcijos-prevencija\/#breadcrumb"},"inLanguage":"lt-LT","potentialAction":[{"@type":"ReadAction","target":["https:\/\/wp.adisoft.lt\/vtdko\/korupcijos-prevencija\/"]}]},{"@type":"BreadcrumbList","@id":"https:\/\/wp.adisoft.lt\/vtdko\/korupcijos-prevencija\/#breadcrumb","itemListElement":[{"@type":"ListItem","position":1,"name":"Pagrindinis","item":"https:\/\/wp.adisoft.lt\/vtdko\/"},{"@type":"ListItem","position":2,"name":"Korupcijos prevencija"}]},{"@type":"WebSite","@id":"https:\/\/wp.adisoft.lt\/vtdko\/#website","url":"https:\/\/wp.adisoft.lt\/vtdko\/","name":"vtdko","description":"Vilniaus technologij\u0173 ir dizaino kolegija","publisher":{"@id":"https:\/\/wp.adisoft.lt\/vtdko\/#organization"},"potentialAction":[{"@type":"SearchAction","target":{"@type":"EntryPoint","urlTemplate":"https:\/\/wp.adisoft.lt\/vtdko\/?s={search_term_string}"},"query-input":"required name=search_term_string"}],"inLanguage":"lt-LT"},{"@type":"Organization","@id":"https:\/\/wp.adisoft.lt\/vtdko\/#organization","name":"vtdko","url":"https:\/\/wp.adisoft.lt\/vtdko\/","logo":{"@type":"ImageObject","inLanguage":"lt-LT","@id":"https:\/\/wp.adisoft.lt\/vtdko\/#\/schema\/logo\/image\/","url":"https:\/\/wp.adisoft.lt\/vtdko\/wp-content\/uploads\/2020\/02\/Logo-su-tekstu-01.svg","contentUrl":"https:\/\/wp.adisoft.lt\/vtdko\/wp-content\/uploads\/2020\/02\/Logo-su-tekstu-01.svg","width":151,"height":74,"caption":"vtdko"},"image":{"@id":"https:\/\/wp.adisoft.lt\/vtdko\/#\/schema\/logo\/image\/"}}]}},"_links":{"self":[{"href":"https:\/\/wp.adisoft.lt\/vtdko\/wp-json\/wp\/v2\/pages\/988048","targetHints":{"allow":["GET"]}}],"collection":[{"href":"https:\/\/wp.adisoft.lt\/vtdko\/wp-json\/wp\/v2\/pages"}],"about":[{"href":"https:\/\/wp.adisoft.lt\/vtdko\/wp-json\/wp\/v2\/types\/page"}],"author":[{"embeddable":true,"href":"https:\/\/wp.adisoft.lt\/vtdko\/wp-json\/wp\/v2\/users\/1"}],"replies":[{"embeddable":true,"href":"https:\/\/wp.adisoft.lt\/vtdko\/wp-json\/wp\/v2\/comments?post=988048"}],"version-history":[{"count":60,"href":"https:\/\/wp.adisoft.lt\/vtdko\/wp-json\/wp\/v2\/pages\/988048\/revisions"}],"predecessor-version":[{"id":998326,"href":"https:\/\/wp.adisoft.lt\/vtdko\/wp-json\/wp\/v2\/pages\/988048\/revisions\/998326"}],"wp:attachment":[{"href":"https:\/\/wp.adisoft.lt\/vtdko\/wp-json\/wp\/v2\/media?parent=988048"}],"curies":[{"name":"wp","href":"https:\/\/api.w.org\/{rel}","templated":true}]}}