{"id":988277,"date":"2022-09-27T09:34:41","date_gmt":"2022-09-27T06:34:41","guid":{"rendered":"https:\/\/wp.adisoft.lt\/vtdko\/?page_id=988277"},"modified":"2022-12-19T16:59:15","modified_gmt":"2022-12-19T13:59:15","slug":"erasmus-studentams","status":"publish","type":"page","link":"https:\/\/wp.adisoft.lt\/vtdko\/erasmus-studentams\/","title":{"rendered":"Erasmus studentams"},"content":{"rendered":"\t\t<div data-elementor-type=\"wp-page\" data-elementor-id=\"988277\" class=\"elementor elementor-988277\">\n\t\t\t\t\t\t\t\t\t<section class=\"elementor-section elementor-top-section elementor-element elementor-element-8b35364 elementor-section-height-min-height elementor-section-boxed elementor-section-height-default elementor-section-items-middle\" data-id=\"8b35364\" data-element_type=\"section\" data-settings=\"{&quot;background_background&quot;:&quot;classic&quot;,&quot;animation&quot;:&quot;none&quot;}\">\n\t\t\t\t\t\t<div class=\"elementor-container elementor-column-gap-default\">\n\t\t\t\t\t<div class=\"elementor-column elementor-col-100 elementor-top-column elementor-element elementor-element-a0ca933\" data-id=\"a0ca933\" data-element_type=\"column\" data-settings=\"{&quot;background_background&quot;:&quot;classic&quot;}\">\n\t\t\t<div class=\"elementor-widget-wrap\">\n\t\t\t\t\t\t\t\t\t<\/div>\n\t\t<\/div>\n\t\t\t\t\t\t\t<\/div>\n\t\t<\/section>\n\t\t\t\t<section class=\"elementor-section elementor-top-section elementor-element elementor-element-f145ea4 elementor-section-boxed elementor-section-height-default elementor-section-height-default\" data-id=\"f145ea4\" data-element_type=\"section\" data-settings=\"{&quot;animation&quot;:&quot;none&quot;,&quot;animation_tablet&quot;:&quot;none&quot;,&quot;animation_mobile&quot;:&quot;none&quot;}\">\n\t\t\t\t\t\t<div class=\"elementor-container elementor-column-gap-no\">\n\t\t\t\t\t<div class=\"elementor-column elementor-col-50 elementor-top-column elementor-element elementor-element-de8092b animated-fast elementor-invisible\" data-id=\"de8092b\" data-element_type=\"column\" data-settings=\"{&quot;background_background&quot;:&quot;classic&quot;,&quot;animation&quot;:&quot;fadeIn&quot;,&quot;animation_delay&quot;:100}\">\n\t\t\t<div class=\"elementor-widget-wrap elementor-element-populated\">\n\t\t\t\t\t\t\t\t<div class=\"elementor-element elementor-element-158b9e7 elementor-widget__width-auto elementor-widget-tablet__width-auto elementor-widget-mobile__width-inherit elementor-widget elementor-widget-heading\" data-id=\"158b9e7\" data-element_type=\"widget\" data-settings=\"{&quot;_animation&quot;:&quot;none&quot;,&quot;_animation_delay&quot;:200}\" data-widget_type=\"heading.heading_charityfy\">\n\t\t\t\t<div class=\"elementor-widget-container\">\n\t\t\t<h1 class=\"elementor-heading-title elementor-size-default\">\u201eErasmus+\u201d programa studentams<\/h1>\t\t<\/div>\n\t\t\t\t<\/div>\n\t\t\t\t<div class=\"elementor-element elementor-element-35e083f elementor-widget elementor-widget-text-editor\" data-id=\"35e083f\" data-element_type=\"widget\" data-settings=\"{&quot;_animation&quot;:&quot;none&quot;,&quot;_animation_delay&quot;:300}\" data-widget_type=\"text-editor.default\">\n\t\t\t\t<div class=\"elementor-widget-container\">\n\t\t\t\t\t\t\t<p>\u010cia hobis virsta profesija!<\/p>\t\t\t\t\t\t<\/div>\n\t\t\t\t<\/div>\n\t\t\t\t\t<\/div>\n\t\t<\/div>\n\t\t\t\t<div class=\"elementor-column elementor-col-50 elementor-top-column elementor-element elementor-element-0794aa4 elementor-hidden-desktop elementor-hidden-tablet elementor-hidden-phone\" data-id=\"0794aa4\" data-element_type=\"column\">\n\t\t\t<div class=\"elementor-widget-wrap\">\n\t\t\t\t\t\t\t\t\t<\/div>\n\t\t<\/div>\n\t\t\t\t\t\t\t<\/div>\n\t\t<\/section>\n\t\t\t\t<section class=\"elementor-section elementor-top-section elementor-element elementor-element-b004ae0 elementor-section-boxed elementor-section-height-default elementor-section-height-default\" data-id=\"b004ae0\" data-element_type=\"section\">\n\t\t\t\t\t\t<div class=\"elementor-container elementor-column-gap-default\">\n\t\t\t\t\t<div class=\"elementor-column elementor-col-100 elementor-top-column elementor-element elementor-element-ccffbe3\" data-id=\"ccffbe3\" data-element_type=\"column\">\n\t\t\t<div class=\"elementor-widget-wrap elementor-element-populated\">\n\t\t\t\t\t\t\t\t<div class=\"elementor-element elementor-element-34c0edf elementor-widget elementor-widget-text-editor\" data-id=\"34c0edf\" data-element_type=\"widget\" data-widget_type=\"text-editor.default\">\n\t\t\t\t<div class=\"elementor-widget-container\">\n\t\t\t\t\t\t\t<p>\u00a0<\/p><p>\u201eErasmus+\u201d programos veikla sudaro s\u0105lygas auk\u0161tojo mokslo institucij\u0173 studentams praleisti integruot\u0105 studij\u0173 (3-12 m\u0117n.) \/ praktikos (2-12 m\u0117n.) laikotarp\u012f kitoje \u0161alyje, dalyvaujan\u010dioje \u201eErasmus+\u201d programoje.<\/p><p>\u201eErasmus+\u201d\u00a0<strong>mobilumo siekiai:<\/strong><\/p><ul><li style=\"list-style-type: none;\"><ul><li>Pad\u0117ti studentams gauti tarptautin\u0117s studij\u0173 ir\/arba praktikos patirties, patobulinti kalbinius \u012fg\u016bd\u017eius, \u012fgyti tarpkult\u016brini\u0173 patir\u010di\u0173;<\/li><li>Skatinti institucij\u0173 bendradarbiavim\u0105 ir praturtinti studentus priiman\u010di\u0173 institucij\u0173 \u0161vietimo aplink\u0105;<\/li><li>Prisid\u0117ti prie auk\u0161tos kvalifikacijos, pla\u010di\u0173 pa\u017ei\u016br\u0173 ir u\u017esienyje patyrusi\u0173 jaun\u0173 b\u016bsim\u0173 specialist\u0173 baz\u0117s pl\u0117tojimo;<\/li><li>Palengvinti kredit\u0173 perk\u0117lim\u0105 ir laikotarpi\u0173 u\u017esienyje pripa\u017einim\u0105, taikant Europos kredit\u0173 perk\u0117limo sistem\u0105 arba atitinkam\u0105 kredit\u0173 sistem\u0105.<\/li><\/ul><\/li><\/ul><p>Visa su \u201eErasmus+\u201d\u00a0<strong>mobilumo\u00a0<\/strong>dalyvavimo s\u0105lygomis susijusi informacija pateikiama konkre\u010di\u0173 mokslo met\u0173 bendrajame kvietime teikti parai\u0161kas. Pretenduoti \u012f Vilniaus technologij\u0173 ir dizaino kolegijos studij\u0173 vietas \u201eErasmus+\u201d programoje, o kartu ir \u012f \u201eErasmus+\u201d studento status\u0105, turi teis\u0119 visi Kolegijos nuolatini\u0173 ir i\u0161t\u0119stini\u0173 studij\u0173 studentai, baig\u0119 pirm\u0105 kurs\u0105, o \u012f praktikos atlikimo vietas ir pirmo kurso studentai. Studentus atrenka \u201eErasmus+\u201d student\u0173 atrankos komisija. \u201eErasmus+\u201d programos konkursas skelbiamas du kartus per metus: rugs\u0117jo m\u0117nes\u012f \u2013 norintiems studijuoti\/ atlikti praktik\u0105 u\u017esienyje pavasario semestro metu; kovo m\u0117nes\u012f \u2013 norintiems studijuoti\/ atlikti praktik\u0105 u\u017esienyje rudens semestro metu arba visais ateinan\u010diais studij\u0173 metais.<\/p><p>Student\u0173 mobilumo pagal \u201eErasmus+\u201c program\u0105 organizavimo programos \u0161alyse tvarkos apra\u0161\u0105 galite rasti\u00a0<strong>\u010dia<\/strong>.<\/p>\t\t\t\t\t\t<\/div>\n\t\t\t\t<\/div>\n\t\t\t\t\t<\/div>\n\t\t<\/div>\n\t\t\t\t\t\t\t<\/div>\n\t\t<\/section>\n\t\t\t\t<section class=\"elementor-section elementor-top-section elementor-element elementor-element-e27aeab elementor-section-boxed elementor-section-height-default elementor-section-height-default\" data-id=\"e27aeab\" data-element_type=\"section\">\n\t\t\t\t\t\t<div class=\"elementor-container elementor-column-gap-default\">\n\t\t\t\t\t<div class=\"elementor-column elementor-col-100 elementor-top-column elementor-element elementor-element-2adf003\" data-id=\"2adf003\" data-element_type=\"column\">\n\t\t\t<div class=\"elementor-widget-wrap elementor-element-populated\">\n\t\t\t\t\t\t\t\t<div class=\"elementor-element elementor-element-0553e99 elementor-widget elementor-widget-toggle\" data-id=\"0553e99\" data-element_type=\"widget\" data-widget_type=\"toggle.default\">\n\t\t\t\t<div class=\"elementor-widget-container\">\n\t\t\t\t\t<div class=\"elementor-toggle\" role=\"tablist\">\n\t\t\t\t\t\t\t<div class=\"elementor-toggle-item\">\n\t\t\t\t\t<h3 id=\"elementor-tab-title-5581\" class=\"elementor-tab-title\" data-tab=\"1\" role=\"tab\" aria-controls=\"elementor-tab-content-5581\" aria-expanded=\"false\">\n\t\t\t\t\t\t\t\t\t\t\t\t<span class=\"elementor-toggle-icon elementor-toggle-icon-right\" aria-hidden=\"true\">\n\t\t\t\t\t\t\t\t\t\t\t\t\t\t\t<span class=\"elementor-toggle-icon-closed\"><i class=\"vamtamtheme- vamtam-theme-arrow-down\"><\/i><\/span>\n\t\t\t\t\t\t\t\t<span class=\"elementor-toggle-icon-opened\"><i class=\"elementor-toggle-icon-opened vamtamtheme- vamtam-theme-arrow-up\"><\/i><\/span>\n\t\t\t\t\t\t\t\t\t\t\t\t\t<\/span>\n\t\t\t\t\t\t\t\t\t\t\t\t<a href=\"\" class=\"elementor-toggle-title\">COVID-19<\/a>\n\t\t\t\t\t<\/h3>\n\n\t\t\t\t\t<div id=\"elementor-tab-content-5581\" class=\"elementor-tab-content elementor-clearfix\" data-tab=\"1\" role=\"tabpanel\" aria-labelledby=\"elementor-tab-title-5581\"><p>Jeigu esate atrinktas \u201eErasmus+\u201d mobilumui, ta\u010diau d\u0117l dabartin\u0117s neramios situacijos pasaulyje dalyvauti mobilume ateinant\u012f semestr\u0105 negalite, j\u016bs turite galimyb\u0119 dalyvauti mobilume sekant\u012f semestr\u0105. Pra\u0161ome prane\u0161ti apie savo pasirinkim\u0105 Tarptautini\u0173 ry\u0161i\u0173 skyri\u0173.<\/p><\/div>\n\t\t\t\t<\/div>\n\t\t\t\t\t\t\t<div class=\"elementor-toggle-item\">\n\t\t\t\t\t<h3 id=\"elementor-tab-title-5582\" class=\"elementor-tab-title\" data-tab=\"2\" role=\"tab\" aria-controls=\"elementor-tab-content-5582\" aria-expanded=\"false\">\n\t\t\t\t\t\t\t\t\t\t\t\t<span class=\"elementor-toggle-icon elementor-toggle-icon-right\" aria-hidden=\"true\">\n\t\t\t\t\t\t\t\t\t\t\t\t\t\t\t<span class=\"elementor-toggle-icon-closed\"><i class=\"vamtamtheme- vamtam-theme-arrow-down\"><\/i><\/span>\n\t\t\t\t\t\t\t\t<span class=\"elementor-toggle-icon-opened\"><i class=\"elementor-toggle-icon-opened vamtamtheme- vamtam-theme-arrow-up\"><\/i><\/span>\n\t\t\t\t\t\t\t\t\t\t\t\t\t<\/span>\n\t\t\t\t\t\t\t\t\t\t\t\t<a href=\"\" class=\"elementor-toggle-title\">\u201eERASMUS+\u201d STUDIJ\u0172 IR PRAKTIKOS KONKURSAS<\/a>\n\t\t\t\t\t<\/h3>\n\n\t\t\t\t\t<div id=\"elementor-tab-content-5582\" class=\"elementor-tab-content elementor-clearfix\" data-tab=\"2\" role=\"tabpanel\" aria-labelledby=\"elementor-tab-title-5582\"><p>Konkursas \u201eErasmus+\u201d studij\u0173 mobilumui yra organizuojamas 2 kartus per metus \u2013 pagrindinis konkursas ateinan\u010di\u0173 studij\u0173 met\u0173 rudens semestrui, pavasario semestrui ir visiems studij\u0173 metams yra skelbiamas vasario m\u0117nes\u012f, o papildomas konkursas likusioms laisvoms vietoms \u2013 rugs\u0117jo m\u0117nes\u012f.<\/p><p>Konkursas \u201eErasmus+\u201d praktikos mobilumui yra skelbiamas keturis kartus per kalendorinius metus \u2013 vasario, gegu\u017e\u0117s, rugs\u0117jo ir lapkri\u010dio m\u0117nesiais.<\/p><p>Sutaupius l\u0117\u0161\u0173 ar gavus papildom\u0105 finansavim\u0105 gali b\u016bti organizuojama ir daugiau konkurs\u0173.<\/p><\/div>\n\t\t\t\t<\/div>\n\t\t\t\t\t\t\t<div class=\"elementor-toggle-item\">\n\t\t\t\t\t<h3 id=\"elementor-tab-title-5583\" class=\"elementor-tab-title\" data-tab=\"3\" role=\"tab\" aria-controls=\"elementor-tab-content-5583\" aria-expanded=\"false\">\n\t\t\t\t\t\t\t\t\t\t\t\t<span class=\"elementor-toggle-icon elementor-toggle-icon-right\" aria-hidden=\"true\">\n\t\t\t\t\t\t\t\t\t\t\t\t\t\t\t<span class=\"elementor-toggle-icon-closed\"><i class=\"vamtamtheme- vamtam-theme-arrow-down\"><\/i><\/span>\n\t\t\t\t\t\t\t\t<span class=\"elementor-toggle-icon-opened\"><i class=\"elementor-toggle-icon-opened vamtamtheme- vamtam-theme-arrow-up\"><\/i><\/span>\n\t\t\t\t\t\t\t\t\t\t\t\t\t<\/span>\n\t\t\t\t\t\t\t\t\t\t\t\t<a href=\"\" class=\"elementor-toggle-title\">\u201eERASMUS+\u201d STUDENTO CHARTIJA   <\/a>\n\t\t\t\t\t<\/h3>\n\n\t\t\t\t\t<div id=\"elementor-tab-content-5583\" class=\"elementor-tab-content elementor-clearfix\" data-tab=\"3\" role=\"tabpanel\" aria-labelledby=\"elementor-tab-title-5583\"><p>\u201eErasmus+\u201d studento chartija yra dokumentas, kuriame yra nurodyta studento mobilumo dalyvio teis\u0117s ir pareigos ir taip pat yra nurodoma, ko mobilumo dalyvis gali tik\u0117tis i\u0161 Kolegijos ir priiman\u010diosios institucijos mobilumo vykdymo metu.<\/p><p>\u201eErasmus+\u201d studento chartij\u0105 galite rasti\u00a0<strong><u>\u010dia<\/u><\/strong>.<\/p><\/div>\n\t\t\t\t<\/div>\n\t\t\t\t\t\t\t\t<\/div>\n\t\t\t\t<\/div>\n\t\t\t\t<\/div>\n\t\t\t\t\t<\/div>\n\t\t<\/div>\n\t\t\t\t\t\t\t<\/div>\n\t\t<\/section>\n\t\t\t\t<section class=\"elementor-section elementor-top-section elementor-element elementor-element-00a721e elementor-section-boxed elementor-section-height-default elementor-section-height-default\" data-id=\"00a721e\" data-element_type=\"section\">\n\t\t\t\t\t\t<div class=\"elementor-container elementor-column-gap-default\">\n\t\t\t\t\t<div class=\"elementor-column elementor-col-100 elementor-top-column elementor-element elementor-element-c1e2415\" data-id=\"c1e2415\" data-element_type=\"column\">\n\t\t\t<div class=\"elementor-widget-wrap elementor-element-populated\">\n\t\t\t\t\t\t\t\t<div class=\"elementor-element elementor-element-f5bd9db elementor-widget elementor-widget-image\" data-id=\"f5bd9db\" data-element_type=\"widget\" data-widget_type=\"image.default\">\n\t\t\t\t<div class=\"elementor-widget-container\">\n\t\t\t\t\t\t\t<div class=\"elementor-image\">\n\t\t\t\t\t\t\t\t\t\t\t\t\t\t\t\t\t\t\t\t\t<img loading=\"lazy\" decoding=\"async\" width=\"1024\" height=\"478\" src=\"https:\/\/wp.adisoft.lt\/vtdko\/wp-content\/uploads\/2022\/09\/Erasmus_foto-1024x478.jpeg\" class=\"attachment-large size-large\" alt=\"\" srcset=\"https:\/\/wp.adisoft.lt\/vtdko\/wp-content\/uploads\/2022\/09\/Erasmus_foto-1024x478.jpeg 1024w, https:\/\/wp.adisoft.lt\/vtdko\/wp-content\/uploads\/2022\/09\/Erasmus_foto-300x140.jpeg 300w, https:\/\/wp.adisoft.lt\/vtdko\/wp-content\/uploads\/2022\/09\/Erasmus_foto-768x359.jpeg 768w, https:\/\/wp.adisoft.lt\/vtdko\/wp-content\/uploads\/2022\/09\/Erasmus_foto-1536x717.jpeg 1536w, https:\/\/wp.adisoft.lt\/vtdko\/wp-content\/uploads\/2022\/09\/Erasmus_foto.jpeg 2048w\" sizes=\"auto, (max-width: 1024px) 100vw, 1024px\" \/>\t\t\t\t\t\t\t\t\t\t\t\t\t\t\t\t\t\t\t\t\t\t\t\t<\/div>\n\t\t\t\t\t\t<\/div>\n\t\t\t\t<\/div>\n\t\t\t\t\t<\/div>\n\t\t<\/div>\n\t\t\t\t\t\t\t<\/div>\n\t\t<\/section>\n\t\t\t\t\t\t\t<\/div>\n\t\t","protected":false},"excerpt":{"rendered":"<p>\u201eErasmus+\u201d programa studentams \u010cia hobis virsta profesija! \u00a0 \u201eErasmus+\u201d programos veikla sudaro s\u0105lygas auk\u0161tojo mokslo institucij\u0173 studentams praleisti integruot\u0105 studij\u0173 (3-12 m\u0117n.) \/ praktikos (2-12 m\u0117n.) laikotarp\u012f kitoje \u0161alyje, dalyvaujan\u010dioje \u201eErasmus+\u201d programoje. \u201eErasmus+\u201d\u00a0mobilumo siekiai: Pad\u0117ti studentams gauti tarptautin\u0117s studij\u0173 ir\/arba praktikos patirties, patobulinti kalbinius \u012fg\u016bd\u017eius, \u012fgyti tarpkult\u016brini\u0173 patir\u010di\u0173; Skatinti institucij\u0173 bendradarbiavim\u0105 ir praturtinti studentus priiman\u010di\u0173&#8230;<\/p>\n","protected":false},"author":1,"featured_media":0,"parent":0,"menu_order":0,"comment_status":"closed","ping_status":"closed","template":"","meta":{"inline_featured_image":false,"footnotes":""},"class_list":["post-988277","page","type-page","status-publish","hentry"],"yoast_head":"<!-- This site is optimized with the Yoast SEO plugin v19.12 - https:\/\/yoast.com\/wordpress\/plugins\/seo\/ -->\n<title>Erasmus studentams - vtdko<\/title>\n<meta name=\"robots\" content=\"noindex, follow, max-snippet:-1, max-image-preview:large, max-video-preview:-1\" \/>\n<meta property=\"og:locale\" content=\"lt_LT\" \/>\n<meta property=\"og:type\" content=\"article\" \/>\n<meta property=\"og:title\" content=\"Erasmus studentams - vtdko\" \/>\n<meta property=\"og:description\" content=\"\u201eErasmus+\u201d programa studentams \u010cia hobis virsta profesija! \u00a0 \u201eErasmus+\u201d programos veikla sudaro s\u0105lygas auk\u0161tojo mokslo institucij\u0173 studentams praleisti integruot\u0105 studij\u0173 (3-12 m\u0117n.) \/ praktikos (2-12 m\u0117n.) laikotarp\u012f kitoje \u0161alyje, dalyvaujan\u010dioje \u201eErasmus+\u201d programoje. \u201eErasmus+\u201d\u00a0mobilumo siekiai: Pad\u0117ti studentams gauti tarptautin\u0117s studij\u0173 ir\/arba praktikos patirties, patobulinti kalbinius \u012fg\u016bd\u017eius, \u012fgyti tarpkult\u016brini\u0173 patir\u010di\u0173; Skatinti institucij\u0173 bendradarbiavim\u0105 ir praturtinti studentus priiman\u010di\u0173...\" \/>\n<meta property=\"og:url\" content=\"https:\/\/wp.adisoft.lt\/vtdko\/erasmus-studentams\/\" \/>\n<meta property=\"og:site_name\" content=\"vtdko\" \/>\n<meta property=\"article:modified_time\" content=\"2022-12-19T13:59:15+00:00\" \/>\n<meta property=\"og:image\" content=\"https:\/\/wp.adisoft.lt\/vtdko\/wp-content\/uploads\/2022\/09\/Erasmus_foto-1024x478.jpeg\" \/>\n<meta name=\"twitter:card\" content=\"summary_large_image\" \/>\n<meta name=\"twitter:label1\" content=\"Est. reading time\" \/>\n\t<meta name=\"twitter:data1\" content=\"3 minut\u0117s\" \/>\n<script type=\"application\/ld+json\" class=\"yoast-schema-graph\">{\"@context\":\"https:\/\/schema.org\",\"@graph\":[{\"@type\":\"WebPage\",\"@id\":\"https:\/\/wp.adisoft.lt\/vtdko\/erasmus-studentams\/\",\"url\":\"https:\/\/wp.adisoft.lt\/vtdko\/erasmus-studentams\/\",\"name\":\"Erasmus studentams - vtdko\",\"isPartOf\":{\"@id\":\"https:\/\/wp.adisoft.lt\/vtdko\/#website\"},\"datePublished\":\"2022-09-27T06:34:41+00:00\",\"dateModified\":\"2022-12-19T13:59:15+00:00\",\"breadcrumb\":{\"@id\":\"https:\/\/wp.adisoft.lt\/vtdko\/erasmus-studentams\/#breadcrumb\"},\"inLanguage\":\"lt-LT\",\"potentialAction\":[{\"@type\":\"ReadAction\",\"target\":[\"https:\/\/wp.adisoft.lt\/vtdko\/erasmus-studentams\/\"]}]},{\"@type\":\"BreadcrumbList\",\"@id\":\"https:\/\/wp.adisoft.lt\/vtdko\/erasmus-studentams\/#breadcrumb\",\"itemListElement\":[{\"@type\":\"ListItem\",\"position\":1,\"name\":\"Pagrindinis\",\"item\":\"https:\/\/wp.adisoft.lt\/vtdko\/\"},{\"@type\":\"ListItem\",\"position\":2,\"name\":\"Erasmus studentams\"}]},{\"@type\":\"WebSite\",\"@id\":\"https:\/\/wp.adisoft.lt\/vtdko\/#website\",\"url\":\"https:\/\/wp.adisoft.lt\/vtdko\/\",\"name\":\"vtdko\",\"description\":\"Vilniaus technologij\u0173 ir dizaino kolegija\",\"publisher\":{\"@id\":\"https:\/\/wp.adisoft.lt\/vtdko\/#organization\"},\"potentialAction\":[{\"@type\":\"SearchAction\",\"target\":{\"@type\":\"EntryPoint\",\"urlTemplate\":\"https:\/\/wp.adisoft.lt\/vtdko\/?s={search_term_string}\"},\"query-input\":\"required name=search_term_string\"}],\"inLanguage\":\"lt-LT\"},{\"@type\":\"Organization\",\"@id\":\"https:\/\/wp.adisoft.lt\/vtdko\/#organization\",\"name\":\"vtdko\",\"url\":\"https:\/\/wp.adisoft.lt\/vtdko\/\",\"logo\":{\"@type\":\"ImageObject\",\"inLanguage\":\"lt-LT\",\"@id\":\"https:\/\/wp.adisoft.lt\/vtdko\/#\/schema\/logo\/image\/\",\"url\":\"https:\/\/wp.adisoft.lt\/vtdko\/wp-content\/uploads\/2020\/02\/Logo-su-tekstu-01.svg\",\"contentUrl\":\"https:\/\/wp.adisoft.lt\/vtdko\/wp-content\/uploads\/2020\/02\/Logo-su-tekstu-01.svg\",\"width\":151,\"height\":74,\"caption\":\"vtdko\"},\"image\":{\"@id\":\"https:\/\/wp.adisoft.lt\/vtdko\/#\/schema\/logo\/image\/\"}}]}<\/script>\n<!-- \/ Yoast SEO plugin. -->","yoast_head_json":{"title":"Erasmus studentams - vtdko","robots":{"index":"noindex","follow":"follow","max-snippet":"max-snippet:-1","max-image-preview":"max-image-preview:large","max-video-preview":"max-video-preview:-1"},"og_locale":"lt_LT","og_type":"article","og_title":"Erasmus studentams - vtdko","og_description":"\u201eErasmus+\u201d programa studentams \u010cia hobis virsta profesija! \u00a0 \u201eErasmus+\u201d programos veikla sudaro s\u0105lygas auk\u0161tojo mokslo institucij\u0173 studentams praleisti integruot\u0105 studij\u0173 (3-12 m\u0117n.) \/ praktikos (2-12 m\u0117n.) laikotarp\u012f kitoje \u0161alyje, dalyvaujan\u010dioje \u201eErasmus+\u201d programoje. \u201eErasmus+\u201d\u00a0mobilumo siekiai: Pad\u0117ti studentams gauti tarptautin\u0117s studij\u0173 ir\/arba praktikos patirties, patobulinti kalbinius \u012fg\u016bd\u017eius, \u012fgyti tarpkult\u016brini\u0173 patir\u010di\u0173; Skatinti institucij\u0173 bendradarbiavim\u0105 ir praturtinti studentus priiman\u010di\u0173...","og_url":"https:\/\/wp.adisoft.lt\/vtdko\/erasmus-studentams\/","og_site_name":"vtdko","article_modified_time":"2022-12-19T13:59:15+00:00","og_image":[{"url":"https:\/\/wp.adisoft.lt\/vtdko\/wp-content\/uploads\/2022\/09\/Erasmus_foto-1024x478.jpeg"}],"twitter_card":"summary_large_image","twitter_misc":{"Est. reading time":"3 minut\u0117s"},"schema":{"@context":"https:\/\/schema.org","@graph":[{"@type":"WebPage","@id":"https:\/\/wp.adisoft.lt\/vtdko\/erasmus-studentams\/","url":"https:\/\/wp.adisoft.lt\/vtdko\/erasmus-studentams\/","name":"Erasmus studentams - vtdko","isPartOf":{"@id":"https:\/\/wp.adisoft.lt\/vtdko\/#website"},"datePublished":"2022-09-27T06:34:41+00:00","dateModified":"2022-12-19T13:59:15+00:00","breadcrumb":{"@id":"https:\/\/wp.adisoft.lt\/vtdko\/erasmus-studentams\/#breadcrumb"},"inLanguage":"lt-LT","potentialAction":[{"@type":"ReadAction","target":["https:\/\/wp.adisoft.lt\/vtdko\/erasmus-studentams\/"]}]},{"@type":"BreadcrumbList","@id":"https:\/\/wp.adisoft.lt\/vtdko\/erasmus-studentams\/#breadcrumb","itemListElement":[{"@type":"ListItem","position":1,"name":"Pagrindinis","item":"https:\/\/wp.adisoft.lt\/vtdko\/"},{"@type":"ListItem","position":2,"name":"Erasmus studentams"}]},{"@type":"WebSite","@id":"https:\/\/wp.adisoft.lt\/vtdko\/#website","url":"https:\/\/wp.adisoft.lt\/vtdko\/","name":"vtdko","description":"Vilniaus technologij\u0173 ir dizaino kolegija","publisher":{"@id":"https:\/\/wp.adisoft.lt\/vtdko\/#organization"},"potentialAction":[{"@type":"SearchAction","target":{"@type":"EntryPoint","urlTemplate":"https:\/\/wp.adisoft.lt\/vtdko\/?s={search_term_string}"},"query-input":"required name=search_term_string"}],"inLanguage":"lt-LT"},{"@type":"Organization","@id":"https:\/\/wp.adisoft.lt\/vtdko\/#organization","name":"vtdko","url":"https:\/\/wp.adisoft.lt\/vtdko\/","logo":{"@type":"ImageObject","inLanguage":"lt-LT","@id":"https:\/\/wp.adisoft.lt\/vtdko\/#\/schema\/logo\/image\/","url":"https:\/\/wp.adisoft.lt\/vtdko\/wp-content\/uploads\/2020\/02\/Logo-su-tekstu-01.svg","contentUrl":"https:\/\/wp.adisoft.lt\/vtdko\/wp-content\/uploads\/2020\/02\/Logo-su-tekstu-01.svg","width":151,"height":74,"caption":"vtdko"},"image":{"@id":"https:\/\/wp.adisoft.lt\/vtdko\/#\/schema\/logo\/image\/"}}]}},"_links":{"self":[{"href":"https:\/\/wp.adisoft.lt\/vtdko\/wp-json\/wp\/v2\/pages\/988277","targetHints":{"allow":["GET"]}}],"collection":[{"href":"https:\/\/wp.adisoft.lt\/vtdko\/wp-json\/wp\/v2\/pages"}],"about":[{"href":"https:\/\/wp.adisoft.lt\/vtdko\/wp-json\/wp\/v2\/types\/page"}],"author":[{"embeddable":true,"href":"https:\/\/wp.adisoft.lt\/vtdko\/wp-json\/wp\/v2\/users\/1"}],"replies":[{"embeddable":true,"href":"https:\/\/wp.adisoft.lt\/vtdko\/wp-json\/wp\/v2\/comments?post=988277"}],"version-history":[{"count":10,"href":"https:\/\/wp.adisoft.lt\/vtdko\/wp-json\/wp\/v2\/pages\/988277\/revisions"}],"predecessor-version":[{"id":995567,"href":"https:\/\/wp.adisoft.lt\/vtdko\/wp-json\/wp\/v2\/pages\/988277\/revisions\/995567"}],"wp:attachment":[{"href":"https:\/\/wp.adisoft.lt\/vtdko\/wp-json\/wp\/v2\/media?parent=988277"}],"curies":[{"name":"wp","href":"https:\/\/api.w.org\/{rel}","templated":true}]}}