{"id":988353,"date":"2022-09-29T09:07:30","date_gmt":"2022-09-29T06:07:30","guid":{"rendered":"https:\/\/wp.adisoft.lt\/vtdko\/?page_id=988353"},"modified":"2023-02-23T10:15:06","modified_gmt":"2023-02-23T07:15:06","slug":"imoku-rekvizitai","status":"publish","type":"page","link":"https:\/\/wp.adisoft.lt\/vtdko\/dizaino-fakultetas\/imoku-rekvizitai\/","title":{"rendered":"Dizaino fakulteto \u012fmok\u0173 rekvizitai"},"content":{"rendered":"\t\t<div data-elementor-type=\"wp-page\" data-elementor-id=\"988353\" class=\"elementor elementor-988353\">\n\t\t\t\t\t\t\t\t\t<section class=\"elementor-section elementor-top-section elementor-element elementor-element-eec6a38 elementor-section-height-min-height elementor-section-boxed elementor-section-height-default elementor-section-items-middle\" data-id=\"eec6a38\" data-element_type=\"section\" data-settings=\"{&quot;background_background&quot;:&quot;classic&quot;,&quot;animation&quot;:&quot;none&quot;}\">\n\t\t\t\t\t\t<div class=\"elementor-container elementor-column-gap-default\">\n\t\t\t\t\t<div class=\"elementor-column elementor-col-100 elementor-top-column elementor-element elementor-element-e4e5463\" data-id=\"e4e5463\" data-element_type=\"column\" data-settings=\"{&quot;background_background&quot;:&quot;classic&quot;}\">\n\t\t\t<div class=\"elementor-widget-wrap\">\n\t\t\t\t\t\t\t\t\t<\/div>\n\t\t<\/div>\n\t\t\t\t\t\t\t<\/div>\n\t\t<\/section>\n\t\t\t\t<section class=\"elementor-section elementor-top-section elementor-element elementor-element-7388eb7 elementor-section-boxed elementor-section-height-default elementor-section-height-default\" data-id=\"7388eb7\" data-element_type=\"section\" data-settings=\"{&quot;animation&quot;:&quot;none&quot;,&quot;animation_tablet&quot;:&quot;none&quot;,&quot;animation_mobile&quot;:&quot;none&quot;}\">\n\t\t\t\t\t\t<div class=\"elementor-container elementor-column-gap-no\">\n\t\t\t\t\t<div class=\"elementor-column elementor-col-50 elementor-top-column elementor-element elementor-element-984b758 animated-fast elementor-invisible\" data-id=\"984b758\" data-element_type=\"column\" data-settings=\"{&quot;background_background&quot;:&quot;classic&quot;,&quot;animation&quot;:&quot;fadeIn&quot;,&quot;animation_delay&quot;:100}\">\n\t\t\t<div class=\"elementor-widget-wrap elementor-element-populated\">\n\t\t\t\t\t\t\t\t<div class=\"elementor-element elementor-element-a82b818 elementor-widget elementor-widget-text-editor\" data-id=\"a82b818\" data-element_type=\"widget\" data-settings=\"{&quot;_animation&quot;:&quot;none&quot;,&quot;_animation_delay&quot;:300}\" data-widget_type=\"text-editor.default\">\n\t\t\t\t<div class=\"elementor-widget-container\">\n\t\t\t\t\t\t\t<p>Vilniaus technologij\u0173 ir dizaino kolegija \u2013 \u010dia hobis virsta profesija!<\/p>\t\t\t\t\t\t<\/div>\n\t\t\t\t<\/div>\n\t\t\t\t\t<\/div>\n\t\t<\/div>\n\t\t\t\t<div class=\"elementor-column elementor-col-50 elementor-top-column elementor-element elementor-element-0697f6b elementor-hidden-desktop elementor-hidden-tablet elementor-hidden-phone\" data-id=\"0697f6b\" data-element_type=\"column\">\n\t\t\t<div class=\"elementor-widget-wrap\">\n\t\t\t\t\t\t\t\t\t<\/div>\n\t\t<\/div>\n\t\t\t\t\t\t\t<\/div>\n\t\t<\/section>\n\t\t\t\t<section class=\"elementor-section elementor-top-section elementor-element elementor-element-8f37da3 elementor-section-boxed elementor-section-height-default elementor-section-height-default\" data-id=\"8f37da3\" data-element_type=\"section\">\n\t\t\t\t\t\t<div class=\"elementor-container elementor-column-gap-default\">\n\t\t\t\t\t<div class=\"elementor-column elementor-col-100 elementor-top-column elementor-element elementor-element-076b17f\" data-id=\"076b17f\" data-element_type=\"column\">\n\t\t\t<div class=\"elementor-widget-wrap elementor-element-populated\">\n\t\t\t\t\t\t\t\t<div class=\"elementor-element elementor-element-537e90b elementor-widget elementor-widget-spacer\" data-id=\"537e90b\" data-element_type=\"widget\" data-widget_type=\"spacer.default\">\n\t\t\t\t<div class=\"elementor-widget-container\">\n\t\t\t\t\t<div class=\"elementor-spacer\">\n\t\t\t<div class=\"elementor-spacer-inner\"><\/div>\n\t\t<\/div>\n\t\t\t\t<\/div>\n\t\t\t\t<\/div>\n\t\t\t\t<div class=\"elementor-element elementor-element-b5ff5f2 elementor-widget elementor-widget-text-editor\" data-id=\"b5ff5f2\" data-element_type=\"widget\" data-widget_type=\"text-editor.default\">\n\t\t\t\t<div class=\"elementor-widget-container\">\n\t\t\t\t\t\t\t<p><strong>Mok\u0117jimai internetu<\/strong><\/p><p><a href=\"https:\/\/ib.swedbank.lt\/private\/d2d\/payments\/favourites\/giro\/details?language=LIT&amp;contractId=102482\" target=\"_blank\" rel=\"noopener\">102505 Stojamasis mokestis<\/a><\/p><p><a href=\"https:\/\/ib.swedbank.lt\/private\/d2d\/payments\/favourites\/giro\/details?language=LIT&amp;contractId=239910\" target=\"_blank\" rel=\"noopener\">103213 U\u017e moksl\u0105 DF<\/a><\/p><p><a href=\"https:\/\/ib.swedbank.lt\/private\/d2d\/payments\/favourites\/giro\/details?language=LIT&amp;contractId=224414\" target=\"_blank\" rel=\"noopener\">103011 U\u017e \u012fsiskolinim\u0105 DF<\/a><\/p><p><a href=\"https:\/\/ib.swedbank.lt\/private\/d2d\/payments\/favourites\/giro\/details?language=LIT&amp;contractId=227492\" target=\"_blank\" rel=\"noopener\">103056 U\u017e kursus<\/a><\/p><p><a href=\"https:\/\/ib.swedbank.lt\/private\/d2d\/payments\/favourites\/giro\/details?language=LIT&amp;contractId=102483\" target=\"_blank\" rel=\"noopener\">102641 U\u017e bendrabut\u012f studentams<\/a><\/p><p><a href=\"https:\/\/ib.swedbank.lt\/private\/d2d\/payments\/favourites\/giro\/details?language=LIT&amp;contractId=229691\" target=\"_blank\" rel=\"noopener\">103111 U\u017e bendrabut\u012f nuomininkams<\/a><\/p><p><a href=\"https:\/\/ib.swedbank.lt\/private\/d2d\/payments\/favourites\/giro\/details?language=LIT&amp;contractId=229692\" target=\"_blank\" rel=\"noopener\">103119 U\u017e komunalinius patarnavimus<\/a><\/p><p><a href=\"https:\/\/ib.swedbank.lt\/private\/d2d\/payments\/favourites\/giro\/details?language=LIT&amp;contractId=229695\" target=\"_blank\" rel=\"noopener\">103122 U\u017e pa\u017eym\u0105<\/a><\/p><p><a href=\"https:\/\/ib.swedbank.lt\/private\/d2d\/payments\/favourites\/giro\/details?language=LIT&amp;contractId=229696\" target=\"_blank\" rel=\"noopener\">103123 U\u017e knygas<\/a><\/p><p><a href=\"https:\/\/ib.swedbank.lt\/private\/d2d\/payments\/favourites\/giro\/details?language=LIT&amp;contractId=229694\" target=\"_blank\" rel=\"noopener\">103121 U\u017e diplom\u0173 dublikatus<\/a><\/p><p>\u00a0<\/p><p><strong>Mok\u0117jimai banke<\/strong><\/p><p><a href=\"https:\/\/wp.adisoft.lt\/vtdko\/wp-content\/uploads\/2022\/09\/DF_mokejimo_kvitas_uz_studijas.doc\" target=\"_blank\" rel=\"noopener\">Dizaino fakulteto mok\u0117jimo kvitas u\u017e studijas<\/a><\/p><p><a href=\"https:\/\/wp.adisoft.lt\/vtdko\/wp-content\/uploads\/2022\/09\/DF_mokejimo_kvitas_uz_akademine_skola.doc\" target=\"_blank\" rel=\"noopener\">Dizaino fakulteto mok\u0117jimo kvitas u\u017e akademin\u0119 skol\u0105<\/a><\/p><p><a href=\"https:\/\/wp.adisoft.lt\/vtdko\/wp-content\/uploads\/2022\/09\/Mokejimo_kvitas_uz_bendrabuti_studentams.doc\" target=\"_blank\" rel=\"noopener\">Mok\u0117jimo kvitas u\u017e bendrabut\u012f (studentams)<\/a><\/p><p><a href=\"https:\/\/wp.adisoft.lt\/vtdko\/wp-content\/uploads\/2022\/09\/Mokejimo_kvitas_uz_knygas.doc\" target=\"_blank\" rel=\"noopener\">Mok\u0117jimo kvitas u\u017e knygas<\/a><\/p><p><a href=\"https:\/\/wp.adisoft.lt\/vtdko\/wp-content\/uploads\/2022\/09\/Mokejimo_kvitas_uz_pazyma-1.doc\" target=\"_blank\" rel=\"noopener\">Mok\u0117jimo kvitas u\u017e pa\u017eym\u0105<\/a><\/p><p><a href=\"https:\/\/wp.adisoft.lt\/vtdko\/wp-content\/uploads\/2022\/09\/Mokejimo_kvitas_uz_kursus.doc\" target=\"_blank\" rel=\"noopener\">Mok\u0117jimo kvitas u\u017e kursus<\/a><\/p><p><a href=\"https:\/\/wp.adisoft.lt\/vtdko\/wp-content\/uploads\/2022\/09\/Mokejimo_kvitas_uz_diplomo_dublikata.doc\" target=\"_blank\" rel=\"noopener\">Mok\u0117jimo kvitas u\u017e diplomo dublikat\u0105<\/a><\/p><p>Vilniaus technologij\u0173 ir dizaino kolegija<br \/>Antakalnio g. 54, LT-10303 Vilnius<br \/>\u012emon\u0117s kodas 111967673<br \/>Ne PVM mok\u0117toja<br \/>AB bankas Swedbank, kodas 73000<br \/>S\u0105skaitos Nr.: LT877300010074142865<\/p><p><strong>Mok\u0117tojo kodas yra studento asmens kodas.<\/strong><\/p>\t\t\t\t\t\t<\/div>\n\t\t\t\t<\/div>\n\t\t\t\t\t<\/div>\n\t\t<\/div>\n\t\t\t\t\t\t\t<\/div>\n\t\t<\/section>\n\t\t\t\t<section class=\"elementor-section elementor-top-section elementor-element elementor-element-e7bce12 elementor-section-boxed elementor-section-height-default elementor-section-height-default\" data-id=\"e7bce12\" data-element_type=\"section\">\n\t\t\t\t\t\t<div class=\"elementor-container elementor-column-gap-default\">\n\t\t\t\t\t<div class=\"elementor-column elementor-col-100 elementor-top-column elementor-element elementor-element-342142b\" data-id=\"342142b\" data-element_type=\"column\">\n\t\t\t<div class=\"elementor-widget-wrap elementor-element-populated\">\n\t\t\t\t\t\t\t\t<div class=\"elementor-element elementor-element-a062cd9 elementor-widget elementor-widget-spacer\" data-id=\"a062cd9\" data-element_type=\"widget\" data-widget_type=\"spacer.default\">\n\t\t\t\t<div class=\"elementor-widget-container\">\n\t\t\t\t\t<div class=\"elementor-spacer\">\n\t\t\t<div class=\"elementor-spacer-inner\"><\/div>\n\t\t<\/div>\n\t\t\t\t<\/div>\n\t\t\t\t<\/div>\n\t\t\t\t\t<\/div>\n\t\t<\/div>\n\t\t\t\t\t\t\t<\/div>\n\t\t<\/section>\n\t\t\t\t\t\t\t<\/div>\n\t\t","protected":false},"excerpt":{"rendered":"<p>Vilniaus technologij\u0173 ir dizaino kolegija \u2013 \u010dia hobis virsta profesija! Mok\u0117jimai internetu 102505 Stojamasis mokestis 103213 U\u017e moksl\u0105 DF 103011 U\u017e \u012fsiskolinim\u0105 DF 103056 U\u017e kursus 102641 U\u017e bendrabut\u012f studentams 103111 U\u017e bendrabut\u012f nuomininkams 103119 U\u017e komunalinius patarnavimus 103122 U\u017e pa\u017eym\u0105 103123 U\u017e knygas 103121 U\u017e diplom\u0173 dublikatus \u00a0 Mok\u0117jimai banke Dizaino fakulteto mok\u0117jimo kvitas&#8230;<\/p>\n","protected":false},"author":1,"featured_media":0,"parent":13299,"menu_order":0,"comment_status":"closed","ping_status":"closed","template":"","meta":{"inline_featured_image":false,"footnotes":""},"class_list":["post-988353","page","type-page","status-publish","hentry"],"yoast_head":"<!-- This site is optimized with the Yoast SEO plugin v19.12 - https:\/\/yoast.com\/wordpress\/plugins\/seo\/ -->\n<title>Dizaino fakulteto \u012fmok\u0173 rekvizitai - vtdko<\/title>\n<meta name=\"robots\" content=\"noindex, follow, max-snippet:-1, max-image-preview:large, max-video-preview:-1\" \/>\n<meta property=\"og:locale\" content=\"lt_LT\" \/>\n<meta property=\"og:type\" content=\"article\" \/>\n<meta property=\"og:title\" content=\"Dizaino fakulteto \u012fmok\u0173 rekvizitai - vtdko\" \/>\n<meta property=\"og:description\" content=\"Vilniaus technologij\u0173 ir dizaino kolegija \u2013 \u010dia hobis virsta profesija! Mok\u0117jimai internetu 102505 Stojamasis mokestis 103213 U\u017e moksl\u0105 DF 103011 U\u017e \u012fsiskolinim\u0105 DF 103056 U\u017e kursus 102641 U\u017e bendrabut\u012f studentams 103111 U\u017e bendrabut\u012f nuomininkams 103119 U\u017e komunalinius patarnavimus 103122 U\u017e pa\u017eym\u0105 103123 U\u017e knygas 103121 U\u017e diplom\u0173 dublikatus \u00a0 Mok\u0117jimai banke Dizaino fakulteto mok\u0117jimo kvitas...\" \/>\n<meta property=\"og:url\" content=\"https:\/\/wp.adisoft.lt\/vtdko\/dizaino-fakultetas\/imoku-rekvizitai\/\" \/>\n<meta property=\"og:site_name\" content=\"vtdko\" \/>\n<meta property=\"article:modified_time\" content=\"2023-02-23T07:15:06+00:00\" \/>\n<meta name=\"twitter:card\" content=\"summary_large_image\" \/>\n<meta name=\"twitter:label1\" content=\"Est. reading time\" \/>\n\t<meta name=\"twitter:data1\" content=\"1 minut\u0117\" \/>\n<script type=\"application\/ld+json\" class=\"yoast-schema-graph\">{\"@context\":\"https:\/\/schema.org\",\"@graph\":[{\"@type\":\"WebPage\",\"@id\":\"https:\/\/wp.adisoft.lt\/vtdko\/dizaino-fakultetas\/imoku-rekvizitai\/\",\"url\":\"https:\/\/wp.adisoft.lt\/vtdko\/dizaino-fakultetas\/imoku-rekvizitai\/\",\"name\":\"Dizaino fakulteto \u012fmok\u0173 rekvizitai - vtdko\",\"isPartOf\":{\"@id\":\"https:\/\/wp.adisoft.lt\/vtdko\/#website\"},\"datePublished\":\"2022-09-29T06:07:30+00:00\",\"dateModified\":\"2023-02-23T07:15:06+00:00\",\"breadcrumb\":{\"@id\":\"https:\/\/wp.adisoft.lt\/vtdko\/dizaino-fakultetas\/imoku-rekvizitai\/#breadcrumb\"},\"inLanguage\":\"lt-LT\",\"potentialAction\":[{\"@type\":\"ReadAction\",\"target\":[\"https:\/\/wp.adisoft.lt\/vtdko\/dizaino-fakultetas\/imoku-rekvizitai\/\"]}]},{\"@type\":\"BreadcrumbList\",\"@id\":\"https:\/\/wp.adisoft.lt\/vtdko\/dizaino-fakultetas\/imoku-rekvizitai\/#breadcrumb\",\"itemListElement\":[{\"@type\":\"ListItem\",\"position\":1,\"name\":\"Pagrindinis\",\"item\":\"https:\/\/wp.adisoft.lt\/vtdko\/\"},{\"@type\":\"ListItem\",\"position\":2,\"name\":\"Dizaino fakultetas\",\"item\":\"https:\/\/wp.adisoft.lt\/vtdko\/dizaino-fakultetas\/\"},{\"@type\":\"ListItem\",\"position\":3,\"name\":\"Dizaino fakulteto \u012fmok\u0173 rekvizitai\"}]},{\"@type\":\"WebSite\",\"@id\":\"https:\/\/wp.adisoft.lt\/vtdko\/#website\",\"url\":\"https:\/\/wp.adisoft.lt\/vtdko\/\",\"name\":\"vtdko\",\"description\":\"Vilniaus technologij\u0173 ir dizaino kolegija\",\"publisher\":{\"@id\":\"https:\/\/wp.adisoft.lt\/vtdko\/#organization\"},\"potentialAction\":[{\"@type\":\"SearchAction\",\"target\":{\"@type\":\"EntryPoint\",\"urlTemplate\":\"https:\/\/wp.adisoft.lt\/vtdko\/?s={search_term_string}\"},\"query-input\":\"required name=search_term_string\"}],\"inLanguage\":\"lt-LT\"},{\"@type\":\"Organization\",\"@id\":\"https:\/\/wp.adisoft.lt\/vtdko\/#organization\",\"name\":\"vtdko\",\"url\":\"https:\/\/wp.adisoft.lt\/vtdko\/\",\"logo\":{\"@type\":\"ImageObject\",\"inLanguage\":\"lt-LT\",\"@id\":\"https:\/\/wp.adisoft.lt\/vtdko\/#\/schema\/logo\/image\/\",\"url\":\"https:\/\/wp.adisoft.lt\/vtdko\/wp-content\/uploads\/2020\/02\/Logo-su-tekstu-01.svg\",\"contentUrl\":\"https:\/\/wp.adisoft.lt\/vtdko\/wp-content\/uploads\/2020\/02\/Logo-su-tekstu-01.svg\",\"width\":151,\"height\":74,\"caption\":\"vtdko\"},\"image\":{\"@id\":\"https:\/\/wp.adisoft.lt\/vtdko\/#\/schema\/logo\/image\/\"}}]}<\/script>\n<!-- \/ Yoast SEO plugin. -->","yoast_head_json":{"title":"Dizaino fakulteto \u012fmok\u0173 rekvizitai - vtdko","robots":{"index":"noindex","follow":"follow","max-snippet":"max-snippet:-1","max-image-preview":"max-image-preview:large","max-video-preview":"max-video-preview:-1"},"og_locale":"lt_LT","og_type":"article","og_title":"Dizaino fakulteto \u012fmok\u0173 rekvizitai - vtdko","og_description":"Vilniaus technologij\u0173 ir dizaino kolegija \u2013 \u010dia hobis virsta profesija! Mok\u0117jimai internetu 102505 Stojamasis mokestis 103213 U\u017e moksl\u0105 DF 103011 U\u017e \u012fsiskolinim\u0105 DF 103056 U\u017e kursus 102641 U\u017e bendrabut\u012f studentams 103111 U\u017e bendrabut\u012f nuomininkams 103119 U\u017e komunalinius patarnavimus 103122 U\u017e pa\u017eym\u0105 103123 U\u017e knygas 103121 U\u017e diplom\u0173 dublikatus \u00a0 Mok\u0117jimai banke Dizaino fakulteto mok\u0117jimo kvitas...","og_url":"https:\/\/wp.adisoft.lt\/vtdko\/dizaino-fakultetas\/imoku-rekvizitai\/","og_site_name":"vtdko","article_modified_time":"2023-02-23T07:15:06+00:00","twitter_card":"summary_large_image","twitter_misc":{"Est. reading time":"1 minut\u0117"},"schema":{"@context":"https:\/\/schema.org","@graph":[{"@type":"WebPage","@id":"https:\/\/wp.adisoft.lt\/vtdko\/dizaino-fakultetas\/imoku-rekvizitai\/","url":"https:\/\/wp.adisoft.lt\/vtdko\/dizaino-fakultetas\/imoku-rekvizitai\/","name":"Dizaino fakulteto \u012fmok\u0173 rekvizitai - vtdko","isPartOf":{"@id":"https:\/\/wp.adisoft.lt\/vtdko\/#website"},"datePublished":"2022-09-29T06:07:30+00:00","dateModified":"2023-02-23T07:15:06+00:00","breadcrumb":{"@id":"https:\/\/wp.adisoft.lt\/vtdko\/dizaino-fakultetas\/imoku-rekvizitai\/#breadcrumb"},"inLanguage":"lt-LT","potentialAction":[{"@type":"ReadAction","target":["https:\/\/wp.adisoft.lt\/vtdko\/dizaino-fakultetas\/imoku-rekvizitai\/"]}]},{"@type":"BreadcrumbList","@id":"https:\/\/wp.adisoft.lt\/vtdko\/dizaino-fakultetas\/imoku-rekvizitai\/#breadcrumb","itemListElement":[{"@type":"ListItem","position":1,"name":"Pagrindinis","item":"https:\/\/wp.adisoft.lt\/vtdko\/"},{"@type":"ListItem","position":2,"name":"Dizaino fakultetas","item":"https:\/\/wp.adisoft.lt\/vtdko\/dizaino-fakultetas\/"},{"@type":"ListItem","position":3,"name":"Dizaino fakulteto \u012fmok\u0173 rekvizitai"}]},{"@type":"WebSite","@id":"https:\/\/wp.adisoft.lt\/vtdko\/#website","url":"https:\/\/wp.adisoft.lt\/vtdko\/","name":"vtdko","description":"Vilniaus technologij\u0173 ir dizaino kolegija","publisher":{"@id":"https:\/\/wp.adisoft.lt\/vtdko\/#organization"},"potentialAction":[{"@type":"SearchAction","target":{"@type":"EntryPoint","urlTemplate":"https:\/\/wp.adisoft.lt\/vtdko\/?s={search_term_string}"},"query-input":"required name=search_term_string"}],"inLanguage":"lt-LT"},{"@type":"Organization","@id":"https:\/\/wp.adisoft.lt\/vtdko\/#organization","name":"vtdko","url":"https:\/\/wp.adisoft.lt\/vtdko\/","logo":{"@type":"ImageObject","inLanguage":"lt-LT","@id":"https:\/\/wp.adisoft.lt\/vtdko\/#\/schema\/logo\/image\/","url":"https:\/\/wp.adisoft.lt\/vtdko\/wp-content\/uploads\/2020\/02\/Logo-su-tekstu-01.svg","contentUrl":"https:\/\/wp.adisoft.lt\/vtdko\/wp-content\/uploads\/2020\/02\/Logo-su-tekstu-01.svg","width":151,"height":74,"caption":"vtdko"},"image":{"@id":"https:\/\/wp.adisoft.lt\/vtdko\/#\/schema\/logo\/image\/"}}]}},"_links":{"self":[{"href":"https:\/\/wp.adisoft.lt\/vtdko\/wp-json\/wp\/v2\/pages\/988353","targetHints":{"allow":["GET"]}}],"collection":[{"href":"https:\/\/wp.adisoft.lt\/vtdko\/wp-json\/wp\/v2\/pages"}],"about":[{"href":"https:\/\/wp.adisoft.lt\/vtdko\/wp-json\/wp\/v2\/types\/page"}],"author":[{"embeddable":true,"href":"https:\/\/wp.adisoft.lt\/vtdko\/wp-json\/wp\/v2\/users\/1"}],"replies":[{"embeddable":true,"href":"https:\/\/wp.adisoft.lt\/vtdko\/wp-json\/wp\/v2\/comments?post=988353"}],"version-history":[{"count":20,"href":"https:\/\/wp.adisoft.lt\/vtdko\/wp-json\/wp\/v2\/pages\/988353\/revisions"}],"predecessor-version":[{"id":1000226,"href":"https:\/\/wp.adisoft.lt\/vtdko\/wp-json\/wp\/v2\/pages\/988353\/revisions\/1000226"}],"up":[{"embeddable":true,"href":"https:\/\/wp.adisoft.lt\/vtdko\/wp-json\/wp\/v2\/pages\/13299"}],"wp:attachment":[{"href":"https:\/\/wp.adisoft.lt\/vtdko\/wp-json\/wp\/v2\/media?parent=988353"}],"curies":[{"name":"wp","href":"https:\/\/api.w.org\/{rel}","templated":true}]}}