{"id":988374,"date":"2022-09-29T09:20:22","date_gmt":"2022-09-29T06:20:22","guid":{"rendered":"https:\/\/wp.adisoft.lt\/vtdko\/?page_id=988374"},"modified":"2023-02-23T10:15:12","modified_gmt":"2023-02-23T07:15:12","slug":"dokumentai","status":"publish","type":"page","link":"https:\/\/wp.adisoft.lt\/vtdko\/dizaino-fakultetas\/dokumentai\/","title":{"rendered":"Dizaino fakulteto dokumentai"},"content":{"rendered":"\t\t<div data-elementor-type=\"wp-page\" data-elementor-id=\"988374\" class=\"elementor elementor-988374\">\n\t\t\t\t\t\t\t\t\t<section class=\"elementor-section elementor-top-section elementor-element elementor-element-d45dc6e elementor-section-height-min-height elementor-section-boxed elementor-section-height-default elementor-section-items-middle\" data-id=\"d45dc6e\" data-element_type=\"section\" data-settings=\"{&quot;background_background&quot;:&quot;classic&quot;,&quot;animation&quot;:&quot;none&quot;}\">\n\t\t\t\t\t\t<div class=\"elementor-container elementor-column-gap-default\">\n\t\t\t\t\t<div class=\"elementor-column elementor-col-100 elementor-top-column elementor-element elementor-element-0bff0fa\" data-id=\"0bff0fa\" data-element_type=\"column\" data-settings=\"{&quot;background_background&quot;:&quot;classic&quot;}\">\n\t\t\t<div class=\"elementor-widget-wrap\">\n\t\t\t\t\t\t\t\t\t<\/div>\n\t\t<\/div>\n\t\t\t\t\t\t\t<\/div>\n\t\t<\/section>\n\t\t\t\t<section class=\"elementor-section elementor-top-section elementor-element elementor-element-5cbe72d elementor-section-boxed elementor-section-height-default elementor-section-height-default\" data-id=\"5cbe72d\" data-element_type=\"section\" data-settings=\"{&quot;animation&quot;:&quot;none&quot;,&quot;animation_tablet&quot;:&quot;none&quot;,&quot;animation_mobile&quot;:&quot;none&quot;}\">\n\t\t\t\t\t\t<div class=\"elementor-container elementor-column-gap-no\">\n\t\t\t\t\t<div class=\"elementor-column elementor-col-50 elementor-top-column elementor-element elementor-element-2ec02c9 animated-fast elementor-invisible\" data-id=\"2ec02c9\" data-element_type=\"column\" data-settings=\"{&quot;background_background&quot;:&quot;classic&quot;,&quot;animation&quot;:&quot;fadeIn&quot;,&quot;animation_delay&quot;:100}\">\n\t\t\t<div class=\"elementor-widget-wrap elementor-element-populated\">\n\t\t\t\t\t\t\t\t<div class=\"elementor-element elementor-element-a6e52e2 elementor-widget elementor-widget-text-editor\" data-id=\"a6e52e2\" data-element_type=\"widget\" data-settings=\"{&quot;_animation&quot;:&quot;none&quot;,&quot;_animation_delay&quot;:300}\" data-widget_type=\"text-editor.default\">\n\t\t\t\t<div class=\"elementor-widget-container\">\n\t\t\t\t\t\t\t<p>Vilniaus technologij\u0173 ir dizaino kolegija \u2013 \u010dia hobis virsta profesija!<\/p>\t\t\t\t\t\t<\/div>\n\t\t\t\t<\/div>\n\t\t\t\t\t<\/div>\n\t\t<\/div>\n\t\t\t\t<div class=\"elementor-column elementor-col-50 elementor-top-column elementor-element elementor-element-1e3fcc4 elementor-hidden-desktop elementor-hidden-tablet elementor-hidden-phone\" data-id=\"1e3fcc4\" data-element_type=\"column\">\n\t\t\t<div class=\"elementor-widget-wrap\">\n\t\t\t\t\t\t\t\t\t<\/div>\n\t\t<\/div>\n\t\t\t\t\t\t\t<\/div>\n\t\t<\/section>\n\t\t\t\t<section class=\"elementor-section elementor-top-section elementor-element elementor-element-8f37da3 elementor-section-boxed elementor-section-height-default elementor-section-height-default\" data-id=\"8f37da3\" data-element_type=\"section\">\n\t\t\t\t\t\t<div class=\"elementor-container elementor-column-gap-default\">\n\t\t\t\t\t<div class=\"elementor-column elementor-col-100 elementor-top-column elementor-element elementor-element-076b17f\" data-id=\"076b17f\" data-element_type=\"column\">\n\t\t\t<div class=\"elementor-widget-wrap elementor-element-populated\">\n\t\t\t\t\t\t\t\t<div class=\"elementor-element elementor-element-7a746a3 elementor-widget elementor-widget-spacer\" data-id=\"7a746a3\" data-element_type=\"widget\" data-widget_type=\"spacer.default\">\n\t\t\t\t<div class=\"elementor-widget-container\">\n\t\t\t\t\t<div class=\"elementor-spacer\">\n\t\t\t<div class=\"elementor-spacer-inner\"><\/div>\n\t\t<\/div>\n\t\t\t\t<\/div>\n\t\t\t\t<\/div>\n\t\t\t\t<div class=\"elementor-element elementor-element-b5ff5f2 elementor-widget elementor-widget-text-editor\" data-id=\"b5ff5f2\" data-element_type=\"widget\" data-widget_type=\"text-editor.default\">\n\t\t\t\t<div class=\"elementor-widget-container\">\n\t\t\t\t\t\t\t<p><a href=\"https:\/\/wp.adisoft.lt\/vtdko\/wp-content\/uploads\/2022\/09\/Baigiamuju_darbu_tvarkos_aprasas.pdf\" target=\"_blank\" rel=\"noopener\">Baigiam\u0173j\u0173 darb\u0173 rengimo, gynimo, vertinimo ir saugojimo tvarkos apra\u0161as (PDF, 708 KB)<\/a><br \/><a href=\"https:\/\/wp.adisoft.lt\/vtdko\/wp-content\/uploads\/2022\/09\/1_priedastmp_tmp_.docx\" target=\"_blank\" rel=\"noopener\">1 priedas<\/a>,\u00a0<a href=\"https:\/\/wp.adisoft.lt\/vtdko\/wp-content\/uploads\/2022\/09\/2_priedastmp_tmp_.docx\" target=\"_blank\" rel=\"noopener\">2 priedas<\/a>,\u00a0<a href=\"https:\/\/wp.adisoft.lt\/vtdko\/wp-content\/uploads\/2022\/09\/3_priedastmp_.docx\" target=\"_blank\" rel=\"noopener\">3 priedas<\/a>,\u00a0<a href=\"https:\/\/wp.adisoft.lt\/vtdko\/wp-content\/uploads\/2022\/09\/4_priedastmp_.docx\" target=\"_blank\" rel=\"noopener\">4 priedas<\/a>,\u00a0<a href=\"https:\/\/wp.adisoft.lt\/vtdko\/wp-content\/uploads\/2022\/09\/5_priedastmp_.docx\" target=\"_blank\" rel=\"noopener\">5 priedas<\/a>,\u00a0<a href=\"https:\/\/wp.adisoft.lt\/vtdko\/wp-content\/uploads\/2022\/09\/6_priedastmp_.docx\" target=\"_blank\" rel=\"noopener\">6 priedas<\/a>\u00a0(2022 m. baland\u017eio 28 d.)<\/p><p><a href=\"https:\/\/wp.adisoft.lt\/vtdko\/wp-content\/uploads\/2022\/09\/Studentu_mobilumo_tvarkos_aprasastmp_.pdf\" target=\"_blank\" rel=\"noopener\">Student\u0173 mobilumo pagal ,,Erasmus+&#8221; program\u0105 organizavimo programos \u0161alyse tvarkos apra\u0161as (PDF, 436 KB)<\/a>\u00a02022 m. baland\u017eio 13 d.<\/p><p><a href=\"https:\/\/wp.adisoft.lt\/vtdko\/wp-content\/uploads\/2022\/09\/Rasto_darbai_2022_kovas.pdf\" target=\"_blank\" rel=\"noopener\">Ra\u0161to darb\u0173 bendrieji reikalavimai<\/a>,\u00a0<a href=\"https:\/\/wp.adisoft.lt\/vtdko\/wp-content\/uploads\/2022\/09\/1_priedas_antrastinio_lapo_pavyzdys.doc\" target=\"_blank\" rel=\"noopener\">1 priedas<\/a>,\u00a0<a href=\"https:\/\/wp.adisoft.lt\/vtdko\/wp-content\/uploads\/2022\/09\/2_priedas_baigiamojo_darbo_pirmojo_antrastinio_lapo_pavyzdys.doc\" target=\"_blank\" rel=\"noopener\">2 priedas<\/a>,\u00a0<a href=\"https:\/\/wp.adisoft.lt\/vtdko\/wp-content\/uploads\/2022\/09\/3_priedas_baigiamojo_darbo_antrojo_antrastinio_lapo_pavyzdys.doc\" target=\"_blank\" rel=\"noopener\">3 priedas<\/a>,\u00a0<a href=\"https:\/\/wp.adisoft.lt\/vtdko\/wp-content\/uploads\/2022\/09\/4_priedas_rasto_darbo_antrastinio_lapo_forma.doc\" target=\"_blank\" rel=\"noopener\">4 priedas<\/a>,\u00a0<a href=\"https:\/\/wp.adisoft.lt\/vtdko\/wp-content\/uploads\/2022\/09\/5_priedas_anotacijos_pavyzdys.doc\" target=\"_blank\" rel=\"noopener\">5 priedas<\/a>,\u00a0<a href=\"https:\/\/wp.adisoft.lt\/vtdko\/wp-content\/uploads\/2022\/09\/6_priedas_saziningumo_deklaracija.doc\" target=\"_blank\" rel=\"noopener\">6 priedas<\/a>,\u00a0<a href=\"https:\/\/wp.adisoft.lt\/vtdko\/wp-content\/uploads\/2022\/09\/7_priedas_turinio_pavyzdys.doc\" target=\"_blank\" rel=\"noopener\">7 priedas<\/a>\u00a0(2022 m. kovo 21 d. redakcija)<\/p><p><a href=\"https:\/\/wp.adisoft.lt\/vtdko\/wp-content\/uploads\/2022\/09\/Stipendiju_tvarka.pdf\" target=\"_blank\" rel=\"noopener\">Stipendij\u0173 skyrimo ir kitos paramos studentams teikimo nuostatai (PDF, 388 KB)<\/a>\u00a02022 m. sausio 26 d. redakcija<\/p><p><a href=\"https:\/\/wp.adisoft.lt\/vtdko\/wp-content\/uploads\/2022\/09\/Mokejimu_uz_studijas_tvarka_2021-12-08.pdf\" target=\"_blank\" rel=\"noopener\">Mok\u0117jim\u0173 u\u017e studijas tvarkos apra\u0161as (PDF, 272 KB)<\/a>\u00a02021 m. gruod\u017eio 8 d. redakcija<\/p><p><a href=\"https:\/\/wp.adisoft.lt\/vtdko\/wp-content\/uploads\/2022\/09\/Studiju_pagal_individualu_studiju_grafika_tvarkos_aprasas.pdf\" target=\"_blank\" rel=\"noopener\">Studij\u0173 pagal individual\u0173 studij\u0173 grafik\u0105 tvarkos apra\u0161as (PDF, 200 KB)<\/a>\u00a02021 m. gruod\u017eio 8 d. redakcija<\/p><p><a href=\"https:\/\/wp.adisoft.lt\/vtdko\/wp-content\/uploads\/2022\/09\/Akademiniu_skolu_tvarkos_aprasas_2021.pdf\" target=\"_blank\" rel=\"noopener\">Akademini\u0173 skol\u0173 likvidavimo tvarkos apra\u0161as (PDF, 200 KB)<\/a>\u00a02021 m. bir\u017eelio 21 d. redakcija<\/p><p><a href=\"https:\/\/wp.adisoft.lt\/vtdko\/wp-content\/uploads\/2022\/09\/Akademiniu_skolu_tvarkos_aprasas_2021-1.pdf\" target=\"_blank\" rel=\"noopener\">2021 metais sukomplektuot\u0173 akademini\u0173 grupi\u0173 indeksai (PDF, 440 KB)<\/a>\u00a02021 m. vasario 10 d.<\/p><p><a href=\"https:\/\/wp.adisoft.lt\/vtdko\/wp-content\/uploads\/2022\/09\/Studiju_kainos_kompensavimastmp_.pdf\" target=\"_blank\" rel=\"noopener\">U\u017e studijas sumok\u0117tos kainos kompensavimo tvarkos apra\u0161as (PDF, 280 KB)<\/a>\u00a02020 m. spalio 15 d. redakcija<\/p><p><a href=\"https:\/\/wp.adisoft.lt\/vtdko\/wp-content\/uploads\/2022\/09\/Finansines_pagalbos_tvarkos_aprasas.pdf\" target=\"_blank\" rel=\"noopener\">Finansin\u0117s pagalbos priemoni\u0173 teikimo ne\u012fgaliesiems, studijuojantiems Vilniaus technologij\u0173 ir dizaino kolegijoje, tvarkos apra\u0161as (PDF, 200 KB)<\/a>,\u00a0<a href=\"https:\/\/vtdko.lt\/images\/DF\/Dokumentai\/Studento_prasymas_2020.doc\">1 priedas<\/a>\u00a0(2020 m. kovo 12 d. redakcija)<\/p><p><a href=\"https:\/\/wp.adisoft.lt\/vtdko\/wp-content\/uploads\/2022\/09\/Studentu_apeliaciju_tvarkos_aprasas.pdf\" target=\"_blank\" rel=\"noopener\">Student\u0173 apeliacij\u0173 d\u0117l \u017eini\u0173 vertinimo ir proced\u016brini\u0173 pa\u017eeidim\u0173 pateikimo ir nagrin\u0117jimo tvarkos apra\u0161as (PDF, 390 KB)<\/a>,\u00a0<a href=\"https:\/\/wp.adisoft.lt\/vtdko\/wp-content\/uploads\/2022\/09\/1_priedas.docx\" target=\"_blank\" rel=\"noopener\">1 priedas<\/a>,\u00a0<a href=\"https:\/\/wp.adisoft.lt\/vtdko\/wp-content\/uploads\/2022\/09\/2_priedas.docx\">2 priedas<\/a>\u00a0(2020 m. kovo 12 d. redakcija)<\/p><p><a href=\"https:\/\/wp.adisoft.lt\/vtdko\/wp-content\/uploads\/2022\/09\/Praktinio_mokymo_sutartis_DF_2022.docx\" target=\"_blank\" rel=\"noopener\">Studento praktinio mokymo sutartis<\/a>,\u00a0<a href=\"https:\/\/wp.adisoft.lt\/vtdko\/wp-content\/uploads\/2022\/09\/1_priedas_uzduotis_15.doc\" target=\"_blank\" rel=\"noopener\">1 priedas<\/a>,\u00a0<a href=\"https:\/\/wp.adisoft.lt\/vtdko\/wp-content\/uploads\/2022\/09\/2_priedas_2_15.docx\" target=\"_blank\" rel=\"noopener\">2 priedas<\/a>\u00a0(2018 m. spalio 17 d.)<\/p><p><a href=\"https:\/\/wp.adisoft.lt\/vtdko\/wp-content\/uploads\/2022\/09\/Praktiku_organizavimo_tvarkos_aprasas_2018.pdf\" target=\"_blank\" rel=\"noopener\">Praktik\u0173 organizavimo tvarkos apra\u0161as<\/a>\u00a0(PDF, 284 KB)\u00a02018 m. bir\u017eelio 27 d. redakcija<\/p><p><a href=\"https:\/\/wp.adisoft.lt\/vtdko\/wp-content\/uploads\/2022\/09\/Studiju_nuostatai_10-30.pdf\" target=\"_blank\" rel=\"noopener\">Studij\u0173 nuostatai (PDF, 464 KB)<\/a>\u00a02017 m. spalio 30 d. redakcija<\/p><p><a href=\"https:\/\/wp.adisoft.lt\/vtdko\/wp-content\/uploads\/2022\/09\/Studento_studiju_finansavimo_keitimo_tvarkos_aprasas.pdf\" target=\"_blank\" rel=\"noopener\">Studento studij\u0173 finansavimo keitimo tvarkos apra\u0161as (PDF, 278 KB)<\/a>\u00a02017 m. spalio 30 d. redakcija<\/p><p><a href=\"https:\/\/wp.adisoft.lt\/vtdko\/wp-content\/uploads\/2022\/09\/AKADEMINES_ETIKOS_KODEKSAS.pdf\" target=\"_blank\" rel=\"noopener\">Vilniaus technologij\u0173 ir dizaino kolegijos Akademin\u0117s etikos kodeksas (PDF, 324 KB)<\/a>\u00a02017 m. bir\u017eelio 27 d. redakcija<\/p><p><a href=\"https:\/\/wp.adisoft.lt\/vtdko\/wp-content\/uploads\/2022\/09\/Baigimo_dokumentu_tvarka.pdf\" target=\"_blank\" rel=\"noopener\">Studij\u0173 baigim\u0105 liudijan\u010di\u0173 dokument\u0173 i\u0161davimo, apskaitos ir saugojimo tvarkos apra\u0161as (PDF, 325 KB)<\/a>\u00a02017 m. kovo 31 d. redakcija<\/p><p><a href=\"https:\/\/wp.adisoft.lt\/vtdko\/wp-content\/uploads\/2022\/09\/Studiju_rezultatu_vertinimo_tvarka_2017-01.pdf\" target=\"_blank\" rel=\"noopener\">Studij\u0173 rezultat\u0173 vertinimo tvarkos apra\u0161as (PDF, 364 KB)<\/a>\u00a02017 m. sausio 6 d. redakcija<\/p><p><a href=\"https:\/\/wp.adisoft.lt\/vtdko\/wp-content\/uploads\/2022\/09\/Karo_tarnyba.pdf\" target=\"_blank\" rel=\"noopener\">Nuolatin\u0119 privalom\u0105j\u0105 pradin\u0119 karo tarnyb\u0105 atlikusi\u0173 ar bazinius karinius mokymus baigusi\u0173 asmen\u0173 u\u017e studijas sumok\u0117tos kainos dalies kompensavimo tvarkos apra\u0161as (PDF, 176 KB)<\/a><\/p><p><a href=\"https:\/\/wp.adisoft.lt\/vtdko\/wp-content\/uploads\/2022\/09\/Studiju_iskaitymo_tvarka.pdf\" target=\"_blank\" rel=\"noopener\">Studij\u0173 rezultat\u0173 \u012fskaitymo tvarkos apra\u0161as (PDF, 212 KB)<\/a><\/p><p><a href=\"https:\/\/wp.adisoft.lt\/vtdko\/wp-content\/uploads\/2022\/09\/neformaliojo.pdf\" target=\"_blank\" rel=\"noopener noreferrer\">Neformaliojo suaugusi\u0173j\u0173 \u0161vietimo sistemoje \u012fgyt\u0173 kompetencij\u0173 vertinimo ir pripa\u017einimo tvarkos apra\u0161as (PDF, 72 KB)<\/a><\/p>\t\t\t\t\t\t<\/div>\n\t\t\t\t<\/div>\n\t\t\t\t\t<\/div>\n\t\t<\/div>\n\t\t\t\t\t\t\t<\/div>\n\t\t<\/section>\n\t\t\t\t<section class=\"elementor-section elementor-top-section elementor-element elementor-element-e83b9ee elementor-section-boxed elementor-section-height-default elementor-section-height-default\" data-id=\"e83b9ee\" data-element_type=\"section\">\n\t\t\t\t\t\t<div class=\"elementor-container elementor-column-gap-default\">\n\t\t\t\t\t<div class=\"elementor-column elementor-col-100 elementor-top-column elementor-element elementor-element-11d9d55\" data-id=\"11d9d55\" data-element_type=\"column\">\n\t\t\t<div class=\"elementor-widget-wrap elementor-element-populated\">\n\t\t\t\t\t\t\t\t<div class=\"elementor-element elementor-element-fe9cdbf elementor-widget elementor-widget-spacer\" data-id=\"fe9cdbf\" data-element_type=\"widget\" data-widget_type=\"spacer.default\">\n\t\t\t\t<div class=\"elementor-widget-container\">\n\t\t\t\t\t<div class=\"elementor-spacer\">\n\t\t\t<div class=\"elementor-spacer-inner\"><\/div>\n\t\t<\/div>\n\t\t\t\t<\/div>\n\t\t\t\t<\/div>\n\t\t\t\t\t<\/div>\n\t\t<\/div>\n\t\t\t\t\t\t\t<\/div>\n\t\t<\/section>\n\t\t\t\t\t\t\t<\/div>\n\t\t","protected":false},"excerpt":{"rendered":"<p>Vilniaus technologij\u0173 ir dizaino kolegija \u2013 \u010dia hobis virsta profesija! Baigiam\u0173j\u0173 darb\u0173 rengimo, gynimo, vertinimo ir saugojimo tvarkos apra\u0161as (PDF, 708 KB)1 priedas,\u00a02 priedas,\u00a03 priedas,\u00a04 priedas,\u00a05 priedas,\u00a06 priedas\u00a0(2022 m. baland\u017eio 28 d.) Student\u0173 mobilumo pagal ,,Erasmus+&#8221; program\u0105 organizavimo programos \u0161alyse tvarkos apra\u0161as (PDF, 436 KB)\u00a02022 m. baland\u017eio 13 d. Ra\u0161to darb\u0173 bendrieji reikalavimai,\u00a01 priedas,\u00a02 priedas,\u00a03&#8230;<\/p>\n","protected":false},"author":1,"featured_media":0,"parent":13299,"menu_order":0,"comment_status":"closed","ping_status":"closed","template":"","meta":{"inline_featured_image":false,"footnotes":""},"class_list":["post-988374","page","type-page","status-publish","hentry"],"yoast_head":"<!-- This site is optimized with the Yoast SEO plugin v19.12 - https:\/\/yoast.com\/wordpress\/plugins\/seo\/ -->\n<title>Dizaino fakulteto dokumentai - vtdko<\/title>\n<meta name=\"robots\" content=\"noindex, follow, max-snippet:-1, max-image-preview:large, max-video-preview:-1\" \/>\n<meta property=\"og:locale\" content=\"lt_LT\" \/>\n<meta property=\"og:type\" content=\"article\" \/>\n<meta property=\"og:title\" content=\"Dizaino fakulteto dokumentai - vtdko\" \/>\n<meta property=\"og:description\" content=\"Vilniaus technologij\u0173 ir dizaino kolegija \u2013 \u010dia hobis virsta profesija! Baigiam\u0173j\u0173 darb\u0173 rengimo, gynimo, vertinimo ir saugojimo tvarkos apra\u0161as (PDF, 708 KB)1 priedas,\u00a02 priedas,\u00a03 priedas,\u00a04 priedas,\u00a05 priedas,\u00a06 priedas\u00a0(2022 m. baland\u017eio 28 d.) Student\u0173 mobilumo pagal ,,Erasmus+&#8221; program\u0105 organizavimo programos \u0161alyse tvarkos apra\u0161as (PDF, 436 KB)\u00a02022 m. baland\u017eio 13 d. Ra\u0161to darb\u0173 bendrieji reikalavimai,\u00a01 priedas,\u00a02 priedas,\u00a03...\" \/>\n<meta property=\"og:url\" content=\"https:\/\/wp.adisoft.lt\/vtdko\/dizaino-fakultetas\/dokumentai\/\" \/>\n<meta property=\"og:site_name\" content=\"vtdko\" \/>\n<meta property=\"article:modified_time\" content=\"2023-02-23T07:15:12+00:00\" \/>\n<meta name=\"twitter:card\" content=\"summary_large_image\" \/>\n<meta name=\"twitter:label1\" content=\"Est. reading time\" \/>\n\t<meta name=\"twitter:data1\" content=\"3 minut\u0117s\" \/>\n<script type=\"application\/ld+json\" class=\"yoast-schema-graph\">{\"@context\":\"https:\/\/schema.org\",\"@graph\":[{\"@type\":\"WebPage\",\"@id\":\"https:\/\/wp.adisoft.lt\/vtdko\/dizaino-fakultetas\/dokumentai\/\",\"url\":\"https:\/\/wp.adisoft.lt\/vtdko\/dizaino-fakultetas\/dokumentai\/\",\"name\":\"Dizaino fakulteto dokumentai - vtdko\",\"isPartOf\":{\"@id\":\"https:\/\/wp.adisoft.lt\/vtdko\/#website\"},\"datePublished\":\"2022-09-29T06:20:22+00:00\",\"dateModified\":\"2023-02-23T07:15:12+00:00\",\"breadcrumb\":{\"@id\":\"https:\/\/wp.adisoft.lt\/vtdko\/dizaino-fakultetas\/dokumentai\/#breadcrumb\"},\"inLanguage\":\"lt-LT\",\"potentialAction\":[{\"@type\":\"ReadAction\",\"target\":[\"https:\/\/wp.adisoft.lt\/vtdko\/dizaino-fakultetas\/dokumentai\/\"]}]},{\"@type\":\"BreadcrumbList\",\"@id\":\"https:\/\/wp.adisoft.lt\/vtdko\/dizaino-fakultetas\/dokumentai\/#breadcrumb\",\"itemListElement\":[{\"@type\":\"ListItem\",\"position\":1,\"name\":\"Pagrindinis\",\"item\":\"https:\/\/wp.adisoft.lt\/vtdko\/\"},{\"@type\":\"ListItem\",\"position\":2,\"name\":\"Dizaino fakultetas\",\"item\":\"https:\/\/wp.adisoft.lt\/vtdko\/dizaino-fakultetas\/\"},{\"@type\":\"ListItem\",\"position\":3,\"name\":\"Dizaino fakulteto dokumentai\"}]},{\"@type\":\"WebSite\",\"@id\":\"https:\/\/wp.adisoft.lt\/vtdko\/#website\",\"url\":\"https:\/\/wp.adisoft.lt\/vtdko\/\",\"name\":\"vtdko\",\"description\":\"Vilniaus technologij\u0173 ir dizaino kolegija\",\"publisher\":{\"@id\":\"https:\/\/wp.adisoft.lt\/vtdko\/#organization\"},\"potentialAction\":[{\"@type\":\"SearchAction\",\"target\":{\"@type\":\"EntryPoint\",\"urlTemplate\":\"https:\/\/wp.adisoft.lt\/vtdko\/?s={search_term_string}\"},\"query-input\":\"required name=search_term_string\"}],\"inLanguage\":\"lt-LT\"},{\"@type\":\"Organization\",\"@id\":\"https:\/\/wp.adisoft.lt\/vtdko\/#organization\",\"name\":\"vtdko\",\"url\":\"https:\/\/wp.adisoft.lt\/vtdko\/\",\"logo\":{\"@type\":\"ImageObject\",\"inLanguage\":\"lt-LT\",\"@id\":\"https:\/\/wp.adisoft.lt\/vtdko\/#\/schema\/logo\/image\/\",\"url\":\"https:\/\/wp.adisoft.lt\/vtdko\/wp-content\/uploads\/2020\/02\/Logo-su-tekstu-01.svg\",\"contentUrl\":\"https:\/\/wp.adisoft.lt\/vtdko\/wp-content\/uploads\/2020\/02\/Logo-su-tekstu-01.svg\",\"width\":151,\"height\":74,\"caption\":\"vtdko\"},\"image\":{\"@id\":\"https:\/\/wp.adisoft.lt\/vtdko\/#\/schema\/logo\/image\/\"}}]}<\/script>\n<!-- \/ Yoast SEO plugin. -->","yoast_head_json":{"title":"Dizaino fakulteto dokumentai - vtdko","robots":{"index":"noindex","follow":"follow","max-snippet":"max-snippet:-1","max-image-preview":"max-image-preview:large","max-video-preview":"max-video-preview:-1"},"og_locale":"lt_LT","og_type":"article","og_title":"Dizaino fakulteto dokumentai - vtdko","og_description":"Vilniaus technologij\u0173 ir dizaino kolegija \u2013 \u010dia hobis virsta profesija! Baigiam\u0173j\u0173 darb\u0173 rengimo, gynimo, vertinimo ir saugojimo tvarkos apra\u0161as (PDF, 708 KB)1 priedas,\u00a02 priedas,\u00a03 priedas,\u00a04 priedas,\u00a05 priedas,\u00a06 priedas\u00a0(2022 m. baland\u017eio 28 d.) Student\u0173 mobilumo pagal ,,Erasmus+&#8221; program\u0105 organizavimo programos \u0161alyse tvarkos apra\u0161as (PDF, 436 KB)\u00a02022 m. baland\u017eio 13 d. Ra\u0161to darb\u0173 bendrieji reikalavimai,\u00a01 priedas,\u00a02 priedas,\u00a03...","og_url":"https:\/\/wp.adisoft.lt\/vtdko\/dizaino-fakultetas\/dokumentai\/","og_site_name":"vtdko","article_modified_time":"2023-02-23T07:15:12+00:00","twitter_card":"summary_large_image","twitter_misc":{"Est. reading time":"3 minut\u0117s"},"schema":{"@context":"https:\/\/schema.org","@graph":[{"@type":"WebPage","@id":"https:\/\/wp.adisoft.lt\/vtdko\/dizaino-fakultetas\/dokumentai\/","url":"https:\/\/wp.adisoft.lt\/vtdko\/dizaino-fakultetas\/dokumentai\/","name":"Dizaino fakulteto dokumentai - vtdko","isPartOf":{"@id":"https:\/\/wp.adisoft.lt\/vtdko\/#website"},"datePublished":"2022-09-29T06:20:22+00:00","dateModified":"2023-02-23T07:15:12+00:00","breadcrumb":{"@id":"https:\/\/wp.adisoft.lt\/vtdko\/dizaino-fakultetas\/dokumentai\/#breadcrumb"},"inLanguage":"lt-LT","potentialAction":[{"@type":"ReadAction","target":["https:\/\/wp.adisoft.lt\/vtdko\/dizaino-fakultetas\/dokumentai\/"]}]},{"@type":"BreadcrumbList","@id":"https:\/\/wp.adisoft.lt\/vtdko\/dizaino-fakultetas\/dokumentai\/#breadcrumb","itemListElement":[{"@type":"ListItem","position":1,"name":"Pagrindinis","item":"https:\/\/wp.adisoft.lt\/vtdko\/"},{"@type":"ListItem","position":2,"name":"Dizaino fakultetas","item":"https:\/\/wp.adisoft.lt\/vtdko\/dizaino-fakultetas\/"},{"@type":"ListItem","position":3,"name":"Dizaino fakulteto dokumentai"}]},{"@type":"WebSite","@id":"https:\/\/wp.adisoft.lt\/vtdko\/#website","url":"https:\/\/wp.adisoft.lt\/vtdko\/","name":"vtdko","description":"Vilniaus technologij\u0173 ir dizaino kolegija","publisher":{"@id":"https:\/\/wp.adisoft.lt\/vtdko\/#organization"},"potentialAction":[{"@type":"SearchAction","target":{"@type":"EntryPoint","urlTemplate":"https:\/\/wp.adisoft.lt\/vtdko\/?s={search_term_string}"},"query-input":"required name=search_term_string"}],"inLanguage":"lt-LT"},{"@type":"Organization","@id":"https:\/\/wp.adisoft.lt\/vtdko\/#organization","name":"vtdko","url":"https:\/\/wp.adisoft.lt\/vtdko\/","logo":{"@type":"ImageObject","inLanguage":"lt-LT","@id":"https:\/\/wp.adisoft.lt\/vtdko\/#\/schema\/logo\/image\/","url":"https:\/\/wp.adisoft.lt\/vtdko\/wp-content\/uploads\/2020\/02\/Logo-su-tekstu-01.svg","contentUrl":"https:\/\/wp.adisoft.lt\/vtdko\/wp-content\/uploads\/2020\/02\/Logo-su-tekstu-01.svg","width":151,"height":74,"caption":"vtdko"},"image":{"@id":"https:\/\/wp.adisoft.lt\/vtdko\/#\/schema\/logo\/image\/"}}]}},"_links":{"self":[{"href":"https:\/\/wp.adisoft.lt\/vtdko\/wp-json\/wp\/v2\/pages\/988374","targetHints":{"allow":["GET"]}}],"collection":[{"href":"https:\/\/wp.adisoft.lt\/vtdko\/wp-json\/wp\/v2\/pages"}],"about":[{"href":"https:\/\/wp.adisoft.lt\/vtdko\/wp-json\/wp\/v2\/types\/page"}],"author":[{"embeddable":true,"href":"https:\/\/wp.adisoft.lt\/vtdko\/wp-json\/wp\/v2\/users\/1"}],"replies":[{"embeddable":true,"href":"https:\/\/wp.adisoft.lt\/vtdko\/wp-json\/wp\/v2\/comments?post=988374"}],"version-history":[{"count":16,"href":"https:\/\/wp.adisoft.lt\/vtdko\/wp-json\/wp\/v2\/pages\/988374\/revisions"}],"predecessor-version":[{"id":1000232,"href":"https:\/\/wp.adisoft.lt\/vtdko\/wp-json\/wp\/v2\/pages\/988374\/revisions\/1000232"}],"up":[{"embeddable":true,"href":"https:\/\/wp.adisoft.lt\/vtdko\/wp-json\/wp\/v2\/pages\/13299"}],"wp:attachment":[{"href":"https:\/\/wp.adisoft.lt\/vtdko\/wp-json\/wp\/v2\/media?parent=988374"}],"curies":[{"name":"wp","href":"https:\/\/api.w.org\/{rel}","templated":true}]}}