{"id":988468,"date":"2022-09-29T10:13:40","date_gmt":"2022-09-29T07:13:40","guid":{"rendered":"https:\/\/wp.adisoft.lt\/vtdko\/?page_id=988468"},"modified":"2023-02-23T10:15:41","modified_gmt":"2023-02-23T07:15:41","slug":"apie-fakulteta","status":"publish","type":"page","link":"https:\/\/wp.adisoft.lt\/vtdko\/dizaino-fakultetas\/apie-fakulteta\/","title":{"rendered":"Apie dizaino fakultet\u0105"},"content":{"rendered":"\t\t<div data-elementor-type=\"wp-page\" data-elementor-id=\"988468\" class=\"elementor elementor-988468\">\n\t\t\t\t\t\t\t\t\t<section class=\"elementor-section elementor-top-section elementor-element elementor-element-eda2f27 elementor-section-height-min-height elementor-section-boxed elementor-section-height-default elementor-section-items-middle\" data-id=\"eda2f27\" data-element_type=\"section\" data-settings=\"{&quot;background_background&quot;:&quot;classic&quot;,&quot;animation&quot;:&quot;none&quot;}\">\n\t\t\t\t\t\t<div class=\"elementor-container elementor-column-gap-default\">\n\t\t\t\t\t<div class=\"elementor-column elementor-col-100 elementor-top-column elementor-element elementor-element-24fa423\" data-id=\"24fa423\" data-element_type=\"column\" data-settings=\"{&quot;background_background&quot;:&quot;classic&quot;}\">\n\t\t\t<div class=\"elementor-widget-wrap\">\n\t\t\t\t\t\t\t\t\t<\/div>\n\t\t<\/div>\n\t\t\t\t\t\t\t<\/div>\n\t\t<\/section>\n\t\t\t\t<section class=\"elementor-section elementor-top-section elementor-element elementor-element-3a9adf0 elementor-section-boxed elementor-section-height-default elementor-section-height-default\" data-id=\"3a9adf0\" data-element_type=\"section\" data-settings=\"{&quot;animation&quot;:&quot;none&quot;,&quot;animation_tablet&quot;:&quot;none&quot;,&quot;animation_mobile&quot;:&quot;none&quot;}\">\n\t\t\t\t\t\t<div class=\"elementor-container elementor-column-gap-no\">\n\t\t\t\t\t<div class=\"elementor-column elementor-col-50 elementor-top-column elementor-element elementor-element-a2d4b00 animated-fast elementor-invisible\" data-id=\"a2d4b00\" data-element_type=\"column\" data-settings=\"{&quot;background_background&quot;:&quot;classic&quot;,&quot;animation&quot;:&quot;fadeIn&quot;,&quot;animation_delay&quot;:100}\">\n\t\t\t<div class=\"elementor-widget-wrap elementor-element-populated\">\n\t\t\t\t\t\t\t\t<div class=\"elementor-element elementor-element-2d1c08f elementor-widget elementor-widget-text-editor\" data-id=\"2d1c08f\" data-element_type=\"widget\" data-settings=\"{&quot;_animation&quot;:&quot;none&quot;,&quot;_animation_delay&quot;:300}\" data-widget_type=\"text-editor.default\">\n\t\t\t\t<div class=\"elementor-widget-container\">\n\t\t\t\t\t\t\t<p>Vilniaus technologij\u0173 ir dizaino kolegija \u2013 \u010dia hobis virsta profesija!<\/p>\t\t\t\t\t\t<\/div>\n\t\t\t\t<\/div>\n\t\t\t\t\t<\/div>\n\t\t<\/div>\n\t\t\t\t<div class=\"elementor-column elementor-col-50 elementor-top-column elementor-element elementor-element-57220f1 elementor-hidden-desktop elementor-hidden-tablet elementor-hidden-phone\" data-id=\"57220f1\" data-element_type=\"column\">\n\t\t\t<div class=\"elementor-widget-wrap\">\n\t\t\t\t\t\t\t\t\t<\/div>\n\t\t<\/div>\n\t\t\t\t\t\t\t<\/div>\n\t\t<\/section>\n\t\t\t\t<section class=\"elementor-section elementor-top-section elementor-element elementor-element-8f37da3 elementor-section-boxed elementor-section-height-default elementor-section-height-default\" data-id=\"8f37da3\" data-element_type=\"section\">\n\t\t\t\t\t\t<div class=\"elementor-container elementor-column-gap-default\">\n\t\t\t\t\t<div class=\"elementor-column elementor-col-100 elementor-top-column elementor-element elementor-element-076b17f\" data-id=\"076b17f\" data-element_type=\"column\">\n\t\t\t<div class=\"elementor-widget-wrap elementor-element-populated\">\n\t\t\t\t\t\t\t\t<div class=\"elementor-element elementor-element-be09d51 elementor-widget elementor-widget-spacer\" data-id=\"be09d51\" data-element_type=\"widget\" data-widget_type=\"spacer.default\">\n\t\t\t\t<div class=\"elementor-widget-container\">\n\t\t\t\t\t<div class=\"elementor-spacer\">\n\t\t\t<div class=\"elementor-spacer-inner\"><\/div>\n\t\t<\/div>\n\t\t\t\t<\/div>\n\t\t\t\t<\/div>\n\t\t\t\t<div class=\"elementor-element elementor-element-b5ff5f2 elementor-widget elementor-widget-text-editor\" data-id=\"b5ff5f2\" data-element_type=\"widget\" data-widget_type=\"text-editor.default\">\n\t\t\t\t<div class=\"elementor-widget-container\">\n\t\t\t\t\t\t\t<p>Dizaino fakultetas \u012fsteigtas 2002 m., reorganizavus Vilniaus auk\u0161tesni\u0105j\u0105 statybos mokykl\u0105 ir \u012fk\u016brus Vilniaus statybos ir dizaino kolegij\u0105, o jo u\u017euomazgos siekia Vilniaus statybos technikumo laikus, kai \u010dia prad\u0117ti rengti Architekt\u016bros specialyb\u0117s studentai.<\/p><p>Dizaino fakultetas \u2013 tai bendr\u0173 tiksl\u0173 vienijama k\u016br\u0117j\u0173 ir pedagog\u0173 bendruomen\u0117, kuri rengia rinkoje paklausius auk\u0161tos kvalifikacijos interjero, grafinio, interaktyviojo dizaino ir fotografijos technologijos specialistus, geban\u010dius prisitaikyti prie jos kintan\u010di\u0173 poreiki\u0173 ir profesionaliai realizuoti savo k\u016brybines id\u0117jas. Studijos vykdomos nuolatine ir i\u0161t\u0119stine studij\u0173 forma.<\/p><p>Fakulteto d\u0117stytojai aktyviai dalyvauja menin\u0117je ir mokslin\u0117je veiklose, did\u017eioji j\u0173 dalis yra savo pasirinktos srities profesionalai. Kvalifikacij\u0105 d\u0117stytojai nuolat tobulina \u012fvairiuose kursuose, seminaruose, konferencijose ir sta\u017euot\u0117se, dalyvauja konkursuose, parodose ir pleneruose, rengia ir realizuoja \u012fvairius projektus Lietuvoje ir u\u017esienyje.<\/p><p>Fakultetas aktyviai bendradarbiauja su mokymo institucijomis Lietuvoje, Belgijoje, Bulgarijoje, Danijoje, Estijoje, Jungtin\u0117je Karalyst\u0117je, Latvijoje, Lenkijoje, Nyderland\u0173 karalyst\u0117je, Portugalijoje, Pranc\u016bzijoje, Slovakijoje, Suomijoje, Turkijoje ir Vengrijoje.<\/p><p>Dizaino fakultetas nuolat kei\u010diasi ir tobul\u0117ja:<\/p><p>2007\u20132008 s. m. atnaujinta fakulteto materialin\u0117 baz\u0117: \u012frengta monta\u017ein\u0117 ir Fotografijos technologij\u0173 laboratorija pagal kolegijos laim\u0117t\u0105 ES strukt\u016brini\u0173 fond\u0173 projekt\u0105 \u201eStatybos, gele\u017einkelio transporto ir dizaino sri\u010di\u0173 specialist\u0173 regimo baz\u0117s modernizavimas\u201c;<\/p><p>2008\u20132009 s. m. Dizaino fakultete \u012frengtos pie\u0161yklos Technikos fakulteto r\u016bmuose Oland\u0173 g.16;<\/p><p>2009\u20132010 s. m. \u012fkurta Grafikos studija su k\u016brybin\u0117mis dirbtuv\u0117mis;<\/p><p>2010\u20132012 m. vykdant kolegijos laim\u0117t\u0105 ES strukt\u016brini\u0173 fond\u0173 projekt\u0105 ,,Vilniaus technologij\u0173 ir dizaino kolegijos studij\u0173 infrastrukt\u016bros modernizavimas\u201c buvo pertvarkyta ir modernizuota VTDK infrastrukt\u016bra, fakultetas 2014 m. persik\u0117l\u0117 \u012f modernias patalpas Oland\u0173 g. 16.<\/p><p>Dizaino fakultet\u0105 sudaro 2 katedros:<\/p><ul><li>Dizaino;<\/li><li>Medij\u0173.<\/li><\/ul><p>Kiekviena katedra kuruoja po dvi studij\u0173 programas: Dizaino karedra kuruoja studij\u0173 programas \u201eGrafinis dizainas&#8221; ir \u201eInterjero dizainas&#8221;; Medij\u0173 katedra &#8211; \u201eMultimedijos dizain\u0105&#8221; ir \u201eFotografijos technologij\u0105&#8221;.\u00a0<\/p><p>Dizaino fakultete vykdomos studij\u0173 programos nuolat atnaujinamos, atsi\u017evelgiant \u012f dizaino tendencijas, rinkos poreikius, \u0161vietimo naujoves ir rengiamiems specialistams keliamus naujus reikalavimus.<\/p><p>2010-2011 m. prad\u0117jus vykdyti numatytas ES strukt\u016brini\u0173 fond\u0173 projekto VP1-2.2-\u0160MM-07-K-01-122 \u201eDizaino ir nauj\u0173j\u0173 medij\u0173 studij\u0173 kokyb\u0117s tobulinimas\u201c priemones, buvo atnaujinamos studij\u0173 programos, program\u0173 turinys labiau orientuotas \u012f studij\u0173 rezultatus ir pritaikytas lanks\u010diai reaguoti \u012f technologij\u0173 kait\u0105 ir rinkos poreikius, \u012fdiegiant arba kei\u010diant naujas specializacijas, sudaryta galimyb\u0117 pla\u010diai taikyti inovatyvius mokymo(si) metodus. Visa tai priartina Dizaino fakulteto vykdomas studijas prie u\u017esienio mokykl\u0173 dizaino ir multimedijos standart\u0173 ir palengvina kolegijos student\u0173 (tarp j\u0173 ir atvykusi\u0173 i\u0161 u\u017esienio \u0161ali\u0173) integravim\u0105si kitose auk\u0161tosiose mokyklose bei tarptautin\u0117je rinkoje.<\/p>\t\t\t\t\t\t<\/div>\n\t\t\t\t<\/div>\n\t\t\t\t\t<\/div>\n\t\t<\/div>\n\t\t\t\t\t\t\t<\/div>\n\t\t<\/section>\n\t\t\t\t<section class=\"elementor-section elementor-top-section elementor-element elementor-element-0ccf858 elementor-section-boxed elementor-section-height-default elementor-section-height-default\" data-id=\"0ccf858\" data-element_type=\"section\">\n\t\t\t\t\t\t<div class=\"elementor-container elementor-column-gap-default\">\n\t\t\t\t\t<div class=\"elementor-column elementor-col-100 elementor-top-column elementor-element elementor-element-bf55f3d\" data-id=\"bf55f3d\" data-element_type=\"column\">\n\t\t\t<div class=\"elementor-widget-wrap elementor-element-populated\">\n\t\t\t\t\t\t\t\t<div class=\"elementor-element elementor-element-faa8710 elementor-widget elementor-widget-spacer\" data-id=\"faa8710\" data-element_type=\"widget\" data-widget_type=\"spacer.default\">\n\t\t\t\t<div class=\"elementor-widget-container\">\n\t\t\t\t\t<div class=\"elementor-spacer\">\n\t\t\t<div class=\"elementor-spacer-inner\"><\/div>\n\t\t<\/div>\n\t\t\t\t<\/div>\n\t\t\t\t<\/div>\n\t\t\t\t\t<\/div>\n\t\t<\/div>\n\t\t\t\t\t\t\t<\/div>\n\t\t<\/section>\n\t\t\t\t\t\t\t<\/div>\n\t\t","protected":false},"excerpt":{"rendered":"<p>Vilniaus technologij\u0173 ir dizaino kolegija \u2013 \u010dia hobis virsta profesija! Dizaino fakultetas \u012fsteigtas 2002 m., reorganizavus Vilniaus auk\u0161tesni\u0105j\u0105 statybos mokykl\u0105 ir \u012fk\u016brus Vilniaus statybos ir dizaino kolegij\u0105, o jo u\u017euomazgos siekia Vilniaus statybos technikumo laikus, kai \u010dia prad\u0117ti rengti Architekt\u016bros specialyb\u0117s studentai. Dizaino fakultetas \u2013 tai bendr\u0173 tiksl\u0173 vienijama k\u016br\u0117j\u0173 ir pedagog\u0173 bendruomen\u0117, kuri rengia&#8230;<\/p>\n","protected":false},"author":1,"featured_media":0,"parent":13299,"menu_order":0,"comment_status":"closed","ping_status":"closed","template":"","meta":{"inline_featured_image":false,"footnotes":""},"class_list":["post-988468","page","type-page","status-publish","hentry"],"yoast_head":"<!-- This site is optimized with the Yoast SEO plugin v19.12 - https:\/\/yoast.com\/wordpress\/plugins\/seo\/ -->\n<title>Apie dizaino fakultet\u0105 - vtdko<\/title>\n<meta name=\"robots\" content=\"noindex, follow, max-snippet:-1, max-image-preview:large, max-video-preview:-1\" \/>\n<meta property=\"og:locale\" content=\"lt_LT\" \/>\n<meta property=\"og:type\" content=\"article\" \/>\n<meta property=\"og:title\" content=\"Apie dizaino fakultet\u0105 - vtdko\" \/>\n<meta property=\"og:description\" content=\"Vilniaus technologij\u0173 ir dizaino kolegija \u2013 \u010dia hobis virsta profesija! Dizaino fakultetas \u012fsteigtas 2002 m., reorganizavus Vilniaus auk\u0161tesni\u0105j\u0105 statybos mokykl\u0105 ir \u012fk\u016brus Vilniaus statybos ir dizaino kolegij\u0105, o jo u\u017euomazgos siekia Vilniaus statybos technikumo laikus, kai \u010dia prad\u0117ti rengti Architekt\u016bros specialyb\u0117s studentai. Dizaino fakultetas \u2013 tai bendr\u0173 tiksl\u0173 vienijama k\u016br\u0117j\u0173 ir pedagog\u0173 bendruomen\u0117, kuri rengia...\" \/>\n<meta property=\"og:url\" content=\"https:\/\/wp.adisoft.lt\/vtdko\/dizaino-fakultetas\/apie-fakulteta\/\" \/>\n<meta property=\"og:site_name\" content=\"vtdko\" \/>\n<meta property=\"article:modified_time\" content=\"2023-02-23T07:15:41+00:00\" \/>\n<meta name=\"twitter:card\" content=\"summary_large_image\" \/>\n<meta name=\"twitter:label1\" content=\"Est. reading time\" \/>\n\t<meta name=\"twitter:data1\" content=\"3 minut\u0117s\" \/>\n<script type=\"application\/ld+json\" class=\"yoast-schema-graph\">{\"@context\":\"https:\/\/schema.org\",\"@graph\":[{\"@type\":\"WebPage\",\"@id\":\"https:\/\/wp.adisoft.lt\/vtdko\/dizaino-fakultetas\/apie-fakulteta\/\",\"url\":\"https:\/\/wp.adisoft.lt\/vtdko\/dizaino-fakultetas\/apie-fakulteta\/\",\"name\":\"Apie dizaino fakultet\u0105 - vtdko\",\"isPartOf\":{\"@id\":\"https:\/\/wp.adisoft.lt\/vtdko\/#website\"},\"datePublished\":\"2022-09-29T07:13:40+00:00\",\"dateModified\":\"2023-02-23T07:15:41+00:00\",\"breadcrumb\":{\"@id\":\"https:\/\/wp.adisoft.lt\/vtdko\/dizaino-fakultetas\/apie-fakulteta\/#breadcrumb\"},\"inLanguage\":\"lt-LT\",\"potentialAction\":[{\"@type\":\"ReadAction\",\"target\":[\"https:\/\/wp.adisoft.lt\/vtdko\/dizaino-fakultetas\/apie-fakulteta\/\"]}]},{\"@type\":\"BreadcrumbList\",\"@id\":\"https:\/\/wp.adisoft.lt\/vtdko\/dizaino-fakultetas\/apie-fakulteta\/#breadcrumb\",\"itemListElement\":[{\"@type\":\"ListItem\",\"position\":1,\"name\":\"Pagrindinis\",\"item\":\"https:\/\/wp.adisoft.lt\/vtdko\/\"},{\"@type\":\"ListItem\",\"position\":2,\"name\":\"Dizaino fakultetas\",\"item\":\"https:\/\/wp.adisoft.lt\/vtdko\/dizaino-fakultetas\/\"},{\"@type\":\"ListItem\",\"position\":3,\"name\":\"Apie dizaino fakultet\u0105\"}]},{\"@type\":\"WebSite\",\"@id\":\"https:\/\/wp.adisoft.lt\/vtdko\/#website\",\"url\":\"https:\/\/wp.adisoft.lt\/vtdko\/\",\"name\":\"vtdko\",\"description\":\"Vilniaus technologij\u0173 ir dizaino kolegija\",\"publisher\":{\"@id\":\"https:\/\/wp.adisoft.lt\/vtdko\/#organization\"},\"potentialAction\":[{\"@type\":\"SearchAction\",\"target\":{\"@type\":\"EntryPoint\",\"urlTemplate\":\"https:\/\/wp.adisoft.lt\/vtdko\/?s={search_term_string}\"},\"query-input\":\"required name=search_term_string\"}],\"inLanguage\":\"lt-LT\"},{\"@type\":\"Organization\",\"@id\":\"https:\/\/wp.adisoft.lt\/vtdko\/#organization\",\"name\":\"vtdko\",\"url\":\"https:\/\/wp.adisoft.lt\/vtdko\/\",\"logo\":{\"@type\":\"ImageObject\",\"inLanguage\":\"lt-LT\",\"@id\":\"https:\/\/wp.adisoft.lt\/vtdko\/#\/schema\/logo\/image\/\",\"url\":\"https:\/\/wp.adisoft.lt\/vtdko\/wp-content\/uploads\/2020\/02\/Logo-su-tekstu-01.svg\",\"contentUrl\":\"https:\/\/wp.adisoft.lt\/vtdko\/wp-content\/uploads\/2020\/02\/Logo-su-tekstu-01.svg\",\"width\":151,\"height\":74,\"caption\":\"vtdko\"},\"image\":{\"@id\":\"https:\/\/wp.adisoft.lt\/vtdko\/#\/schema\/logo\/image\/\"}}]}<\/script>\n<!-- \/ Yoast SEO plugin. -->","yoast_head_json":{"title":"Apie dizaino fakultet\u0105 - vtdko","robots":{"index":"noindex","follow":"follow","max-snippet":"max-snippet:-1","max-image-preview":"max-image-preview:large","max-video-preview":"max-video-preview:-1"},"og_locale":"lt_LT","og_type":"article","og_title":"Apie dizaino fakultet\u0105 - vtdko","og_description":"Vilniaus technologij\u0173 ir dizaino kolegija \u2013 \u010dia hobis virsta profesija! Dizaino fakultetas \u012fsteigtas 2002 m., reorganizavus Vilniaus auk\u0161tesni\u0105j\u0105 statybos mokykl\u0105 ir \u012fk\u016brus Vilniaus statybos ir dizaino kolegij\u0105, o jo u\u017euomazgos siekia Vilniaus statybos technikumo laikus, kai \u010dia prad\u0117ti rengti Architekt\u016bros specialyb\u0117s studentai. Dizaino fakultetas \u2013 tai bendr\u0173 tiksl\u0173 vienijama k\u016br\u0117j\u0173 ir pedagog\u0173 bendruomen\u0117, kuri rengia...","og_url":"https:\/\/wp.adisoft.lt\/vtdko\/dizaino-fakultetas\/apie-fakulteta\/","og_site_name":"vtdko","article_modified_time":"2023-02-23T07:15:41+00:00","twitter_card":"summary_large_image","twitter_misc":{"Est. reading time":"3 minut\u0117s"},"schema":{"@context":"https:\/\/schema.org","@graph":[{"@type":"WebPage","@id":"https:\/\/wp.adisoft.lt\/vtdko\/dizaino-fakultetas\/apie-fakulteta\/","url":"https:\/\/wp.adisoft.lt\/vtdko\/dizaino-fakultetas\/apie-fakulteta\/","name":"Apie dizaino fakultet\u0105 - vtdko","isPartOf":{"@id":"https:\/\/wp.adisoft.lt\/vtdko\/#website"},"datePublished":"2022-09-29T07:13:40+00:00","dateModified":"2023-02-23T07:15:41+00:00","breadcrumb":{"@id":"https:\/\/wp.adisoft.lt\/vtdko\/dizaino-fakultetas\/apie-fakulteta\/#breadcrumb"},"inLanguage":"lt-LT","potentialAction":[{"@type":"ReadAction","target":["https:\/\/wp.adisoft.lt\/vtdko\/dizaino-fakultetas\/apie-fakulteta\/"]}]},{"@type":"BreadcrumbList","@id":"https:\/\/wp.adisoft.lt\/vtdko\/dizaino-fakultetas\/apie-fakulteta\/#breadcrumb","itemListElement":[{"@type":"ListItem","position":1,"name":"Pagrindinis","item":"https:\/\/wp.adisoft.lt\/vtdko\/"},{"@type":"ListItem","position":2,"name":"Dizaino fakultetas","item":"https:\/\/wp.adisoft.lt\/vtdko\/dizaino-fakultetas\/"},{"@type":"ListItem","position":3,"name":"Apie dizaino fakultet\u0105"}]},{"@type":"WebSite","@id":"https:\/\/wp.adisoft.lt\/vtdko\/#website","url":"https:\/\/wp.adisoft.lt\/vtdko\/","name":"vtdko","description":"Vilniaus technologij\u0173 ir dizaino kolegija","publisher":{"@id":"https:\/\/wp.adisoft.lt\/vtdko\/#organization"},"potentialAction":[{"@type":"SearchAction","target":{"@type":"EntryPoint","urlTemplate":"https:\/\/wp.adisoft.lt\/vtdko\/?s={search_term_string}"},"query-input":"required name=search_term_string"}],"inLanguage":"lt-LT"},{"@type":"Organization","@id":"https:\/\/wp.adisoft.lt\/vtdko\/#organization","name":"vtdko","url":"https:\/\/wp.adisoft.lt\/vtdko\/","logo":{"@type":"ImageObject","inLanguage":"lt-LT","@id":"https:\/\/wp.adisoft.lt\/vtdko\/#\/schema\/logo\/image\/","url":"https:\/\/wp.adisoft.lt\/vtdko\/wp-content\/uploads\/2020\/02\/Logo-su-tekstu-01.svg","contentUrl":"https:\/\/wp.adisoft.lt\/vtdko\/wp-content\/uploads\/2020\/02\/Logo-su-tekstu-01.svg","width":151,"height":74,"caption":"vtdko"},"image":{"@id":"https:\/\/wp.adisoft.lt\/vtdko\/#\/schema\/logo\/image\/"}}]}},"_links":{"self":[{"href":"https:\/\/wp.adisoft.lt\/vtdko\/wp-json\/wp\/v2\/pages\/988468","targetHints":{"allow":["GET"]}}],"collection":[{"href":"https:\/\/wp.adisoft.lt\/vtdko\/wp-json\/wp\/v2\/pages"}],"about":[{"href":"https:\/\/wp.adisoft.lt\/vtdko\/wp-json\/wp\/v2\/types\/page"}],"author":[{"embeddable":true,"href":"https:\/\/wp.adisoft.lt\/vtdko\/wp-json\/wp\/v2\/users\/1"}],"replies":[{"embeddable":true,"href":"https:\/\/wp.adisoft.lt\/vtdko\/wp-json\/wp\/v2\/comments?post=988468"}],"version-history":[{"count":16,"href":"https:\/\/wp.adisoft.lt\/vtdko\/wp-json\/wp\/v2\/pages\/988468\/revisions"}],"predecessor-version":[{"id":1000238,"href":"https:\/\/wp.adisoft.lt\/vtdko\/wp-json\/wp\/v2\/pages\/988468\/revisions\/1000238"}],"up":[{"embeddable":true,"href":"https:\/\/wp.adisoft.lt\/vtdko\/wp-json\/wp\/v2\/pages\/13299"}],"wp:attachment":[{"href":"https:\/\/wp.adisoft.lt\/vtdko\/wp-json\/wp\/v2\/media?parent=988468"}],"curies":[{"name":"wp","href":"https:\/\/api.w.org\/{rel}","templated":true}]}}