{"id":988723,"date":"2022-09-29T14:54:05","date_gmt":"2022-09-29T11:54:05","guid":{"rendered":"https:\/\/wp.adisoft.lt\/vtdko\/?page_id=988723"},"modified":"2023-02-03T21:11:28","modified_gmt":"2023-02-03T18:11:28","slug":"fotografijos-technologija","status":"publish","type":"page","link":"https:\/\/wp.adisoft.lt\/vtdko\/dizaino-fakultetas\/istojusiems-2020-m\/fotografijos-technologija\/","title":{"rendered":"2020 m. DF Fotografijos technologija"},"content":{"rendered":"\t\t<div data-elementor-type=\"wp-page\" data-elementor-id=\"988723\" class=\"elementor elementor-988723\">\n\t\t\t\t\t\t\t\t\t<section class=\"elementor-section elementor-top-section elementor-element elementor-element-64083d8 elementor-section-height-min-height elementor-section-boxed elementor-section-height-default elementor-section-items-middle\" data-id=\"64083d8\" data-element_type=\"section\" data-settings=\"{&quot;background_background&quot;:&quot;classic&quot;,&quot;animation&quot;:&quot;none&quot;}\">\n\t\t\t\t\t\t<div class=\"elementor-container elementor-column-gap-default\">\n\t\t\t\t\t<div class=\"elementor-column elementor-col-100 elementor-top-column elementor-element elementor-element-724c093\" data-id=\"724c093\" data-element_type=\"column\" data-settings=\"{&quot;background_background&quot;:&quot;classic&quot;}\">\n\t\t\t<div class=\"elementor-widget-wrap\">\n\t\t\t\t\t\t\t\t\t<\/div>\n\t\t<\/div>\n\t\t\t\t\t\t\t<\/div>\n\t\t<\/section>\n\t\t\t\t<section class=\"elementor-section elementor-top-section elementor-element elementor-element-8d9bf5e elementor-section-boxed elementor-section-height-default elementor-section-height-default\" data-id=\"8d9bf5e\" data-element_type=\"section\" data-settings=\"{&quot;animation&quot;:&quot;none&quot;,&quot;animation_tablet&quot;:&quot;none&quot;,&quot;animation_mobile&quot;:&quot;none&quot;}\">\n\t\t\t\t\t\t<div class=\"elementor-container elementor-column-gap-no\">\n\t\t\t\t\t<div class=\"elementor-column elementor-col-50 elementor-top-column elementor-element elementor-element-afd8165 animated-fast elementor-invisible\" data-id=\"afd8165\" data-element_type=\"column\" data-settings=\"{&quot;background_background&quot;:&quot;classic&quot;,&quot;animation&quot;:&quot;fadeIn&quot;,&quot;animation_delay&quot;:100}\">\n\t\t\t<div class=\"elementor-widget-wrap elementor-element-populated\">\n\t\t\t\t\t\t\t\t<div class=\"elementor-element elementor-element-369501e elementor-widget elementor-widget-text-editor\" data-id=\"369501e\" data-element_type=\"widget\" data-settings=\"{&quot;_animation&quot;:&quot;none&quot;,&quot;_animation_delay&quot;:300}\" data-widget_type=\"text-editor.default\">\n\t\t\t\t<div class=\"elementor-widget-container\">\n\t\t\t\t\t\t\t<p>Vilniaus technologij\u0173 ir dizaino kolegija \u2013 \u010dia hobis virsta profesija!<\/p>\t\t\t\t\t\t<\/div>\n\t\t\t\t<\/div>\n\t\t\t\t\t<\/div>\n\t\t<\/div>\n\t\t\t\t<div class=\"elementor-column elementor-col-50 elementor-top-column elementor-element elementor-element-ef6f9b6 elementor-hidden-desktop elementor-hidden-tablet elementor-hidden-phone\" data-id=\"ef6f9b6\" data-element_type=\"column\">\n\t\t\t<div class=\"elementor-widget-wrap\">\n\t\t\t\t\t\t\t\t\t<\/div>\n\t\t<\/div>\n\t\t\t\t\t\t\t<\/div>\n\t\t<\/section>\n\t\t\t\t<section class=\"elementor-section elementor-top-section elementor-element elementor-element-9bb8e20 elementor-section-boxed elementor-section-height-default elementor-section-height-default\" data-id=\"9bb8e20\" data-element_type=\"section\">\n\t\t\t\t\t\t<div class=\"elementor-container elementor-column-gap-default\">\n\t\t\t\t\t<div class=\"elementor-column elementor-col-100 elementor-top-column elementor-element elementor-element-37d033b\" data-id=\"37d033b\" data-element_type=\"column\">\n\t\t\t<div class=\"elementor-widget-wrap elementor-element-populated\">\n\t\t\t\t\t\t\t\t<div class=\"elementor-element elementor-element-0c98314 elementor-widget elementor-widget-spacer\" data-id=\"0c98314\" data-element_type=\"widget\" data-widget_type=\"spacer.default\">\n\t\t\t\t<div class=\"elementor-widget-container\">\n\t\t\t\t\t<div class=\"elementor-spacer\">\n\t\t\t<div class=\"elementor-spacer-inner\"><\/div>\n\t\t<\/div>\n\t\t\t\t<\/div>\n\t\t\t\t<\/div>\n\t\t\t\t\t<\/div>\n\t\t<\/div>\n\t\t\t\t\t\t\t<\/div>\n\t\t<\/section>\n\t\t\t\t<section class=\"elementor-section elementor-top-section elementor-element elementor-element-c49e86c elementor-section-boxed elementor-section-height-default elementor-section-height-default\" data-id=\"c49e86c\" data-element_type=\"section\">\n\t\t\t\t\t\t<div class=\"elementor-container elementor-column-gap-default\">\n\t\t\t\t\t<div class=\"elementor-column elementor-col-100 elementor-top-column elementor-element elementor-element-12ee48f\" data-id=\"12ee48f\" data-element_type=\"column\">\n\t\t\t<div class=\"elementor-widget-wrap elementor-element-populated\">\n\t\t\t\t\t\t\t\t<div class=\"elementor-element elementor-element-0857f1b elementor-widget elementor-widget-text-editor\" data-id=\"0857f1b\" data-element_type=\"widget\" data-widget_type=\"text-editor.default\">\n\t\t\t\t<div class=\"elementor-widget-container\">\n\t\t\t\t\t\t\t<p><strong>Studij\u0173 krypties grup\u0117:<\/strong>\u00a0Menai<\/p><p><strong>Studij\u0173 kryptis:<\/strong>\u00a0Medij\u0173 menas<\/p><p><strong>Valstybinis kodas:<\/strong>\u00a06531PX010<\/p><p><strong>Studij\u0173 forma ir trukm\u0117:<\/strong>\u00a0Nuolatin\u0117s studijos &#8211; 3 metai<\/p><p><a href=\"https:\/\/wp.adisoft.lt\/vtdko\/wp-content\/uploads\/2022\/09\/DM_2020_programa_viesumai_2020-02-20-1.pdf\" target=\"_blank\" rel=\"noopener\"><b>Nuolatini\u0173 studij\u0173 programa<\/b><\/a><\/p><p>\u00a0<\/p>\t\t\t\t\t\t<\/div>\n\t\t\t\t<\/div>\n\t\t\t\t\t<\/div>\n\t\t<\/div>\n\t\t\t\t\t\t\t<\/div>\n\t\t<\/section>\n\t\t\t\t<section class=\"elementor-section elementor-top-section elementor-element elementor-element-d4aaf5e elementor-section-boxed elementor-section-height-default elementor-section-height-default\" data-id=\"d4aaf5e\" data-element_type=\"section\" data-settings=\"{&quot;background_background&quot;:&quot;classic&quot;}\">\n\t\t\t\t\t\t<div class=\"elementor-container elementor-column-gap-default\">\n\t\t\t\t\t<div class=\"elementor-column elementor-col-100 elementor-top-column elementor-element elementor-element-3ccfa98\" data-id=\"3ccfa98\" data-element_type=\"column\">\n\t\t\t<div class=\"elementor-widget-wrap elementor-element-populated\">\n\t\t\t\t\t\t\t\t<div class=\"elementor-element elementor-element-f0267e3 elementor-widget elementor-widget-spacer\" data-id=\"f0267e3\" data-element_type=\"widget\" data-widget_type=\"spacer.default\">\n\t\t\t\t<div class=\"elementor-widget-container\">\n\t\t\t\t\t<div class=\"elementor-spacer\">\n\t\t\t<div class=\"elementor-spacer-inner\"><\/div>\n\t\t<\/div>\n\t\t\t\t<\/div>\n\t\t\t\t<\/div>\n\t\t\t\t<div class=\"elementor-element elementor-element-c4001c1 elementor-widget elementor-widget-heading\" data-id=\"c4001c1\" data-element_type=\"widget\" data-widget_type=\"heading.default\">\n\t\t\t\t<div class=\"elementor-widget-container\">\n\t\t\t<h2 class=\"elementor-heading-title elementor-size-default\">I\u0161moksiu:<\/h2>\t\t<\/div>\n\t\t\t\t<\/div>\n\t\t\t\t<div class=\"elementor-element elementor-element-596240d elementor-widget elementor-widget-text-editor\" data-id=\"596240d\" data-element_type=\"widget\" data-widget_type=\"text-editor.default\">\n\t\t\t\t<div class=\"elementor-widget-container\">\n\t\t\t\t\t\t\t<ul><li>\u012fvairi\u0173 epoch\u0173 ir \u0161iuolaikin\u012f kult\u016bros kontekst\u0105;<\/li><li>vertinti fotografijos verslo aplinkybes bei tendencijas;<\/li><li>ir suprasiu teisin\u0119 veiklos sistem\u0105 ir fotografijos vadybos principus, geb\u0117siu juos taikyti realizuodamas k\u016brybinius ir profesinius projektus;<\/li><li>tikslingai rinkti ir analizuoti duomenis k\u016brybin\u0117ms problemoms spr\u0119sti, remdamasis tradicinio ir \u0161iuolaikinio meno praktika, mokslo taikomaisiais tyrimais;<\/li><li>profesionaliai taikyti fotografavimo ir filmavimo \u012frangos galimybes bei ap\u0161vietimo metodik\u0105;<\/li><li>foto \u017eurnalistikos specifik\u0105;<\/li><li>kurti taikomojo pob\u016bd\u017eio fotografijas reklamai ir grafiniam dizainui;<\/li><li>taikyti informacines technologijas \u0161iuolaikin\u0117s skaitmenin\u0117s fotografijos srityse;<\/li><li>profesionaliai taikyti menin\u0117s k\u016brybos principus darbo procese;<\/li><li>dirbti komandoje;<\/li><li>demonstruoti komunikacinius geb\u0117jimus sakytine ir ra\u0161ytine forma, valstybine ir u\u017esienio kalbomis;<\/li><li>reik\u0161ti savo k\u016brybin\u0119 pozicij\u0105, vartodamas tinkam\u0105 profesin\u0119 leksik\u0105;<\/li><li>objektyviai fiksuoti \u012fvykius, taikydamas \u012fvairius fotografavimo metodus.<\/li><\/ul>\t\t\t\t\t\t<\/div>\n\t\t\t\t<\/div>\n\t\t\t\t\t<\/div>\n\t\t<\/div>\n\t\t\t\t\t\t\t<\/div>\n\t\t<\/section>\n\t\t\t\t<section class=\"elementor-section elementor-top-section elementor-element elementor-element-662f550 elementor-section-boxed elementor-section-height-default elementor-section-height-default\" data-id=\"662f550\" data-element_type=\"section\" data-settings=\"{&quot;background_background&quot;:&quot;classic&quot;}\">\n\t\t\t\t\t\t<div class=\"elementor-container elementor-column-gap-default\">\n\t\t\t\t\t<div class=\"elementor-column elementor-col-100 elementor-top-column elementor-element elementor-element-2c2cd7e\" data-id=\"2c2cd7e\" data-element_type=\"column\">\n\t\t\t<div class=\"elementor-widget-wrap elementor-element-populated\">\n\t\t\t\t\t\t\t\t<div class=\"elementor-element elementor-element-9aaecda elementor-widget elementor-widget-spacer\" data-id=\"9aaecda\" data-element_type=\"widget\" data-widget_type=\"spacer.default\">\n\t\t\t\t<div class=\"elementor-widget-container\">\n\t\t\t\t\t<div class=\"elementor-spacer\">\n\t\t\t<div class=\"elementor-spacer-inner\"><\/div>\n\t\t<\/div>\n\t\t\t\t<\/div>\n\t\t\t\t<\/div>\n\t\t\t\t<div class=\"elementor-element elementor-element-509103c elementor-widget elementor-widget-heading\" data-id=\"509103c\" data-element_type=\"widget\" data-widget_type=\"heading.default\">\n\t\t\t\t<div class=\"elementor-widget-container\">\n\t\t\t<h2 class=\"elementor-heading-title elementor-size-default\">Dirbsiu:<\/h2>\t\t<\/div>\n\t\t\t\t<\/div>\n\t\t\t\t<div class=\"elementor-element elementor-element-c24d7a1 elementor-widget elementor-widget-text-editor\" data-id=\"c24d7a1\" data-element_type=\"widget\" data-widget_type=\"text-editor.default\">\n\t\t\t\t<div class=\"elementor-widget-container\">\n\t\t\t\t\t\t\t<ul><li>fotografu \u017einiasklaidoje, reklamoje;<\/li><li>fotografu leidybos \u012fmon\u0117se, skaitmenin\u0117se laboratorijose ir kitose su vaizd\u0173 gamyba bei produkavimu susijusiose srityse;<\/li><li>pagal individuali\u0105 veikl\u0105, \u012fgij\u0119s verslo liudijim\u0105 ar sudar\u0119s autorines sutartis.<\/li><\/ul><p><iframe loading=\"lazy\" src=\"https:\/\/www.youtube.com\/embed\/I7nSC3UIHvA\" width=\"560\" height=\"315\" frameborder=\"0\" allowfullscreen=\"allowfullscreen\" data-mce-fragment=\"1\"><\/iframe><\/p>\t\t\t\t\t\t<\/div>\n\t\t\t\t<\/div>\n\t\t\t\t<div class=\"elementor-element elementor-element-f608ecc elementor-widget elementor-widget-spacer\" data-id=\"f608ecc\" data-element_type=\"widget\" data-widget_type=\"spacer.default\">\n\t\t\t\t<div class=\"elementor-widget-container\">\n\t\t\t\t\t<div class=\"elementor-spacer\">\n\t\t\t<div class=\"elementor-spacer-inner\"><\/div>\n\t\t<\/div>\n\t\t\t\t<\/div>\n\t\t\t\t<\/div>\n\t\t\t\t\t<\/div>\n\t\t<\/div>\n\t\t\t\t\t\t\t<\/div>\n\t\t<\/section>\n\t\t\t\t<section class=\"elementor-section elementor-top-section elementor-element elementor-element-a5e2952 elementor-section-boxed elementor-section-height-default elementor-section-height-default\" data-id=\"a5e2952\" data-element_type=\"section\" data-settings=\"{&quot;background_background&quot;:&quot;classic&quot;}\">\n\t\t\t\t\t\t<div class=\"elementor-container elementor-column-gap-default\">\n\t\t\t\t\t<div class=\"elementor-column elementor-col-100 elementor-top-column elementor-element elementor-element-a64cb18\" data-id=\"a64cb18\" data-element_type=\"column\">\n\t\t\t<div class=\"elementor-widget-wrap elementor-element-populated\">\n\t\t\t\t\t\t\t\t<div class=\"elementor-element elementor-element-20b7104 elementor-widget elementor-widget-spacer\" data-id=\"20b7104\" data-element_type=\"widget\" data-widget_type=\"spacer.default\">\n\t\t\t\t<div class=\"elementor-widget-container\">\n\t\t\t\t\t<div class=\"elementor-spacer\">\n\t\t\t<div class=\"elementor-spacer-inner\"><\/div>\n\t\t<\/div>\n\t\t\t\t<\/div>\n\t\t\t\t<\/div>\n\t\t\t\t<div class=\"elementor-element elementor-element-0a93e31 elementor-widget elementor-widget-heading\" data-id=\"0a93e31\" data-element_type=\"widget\" data-widget_type=\"heading.default\">\n\t\t\t\t<div class=\"elementor-widget-container\">\n\t\t\t<h2 class=\"elementor-heading-title elementor-size-default\">Kontaktai<\/h2>\t\t<\/div>\n\t\t\t\t<\/div>\n\t\t\t\t<div class=\"elementor-element elementor-element-a43ebd1 elementor-align-left elementor-icon-list--layout-traditional elementor-list-item-link-full_width elementor-widget elementor-widget-icon-list\" data-id=\"a43ebd1\" data-element_type=\"widget\" data-widget_type=\"icon-list.default\">\n\t\t\t\t<div class=\"elementor-widget-container\">\n\t\t\t\t\t<ul class=\"elementor-icon-list-items\">\n\t\t\t\t\t\t\t<li class=\"elementor-icon-list-item\">\n\t\t\t\t\t\t\t\t\t\t\t<a href=\"https:\/\/goo.gl\/maps\/4RLLmsjmLxWQkvN47\" target=\"_blank\">\n\n\t\t\t\t\t\t\t\t\t\t\t\t<span class=\"elementor-icon-list-icon\">\n\t\t\t\t\t\t\t<i aria-hidden=\"true\" class=\"fas fa-map-marker-alt\"><\/i>\t\t\t\t\t\t<\/span>\n\t\t\t\t\t\t\t\t\t\t<span class=\"elementor-icon-list-text\">Oland\u0173 g. 16, Vilnius<\/span>\n\t\t\t\t\t\t\t\t\t\t\t<\/a>\n\t\t\t\t\t\t\t\t\t<\/li>\n\t\t\t\t\t\t\t\t<li class=\"elementor-icon-list-item\">\n\t\t\t\t\t\t\t\t\t\t\t<a href=\"tel:+37064052927\">\n\n\t\t\t\t\t\t\t\t\t\t\t\t<span class=\"elementor-icon-list-icon\">\n\t\t\t\t\t\t\t<i aria-hidden=\"true\" class=\"fas fa-phone-alt\"><\/i>\t\t\t\t\t\t<\/span>\n\t\t\t\t\t\t\t\t\t\t<span class=\"elementor-icon-list-text\">+37064052927<\/span>\n\t\t\t\t\t\t\t\t\t\t\t<\/a>\n\t\t\t\t\t\t\t\t\t<\/li>\n\t\t\t\t\t\t\t\t<li class=\"elementor-icon-list-item\">\n\t\t\t\t\t\t\t\t\t\t\t<a href=\"\">\n\n\t\t\t\t\t\t\t\t\t\t\t\t<span class=\"elementor-icon-list-icon\">\n\t\t\t\t\t\t\t<i aria-hidden=\"true\" class=\"far fa-envelope\"><\/i>\t\t\t\t\t\t<\/span>\n\t\t\t\t\t\t\t\t\t\t<span class=\"elementor-icon-list-text\">df@vtdko.lt<\/span>\n\t\t\t\t\t\t\t\t\t\t\t<\/a>\n\t\t\t\t\t\t\t\t\t<\/li>\n\t\t\t\t\t\t<\/ul>\n\t\t\t\t<\/div>\n\t\t\t\t<\/div>\n\t\t\t\t<div class=\"elementor-element elementor-element-d40b1af elementor-shape-circle elementor-grid-mobile-0 e-grid-align-mobile-left e-grid-align-tablet-left e-grid-align-left elementor-grid-0 elementor-invisible elementor-widget elementor-widget-social-icons\" data-id=\"d40b1af\" data-element_type=\"widget\" data-settings=\"{&quot;_animation&quot;:&quot;fadeInUp&quot;,&quot;_animation_tablet&quot;:&quot;none&quot;,&quot;_animation_mobile&quot;:&quot;none&quot;}\" data-widget_type=\"social-icons.default\">\n\t\t\t\t<div class=\"elementor-widget-container\">\n\t\t\t\t\t<div class=\"elementor-social-icons-wrapper elementor-grid\">\n\t\t\t\t\t\t\t<span class=\"elementor-grid-item\">\n\t\t\t\t\t<a class=\"elementor-icon elementor-social-icon elementor-social-icon-facebook elementor-animation-shrink elementor-repeater-item-864b621\" href=\"https:\/\/www.facebook.com\/vtdko.lt\" target=\"_blank\">\n\t\t\t\t\t\t<span class=\"elementor-screen-only\">Facebook<\/span>\n\t\t\t\t\t\t<i class=\"fab fa-facebook\"><\/i>\t\t\t\t\t<\/a>\n\t\t\t\t<\/span>\n\t\t\t\t\t\t\t<span class=\"elementor-grid-item\">\n\t\t\t\t\t<a class=\"elementor-icon elementor-social-icon elementor-social-icon-linkedin elementor-animation-shrink elementor-repeater-item-8a43217\" href=\"https:\/\/www.linkedin.com\/school\/vtdk\/\" target=\"_blank\">\n\t\t\t\t\t\t<span class=\"elementor-screen-only\">Linkedin<\/span>\n\t\t\t\t\t\t<i class=\"fab fa-linkedin\"><\/i>\t\t\t\t\t<\/a>\n\t\t\t\t<\/span>\n\t\t\t\t\t\t\t<span class=\"elementor-grid-item\">\n\t\t\t\t\t<a class=\"elementor-icon elementor-social-icon elementor-social-icon-youtube elementor-animation-shrink elementor-repeater-item-b8d7776\" href=\"https:\/\/youtube.com\/user\/VTDKtv\" target=\"_blank\">\n\t\t\t\t\t\t<span class=\"elementor-screen-only\">Youtube<\/span>\n\t\t\t\t\t\t<i class=\"fab fa-youtube\"><\/i>\t\t\t\t\t<\/a>\n\t\t\t\t<\/span>\n\t\t\t\t\t\t\t<span class=\"elementor-grid-item\">\n\t\t\t\t\t<a class=\"elementor-icon elementor-social-icon elementor-social-icon-instagram elementor-animation-shrink elementor-repeater-item-b279348\" href=\"https:\/\/www.instagram.com\/vtdko.lt\/\" target=\"_blank\">\n\t\t\t\t\t\t<span class=\"elementor-screen-only\">Instagram<\/span>\n\t\t\t\t\t\t<i class=\"fab fa-instagram\"><\/i>\t\t\t\t\t<\/a>\n\t\t\t\t<\/span>\n\t\t\t\t\t<\/div>\n\t\t\t\t<\/div>\n\t\t\t\t<\/div>\n\t\t\t\t<div class=\"elementor-element elementor-element-849c45e elementor-widget elementor-widget-spacer\" data-id=\"849c45e\" data-element_type=\"widget\" data-widget_type=\"spacer.default\">\n\t\t\t\t<div class=\"elementor-widget-container\">\n\t\t\t\t\t<div class=\"elementor-spacer\">\n\t\t\t<div class=\"elementor-spacer-inner\"><\/div>\n\t\t<\/div>\n\t\t\t\t<\/div>\n\t\t\t\t<\/div>\n\t\t\t\t\t<\/div>\n\t\t<\/div>\n\t\t\t\t\t\t\t<\/div>\n\t\t<\/section>\n\t\t\t\t\t\t\t<\/div>\n\t\t","protected":false},"excerpt":{"rendered":"<p>Vilniaus technologij\u0173 ir dizaino kolegija \u2013 \u010dia hobis virsta profesija! Studij\u0173 krypties grup\u0117:\u00a0Menai Studij\u0173 kryptis:\u00a0Medij\u0173 menas Valstybinis kodas:\u00a06531PX010 Studij\u0173 forma ir trukm\u0117:\u00a0Nuolatin\u0117s studijos &#8211; 3 metai Nuolatini\u0173 studij\u0173 programa \u00a0 I\u0161moksiu: \u012fvairi\u0173 epoch\u0173 ir \u0161iuolaikin\u012f kult\u016bros kontekst\u0105; vertinti fotografijos verslo aplinkybes bei tendencijas; ir suprasiu teisin\u0119 veiklos sistem\u0105 ir fotografijos vadybos principus, geb\u0117siu juos taikyti&#8230;<\/p>\n","protected":false},"author":1,"featured_media":0,"parent":988590,"menu_order":0,"comment_status":"closed","ping_status":"closed","template":"","meta":{"inline_featured_image":false,"footnotes":""},"class_list":["post-988723","page","type-page","status-publish","hentry"],"yoast_head":"<!-- This site is optimized with the Yoast SEO plugin v19.12 - https:\/\/yoast.com\/wordpress\/plugins\/seo\/ -->\n<title>2020 m. DF Fotografijos technologija - vtdko<\/title>\n<meta name=\"robots\" content=\"noindex, follow, max-snippet:-1, max-image-preview:large, max-video-preview:-1\" \/>\n<meta property=\"og:locale\" content=\"lt_LT\" \/>\n<meta property=\"og:type\" content=\"article\" \/>\n<meta property=\"og:title\" content=\"2020 m. DF Fotografijos technologija - vtdko\" \/>\n<meta property=\"og:description\" content=\"Vilniaus technologij\u0173 ir dizaino kolegija \u2013 \u010dia hobis virsta profesija! Studij\u0173 krypties grup\u0117:\u00a0Menai Studij\u0173 kryptis:\u00a0Medij\u0173 menas Valstybinis kodas:\u00a06531PX010 Studij\u0173 forma ir trukm\u0117:\u00a0Nuolatin\u0117s studijos &#8211; 3 metai Nuolatini\u0173 studij\u0173 programa \u00a0 I\u0161moksiu: \u012fvairi\u0173 epoch\u0173 ir \u0161iuolaikin\u012f kult\u016bros kontekst\u0105; vertinti fotografijos verslo aplinkybes bei tendencijas; ir suprasiu teisin\u0119 veiklos sistem\u0105 ir fotografijos vadybos principus, geb\u0117siu juos taikyti...\" \/>\n<meta property=\"og:url\" content=\"https:\/\/wp.adisoft.lt\/vtdko\/dizaino-fakultetas\/istojusiems-2020-m\/fotografijos-technologija\/\" \/>\n<meta property=\"og:site_name\" content=\"vtdko\" \/>\n<meta property=\"article:modified_time\" content=\"2023-02-03T18:11:28+00:00\" \/>\n<meta name=\"twitter:card\" content=\"summary_large_image\" \/>\n<meta name=\"twitter:label1\" content=\"Est. reading time\" \/>\n\t<meta name=\"twitter:data1\" content=\"2 minut\u0117s\" \/>\n<script type=\"application\/ld+json\" class=\"yoast-schema-graph\">{\"@context\":\"https:\/\/schema.org\",\"@graph\":[{\"@type\":\"WebPage\",\"@id\":\"https:\/\/wp.adisoft.lt\/vtdko\/dizaino-fakultetas\/istojusiems-2020-m\/fotografijos-technologija\/\",\"url\":\"https:\/\/wp.adisoft.lt\/vtdko\/dizaino-fakultetas\/istojusiems-2020-m\/fotografijos-technologija\/\",\"name\":\"2020 m. DF Fotografijos technologija - vtdko\",\"isPartOf\":{\"@id\":\"https:\/\/wp.adisoft.lt\/vtdko\/#website\"},\"datePublished\":\"2022-09-29T11:54:05+00:00\",\"dateModified\":\"2023-02-03T18:11:28+00:00\",\"breadcrumb\":{\"@id\":\"https:\/\/wp.adisoft.lt\/vtdko\/dizaino-fakultetas\/istojusiems-2020-m\/fotografijos-technologija\/#breadcrumb\"},\"inLanguage\":\"lt-LT\",\"potentialAction\":[{\"@type\":\"ReadAction\",\"target\":[\"https:\/\/wp.adisoft.lt\/vtdko\/dizaino-fakultetas\/istojusiems-2020-m\/fotografijos-technologija\/\"]}]},{\"@type\":\"BreadcrumbList\",\"@id\":\"https:\/\/wp.adisoft.lt\/vtdko\/dizaino-fakultetas\/istojusiems-2020-m\/fotografijos-technologija\/#breadcrumb\",\"itemListElement\":[{\"@type\":\"ListItem\",\"position\":1,\"name\":\"Pagrindinis\",\"item\":\"https:\/\/wp.adisoft.lt\/vtdko\/\"},{\"@type\":\"ListItem\",\"position\":2,\"name\":\"Dizaino fakultetas\",\"item\":\"https:\/\/wp.adisoft.lt\/vtdko\/dizaino-fakultetas\/\"},{\"@type\":\"ListItem\",\"position\":3,\"name\":\"Dizaino fakulteto programos \u012fstojusiems 2020 m.\",\"item\":\"https:\/\/wp.adisoft.lt\/vtdko\/dizaino-fakultetas\/istojusiems-2020-m\/\"},{\"@type\":\"ListItem\",\"position\":4,\"name\":\"2020 m. DF Fotografijos technologija\"}]},{\"@type\":\"WebSite\",\"@id\":\"https:\/\/wp.adisoft.lt\/vtdko\/#website\",\"url\":\"https:\/\/wp.adisoft.lt\/vtdko\/\",\"name\":\"vtdko\",\"description\":\"Vilniaus technologij\u0173 ir dizaino kolegija\",\"publisher\":{\"@id\":\"https:\/\/wp.adisoft.lt\/vtdko\/#organization\"},\"potentialAction\":[{\"@type\":\"SearchAction\",\"target\":{\"@type\":\"EntryPoint\",\"urlTemplate\":\"https:\/\/wp.adisoft.lt\/vtdko\/?s={search_term_string}\"},\"query-input\":\"required name=search_term_string\"}],\"inLanguage\":\"lt-LT\"},{\"@type\":\"Organization\",\"@id\":\"https:\/\/wp.adisoft.lt\/vtdko\/#organization\",\"name\":\"vtdko\",\"url\":\"https:\/\/wp.adisoft.lt\/vtdko\/\",\"logo\":{\"@type\":\"ImageObject\",\"inLanguage\":\"lt-LT\",\"@id\":\"https:\/\/wp.adisoft.lt\/vtdko\/#\/schema\/logo\/image\/\",\"url\":\"https:\/\/wp.adisoft.lt\/vtdko\/wp-content\/uploads\/2020\/02\/Logo-su-tekstu-01.svg\",\"contentUrl\":\"https:\/\/wp.adisoft.lt\/vtdko\/wp-content\/uploads\/2020\/02\/Logo-su-tekstu-01.svg\",\"width\":151,\"height\":74,\"caption\":\"vtdko\"},\"image\":{\"@id\":\"https:\/\/wp.adisoft.lt\/vtdko\/#\/schema\/logo\/image\/\"}}]}<\/script>\n<!-- \/ Yoast SEO plugin. -->","yoast_head_json":{"title":"2020 m. DF Fotografijos technologija - vtdko","robots":{"index":"noindex","follow":"follow","max-snippet":"max-snippet:-1","max-image-preview":"max-image-preview:large","max-video-preview":"max-video-preview:-1"},"og_locale":"lt_LT","og_type":"article","og_title":"2020 m. DF Fotografijos technologija - vtdko","og_description":"Vilniaus technologij\u0173 ir dizaino kolegija \u2013 \u010dia hobis virsta profesija! Studij\u0173 krypties grup\u0117:\u00a0Menai Studij\u0173 kryptis:\u00a0Medij\u0173 menas Valstybinis kodas:\u00a06531PX010 Studij\u0173 forma ir trukm\u0117:\u00a0Nuolatin\u0117s studijos &#8211; 3 metai Nuolatini\u0173 studij\u0173 programa \u00a0 I\u0161moksiu: \u012fvairi\u0173 epoch\u0173 ir \u0161iuolaikin\u012f kult\u016bros kontekst\u0105; vertinti fotografijos verslo aplinkybes bei tendencijas; ir suprasiu teisin\u0119 veiklos sistem\u0105 ir fotografijos vadybos principus, geb\u0117siu juos taikyti...","og_url":"https:\/\/wp.adisoft.lt\/vtdko\/dizaino-fakultetas\/istojusiems-2020-m\/fotografijos-technologija\/","og_site_name":"vtdko","article_modified_time":"2023-02-03T18:11:28+00:00","twitter_card":"summary_large_image","twitter_misc":{"Est. reading time":"2 minut\u0117s"},"schema":{"@context":"https:\/\/schema.org","@graph":[{"@type":"WebPage","@id":"https:\/\/wp.adisoft.lt\/vtdko\/dizaino-fakultetas\/istojusiems-2020-m\/fotografijos-technologija\/","url":"https:\/\/wp.adisoft.lt\/vtdko\/dizaino-fakultetas\/istojusiems-2020-m\/fotografijos-technologija\/","name":"2020 m. DF Fotografijos technologija - vtdko","isPartOf":{"@id":"https:\/\/wp.adisoft.lt\/vtdko\/#website"},"datePublished":"2022-09-29T11:54:05+00:00","dateModified":"2023-02-03T18:11:28+00:00","breadcrumb":{"@id":"https:\/\/wp.adisoft.lt\/vtdko\/dizaino-fakultetas\/istojusiems-2020-m\/fotografijos-technologija\/#breadcrumb"},"inLanguage":"lt-LT","potentialAction":[{"@type":"ReadAction","target":["https:\/\/wp.adisoft.lt\/vtdko\/dizaino-fakultetas\/istojusiems-2020-m\/fotografijos-technologija\/"]}]},{"@type":"BreadcrumbList","@id":"https:\/\/wp.adisoft.lt\/vtdko\/dizaino-fakultetas\/istojusiems-2020-m\/fotografijos-technologija\/#breadcrumb","itemListElement":[{"@type":"ListItem","position":1,"name":"Pagrindinis","item":"https:\/\/wp.adisoft.lt\/vtdko\/"},{"@type":"ListItem","position":2,"name":"Dizaino fakultetas","item":"https:\/\/wp.adisoft.lt\/vtdko\/dizaino-fakultetas\/"},{"@type":"ListItem","position":3,"name":"Dizaino fakulteto programos \u012fstojusiems 2020 m.","item":"https:\/\/wp.adisoft.lt\/vtdko\/dizaino-fakultetas\/istojusiems-2020-m\/"},{"@type":"ListItem","position":4,"name":"2020 m. DF Fotografijos technologija"}]},{"@type":"WebSite","@id":"https:\/\/wp.adisoft.lt\/vtdko\/#website","url":"https:\/\/wp.adisoft.lt\/vtdko\/","name":"vtdko","description":"Vilniaus technologij\u0173 ir dizaino kolegija","publisher":{"@id":"https:\/\/wp.adisoft.lt\/vtdko\/#organization"},"potentialAction":[{"@type":"SearchAction","target":{"@type":"EntryPoint","urlTemplate":"https:\/\/wp.adisoft.lt\/vtdko\/?s={search_term_string}"},"query-input":"required name=search_term_string"}],"inLanguage":"lt-LT"},{"@type":"Organization","@id":"https:\/\/wp.adisoft.lt\/vtdko\/#organization","name":"vtdko","url":"https:\/\/wp.adisoft.lt\/vtdko\/","logo":{"@type":"ImageObject","inLanguage":"lt-LT","@id":"https:\/\/wp.adisoft.lt\/vtdko\/#\/schema\/logo\/image\/","url":"https:\/\/wp.adisoft.lt\/vtdko\/wp-content\/uploads\/2020\/02\/Logo-su-tekstu-01.svg","contentUrl":"https:\/\/wp.adisoft.lt\/vtdko\/wp-content\/uploads\/2020\/02\/Logo-su-tekstu-01.svg","width":151,"height":74,"caption":"vtdko"},"image":{"@id":"https:\/\/wp.adisoft.lt\/vtdko\/#\/schema\/logo\/image\/"}}]}},"_links":{"self":[{"href":"https:\/\/wp.adisoft.lt\/vtdko\/wp-json\/wp\/v2\/pages\/988723","targetHints":{"allow":["GET"]}}],"collection":[{"href":"https:\/\/wp.adisoft.lt\/vtdko\/wp-json\/wp\/v2\/pages"}],"about":[{"href":"https:\/\/wp.adisoft.lt\/vtdko\/wp-json\/wp\/v2\/types\/page"}],"author":[{"embeddable":true,"href":"https:\/\/wp.adisoft.lt\/vtdko\/wp-json\/wp\/v2\/users\/1"}],"replies":[{"embeddable":true,"href":"https:\/\/wp.adisoft.lt\/vtdko\/wp-json\/wp\/v2\/comments?post=988723"}],"version-history":[{"count":25,"href":"https:\/\/wp.adisoft.lt\/vtdko\/wp-json\/wp\/v2\/pages\/988723\/revisions"}],"predecessor-version":[{"id":998563,"href":"https:\/\/wp.adisoft.lt\/vtdko\/wp-json\/wp\/v2\/pages\/988723\/revisions\/998563"}],"up":[{"embeddable":true,"href":"https:\/\/wp.adisoft.lt\/vtdko\/wp-json\/wp\/v2\/pages\/988590"}],"wp:attachment":[{"href":"https:\/\/wp.adisoft.lt\/vtdko\/wp-json\/wp\/v2\/media?parent=988723"}],"curies":[{"name":"wp","href":"https:\/\/api.w.org\/{rel}","templated":true}]}}