{"id":988891,"date":"2022-10-04T12:44:35","date_gmt":"2022-10-04T09:44:35","guid":{"rendered":"https:\/\/wp.adisoft.lt\/vtdko\/?page_id=988891"},"modified":"2023-02-04T12:05:09","modified_gmt":"2023-02-04T09:05:09","slug":"studiju-kainos","status":"publish","type":"page","link":"https:\/\/wp.adisoft.lt\/vtdko\/studiju-kainos\/","title":{"rendered":"Studij\u0173 kainos"},"content":{"rendered":"\t\t<div data-elementor-type=\"wp-page\" data-elementor-id=\"988891\" class=\"elementor elementor-988891\">\n\t\t\t\t\t\t\t\t\t<section class=\"elementor-section elementor-top-section elementor-element elementor-element-8e121f4 elementor-section-height-min-height elementor-section-boxed elementor-section-height-default elementor-section-items-middle\" data-id=\"8e121f4\" data-element_type=\"section\" data-settings=\"{&quot;background_background&quot;:&quot;classic&quot;,&quot;animation&quot;:&quot;none&quot;}\">\n\t\t\t\t\t\t<div class=\"elementor-container elementor-column-gap-default\">\n\t\t\t\t\t<div class=\"elementor-column elementor-col-100 elementor-top-column elementor-element elementor-element-e8540f5\" data-id=\"e8540f5\" data-element_type=\"column\" data-settings=\"{&quot;background_background&quot;:&quot;classic&quot;}\">\n\t\t\t<div class=\"elementor-widget-wrap\">\n\t\t\t\t\t\t\t\t\t<\/div>\n\t\t<\/div>\n\t\t\t\t\t\t\t<\/div>\n\t\t<\/section>\n\t\t\t\t<section class=\"elementor-section elementor-top-section elementor-element elementor-element-6844a6b elementor-section-boxed elementor-section-height-default elementor-section-height-default\" data-id=\"6844a6b\" data-element_type=\"section\" data-settings=\"{&quot;animation&quot;:&quot;none&quot;,&quot;animation_tablet&quot;:&quot;none&quot;,&quot;animation_mobile&quot;:&quot;none&quot;}\">\n\t\t\t\t\t\t<div class=\"elementor-container elementor-column-gap-no\">\n\t\t\t\t\t<div class=\"elementor-column elementor-col-50 elementor-top-column elementor-element elementor-element-fe95e09 animated-fast elementor-invisible\" data-id=\"fe95e09\" data-element_type=\"column\" data-settings=\"{&quot;background_background&quot;:&quot;classic&quot;,&quot;animation&quot;:&quot;fadeIn&quot;,&quot;animation_delay&quot;:100}\">\n\t\t\t<div class=\"elementor-widget-wrap elementor-element-populated\">\n\t\t\t\t\t\t\t\t<div class=\"elementor-element elementor-element-3acbc68 elementor-widget elementor-widget-text-editor\" data-id=\"3acbc68\" data-element_type=\"widget\" data-settings=\"{&quot;_animation&quot;:&quot;none&quot;,&quot;_animation_delay&quot;:300}\" data-widget_type=\"text-editor.default\">\n\t\t\t\t<div class=\"elementor-widget-container\">\n\t\t\t\t\t\t\t<p>Vilniaus technologij\u0173 ir dizaino kolegija \u2013 \u010dia hobis virsta profesija!<\/p>\t\t\t\t\t\t<\/div>\n\t\t\t\t<\/div>\n\t\t\t\t\t<\/div>\n\t\t<\/div>\n\t\t\t\t<div class=\"elementor-column elementor-col-50 elementor-top-column elementor-element elementor-element-09b2bf6 elementor-hidden-desktop elementor-hidden-tablet elementor-hidden-phone\" data-id=\"09b2bf6\" data-element_type=\"column\">\n\t\t\t<div class=\"elementor-widget-wrap\">\n\t\t\t\t\t\t\t\t\t<\/div>\n\t\t<\/div>\n\t\t\t\t\t\t\t<\/div>\n\t\t<\/section>\n\t\t\t\t<section class=\"elementor-section elementor-top-section elementor-element elementor-element-c917f40 elementor-section-boxed elementor-section-height-default elementor-section-height-default\" data-id=\"c917f40\" data-element_type=\"section\" data-settings=\"{&quot;background_background&quot;:&quot;classic&quot;}\">\n\t\t\t\t\t\t<div class=\"elementor-container elementor-column-gap-default\">\n\t\t\t\t\t<div class=\"elementor-column elementor-col-100 elementor-top-column elementor-element elementor-element-414b5fe\" data-id=\"414b5fe\" data-element_type=\"column\">\n\t\t\t<div class=\"elementor-widget-wrap elementor-element-populated\">\n\t\t\t\t\t\t\t\t<div class=\"elementor-element elementor-element-3eb9056 elementor-widget elementor-widget-heading\" data-id=\"3eb9056\" data-element_type=\"widget\" data-widget_type=\"heading.default\">\n\t\t\t\t<div class=\"elementor-widget-container\">\n\t\t\t<h3 class=\"elementor-heading-title elementor-size-default\">Naudingos nuorodos<\/h3>\t\t<\/div>\n\t\t\t\t<\/div>\n\t\t\t\t<section class=\"elementor-section elementor-inner-section elementor-element elementor-element-18fbf8c elementor-section-boxed elementor-section-height-default elementor-section-height-default\" data-id=\"18fbf8c\" data-element_type=\"section\">\n\t\t\t\t\t\t<div class=\"elementor-container elementor-column-gap-default\">\n\t\t\t\t\t<div class=\"elementor-column elementor-col-33 elementor-inner-column elementor-element elementor-element-ffb807b\" data-id=\"ffb807b\" data-element_type=\"column\">\n\t\t\t<div class=\"elementor-widget-wrap elementor-element-populated\">\n\t\t\t\t\t\t\t\t<div class=\"elementor-element elementor-element-d0d4806 elementor-align-left elementor-tablet-align-center elementor-widget elementor-widget-button\" data-id=\"d0d4806\" data-element_type=\"widget\" data-settings=\"{&quot;_animation&quot;:&quot;none&quot;,&quot;_animation_tablet&quot;:&quot;none&quot;,&quot;_animation_mobile&quot;:&quot;none&quot;,&quot;_animation_delay&quot;:300}\" data-widget_type=\"button.default\">\n\t\t\t\t<div class=\"elementor-widget-container\">\n\t\t\t\t\t<div class=\"elementor-button-wrapper\">\n\t\t\t<a href=\"https:\/\/wp.adisoft.lt\/vtdko\/stojantiesiems-2022-m\/studiju-programos\/\" class=\"elementor-button-link elementor-button elementor-size-sm\" role=\"button\" id=\"page_menu\">\n\t\t\t\t\t\t<span class=\"elementor-button-content-wrapper\">\n\t\t\t\t\t\t\t<span class=\"elementor-button-icon elementor-align-icon-right\">\n\t\t\t\t<i aria-hidden=\"true\" class=\"vamtamtheme- vamtam-theme-arrow-right\"><\/i>\t\t\t<\/span>\n\t\t\t\t\t\t<span class=\"elementor-button-text\">Studij\u0173 programos<\/span>\n\t\t<\/span>\n\t\t\t\t\t<\/a>\n\t\t<\/div>\n\t\t\t\t<\/div>\n\t\t\t\t<\/div>\n\t\t\t\t<div class=\"elementor-element elementor-element-e4e16e7 elementor-align-left elementor-tablet-align-center elementor-widget elementor-widget-button\" data-id=\"e4e16e7\" data-element_type=\"widget\" data-settings=\"{&quot;_animation&quot;:&quot;none&quot;,&quot;_animation_tablet&quot;:&quot;none&quot;,&quot;_animation_mobile&quot;:&quot;none&quot;,&quot;_animation_delay&quot;:200}\" data-widget_type=\"button.default\">\n\t\t\t\t<div class=\"elementor-widget-container\">\n\t\t\t\t\t<div class=\"elementor-button-wrapper\">\n\t\t\t<a href=\"https:\/\/wp.adisoft.lt\/vtdko\/stojantiesiems-2022-m\/bendrojo-priemimo-datos\/\" class=\"elementor-button-link elementor-button elementor-size-sm\" role=\"button\" id=\"page_menu\">\n\t\t\t\t\t\t<span class=\"elementor-button-content-wrapper\">\n\t\t\t\t\t\t\t<span class=\"elementor-button-icon elementor-align-icon-right\">\n\t\t\t\t<i aria-hidden=\"true\" class=\"vamtamtheme- vamtam-theme-arrow-right\"><\/i>\t\t\t<\/span>\n\t\t\t\t\t\t<span class=\"elementor-button-text\">Bendrojo pri\u0117mimo datos<\/span>\n\t\t<\/span>\n\t\t\t\t\t<\/a>\n\t\t<\/div>\n\t\t\t\t<\/div>\n\t\t\t\t<\/div>\n\t\t\t\t\t<\/div>\n\t\t<\/div>\n\t\t\t\t<div class=\"elementor-column elementor-col-33 elementor-inner-column elementor-element elementor-element-bff830a\" data-id=\"bff830a\" data-element_type=\"column\">\n\t\t\t<div class=\"elementor-widget-wrap elementor-element-populated\">\n\t\t\t\t\t\t\t\t<div class=\"elementor-element elementor-element-3f9140c elementor-align-left elementor-tablet-align-center elementor-widget elementor-widget-button\" data-id=\"3f9140c\" data-element_type=\"widget\" data-settings=\"{&quot;_animation&quot;:&quot;none&quot;,&quot;_animation_tablet&quot;:&quot;none&quot;,&quot;_animation_mobile&quot;:&quot;none&quot;,&quot;_animation_delay&quot;:200}\" data-widget_type=\"button.default\">\n\t\t\t\t<div class=\"elementor-widget-container\">\n\t\t\t\t\t<div class=\"elementor-button-wrapper\">\n\t\t\t<a href=\"https:\/\/wp.adisoft.lt\/vtdko\/stojantiesiems-2022-m\/teises-aktai\/\" class=\"elementor-button-link elementor-button elementor-size-sm\" role=\"button\" id=\"page_menu\">\n\t\t\t\t\t\t<span class=\"elementor-button-content-wrapper\">\n\t\t\t\t\t\t\t<span class=\"elementor-button-icon elementor-align-icon-right\">\n\t\t\t\t<i aria-hidden=\"true\" class=\"vamtamtheme- vamtam-theme-arrow-right\"><\/i>\t\t\t<\/span>\n\t\t\t\t\t\t<span class=\"elementor-button-text\">Teis\u0117s aktai<\/span>\n\t\t<\/span>\n\t\t\t\t\t<\/a>\n\t\t<\/div>\n\t\t\t\t<\/div>\n\t\t\t\t<\/div>\n\t\t\t\t<div class=\"elementor-element elementor-element-9b83243 elementor-align-left elementor-tablet-align-center elementor-widget elementor-widget-button\" data-id=\"9b83243\" data-element_type=\"widget\" data-settings=\"{&quot;_animation&quot;:&quot;none&quot;,&quot;_animation_tablet&quot;:&quot;none&quot;,&quot;_animation_mobile&quot;:&quot;none&quot;,&quot;_animation_delay&quot;:300}\" data-widget_type=\"button.default\">\n\t\t\t\t<div class=\"elementor-widget-container\">\n\t\t\t\t\t<div class=\"elementor-button-wrapper\">\n\t\t\t<a href=\"https:\/\/wp.adisoft.lt\/vtdko\/stojantiesiems-2022-m\/minimalus-rodikliai-stojantiesiems\/\" class=\"elementor-button-link elementor-button elementor-size-sm\" role=\"button\" id=\"page_menu\">\n\t\t\t\t\t\t<span class=\"elementor-button-content-wrapper\">\n\t\t\t\t\t\t\t<span class=\"elementor-button-icon elementor-align-icon-right\">\n\t\t\t\t<i aria-hidden=\"true\" class=\"vamtamtheme- vamtam-theme-arrow-right\"><\/i>\t\t\t<\/span>\n\t\t\t\t\t\t<span class=\"elementor-button-text\">Minimal\u016bs rodikliai stojantiesiems<\/span>\n\t\t<\/span>\n\t\t\t\t\t<\/a>\n\t\t<\/div>\n\t\t\t\t<\/div>\n\t\t\t\t<\/div>\n\t\t\t\t\t<\/div>\n\t\t<\/div>\n\t\t\t\t<div class=\"elementor-column elementor-col-33 elementor-inner-column elementor-element elementor-element-0cc233a\" data-id=\"0cc233a\" data-element_type=\"column\">\n\t\t\t<div class=\"elementor-widget-wrap elementor-element-populated\">\n\t\t\t\t\t\t\t\t<div class=\"elementor-element elementor-element-23201cd elementor-align-left elementor-tablet-align-center elementor-widget elementor-widget-button\" data-id=\"23201cd\" data-element_type=\"widget\" data-settings=\"{&quot;_animation&quot;:&quot;none&quot;,&quot;_animation_tablet&quot;:&quot;none&quot;,&quot;_animation_mobile&quot;:&quot;none&quot;,&quot;_animation_delay&quot;:400}\" data-widget_type=\"button.default\">\n\t\t\t\t<div class=\"elementor-widget-container\">\n\t\t\t\t\t<div class=\"elementor-button-wrapper\">\n\t\t\t<a href=\"http:\/\/Pri\u0117mimo%20taisykl\u0117s\" class=\"elementor-button-link elementor-button elementor-size-sm\" role=\"button\" id=\"page_menu\">\n\t\t\t\t\t\t<span class=\"elementor-button-content-wrapper\">\n\t\t\t\t\t\t\t<span class=\"elementor-button-icon elementor-align-icon-right\">\n\t\t\t\t<i aria-hidden=\"true\" class=\"vamtamtheme- vamtam-theme-arrow-right\"><\/i>\t\t\t<\/span>\n\t\t\t\t\t\t<span class=\"elementor-button-text\">Pri\u0117mimo taisykl\u0117s<\/span>\n\t\t<\/span>\n\t\t\t\t\t<\/a>\n\t\t<\/div>\n\t\t\t\t<\/div>\n\t\t\t\t<\/div>\n\t\t\t\t<div class=\"elementor-element elementor-element-441881c elementor-align-left elementor-tablet-align-center elementor-widget elementor-widget-button\" data-id=\"441881c\" data-element_type=\"widget\" data-settings=\"{&quot;_animation&quot;:&quot;none&quot;,&quot;_animation_tablet&quot;:&quot;none&quot;,&quot;_animation_mobile&quot;:&quot;none&quot;,&quot;_animation_delay&quot;:300}\" data-widget_type=\"button.default\">\n\t\t\t\t<div class=\"elementor-widget-container\">\n\t\t\t\t\t<div class=\"elementor-button-wrapper\">\n\t\t\t<a href=\"https:\/\/wp.adisoft.lt\/vtdko\/stojantiesiems-2022-m\/konkursinio-balo-sandara\/\" class=\"elementor-button-link elementor-button elementor-size-sm\" role=\"button\" id=\"page_menu\">\n\t\t\t\t\t\t<span class=\"elementor-button-content-wrapper\">\n\t\t\t\t\t\t\t<span class=\"elementor-button-icon elementor-align-icon-right\">\n\t\t\t\t<i aria-hidden=\"true\" class=\"vamtamtheme- vamtam-theme-arrow-right\"><\/i>\t\t\t<\/span>\n\t\t\t\t\t\t<span class=\"elementor-button-text\">Konkursinio balo sandara<\/span>\n\t\t<\/span>\n\t\t\t\t\t<\/a>\n\t\t<\/div>\n\t\t\t\t<\/div>\n\t\t\t\t<\/div>\n\t\t\t\t\t<\/div>\n\t\t<\/div>\n\t\t\t\t\t\t\t<\/div>\n\t\t<\/section>\n\t\t\t\t\t<\/div>\n\t\t<\/div>\n\t\t\t\t\t\t\t<\/div>\n\t\t<\/section>\n\t\t\t\t<section class=\"elementor-section elementor-top-section elementor-element elementor-element-9012e8a elementor-section-boxed elementor-section-height-default elementor-section-height-default\" data-id=\"9012e8a\" data-element_type=\"section\">\n\t\t\t\t\t\t<div class=\"elementor-container elementor-column-gap-default\">\n\t\t\t\t\t<div class=\"elementor-column elementor-col-100 elementor-top-column elementor-element elementor-element-da7660c\" data-id=\"da7660c\" data-element_type=\"column\">\n\t\t\t<div class=\"elementor-widget-wrap elementor-element-populated\">\n\t\t\t\t\t\t\t\t<div class=\"elementor-element elementor-element-96c4ba6 elementor-widget elementor-widget-spacer\" data-id=\"96c4ba6\" data-element_type=\"widget\" data-widget_type=\"spacer.default\">\n\t\t\t\t<div class=\"elementor-widget-container\">\n\t\t\t\t\t<div class=\"elementor-spacer\">\n\t\t\t<div class=\"elementor-spacer-inner\"><\/div>\n\t\t<\/div>\n\t\t\t\t<\/div>\n\t\t\t\t<\/div>\n\t\t\t\t<div class=\"elementor-element elementor-element-6a1b5b8 partner-table-wrapper elementor-widget elementor-widget-text-editor\" data-id=\"6a1b5b8\" data-element_type=\"widget\" data-widget_type=\"text-editor.default\">\n\t\t\t\t<div class=\"elementor-widget-container\">\n\t\t\t\t\t\t\t<p><strong>2022m.<\/strong><\/p><table class=\"table\"><tbody><tr><td rowspan=\"3\"><strong>Studij\u0173 kryp\u010di\u0173 grup\u0117<\/strong>\u00a0\/ Studij\u0173 programa<\/td><td colspan=\"4\"><strong>Metin\u0117s studij\u0173 kainos (Eur)<\/strong><\/td><\/tr><tr><td colspan=\"2\"><strong>Nuolatin\u0117<\/strong>\u00a0studij\u0173 forma<\/td><td colspan=\"2\"><strong>I\u0161t\u0119stin\u0117<\/strong>\u00a0studij\u0173 forma<\/td><\/tr><tr><td><strong>Rudens<\/strong>\u00a0semestras<\/td><td><strong>Pavasario<\/strong>\u00a0semestras<\/td><td><strong>Rudens<\/strong>\u00a0semestras<\/td><td><strong>Pavasario<\/strong>\u00a0semestras<\/td><\/tr><tr><td colspan=\"5\"><strong>Informatikos moksl\u0173 kryp\u010di\u0173 grup\u0117<\/strong><\/td><\/tr><tr><td>Informacini\u0173 sistem\u0173 in\u017einerija<\/td><td>1267,50<\/td><td>1267,50<\/td><td>845,00<\/td><td>845,00<\/td><\/tr><tr><td colspan=\"5\"><strong>In\u017einerijos moksl\u0173 kryp\u010di\u0173 grup\u0117<\/strong><\/td><\/tr><tr><td>Atsinaujinan\u010dios energijos in\u017einerija<\/td><td>1267,50<\/td><td>1267,50<\/td><td>845,00<\/td><td>845,00<\/td><\/tr><tr><td>Automobili\u0173 elektronikos sistemos<\/td><td>1267,50<\/td><td>1267,50<\/td><td>845,00<\/td><td>845,00<\/td><\/tr><tr><td>Automobili\u0173 techninis eksploatavimas<\/td><td>1267,50<\/td><td>1267,50<\/td><td>845,00<\/td><td>845,00<\/td><\/tr><tr><td>Elektros ir automatikos in\u017einerija<\/td><td>1267,50<\/td><td>1267,50<\/td><td>845,00<\/td><td>845,00<\/td><\/tr><tr><td>Energijos in\u017einerija<\/td><td>&#8211;<\/td><td>&#8211;<\/td><td>845,00<\/td><td>845,00<\/td><\/tr><tr><td>Gele\u017einkelio transporto in\u017einerija<\/td><td>&#8211;<\/td><td>&#8211;<\/td><td>845,00<\/td><td>845,00<\/td><\/tr><tr><td>Mechanini\u0173 technologij\u0173 in\u017einerija<\/td><td>1267,50<\/td><td>1267,50<\/td><td>845,00<\/td><td>845,00<\/td><\/tr><tr><td>Statyba<\/td><td>1267,50<\/td><td>1267,50<\/td><td>845,00<\/td><td>845,00<\/td><\/tr><tr><td>Statini\u0173 in\u017einerin\u0117s sistemos<\/td><td>1267,50<\/td><td>1267,50<\/td><td>845,00<\/td><td>845,00<\/td><\/tr><tr><td colspan=\"5\"><strong>Verslo ir vie\u0161osios vadybos kryp\u010di\u0173 grup\u0117<\/strong><\/td><\/tr><tr><td>Transporto logistika<\/td><td>926,50<\/td><td>926,50<\/td><td>617,50<\/td><td>617,50<\/td><\/tr><tr><td colspan=\"5\"><strong>Men\u0173 kryp\u010di\u0173 grup\u0117<\/strong><\/td><\/tr><tr><td>Fotografijos technologija<\/td><td>1942,50<\/td><td>1942,50<\/td><td>&#8211;<\/td><td>&#8211;<\/td><\/tr><tr><td>Grafinis dizainas<\/td><td>1942,50<\/td><td>1942,50<\/td><td>&#8211;<\/td><td>&#8211;<\/td><\/tr><tr><td>Interjero dizainas<\/td><td>1942,50<\/td><td>1942,50<\/td><td>&#8211;<\/td><td>&#8211;<\/td><\/tr><tr><td>Multimedijos dizainas<\/td><td>1942,50<\/td><td>1942,50<\/td><td>&#8211;<\/td><td>&#8211;<\/td><\/tr><\/tbody><\/table>\t\t\t\t\t\t<\/div>\n\t\t\t\t<\/div>\n\t\t\t\t\t<\/div>\n\t\t<\/div>\n\t\t\t\t\t\t\t<\/div>\n\t\t<\/section>\n\t\t\t\t\t\t\t<\/div>\n\t\t","protected":false},"excerpt":{"rendered":"<p>Vilniaus technologij\u0173 ir dizaino kolegija \u2013 \u010dia hobis virsta profesija! Naudingos nuorodos Studij\u0173 programos Bendrojo pri\u0117mimo datos Teis\u0117s aktai Minimal\u016bs rodikliai stojantiesiems Pri\u0117mimo taisykl\u0117s Konkursinio balo sandara 2022m. Studij\u0173 kryp\u010di\u0173 grup\u0117\u00a0\/ Studij\u0173 programa Metin\u0117s studij\u0173 kainos (Eur) Nuolatin\u0117\u00a0studij\u0173 forma I\u0161t\u0119stin\u0117\u00a0studij\u0173 forma Rudens\u00a0semestras Pavasario\u00a0semestras Rudens\u00a0semestras Pavasario\u00a0semestras Informatikos moksl\u0173 kryp\u010di\u0173 grup\u0117 Informacini\u0173 sistem\u0173 in\u017einerija 1267,50 1267,50 845,00&#8230;<\/p>\n","protected":false},"author":1,"featured_media":0,"parent":0,"menu_order":0,"comment_status":"closed","ping_status":"closed","template":"","meta":{"inline_featured_image":false,"footnotes":""},"class_list":["post-988891","page","type-page","status-publish","hentry"],"yoast_head":"<!-- This site is optimized with the Yoast SEO plugin v19.12 - https:\/\/yoast.com\/wordpress\/plugins\/seo\/ -->\n<title>Studij\u0173 kainos - vtdko<\/title>\n<meta name=\"robots\" content=\"noindex, follow, max-snippet:-1, max-image-preview:large, max-video-preview:-1\" \/>\n<meta property=\"og:locale\" content=\"lt_LT\" \/>\n<meta property=\"og:type\" content=\"article\" \/>\n<meta property=\"og:title\" content=\"Studij\u0173 kainos - vtdko\" \/>\n<meta property=\"og:description\" content=\"Vilniaus technologij\u0173 ir dizaino kolegija \u2013 \u010dia hobis virsta profesija! Naudingos nuorodos Studij\u0173 programos Bendrojo pri\u0117mimo datos Teis\u0117s aktai Minimal\u016bs rodikliai stojantiesiems Pri\u0117mimo taisykl\u0117s Konkursinio balo sandara 2022m. Studij\u0173 kryp\u010di\u0173 grup\u0117\u00a0\/ Studij\u0173 programa Metin\u0117s studij\u0173 kainos (Eur) Nuolatin\u0117\u00a0studij\u0173 forma I\u0161t\u0119stin\u0117\u00a0studij\u0173 forma Rudens\u00a0semestras Pavasario\u00a0semestras Rudens\u00a0semestras Pavasario\u00a0semestras Informatikos moksl\u0173 kryp\u010di\u0173 grup\u0117 Informacini\u0173 sistem\u0173 in\u017einerija 1267,50 1267,50 845,00...\" \/>\n<meta property=\"og:url\" content=\"https:\/\/wp.adisoft.lt\/vtdko\/studiju-kainos\/\" \/>\n<meta property=\"og:site_name\" content=\"vtdko\" \/>\n<meta property=\"article:modified_time\" content=\"2023-02-04T09:05:09+00:00\" \/>\n<meta name=\"twitter:card\" content=\"summary_large_image\" \/>\n<meta name=\"twitter:label1\" content=\"Est. reading time\" \/>\n\t<meta name=\"twitter:data1\" content=\"1 minut\u0117\" \/>\n<script type=\"application\/ld+json\" class=\"yoast-schema-graph\">{\"@context\":\"https:\/\/schema.org\",\"@graph\":[{\"@type\":\"WebPage\",\"@id\":\"https:\/\/wp.adisoft.lt\/vtdko\/studiju-kainos\/\",\"url\":\"https:\/\/wp.adisoft.lt\/vtdko\/studiju-kainos\/\",\"name\":\"Studij\u0173 kainos - vtdko\",\"isPartOf\":{\"@id\":\"https:\/\/wp.adisoft.lt\/vtdko\/#website\"},\"datePublished\":\"2022-10-04T09:44:35+00:00\",\"dateModified\":\"2023-02-04T09:05:09+00:00\",\"breadcrumb\":{\"@id\":\"https:\/\/wp.adisoft.lt\/vtdko\/studiju-kainos\/#breadcrumb\"},\"inLanguage\":\"lt-LT\",\"potentialAction\":[{\"@type\":\"ReadAction\",\"target\":[\"https:\/\/wp.adisoft.lt\/vtdko\/studiju-kainos\/\"]}]},{\"@type\":\"BreadcrumbList\",\"@id\":\"https:\/\/wp.adisoft.lt\/vtdko\/studiju-kainos\/#breadcrumb\",\"itemListElement\":[{\"@type\":\"ListItem\",\"position\":1,\"name\":\"Pagrindinis\",\"item\":\"https:\/\/wp.adisoft.lt\/vtdko\/\"},{\"@type\":\"ListItem\",\"position\":2,\"name\":\"Studij\u0173 kainos\"}]},{\"@type\":\"WebSite\",\"@id\":\"https:\/\/wp.adisoft.lt\/vtdko\/#website\",\"url\":\"https:\/\/wp.adisoft.lt\/vtdko\/\",\"name\":\"vtdko\",\"description\":\"Vilniaus technologij\u0173 ir dizaino kolegija\",\"publisher\":{\"@id\":\"https:\/\/wp.adisoft.lt\/vtdko\/#organization\"},\"potentialAction\":[{\"@type\":\"SearchAction\",\"target\":{\"@type\":\"EntryPoint\",\"urlTemplate\":\"https:\/\/wp.adisoft.lt\/vtdko\/?s={search_term_string}\"},\"query-input\":\"required name=search_term_string\"}],\"inLanguage\":\"lt-LT\"},{\"@type\":\"Organization\",\"@id\":\"https:\/\/wp.adisoft.lt\/vtdko\/#organization\",\"name\":\"vtdko\",\"url\":\"https:\/\/wp.adisoft.lt\/vtdko\/\",\"logo\":{\"@type\":\"ImageObject\",\"inLanguage\":\"lt-LT\",\"@id\":\"https:\/\/wp.adisoft.lt\/vtdko\/#\/schema\/logo\/image\/\",\"url\":\"https:\/\/wp.adisoft.lt\/vtdko\/wp-content\/uploads\/2020\/02\/Logo-su-tekstu-01.svg\",\"contentUrl\":\"https:\/\/wp.adisoft.lt\/vtdko\/wp-content\/uploads\/2020\/02\/Logo-su-tekstu-01.svg\",\"width\":151,\"height\":74,\"caption\":\"vtdko\"},\"image\":{\"@id\":\"https:\/\/wp.adisoft.lt\/vtdko\/#\/schema\/logo\/image\/\"}}]}<\/script>\n<!-- \/ Yoast SEO plugin. -->","yoast_head_json":{"title":"Studij\u0173 kainos - vtdko","robots":{"index":"noindex","follow":"follow","max-snippet":"max-snippet:-1","max-image-preview":"max-image-preview:large","max-video-preview":"max-video-preview:-1"},"og_locale":"lt_LT","og_type":"article","og_title":"Studij\u0173 kainos - vtdko","og_description":"Vilniaus technologij\u0173 ir dizaino kolegija \u2013 \u010dia hobis virsta profesija! Naudingos nuorodos Studij\u0173 programos Bendrojo pri\u0117mimo datos Teis\u0117s aktai Minimal\u016bs rodikliai stojantiesiems Pri\u0117mimo taisykl\u0117s Konkursinio balo sandara 2022m. Studij\u0173 kryp\u010di\u0173 grup\u0117\u00a0\/ Studij\u0173 programa Metin\u0117s studij\u0173 kainos (Eur) Nuolatin\u0117\u00a0studij\u0173 forma I\u0161t\u0119stin\u0117\u00a0studij\u0173 forma Rudens\u00a0semestras Pavasario\u00a0semestras Rudens\u00a0semestras Pavasario\u00a0semestras Informatikos moksl\u0173 kryp\u010di\u0173 grup\u0117 Informacini\u0173 sistem\u0173 in\u017einerija 1267,50 1267,50 845,00...","og_url":"https:\/\/wp.adisoft.lt\/vtdko\/studiju-kainos\/","og_site_name":"vtdko","article_modified_time":"2023-02-04T09:05:09+00:00","twitter_card":"summary_large_image","twitter_misc":{"Est. reading time":"1 minut\u0117"},"schema":{"@context":"https:\/\/schema.org","@graph":[{"@type":"WebPage","@id":"https:\/\/wp.adisoft.lt\/vtdko\/studiju-kainos\/","url":"https:\/\/wp.adisoft.lt\/vtdko\/studiju-kainos\/","name":"Studij\u0173 kainos - vtdko","isPartOf":{"@id":"https:\/\/wp.adisoft.lt\/vtdko\/#website"},"datePublished":"2022-10-04T09:44:35+00:00","dateModified":"2023-02-04T09:05:09+00:00","breadcrumb":{"@id":"https:\/\/wp.adisoft.lt\/vtdko\/studiju-kainos\/#breadcrumb"},"inLanguage":"lt-LT","potentialAction":[{"@type":"ReadAction","target":["https:\/\/wp.adisoft.lt\/vtdko\/studiju-kainos\/"]}]},{"@type":"BreadcrumbList","@id":"https:\/\/wp.adisoft.lt\/vtdko\/studiju-kainos\/#breadcrumb","itemListElement":[{"@type":"ListItem","position":1,"name":"Pagrindinis","item":"https:\/\/wp.adisoft.lt\/vtdko\/"},{"@type":"ListItem","position":2,"name":"Studij\u0173 kainos"}]},{"@type":"WebSite","@id":"https:\/\/wp.adisoft.lt\/vtdko\/#website","url":"https:\/\/wp.adisoft.lt\/vtdko\/","name":"vtdko","description":"Vilniaus technologij\u0173 ir dizaino kolegija","publisher":{"@id":"https:\/\/wp.adisoft.lt\/vtdko\/#organization"},"potentialAction":[{"@type":"SearchAction","target":{"@type":"EntryPoint","urlTemplate":"https:\/\/wp.adisoft.lt\/vtdko\/?s={search_term_string}"},"query-input":"required name=search_term_string"}],"inLanguage":"lt-LT"},{"@type":"Organization","@id":"https:\/\/wp.adisoft.lt\/vtdko\/#organization","name":"vtdko","url":"https:\/\/wp.adisoft.lt\/vtdko\/","logo":{"@type":"ImageObject","inLanguage":"lt-LT","@id":"https:\/\/wp.adisoft.lt\/vtdko\/#\/schema\/logo\/image\/","url":"https:\/\/wp.adisoft.lt\/vtdko\/wp-content\/uploads\/2020\/02\/Logo-su-tekstu-01.svg","contentUrl":"https:\/\/wp.adisoft.lt\/vtdko\/wp-content\/uploads\/2020\/02\/Logo-su-tekstu-01.svg","width":151,"height":74,"caption":"vtdko"},"image":{"@id":"https:\/\/wp.adisoft.lt\/vtdko\/#\/schema\/logo\/image\/"}}]}},"_links":{"self":[{"href":"https:\/\/wp.adisoft.lt\/vtdko\/wp-json\/wp\/v2\/pages\/988891","targetHints":{"allow":["GET"]}}],"collection":[{"href":"https:\/\/wp.adisoft.lt\/vtdko\/wp-json\/wp\/v2\/pages"}],"about":[{"href":"https:\/\/wp.adisoft.lt\/vtdko\/wp-json\/wp\/v2\/types\/page"}],"author":[{"embeddable":true,"href":"https:\/\/wp.adisoft.lt\/vtdko\/wp-json\/wp\/v2\/users\/1"}],"replies":[{"embeddable":true,"href":"https:\/\/wp.adisoft.lt\/vtdko\/wp-json\/wp\/v2\/comments?post=988891"}],"version-history":[{"count":29,"href":"https:\/\/wp.adisoft.lt\/vtdko\/wp-json\/wp\/v2\/pages\/988891\/revisions"}],"predecessor-version":[{"id":999588,"href":"https:\/\/wp.adisoft.lt\/vtdko\/wp-json\/wp\/v2\/pages\/988891\/revisions\/999588"}],"wp:attachment":[{"href":"https:\/\/wp.adisoft.lt\/vtdko\/wp-json\/wp\/v2\/media?parent=988891"}],"curies":[{"name":"wp","href":"https:\/\/api.w.org\/{rel}","templated":true}]}}