{"id":989014,"date":"2022-10-06T08:39:06","date_gmt":"2022-10-06T05:39:06","guid":{"rendered":"https:\/\/wp.adisoft.lt\/vtdko\/?page_id=989014"},"modified":"2022-12-19T16:43:13","modified_gmt":"2022-12-19T13:43:13","slug":"studiju-programu-isorinis-vertinimas","status":"publish","type":"page","link":"https:\/\/wp.adisoft.lt\/vtdko\/studiju-programu-isorinis-vertinimas\/","title":{"rendered":"Studij\u0173 program\u0173 i\u0161orinis vertinimas"},"content":{"rendered":"\t\t<div data-elementor-type=\"wp-page\" data-elementor-id=\"989014\" class=\"elementor elementor-989014\">\n\t\t\t\t\t\t\t\t\t<section class=\"elementor-section elementor-top-section elementor-element elementor-element-7a594bc elementor-section-height-min-height elementor-section-boxed elementor-section-height-default elementor-section-items-middle\" data-id=\"7a594bc\" data-element_type=\"section\" data-settings=\"{&quot;background_background&quot;:&quot;classic&quot;,&quot;animation&quot;:&quot;none&quot;}\">\n\t\t\t\t\t\t<div class=\"elementor-container elementor-column-gap-default\">\n\t\t\t\t\t<div class=\"elementor-column elementor-col-100 elementor-top-column elementor-element elementor-element-e69b82b\" data-id=\"e69b82b\" data-element_type=\"column\" data-settings=\"{&quot;background_background&quot;:&quot;classic&quot;}\">\n\t\t\t<div class=\"elementor-widget-wrap\">\n\t\t\t\t\t\t\t\t\t<\/div>\n\t\t<\/div>\n\t\t\t\t\t\t\t<\/div>\n\t\t<\/section>\n\t\t\t\t<section class=\"elementor-section elementor-top-section elementor-element elementor-element-13c0b5a elementor-section-boxed elementor-section-height-default elementor-section-height-default\" data-id=\"13c0b5a\" data-element_type=\"section\" data-settings=\"{&quot;animation&quot;:&quot;none&quot;,&quot;animation_tablet&quot;:&quot;none&quot;,&quot;animation_mobile&quot;:&quot;none&quot;}\">\n\t\t\t\t\t\t<div class=\"elementor-container elementor-column-gap-no\">\n\t\t\t\t\t<div class=\"elementor-column elementor-col-50 elementor-top-column elementor-element elementor-element-8c79077 animated-fast elementor-invisible\" data-id=\"8c79077\" data-element_type=\"column\" data-settings=\"{&quot;background_background&quot;:&quot;classic&quot;,&quot;animation&quot;:&quot;fadeIn&quot;,&quot;animation_delay&quot;:100}\">\n\t\t\t<div class=\"elementor-widget-wrap elementor-element-populated\">\n\t\t\t\t\t\t\t\t<div class=\"elementor-element elementor-element-89ef682 elementor-widget__width-auto elementor-widget-tablet__width-auto elementor-widget-mobile__width-inherit elementor-widget elementor-widget-heading\" data-id=\"89ef682\" data-element_type=\"widget\" data-settings=\"{&quot;_animation&quot;:&quot;none&quot;,&quot;_animation_delay&quot;:200}\" data-widget_type=\"heading.heading_charityfy\">\n\t\t\t\t<div class=\"elementor-widget-container\">\n\t\t\t<h1 class=\"elementor-heading-title elementor-size-default\">Studij\u0173 program\u0173 i\u0161orinis vertinimas<\/h1>\t\t<\/div>\n\t\t\t\t<\/div>\n\t\t\t\t<div class=\"elementor-element elementor-element-af4d135 elementor-widget elementor-widget-text-editor\" data-id=\"af4d135\" data-element_type=\"widget\" data-settings=\"{&quot;_animation&quot;:&quot;none&quot;,&quot;_animation_delay&quot;:300}\" data-widget_type=\"text-editor.default\">\n\t\t\t\t<div class=\"elementor-widget-container\">\n\t\t\t\t\t\t\t<p>Vilniaus technologij\u0173 ir dizaino kolegija \u2013 \u010dia hobis virsta profesija!<\/p>\t\t\t\t\t\t<\/div>\n\t\t\t\t<\/div>\n\t\t\t\t\t<\/div>\n\t\t<\/div>\n\t\t\t\t<div class=\"elementor-column elementor-col-50 elementor-top-column elementor-element elementor-element-9840e17 elementor-hidden-desktop elementor-hidden-tablet elementor-hidden-phone\" data-id=\"9840e17\" data-element_type=\"column\">\n\t\t\t<div class=\"elementor-widget-wrap\">\n\t\t\t\t\t\t\t\t\t<\/div>\n\t\t<\/div>\n\t\t\t\t\t\t\t<\/div>\n\t\t<\/section>\n\t\t\t\t<section class=\"elementor-section elementor-top-section elementor-element elementor-element-bffa2f1 elementor-section-boxed elementor-section-height-default elementor-section-height-default\" data-id=\"bffa2f1\" data-element_type=\"section\">\n\t\t\t\t\t\t<div class=\"elementor-container elementor-column-gap-default\">\n\t\t\t\t\t<div class=\"elementor-column elementor-col-100 elementor-top-column elementor-element elementor-element-1965a61\" data-id=\"1965a61\" data-element_type=\"column\">\n\t\t\t<div class=\"elementor-widget-wrap elementor-element-populated\">\n\t\t\t\t\t\t\t\t<div class=\"elementor-element elementor-element-887ea90 elementor-widget elementor-widget-spacer\" data-id=\"887ea90\" data-element_type=\"widget\" data-widget_type=\"spacer.default\">\n\t\t\t\t<div class=\"elementor-widget-container\">\n\t\t\t\t\t<div class=\"elementor-spacer\">\n\t\t\t<div class=\"elementor-spacer-inner\"><\/div>\n\t\t<\/div>\n\t\t\t\t<\/div>\n\t\t\t\t<\/div>\n\t\t\t\t\t<\/div>\n\t\t<\/div>\n\t\t\t\t\t\t\t<\/div>\n\t\t<\/section>\n\t\t\t\t<section class=\"elementor-section elementor-top-section elementor-element elementor-element-a9a2f22 elementor-section-boxed elementor-section-height-default elementor-section-height-default\" data-id=\"a9a2f22\" data-element_type=\"section\">\n\t\t\t\t\t\t<div class=\"elementor-container elementor-column-gap-default\">\n\t\t\t\t\t<div class=\"elementor-column elementor-col-100 elementor-top-column elementor-element elementor-element-7019d4d\" data-id=\"7019d4d\" data-element_type=\"column\">\n\t\t\t<div class=\"elementor-widget-wrap elementor-element-populated\">\n\t\t\t\t\t\t\t\t<div class=\"elementor-element elementor-element-4594e77 elementor-widget elementor-widget-text-editor\" data-id=\"4594e77\" data-element_type=\"widget\" data-widget_type=\"text-editor.default\">\n\t\t\t\t<div class=\"elementor-widget-container\">\n\t\t\t\t\t\t\t<div class=\"category-desc clearfix\"><p>Vilniaus technologij\u0173 ir dizaino kolegija yra Lietuvos Respublikos valstybin\u0117 auk\u0161toji mokykla, kurioje vykdomos kolegin\u0117s studijos, pl\u0117tojami taikomieji moksliniai tyrimai, menin\u0117 ir konsultacin\u0117 veikla.<\/p><p>Kolegijoje \u012fgyvendinamos studij\u0173 programos yra akredituotos Lietuvos studij\u0173 kokyb\u0117s vertinimo centro. Studijas pabaigusiems studentams suteikiamas profesinio bakalauro kvalifikacinis laipsnis. Kolegijos absolventai gali \u012fsitvirtinti darbo rinkoje arba siekti \u012fgyti antrosios pakopos i\u0161silavinim\u0105.<\/p><\/div><div class=\"items-leading clearfix\"><div class=\"leading-0\"><div class=\"item clearfix\"><div class=\"heading\"><p>\u00a0<\/p><\/div><\/div><\/div><div class=\"leading-8\"><div class=\"item clearfix\">\u00a0<\/div><\/div><\/div>\t\t\t\t\t\t<\/div>\n\t\t\t\t<\/div>\n\t\t\t\t\t<\/div>\n\t\t<\/div>\n\t\t\t\t\t\t\t<\/div>\n\t\t<\/section>\n\t\t\t\t<section class=\"elementor-section elementor-top-section elementor-element elementor-element-d4a96a5 elementor-section-boxed elementor-section-height-default elementor-section-height-default\" data-id=\"d4a96a5\" data-element_type=\"section\" data-settings=\"{&quot;background_background&quot;:&quot;classic&quot;}\">\n\t\t\t\t\t\t<div class=\"elementor-container elementor-column-gap-default\">\n\t\t\t\t\t<div class=\"elementor-column elementor-col-100 elementor-top-column elementor-element elementor-element-e9ada16\" data-id=\"e9ada16\" data-element_type=\"column\">\n\t\t\t<div class=\"elementor-widget-wrap elementor-element-populated\">\n\t\t\t\t\t\t\t\t<div class=\"elementor-element elementor-element-e284079 elementor-widget elementor-widget-spacer\" data-id=\"e284079\" data-element_type=\"widget\" data-widget_type=\"spacer.default\">\n\t\t\t\t<div class=\"elementor-widget-container\">\n\t\t\t\t\t<div class=\"elementor-spacer\">\n\t\t\t<div class=\"elementor-spacer-inner\"><\/div>\n\t\t<\/div>\n\t\t\t\t<\/div>\n\t\t\t\t<\/div>\n\t\t\t\t<div class=\"elementor-element elementor-element-baf6daa elementor-widget elementor-widget-heading\" data-id=\"baf6daa\" data-element_type=\"widget\" data-widget_type=\"heading.default\">\n\t\t\t\t<div class=\"elementor-widget-container\">\n\t\t\t<h4 class=\"elementor-heading-title elementor-size-default\">Informacija:<\/h4>\t\t<\/div>\n\t\t\t\t<\/div>\n\t\t\t\t<div class=\"elementor-element elementor-element-b1b3dc6 elementor-widget elementor-widget-text-editor\" data-id=\"b1b3dc6\" data-element_type=\"widget\" data-widget_type=\"text-editor.default\">\n\t\t\t\t<div class=\"elementor-widget-container\">\n\t\t\t\t\t\t\t<div class=\"leading-0\" style=\"font-style: normal; font-variant-ligatures: normal; font-variant-caps: normal; font-weight: 400; font-size: 18px; font-family: 'Open Sans', sans-serif;\"><div class=\"item clearfix\"><div class=\"heading\"><p><a href=\"https:\/\/wp.adisoft.lt\/vtdko\/vilniaus-technologiju-ir-dizaino-kolegijos-studiju-krypciu-vertinimas\/\">Vilniaus technologij\u0173 ir dizaino kolegijos studij\u0173 kryp\u010di\u0173 vertinimas<\/a><\/p><p><a style=\"font-family: inherit; font-size: inherit; font-style: inherit; font-variant-ligatures: inherit; font-variant-caps: inherit; font-weight: inherit; letter-spacing: var(--vamtam-primary-font-letter-spacing-desktop,normal); text-transform: var(--vamtam-primary-font-transform,none);\" href=\"https:\/\/wp.adisoft.lt\/vtdko\/2016-2017-s-m-vilniaus-technologiju-ir-dizaino-kolegijos-isorinis-studiju-programu-vertinimas\/\">2016\u20132017 s. m. Vilniaus technologij\u0173 ir dizaino kolegijos i\u0161orinis studij\u0173 program\u0173 vertinimas<\/a><\/p><p><a style=\"font-family: inherit; font-size: inherit; font-style: inherit; font-variant-ligatures: inherit; font-variant-caps: inherit; font-weight: inherit; letter-spacing: var(--vamtam-primary-font-letter-spacing-desktop,normal); text-transform: var(--vamtam-primary-font-transform,none);\" href=\"https:\/\/wp.adisoft.lt\/vtdko\/2015-2016-s-m-vilniaus-technologiju-ir-dizaino-kolegijos-isorinis-studiju-programu-vertinimas\/\">2015\u20132016 s. m. Vilniaus technologij\u0173 ir dizaino kolegijos i\u0161orinis studij\u0173 program\u0173 vertinimas<\/a><\/p><p><a style=\"font-family: inherit; font-size: inherit; font-style: inherit; font-variant-ligatures: inherit; font-variant-caps: inherit; font-weight: inherit; letter-spacing: var(--vamtam-primary-font-letter-spacing-desktop,normal); text-transform: var(--vamtam-primary-font-transform,none);\" href=\"https:\/\/wp.adisoft.lt\/vtdko\/2014-2015-s-m-vilniaus-technologiju-ir-dizaino-kolegijos-isorinis-studiju-programu-vertinimas\/\">2014\u20132015 s.m. Vilniaus technologij\u0173 ir dizaino kolegijos i\u0161orinis studij\u0173 program\u0173 vertinimas<\/a><\/p><p><a style=\"font-family: inherit; font-size: inherit; font-style: inherit; font-variant-ligatures: inherit; font-variant-caps: inherit; font-weight: inherit; letter-spacing: var(--vamtam-primary-font-letter-spacing-desktop,normal); text-transform: var(--vamtam-primary-font-transform,none);\" href=\"https:\/\/wp.adisoft.lt\/vtdko\/2013-2014-s-m-vilniaus-technologiju-ir-dizaino-kolegijos-isorinis-studiju-programu-vertinimas\/\">2013\u20132014 s.m. Vilniaus technologij\u0173 ir dizaino kolegijos i\u0161orinis studij\u0173 program\u0173 vertinimas<\/a><\/p><p><a style=\"font-family: inherit; font-size: inherit; font-style: inherit; font-variant-ligatures: inherit; font-variant-caps: inherit; font-weight: inherit; letter-spacing: var(--vamtam-primary-font-letter-spacing-desktop,normal); text-transform: var(--vamtam-primary-font-transform,none);\" href=\"https:\/\/wp.adisoft.lt\/vtdko\/2012-2013-s-m-akredituotos-vilniaus-technologiju-ir-dizaino-kolegijos-studiju-programos\/\">2012\u20132013 s.m. Vilniaus technologij\u0173 ir dizaino kolegijos i\u0161orinis studij\u0173 program\u0173 vertinimas<\/a><\/p><p><a style=\"font-family: inherit; font-size: inherit; font-style: inherit; font-variant-ligatures: inherit; font-variant-caps: inherit; font-weight: inherit; letter-spacing: var(--vamtam-primary-font-letter-spacing-desktop,normal); text-transform: var(--vamtam-primary-font-transform,none);\" href=\"https:\/\/wp.adisoft.lt\/vtdko\/2011-2012-s-m-akredituotos-vilniaus-technologiju-ir-dizaino-kolegijos-studiju-programos\/\">2011\u20132012 s.m. Vilniaus technologij\u0173 ir dizaino kolegijos i\u0161orinis studij\u0173 program\u0173 vertinimas<\/a><\/p><p><a style=\"font-family: inherit; font-size: inherit; font-style: inherit; font-variant-ligatures: inherit; font-variant-caps: inherit; font-weight: inherit; letter-spacing: var(--vamtam-primary-font-letter-spacing-desktop,normal); text-transform: var(--vamtam-primary-font-transform,none);\" href=\"https:\/\/wp.adisoft.lt\/vtdko\/2010-2011-s-m-akredituotos-vilniaus-technologiju-ir-dizaino-kolegijos-studiju-programos\/\">2010\u20132011 s.m. Vilniaus technologij\u0173 ir dizaino kolegijos i\u0161orinis studij\u0173 program\u0173 vertinimas<\/a><\/p><p><a style=\"font-family: inherit; font-size: inherit; font-style: inherit; font-variant-ligatures: inherit; font-variant-caps: inherit; font-weight: inherit; letter-spacing: var(--vamtam-primary-font-letter-spacing-desktop,normal); text-transform: var(--vamtam-primary-font-transform,none);\" href=\"https:\/\/wp.adisoft.lt\/vtdko\/2009-2010-s-m-akredituotos-vilniaus-technologiju-ir-dizaino-kolegijos-studiju-programos\/\">2009\u20132010 s.m. Vilniaus technologij\u0173 ir dizaino kolegijos i\u0161orinis studij\u0173 program\u0173 vertinimas<\/a><\/p><\/div><\/div><\/div>\t\t\t\t\t\t<\/div>\n\t\t\t\t<\/div>\n\t\t\t\t<div class=\"elementor-element elementor-element-d7984aa elementor-widget elementor-widget-spacer\" data-id=\"d7984aa\" data-element_type=\"widget\" data-widget_type=\"spacer.default\">\n\t\t\t\t<div class=\"elementor-widget-container\">\n\t\t\t\t\t<div class=\"elementor-spacer\">\n\t\t\t<div class=\"elementor-spacer-inner\"><\/div>\n\t\t<\/div>\n\t\t\t\t<\/div>\n\t\t\t\t<\/div>\n\t\t\t\t\t<\/div>\n\t\t<\/div>\n\t\t\t\t\t\t\t<\/div>\n\t\t<\/section>\n\t\t\t\t<section class=\"elementor-section elementor-top-section elementor-element elementor-element-07c00ee elementor-section-boxed elementor-section-height-default elementor-section-height-default\" data-id=\"07c00ee\" data-element_type=\"section\">\n\t\t\t\t\t\t<div class=\"elementor-container elementor-column-gap-default\">\n\t\t\t\t\t<div class=\"elementor-column elementor-col-100 elementor-top-column elementor-element elementor-element-b615e24\" data-id=\"b615e24\" data-element_type=\"column\">\n\t\t\t<div class=\"elementor-widget-wrap elementor-element-populated\">\n\t\t\t\t\t\t\t\t<div class=\"elementor-element elementor-element-cdb8272 elementor-widget elementor-widget-spacer\" data-id=\"cdb8272\" data-element_type=\"widget\" data-widget_type=\"spacer.default\">\n\t\t\t\t<div class=\"elementor-widget-container\">\n\t\t\t\t\t<div class=\"elementor-spacer\">\n\t\t\t<div class=\"elementor-spacer-inner\"><\/div>\n\t\t<\/div>\n\t\t\t\t<\/div>\n\t\t\t\t<\/div>\n\t\t\t\t\t<\/div>\n\t\t<\/div>\n\t\t\t\t\t\t\t<\/div>\n\t\t<\/section>\n\t\t\t\t\t\t\t<\/div>\n\t\t","protected":false},"excerpt":{"rendered":"<p>Studij\u0173 program\u0173 i\u0161orinis vertinimas Vilniaus technologij\u0173 ir dizaino kolegija \u2013 \u010dia hobis virsta profesija! Vilniaus technologij\u0173 ir dizaino kolegija yra Lietuvos Respublikos valstybin\u0117 auk\u0161toji mokykla, kurioje vykdomos kolegin\u0117s studijos, pl\u0117tojami taikomieji moksliniai tyrimai, menin\u0117 ir konsultacin\u0117 veikla. Kolegijoje \u012fgyvendinamos studij\u0173 programos yra akredituotos Lietuvos studij\u0173 kokyb\u0117s vertinimo centro. Studijas pabaigusiems studentams suteikiamas profesinio bakalauro kvalifikacinis&#8230;<\/p>\n","protected":false},"author":1,"featured_media":0,"parent":0,"menu_order":0,"comment_status":"closed","ping_status":"closed","template":"","meta":{"inline_featured_image":false,"footnotes":""},"class_list":["post-989014","page","type-page","status-publish","hentry"],"yoast_head":"<!-- This site is optimized with the Yoast SEO plugin v19.12 - https:\/\/yoast.com\/wordpress\/plugins\/seo\/ -->\n<title>Studij\u0173 program\u0173 i\u0161orinis vertinimas - vtdko<\/title>\n<meta name=\"robots\" content=\"noindex, follow, max-snippet:-1, max-image-preview:large, max-video-preview:-1\" \/>\n<meta property=\"og:locale\" content=\"lt_LT\" \/>\n<meta property=\"og:type\" content=\"article\" \/>\n<meta property=\"og:title\" content=\"Studij\u0173 program\u0173 i\u0161orinis vertinimas - vtdko\" \/>\n<meta property=\"og:description\" content=\"Studij\u0173 program\u0173 i\u0161orinis vertinimas Vilniaus technologij\u0173 ir dizaino kolegija \u2013 \u010dia hobis virsta profesija! Vilniaus technologij\u0173 ir dizaino kolegija yra Lietuvos Respublikos valstybin\u0117 auk\u0161toji mokykla, kurioje vykdomos kolegin\u0117s studijos, pl\u0117tojami taikomieji moksliniai tyrimai, menin\u0117 ir konsultacin\u0117 veikla. Kolegijoje \u012fgyvendinamos studij\u0173 programos yra akredituotos Lietuvos studij\u0173 kokyb\u0117s vertinimo centro. Studijas pabaigusiems studentams suteikiamas profesinio bakalauro kvalifikacinis...\" \/>\n<meta property=\"og:url\" content=\"https:\/\/wp.adisoft.lt\/vtdko\/studiju-programu-isorinis-vertinimas\/\" \/>\n<meta property=\"og:site_name\" content=\"vtdko\" \/>\n<meta property=\"article:modified_time\" content=\"2022-12-19T13:43:13+00:00\" \/>\n<meta name=\"twitter:card\" content=\"summary_large_image\" \/>\n<meta name=\"twitter:label1\" content=\"Est. reading time\" \/>\n\t<meta name=\"twitter:data1\" content=\"1 minut\u0117\" \/>\n<script type=\"application\/ld+json\" class=\"yoast-schema-graph\">{\"@context\":\"https:\/\/schema.org\",\"@graph\":[{\"@type\":\"WebPage\",\"@id\":\"https:\/\/wp.adisoft.lt\/vtdko\/studiju-programu-isorinis-vertinimas\/\",\"url\":\"https:\/\/wp.adisoft.lt\/vtdko\/studiju-programu-isorinis-vertinimas\/\",\"name\":\"Studij\u0173 program\u0173 i\u0161orinis vertinimas - vtdko\",\"isPartOf\":{\"@id\":\"https:\/\/wp.adisoft.lt\/vtdko\/#website\"},\"datePublished\":\"2022-10-06T05:39:06+00:00\",\"dateModified\":\"2022-12-19T13:43:13+00:00\",\"breadcrumb\":{\"@id\":\"https:\/\/wp.adisoft.lt\/vtdko\/studiju-programu-isorinis-vertinimas\/#breadcrumb\"},\"inLanguage\":\"lt-LT\",\"potentialAction\":[{\"@type\":\"ReadAction\",\"target\":[\"https:\/\/wp.adisoft.lt\/vtdko\/studiju-programu-isorinis-vertinimas\/\"]}]},{\"@type\":\"BreadcrumbList\",\"@id\":\"https:\/\/wp.adisoft.lt\/vtdko\/studiju-programu-isorinis-vertinimas\/#breadcrumb\",\"itemListElement\":[{\"@type\":\"ListItem\",\"position\":1,\"name\":\"Pagrindinis\",\"item\":\"https:\/\/wp.adisoft.lt\/vtdko\/\"},{\"@type\":\"ListItem\",\"position\":2,\"name\":\"Studij\u0173 program\u0173 i\u0161orinis vertinimas\"}]},{\"@type\":\"WebSite\",\"@id\":\"https:\/\/wp.adisoft.lt\/vtdko\/#website\",\"url\":\"https:\/\/wp.adisoft.lt\/vtdko\/\",\"name\":\"vtdko\",\"description\":\"Vilniaus technologij\u0173 ir dizaino kolegija\",\"publisher\":{\"@id\":\"https:\/\/wp.adisoft.lt\/vtdko\/#organization\"},\"potentialAction\":[{\"@type\":\"SearchAction\",\"target\":{\"@type\":\"EntryPoint\",\"urlTemplate\":\"https:\/\/wp.adisoft.lt\/vtdko\/?s={search_term_string}\"},\"query-input\":\"required name=search_term_string\"}],\"inLanguage\":\"lt-LT\"},{\"@type\":\"Organization\",\"@id\":\"https:\/\/wp.adisoft.lt\/vtdko\/#organization\",\"name\":\"vtdko\",\"url\":\"https:\/\/wp.adisoft.lt\/vtdko\/\",\"logo\":{\"@type\":\"ImageObject\",\"inLanguage\":\"lt-LT\",\"@id\":\"https:\/\/wp.adisoft.lt\/vtdko\/#\/schema\/logo\/image\/\",\"url\":\"https:\/\/wp.adisoft.lt\/vtdko\/wp-content\/uploads\/2020\/02\/Logo-su-tekstu-01.svg\",\"contentUrl\":\"https:\/\/wp.adisoft.lt\/vtdko\/wp-content\/uploads\/2020\/02\/Logo-su-tekstu-01.svg\",\"width\":151,\"height\":74,\"caption\":\"vtdko\"},\"image\":{\"@id\":\"https:\/\/wp.adisoft.lt\/vtdko\/#\/schema\/logo\/image\/\"}}]}<\/script>\n<!-- \/ Yoast SEO plugin. -->","yoast_head_json":{"title":"Studij\u0173 program\u0173 i\u0161orinis vertinimas - vtdko","robots":{"index":"noindex","follow":"follow","max-snippet":"max-snippet:-1","max-image-preview":"max-image-preview:large","max-video-preview":"max-video-preview:-1"},"og_locale":"lt_LT","og_type":"article","og_title":"Studij\u0173 program\u0173 i\u0161orinis vertinimas - vtdko","og_description":"Studij\u0173 program\u0173 i\u0161orinis vertinimas Vilniaus technologij\u0173 ir dizaino kolegija \u2013 \u010dia hobis virsta profesija! Vilniaus technologij\u0173 ir dizaino kolegija yra Lietuvos Respublikos valstybin\u0117 auk\u0161toji mokykla, kurioje vykdomos kolegin\u0117s studijos, pl\u0117tojami taikomieji moksliniai tyrimai, menin\u0117 ir konsultacin\u0117 veikla. Kolegijoje \u012fgyvendinamos studij\u0173 programos yra akredituotos Lietuvos studij\u0173 kokyb\u0117s vertinimo centro. Studijas pabaigusiems studentams suteikiamas profesinio bakalauro kvalifikacinis...","og_url":"https:\/\/wp.adisoft.lt\/vtdko\/studiju-programu-isorinis-vertinimas\/","og_site_name":"vtdko","article_modified_time":"2022-12-19T13:43:13+00:00","twitter_card":"summary_large_image","twitter_misc":{"Est. reading time":"1 minut\u0117"},"schema":{"@context":"https:\/\/schema.org","@graph":[{"@type":"WebPage","@id":"https:\/\/wp.adisoft.lt\/vtdko\/studiju-programu-isorinis-vertinimas\/","url":"https:\/\/wp.adisoft.lt\/vtdko\/studiju-programu-isorinis-vertinimas\/","name":"Studij\u0173 program\u0173 i\u0161orinis vertinimas - vtdko","isPartOf":{"@id":"https:\/\/wp.adisoft.lt\/vtdko\/#website"},"datePublished":"2022-10-06T05:39:06+00:00","dateModified":"2022-12-19T13:43:13+00:00","breadcrumb":{"@id":"https:\/\/wp.adisoft.lt\/vtdko\/studiju-programu-isorinis-vertinimas\/#breadcrumb"},"inLanguage":"lt-LT","potentialAction":[{"@type":"ReadAction","target":["https:\/\/wp.adisoft.lt\/vtdko\/studiju-programu-isorinis-vertinimas\/"]}]},{"@type":"BreadcrumbList","@id":"https:\/\/wp.adisoft.lt\/vtdko\/studiju-programu-isorinis-vertinimas\/#breadcrumb","itemListElement":[{"@type":"ListItem","position":1,"name":"Pagrindinis","item":"https:\/\/wp.adisoft.lt\/vtdko\/"},{"@type":"ListItem","position":2,"name":"Studij\u0173 program\u0173 i\u0161orinis vertinimas"}]},{"@type":"WebSite","@id":"https:\/\/wp.adisoft.lt\/vtdko\/#website","url":"https:\/\/wp.adisoft.lt\/vtdko\/","name":"vtdko","description":"Vilniaus technologij\u0173 ir dizaino kolegija","publisher":{"@id":"https:\/\/wp.adisoft.lt\/vtdko\/#organization"},"potentialAction":[{"@type":"SearchAction","target":{"@type":"EntryPoint","urlTemplate":"https:\/\/wp.adisoft.lt\/vtdko\/?s={search_term_string}"},"query-input":"required name=search_term_string"}],"inLanguage":"lt-LT"},{"@type":"Organization","@id":"https:\/\/wp.adisoft.lt\/vtdko\/#organization","name":"vtdko","url":"https:\/\/wp.adisoft.lt\/vtdko\/","logo":{"@type":"ImageObject","inLanguage":"lt-LT","@id":"https:\/\/wp.adisoft.lt\/vtdko\/#\/schema\/logo\/image\/","url":"https:\/\/wp.adisoft.lt\/vtdko\/wp-content\/uploads\/2020\/02\/Logo-su-tekstu-01.svg","contentUrl":"https:\/\/wp.adisoft.lt\/vtdko\/wp-content\/uploads\/2020\/02\/Logo-su-tekstu-01.svg","width":151,"height":74,"caption":"vtdko"},"image":{"@id":"https:\/\/wp.adisoft.lt\/vtdko\/#\/schema\/logo\/image\/"}}]}},"_links":{"self":[{"href":"https:\/\/wp.adisoft.lt\/vtdko\/wp-json\/wp\/v2\/pages\/989014","targetHints":{"allow":["GET"]}}],"collection":[{"href":"https:\/\/wp.adisoft.lt\/vtdko\/wp-json\/wp\/v2\/pages"}],"about":[{"href":"https:\/\/wp.adisoft.lt\/vtdko\/wp-json\/wp\/v2\/types\/page"}],"author":[{"embeddable":true,"href":"https:\/\/wp.adisoft.lt\/vtdko\/wp-json\/wp\/v2\/users\/1"}],"replies":[{"embeddable":true,"href":"https:\/\/wp.adisoft.lt\/vtdko\/wp-json\/wp\/v2\/comments?post=989014"}],"version-history":[{"count":21,"href":"https:\/\/wp.adisoft.lt\/vtdko\/wp-json\/wp\/v2\/pages\/989014\/revisions"}],"predecessor-version":[{"id":995497,"href":"https:\/\/wp.adisoft.lt\/vtdko\/wp-json\/wp\/v2\/pages\/989014\/revisions\/995497"}],"wp:attachment":[{"href":"https:\/\/wp.adisoft.lt\/vtdko\/wp-json\/wp\/v2\/media?parent=989014"}],"curies":[{"name":"wp","href":"https:\/\/api.w.org\/{rel}","templated":true}]}}