{"id":989044,"date":"2022-10-06T09:03:25","date_gmt":"2022-10-06T06:03:25","guid":{"rendered":"https:\/\/wp.adisoft.lt\/vtdko\/?page_id=989044"},"modified":"2022-12-06T22:36:39","modified_gmt":"2022-12-06T19:36:39","slug":"2015-2016-s-m-vilniaus-technologiju-ir-dizaino-kolegijos-isorinis-studiju-programu-vertinimas","status":"publish","type":"page","link":"https:\/\/wp.adisoft.lt\/vtdko\/2015-2016-s-m-vilniaus-technologiju-ir-dizaino-kolegijos-isorinis-studiju-programu-vertinimas\/","title":{"rendered":"2015\u20132016 s. m. Vilniaus technologij\u0173 ir dizaino kolegijos i\u0161orinis studij\u0173 program\u0173 vertinimas"},"content":{"rendered":"\t\t<div data-elementor-type=\"wp-page\" data-elementor-id=\"989044\" class=\"elementor elementor-989044\">\n\t\t\t\t\t\t\t\t\t<section class=\"elementor-section elementor-top-section elementor-element elementor-element-d6b4309 elementor-section-height-min-height elementor-section-boxed elementor-section-height-default elementor-section-items-middle\" data-id=\"d6b4309\" data-element_type=\"section\" data-settings=\"{&quot;background_background&quot;:&quot;classic&quot;,&quot;animation&quot;:&quot;none&quot;}\">\n\t\t\t\t\t\t<div class=\"elementor-container elementor-column-gap-default\">\n\t\t\t\t\t<div class=\"elementor-column elementor-col-100 elementor-top-column elementor-element elementor-element-69a08d9\" data-id=\"69a08d9\" data-element_type=\"column\" data-settings=\"{&quot;background_background&quot;:&quot;classic&quot;}\">\n\t\t\t<div class=\"elementor-widget-wrap\">\n\t\t\t\t\t\t\t\t\t<\/div>\n\t\t<\/div>\n\t\t\t\t\t\t\t<\/div>\n\t\t<\/section>\n\t\t\t\t<section class=\"elementor-section elementor-top-section elementor-element elementor-element-5891c5e elementor-section-boxed elementor-section-height-default elementor-section-height-default\" data-id=\"5891c5e\" data-element_type=\"section\" data-settings=\"{&quot;animation&quot;:&quot;none&quot;,&quot;animation_tablet&quot;:&quot;none&quot;,&quot;animation_mobile&quot;:&quot;none&quot;}\">\n\t\t\t\t\t\t<div class=\"elementor-container elementor-column-gap-no\">\n\t\t\t\t\t<div class=\"elementor-column elementor-col-50 elementor-top-column elementor-element elementor-element-09895b2 animated-fast elementor-invisible\" data-id=\"09895b2\" data-element_type=\"column\" data-settings=\"{&quot;background_background&quot;:&quot;classic&quot;,&quot;animation&quot;:&quot;fadeIn&quot;,&quot;animation_delay&quot;:100}\">\n\t\t\t<div class=\"elementor-widget-wrap elementor-element-populated\">\n\t\t\t\t\t\t\t\t<div class=\"elementor-element elementor-element-084240b elementor-widget__width-auto elementor-widget-tablet__width-auto elementor-widget-mobile__width-inherit elementor-widget elementor-widget-heading\" data-id=\"084240b\" data-element_type=\"widget\" data-settings=\"{&quot;_animation&quot;:&quot;none&quot;,&quot;_animation_delay&quot;:200}\" data-widget_type=\"heading.heading_charityfy\">\n\t\t\t\t<div class=\"elementor-widget-container\">\n\t\t\t<h1 class=\"elementor-heading-title elementor-size-default\">I\u0161orinis studij\u0173 program\u0173 vertinimas<\/h1>\t\t<\/div>\n\t\t\t\t<\/div>\n\t\t\t\t<div class=\"elementor-element elementor-element-1c62a43 elementor-widget elementor-widget-text-editor\" data-id=\"1c62a43\" data-element_type=\"widget\" data-settings=\"{&quot;_animation&quot;:&quot;none&quot;,&quot;_animation_delay&quot;:300}\" data-widget_type=\"text-editor.default\">\n\t\t\t\t<div class=\"elementor-widget-container\">\n\t\t\t\t\t\t\t<p>Vilniaus technologij\u0173 ir dizaino kolegija \u2013 \u010dia hobis virsta profesija!<\/p>\t\t\t\t\t\t<\/div>\n\t\t\t\t<\/div>\n\t\t\t\t\t<\/div>\n\t\t<\/div>\n\t\t\t\t<div class=\"elementor-column elementor-col-50 elementor-top-column elementor-element elementor-element-17e6d40 elementor-hidden-desktop elementor-hidden-tablet elementor-hidden-phone\" data-id=\"17e6d40\" data-element_type=\"column\">\n\t\t\t<div class=\"elementor-widget-wrap\">\n\t\t\t\t\t\t\t\t\t<\/div>\n\t\t<\/div>\n\t\t\t\t\t\t\t<\/div>\n\t\t<\/section>\n\t\t\t\t<section class=\"elementor-section elementor-top-section elementor-element elementor-element-bffa2f1 elementor-section-boxed elementor-section-height-default elementor-section-height-default\" data-id=\"bffa2f1\" data-element_type=\"section\">\n\t\t\t\t\t\t<div class=\"elementor-container elementor-column-gap-default\">\n\t\t\t\t\t<div class=\"elementor-column elementor-col-100 elementor-top-column elementor-element elementor-element-1965a61\" data-id=\"1965a61\" data-element_type=\"column\">\n\t\t\t<div class=\"elementor-widget-wrap elementor-element-populated\">\n\t\t\t\t\t\t\t\t\t<\/div>\n\t\t<\/div>\n\t\t\t\t\t\t\t<\/div>\n\t\t<\/section>\n\t\t\t\t<section class=\"elementor-section elementor-top-section elementor-element elementor-element-a9a2f22 elementor-section-boxed elementor-section-height-default elementor-section-height-default\" data-id=\"a9a2f22\" data-element_type=\"section\">\n\t\t\t\t\t\t<div class=\"elementor-container elementor-column-gap-default\">\n\t\t\t\t\t<div class=\"elementor-column elementor-col-100 elementor-top-column elementor-element elementor-element-7019d4d\" data-id=\"7019d4d\" data-element_type=\"column\">\n\t\t\t<div class=\"elementor-widget-wrap elementor-element-populated\">\n\t\t\t\t\t\t\t\t<div class=\"elementor-element elementor-element-4594e77 partner-table-wrapper elementor-widget elementor-widget-text-editor\" data-id=\"4594e77\" data-element_type=\"widget\" data-widget_type=\"text-editor.default\">\n\t\t\t\t<div class=\"elementor-widget-container\">\n\t\t\t\t\t\t\t<div class=\"category-desc clearfix\"><table class=\"table\"><tbody><tr><td valign=\"top\"><p><strong>Valstybinis kodas<\/strong><\/p><\/td><td valign=\"top\"><p><strong>Programos pavadinimas<\/strong><\/p><\/td><td valign=\"top\"><p><strong>Bendras (\u012fvertinimas balais)<\/strong><\/p><\/td><td valign=\"top\"><p><strong>Numatomas sprendimas d\u0117l akreditavimo<\/strong><\/p><\/td><td valign=\"top\"><p><strong>Studij\u0173 kokyb\u0117s vertinimo centro ra\u0161tas<\/strong><\/p><\/td><\/tr><tr><td valign=\"top\"><p>653E31002<\/p><\/td><td valign=\"top\"><p>Termoin\u017einerija<\/p><\/td><td valign=\"top\"><p>18<\/p><\/td><td valign=\"top\"><p>Akredituota 6 metams<\/p><\/td><td valign=\"top\"><p>2016-05-<\/p><\/td><\/tr><tr><td valign=\"top\"><p>653H61003<\/p><\/td><td valign=\"top\"><p>Automobili\u0173 elektronikos sistemos<\/p><\/td><td valign=\"top\"><p>15<\/p><\/td><td valign=\"top\"><p>Akredituota 3 metams<\/p><\/td><td valign=\"top\"><p>2016-02-10<\/p><\/td><\/tr><tr><td valign=\"top\"><p>653H62011<\/p><\/td><td valign=\"top\"><p>Elektros ir automatikos in\u017einerija<\/p><\/td><td valign=\"top\"><p>19<\/p><\/td><td valign=\"top\"><p>Akredituota 6 metams<\/p><\/td><td valign=\"top\"><p>2016-01-21<\/p><\/td><\/tr><tr><td valign=\"top\"><p>653H63001<\/p><\/td><td valign=\"top\"><p>Elektros energetika<\/p><\/td><td valign=\"top\"><p>17<\/p><\/td><td valign=\"top\"><p>Akredituota 3 metams<\/p><\/td><td valign=\"top\"><p>2016-01-21<\/p><\/td><\/tr><tr><td valign=\"top\"><p>653E22005<\/p><\/td><td valign=\"top\"><p>Riedmen\u0173 eksploatavimas<\/p><\/td><td valign=\"top\"><p>17<\/p><\/td><td valign=\"top\"><p>Akredituota 3 metams<\/p><\/td><td valign=\"top\"><p>2016-02-25<\/p><\/td><\/tr><tr><td valign=\"top\"><p>653E31004<\/p><\/td><td valign=\"top\"><p>Gele\u017einkelio transporto in\u017einerija<\/p><\/td><td valign=\"top\"><p>19<\/p><\/td><td valign=\"top\"><p>Akredituota 6 metams<\/p><\/td><td valign=\"top\"><p>2016-02-25<\/p><\/td><\/tr><tr><td valign=\"top\"><p>653W64004<\/p><\/td><td valign=\"top\"><p>Fotografijos technologija<\/p><\/td><td valign=\"top\"><p>20<\/p><\/td><td valign=\"top\"><p>Akredituota 6 metams<\/p><\/td><td valign=\"top\"><p>2016-02-12<\/p><\/td><\/tr><tr><td valign=\"top\"><p>653W63002<\/p><\/td><td valign=\"top\"><p>Multimedijos dizainas<\/p><\/td><td valign=\"top\"><p>19<\/p><\/td><td valign=\"top\"><p>Akredituota 6 metams<\/p><\/td><td valign=\"top\"><p>2016-02-12<\/p><\/td><\/tr><tr><td valign=\"top\">653H14007<\/td><td valign=\"top\">Geodezija ir kadastras<\/td><td valign=\"top\">18<\/td><td valign=\"top\">Akredituota 6 metams<\/td><td valign=\"top\">2016-08-08<\/td><\/tr><\/tbody><\/table><p>Studij\u0173 program\u0173 vertinimo i\u0161vados:<br \/><a href=\"https:\/\/wp.adisoft.lt\/vtdko\/wp-content\/uploads\/2022\/10\/termoinzinerija.pdf\" target=\"_blank\" rel=\"noopener\">Termoin\u017einerija<br \/><\/a><a href=\"https:\/\/wp.adisoft.lt\/vtdko\/wp-content\/uploads\/2022\/10\/automobiliu_elektronikos_sitemos.pdf\" target=\"_blank\" rel=\"noopener\">Automobili\u0173 elektronikos sistemos<br \/><\/a><a href=\"https:\/\/wp.adisoft.lt\/vtdko\/wp-content\/uploads\/2022\/10\/elektros_ir_automatikos_inzi_ir_elekt_energetika.pdf\" target=\"_blank\" rel=\"noopener\">Elektros ir automatikos in\u017einerija<br \/><\/a><a href=\"https:\/\/wp.adisoft.lt\/vtdko\/wp-content\/uploads\/2022\/10\/elektros_ir_automatikos_inzi_ir_elekt_energetika-1.pdf\" target=\"_blank\" rel=\"noopener\">Elektros energetika<br \/><\/a><a href=\"https:\/\/wp.adisoft.lt\/vtdko\/wp-content\/uploads\/2022\/10\/riedmenu_eksplo_ir_gelezinkelio_transporto_inzi.pdf\" target=\"_blank\" rel=\"noopener\">Riedmen\u0173 eksploatavimas<br \/><\/a><a href=\"https:\/\/wp.adisoft.lt\/vtdko\/wp-content\/uploads\/2022\/10\/riedmenu_eksplo_ir_gelezinkelio_transporto_inzi-1.pdf\" target=\"_blank\" rel=\"noopener\">Gele\u017einkelio transporto in\u017einerija<br \/><\/a><a href=\"https:\/\/wp.adisoft.lt\/vtdko\/wp-content\/uploads\/2022\/10\/FOTO_technologija_multimedijos_dizainas.pdf\" target=\"_blank\" rel=\"noopener\">Fotografijos technologija<br \/><\/a><a href=\"https:\/\/wp.adisoft.lt\/vtdko\/wp-content\/uploads\/2022\/10\/FOTO_technologija_multimedijos_dizainas-1.pdf\" target=\"_blank\" rel=\"noopener\">Multimedijos dizainas<br \/><\/a><a href=\"https:\/\/wp.adisoft.lt\/vtdko\/wp-content\/uploads\/2022\/10\/SV5-107_VTDK_Geodezija_ir_kadastras-1.pdf\" target=\"_blank\" rel=\"noopener\">Geodezija ir kadastras<\/a><\/p><\/div><div class=\"items-leading clearfix\"><div class=\"leading-8\"><div class=\"item clearfix\">\u00a0<\/div><\/div><\/div>\t\t\t\t\t\t<\/div>\n\t\t\t\t<\/div>\n\t\t\t\t\t<\/div>\n\t\t<\/div>\n\t\t\t\t\t\t\t<\/div>\n\t\t<\/section>\n\t\t\t\t\t\t\t<\/div>\n\t\t","protected":false},"excerpt":{"rendered":"<p>I\u0161orinis studij\u0173 program\u0173 vertinimas Vilniaus technologij\u0173 ir dizaino kolegija \u2013 \u010dia hobis virsta profesija! Valstybinis kodas Programos pavadinimas Bendras (\u012fvertinimas balais) Numatomas sprendimas d\u0117l akreditavimo Studij\u0173 kokyb\u0117s vertinimo centro ra\u0161tas 653E31002 Termoin\u017einerija 18 Akredituota 6 metams 2016-05- 653H61003 Automobili\u0173 elektronikos sistemos 15 Akredituota 3 metams 2016-02-10 653H62011 Elektros ir automatikos in\u017einerija 19 Akredituota 6 metams&#8230;<\/p>\n","protected":false},"author":1,"featured_media":0,"parent":0,"menu_order":0,"comment_status":"closed","ping_status":"closed","template":"","meta":{"inline_featured_image":false,"footnotes":""},"class_list":["post-989044","page","type-page","status-publish","hentry"],"yoast_head":"<!-- This site is optimized with the Yoast SEO plugin v19.12 - https:\/\/yoast.com\/wordpress\/plugins\/seo\/ -->\n<title>2015\u20132016 s. m. Vilniaus technologij\u0173 ir dizaino kolegijos i\u0161orinis studij\u0173 program\u0173 vertinimas - vtdko<\/title>\n<meta name=\"robots\" content=\"noindex, follow, max-snippet:-1, max-image-preview:large, max-video-preview:-1\" \/>\n<meta property=\"og:locale\" content=\"lt_LT\" \/>\n<meta property=\"og:type\" content=\"article\" \/>\n<meta property=\"og:title\" content=\"2015\u20132016 s. m. Vilniaus technologij\u0173 ir dizaino kolegijos i\u0161orinis studij\u0173 program\u0173 vertinimas - vtdko\" \/>\n<meta property=\"og:description\" content=\"I\u0161orinis studij\u0173 program\u0173 vertinimas Vilniaus technologij\u0173 ir dizaino kolegija \u2013 \u010dia hobis virsta profesija! Valstybinis kodas Programos pavadinimas Bendras (\u012fvertinimas balais) Numatomas sprendimas d\u0117l akreditavimo Studij\u0173 kokyb\u0117s vertinimo centro ra\u0161tas 653E31002 Termoin\u017einerija 18 Akredituota 6 metams 2016-05- 653H61003 Automobili\u0173 elektronikos sistemos 15 Akredituota 3 metams 2016-02-10 653H62011 Elektros ir automatikos in\u017einerija 19 Akredituota 6 metams...\" \/>\n<meta property=\"og:url\" content=\"https:\/\/wp.adisoft.lt\/vtdko\/2015-2016-s-m-vilniaus-technologiju-ir-dizaino-kolegijos-isorinis-studiju-programu-vertinimas\/\" \/>\n<meta property=\"og:site_name\" content=\"vtdko\" \/>\n<meta property=\"article:modified_time\" content=\"2022-12-06T19:36:39+00:00\" \/>\n<meta name=\"twitter:card\" content=\"summary_large_image\" \/>\n<meta name=\"twitter:label1\" content=\"Est. reading time\" \/>\n\t<meta name=\"twitter:data1\" content=\"1 minut\u0117\" \/>\n<script type=\"application\/ld+json\" class=\"yoast-schema-graph\">{\"@context\":\"https:\/\/schema.org\",\"@graph\":[{\"@type\":\"WebPage\",\"@id\":\"https:\/\/wp.adisoft.lt\/vtdko\/2015-2016-s-m-vilniaus-technologiju-ir-dizaino-kolegijos-isorinis-studiju-programu-vertinimas\/\",\"url\":\"https:\/\/wp.adisoft.lt\/vtdko\/2015-2016-s-m-vilniaus-technologiju-ir-dizaino-kolegijos-isorinis-studiju-programu-vertinimas\/\",\"name\":\"2015\u20132016 s. m. Vilniaus technologij\u0173 ir dizaino kolegijos i\u0161orinis studij\u0173 program\u0173 vertinimas - vtdko\",\"isPartOf\":{\"@id\":\"https:\/\/wp.adisoft.lt\/vtdko\/#website\"},\"datePublished\":\"2022-10-06T06:03:25+00:00\",\"dateModified\":\"2022-12-06T19:36:39+00:00\",\"breadcrumb\":{\"@id\":\"https:\/\/wp.adisoft.lt\/vtdko\/2015-2016-s-m-vilniaus-technologiju-ir-dizaino-kolegijos-isorinis-studiju-programu-vertinimas\/#breadcrumb\"},\"inLanguage\":\"lt-LT\",\"potentialAction\":[{\"@type\":\"ReadAction\",\"target\":[\"https:\/\/wp.adisoft.lt\/vtdko\/2015-2016-s-m-vilniaus-technologiju-ir-dizaino-kolegijos-isorinis-studiju-programu-vertinimas\/\"]}]},{\"@type\":\"BreadcrumbList\",\"@id\":\"https:\/\/wp.adisoft.lt\/vtdko\/2015-2016-s-m-vilniaus-technologiju-ir-dizaino-kolegijos-isorinis-studiju-programu-vertinimas\/#breadcrumb\",\"itemListElement\":[{\"@type\":\"ListItem\",\"position\":1,\"name\":\"Pagrindinis\",\"item\":\"https:\/\/wp.adisoft.lt\/vtdko\/\"},{\"@type\":\"ListItem\",\"position\":2,\"name\":\"2015\u20132016 s. m. Vilniaus technologij\u0173 ir dizaino kolegijos i\u0161orinis studij\u0173 program\u0173 vertinimas\"}]},{\"@type\":\"WebSite\",\"@id\":\"https:\/\/wp.adisoft.lt\/vtdko\/#website\",\"url\":\"https:\/\/wp.adisoft.lt\/vtdko\/\",\"name\":\"vtdko\",\"description\":\"Vilniaus technologij\u0173 ir dizaino kolegija\",\"publisher\":{\"@id\":\"https:\/\/wp.adisoft.lt\/vtdko\/#organization\"},\"potentialAction\":[{\"@type\":\"SearchAction\",\"target\":{\"@type\":\"EntryPoint\",\"urlTemplate\":\"https:\/\/wp.adisoft.lt\/vtdko\/?s={search_term_string}\"},\"query-input\":\"required name=search_term_string\"}],\"inLanguage\":\"lt-LT\"},{\"@type\":\"Organization\",\"@id\":\"https:\/\/wp.adisoft.lt\/vtdko\/#organization\",\"name\":\"vtdko\",\"url\":\"https:\/\/wp.adisoft.lt\/vtdko\/\",\"logo\":{\"@type\":\"ImageObject\",\"inLanguage\":\"lt-LT\",\"@id\":\"https:\/\/wp.adisoft.lt\/vtdko\/#\/schema\/logo\/image\/\",\"url\":\"https:\/\/wp.adisoft.lt\/vtdko\/wp-content\/uploads\/2020\/02\/Logo-su-tekstu-01.svg\",\"contentUrl\":\"https:\/\/wp.adisoft.lt\/vtdko\/wp-content\/uploads\/2020\/02\/Logo-su-tekstu-01.svg\",\"width\":151,\"height\":74,\"caption\":\"vtdko\"},\"image\":{\"@id\":\"https:\/\/wp.adisoft.lt\/vtdko\/#\/schema\/logo\/image\/\"}}]}<\/script>\n<!-- \/ Yoast SEO plugin. -->","yoast_head_json":{"title":"2015\u20132016 s. m. Vilniaus technologij\u0173 ir dizaino kolegijos i\u0161orinis studij\u0173 program\u0173 vertinimas - vtdko","robots":{"index":"noindex","follow":"follow","max-snippet":"max-snippet:-1","max-image-preview":"max-image-preview:large","max-video-preview":"max-video-preview:-1"},"og_locale":"lt_LT","og_type":"article","og_title":"2015\u20132016 s. m. Vilniaus technologij\u0173 ir dizaino kolegijos i\u0161orinis studij\u0173 program\u0173 vertinimas - vtdko","og_description":"I\u0161orinis studij\u0173 program\u0173 vertinimas Vilniaus technologij\u0173 ir dizaino kolegija \u2013 \u010dia hobis virsta profesija! Valstybinis kodas Programos pavadinimas Bendras (\u012fvertinimas balais) Numatomas sprendimas d\u0117l akreditavimo Studij\u0173 kokyb\u0117s vertinimo centro ra\u0161tas 653E31002 Termoin\u017einerija 18 Akredituota 6 metams 2016-05- 653H61003 Automobili\u0173 elektronikos sistemos 15 Akredituota 3 metams 2016-02-10 653H62011 Elektros ir automatikos in\u017einerija 19 Akredituota 6 metams...","og_url":"https:\/\/wp.adisoft.lt\/vtdko\/2015-2016-s-m-vilniaus-technologiju-ir-dizaino-kolegijos-isorinis-studiju-programu-vertinimas\/","og_site_name":"vtdko","article_modified_time":"2022-12-06T19:36:39+00:00","twitter_card":"summary_large_image","twitter_misc":{"Est. reading time":"1 minut\u0117"},"schema":{"@context":"https:\/\/schema.org","@graph":[{"@type":"WebPage","@id":"https:\/\/wp.adisoft.lt\/vtdko\/2015-2016-s-m-vilniaus-technologiju-ir-dizaino-kolegijos-isorinis-studiju-programu-vertinimas\/","url":"https:\/\/wp.adisoft.lt\/vtdko\/2015-2016-s-m-vilniaus-technologiju-ir-dizaino-kolegijos-isorinis-studiju-programu-vertinimas\/","name":"2015\u20132016 s. m. Vilniaus technologij\u0173 ir dizaino kolegijos i\u0161orinis studij\u0173 program\u0173 vertinimas - vtdko","isPartOf":{"@id":"https:\/\/wp.adisoft.lt\/vtdko\/#website"},"datePublished":"2022-10-06T06:03:25+00:00","dateModified":"2022-12-06T19:36:39+00:00","breadcrumb":{"@id":"https:\/\/wp.adisoft.lt\/vtdko\/2015-2016-s-m-vilniaus-technologiju-ir-dizaino-kolegijos-isorinis-studiju-programu-vertinimas\/#breadcrumb"},"inLanguage":"lt-LT","potentialAction":[{"@type":"ReadAction","target":["https:\/\/wp.adisoft.lt\/vtdko\/2015-2016-s-m-vilniaus-technologiju-ir-dizaino-kolegijos-isorinis-studiju-programu-vertinimas\/"]}]},{"@type":"BreadcrumbList","@id":"https:\/\/wp.adisoft.lt\/vtdko\/2015-2016-s-m-vilniaus-technologiju-ir-dizaino-kolegijos-isorinis-studiju-programu-vertinimas\/#breadcrumb","itemListElement":[{"@type":"ListItem","position":1,"name":"Pagrindinis","item":"https:\/\/wp.adisoft.lt\/vtdko\/"},{"@type":"ListItem","position":2,"name":"2015\u20132016 s. m. Vilniaus technologij\u0173 ir dizaino kolegijos i\u0161orinis studij\u0173 program\u0173 vertinimas"}]},{"@type":"WebSite","@id":"https:\/\/wp.adisoft.lt\/vtdko\/#website","url":"https:\/\/wp.adisoft.lt\/vtdko\/","name":"vtdko","description":"Vilniaus technologij\u0173 ir dizaino kolegija","publisher":{"@id":"https:\/\/wp.adisoft.lt\/vtdko\/#organization"},"potentialAction":[{"@type":"SearchAction","target":{"@type":"EntryPoint","urlTemplate":"https:\/\/wp.adisoft.lt\/vtdko\/?s={search_term_string}"},"query-input":"required name=search_term_string"}],"inLanguage":"lt-LT"},{"@type":"Organization","@id":"https:\/\/wp.adisoft.lt\/vtdko\/#organization","name":"vtdko","url":"https:\/\/wp.adisoft.lt\/vtdko\/","logo":{"@type":"ImageObject","inLanguage":"lt-LT","@id":"https:\/\/wp.adisoft.lt\/vtdko\/#\/schema\/logo\/image\/","url":"https:\/\/wp.adisoft.lt\/vtdko\/wp-content\/uploads\/2020\/02\/Logo-su-tekstu-01.svg","contentUrl":"https:\/\/wp.adisoft.lt\/vtdko\/wp-content\/uploads\/2020\/02\/Logo-su-tekstu-01.svg","width":151,"height":74,"caption":"vtdko"},"image":{"@id":"https:\/\/wp.adisoft.lt\/vtdko\/#\/schema\/logo\/image\/"}}]}},"_links":{"self":[{"href":"https:\/\/wp.adisoft.lt\/vtdko\/wp-json\/wp\/v2\/pages\/989044","targetHints":{"allow":["GET"]}}],"collection":[{"href":"https:\/\/wp.adisoft.lt\/vtdko\/wp-json\/wp\/v2\/pages"}],"about":[{"href":"https:\/\/wp.adisoft.lt\/vtdko\/wp-json\/wp\/v2\/types\/page"}],"author":[{"embeddable":true,"href":"https:\/\/wp.adisoft.lt\/vtdko\/wp-json\/wp\/v2\/users\/1"}],"replies":[{"embeddable":true,"href":"https:\/\/wp.adisoft.lt\/vtdko\/wp-json\/wp\/v2\/comments?post=989044"}],"version-history":[{"count":10,"href":"https:\/\/wp.adisoft.lt\/vtdko\/wp-json\/wp\/v2\/pages\/989044\/revisions"}],"predecessor-version":[{"id":992336,"href":"https:\/\/wp.adisoft.lt\/vtdko\/wp-json\/wp\/v2\/pages\/989044\/revisions\/992336"}],"wp:attachment":[{"href":"https:\/\/wp.adisoft.lt\/vtdko\/wp-json\/wp\/v2\/media?parent=989044"}],"curies":[{"name":"wp","href":"https:\/\/api.w.org\/{rel}","templated":true}]}}