{"id":989045,"date":"2022-10-06T09:03:28","date_gmt":"2022-10-06T06:03:28","guid":{"rendered":"https:\/\/wp.adisoft.lt\/vtdko\/?page_id=989045"},"modified":"2022-12-06T22:35:47","modified_gmt":"2022-12-06T19:35:47","slug":"2014-2015-s-m-vilniaus-technologiju-ir-dizaino-kolegijos-isorinis-studiju-programu-vertinimas","status":"publish","type":"page","link":"https:\/\/wp.adisoft.lt\/vtdko\/2014-2015-s-m-vilniaus-technologiju-ir-dizaino-kolegijos-isorinis-studiju-programu-vertinimas\/","title":{"rendered":"2014\u20132015 s.m. Vilniaus technologij\u0173 ir dizaino kolegijos i\u0161orinis studij\u0173 program\u0173 vertinimas"},"content":{"rendered":"\t\t<div data-elementor-type=\"wp-page\" data-elementor-id=\"989045\" class=\"elementor elementor-989045\">\n\t\t\t\t\t\t\t\t\t<section class=\"elementor-section elementor-top-section elementor-element elementor-element-6a789ab elementor-section-height-min-height elementor-section-boxed elementor-section-height-default elementor-section-items-middle\" data-id=\"6a789ab\" data-element_type=\"section\" data-settings=\"{&quot;background_background&quot;:&quot;classic&quot;,&quot;animation&quot;:&quot;none&quot;}\">\n\t\t\t\t\t\t<div class=\"elementor-container elementor-column-gap-default\">\n\t\t\t\t\t<div class=\"elementor-column elementor-col-100 elementor-top-column elementor-element elementor-element-757e356\" data-id=\"757e356\" data-element_type=\"column\" data-settings=\"{&quot;background_background&quot;:&quot;classic&quot;}\">\n\t\t\t<div class=\"elementor-widget-wrap\">\n\t\t\t\t\t\t\t\t\t<\/div>\n\t\t<\/div>\n\t\t\t\t\t\t\t<\/div>\n\t\t<\/section>\n\t\t\t\t<section class=\"elementor-section elementor-top-section elementor-element elementor-element-bc7e00e elementor-section-boxed elementor-section-height-default elementor-section-height-default\" data-id=\"bc7e00e\" data-element_type=\"section\" data-settings=\"{&quot;animation&quot;:&quot;none&quot;,&quot;animation_tablet&quot;:&quot;none&quot;,&quot;animation_mobile&quot;:&quot;none&quot;}\">\n\t\t\t\t\t\t<div class=\"elementor-container elementor-column-gap-no\">\n\t\t\t\t\t<div class=\"elementor-column elementor-col-50 elementor-top-column elementor-element elementor-element-e2d885c animated-fast elementor-invisible\" data-id=\"e2d885c\" data-element_type=\"column\" data-settings=\"{&quot;background_background&quot;:&quot;classic&quot;,&quot;animation&quot;:&quot;fadeIn&quot;,&quot;animation_delay&quot;:100}\">\n\t\t\t<div class=\"elementor-widget-wrap elementor-element-populated\">\n\t\t\t\t\t\t\t\t<div class=\"elementor-element elementor-element-a0b63ff elementor-widget__width-auto elementor-widget-tablet__width-auto elementor-widget-mobile__width-inherit elementor-widget elementor-widget-heading\" data-id=\"a0b63ff\" data-element_type=\"widget\" data-settings=\"{&quot;_animation&quot;:&quot;none&quot;,&quot;_animation_delay&quot;:200}\" data-widget_type=\"heading.heading_charityfy\">\n\t\t\t\t<div class=\"elementor-widget-container\">\n\t\t\t<h1 class=\"elementor-heading-title elementor-size-default\">I\u0161orinis studij\u0173 program\u0173 vertinimas<\/h1>\t\t<\/div>\n\t\t\t\t<\/div>\n\t\t\t\t<div class=\"elementor-element elementor-element-0fc5709 elementor-widget elementor-widget-text-editor\" data-id=\"0fc5709\" data-element_type=\"widget\" data-settings=\"{&quot;_animation&quot;:&quot;none&quot;,&quot;_animation_delay&quot;:300}\" data-widget_type=\"text-editor.default\">\n\t\t\t\t<div class=\"elementor-widget-container\">\n\t\t\t\t\t\t\t<p>Vilniaus technologij\u0173 ir dizaino kolegija \u2013 \u010dia hobis virsta profesija!<\/p>\t\t\t\t\t\t<\/div>\n\t\t\t\t<\/div>\n\t\t\t\t\t<\/div>\n\t\t<\/div>\n\t\t\t\t<div class=\"elementor-column elementor-col-50 elementor-top-column elementor-element elementor-element-6aa1bf8 elementor-hidden-desktop elementor-hidden-tablet elementor-hidden-phone\" data-id=\"6aa1bf8\" data-element_type=\"column\">\n\t\t\t<div class=\"elementor-widget-wrap\">\n\t\t\t\t\t\t\t\t\t<\/div>\n\t\t<\/div>\n\t\t\t\t\t\t\t<\/div>\n\t\t<\/section>\n\t\t\t\t<section class=\"elementor-section elementor-top-section elementor-element elementor-element-bffa2f1 elementor-section-boxed elementor-section-height-default elementor-section-height-default\" data-id=\"bffa2f1\" data-element_type=\"section\">\n\t\t\t\t\t\t<div class=\"elementor-container elementor-column-gap-default\">\n\t\t\t\t\t<div class=\"elementor-column elementor-col-100 elementor-top-column elementor-element elementor-element-1965a61\" data-id=\"1965a61\" data-element_type=\"column\">\n\t\t\t<div class=\"elementor-widget-wrap elementor-element-populated\">\n\t\t\t\t\t\t\t\t\t<\/div>\n\t\t<\/div>\n\t\t\t\t\t\t\t<\/div>\n\t\t<\/section>\n\t\t\t\t<section class=\"elementor-section elementor-top-section elementor-element elementor-element-a9a2f22 elementor-section-boxed elementor-section-height-default elementor-section-height-default\" data-id=\"a9a2f22\" data-element_type=\"section\">\n\t\t\t\t\t\t<div class=\"elementor-container elementor-column-gap-default\">\n\t\t\t\t\t<div class=\"elementor-column elementor-col-100 elementor-top-column elementor-element elementor-element-7019d4d\" data-id=\"7019d4d\" data-element_type=\"column\">\n\t\t\t<div class=\"elementor-widget-wrap elementor-element-populated\">\n\t\t\t\t\t\t\t\t<div class=\"elementor-element elementor-element-4594e77 partner-table-wrapper elementor-widget elementor-widget-text-editor\" data-id=\"4594e77\" data-element_type=\"widget\" data-widget_type=\"text-editor.default\">\n\t\t\t\t<div class=\"elementor-widget-container\">\n\t\t\t\t\t\t\t<div class=\"category-desc clearfix\"><p>2014-2015 s.m. Studij\u0173 kokyb\u0117s vertinimo centras atliko Mechanini\u0173 technologij\u0173 in\u017einerijos studij\u0173 programos vertinim\u0105.<\/p><table class=\"table\"><tbody><tr><td><strong>Valstybinis kodas<\/strong><\/td><td><strong>Programos pavadinimas<\/strong><\/td><td><strong>Bendras \u012fvertinimas (balais)<\/strong><\/td><td><strong>Numatomas sprendimas d\u0117l akreditavimo<\/strong><\/td><td><strong>Studij\u0173 kokyb\u0117s vertinimo centro ra\u0161tas<\/strong><\/td><\/tr><tr><td>653H30002<\/td><td><em>Mechanini\u0173 technologij\u0173 in\u017einerija<\/em><\/td><td>21<\/td><td>akredituota 6 metams<\/td><td>2015-05-21<br \/>Nr. SV5-63<\/td><\/tr><\/tbody><\/table><p>Studij\u0173 programos vertinimo i\u0161vados:<\/p><p><a href=\"https:\/\/wp.adisoft.lt\/vtdko\/wp-content\/uploads\/2022\/10\/Mechaniniu_technologiju_inzinerija.pdf\" target=\"_blank\" rel=\"noopener\">Mechanini\u0173 technologij\u0173 in\u017einerija<\/a><\/p><\/div><div class=\"items-leading clearfix\"><div class=\"leading-8\"><div class=\"item clearfix\">\u00a0<\/div><\/div><\/div>\t\t\t\t\t\t<\/div>\n\t\t\t\t<\/div>\n\t\t\t\t\t<\/div>\n\t\t<\/div>\n\t\t\t\t\t\t\t<\/div>\n\t\t<\/section>\n\t\t\t\t\t\t\t<\/div>\n\t\t","protected":false},"excerpt":{"rendered":"<p>I\u0161orinis studij\u0173 program\u0173 vertinimas Vilniaus technologij\u0173 ir dizaino kolegija \u2013 \u010dia hobis virsta profesija! 2014-2015 s.m. Studij\u0173 kokyb\u0117s vertinimo centras atliko Mechanini\u0173 technologij\u0173 in\u017einerijos studij\u0173 programos vertinim\u0105. Valstybinis kodas Programos pavadinimas Bendras \u012fvertinimas (balais) Numatomas sprendimas d\u0117l akreditavimo Studij\u0173 kokyb\u0117s vertinimo centro ra\u0161tas 653H30002 Mechanini\u0173 technologij\u0173 in\u017einerija 21 akredituota 6 metams 2015-05-21Nr. SV5-63 Studij\u0173 programos&#8230;<\/p>\n","protected":false},"author":1,"featured_media":0,"parent":0,"menu_order":0,"comment_status":"closed","ping_status":"closed","template":"","meta":{"inline_featured_image":false,"footnotes":""},"class_list":["post-989045","page","type-page","status-publish","hentry"],"yoast_head":"<!-- This site is optimized with the Yoast SEO plugin v19.12 - https:\/\/yoast.com\/wordpress\/plugins\/seo\/ -->\n<title>2014\u20132015 s.m. Vilniaus technologij\u0173 ir dizaino kolegijos i\u0161orinis studij\u0173 program\u0173 vertinimas - vtdko<\/title>\n<meta name=\"robots\" content=\"noindex, follow, max-snippet:-1, max-image-preview:large, max-video-preview:-1\" \/>\n<meta property=\"og:locale\" content=\"lt_LT\" \/>\n<meta property=\"og:type\" content=\"article\" \/>\n<meta property=\"og:title\" content=\"2014\u20132015 s.m. Vilniaus technologij\u0173 ir dizaino kolegijos i\u0161orinis studij\u0173 program\u0173 vertinimas - vtdko\" \/>\n<meta property=\"og:description\" content=\"I\u0161orinis studij\u0173 program\u0173 vertinimas Vilniaus technologij\u0173 ir dizaino kolegija \u2013 \u010dia hobis virsta profesija! 2014-2015 s.m. Studij\u0173 kokyb\u0117s vertinimo centras atliko Mechanini\u0173 technologij\u0173 in\u017einerijos studij\u0173 programos vertinim\u0105. Valstybinis kodas Programos pavadinimas Bendras \u012fvertinimas (balais) Numatomas sprendimas d\u0117l akreditavimo Studij\u0173 kokyb\u0117s vertinimo centro ra\u0161tas 653H30002 Mechanini\u0173 technologij\u0173 in\u017einerija 21 akredituota 6 metams 2015-05-21Nr. SV5-63 Studij\u0173 programos...\" \/>\n<meta property=\"og:url\" content=\"https:\/\/wp.adisoft.lt\/vtdko\/2014-2015-s-m-vilniaus-technologiju-ir-dizaino-kolegijos-isorinis-studiju-programu-vertinimas\/\" \/>\n<meta property=\"og:site_name\" content=\"vtdko\" \/>\n<meta property=\"article:modified_time\" content=\"2022-12-06T19:35:47+00:00\" \/>\n<meta name=\"twitter:card\" content=\"summary_large_image\" \/>\n<script type=\"application\/ld+json\" class=\"yoast-schema-graph\">{\"@context\":\"https:\/\/schema.org\",\"@graph\":[{\"@type\":\"WebPage\",\"@id\":\"https:\/\/wp.adisoft.lt\/vtdko\/2014-2015-s-m-vilniaus-technologiju-ir-dizaino-kolegijos-isorinis-studiju-programu-vertinimas\/\",\"url\":\"https:\/\/wp.adisoft.lt\/vtdko\/2014-2015-s-m-vilniaus-technologiju-ir-dizaino-kolegijos-isorinis-studiju-programu-vertinimas\/\",\"name\":\"2014\u20132015 s.m. Vilniaus technologij\u0173 ir dizaino kolegijos i\u0161orinis studij\u0173 program\u0173 vertinimas - vtdko\",\"isPartOf\":{\"@id\":\"https:\/\/wp.adisoft.lt\/vtdko\/#website\"},\"datePublished\":\"2022-10-06T06:03:28+00:00\",\"dateModified\":\"2022-12-06T19:35:47+00:00\",\"breadcrumb\":{\"@id\":\"https:\/\/wp.adisoft.lt\/vtdko\/2014-2015-s-m-vilniaus-technologiju-ir-dizaino-kolegijos-isorinis-studiju-programu-vertinimas\/#breadcrumb\"},\"inLanguage\":\"lt-LT\",\"potentialAction\":[{\"@type\":\"ReadAction\",\"target\":[\"https:\/\/wp.adisoft.lt\/vtdko\/2014-2015-s-m-vilniaus-technologiju-ir-dizaino-kolegijos-isorinis-studiju-programu-vertinimas\/\"]}]},{\"@type\":\"BreadcrumbList\",\"@id\":\"https:\/\/wp.adisoft.lt\/vtdko\/2014-2015-s-m-vilniaus-technologiju-ir-dizaino-kolegijos-isorinis-studiju-programu-vertinimas\/#breadcrumb\",\"itemListElement\":[{\"@type\":\"ListItem\",\"position\":1,\"name\":\"Pagrindinis\",\"item\":\"https:\/\/wp.adisoft.lt\/vtdko\/\"},{\"@type\":\"ListItem\",\"position\":2,\"name\":\"2014\u20132015 s.m. Vilniaus technologij\u0173 ir dizaino kolegijos i\u0161orinis studij\u0173 program\u0173 vertinimas\"}]},{\"@type\":\"WebSite\",\"@id\":\"https:\/\/wp.adisoft.lt\/vtdko\/#website\",\"url\":\"https:\/\/wp.adisoft.lt\/vtdko\/\",\"name\":\"vtdko\",\"description\":\"Vilniaus technologij\u0173 ir dizaino kolegija\",\"publisher\":{\"@id\":\"https:\/\/wp.adisoft.lt\/vtdko\/#organization\"},\"potentialAction\":[{\"@type\":\"SearchAction\",\"target\":{\"@type\":\"EntryPoint\",\"urlTemplate\":\"https:\/\/wp.adisoft.lt\/vtdko\/?s={search_term_string}\"},\"query-input\":\"required name=search_term_string\"}],\"inLanguage\":\"lt-LT\"},{\"@type\":\"Organization\",\"@id\":\"https:\/\/wp.adisoft.lt\/vtdko\/#organization\",\"name\":\"vtdko\",\"url\":\"https:\/\/wp.adisoft.lt\/vtdko\/\",\"logo\":{\"@type\":\"ImageObject\",\"inLanguage\":\"lt-LT\",\"@id\":\"https:\/\/wp.adisoft.lt\/vtdko\/#\/schema\/logo\/image\/\",\"url\":\"https:\/\/wp.adisoft.lt\/vtdko\/wp-content\/uploads\/2020\/02\/Logo-su-tekstu-01.svg\",\"contentUrl\":\"https:\/\/wp.adisoft.lt\/vtdko\/wp-content\/uploads\/2020\/02\/Logo-su-tekstu-01.svg\",\"width\":151,\"height\":74,\"caption\":\"vtdko\"},\"image\":{\"@id\":\"https:\/\/wp.adisoft.lt\/vtdko\/#\/schema\/logo\/image\/\"}}]}<\/script>\n<!-- \/ Yoast SEO plugin. -->","yoast_head_json":{"title":"2014\u20132015 s.m. Vilniaus technologij\u0173 ir dizaino kolegijos i\u0161orinis studij\u0173 program\u0173 vertinimas - vtdko","robots":{"index":"noindex","follow":"follow","max-snippet":"max-snippet:-1","max-image-preview":"max-image-preview:large","max-video-preview":"max-video-preview:-1"},"og_locale":"lt_LT","og_type":"article","og_title":"2014\u20132015 s.m. Vilniaus technologij\u0173 ir dizaino kolegijos i\u0161orinis studij\u0173 program\u0173 vertinimas - vtdko","og_description":"I\u0161orinis studij\u0173 program\u0173 vertinimas Vilniaus technologij\u0173 ir dizaino kolegija \u2013 \u010dia hobis virsta profesija! 2014-2015 s.m. Studij\u0173 kokyb\u0117s vertinimo centras atliko Mechanini\u0173 technologij\u0173 in\u017einerijos studij\u0173 programos vertinim\u0105. Valstybinis kodas Programos pavadinimas Bendras \u012fvertinimas (balais) Numatomas sprendimas d\u0117l akreditavimo Studij\u0173 kokyb\u0117s vertinimo centro ra\u0161tas 653H30002 Mechanini\u0173 technologij\u0173 in\u017einerija 21 akredituota 6 metams 2015-05-21Nr. SV5-63 Studij\u0173 programos...","og_url":"https:\/\/wp.adisoft.lt\/vtdko\/2014-2015-s-m-vilniaus-technologiju-ir-dizaino-kolegijos-isorinis-studiju-programu-vertinimas\/","og_site_name":"vtdko","article_modified_time":"2022-12-06T19:35:47+00:00","twitter_card":"summary_large_image","schema":{"@context":"https:\/\/schema.org","@graph":[{"@type":"WebPage","@id":"https:\/\/wp.adisoft.lt\/vtdko\/2014-2015-s-m-vilniaus-technologiju-ir-dizaino-kolegijos-isorinis-studiju-programu-vertinimas\/","url":"https:\/\/wp.adisoft.lt\/vtdko\/2014-2015-s-m-vilniaus-technologiju-ir-dizaino-kolegijos-isorinis-studiju-programu-vertinimas\/","name":"2014\u20132015 s.m. Vilniaus technologij\u0173 ir dizaino kolegijos i\u0161orinis studij\u0173 program\u0173 vertinimas - vtdko","isPartOf":{"@id":"https:\/\/wp.adisoft.lt\/vtdko\/#website"},"datePublished":"2022-10-06T06:03:28+00:00","dateModified":"2022-12-06T19:35:47+00:00","breadcrumb":{"@id":"https:\/\/wp.adisoft.lt\/vtdko\/2014-2015-s-m-vilniaus-technologiju-ir-dizaino-kolegijos-isorinis-studiju-programu-vertinimas\/#breadcrumb"},"inLanguage":"lt-LT","potentialAction":[{"@type":"ReadAction","target":["https:\/\/wp.adisoft.lt\/vtdko\/2014-2015-s-m-vilniaus-technologiju-ir-dizaino-kolegijos-isorinis-studiju-programu-vertinimas\/"]}]},{"@type":"BreadcrumbList","@id":"https:\/\/wp.adisoft.lt\/vtdko\/2014-2015-s-m-vilniaus-technologiju-ir-dizaino-kolegijos-isorinis-studiju-programu-vertinimas\/#breadcrumb","itemListElement":[{"@type":"ListItem","position":1,"name":"Pagrindinis","item":"https:\/\/wp.adisoft.lt\/vtdko\/"},{"@type":"ListItem","position":2,"name":"2014\u20132015 s.m. Vilniaus technologij\u0173 ir dizaino kolegijos i\u0161orinis studij\u0173 program\u0173 vertinimas"}]},{"@type":"WebSite","@id":"https:\/\/wp.adisoft.lt\/vtdko\/#website","url":"https:\/\/wp.adisoft.lt\/vtdko\/","name":"vtdko","description":"Vilniaus technologij\u0173 ir dizaino kolegija","publisher":{"@id":"https:\/\/wp.adisoft.lt\/vtdko\/#organization"},"potentialAction":[{"@type":"SearchAction","target":{"@type":"EntryPoint","urlTemplate":"https:\/\/wp.adisoft.lt\/vtdko\/?s={search_term_string}"},"query-input":"required name=search_term_string"}],"inLanguage":"lt-LT"},{"@type":"Organization","@id":"https:\/\/wp.adisoft.lt\/vtdko\/#organization","name":"vtdko","url":"https:\/\/wp.adisoft.lt\/vtdko\/","logo":{"@type":"ImageObject","inLanguage":"lt-LT","@id":"https:\/\/wp.adisoft.lt\/vtdko\/#\/schema\/logo\/image\/","url":"https:\/\/wp.adisoft.lt\/vtdko\/wp-content\/uploads\/2020\/02\/Logo-su-tekstu-01.svg","contentUrl":"https:\/\/wp.adisoft.lt\/vtdko\/wp-content\/uploads\/2020\/02\/Logo-su-tekstu-01.svg","width":151,"height":74,"caption":"vtdko"},"image":{"@id":"https:\/\/wp.adisoft.lt\/vtdko\/#\/schema\/logo\/image\/"}}]}},"_links":{"self":[{"href":"https:\/\/wp.adisoft.lt\/vtdko\/wp-json\/wp\/v2\/pages\/989045","targetHints":{"allow":["GET"]}}],"collection":[{"href":"https:\/\/wp.adisoft.lt\/vtdko\/wp-json\/wp\/v2\/pages"}],"about":[{"href":"https:\/\/wp.adisoft.lt\/vtdko\/wp-json\/wp\/v2\/types\/page"}],"author":[{"embeddable":true,"href":"https:\/\/wp.adisoft.lt\/vtdko\/wp-json\/wp\/v2\/users\/1"}],"replies":[{"embeddable":true,"href":"https:\/\/wp.adisoft.lt\/vtdko\/wp-json\/wp\/v2\/comments?post=989045"}],"version-history":[{"count":13,"href":"https:\/\/wp.adisoft.lt\/vtdko\/wp-json\/wp\/v2\/pages\/989045\/revisions"}],"predecessor-version":[{"id":992333,"href":"https:\/\/wp.adisoft.lt\/vtdko\/wp-json\/wp\/v2\/pages\/989045\/revisions\/992333"}],"wp:attachment":[{"href":"https:\/\/wp.adisoft.lt\/vtdko\/wp-json\/wp\/v2\/media?parent=989045"}],"curies":[{"name":"wp","href":"https:\/\/api.w.org\/{rel}","templated":true}]}}