{"id":989048,"date":"2022-10-06T09:03:39","date_gmt":"2022-10-06T06:03:39","guid":{"rendered":"https:\/\/wp.adisoft.lt\/vtdko\/?page_id=989048"},"modified":"2022-12-06T22:31:41","modified_gmt":"2022-12-06T19:31:41","slug":"2011-2012-s-m-akredituotos-vilniaus-technologiju-ir-dizaino-kolegijos-studiju-programos","status":"publish","type":"page","link":"https:\/\/wp.adisoft.lt\/vtdko\/2011-2012-s-m-akredituotos-vilniaus-technologiju-ir-dizaino-kolegijos-studiju-programos\/","title":{"rendered":"2011\u20132012 s.m. Vilniaus technologij\u0173 ir dizaino kolegijos i\u0161orinis studij\u0173 program\u0173 vertinimas"},"content":{"rendered":"\t\t<div data-elementor-type=\"wp-page\" data-elementor-id=\"989048\" class=\"elementor elementor-989048\">\n\t\t\t\t\t\t\t\t\t<section class=\"elementor-section elementor-top-section elementor-element elementor-element-2f806dd elementor-section-height-min-height elementor-section-boxed elementor-section-height-default elementor-section-items-middle\" data-id=\"2f806dd\" data-element_type=\"section\" data-settings=\"{&quot;background_background&quot;:&quot;classic&quot;,&quot;animation&quot;:&quot;none&quot;}\">\n\t\t\t\t\t\t<div class=\"elementor-container elementor-column-gap-default\">\n\t\t\t\t\t<div class=\"elementor-column elementor-col-100 elementor-top-column elementor-element elementor-element-971edac\" data-id=\"971edac\" data-element_type=\"column\" data-settings=\"{&quot;background_background&quot;:&quot;classic&quot;}\">\n\t\t\t<div class=\"elementor-widget-wrap\">\n\t\t\t\t\t\t\t\t\t<\/div>\n\t\t<\/div>\n\t\t\t\t\t\t\t<\/div>\n\t\t<\/section>\n\t\t\t\t<section class=\"elementor-section elementor-top-section elementor-element elementor-element-900ac03 elementor-section-boxed elementor-section-height-default elementor-section-height-default\" data-id=\"900ac03\" data-element_type=\"section\" data-settings=\"{&quot;animation&quot;:&quot;none&quot;,&quot;animation_tablet&quot;:&quot;none&quot;,&quot;animation_mobile&quot;:&quot;none&quot;}\">\n\t\t\t\t\t\t<div class=\"elementor-container elementor-column-gap-no\">\n\t\t\t\t\t<div class=\"elementor-column elementor-col-50 elementor-top-column elementor-element elementor-element-09e7910 animated-fast elementor-invisible\" data-id=\"09e7910\" data-element_type=\"column\" data-settings=\"{&quot;background_background&quot;:&quot;classic&quot;,&quot;animation&quot;:&quot;fadeIn&quot;,&quot;animation_delay&quot;:100}\">\n\t\t\t<div class=\"elementor-widget-wrap elementor-element-populated\">\n\t\t\t\t\t\t\t\t<div class=\"elementor-element elementor-element-7d8895c elementor-widget__width-auto elementor-widget-tablet__width-auto elementor-widget-mobile__width-inherit elementor-widget elementor-widget-heading\" data-id=\"7d8895c\" data-element_type=\"widget\" data-settings=\"{&quot;_animation&quot;:&quot;none&quot;,&quot;_animation_delay&quot;:200}\" data-widget_type=\"heading.heading_charityfy\">\n\t\t\t\t<div class=\"elementor-widget-container\">\n\t\t\t<h1 class=\"elementor-heading-title elementor-size-default\">I\u0161orinis studij\u0173 program\u0173 vertinimas<\/h1>\t\t<\/div>\n\t\t\t\t<\/div>\n\t\t\t\t<div class=\"elementor-element elementor-element-0ab83cf elementor-widget elementor-widget-text-editor\" data-id=\"0ab83cf\" data-element_type=\"widget\" data-settings=\"{&quot;_animation&quot;:&quot;none&quot;,&quot;_animation_delay&quot;:300}\" data-widget_type=\"text-editor.default\">\n\t\t\t\t<div class=\"elementor-widget-container\">\n\t\t\t\t\t\t\t<p>Vilniaus technologij\u0173 ir dizaino kolegija \u2013 \u010dia hobis virsta profesija!<\/p>\t\t\t\t\t\t<\/div>\n\t\t\t\t<\/div>\n\t\t\t\t\t<\/div>\n\t\t<\/div>\n\t\t\t\t<div class=\"elementor-column elementor-col-50 elementor-top-column elementor-element elementor-element-166af4c elementor-hidden-desktop elementor-hidden-tablet elementor-hidden-phone\" data-id=\"166af4c\" data-element_type=\"column\">\n\t\t\t<div class=\"elementor-widget-wrap\">\n\t\t\t\t\t\t\t\t\t<\/div>\n\t\t<\/div>\n\t\t\t\t\t\t\t<\/div>\n\t\t<\/section>\n\t\t\t\t<section class=\"elementor-section elementor-top-section elementor-element elementor-element-bffa2f1 elementor-section-boxed elementor-section-height-default elementor-section-height-default\" data-id=\"bffa2f1\" data-element_type=\"section\">\n\t\t\t\t\t\t<div class=\"elementor-container elementor-column-gap-default\">\n\t\t\t\t\t<div class=\"elementor-column elementor-col-100 elementor-top-column elementor-element elementor-element-1965a61\" data-id=\"1965a61\" data-element_type=\"column\">\n\t\t\t<div class=\"elementor-widget-wrap elementor-element-populated\">\n\t\t\t\t\t\t\t\t\t<\/div>\n\t\t<\/div>\n\t\t\t\t\t\t\t<\/div>\n\t\t<\/section>\n\t\t\t\t<section class=\"elementor-section elementor-top-section elementor-element elementor-element-a9a2f22 elementor-section-boxed elementor-section-height-default elementor-section-height-default\" data-id=\"a9a2f22\" data-element_type=\"section\">\n\t\t\t\t\t\t<div class=\"elementor-container elementor-column-gap-default\">\n\t\t\t\t\t<div class=\"elementor-column elementor-col-100 elementor-top-column elementor-element elementor-element-7019d4d\" data-id=\"7019d4d\" data-element_type=\"column\">\n\t\t\t<div class=\"elementor-widget-wrap elementor-element-populated\">\n\t\t\t\t\t\t\t\t<div class=\"elementor-element elementor-element-4594e77 partner-table-wrapper elementor-widget elementor-widget-text-editor\" data-id=\"4594e77\" data-element_type=\"widget\" data-widget_type=\"text-editor.default\">\n\t\t\t\t<div class=\"elementor-widget-container\">\n\t\t\t\t\t\t\t<p>2011-2012 s.m. Studij\u0173 kokyb\u0117s vertinimo centras atliko ketinam\u0173 vykdyti Elektros ir automatikos in\u017einerijos, Transporto logistikos, Riedmen\u0173 eksploatavimo, Mechanini\u0173 technologij\u0173 in\u017einerijos, Gele\u017einkelio transporto in\u017einerijos, Geodezijos ir kadastro, Fotografijos technologijos, Multimedijos dizaino, Statybos, Statini\u0173 in\u017einerini\u0173 sistem\u0173, Ma\u0161in\u0173 mechanizm\u0173 modeliavimo, Automobili\u0173 elektronikos sistem\u0173, Termoin\u017einerijos studij\u0173 program\u0173 vertinim\u0105.<\/p><p>Visos studij\u0173 programos \u012fvertintos ir akredituotos 3 studij\u0173 metams.<\/p><table class=\"table\"><tbody><tr><td><strong>Studij\u0173 programos valstybinis kodas<\/strong><\/td><td><strong>Studij\u0173 programos pavadinimas<\/strong><\/td><td><strong>Akreditacijos terminas<\/strong><\/td><td><strong>Studij\u0173 kokyb\u0117s vertinimo centro ra\u0161tas<\/strong><\/td><\/tr><tr><td>653H62011<\/td><td>Elektros ir automatikos in\u017einerija<\/td><td><strong>Akredituota 3 studij\u0173 metams<\/strong><\/td><td>2012-01-04<br \/><strong>Nr. SV2-1<\/strong><\/td><\/tr><tr><td>653H30002<\/td><td>Mechanini\u0173 technologij\u0173 in\u017einerija<\/td><td><strong>Akredituota 3 studij\u0173 metams<\/strong><\/td><td>2012-01-04<br \/><strong>Nr. SV2-3<\/strong><\/td><\/tr><tr><td>653E22004<\/td><td>Gele\u017einkelio transporto in\u017einerija<\/td><td><strong>Akredituota 3 studij\u0173 metams<\/strong><\/td><td>2012-01-04<br \/><strong>Nr. SV2-9<\/strong><\/td><\/tr><tr><td>653N27002<\/td><td>Transporto logistika<\/td><td><strong>Akredituota 3 studij\u0173 metams<\/strong><\/td><td>2012-01-04<br \/><strong>Nr. SV2-13<\/strong><\/td><\/tr><tr><td>653E22005<\/td><td>Riedmen\u0173 eksploatavimas<\/td><td><strong>Akredituota 3 studij\u0173 metams<\/strong><\/td><td>2012-01-04<br \/><strong>Nr. SV2-10<\/strong><\/td><\/tr><tr><td>653H14007<\/td><td>Geodezija ir kadastras<\/td><td><strong>Akredituota 3 studij\u0173 metams<\/strong><\/td><td>2012-01-04<br \/><strong>Nr. SV2-2<\/strong><\/td><\/tr><tr><td>653W64004<\/td><td>Fotografijos technologija<\/td><td><strong>Akredituota 3 studij\u0173 metams<\/strong><\/td><td>2012-01-25<br \/><strong>Nr. SV2-34<\/strong><\/td><\/tr><tr><td>653W63002<\/td><td>Multimedijos dizainas<\/td><td><strong>Akredituota 3 studij\u0173 metams<\/strong><\/td><td>2012-01-25<br \/><strong>Nr. SV2-35<\/strong><\/td><\/tr><tr><td>653H21004<\/td><td>Statyba<\/td><td><strong>Akredituota 3 studij\u0173 metams<\/strong><\/td><td>2012-01-19<br \/><strong>Nr. SV2-24<\/strong><\/td><\/tr><tr><td>653H24004<\/td><td>Statini\u0173 in\u017einerin\u0117s sistemos<\/td><td><strong>Akredituota 3 studij\u0173 metams<\/strong><\/td><td>2012-01-19<br \/><strong>Nr. SV2-23<\/strong><\/td><\/tr><tr><td>653H30003<\/td><td>Ma\u0161in\u0173 mechanizm\u0173 modeliavimas<\/td><td><strong>Akredituota 3 studij\u0173 metams<\/strong><\/td><td>2012-04-30<br \/><strong>Nr. SV2-158<\/strong><\/td><\/tr><tr><td>653H61003<\/td><td>Automobili\u0173 elektronikos sistemos<\/td><td><strong>Akredituota 3 studij\u0173 metams<\/strong><\/td><td>2012-04-30<br \/><strong>Nr. SV2-157<\/strong><\/td><\/tr><tr><td>653E31002<\/td><td>Termoin\u017einerija<\/td><td><strong>Akredituota 3 studij\u0173 metams<\/strong><\/td><td>2012-05-09<br \/><strong>Nr. SV2-170<\/strong><\/td><\/tr><\/tbody><\/table><p>Vilniaus technologij\u0173 ir dizaino kolegija vykd\u0117 \u0161i\u0173 projekt\u0173 veiklas:<\/p><ol><li>\u201eIn\u017einerijos studij\u0173 kryp\u010di\u0173 grup\u0117s studij\u0173 program\u0173 \u201eElektros ir automatikos in\u017einerija\u201c ir \u201eGele\u017einkelio transporto in\u017einerija\u201c bei Socialini\u0173 moksl\u0173 srities studij\u0173 programos<\/li><li>\u201eTransporto logistika\u201c atnaujinimas\u201c, projekto kodas Nr. VP1-2.2-\u0160MM-07-K-01-049;<\/li><li>\u201eStudij\u0173 kokyb\u0117s tobulinimas, atnaujinant technologini\u0173 studij\u0173 programas: \u201eTermoin\u017einerija\u201c, \u201eMechanini\u0173 technologij\u0173 in\u017einerija\u201c ir \u201eRiedmen\u0173 eksploatavimas\u201c, projekto kodas Nr. VP1-2.2-\u0160MM-07-K-01-090;<\/li><li>\u201eDizaino ir nauj\u0173j\u0173 medij\u0173 studij\u0173 kokyb\u0117s tobulinimas&#8221;, projekto kodas Nr. VP1-2.2-\u0160MM-07-K-01-122;<\/li><li>\u201eIn\u017einerijos studij\u0173 krypties program\u0173 atnaujinimas diegiant inovatyvius mokymo(si) metodus ir skatinant tarptauti\u0161kum\u0105\u201c projekto kodas Nr. VP1-2.2-\u0160MM-07-K-01-120<\/li><\/ol><p>Vykdant \u0161iuos projektus atliktas studij\u0173 program\u0173: \u201eElektros ir automatikos in\u017einerija\u201c, \u201eGele\u017einkelio transporto in\u017einerija\u201c, \u201eTransporto logistika\u201c, \u201eTermoin\u017einerija\u201c, \u201eMechanini\u0173 technologij\u0173 in\u017einerija\u201c, \u201e Statyba\u201c, \u201eStatini\u0173 in\u017einerin\u0117s sistemos\u201c, \u201eRiedmen\u0173 eksploatavimas\u201c, \u201eMultimedijos dizainas\u201c, \u201eFotografijos technologijos\u201c tarptautinis vertinimas.<br \/><br \/>Studij\u0173 programas vertino auk\u0161tojo mokslo kokyb\u0117s vertinimo agent\u016bros, \u012ftrauktos \u012f Europos auk\u0161tojo mokslo kokyb\u0117s u\u017etikrinimo agent\u016br\u0173 registr\u0105, EVALAG (Vokietija) ekspert\u0173 komisijos.<\/p><p>\u0160.m. sausio \u2013 kovo m\u0117n. ekspert\u0173 grup\u0117s lank\u0117si Vilniaus technologij\u0173 ir dizaino kolegijoje, susitiko su program\u0173 savianaliz\u0117s rengimo grup\u0117mis, studentais, d\u0117stytojais ir darbdaviais.<br \/>Atlik\u0119 program\u0173 i\u0161orin\u012f vertinim\u0105, ekspertai pateik\u0117 vertinimo i\u0161vadas.<br \/>Studij\u0173 programos: \u201eElektros ir automatikos in\u017einerija\u201c, \u201eGele\u017einkelio transporto in\u017einerija\u201c, \u201eTransporto logistika\u201c, \u201eTermoin\u017einerija\u201c, \u201eMechanini\u0173 technologij\u0173 in\u017einerija\u201c, \u201eRiedmen\u0173 eksploatavimas\u201c, \u201e Statyba\u201c, \u201eStatini\u0173 in\u017einerin\u0117s sistemos\u201c \u012fvertintos teigiamai ir akredituotos trejiems su puse met\u0173, t.y. iki 2015 m. rugpj\u016b\u010dio 31 d. Studij\u0173 programoms suteiktas auk\u0161tojo mokslo kokyb\u0117s vertinimo agent\u016bros EVALAG sertifikatas ir teis\u0117 \u017eym\u0117ti \u0161ias programas EVALAG \u017eenklu.<\/p><p>Studij\u0173 programos: \u201eMultimedijos dizainas\u201c, \u201eFotografijos technologijos\u201c \u012fvertintos teigiamai ir akredituotos vieneriems metams, t.y. iki 2013 m. kovo 31 d.<\/p><p>Studij\u0173 kokyb\u0117s vertinimo agent\u016bros i\u0161vados &#8211; reik\u0161mingas \u012frodymas Lietuvos ir u\u017esienio studentams apie vykdom\u0173 studij\u0173 kokyb\u0119, didinantis studij\u0173 programos patrauklum\u0105 i\u0161 u\u017esienio atvykstantiems studentams.<\/p><p>EVALAG (Vokietija) ekspert\u0173 komisijos vertinimo i\u0161vados \u0161ioms studij\u0173 programoms:<\/p><p><a href=\"https:\/\/wp.adisoft.lt\/vtdko\/wp-content\/uploads\/2022\/10\/Buiding_Engineering_Systems.pdf\" target=\"_blank\" rel=\"noopener\">Building Engineering Systems<\/a><\/p><p><a href=\"https:\/\/wp.adisoft.lt\/vtdko\/wp-content\/uploads\/2022\/10\/Rolling_Stock_Operation.pdf\" target=\"_blank\" rel=\"noopener\">Rolling Stock Operation<\/a><\/p><p><a href=\"https:\/\/wp.adisoft.lt\/vtdko\/wp-content\/uploads\/2022\/10\/Transportation_Logistics.pdf\" target=\"_blank\" rel=\"noopener\">Transportation Logistics<\/a><\/p><p><a href=\"https:\/\/wp.adisoft.lt\/vtdko\/wp-content\/uploads\/2022\/10\/Railway_Transportation_Engineering.pdf\" target=\"_blank\" rel=\"noopener\">Railway Transportation Engineering<\/a><\/p><p><a href=\"https:\/\/wp.adisoft.lt\/vtdko\/wp-content\/uploads\/2022\/10\/Electrical_and_Automation_Engineering.pdf\" target=\"_blank\" rel=\"noopener\">Electrical and Automation Engineering<\/a><\/p><p><a href=\"https:\/\/wp.adisoft.lt\/vtdko\/wp-content\/uploads\/2022\/10\/Mechanical_Technology_Engineering.pdf\" target=\"_blank\" rel=\"noopener\">Mechanical Technology Engineering<\/a><\/p><p><a href=\"https:\/\/wp.adisoft.lt\/vtdko\/wp-content\/uploads\/2022\/10\/Thermal_Engineering.pdf\" target=\"_blank\" rel=\"noopener\">Thermal Engineering<\/a><\/p>\t\t\t\t\t\t<\/div>\n\t\t\t\t<\/div>\n\t\t\t\t\t<\/div>\n\t\t<\/div>\n\t\t\t\t\t\t\t<\/div>\n\t\t<\/section>\n\t\t\t\t\t\t\t<\/div>\n\t\t","protected":false},"excerpt":{"rendered":"<p>I\u0161orinis studij\u0173 program\u0173 vertinimas Vilniaus technologij\u0173 ir dizaino kolegija \u2013 \u010dia hobis virsta profesija! 2011-2012 s.m. Studij\u0173 kokyb\u0117s vertinimo centras atliko ketinam\u0173 vykdyti Elektros ir automatikos in\u017einerijos, Transporto logistikos, Riedmen\u0173 eksploatavimo, Mechanini\u0173 technologij\u0173 in\u017einerijos, Gele\u017einkelio transporto in\u017einerijos, Geodezijos ir kadastro, Fotografijos technologijos, Multimedijos dizaino, Statybos, Statini\u0173 in\u017einerini\u0173 sistem\u0173, Ma\u0161in\u0173 mechanizm\u0173 modeliavimo, Automobili\u0173 elektronikos sistem\u0173, Termoin\u017einerijos&#8230;<\/p>\n","protected":false},"author":1,"featured_media":0,"parent":0,"menu_order":0,"comment_status":"closed","ping_status":"closed","template":"","meta":{"inline_featured_image":false,"footnotes":""},"class_list":["post-989048","page","type-page","status-publish","hentry"],"yoast_head":"<!-- This site is optimized with the Yoast SEO plugin v19.12 - https:\/\/yoast.com\/wordpress\/plugins\/seo\/ -->\n<title>2011\u20132012 s.m. Vilniaus technologij\u0173 ir dizaino kolegijos i\u0161orinis studij\u0173 program\u0173 vertinimas - vtdko<\/title>\n<meta name=\"robots\" content=\"noindex, follow, max-snippet:-1, max-image-preview:large, max-video-preview:-1\" \/>\n<meta property=\"og:locale\" content=\"lt_LT\" \/>\n<meta property=\"og:type\" content=\"article\" \/>\n<meta property=\"og:title\" content=\"2011\u20132012 s.m. Vilniaus technologij\u0173 ir dizaino kolegijos i\u0161orinis studij\u0173 program\u0173 vertinimas - vtdko\" \/>\n<meta property=\"og:description\" content=\"I\u0161orinis studij\u0173 program\u0173 vertinimas Vilniaus technologij\u0173 ir dizaino kolegija \u2013 \u010dia hobis virsta profesija! 2011-2012 s.m. Studij\u0173 kokyb\u0117s vertinimo centras atliko ketinam\u0173 vykdyti Elektros ir automatikos in\u017einerijos, Transporto logistikos, Riedmen\u0173 eksploatavimo, Mechanini\u0173 technologij\u0173 in\u017einerijos, Gele\u017einkelio transporto in\u017einerijos, Geodezijos ir kadastro, Fotografijos technologijos, Multimedijos dizaino, Statybos, Statini\u0173 in\u017einerini\u0173 sistem\u0173, Ma\u0161in\u0173 mechanizm\u0173 modeliavimo, Automobili\u0173 elektronikos sistem\u0173, Termoin\u017einerijos...\" \/>\n<meta property=\"og:url\" content=\"https:\/\/wp.adisoft.lt\/vtdko\/2011-2012-s-m-akredituotos-vilniaus-technologiju-ir-dizaino-kolegijos-studiju-programos\/\" \/>\n<meta property=\"og:site_name\" content=\"vtdko\" \/>\n<meta property=\"article:modified_time\" content=\"2022-12-06T19:31:41+00:00\" \/>\n<meta name=\"twitter:card\" content=\"summary_large_image\" \/>\n<meta name=\"twitter:label1\" content=\"Est. reading time\" \/>\n\t<meta name=\"twitter:data1\" content=\"3 minut\u0117s\" \/>\n<script type=\"application\/ld+json\" class=\"yoast-schema-graph\">{\"@context\":\"https:\/\/schema.org\",\"@graph\":[{\"@type\":\"WebPage\",\"@id\":\"https:\/\/wp.adisoft.lt\/vtdko\/2011-2012-s-m-akredituotos-vilniaus-technologiju-ir-dizaino-kolegijos-studiju-programos\/\",\"url\":\"https:\/\/wp.adisoft.lt\/vtdko\/2011-2012-s-m-akredituotos-vilniaus-technologiju-ir-dizaino-kolegijos-studiju-programos\/\",\"name\":\"2011\u20132012 s.m. Vilniaus technologij\u0173 ir dizaino kolegijos i\u0161orinis studij\u0173 program\u0173 vertinimas - vtdko\",\"isPartOf\":{\"@id\":\"https:\/\/wp.adisoft.lt\/vtdko\/#website\"},\"datePublished\":\"2022-10-06T06:03:39+00:00\",\"dateModified\":\"2022-12-06T19:31:41+00:00\",\"breadcrumb\":{\"@id\":\"https:\/\/wp.adisoft.lt\/vtdko\/2011-2012-s-m-akredituotos-vilniaus-technologiju-ir-dizaino-kolegijos-studiju-programos\/#breadcrumb\"},\"inLanguage\":\"lt-LT\",\"potentialAction\":[{\"@type\":\"ReadAction\",\"target\":[\"https:\/\/wp.adisoft.lt\/vtdko\/2011-2012-s-m-akredituotos-vilniaus-technologiju-ir-dizaino-kolegijos-studiju-programos\/\"]}]},{\"@type\":\"BreadcrumbList\",\"@id\":\"https:\/\/wp.adisoft.lt\/vtdko\/2011-2012-s-m-akredituotos-vilniaus-technologiju-ir-dizaino-kolegijos-studiju-programos\/#breadcrumb\",\"itemListElement\":[{\"@type\":\"ListItem\",\"position\":1,\"name\":\"Pagrindinis\",\"item\":\"https:\/\/wp.adisoft.lt\/vtdko\/\"},{\"@type\":\"ListItem\",\"position\":2,\"name\":\"2011\u20132012 s.m. Vilniaus technologij\u0173 ir dizaino kolegijos i\u0161orinis studij\u0173 program\u0173 vertinimas\"}]},{\"@type\":\"WebSite\",\"@id\":\"https:\/\/wp.adisoft.lt\/vtdko\/#website\",\"url\":\"https:\/\/wp.adisoft.lt\/vtdko\/\",\"name\":\"vtdko\",\"description\":\"Vilniaus technologij\u0173 ir dizaino kolegija\",\"publisher\":{\"@id\":\"https:\/\/wp.adisoft.lt\/vtdko\/#organization\"},\"potentialAction\":[{\"@type\":\"SearchAction\",\"target\":{\"@type\":\"EntryPoint\",\"urlTemplate\":\"https:\/\/wp.adisoft.lt\/vtdko\/?s={search_term_string}\"},\"query-input\":\"required name=search_term_string\"}],\"inLanguage\":\"lt-LT\"},{\"@type\":\"Organization\",\"@id\":\"https:\/\/wp.adisoft.lt\/vtdko\/#organization\",\"name\":\"vtdko\",\"url\":\"https:\/\/wp.adisoft.lt\/vtdko\/\",\"logo\":{\"@type\":\"ImageObject\",\"inLanguage\":\"lt-LT\",\"@id\":\"https:\/\/wp.adisoft.lt\/vtdko\/#\/schema\/logo\/image\/\",\"url\":\"https:\/\/wp.adisoft.lt\/vtdko\/wp-content\/uploads\/2020\/02\/Logo-su-tekstu-01.svg\",\"contentUrl\":\"https:\/\/wp.adisoft.lt\/vtdko\/wp-content\/uploads\/2020\/02\/Logo-su-tekstu-01.svg\",\"width\":151,\"height\":74,\"caption\":\"vtdko\"},\"image\":{\"@id\":\"https:\/\/wp.adisoft.lt\/vtdko\/#\/schema\/logo\/image\/\"}}]}<\/script>\n<!-- \/ Yoast SEO plugin. -->","yoast_head_json":{"title":"2011\u20132012 s.m. Vilniaus technologij\u0173 ir dizaino kolegijos i\u0161orinis studij\u0173 program\u0173 vertinimas - vtdko","robots":{"index":"noindex","follow":"follow","max-snippet":"max-snippet:-1","max-image-preview":"max-image-preview:large","max-video-preview":"max-video-preview:-1"},"og_locale":"lt_LT","og_type":"article","og_title":"2011\u20132012 s.m. Vilniaus technologij\u0173 ir dizaino kolegijos i\u0161orinis studij\u0173 program\u0173 vertinimas - vtdko","og_description":"I\u0161orinis studij\u0173 program\u0173 vertinimas Vilniaus technologij\u0173 ir dizaino kolegija \u2013 \u010dia hobis virsta profesija! 2011-2012 s.m. Studij\u0173 kokyb\u0117s vertinimo centras atliko ketinam\u0173 vykdyti Elektros ir automatikos in\u017einerijos, Transporto logistikos, Riedmen\u0173 eksploatavimo, Mechanini\u0173 technologij\u0173 in\u017einerijos, Gele\u017einkelio transporto in\u017einerijos, Geodezijos ir kadastro, Fotografijos technologijos, Multimedijos dizaino, Statybos, Statini\u0173 in\u017einerini\u0173 sistem\u0173, Ma\u0161in\u0173 mechanizm\u0173 modeliavimo, Automobili\u0173 elektronikos sistem\u0173, Termoin\u017einerijos...","og_url":"https:\/\/wp.adisoft.lt\/vtdko\/2011-2012-s-m-akredituotos-vilniaus-technologiju-ir-dizaino-kolegijos-studiju-programos\/","og_site_name":"vtdko","article_modified_time":"2022-12-06T19:31:41+00:00","twitter_card":"summary_large_image","twitter_misc":{"Est. reading time":"3 minut\u0117s"},"schema":{"@context":"https:\/\/schema.org","@graph":[{"@type":"WebPage","@id":"https:\/\/wp.adisoft.lt\/vtdko\/2011-2012-s-m-akredituotos-vilniaus-technologiju-ir-dizaino-kolegijos-studiju-programos\/","url":"https:\/\/wp.adisoft.lt\/vtdko\/2011-2012-s-m-akredituotos-vilniaus-technologiju-ir-dizaino-kolegijos-studiju-programos\/","name":"2011\u20132012 s.m. Vilniaus technologij\u0173 ir dizaino kolegijos i\u0161orinis studij\u0173 program\u0173 vertinimas - vtdko","isPartOf":{"@id":"https:\/\/wp.adisoft.lt\/vtdko\/#website"},"datePublished":"2022-10-06T06:03:39+00:00","dateModified":"2022-12-06T19:31:41+00:00","breadcrumb":{"@id":"https:\/\/wp.adisoft.lt\/vtdko\/2011-2012-s-m-akredituotos-vilniaus-technologiju-ir-dizaino-kolegijos-studiju-programos\/#breadcrumb"},"inLanguage":"lt-LT","potentialAction":[{"@type":"ReadAction","target":["https:\/\/wp.adisoft.lt\/vtdko\/2011-2012-s-m-akredituotos-vilniaus-technologiju-ir-dizaino-kolegijos-studiju-programos\/"]}]},{"@type":"BreadcrumbList","@id":"https:\/\/wp.adisoft.lt\/vtdko\/2011-2012-s-m-akredituotos-vilniaus-technologiju-ir-dizaino-kolegijos-studiju-programos\/#breadcrumb","itemListElement":[{"@type":"ListItem","position":1,"name":"Pagrindinis","item":"https:\/\/wp.adisoft.lt\/vtdko\/"},{"@type":"ListItem","position":2,"name":"2011\u20132012 s.m. Vilniaus technologij\u0173 ir dizaino kolegijos i\u0161orinis studij\u0173 program\u0173 vertinimas"}]},{"@type":"WebSite","@id":"https:\/\/wp.adisoft.lt\/vtdko\/#website","url":"https:\/\/wp.adisoft.lt\/vtdko\/","name":"vtdko","description":"Vilniaus technologij\u0173 ir dizaino kolegija","publisher":{"@id":"https:\/\/wp.adisoft.lt\/vtdko\/#organization"},"potentialAction":[{"@type":"SearchAction","target":{"@type":"EntryPoint","urlTemplate":"https:\/\/wp.adisoft.lt\/vtdko\/?s={search_term_string}"},"query-input":"required name=search_term_string"}],"inLanguage":"lt-LT"},{"@type":"Organization","@id":"https:\/\/wp.adisoft.lt\/vtdko\/#organization","name":"vtdko","url":"https:\/\/wp.adisoft.lt\/vtdko\/","logo":{"@type":"ImageObject","inLanguage":"lt-LT","@id":"https:\/\/wp.adisoft.lt\/vtdko\/#\/schema\/logo\/image\/","url":"https:\/\/wp.adisoft.lt\/vtdko\/wp-content\/uploads\/2020\/02\/Logo-su-tekstu-01.svg","contentUrl":"https:\/\/wp.adisoft.lt\/vtdko\/wp-content\/uploads\/2020\/02\/Logo-su-tekstu-01.svg","width":151,"height":74,"caption":"vtdko"},"image":{"@id":"https:\/\/wp.adisoft.lt\/vtdko\/#\/schema\/logo\/image\/"}}]}},"_links":{"self":[{"href":"https:\/\/wp.adisoft.lt\/vtdko\/wp-json\/wp\/v2\/pages\/989048","targetHints":{"allow":["GET"]}}],"collection":[{"href":"https:\/\/wp.adisoft.lt\/vtdko\/wp-json\/wp\/v2\/pages"}],"about":[{"href":"https:\/\/wp.adisoft.lt\/vtdko\/wp-json\/wp\/v2\/types\/page"}],"author":[{"embeddable":true,"href":"https:\/\/wp.adisoft.lt\/vtdko\/wp-json\/wp\/v2\/users\/1"}],"replies":[{"embeddable":true,"href":"https:\/\/wp.adisoft.lt\/vtdko\/wp-json\/wp\/v2\/comments?post=989048"}],"version-history":[{"count":10,"href":"https:\/\/wp.adisoft.lt\/vtdko\/wp-json\/wp\/v2\/pages\/989048\/revisions"}],"predecessor-version":[{"id":992320,"href":"https:\/\/wp.adisoft.lt\/vtdko\/wp-json\/wp\/v2\/pages\/989048\/revisions\/992320"}],"wp:attachment":[{"href":"https:\/\/wp.adisoft.lt\/vtdko\/wp-json\/wp\/v2\/media?parent=989048"}],"curies":[{"name":"wp","href":"https:\/\/api.w.org\/{rel}","templated":true}]}}