{"id":989050,"date":"2022-10-06T09:03:45","date_gmt":"2022-10-06T06:03:45","guid":{"rendered":"https:\/\/wp.adisoft.lt\/vtdko\/?page_id=989050"},"modified":"2022-12-06T22:28:18","modified_gmt":"2022-12-06T19:28:18","slug":"2009-2010-s-m-akredituotos-vilniaus-technologiju-ir-dizaino-kolegijos-studiju-programos","status":"publish","type":"page","link":"https:\/\/wp.adisoft.lt\/vtdko\/2009-2010-s-m-akredituotos-vilniaus-technologiju-ir-dizaino-kolegijos-studiju-programos\/","title":{"rendered":"2009\u20132010 s.m. Vilniaus technologij\u0173 ir dizaino kolegijos i\u0161orinis studij\u0173 program\u0173 vertinimas"},"content":{"rendered":"\t\t<div data-elementor-type=\"wp-page\" data-elementor-id=\"989050\" class=\"elementor elementor-989050\">\n\t\t\t\t\t\t\t\t\t<section class=\"elementor-section elementor-top-section elementor-element elementor-element-2982401 elementor-section-height-min-height elementor-section-boxed elementor-section-height-default elementor-section-items-middle\" data-id=\"2982401\" data-element_type=\"section\" data-settings=\"{&quot;background_background&quot;:&quot;classic&quot;,&quot;animation&quot;:&quot;none&quot;}\">\n\t\t\t\t\t\t<div class=\"elementor-container elementor-column-gap-default\">\n\t\t\t\t\t<div class=\"elementor-column elementor-col-100 elementor-top-column elementor-element elementor-element-5a6e894\" data-id=\"5a6e894\" data-element_type=\"column\" data-settings=\"{&quot;background_background&quot;:&quot;classic&quot;}\">\n\t\t\t<div class=\"elementor-widget-wrap\">\n\t\t\t\t\t\t\t\t\t<\/div>\n\t\t<\/div>\n\t\t\t\t\t\t\t<\/div>\n\t\t<\/section>\n\t\t\t\t<section class=\"elementor-section elementor-top-section elementor-element elementor-element-000c893 elementor-section-boxed elementor-section-height-default elementor-section-height-default\" data-id=\"000c893\" data-element_type=\"section\" data-settings=\"{&quot;animation&quot;:&quot;none&quot;,&quot;animation_tablet&quot;:&quot;none&quot;,&quot;animation_mobile&quot;:&quot;none&quot;}\">\n\t\t\t\t\t\t<div class=\"elementor-container elementor-column-gap-no\">\n\t\t\t\t\t<div class=\"elementor-column elementor-col-50 elementor-top-column elementor-element elementor-element-637e274 animated-fast elementor-invisible\" data-id=\"637e274\" data-element_type=\"column\" data-settings=\"{&quot;background_background&quot;:&quot;classic&quot;,&quot;animation&quot;:&quot;fadeIn&quot;,&quot;animation_delay&quot;:100}\">\n\t\t\t<div class=\"elementor-widget-wrap elementor-element-populated\">\n\t\t\t\t\t\t\t\t<div class=\"elementor-element elementor-element-0912acd elementor-widget__width-auto elementor-widget-tablet__width-auto elementor-widget-mobile__width-inherit elementor-widget elementor-widget-heading\" data-id=\"0912acd\" data-element_type=\"widget\" data-settings=\"{&quot;_animation&quot;:&quot;none&quot;,&quot;_animation_delay&quot;:200}\" data-widget_type=\"heading.heading_charityfy\">\n\t\t\t\t<div class=\"elementor-widget-container\">\n\t\t\t<h1 class=\"elementor-heading-title elementor-size-default\">I\u0161orinis studij\u0173 program\u0173 vertinimas<\/h1>\t\t<\/div>\n\t\t\t\t<\/div>\n\t\t\t\t<div class=\"elementor-element elementor-element-3980aaa elementor-widget elementor-widget-text-editor\" data-id=\"3980aaa\" data-element_type=\"widget\" data-settings=\"{&quot;_animation&quot;:&quot;none&quot;,&quot;_animation_delay&quot;:300}\" data-widget_type=\"text-editor.default\">\n\t\t\t\t<div class=\"elementor-widget-container\">\n\t\t\t\t\t\t\t<p>Vilniaus technologij\u0173 ir dizaino kolegija \u2013 \u010dia hobis virsta profesija!<\/p>\t\t\t\t\t\t<\/div>\n\t\t\t\t<\/div>\n\t\t\t\t\t<\/div>\n\t\t<\/div>\n\t\t\t\t<div class=\"elementor-column elementor-col-50 elementor-top-column elementor-element elementor-element-8e65217 elementor-hidden-desktop elementor-hidden-tablet elementor-hidden-phone\" data-id=\"8e65217\" data-element_type=\"column\">\n\t\t\t<div class=\"elementor-widget-wrap\">\n\t\t\t\t\t\t\t\t\t<\/div>\n\t\t<\/div>\n\t\t\t\t\t\t\t<\/div>\n\t\t<\/section>\n\t\t\t\t<section class=\"elementor-section elementor-top-section elementor-element elementor-element-bffa2f1 elementor-section-boxed elementor-section-height-default elementor-section-height-default\" data-id=\"bffa2f1\" data-element_type=\"section\">\n\t\t\t\t\t\t<div class=\"elementor-container elementor-column-gap-default\">\n\t\t\t\t\t<div class=\"elementor-column elementor-col-100 elementor-top-column elementor-element elementor-element-1965a61\" data-id=\"1965a61\" data-element_type=\"column\">\n\t\t\t<div class=\"elementor-widget-wrap elementor-element-populated\">\n\t\t\t\t\t\t\t\t\t<\/div>\n\t\t<\/div>\n\t\t\t\t\t\t\t<\/div>\n\t\t<\/section>\n\t\t\t\t<section class=\"elementor-section elementor-top-section elementor-element elementor-element-a9a2f22 elementor-section-boxed elementor-section-height-default elementor-section-height-default\" data-id=\"a9a2f22\" data-element_type=\"section\">\n\t\t\t\t\t\t<div class=\"elementor-container elementor-column-gap-default\">\n\t\t\t\t\t<div class=\"elementor-column elementor-col-100 elementor-top-column elementor-element elementor-element-7019d4d\" data-id=\"7019d4d\" data-element_type=\"column\">\n\t\t\t<div class=\"elementor-widget-wrap elementor-element-populated\">\n\t\t\t\t\t\t\t\t<div class=\"elementor-element elementor-element-4594e77 elementor-widget elementor-widget-text-editor\" data-id=\"4594e77\" data-element_type=\"widget\" data-widget_type=\"text-editor.default\">\n\t\t\t\t<div class=\"elementor-widget-container\">\n\t\t\t\t\t\t\t<p>Akredituota Transporto in\u017einerijos krypties programa \u201eAutomobili\u0173 techninis eksploatavimas\u201c. Studij\u0173 kokyb\u0117s vertinimo centro 2010 m. liepos 9 d. ra\u0161tu \u201eD\u0117l i\u0161orinio vertinimo\u201c prane\u0161ama, kad studij\u0173 programa \u201eAutomobili\u0173 techninis eksploatavimas\u201c akredituotina 3 metams. Vertinim\u0105 vykd\u0117 tarptautin\u0117 ekspert\u0173 komisija.<\/p><p>Ekspertai susitiko su programos \u201eAutomobili\u0173 techninis eksploatavimas\u201c savianaliz\u0117s rengimo grup\u0117mis, d\u0117stytojais ir studentais. Komisija dom\u0117josi auditorijomis, biblioteka ir kita materialine baze, susipa\u017eino su student\u0173 kursiniais ir baigiamaisiais darbais.<\/p><p>Tarptautin\u0117 ekspert\u0173 komisija bendravo su program\u0105 \u201eAutomobili\u0173 techninis eksploatavimas\u201c baigusiais studentais ir darbdaviais. Atlik\u0119 program\u0173 i\u0161orin\u012f vertinim\u0105, ekspertai pateik\u0117 vertinimo i\u0161vadas. Jos buvo svarstytos 2010 m. bir\u017eelio 18 d. Studij\u0173 vertinimo komisijos pos\u0117dyje. Komisija pritar\u0117 studij\u0173 programos Automobili\u0173 techninis eksploatavimas vertinimo i\u0161vadoms.<\/p><p>Studij\u0173 kokyb\u0117s vertinimo centras, atsi\u017evelgdamas \u012f ekspert\u0173 parengtas Programos vertinimo i\u0161vadas bei Komisijos pritarim\u0105, pri\u0117m\u0117 sprendim\u0105 program\u0105 \u012fvertinti teigiamai, kadangi surinkta 18 bal\u0173, n\u0117 viena vertinama sritis n\u0117ra \u012fvertinta \u201enepatenkinamai&#8221;, ta\u010diau viena sritis \u012fvertinta \u201epatenkinamai&#8221;.<br \/>\u012esiteis\u0117jus \u0161iam Studij\u0173 kokyb\u0117s vertinimo centro sprendimui studij\u0173 programa Automobili\u0173 techninis eksploatavimas akredituotina 3 metams.<\/p><p>Studij\u0173 program\u0173 vertinimo i\u0161vados:<\/p><p><a href=\"https:\/\/wp.adisoft.lt\/vtdko\/wp-content\/uploads\/2022\/10\/2009-10-30_Fotografijos_technologija.pdf\" target=\"_blank\" rel=\"noopener\">Fotografijos technologija<\/a><\/p><p><a href=\"https:\/\/wp.adisoft.lt\/vtdko\/wp-content\/uploads\/2022\/10\/2010-07-09_automobiliu_techninis_eksploatavimas.pdf\" target=\"_blank\" rel=\"noopener\">Automobili\u0173 techninis eksploatavimas<\/a><\/p>\t\t\t\t\t\t<\/div>\n\t\t\t\t<\/div>\n\t\t\t\t\t<\/div>\n\t\t<\/div>\n\t\t\t\t\t\t\t<\/div>\n\t\t<\/section>\n\t\t\t\t\t\t\t<\/div>\n\t\t","protected":false},"excerpt":{"rendered":"<p>I\u0161orinis studij\u0173 program\u0173 vertinimas Vilniaus technologij\u0173 ir dizaino kolegija \u2013 \u010dia hobis virsta profesija! Akredituota Transporto in\u017einerijos krypties programa \u201eAutomobili\u0173 techninis eksploatavimas\u201c. Studij\u0173 kokyb\u0117s vertinimo centro 2010 m. liepos 9 d. ra\u0161tu \u201eD\u0117l i\u0161orinio vertinimo\u201c prane\u0161ama, kad studij\u0173 programa \u201eAutomobili\u0173 techninis eksploatavimas\u201c akredituotina 3 metams. Vertinim\u0105 vykd\u0117 tarptautin\u0117 ekspert\u0173 komisija. Ekspertai susitiko su programos \u201eAutomobili\u0173&#8230;<\/p>\n","protected":false},"author":1,"featured_media":0,"parent":0,"menu_order":0,"comment_status":"closed","ping_status":"closed","template":"","meta":{"inline_featured_image":false,"footnotes":""},"class_list":["post-989050","page","type-page","status-publish","hentry"],"yoast_head":"<!-- This site is optimized with the Yoast SEO plugin v19.12 - https:\/\/yoast.com\/wordpress\/plugins\/seo\/ -->\n<title>2009\u20132010 s.m. Vilniaus technologij\u0173 ir dizaino kolegijos i\u0161orinis studij\u0173 program\u0173 vertinimas - vtdko<\/title>\n<meta name=\"robots\" content=\"noindex, follow, max-snippet:-1, max-image-preview:large, max-video-preview:-1\" \/>\n<meta property=\"og:locale\" content=\"lt_LT\" \/>\n<meta property=\"og:type\" content=\"article\" \/>\n<meta property=\"og:title\" content=\"2009\u20132010 s.m. Vilniaus technologij\u0173 ir dizaino kolegijos i\u0161orinis studij\u0173 program\u0173 vertinimas - vtdko\" \/>\n<meta property=\"og:description\" content=\"I\u0161orinis studij\u0173 program\u0173 vertinimas Vilniaus technologij\u0173 ir dizaino kolegija \u2013 \u010dia hobis virsta profesija! Akredituota Transporto in\u017einerijos krypties programa \u201eAutomobili\u0173 techninis eksploatavimas\u201c. Studij\u0173 kokyb\u0117s vertinimo centro 2010 m. liepos 9 d. ra\u0161tu \u201eD\u0117l i\u0161orinio vertinimo\u201c prane\u0161ama, kad studij\u0173 programa \u201eAutomobili\u0173 techninis eksploatavimas\u201c akredituotina 3 metams. Vertinim\u0105 vykd\u0117 tarptautin\u0117 ekspert\u0173 komisija. Ekspertai susitiko su programos \u201eAutomobili\u0173...\" \/>\n<meta property=\"og:url\" content=\"https:\/\/wp.adisoft.lt\/vtdko\/2009-2010-s-m-akredituotos-vilniaus-technologiju-ir-dizaino-kolegijos-studiju-programos\/\" \/>\n<meta property=\"og:site_name\" content=\"vtdko\" \/>\n<meta property=\"article:modified_time\" content=\"2022-12-06T19:28:18+00:00\" \/>\n<meta name=\"twitter:card\" content=\"summary_large_image\" \/>\n<meta name=\"twitter:label1\" content=\"Est. reading time\" \/>\n\t<meta name=\"twitter:data1\" content=\"1 minut\u0117\" \/>\n<script type=\"application\/ld+json\" class=\"yoast-schema-graph\">{\"@context\":\"https:\/\/schema.org\",\"@graph\":[{\"@type\":\"WebPage\",\"@id\":\"https:\/\/wp.adisoft.lt\/vtdko\/2009-2010-s-m-akredituotos-vilniaus-technologiju-ir-dizaino-kolegijos-studiju-programos\/\",\"url\":\"https:\/\/wp.adisoft.lt\/vtdko\/2009-2010-s-m-akredituotos-vilniaus-technologiju-ir-dizaino-kolegijos-studiju-programos\/\",\"name\":\"2009\u20132010 s.m. Vilniaus technologij\u0173 ir dizaino kolegijos i\u0161orinis studij\u0173 program\u0173 vertinimas - vtdko\",\"isPartOf\":{\"@id\":\"https:\/\/wp.adisoft.lt\/vtdko\/#website\"},\"datePublished\":\"2022-10-06T06:03:45+00:00\",\"dateModified\":\"2022-12-06T19:28:18+00:00\",\"breadcrumb\":{\"@id\":\"https:\/\/wp.adisoft.lt\/vtdko\/2009-2010-s-m-akredituotos-vilniaus-technologiju-ir-dizaino-kolegijos-studiju-programos\/#breadcrumb\"},\"inLanguage\":\"lt-LT\",\"potentialAction\":[{\"@type\":\"ReadAction\",\"target\":[\"https:\/\/wp.adisoft.lt\/vtdko\/2009-2010-s-m-akredituotos-vilniaus-technologiju-ir-dizaino-kolegijos-studiju-programos\/\"]}]},{\"@type\":\"BreadcrumbList\",\"@id\":\"https:\/\/wp.adisoft.lt\/vtdko\/2009-2010-s-m-akredituotos-vilniaus-technologiju-ir-dizaino-kolegijos-studiju-programos\/#breadcrumb\",\"itemListElement\":[{\"@type\":\"ListItem\",\"position\":1,\"name\":\"Pagrindinis\",\"item\":\"https:\/\/wp.adisoft.lt\/vtdko\/\"},{\"@type\":\"ListItem\",\"position\":2,\"name\":\"2009\u20132010 s.m. Vilniaus technologij\u0173 ir dizaino kolegijos i\u0161orinis studij\u0173 program\u0173 vertinimas\"}]},{\"@type\":\"WebSite\",\"@id\":\"https:\/\/wp.adisoft.lt\/vtdko\/#website\",\"url\":\"https:\/\/wp.adisoft.lt\/vtdko\/\",\"name\":\"vtdko\",\"description\":\"Vilniaus technologij\u0173 ir dizaino kolegija\",\"publisher\":{\"@id\":\"https:\/\/wp.adisoft.lt\/vtdko\/#organization\"},\"potentialAction\":[{\"@type\":\"SearchAction\",\"target\":{\"@type\":\"EntryPoint\",\"urlTemplate\":\"https:\/\/wp.adisoft.lt\/vtdko\/?s={search_term_string}\"},\"query-input\":\"required name=search_term_string\"}],\"inLanguage\":\"lt-LT\"},{\"@type\":\"Organization\",\"@id\":\"https:\/\/wp.adisoft.lt\/vtdko\/#organization\",\"name\":\"vtdko\",\"url\":\"https:\/\/wp.adisoft.lt\/vtdko\/\",\"logo\":{\"@type\":\"ImageObject\",\"inLanguage\":\"lt-LT\",\"@id\":\"https:\/\/wp.adisoft.lt\/vtdko\/#\/schema\/logo\/image\/\",\"url\":\"https:\/\/wp.adisoft.lt\/vtdko\/wp-content\/uploads\/2020\/02\/Logo-su-tekstu-01.svg\",\"contentUrl\":\"https:\/\/wp.adisoft.lt\/vtdko\/wp-content\/uploads\/2020\/02\/Logo-su-tekstu-01.svg\",\"width\":151,\"height\":74,\"caption\":\"vtdko\"},\"image\":{\"@id\":\"https:\/\/wp.adisoft.lt\/vtdko\/#\/schema\/logo\/image\/\"}}]}<\/script>\n<!-- \/ Yoast SEO plugin. -->","yoast_head_json":{"title":"2009\u20132010 s.m. Vilniaus technologij\u0173 ir dizaino kolegijos i\u0161orinis studij\u0173 program\u0173 vertinimas - vtdko","robots":{"index":"noindex","follow":"follow","max-snippet":"max-snippet:-1","max-image-preview":"max-image-preview:large","max-video-preview":"max-video-preview:-1"},"og_locale":"lt_LT","og_type":"article","og_title":"2009\u20132010 s.m. Vilniaus technologij\u0173 ir dizaino kolegijos i\u0161orinis studij\u0173 program\u0173 vertinimas - vtdko","og_description":"I\u0161orinis studij\u0173 program\u0173 vertinimas Vilniaus technologij\u0173 ir dizaino kolegija \u2013 \u010dia hobis virsta profesija! Akredituota Transporto in\u017einerijos krypties programa \u201eAutomobili\u0173 techninis eksploatavimas\u201c. Studij\u0173 kokyb\u0117s vertinimo centro 2010 m. liepos 9 d. ra\u0161tu \u201eD\u0117l i\u0161orinio vertinimo\u201c prane\u0161ama, kad studij\u0173 programa \u201eAutomobili\u0173 techninis eksploatavimas\u201c akredituotina 3 metams. Vertinim\u0105 vykd\u0117 tarptautin\u0117 ekspert\u0173 komisija. Ekspertai susitiko su programos \u201eAutomobili\u0173...","og_url":"https:\/\/wp.adisoft.lt\/vtdko\/2009-2010-s-m-akredituotos-vilniaus-technologiju-ir-dizaino-kolegijos-studiju-programos\/","og_site_name":"vtdko","article_modified_time":"2022-12-06T19:28:18+00:00","twitter_card":"summary_large_image","twitter_misc":{"Est. reading time":"1 minut\u0117"},"schema":{"@context":"https:\/\/schema.org","@graph":[{"@type":"WebPage","@id":"https:\/\/wp.adisoft.lt\/vtdko\/2009-2010-s-m-akredituotos-vilniaus-technologiju-ir-dizaino-kolegijos-studiju-programos\/","url":"https:\/\/wp.adisoft.lt\/vtdko\/2009-2010-s-m-akredituotos-vilniaus-technologiju-ir-dizaino-kolegijos-studiju-programos\/","name":"2009\u20132010 s.m. Vilniaus technologij\u0173 ir dizaino kolegijos i\u0161orinis studij\u0173 program\u0173 vertinimas - vtdko","isPartOf":{"@id":"https:\/\/wp.adisoft.lt\/vtdko\/#website"},"datePublished":"2022-10-06T06:03:45+00:00","dateModified":"2022-12-06T19:28:18+00:00","breadcrumb":{"@id":"https:\/\/wp.adisoft.lt\/vtdko\/2009-2010-s-m-akredituotos-vilniaus-technologiju-ir-dizaino-kolegijos-studiju-programos\/#breadcrumb"},"inLanguage":"lt-LT","potentialAction":[{"@type":"ReadAction","target":["https:\/\/wp.adisoft.lt\/vtdko\/2009-2010-s-m-akredituotos-vilniaus-technologiju-ir-dizaino-kolegijos-studiju-programos\/"]}]},{"@type":"BreadcrumbList","@id":"https:\/\/wp.adisoft.lt\/vtdko\/2009-2010-s-m-akredituotos-vilniaus-technologiju-ir-dizaino-kolegijos-studiju-programos\/#breadcrumb","itemListElement":[{"@type":"ListItem","position":1,"name":"Pagrindinis","item":"https:\/\/wp.adisoft.lt\/vtdko\/"},{"@type":"ListItem","position":2,"name":"2009\u20132010 s.m. Vilniaus technologij\u0173 ir dizaino kolegijos i\u0161orinis studij\u0173 program\u0173 vertinimas"}]},{"@type":"WebSite","@id":"https:\/\/wp.adisoft.lt\/vtdko\/#website","url":"https:\/\/wp.adisoft.lt\/vtdko\/","name":"vtdko","description":"Vilniaus technologij\u0173 ir dizaino kolegija","publisher":{"@id":"https:\/\/wp.adisoft.lt\/vtdko\/#organization"},"potentialAction":[{"@type":"SearchAction","target":{"@type":"EntryPoint","urlTemplate":"https:\/\/wp.adisoft.lt\/vtdko\/?s={search_term_string}"},"query-input":"required name=search_term_string"}],"inLanguage":"lt-LT"},{"@type":"Organization","@id":"https:\/\/wp.adisoft.lt\/vtdko\/#organization","name":"vtdko","url":"https:\/\/wp.adisoft.lt\/vtdko\/","logo":{"@type":"ImageObject","inLanguage":"lt-LT","@id":"https:\/\/wp.adisoft.lt\/vtdko\/#\/schema\/logo\/image\/","url":"https:\/\/wp.adisoft.lt\/vtdko\/wp-content\/uploads\/2020\/02\/Logo-su-tekstu-01.svg","contentUrl":"https:\/\/wp.adisoft.lt\/vtdko\/wp-content\/uploads\/2020\/02\/Logo-su-tekstu-01.svg","width":151,"height":74,"caption":"vtdko"},"image":{"@id":"https:\/\/wp.adisoft.lt\/vtdko\/#\/schema\/logo\/image\/"}}]}},"_links":{"self":[{"href":"https:\/\/wp.adisoft.lt\/vtdko\/wp-json\/wp\/v2\/pages\/989050","targetHints":{"allow":["GET"]}}],"collection":[{"href":"https:\/\/wp.adisoft.lt\/vtdko\/wp-json\/wp\/v2\/pages"}],"about":[{"href":"https:\/\/wp.adisoft.lt\/vtdko\/wp-json\/wp\/v2\/types\/page"}],"author":[{"embeddable":true,"href":"https:\/\/wp.adisoft.lt\/vtdko\/wp-json\/wp\/v2\/users\/1"}],"replies":[{"embeddable":true,"href":"https:\/\/wp.adisoft.lt\/vtdko\/wp-json\/wp\/v2\/comments?post=989050"}],"version-history":[{"count":7,"href":"https:\/\/wp.adisoft.lt\/vtdko\/wp-json\/wp\/v2\/pages\/989050\/revisions"}],"predecessor-version":[{"id":992314,"href":"https:\/\/wp.adisoft.lt\/vtdko\/wp-json\/wp\/v2\/pages\/989050\/revisions\/992314"}],"wp:attachment":[{"href":"https:\/\/wp.adisoft.lt\/vtdko\/wp-json\/wp\/v2\/media?parent=989050"}],"curies":[{"name":"wp","href":"https:\/\/api.w.org\/{rel}","templated":true}]}}