{"id":989191,"date":"2022-10-06T10:27:40","date_gmt":"2022-10-06T07:27:40","guid":{"rendered":"https:\/\/wp.adisoft.lt\/vtdko\/?page_id=989191"},"modified":"2023-02-23T10:54:32","modified_gmt":"2023-02-23T07:54:32","slug":"psichologine-pagalba","status":"publish","type":"page","link":"https:\/\/wp.adisoft.lt\/vtdko\/parama-studentams\/psichologine-pagalba\/","title":{"rendered":"Psichologin\u0117 pagalba"},"content":{"rendered":"\t\t<div data-elementor-type=\"wp-page\" data-elementor-id=\"989191\" class=\"elementor elementor-989191\">\n\t\t\t\t\t\t\t\t\t<section class=\"elementor-section elementor-top-section elementor-element elementor-element-a3504c4 elementor-section-height-min-height elementor-section-boxed elementor-section-height-default elementor-section-items-middle\" data-id=\"a3504c4\" data-element_type=\"section\" data-settings=\"{&quot;background_background&quot;:&quot;classic&quot;,&quot;animation&quot;:&quot;none&quot;}\">\n\t\t\t\t\t\t<div class=\"elementor-container elementor-column-gap-default\">\n\t\t\t\t\t<div class=\"elementor-column elementor-col-100 elementor-top-column elementor-element elementor-element-f782269\" data-id=\"f782269\" data-element_type=\"column\" data-settings=\"{&quot;background_background&quot;:&quot;classic&quot;}\">\n\t\t\t<div class=\"elementor-widget-wrap\">\n\t\t\t\t\t\t\t\t\t<\/div>\n\t\t<\/div>\n\t\t\t\t\t\t\t<\/div>\n\t\t<\/section>\n\t\t\t\t<section class=\"elementor-section elementor-top-section elementor-element elementor-element-37ebc59 elementor-section-boxed elementor-section-height-default elementor-section-height-default\" data-id=\"37ebc59\" data-element_type=\"section\" data-settings=\"{&quot;animation&quot;:&quot;none&quot;,&quot;animation_tablet&quot;:&quot;none&quot;,&quot;animation_mobile&quot;:&quot;none&quot;}\">\n\t\t\t\t\t\t<div class=\"elementor-container elementor-column-gap-no\">\n\t\t\t\t\t<div class=\"elementor-column elementor-col-50 elementor-top-column elementor-element elementor-element-1a574a4 animated-fast elementor-invisible\" data-id=\"1a574a4\" data-element_type=\"column\" data-settings=\"{&quot;background_background&quot;:&quot;classic&quot;,&quot;animation&quot;:&quot;fadeIn&quot;,&quot;animation_delay&quot;:100}\">\n\t\t\t<div class=\"elementor-widget-wrap elementor-element-populated\">\n\t\t\t\t\t\t\t\t<div class=\"elementor-element elementor-element-3d79166 elementor-widget elementor-widget-text-editor\" data-id=\"3d79166\" data-element_type=\"widget\" data-settings=\"{&quot;_animation&quot;:&quot;none&quot;,&quot;_animation_delay&quot;:300}\" data-widget_type=\"text-editor.default\">\n\t\t\t\t<div class=\"elementor-widget-container\">\n\t\t\t\t\t\t\t<p>Vilniaus technologij\u0173 ir dizaino kolegija \u2013 \u010dia hobis virsta profesija!<\/p>\t\t\t\t\t\t<\/div>\n\t\t\t\t<\/div>\n\t\t\t\t\t<\/div>\n\t\t<\/div>\n\t\t\t\t<div class=\"elementor-column elementor-col-50 elementor-top-column elementor-element elementor-element-8cb93b4 elementor-hidden-desktop elementor-hidden-tablet elementor-hidden-phone\" data-id=\"8cb93b4\" data-element_type=\"column\">\n\t\t\t<div class=\"elementor-widget-wrap\">\n\t\t\t\t\t\t\t\t\t<\/div>\n\t\t<\/div>\n\t\t\t\t\t\t\t<\/div>\n\t\t<\/section>\n\t\t\t\t<section class=\"elementor-section elementor-top-section elementor-element elementor-element-5ee8556 elementor-section-boxed elementor-section-height-default elementor-section-height-default\" data-id=\"5ee8556\" data-element_type=\"section\" data-settings=\"{&quot;background_background&quot;:&quot;classic&quot;}\">\n\t\t\t\t\t\t<div class=\"elementor-container elementor-column-gap-default\">\n\t\t\t\t\t<div class=\"elementor-column elementor-col-100 elementor-top-column elementor-element elementor-element-51dd9a9\" data-id=\"51dd9a9\" data-element_type=\"column\">\n\t\t\t<div class=\"elementor-widget-wrap elementor-element-populated\">\n\t\t\t\t\t\t\t\t<div class=\"elementor-element elementor-element-efe9a5c elementor-widget elementor-widget-heading\" data-id=\"efe9a5c\" data-element_type=\"widget\" data-widget_type=\"heading.default\">\n\t\t\t\t<div class=\"elementor-widget-container\">\n\t\t\t<h3 class=\"elementor-heading-title elementor-size-default\">Naudingos nuorodos<\/h3>\t\t<\/div>\n\t\t\t\t<\/div>\n\t\t\t\t<section class=\"elementor-section elementor-inner-section elementor-element elementor-element-bd21c60 elementor-section-boxed elementor-section-height-default elementor-section-height-default\" data-id=\"bd21c60\" data-element_type=\"section\">\n\t\t\t\t\t\t<div class=\"elementor-container elementor-column-gap-default\">\n\t\t\t\t\t<div class=\"elementor-column elementor-col-33 elementor-inner-column elementor-element elementor-element-08abdab\" data-id=\"08abdab\" data-element_type=\"column\">\n\t\t\t<div class=\"elementor-widget-wrap elementor-element-populated\">\n\t\t\t\t\t\t\t\t<div class=\"elementor-element elementor-element-b8d2561 elementor-align-left elementor-tablet-align-center elementor-widget elementor-widget-button\" data-id=\"b8d2561\" data-element_type=\"widget\" data-settings=\"{&quot;_animation&quot;:&quot;none&quot;,&quot;_animation_tablet&quot;:&quot;none&quot;,&quot;_animation_mobile&quot;:&quot;none&quot;,&quot;_animation_delay&quot;:300}\" data-widget_type=\"button.default\">\n\t\t\t\t<div class=\"elementor-widget-container\">\n\t\t\t\t\t<div class=\"elementor-button-wrapper\">\n\t\t\t<a href=\"https:\/\/wp.adisoft.lt\/vtdko\/parama-studentams\/kompensavimas-karo-tarnyba-atlikusiems\/\" class=\"elementor-button-link elementor-button elementor-size-sm\" role=\"button\" id=\"page_menu\">\n\t\t\t\t\t\t<span class=\"elementor-button-content-wrapper\">\n\t\t\t\t\t\t\t<span class=\"elementor-button-icon elementor-align-icon-right\">\n\t\t\t\t<i aria-hidden=\"true\" class=\"vamtamtheme- vamtam-theme-arrow-right\"><\/i>\t\t\t<\/span>\n\t\t\t\t\t\t<span class=\"elementor-button-text\">Kompensavimas karo tarnyb\u0105 atlikusiems<\/span>\n\t\t<\/span>\n\t\t\t\t\t<\/a>\n\t\t<\/div>\n\t\t\t\t<\/div>\n\t\t\t\t<\/div>\n\t\t\t\t<div class=\"elementor-element elementor-element-b9f3c66 elementor-align-left elementor-tablet-align-center elementor-widget elementor-widget-button\" data-id=\"b9f3c66\" data-element_type=\"widget\" data-settings=\"{&quot;_animation&quot;:&quot;none&quot;,&quot;_animation_tablet&quot;:&quot;none&quot;,&quot;_animation_mobile&quot;:&quot;none&quot;,&quot;_animation_delay&quot;:300}\" data-widget_type=\"button.default\">\n\t\t\t\t<div class=\"elementor-widget-container\">\n\t\t\t\t\t<div class=\"elementor-button-wrapper\">\n\t\t\t<a href=\"https:\/\/wp.adisoft.lt\/vtdko\/parama-studentams\/parama-iseivijos-lietuviams\/\" class=\"elementor-button-link elementor-button elementor-size-sm\" role=\"button\" id=\"page_menu\">\n\t\t\t\t\t\t<span class=\"elementor-button-content-wrapper\">\n\t\t\t\t\t\t\t<span class=\"elementor-button-icon elementor-align-icon-right\">\n\t\t\t\t<i aria-hidden=\"true\" class=\"vamtamtheme- vamtam-theme-arrow-right\"><\/i>\t\t\t<\/span>\n\t\t\t\t\t\t<span class=\"elementor-button-text\">Parama i\u0161eivijos lietuviams<\/span>\n\t\t<\/span>\n\t\t\t\t\t<\/a>\n\t\t<\/div>\n\t\t\t\t<\/div>\n\t\t\t\t<\/div>\n\t\t\t\t<div class=\"elementor-element elementor-element-0681693 elementor-align-left elementor-tablet-align-center elementor-widget elementor-widget-button\" data-id=\"0681693\" data-element_type=\"widget\" data-settings=\"{&quot;_animation&quot;:&quot;none&quot;,&quot;_animation_tablet&quot;:&quot;none&quot;,&quot;_animation_mobile&quot;:&quot;none&quot;,&quot;_animation_delay&quot;:300}\" data-widget_type=\"button.default\">\n\t\t\t\t<div class=\"elementor-widget-container\">\n\t\t\t\t\t<div class=\"elementor-button-wrapper\">\n\t\t\t<a href=\"https:\/\/wp.adisoft.lt\/vtdko\/parama-studentams\/parama-neigaliesiems\/\" class=\"elementor-button-link elementor-button elementor-size-sm\" role=\"button\" id=\"page_menu\">\n\t\t\t\t\t\t<span class=\"elementor-button-content-wrapper\">\n\t\t\t\t\t\t\t<span class=\"elementor-button-icon elementor-align-icon-right\">\n\t\t\t\t<i aria-hidden=\"true\" class=\"vamtamtheme- vamtam-theme-arrow-right\"><\/i>\t\t\t<\/span>\n\t\t\t\t\t\t<span class=\"elementor-button-text\">Parama ne\u012fgaliesiems<\/span>\n\t\t<\/span>\n\t\t\t\t\t<\/a>\n\t\t<\/div>\n\t\t\t\t<\/div>\n\t\t\t\t<\/div>\n\t\t\t\t\t<\/div>\n\t\t<\/div>\n\t\t\t\t<div class=\"elementor-column elementor-col-33 elementor-inner-column elementor-element elementor-element-5355c7b\" data-id=\"5355c7b\" data-element_type=\"column\">\n\t\t\t<div class=\"elementor-widget-wrap elementor-element-populated\">\n\t\t\t\t\t\t\t\t<div class=\"elementor-element elementor-element-05e58a3 elementor-align-left elementor-tablet-align-center elementor-widget elementor-widget-button\" data-id=\"05e58a3\" data-element_type=\"widget\" data-settings=\"{&quot;_animation&quot;:&quot;none&quot;,&quot;_animation_tablet&quot;:&quot;none&quot;,&quot;_animation_mobile&quot;:&quot;none&quot;,&quot;_animation_delay&quot;:200}\" data-widget_type=\"button.default\">\n\t\t\t\t<div class=\"elementor-widget-container\">\n\t\t\t\t\t<div class=\"elementor-button-wrapper\">\n\t\t\t<a href=\"https:\/\/wp.adisoft.lt\/vtdko\/parama-studentams\/studiju-kainos-kompensavimas\/\" class=\"elementor-button-link elementor-button elementor-size-sm\" role=\"button\" id=\"page_menu\">\n\t\t\t\t\t\t<span class=\"elementor-button-content-wrapper\">\n\t\t\t\t\t\t\t<span class=\"elementor-button-icon elementor-align-icon-right\">\n\t\t\t\t<i aria-hidden=\"true\" class=\"vamtamtheme- vamtam-theme-arrow-right\"><\/i>\t\t\t<\/span>\n\t\t\t\t\t\t<span class=\"elementor-button-text\">Studij\u0173 kainos kompensavimas<\/span>\n\t\t<\/span>\n\t\t\t\t\t<\/a>\n\t\t<\/div>\n\t\t\t\t<\/div>\n\t\t\t\t<\/div>\n\t\t\t\t<div class=\"elementor-element elementor-element-c107371 elementor-align-left elementor-tablet-align-center elementor-widget elementor-widget-button\" data-id=\"c107371\" data-element_type=\"widget\" data-settings=\"{&quot;_animation&quot;:&quot;none&quot;,&quot;_animation_tablet&quot;:&quot;none&quot;,&quot;_animation_mobile&quot;:&quot;none&quot;,&quot;_animation_delay&quot;:200}\" data-widget_type=\"button.default\">\n\t\t\t\t<div class=\"elementor-widget-container\">\n\t\t\t\t\t<div class=\"elementor-button-wrapper\">\n\t\t\t<a href=\"https:\/\/wp.adisoft.lt\/vtdko\/parama-studentams\/paskolos-studentams\/studiju-tarnyba-konultuoja\/\" class=\"elementor-button-link elementor-button elementor-size-sm\" role=\"button\" id=\"page_menu\">\n\t\t\t\t\t\t<span class=\"elementor-button-content-wrapper\">\n\t\t\t\t\t\t\t<span class=\"elementor-button-icon elementor-align-icon-right\">\n\t\t\t\t<i aria-hidden=\"true\" class=\"vamtamtheme- vamtam-theme-arrow-right\"><\/i>\t\t\t<\/span>\n\t\t\t\t\t\t<span class=\"elementor-button-text\">Studij\u0173 ir karjeros centras konsultuoja<\/span>\n\t\t<\/span>\n\t\t\t\t\t<\/a>\n\t\t<\/div>\n\t\t\t\t<\/div>\n\t\t\t\t<\/div>\n\t\t\t\t\t<\/div>\n\t\t<\/div>\n\t\t\t\t<div class=\"elementor-column elementor-col-33 elementor-inner-column elementor-element elementor-element-46067b0\" data-id=\"46067b0\" data-element_type=\"column\">\n\t\t\t<div class=\"elementor-widget-wrap elementor-element-populated\">\n\t\t\t\t\t\t\t\t<div class=\"elementor-element elementor-element-299e655 elementor-align-left elementor-tablet-align-center elementor-widget elementor-widget-button\" data-id=\"299e655\" data-element_type=\"widget\" data-settings=\"{&quot;_animation&quot;:&quot;none&quot;,&quot;_animation_tablet&quot;:&quot;none&quot;,&quot;_animation_mobile&quot;:&quot;none&quot;,&quot;_animation_delay&quot;:200}\" data-widget_type=\"button.default\">\n\t\t\t\t<div class=\"elementor-widget-container\">\n\t\t\t\t\t<div class=\"elementor-button-wrapper\">\n\t\t\t<a href=\"https:\/\/wp.adisoft.lt\/vtdko\/parama-studentams\/socialines-stipendijos\/\" class=\"elementor-button-link elementor-button elementor-size-sm\" role=\"button\" id=\"page_menu\">\n\t\t\t\t\t\t<span class=\"elementor-button-content-wrapper\">\n\t\t\t\t\t\t\t<span class=\"elementor-button-icon elementor-align-icon-right\">\n\t\t\t\t<i aria-hidden=\"true\" class=\"vamtamtheme- vamtam-theme-arrow-right\"><\/i>\t\t\t<\/span>\n\t\t\t\t\t\t<span class=\"elementor-button-text\">Socialin\u0117s stipendijos<\/span>\n\t\t<\/span>\n\t\t\t\t\t<\/a>\n\t\t<\/div>\n\t\t\t\t<\/div>\n\t\t\t\t<\/div>\n\t\t\t\t<div class=\"elementor-element elementor-element-7f874c2 elementor-align-left elementor-tablet-align-center elementor-widget elementor-widget-button\" data-id=\"7f874c2\" data-element_type=\"widget\" data-settings=\"{&quot;_animation&quot;:&quot;none&quot;,&quot;_animation_tablet&quot;:&quot;none&quot;,&quot;_animation_mobile&quot;:&quot;none&quot;,&quot;_animation_delay&quot;:200}\" data-widget_type=\"button.default\">\n\t\t\t\t<div class=\"elementor-widget-container\">\n\t\t\t\t\t<div class=\"elementor-button-wrapper\">\n\t\t\t<a href=\"https:\/\/wp.adisoft.lt\/vtdko\/savivalda\/akademine-taryba\/\" class=\"elementor-button-link elementor-button elementor-size-sm\" role=\"button\" id=\"page_menu\">\n\t\t\t\t\t\t<span class=\"elementor-button-content-wrapper\">\n\t\t\t\t\t\t\t<span class=\"elementor-button-icon elementor-align-icon-right\">\n\t\t\t\t<i aria-hidden=\"true\" class=\"vamtamtheme- vamtam-theme-arrow-right\"><\/i>\t\t\t<\/span>\n\t\t\t\t\t\t<span class=\"elementor-button-text\">Akademin\u0117 taryba<\/span>\n\t\t<\/span>\n\t\t\t\t\t<\/a>\n\t\t<\/div>\n\t\t\t\t<\/div>\n\t\t\t\t<\/div>\n\t\t\t\t\t<\/div>\n\t\t<\/div>\n\t\t\t\t\t\t\t<\/div>\n\t\t<\/section>\n\t\t\t\t\t<\/div>\n\t\t<\/div>\n\t\t\t\t\t\t\t<\/div>\n\t\t<\/section>\n\t\t\t\t<section class=\"elementor-section elementor-top-section elementor-element elementor-element-bffa2f1 elementor-section-boxed elementor-section-height-default elementor-section-height-default\" data-id=\"bffa2f1\" data-element_type=\"section\">\n\t\t\t\t\t\t<div class=\"elementor-container elementor-column-gap-default\">\n\t\t\t\t\t<div class=\"elementor-column elementor-col-100 elementor-top-column elementor-element elementor-element-1965a61\" data-id=\"1965a61\" data-element_type=\"column\">\n\t\t\t<div class=\"elementor-widget-wrap elementor-element-populated\">\n\t\t\t\t\t\t\t\t<div class=\"elementor-element elementor-element-2b721cc elementor-widget elementor-widget-spacer\" data-id=\"2b721cc\" data-element_type=\"widget\" data-widget_type=\"spacer.default\">\n\t\t\t\t<div class=\"elementor-widget-container\">\n\t\t\t\t\t<div class=\"elementor-spacer\">\n\t\t\t<div class=\"elementor-spacer-inner\"><\/div>\n\t\t<\/div>\n\t\t\t\t<\/div>\n\t\t\t\t<\/div>\n\t\t\t\t\t<\/div>\n\t\t<\/div>\n\t\t\t\t\t\t\t<\/div>\n\t\t<\/section>\n\t\t\t\t<section class=\"elementor-section elementor-top-section elementor-element elementor-element-a9a2f22 elementor-section-boxed elementor-section-height-default elementor-section-height-default\" data-id=\"a9a2f22\" data-element_type=\"section\">\n\t\t\t\t\t\t<div class=\"elementor-container elementor-column-gap-default\">\n\t\t\t\t\t<div class=\"elementor-column elementor-col-100 elementor-top-column elementor-element elementor-element-7019d4d\" data-id=\"7019d4d\" data-element_type=\"column\">\n\t\t\t<div class=\"elementor-widget-wrap elementor-element-populated\">\n\t\t\t\t\t\t\t\t<div class=\"elementor-element elementor-element-4594e77 elementor-widget elementor-widget-text-editor\" data-id=\"4594e77\" data-element_type=\"widget\" data-widget_type=\"text-editor.default\">\n\t\t\t\t<div class=\"elementor-widget-container\">\n\t\t\t\t\t\t\t<p><strong>Psichologin\u0117 pagalba\u00a0<\/strong><\/p><p>M\u016bs\u0173 kolegijos studentai turi galimyb\u0119 gauti\u00a0<strong>nemokam\u0105 psichologin\u0119 pagalb\u0105<\/strong>.<\/p><p>Studentus konsultuoja psicholog\u0117\u00a0<em>Lidija Janu\u0161onien\u0117.<\/em><br \/>D\u0117l konsultacijos ra\u0161ykite el. pa\u0161tu\u00a0<a href=\"mailto:l.janusoniene@vtdko.lt\">l.janusoniene@vtdko.lt<\/a><\/p><p>\u00a0<\/p><p>Siekiant informuoti apie teikiam\u0105 psichologin\u0119 pagalb\u0105, vykdyti psichologini\u0173 problem\u0173 prevencij\u0105 skelbiama informacija, apie tai, kur prireikus galima kreiptis d\u0117l psichologin\u0117s pagalbos.<\/p><p><strong>Psichologin\u0119 pagalb\u0105 telefonu teikia:<\/strong><\/p><ul><li>Jaunimo linija &#8211;<a href=\"tel: +37080028888\" target=\"_blank\" rel=\"noopener\"> 8 800 28888<\/a> (darbo laikas: 16.00-07.00 val., kasdien, savaitgaliais vis\u0105 par\u0105)<\/li><li>Vilties linija &#8211; <a href=\"tel:+37080060700\" target=\"_blank\" rel=\"noopener\">8 800 60700<\/a> (darbo laikas: vis\u0105 par\u0105)<\/li><li>Linija doverija &#8211; <a href=\"tel:+37080077277\" target=\"_blank\" rel=\"noopener\">8 800 77277<\/a> (pagalba teikiama rus\u0173 kalba. Darbo laikas: 16.00-20.00 val.)<\/li><\/ul>\t\t\t\t\t\t<\/div>\n\t\t\t\t<\/div>\n\t\t\t\t\t<\/div>\n\t\t<\/div>\n\t\t\t\t\t\t\t<\/div>\n\t\t<\/section>\n\t\t\t\t<section class=\"elementor-section elementor-top-section elementor-element elementor-element-a52e8c9 elementor-section-boxed elementor-section-height-default elementor-section-height-default\" data-id=\"a52e8c9\" data-element_type=\"section\">\n\t\t\t\t\t\t<div class=\"elementor-container elementor-column-gap-default\">\n\t\t\t\t\t<div class=\"elementor-column elementor-col-100 elementor-top-column elementor-element elementor-element-4333d39\" data-id=\"4333d39\" data-element_type=\"column\">\n\t\t\t<div class=\"elementor-widget-wrap elementor-element-populated\">\n\t\t\t\t\t\t\t\t<div class=\"elementor-element elementor-element-7f2ee3f elementor-widget elementor-widget-spacer\" data-id=\"7f2ee3f\" data-element_type=\"widget\" data-widget_type=\"spacer.default\">\n\t\t\t\t<div class=\"elementor-widget-container\">\n\t\t\t\t\t<div class=\"elementor-spacer\">\n\t\t\t<div class=\"elementor-spacer-inner\"><\/div>\n\t\t<\/div>\n\t\t\t\t<\/div>\n\t\t\t\t<\/div>\n\t\t\t\t\t<\/div>\n\t\t<\/div>\n\t\t\t\t\t\t\t<\/div>\n\t\t<\/section>\n\t\t\t\t\t\t\t<\/div>\n\t\t","protected":false},"excerpt":{"rendered":"<p>Vilniaus technologij\u0173 ir dizaino kolegija \u2013 \u010dia hobis virsta profesija! Naudingos nuorodos Kompensavimas karo tarnyb\u0105 atlikusiems Parama i\u0161eivijos lietuviams Parama ne\u012fgaliesiems Studij\u0173 kainos kompensavimas Studij\u0173 ir karjeros centras konsultuoja Socialin\u0117s stipendijos Akademin\u0117 taryba Psichologin\u0117 pagalba\u00a0 M\u016bs\u0173 kolegijos studentai turi galimyb\u0119 gauti\u00a0nemokam\u0105 psichologin\u0119 pagalb\u0105. Studentus konsultuoja psicholog\u0117\u00a0Lidija Janu\u0161onien\u0117.D\u0117l konsultacijos ra\u0161ykite el. pa\u0161tu\u00a0l.janusoniene@vtdko.lt \u00a0 Siekiant informuoti apie&#8230;<\/p>\n","protected":false},"author":1,"featured_media":0,"parent":989202,"menu_order":0,"comment_status":"closed","ping_status":"closed","template":"","meta":{"inline_featured_image":false,"footnotes":""},"class_list":["post-989191","page","type-page","status-publish","hentry"],"yoast_head":"<!-- This site is optimized with the Yoast SEO plugin v19.12 - https:\/\/yoast.com\/wordpress\/plugins\/seo\/ -->\n<title>Psichologin\u0117 pagalba - vtdko<\/title>\n<meta name=\"robots\" content=\"noindex, follow, max-snippet:-1, max-image-preview:large, max-video-preview:-1\" \/>\n<meta property=\"og:locale\" content=\"lt_LT\" \/>\n<meta property=\"og:type\" content=\"article\" \/>\n<meta property=\"og:title\" content=\"Psichologin\u0117 pagalba - vtdko\" \/>\n<meta property=\"og:description\" content=\"Vilniaus technologij\u0173 ir dizaino kolegija \u2013 \u010dia hobis virsta profesija! Naudingos nuorodos Kompensavimas karo tarnyb\u0105 atlikusiems Parama i\u0161eivijos lietuviams Parama ne\u012fgaliesiems Studij\u0173 kainos kompensavimas Studij\u0173 ir karjeros centras konsultuoja Socialin\u0117s stipendijos Akademin\u0117 taryba Psichologin\u0117 pagalba\u00a0 M\u016bs\u0173 kolegijos studentai turi galimyb\u0119 gauti\u00a0nemokam\u0105 psichologin\u0119 pagalb\u0105. Studentus konsultuoja psicholog\u0117\u00a0Lidija Janu\u0161onien\u0117.D\u0117l konsultacijos ra\u0161ykite el. pa\u0161tu\u00a0l.janusoniene@vtdko.lt \u00a0 Siekiant informuoti apie...\" \/>\n<meta property=\"og:url\" content=\"https:\/\/wp.adisoft.lt\/vtdko\/parama-studentams\/psichologine-pagalba\/\" \/>\n<meta property=\"og:site_name\" content=\"vtdko\" \/>\n<meta property=\"article:modified_time\" content=\"2023-02-23T07:54:32+00:00\" \/>\n<meta name=\"twitter:card\" content=\"summary_large_image\" \/>\n<meta name=\"twitter:label1\" content=\"Est. reading time\" \/>\n\t<meta name=\"twitter:data1\" content=\"1 minut\u0117\" \/>\n<script type=\"application\/ld+json\" class=\"yoast-schema-graph\">{\"@context\":\"https:\/\/schema.org\",\"@graph\":[{\"@type\":\"WebPage\",\"@id\":\"https:\/\/wp.adisoft.lt\/vtdko\/parama-studentams\/psichologine-pagalba\/\",\"url\":\"https:\/\/wp.adisoft.lt\/vtdko\/parama-studentams\/psichologine-pagalba\/\",\"name\":\"Psichologin\u0117 pagalba - vtdko\",\"isPartOf\":{\"@id\":\"https:\/\/wp.adisoft.lt\/vtdko\/#website\"},\"datePublished\":\"2022-10-06T07:27:40+00:00\",\"dateModified\":\"2023-02-23T07:54:32+00:00\",\"breadcrumb\":{\"@id\":\"https:\/\/wp.adisoft.lt\/vtdko\/parama-studentams\/psichologine-pagalba\/#breadcrumb\"},\"inLanguage\":\"lt-LT\",\"potentialAction\":[{\"@type\":\"ReadAction\",\"target\":[\"https:\/\/wp.adisoft.lt\/vtdko\/parama-studentams\/psichologine-pagalba\/\"]}]},{\"@type\":\"BreadcrumbList\",\"@id\":\"https:\/\/wp.adisoft.lt\/vtdko\/parama-studentams\/psichologine-pagalba\/#breadcrumb\",\"itemListElement\":[{\"@type\":\"ListItem\",\"position\":1,\"name\":\"Pagrindinis\",\"item\":\"https:\/\/wp.adisoft.lt\/vtdko\/\"},{\"@type\":\"ListItem\",\"position\":2,\"name\":\"Parama studentams\",\"item\":\"https:\/\/wp.adisoft.lt\/vtdko\/parama-studentams\/\"},{\"@type\":\"ListItem\",\"position\":3,\"name\":\"Psichologin\u0117 pagalba\"}]},{\"@type\":\"WebSite\",\"@id\":\"https:\/\/wp.adisoft.lt\/vtdko\/#website\",\"url\":\"https:\/\/wp.adisoft.lt\/vtdko\/\",\"name\":\"vtdko\",\"description\":\"Vilniaus technologij\u0173 ir dizaino kolegija\",\"publisher\":{\"@id\":\"https:\/\/wp.adisoft.lt\/vtdko\/#organization\"},\"potentialAction\":[{\"@type\":\"SearchAction\",\"target\":{\"@type\":\"EntryPoint\",\"urlTemplate\":\"https:\/\/wp.adisoft.lt\/vtdko\/?s={search_term_string}\"},\"query-input\":\"required name=search_term_string\"}],\"inLanguage\":\"lt-LT\"},{\"@type\":\"Organization\",\"@id\":\"https:\/\/wp.adisoft.lt\/vtdko\/#organization\",\"name\":\"vtdko\",\"url\":\"https:\/\/wp.adisoft.lt\/vtdko\/\",\"logo\":{\"@type\":\"ImageObject\",\"inLanguage\":\"lt-LT\",\"@id\":\"https:\/\/wp.adisoft.lt\/vtdko\/#\/schema\/logo\/image\/\",\"url\":\"https:\/\/wp.adisoft.lt\/vtdko\/wp-content\/uploads\/2020\/02\/Logo-su-tekstu-01.svg\",\"contentUrl\":\"https:\/\/wp.adisoft.lt\/vtdko\/wp-content\/uploads\/2020\/02\/Logo-su-tekstu-01.svg\",\"width\":151,\"height\":74,\"caption\":\"vtdko\"},\"image\":{\"@id\":\"https:\/\/wp.adisoft.lt\/vtdko\/#\/schema\/logo\/image\/\"}}]}<\/script>\n<!-- \/ Yoast SEO plugin. -->","yoast_head_json":{"title":"Psichologin\u0117 pagalba - vtdko","robots":{"index":"noindex","follow":"follow","max-snippet":"max-snippet:-1","max-image-preview":"max-image-preview:large","max-video-preview":"max-video-preview:-1"},"og_locale":"lt_LT","og_type":"article","og_title":"Psichologin\u0117 pagalba - vtdko","og_description":"Vilniaus technologij\u0173 ir dizaino kolegija \u2013 \u010dia hobis virsta profesija! Naudingos nuorodos Kompensavimas karo tarnyb\u0105 atlikusiems Parama i\u0161eivijos lietuviams Parama ne\u012fgaliesiems Studij\u0173 kainos kompensavimas Studij\u0173 ir karjeros centras konsultuoja Socialin\u0117s stipendijos Akademin\u0117 taryba Psichologin\u0117 pagalba\u00a0 M\u016bs\u0173 kolegijos studentai turi galimyb\u0119 gauti\u00a0nemokam\u0105 psichologin\u0119 pagalb\u0105. Studentus konsultuoja psicholog\u0117\u00a0Lidija Janu\u0161onien\u0117.D\u0117l konsultacijos ra\u0161ykite el. pa\u0161tu\u00a0l.janusoniene@vtdko.lt \u00a0 Siekiant informuoti apie...","og_url":"https:\/\/wp.adisoft.lt\/vtdko\/parama-studentams\/psichologine-pagalba\/","og_site_name":"vtdko","article_modified_time":"2023-02-23T07:54:32+00:00","twitter_card":"summary_large_image","twitter_misc":{"Est. reading time":"1 minut\u0117"},"schema":{"@context":"https:\/\/schema.org","@graph":[{"@type":"WebPage","@id":"https:\/\/wp.adisoft.lt\/vtdko\/parama-studentams\/psichologine-pagalba\/","url":"https:\/\/wp.adisoft.lt\/vtdko\/parama-studentams\/psichologine-pagalba\/","name":"Psichologin\u0117 pagalba - vtdko","isPartOf":{"@id":"https:\/\/wp.adisoft.lt\/vtdko\/#website"},"datePublished":"2022-10-06T07:27:40+00:00","dateModified":"2023-02-23T07:54:32+00:00","breadcrumb":{"@id":"https:\/\/wp.adisoft.lt\/vtdko\/parama-studentams\/psichologine-pagalba\/#breadcrumb"},"inLanguage":"lt-LT","potentialAction":[{"@type":"ReadAction","target":["https:\/\/wp.adisoft.lt\/vtdko\/parama-studentams\/psichologine-pagalba\/"]}]},{"@type":"BreadcrumbList","@id":"https:\/\/wp.adisoft.lt\/vtdko\/parama-studentams\/psichologine-pagalba\/#breadcrumb","itemListElement":[{"@type":"ListItem","position":1,"name":"Pagrindinis","item":"https:\/\/wp.adisoft.lt\/vtdko\/"},{"@type":"ListItem","position":2,"name":"Parama studentams","item":"https:\/\/wp.adisoft.lt\/vtdko\/parama-studentams\/"},{"@type":"ListItem","position":3,"name":"Psichologin\u0117 pagalba"}]},{"@type":"WebSite","@id":"https:\/\/wp.adisoft.lt\/vtdko\/#website","url":"https:\/\/wp.adisoft.lt\/vtdko\/","name":"vtdko","description":"Vilniaus technologij\u0173 ir dizaino kolegija","publisher":{"@id":"https:\/\/wp.adisoft.lt\/vtdko\/#organization"},"potentialAction":[{"@type":"SearchAction","target":{"@type":"EntryPoint","urlTemplate":"https:\/\/wp.adisoft.lt\/vtdko\/?s={search_term_string}"},"query-input":"required name=search_term_string"}],"inLanguage":"lt-LT"},{"@type":"Organization","@id":"https:\/\/wp.adisoft.lt\/vtdko\/#organization","name":"vtdko","url":"https:\/\/wp.adisoft.lt\/vtdko\/","logo":{"@type":"ImageObject","inLanguage":"lt-LT","@id":"https:\/\/wp.adisoft.lt\/vtdko\/#\/schema\/logo\/image\/","url":"https:\/\/wp.adisoft.lt\/vtdko\/wp-content\/uploads\/2020\/02\/Logo-su-tekstu-01.svg","contentUrl":"https:\/\/wp.adisoft.lt\/vtdko\/wp-content\/uploads\/2020\/02\/Logo-su-tekstu-01.svg","width":151,"height":74,"caption":"vtdko"},"image":{"@id":"https:\/\/wp.adisoft.lt\/vtdko\/#\/schema\/logo\/image\/"}}]}},"_links":{"self":[{"href":"https:\/\/wp.adisoft.lt\/vtdko\/wp-json\/wp\/v2\/pages\/989191","targetHints":{"allow":["GET"]}}],"collection":[{"href":"https:\/\/wp.adisoft.lt\/vtdko\/wp-json\/wp\/v2\/pages"}],"about":[{"href":"https:\/\/wp.adisoft.lt\/vtdko\/wp-json\/wp\/v2\/types\/page"}],"author":[{"embeddable":true,"href":"https:\/\/wp.adisoft.lt\/vtdko\/wp-json\/wp\/v2\/users\/1"}],"replies":[{"embeddable":true,"href":"https:\/\/wp.adisoft.lt\/vtdko\/wp-json\/wp\/v2\/comments?post=989191"}],"version-history":[{"count":22,"href":"https:\/\/wp.adisoft.lt\/vtdko\/wp-json\/wp\/v2\/pages\/989191\/revisions"}],"predecessor-version":[{"id":1000340,"href":"https:\/\/wp.adisoft.lt\/vtdko\/wp-json\/wp\/v2\/pages\/989191\/revisions\/1000340"}],"up":[{"embeddable":true,"href":"https:\/\/wp.adisoft.lt\/vtdko\/wp-json\/wp\/v2\/pages\/989202"}],"wp:attachment":[{"href":"https:\/\/wp.adisoft.lt\/vtdko\/wp-json\/wp\/v2\/media?parent=989191"}],"curies":[{"name":"wp","href":"https:\/\/api.w.org\/{rel}","templated":true}]}}