{"id":989327,"date":"2022-10-07T09:05:49","date_gmt":"2022-10-07T06:05:49","guid":{"rendered":"https:\/\/wp.adisoft.lt\/vtdko\/?page_id=989327"},"modified":"2023-02-03T20:26:58","modified_gmt":"2023-02-03T17:26:58","slug":"absolventu-sekmes-istorijos","status":"publish","type":"page","link":"https:\/\/wp.adisoft.lt\/vtdko\/absolventu-sekmes-istorijos\/","title":{"rendered":"Absolvent\u0173 sekm\u0117s istorijos"},"content":{"rendered":"\t\t<div data-elementor-type=\"wp-page\" data-elementor-id=\"989327\" class=\"elementor elementor-989327\">\n\t\t\t\t\t\t\t\t\t<section class=\"elementor-section elementor-top-section elementor-element elementor-element-1445297 elementor-section-height-min-height elementor-section-boxed elementor-section-height-default elementor-section-items-middle\" data-id=\"1445297\" data-element_type=\"section\" data-settings=\"{&quot;background_background&quot;:&quot;classic&quot;,&quot;animation&quot;:&quot;none&quot;}\">\n\t\t\t\t\t\t<div class=\"elementor-container elementor-column-gap-default\">\n\t\t\t\t\t<div class=\"elementor-column elementor-col-100 elementor-top-column elementor-element elementor-element-3b90dae\" data-id=\"3b90dae\" data-element_type=\"column\" data-settings=\"{&quot;background_background&quot;:&quot;classic&quot;}\">\n\t\t\t<div class=\"elementor-widget-wrap\">\n\t\t\t\t\t\t\t\t\t<\/div>\n\t\t<\/div>\n\t\t\t\t\t\t\t<\/div>\n\t\t<\/section>\n\t\t\t\t<section class=\"elementor-section elementor-top-section elementor-element elementor-element-1af05dd elementor-section-boxed elementor-section-height-default elementor-section-height-default\" data-id=\"1af05dd\" data-element_type=\"section\" data-settings=\"{&quot;animation&quot;:&quot;none&quot;,&quot;animation_tablet&quot;:&quot;none&quot;,&quot;animation_mobile&quot;:&quot;none&quot;}\">\n\t\t\t\t\t\t<div class=\"elementor-container elementor-column-gap-no\">\n\t\t\t\t\t<div class=\"elementor-column elementor-col-50 elementor-top-column elementor-element elementor-element-6c1a677 animated-fast elementor-invisible\" data-id=\"6c1a677\" data-element_type=\"column\" data-settings=\"{&quot;background_background&quot;:&quot;classic&quot;,&quot;animation&quot;:&quot;fadeIn&quot;,&quot;animation_delay&quot;:100}\">\n\t\t\t<div class=\"elementor-widget-wrap elementor-element-populated\">\n\t\t\t\t\t\t\t\t<div class=\"elementor-element elementor-element-504b70e elementor-widget elementor-widget-text-editor\" data-id=\"504b70e\" data-element_type=\"widget\" data-settings=\"{&quot;_animation&quot;:&quot;none&quot;,&quot;_animation_delay&quot;:300}\" data-widget_type=\"text-editor.default\">\n\t\t\t\t<div class=\"elementor-widget-container\">\n\t\t\t\t\t\t\t<p>Vilniaus technologij\u0173 ir dizaino kolegija \u2013 \u010dia hobis virsta profesija!<\/p>\t\t\t\t\t\t<\/div>\n\t\t\t\t<\/div>\n\t\t\t\t\t<\/div>\n\t\t<\/div>\n\t\t\t\t<div class=\"elementor-column elementor-col-50 elementor-top-column elementor-element elementor-element-119fa21 elementor-hidden-desktop elementor-hidden-tablet elementor-hidden-phone\" data-id=\"119fa21\" data-element_type=\"column\">\n\t\t\t<div class=\"elementor-widget-wrap\">\n\t\t\t\t\t\t\t\t\t<\/div>\n\t\t<\/div>\n\t\t\t\t\t\t\t<\/div>\n\t\t<\/section>\n\t\t\t\t<section class=\"elementor-section elementor-top-section elementor-element elementor-element-d07599f elementor-section-boxed elementor-section-height-default elementor-section-height-default\" data-id=\"d07599f\" data-element_type=\"section\">\n\t\t\t\t\t\t<div class=\"elementor-container elementor-column-gap-default\">\n\t\t\t\t\t<div class=\"elementor-column elementor-col-100 elementor-top-column elementor-element elementor-element-ac27f23\" data-id=\"ac27f23\" data-element_type=\"column\">\n\t\t\t<div class=\"elementor-widget-wrap elementor-element-populated\">\n\t\t\t\t\t\t\t\t<div class=\"elementor-element elementor-element-de57ad8 elementor-widget elementor-widget-spacer\" data-id=\"de57ad8\" data-element_type=\"widget\" data-widget_type=\"spacer.default\">\n\t\t\t\t<div class=\"elementor-widget-container\">\n\t\t\t\t\t<div class=\"elementor-spacer\">\n\t\t\t<div class=\"elementor-spacer-inner\"><\/div>\n\t\t<\/div>\n\t\t\t\t<\/div>\n\t\t\t\t<\/div>\n\t\t\t\t\t<\/div>\n\t\t<\/div>\n\t\t\t\t\t\t\t<\/div>\n\t\t<\/section>\n\t\t\t\t<section class=\"elementor-section elementor-top-section elementor-element elementor-element-7e7822b elementor-section-boxed elementor-section-height-default elementor-section-height-default\" data-id=\"7e7822b\" data-element_type=\"section\">\n\t\t\t\t\t\t<div class=\"elementor-container elementor-column-gap-default\">\n\t\t\t\t\t<div class=\"elementor-column elementor-col-100 elementor-top-column elementor-element elementor-element-e23c01b\" data-id=\"e23c01b\" data-element_type=\"column\">\n\t\t\t<div class=\"elementor-widget-wrap elementor-element-populated\">\n\t\t\t\t\t\t\t\t<div class=\"elementor-element elementor-element-7ded80c elementor-widget elementor-widget-text-editor\" data-id=\"7ded80c\" data-element_type=\"widget\" data-widget_type=\"text-editor.default\">\n\t\t\t\t<div class=\"elementor-widget-container\">\n\t\t\t\t\t\t\t<p>Vilniaus technologij\u0173 ir dizaino kolegijoje (VTDK) savo s\u0117km\u0117s keli\u0105 prad\u0117jo ne viena ry\u0161ki asmenyb\u0117. Buv\u0119 studentai s\u0117kmingai kopia karjeros laiptais: vadovauja savo komandoms ar stambioms \u012fmon\u0117ms, \u012fkuria savo verslus ir net pelno apdovanojimus.<\/p><p>Darbo rinkoje pasi\u017eymintys alumnai turi k\u0105 papasakoti: nuo darbo rinkos i\u0161\u0161\u016bki\u0173 iki to, kaip atrodo j\u0173 darbo diena. Kiekviena istorija viena u\u017e kit\u0105 \u012fdomesn\u0117, o jose \u2013 gausu ne tik motyvacijos, bet ir patarim\u0173, kaip tapti s\u0117kmingu.<\/p>\t\t\t\t\t\t<\/div>\n\t\t\t\t<\/div>\n\t\t\t\t\t<\/div>\n\t\t<\/div>\n\t\t\t\t\t\t\t<\/div>\n\t\t<\/section>\n\t\t\t\t<section class=\"elementor-section elementor-top-section elementor-element elementor-element-d3d763b elementor-section-boxed elementor-section-height-default elementor-section-height-default\" data-id=\"d3d763b\" data-element_type=\"section\">\n\t\t\t\t\t\t<div class=\"elementor-container elementor-column-gap-default\">\n\t\t\t\t\t<div class=\"elementor-column elementor-col-100 elementor-top-column elementor-element elementor-element-92b9326\" data-id=\"92b9326\" data-element_type=\"column\">\n\t\t\t<div class=\"elementor-widget-wrap elementor-element-populated\">\n\t\t\t\t\t\t\t\t<div class=\"elementor-element elementor-element-9c7e5f4 elementor-widget elementor-widget-image\" data-id=\"9c7e5f4\" data-element_type=\"widget\" data-widget_type=\"image.default\">\n\t\t\t\t<div class=\"elementor-widget-container\">\n\t\t\t\t\t\t\t<div class=\"elementor-image\">\n\t\t\t\t\t\t\t\t\t\t\t\t\t\t\t\t\t\t\t\t\t<img loading=\"lazy\" decoding=\"async\" width=\"768\" height=\"512\" src=\"https:\/\/wp.adisoft.lt\/vtdko\/wp-content\/uploads\/2022\/10\/DIPLOMU_TEIKIMAS-768x512.jpeg\" class=\"attachment-medium_large size-medium_large\" alt=\"\" srcset=\"https:\/\/wp.adisoft.lt\/vtdko\/wp-content\/uploads\/2022\/10\/DIPLOMU_TEIKIMAS-768x512.jpeg 768w, https:\/\/wp.adisoft.lt\/vtdko\/wp-content\/uploads\/2022\/10\/DIPLOMU_TEIKIMAS-300x200.jpeg 300w, https:\/\/wp.adisoft.lt\/vtdko\/wp-content\/uploads\/2022\/10\/DIPLOMU_TEIKIMAS-1024x683.jpeg 1024w, https:\/\/wp.adisoft.lt\/vtdko\/wp-content\/uploads\/2022\/10\/DIPLOMU_TEIKIMAS-1536x1024.jpeg 1536w, https:\/\/wp.adisoft.lt\/vtdko\/wp-content\/uploads\/2022\/10\/DIPLOMU_TEIKIMAS-2048x1365.jpeg 2048w\" sizes=\"auto, (max-width: 768px) 100vw, 768px\" \/>\t\t\t\t\t\t\t\t\t\t\t\t\t\t\t\t\t\t\t\t\t\t\t\t<\/div>\n\t\t\t\t\t\t<\/div>\n\t\t\t\t<\/div>\n\t\t\t\t\t<\/div>\n\t\t<\/div>\n\t\t\t\t\t\t\t<\/div>\n\t\t<\/section>\n\t\t\t\t<section class=\"elementor-section elementor-top-section elementor-element elementor-element-29c11ac elementor-section-boxed elementor-section-height-default elementor-section-height-default\" data-id=\"29c11ac\" data-element_type=\"section\">\n\t\t\t\t\t\t<div class=\"elementor-container elementor-column-gap-default\">\n\t\t\t\t\t<div class=\"elementor-column elementor-col-100 elementor-top-column elementor-element elementor-element-eae11b9\" data-id=\"eae11b9\" data-element_type=\"column\">\n\t\t\t<div class=\"elementor-widget-wrap elementor-element-populated\">\n\t\t\t\t\t\t\t\t<div class=\"elementor-element elementor-element-f85dc8c elementor-widget elementor-widget-spacer\" data-id=\"f85dc8c\" data-element_type=\"widget\" data-widget_type=\"spacer.default\">\n\t\t\t\t<div class=\"elementor-widget-container\">\n\t\t\t\t\t<div class=\"elementor-spacer\">\n\t\t\t<div class=\"elementor-spacer-inner\"><\/div>\n\t\t<\/div>\n\t\t\t\t<\/div>\n\t\t\t\t<\/div>\n\t\t\t\t<div class=\"elementor-element elementor-element-77d73ce elementor-widget elementor-widget-text-editor\" data-id=\"77d73ce\" data-element_type=\"widget\" data-widget_type=\"text-editor.default\">\n\t\t\t\t<div class=\"elementor-widget-container\">\n\t\t\t\t\t\t\t<p style=\"text-align: left;\"><a href=\"https:\/\/wp.adisoft.lt\/vtdko\/absolventu-sekmes-istorijos\/vtdk-alumnes-r-granskaites-istorija-popamokine-veikla-tapo-nuosavu-verslu\/\">VTDK alumn\u0117s R. Granskait\u0117s istorija: \u201epopamokin\u0117\u201c veikla tapo verslu<\/a><\/p><p style=\"text-align: left;\"><a style=\"font-family: inherit; font-size: inherit; font-style: inherit; font-variant-ligatures: inherit; font-variant-caps: inherit; font-weight: inherit; letter-spacing: var(--vamtam-primary-font-letter-spacing-desktop,normal); text-transform: var(--vamtam-primary-font-transform,none);\" href=\"https:\/\/wp.adisoft.lt\/vtdko\/absolventu-sekmes-istorijos\/pasauline-vtdk-absolvento-sekme-su-komanda-kuria-interaktyvias-biuro-sistemas\/\">Pasaulin\u0117 VTDK absolvento s\u0117km\u0117 \u2013 su komanda kuria interaktyvias biuro sistemas<\/a><\/p><p style=\"text-align: left;\"><a href=\"https:\/\/wp.adisoft.lt\/vtdko\/absolventu-sekmes-istorijos\/animacijos-kureja-u-oettinger-idejos-yra-aplinkui-tereikia-jas-pastebeti\/\">Animacijos k\u016br\u0117ja U. Oettinger: id\u0117jos yra aplinkui, tereikia jas pasteb\u0117ti<\/a><\/p><p style=\"text-align: left;\"><a href=\"https:\/\/wp.adisoft.lt\/vtdko\/absolventu-sekmes-istorijos\/r-jautakaites-gyvenimo-vingiai-priverstinai-baigusi-pianistes-karjera-atrado-interjero-dizaina\/\">R. Jautakait\u0117s gyvenimo vingiai: baigusi pianist\u0117s karjer\u0105, atrado interjero dizain\u0105<\/a><\/p><p style=\"text-align: left;\"><a href=\"https:\/\/wp.adisoft.lt\/vtdko\/absolventu-sekmes-istorijos\/15min-fotografas-z-gedvila-darbas-spaudoje-mane-zavi\/\">\u201e15min\u201c fotografas \u017d. Gedvila: darbas spaudoje mane \u017eavi (foto)<\/a><\/p><p style=\"text-align: left;\"><a href=\"https:\/\/wp.adisoft.lt\/vtdko\/absolventu-sekmes-istorijos\/milijonines-imones-skyriaus-vadovas-r-jurkevicius-ivardijo-kaip-tapti-sekmingu\/\">Milijonin\u0117s \u012fmon\u0117s skyriaus vadovas R. Jurkevi\u010dius \u012fvardijo, kaip tapti s\u0117kmingu<\/a><\/p><p style=\"text-align: left;\"><a href=\"https:\/\/wp.adisoft.lt\/vtdko\/absolventu-sekmes-istorijos\/kolegijos-baigiamuoju-darbu-pasaulinio-lygio-ivertinima-pelniusi-k-asvice-tai-puiki-motyvacija\/\">Kolegijos baigiamuoju darbu pasaulinio lygio \u012fvertinim\u0105 pelniusi K. A\u0161vic\u0117: tai puiki motyvacija<\/a><\/p><p style=\"text-align: left;\"><a href=\"https:\/\/wp.adisoft.lt\/vtdko\/absolventu-sekmes-istorijos\/mados-versle-besisukantis-alumnas-t-avizienius-sekme-nulemia-zinios-ir-budo-savybes\/\">Mados versle besisukantis alumnas T. Avi\u017eienius: s\u0117km\u0119 nulemia \u017einios ir b\u016bdo savyb\u0117s<\/a><\/p><div class=\"leading-8\" style=\"text-align: left;\"><div class=\"item clearfix\"><div class=\"heading\"><p style=\"text-align: left;\"><a href=\"https:\/\/wp.adisoft.lt\/vtdko\/absolventu-sekmes-istorijos\/e-makauskaites-galaburdes-istorija-po-studiju-i-vadoves-pareigas\/\">E. Makauskait\u0117s-Galaburd\u0117s istorija: po studij\u0173 \u2013 \u012f vadov\u0117s pareigas<\/a><\/p><div class=\"leading-9\" style=\"text-align: left;\"><div class=\"item clearfix\"><div class=\"heading\"><p style=\"text-align: left;\"><a href=\"https:\/\/wp.adisoft.lt\/vtdko\/absolventu-sekmes-istorijos\/ne-viena-apdovanojima-pelniusi-a-balke-atvira-ne-visada-dirbo-pagal-specialybe\/\">Ne vien\u0105 apdovanojim\u0105 pelniusi A. Balk\u0117 atvira: ne visada dirbo pagal specialyb\u0119<\/a><\/p><p style=\"text-align: left;\"><a href=\"https:\/\/wp.adisoft.lt\/vtdko\/absolventu-sekmes-istorijos\/absolventas-g-raskevicius-jei-ne-kolegija-galbut-nebuciau-ten-kur-esu-dabar\/\">Absolventas G. Ra\u0161kevi\u010dius: jei ne kolegija, galb\u016bt neb\u016b\u010diau ten, kur esu dabar<\/a><\/p><p style=\"text-align: left;\"><a href=\"https:\/\/wp.adisoft.lt\/vtdko\/absolventu-sekmes-istorijos\/alumnas-m-vilkelis-studijos-kolegijoje-tapo-tvirtu-pagrindu-karjerai\/\">Alumnas M. Vilkelis: studijos kolegijoje tapo tvirtu pagrindu karjerai<\/a><\/p><p style=\"text-align: left;\"><a href=\"https:\/\/wp.adisoft.lt\/vtdko\/absolventu-sekmes-istorijos\/alumnas-n-pagalys-papasakojo-kaip-jam-pavyko-pagauti-karjeros-zvaigzde\/\">Alumnas\u00a0N. Pagalys\u00a0papasakojo, kaip jam pavyko\u00a0\u201epagauti\u201c\u00a0karjeros \u017evaig\u017ed\u0119<\/a><\/p><p style=\"text-align: left;\"><a href=\"https:\/\/wp.adisoft.lt\/vtdko\/absolventu-sekmes-istorijos\/absolventas-r-maciulis-vtdk-yra-tarsi-namai\/\">Absolventas R. Ma\u010diulis: \u201eVTDK yra tarsi namai\u201c<\/a><\/p><\/div><\/div><\/div><\/div><\/div><\/div>\t\t\t\t\t\t<\/div>\n\t\t\t\t<\/div>\n\t\t\t\t<div class=\"elementor-element elementor-element-ccf8bd2 elementor-widget elementor-widget-spacer\" data-id=\"ccf8bd2\" data-element_type=\"widget\" data-widget_type=\"spacer.default\">\n\t\t\t\t<div class=\"elementor-widget-container\">\n\t\t\t\t\t<div class=\"elementor-spacer\">\n\t\t\t<div class=\"elementor-spacer-inner\"><\/div>\n\t\t<\/div>\n\t\t\t\t<\/div>\n\t\t\t\t<\/div>\n\t\t\t\t\t<\/div>\n\t\t<\/div>\n\t\t\t\t\t\t\t<\/div>\n\t\t<\/section>\n\t\t\t\t\t\t\t<\/div>\n\t\t","protected":false},"excerpt":{"rendered":"<p>Vilniaus technologij\u0173 ir dizaino kolegija \u2013 \u010dia hobis virsta profesija! Vilniaus technologij\u0173 ir dizaino kolegijoje (VTDK) savo s\u0117km\u0117s keli\u0105 prad\u0117jo ne viena ry\u0161ki asmenyb\u0117. Buv\u0119 studentai s\u0117kmingai kopia karjeros laiptais: vadovauja savo komandoms ar stambioms \u012fmon\u0117ms, \u012fkuria savo verslus ir net pelno apdovanojimus. Darbo rinkoje pasi\u017eymintys alumnai turi k\u0105 papasakoti: nuo darbo rinkos i\u0161\u0161\u016bki\u0173 iki&#8230;<\/p>\n","protected":false},"author":1,"featured_media":0,"parent":0,"menu_order":0,"comment_status":"closed","ping_status":"closed","template":"","meta":{"inline_featured_image":false,"footnotes":""},"class_list":["post-989327","page","type-page","status-publish","hentry"],"yoast_head":"<!-- This site is optimized with the Yoast SEO plugin v19.12 - https:\/\/yoast.com\/wordpress\/plugins\/seo\/ -->\n<title>Absolvent\u0173 sekm\u0117s istorijos - vtdko<\/title>\n<meta name=\"robots\" content=\"noindex, follow, max-snippet:-1, max-image-preview:large, max-video-preview:-1\" \/>\n<meta property=\"og:locale\" content=\"lt_LT\" \/>\n<meta property=\"og:type\" content=\"article\" \/>\n<meta property=\"og:title\" content=\"Absolvent\u0173 sekm\u0117s istorijos - vtdko\" \/>\n<meta property=\"og:description\" content=\"Vilniaus technologij\u0173 ir dizaino kolegija \u2013 \u010dia hobis virsta profesija! Vilniaus technologij\u0173 ir dizaino kolegijoje (VTDK) savo s\u0117km\u0117s keli\u0105 prad\u0117jo ne viena ry\u0161ki asmenyb\u0117. Buv\u0119 studentai s\u0117kmingai kopia karjeros laiptais: vadovauja savo komandoms ar stambioms \u012fmon\u0117ms, \u012fkuria savo verslus ir net pelno apdovanojimus. Darbo rinkoje pasi\u017eymintys alumnai turi k\u0105 papasakoti: nuo darbo rinkos i\u0161\u0161\u016bki\u0173 iki...\" \/>\n<meta property=\"og:url\" content=\"https:\/\/wp.adisoft.lt\/vtdko\/absolventu-sekmes-istorijos\/\" \/>\n<meta property=\"og:site_name\" content=\"vtdko\" \/>\n<meta property=\"article:modified_time\" content=\"2023-02-03T17:26:58+00:00\" \/>\n<meta property=\"og:image\" content=\"https:\/\/wp.adisoft.lt\/vtdko\/wp-content\/uploads\/2022\/10\/DIPLOMU_TEIKIMAS-768x512.jpeg\" \/>\n<meta name=\"twitter:card\" content=\"summary_large_image\" \/>\n<meta name=\"twitter:label1\" content=\"Est. reading time\" \/>\n\t<meta name=\"twitter:data1\" content=\"2 minut\u0117s\" \/>\n<script type=\"application\/ld+json\" class=\"yoast-schema-graph\">{\"@context\":\"https:\/\/schema.org\",\"@graph\":[{\"@type\":\"WebPage\",\"@id\":\"https:\/\/wp.adisoft.lt\/vtdko\/absolventu-sekmes-istorijos\/\",\"url\":\"https:\/\/wp.adisoft.lt\/vtdko\/absolventu-sekmes-istorijos\/\",\"name\":\"Absolvent\u0173 sekm\u0117s istorijos - vtdko\",\"isPartOf\":{\"@id\":\"https:\/\/wp.adisoft.lt\/vtdko\/#website\"},\"datePublished\":\"2022-10-07T06:05:49+00:00\",\"dateModified\":\"2023-02-03T17:26:58+00:00\",\"breadcrumb\":{\"@id\":\"https:\/\/wp.adisoft.lt\/vtdko\/absolventu-sekmes-istorijos\/#breadcrumb\"},\"inLanguage\":\"lt-LT\",\"potentialAction\":[{\"@type\":\"ReadAction\",\"target\":[\"https:\/\/wp.adisoft.lt\/vtdko\/absolventu-sekmes-istorijos\/\"]}]},{\"@type\":\"BreadcrumbList\",\"@id\":\"https:\/\/wp.adisoft.lt\/vtdko\/absolventu-sekmes-istorijos\/#breadcrumb\",\"itemListElement\":[{\"@type\":\"ListItem\",\"position\":1,\"name\":\"Pagrindinis\",\"item\":\"https:\/\/wp.adisoft.lt\/vtdko\/\"},{\"@type\":\"ListItem\",\"position\":2,\"name\":\"Absolvent\u0173 sekm\u0117s istorijos\"}]},{\"@type\":\"WebSite\",\"@id\":\"https:\/\/wp.adisoft.lt\/vtdko\/#website\",\"url\":\"https:\/\/wp.adisoft.lt\/vtdko\/\",\"name\":\"vtdko\",\"description\":\"Vilniaus technologij\u0173 ir dizaino kolegija\",\"publisher\":{\"@id\":\"https:\/\/wp.adisoft.lt\/vtdko\/#organization\"},\"potentialAction\":[{\"@type\":\"SearchAction\",\"target\":{\"@type\":\"EntryPoint\",\"urlTemplate\":\"https:\/\/wp.adisoft.lt\/vtdko\/?s={search_term_string}\"},\"query-input\":\"required name=search_term_string\"}],\"inLanguage\":\"lt-LT\"},{\"@type\":\"Organization\",\"@id\":\"https:\/\/wp.adisoft.lt\/vtdko\/#organization\",\"name\":\"vtdko\",\"url\":\"https:\/\/wp.adisoft.lt\/vtdko\/\",\"logo\":{\"@type\":\"ImageObject\",\"inLanguage\":\"lt-LT\",\"@id\":\"https:\/\/wp.adisoft.lt\/vtdko\/#\/schema\/logo\/image\/\",\"url\":\"https:\/\/wp.adisoft.lt\/vtdko\/wp-content\/uploads\/2020\/02\/Logo-su-tekstu-01.svg\",\"contentUrl\":\"https:\/\/wp.adisoft.lt\/vtdko\/wp-content\/uploads\/2020\/02\/Logo-su-tekstu-01.svg\",\"width\":151,\"height\":74,\"caption\":\"vtdko\"},\"image\":{\"@id\":\"https:\/\/wp.adisoft.lt\/vtdko\/#\/schema\/logo\/image\/\"}}]}<\/script>\n<!-- \/ Yoast SEO plugin. -->","yoast_head_json":{"title":"Absolvent\u0173 sekm\u0117s istorijos - vtdko","robots":{"index":"noindex","follow":"follow","max-snippet":"max-snippet:-1","max-image-preview":"max-image-preview:large","max-video-preview":"max-video-preview:-1"},"og_locale":"lt_LT","og_type":"article","og_title":"Absolvent\u0173 sekm\u0117s istorijos - vtdko","og_description":"Vilniaus technologij\u0173 ir dizaino kolegija \u2013 \u010dia hobis virsta profesija! Vilniaus technologij\u0173 ir dizaino kolegijoje (VTDK) savo s\u0117km\u0117s keli\u0105 prad\u0117jo ne viena ry\u0161ki asmenyb\u0117. Buv\u0119 studentai s\u0117kmingai kopia karjeros laiptais: vadovauja savo komandoms ar stambioms \u012fmon\u0117ms, \u012fkuria savo verslus ir net pelno apdovanojimus. Darbo rinkoje pasi\u017eymintys alumnai turi k\u0105 papasakoti: nuo darbo rinkos i\u0161\u0161\u016bki\u0173 iki...","og_url":"https:\/\/wp.adisoft.lt\/vtdko\/absolventu-sekmes-istorijos\/","og_site_name":"vtdko","article_modified_time":"2023-02-03T17:26:58+00:00","og_image":[{"url":"https:\/\/wp.adisoft.lt\/vtdko\/wp-content\/uploads\/2022\/10\/DIPLOMU_TEIKIMAS-768x512.jpeg"}],"twitter_card":"summary_large_image","twitter_misc":{"Est. reading time":"2 minut\u0117s"},"schema":{"@context":"https:\/\/schema.org","@graph":[{"@type":"WebPage","@id":"https:\/\/wp.adisoft.lt\/vtdko\/absolventu-sekmes-istorijos\/","url":"https:\/\/wp.adisoft.lt\/vtdko\/absolventu-sekmes-istorijos\/","name":"Absolvent\u0173 sekm\u0117s istorijos - vtdko","isPartOf":{"@id":"https:\/\/wp.adisoft.lt\/vtdko\/#website"},"datePublished":"2022-10-07T06:05:49+00:00","dateModified":"2023-02-03T17:26:58+00:00","breadcrumb":{"@id":"https:\/\/wp.adisoft.lt\/vtdko\/absolventu-sekmes-istorijos\/#breadcrumb"},"inLanguage":"lt-LT","potentialAction":[{"@type":"ReadAction","target":["https:\/\/wp.adisoft.lt\/vtdko\/absolventu-sekmes-istorijos\/"]}]},{"@type":"BreadcrumbList","@id":"https:\/\/wp.adisoft.lt\/vtdko\/absolventu-sekmes-istorijos\/#breadcrumb","itemListElement":[{"@type":"ListItem","position":1,"name":"Pagrindinis","item":"https:\/\/wp.adisoft.lt\/vtdko\/"},{"@type":"ListItem","position":2,"name":"Absolvent\u0173 sekm\u0117s istorijos"}]},{"@type":"WebSite","@id":"https:\/\/wp.adisoft.lt\/vtdko\/#website","url":"https:\/\/wp.adisoft.lt\/vtdko\/","name":"vtdko","description":"Vilniaus technologij\u0173 ir dizaino kolegija","publisher":{"@id":"https:\/\/wp.adisoft.lt\/vtdko\/#organization"},"potentialAction":[{"@type":"SearchAction","target":{"@type":"EntryPoint","urlTemplate":"https:\/\/wp.adisoft.lt\/vtdko\/?s={search_term_string}"},"query-input":"required name=search_term_string"}],"inLanguage":"lt-LT"},{"@type":"Organization","@id":"https:\/\/wp.adisoft.lt\/vtdko\/#organization","name":"vtdko","url":"https:\/\/wp.adisoft.lt\/vtdko\/","logo":{"@type":"ImageObject","inLanguage":"lt-LT","@id":"https:\/\/wp.adisoft.lt\/vtdko\/#\/schema\/logo\/image\/","url":"https:\/\/wp.adisoft.lt\/vtdko\/wp-content\/uploads\/2020\/02\/Logo-su-tekstu-01.svg","contentUrl":"https:\/\/wp.adisoft.lt\/vtdko\/wp-content\/uploads\/2020\/02\/Logo-su-tekstu-01.svg","width":151,"height":74,"caption":"vtdko"},"image":{"@id":"https:\/\/wp.adisoft.lt\/vtdko\/#\/schema\/logo\/image\/"}}]}},"_links":{"self":[{"href":"https:\/\/wp.adisoft.lt\/vtdko\/wp-json\/wp\/v2\/pages\/989327","targetHints":{"allow":["GET"]}}],"collection":[{"href":"https:\/\/wp.adisoft.lt\/vtdko\/wp-json\/wp\/v2\/pages"}],"about":[{"href":"https:\/\/wp.adisoft.lt\/vtdko\/wp-json\/wp\/v2\/types\/page"}],"author":[{"embeddable":true,"href":"https:\/\/wp.adisoft.lt\/vtdko\/wp-json\/wp\/v2\/users\/1"}],"replies":[{"embeddable":true,"href":"https:\/\/wp.adisoft.lt\/vtdko\/wp-json\/wp\/v2\/comments?post=989327"}],"version-history":[{"count":44,"href":"https:\/\/wp.adisoft.lt\/vtdko\/wp-json\/wp\/v2\/pages\/989327\/revisions"}],"predecessor-version":[{"id":998417,"href":"https:\/\/wp.adisoft.lt\/vtdko\/wp-json\/wp\/v2\/pages\/989327\/revisions\/998417"}],"wp:attachment":[{"href":"https:\/\/wp.adisoft.lt\/vtdko\/wp-json\/wp\/v2\/media?parent=989327"}],"curies":[{"name":"wp","href":"https:\/\/api.w.org\/{rel}","templated":true}]}}