{"id":989544,"date":"2022-10-13T14:44:00","date_gmt":"2022-10-13T11:44:00","guid":{"rendered":"https:\/\/wp.adisoft.lt\/vtdko\/?page_id=989544"},"modified":"2023-02-04T13:56:31","modified_gmt":"2023-02-04T10:56:31","slug":"suvirintojas-po-12-klasiu-2-m","status":"publish","type":"page","link":"https:\/\/wp.adisoft.lt\/vtdko\/profesinio-mokymo-skyrius\/suvirintojas-po-12-klasiu-2-m\/","title":{"rendered":"Suvirintojas (po 12 klasi\u0173 \u2013 2 m.)"},"content":{"rendered":"\t\t<div data-elementor-type=\"wp-page\" data-elementor-id=\"989544\" class=\"elementor elementor-989544\">\n\t\t\t\t\t\t\t\t\t<section class=\"elementor-section elementor-top-section elementor-element elementor-element-4640ac6 elementor-section-height-min-height elementor-section-boxed elementor-section-height-default elementor-section-items-middle\" data-id=\"4640ac6\" data-element_type=\"section\" data-settings=\"{&quot;background_background&quot;:&quot;classic&quot;,&quot;animation&quot;:&quot;none&quot;}\">\n\t\t\t\t\t\t<div class=\"elementor-container elementor-column-gap-default\">\n\t\t\t\t\t<div class=\"elementor-column elementor-col-100 elementor-top-column elementor-element elementor-element-d8b8315\" data-id=\"d8b8315\" data-element_type=\"column\" data-settings=\"{&quot;background_background&quot;:&quot;classic&quot;}\">\n\t\t\t<div class=\"elementor-widget-wrap\">\n\t\t\t\t\t\t\t\t\t<\/div>\n\t\t<\/div>\n\t\t\t\t\t\t\t<\/div>\n\t\t<\/section>\n\t\t\t\t<section class=\"elementor-section elementor-top-section elementor-element elementor-element-217ccf4 elementor-section-boxed elementor-section-height-default elementor-section-height-default\" data-id=\"217ccf4\" data-element_type=\"section\" data-settings=\"{&quot;animation&quot;:&quot;none&quot;,&quot;animation_tablet&quot;:&quot;none&quot;,&quot;animation_mobile&quot;:&quot;none&quot;}\">\n\t\t\t\t\t\t<div class=\"elementor-container elementor-column-gap-no\">\n\t\t\t\t\t<div class=\"elementor-column elementor-col-50 elementor-top-column elementor-element elementor-element-5ddb244 animated-fast elementor-invisible\" data-id=\"5ddb244\" data-element_type=\"column\" data-settings=\"{&quot;background_background&quot;:&quot;classic&quot;,&quot;animation&quot;:&quot;fadeIn&quot;,&quot;animation_delay&quot;:100}\">\n\t\t\t<div class=\"elementor-widget-wrap elementor-element-populated\">\n\t\t\t\t\t\t\t\t<div class=\"elementor-element elementor-element-a53bcbb elementor-widget__width-auto elementor-widget-tablet__width-auto elementor-widget-mobile__width-inherit elementor-widget elementor-widget-heading\" data-id=\"a53bcbb\" data-element_type=\"widget\" data-settings=\"{&quot;_animation&quot;:&quot;none&quot;,&quot;_animation_delay&quot;:200}\" data-widget_type=\"heading.heading_charityfy\">\n\t\t\t\t<div class=\"elementor-widget-container\">\n\t\t\t<h1 class=\"elementor-heading-title elementor-size-default\">Suvirintojas<\/h1>\t\t<\/div>\n\t\t\t\t<\/div>\n\t\t\t\t<div class=\"elementor-element elementor-element-9a44cac elementor-widget elementor-widget-text-editor\" data-id=\"9a44cac\" data-element_type=\"widget\" data-settings=\"{&quot;_animation&quot;:&quot;none&quot;,&quot;_animation_delay&quot;:300}\" data-widget_type=\"text-editor.default\">\n\t\t\t\t<div class=\"elementor-widget-container\">\n\t\t\t\t\t\t\t<p>(po 12 klasi\u0173 &#8211; 2 metai)<\/p>\t\t\t\t\t\t<\/div>\n\t\t\t\t<\/div>\n\t\t\t\t\t<\/div>\n\t\t<\/div>\n\t\t\t\t<div class=\"elementor-column elementor-col-50 elementor-top-column elementor-element elementor-element-c507fbf elementor-hidden-desktop elementor-hidden-tablet elementor-hidden-phone\" data-id=\"c507fbf\" data-element_type=\"column\">\n\t\t\t<div class=\"elementor-widget-wrap\">\n\t\t\t\t\t\t\t\t\t<\/div>\n\t\t<\/div>\n\t\t\t\t\t\t\t<\/div>\n\t\t<\/section>\n\t\t\t\t<section class=\"elementor-section elementor-top-section elementor-element elementor-element-d07599f elementor-section-boxed elementor-section-height-default elementor-section-height-default\" data-id=\"d07599f\" data-element_type=\"section\">\n\t\t\t\t\t\t<div class=\"elementor-container elementor-column-gap-default\">\n\t\t\t\t\t<div class=\"elementor-column elementor-col-100 elementor-top-column elementor-element elementor-element-ac27f23\" data-id=\"ac27f23\" data-element_type=\"column\">\n\t\t\t<div class=\"elementor-widget-wrap elementor-element-populated\">\n\t\t\t\t\t\t\t\t<div class=\"elementor-element elementor-element-6e5eff6 elementor-widget elementor-widget-spacer\" data-id=\"6e5eff6\" data-element_type=\"widget\" data-widget_type=\"spacer.default\">\n\t\t\t\t<div class=\"elementor-widget-container\">\n\t\t\t\t\t<div class=\"elementor-spacer\">\n\t\t\t<div class=\"elementor-spacer-inner\"><\/div>\n\t\t<\/div>\n\t\t\t\t<\/div>\n\t\t\t\t<\/div>\n\t\t\t\t\t<\/div>\n\t\t<\/div>\n\t\t\t\t\t\t\t<\/div>\n\t\t<\/section>\n\t\t\t\t<section class=\"elementor-section elementor-top-section elementor-element elementor-element-7e7822b elementor-section-boxed elementor-section-height-default elementor-section-height-default\" data-id=\"7e7822b\" data-element_type=\"section\">\n\t\t\t\t\t\t<div class=\"elementor-container elementor-column-gap-default\">\n\t\t\t\t\t<div class=\"elementor-column elementor-col-100 elementor-top-column elementor-element elementor-element-e23c01b\" data-id=\"e23c01b\" data-element_type=\"column\">\n\t\t\t<div class=\"elementor-widget-wrap elementor-element-populated\">\n\t\t\t\t\t\t\t\t<div class=\"elementor-element elementor-element-7ded80c elementor-widget elementor-widget-text-editor\" data-id=\"7ded80c\" data-element_type=\"widget\" data-widget_type=\"text-editor.default\">\n\t\t\t\t<div class=\"elementor-widget-container\">\n\t\t\t\t\t\t\t<p><strong>Valstybinis kodas:<\/strong>&nbsp;P43071501.<br><strong>\u0160vietimo sritis:<\/strong>&nbsp;In\u017einerija ir in\u017einerin\u0117s profesijos.<br><strong>Apimtis ir trukm\u0117:<br><\/strong><strong>Programa, skirta pirminiam profesiniam mokymui, 110 mokymosi kredit\u0173 \u2013 2 metai.<\/strong><\/p>\n<p><br><\/p>\t\t\t\t\t\t<\/div>\n\t\t\t\t<\/div>\n\t\t\t\t\t<\/div>\n\t\t<\/div>\n\t\t\t\t\t\t\t<\/div>\n\t\t<\/section>\n\t\t\t\t<section class=\"elementor-section elementor-top-section elementor-element elementor-element-0145241 elementor-section-boxed elementor-section-height-default elementor-section-height-default\" data-id=\"0145241\" data-element_type=\"section\" data-settings=\"{&quot;background_background&quot;:&quot;classic&quot;}\">\n\t\t\t\t\t\t<div class=\"elementor-container elementor-column-gap-default\">\n\t\t\t\t\t<div class=\"elementor-column elementor-col-100 elementor-top-column elementor-element elementor-element-dcfd858\" data-id=\"dcfd858\" data-element_type=\"column\">\n\t\t\t<div class=\"elementor-widget-wrap elementor-element-populated\">\n\t\t\t\t\t\t\t\t<div class=\"elementor-element elementor-element-ee63346 elementor-widget elementor-widget-heading\" data-id=\"ee63346\" data-element_type=\"widget\" data-widget_type=\"heading.default\">\n\t\t\t\t<div class=\"elementor-widget-container\">\n\t\t\t<h2 class=\"elementor-heading-title elementor-size-default\">I\u0161moksiu:<\/h2>\t\t<\/div>\n\t\t\t\t<\/div>\n\t\t\t\t<div class=\"elementor-element elementor-element-8b9ec37 elementor-widget elementor-widget-text-editor\" data-id=\"8b9ec37\" data-element_type=\"widget\" data-widget_type=\"text-editor.default\">\n\t\t\t\t<div class=\"elementor-widget-container\">\n\t\t\t\t\t\t\t<ul><li>surinkti detales pagal SPA ir technologines korteles, naudotis suvirinimo standartais;<\/li><li>suvirinti \u012fvairias plien\u0173 mazg\u0173 konstrukcijas glaistytaisiais elektrodais MMA b\u016bdu;<\/li><li>suvirinti ner\u016bdijant\u012f plien\u0105, metalus ir j\u0173 lydinius MIG\/MAG b\u016bdu;<\/li><li>suvirinti titan\u0105 ir jo lydinius TIG suvirinimo b\u016bdu;<\/li><li>pjaustyti metalus rankiniu deguoniniu liepsniniu (dujiniu) ir plazminiu b\u016bdais;<\/li><li>atlikti plien\u0173 apvirinimo darbus kietmetaliais;<\/li><li>lituoti vario lydinius liepsniniu b\u016bdu;<\/li><li>nustatyti suvirinimo defektus ir juos pa\u0161alinti.<\/li><\/ul>\t\t\t\t\t\t<\/div>\n\t\t\t\t<\/div>\n\t\t\t\t<div class=\"elementor-element elementor-element-fa5a3f3 elementor-widget elementor-widget-spacer\" data-id=\"fa5a3f3\" data-element_type=\"widget\" data-widget_type=\"spacer.default\">\n\t\t\t\t<div class=\"elementor-widget-container\">\n\t\t\t\t\t<div class=\"elementor-spacer\">\n\t\t\t<div class=\"elementor-spacer-inner\"><\/div>\n\t\t<\/div>\n\t\t\t\t<\/div>\n\t\t\t\t<\/div>\n\t\t\t\t\t<\/div>\n\t\t<\/div>\n\t\t\t\t\t\t\t<\/div>\n\t\t<\/section>\n\t\t\t\t<section class=\"elementor-section elementor-top-section elementor-element elementor-element-f71234f elementor-section-boxed elementor-section-height-default elementor-section-height-default\" data-id=\"f71234f\" data-element_type=\"section\" data-settings=\"{&quot;background_background&quot;:&quot;classic&quot;}\">\n\t\t\t\t\t\t<div class=\"elementor-container elementor-column-gap-default\">\n\t\t\t\t\t<div class=\"elementor-column elementor-col-100 elementor-top-column elementor-element elementor-element-73460be\" data-id=\"73460be\" data-element_type=\"column\">\n\t\t\t<div class=\"elementor-widget-wrap elementor-element-populated\">\n\t\t\t\t\t\t\t\t<div class=\"elementor-element elementor-element-1be0473 elementor-widget elementor-widget-heading\" data-id=\"1be0473\" data-element_type=\"widget\" data-widget_type=\"heading.default\">\n\t\t\t\t<div class=\"elementor-widget-container\">\n\t\t\t<h2 class=\"elementor-heading-title elementor-size-default\">Dirbsiu:<\/h2>\t\t<\/div>\n\t\t\t\t<\/div>\n\t\t\t\t<div class=\"elementor-element elementor-element-45b1e05 elementor-widget elementor-widget-text-editor\" data-id=\"45b1e05\" data-element_type=\"widget\" data-widget_type=\"text-editor.default\">\n\t\t\t\t<div class=\"elementor-widget-container\">\n\t\t\t\t\t\t\t<ul><li>in\u017einerin\u0117s pramon\u0117s ir metalo apdirbimo gamyklose;<\/li><li>statybose gaminant bei montuojant \u012fvairias konstrukcijas, in\u017einerinius tinklus;<\/li><li>energetikos sektoriuje gaminant ir montuojant \u012fvairius vamzdynus, katilus, sl\u0117ginius indus bei talpyklas;<\/li><li>\u017eem\u0117s \u016bkio sektoriuje atliekant nauj\u0173 ir naudot\u0173 gamini\u0173 suvirinimo remonto darbus;<\/li><li>aptarnavimo bei kituose Lietuvos ir Europos S\u0105jungos \u016bkio sektoriuose.<\/li><\/ul>\t\t\t\t\t\t<\/div>\n\t\t\t\t<\/div>\n\t\t\t\t<div class=\"elementor-element elementor-element-8905c1a elementor-widget elementor-widget-spacer\" data-id=\"8905c1a\" data-element_type=\"widget\" data-widget_type=\"spacer.default\">\n\t\t\t\t<div class=\"elementor-widget-container\">\n\t\t\t\t\t<div class=\"elementor-spacer\">\n\t\t\t<div class=\"elementor-spacer-inner\"><\/div>\n\t\t<\/div>\n\t\t\t\t<\/div>\n\t\t\t\t<\/div>\n\t\t\t\t\t<\/div>\n\t\t<\/div>\n\t\t\t\t\t\t\t<\/div>\n\t\t<\/section>\n\t\t\t\t<section class=\"elementor-section elementor-top-section elementor-element elementor-element-9428fc0 elementor-section-boxed elementor-section-height-default elementor-section-height-default\" data-id=\"9428fc0\" data-element_type=\"section\" data-settings=\"{&quot;background_background&quot;:&quot;classic&quot;}\">\n\t\t\t\t\t\t<div class=\"elementor-container elementor-column-gap-default\">\n\t\t\t\t\t<div class=\"elementor-column elementor-col-100 elementor-top-column elementor-element elementor-element-83ac9c1\" data-id=\"83ac9c1\" data-element_type=\"column\">\n\t\t\t<div class=\"elementor-widget-wrap elementor-element-populated\">\n\t\t\t\t\t\t\t\t<div class=\"elementor-element elementor-element-5f35d69 elementor-widget elementor-widget-spacer\" data-id=\"5f35d69\" data-element_type=\"widget\" data-widget_type=\"spacer.default\">\n\t\t\t\t<div class=\"elementor-widget-container\">\n\t\t\t\t\t<div class=\"elementor-spacer\">\n\t\t\t<div class=\"elementor-spacer-inner\"><\/div>\n\t\t<\/div>\n\t\t\t\t<\/div>\n\t\t\t\t<\/div>\n\t\t\t\t<div class=\"elementor-element elementor-element-0c513da elementor-widget elementor-widget-heading\" data-id=\"0c513da\" data-element_type=\"widget\" data-widget_type=\"heading.default\">\n\t\t\t\t<div class=\"elementor-widget-container\">\n\t\t\t<h2 class=\"elementor-heading-title elementor-size-default\">Susidom\u0117jai? Daugiau informacijos:<\/h2>\t\t<\/div>\n\t\t\t\t<\/div>\n\t\t\t\t<div class=\"elementor-element elementor-element-f142614 elementor-widget elementor-widget-text-editor\" data-id=\"f142614\" data-element_type=\"widget\" data-widget_type=\"text-editor.default\">\n\t\t\t\t<div class=\"elementor-widget-container\">\n\t\t\t\t\t\t\t<p><b>Inga Stankaitien\u0117<\/b><\/p>\t\t\t\t\t\t<\/div>\n\t\t\t\t<\/div>\n\t\t\t\t<div class=\"elementor-element elementor-element-9b6740c elementor-align-left elementor-icon-list--layout-traditional elementor-list-item-link-full_width elementor-widget elementor-widget-icon-list\" data-id=\"9b6740c\" data-element_type=\"widget\" data-widget_type=\"icon-list.default\">\n\t\t\t\t<div class=\"elementor-widget-container\">\n\t\t\t\t\t<ul class=\"elementor-icon-list-items\">\n\t\t\t\t\t\t\t<li class=\"elementor-icon-list-item\">\n\t\t\t\t\t\t\t\t\t\t\t<span class=\"elementor-icon-list-icon\">\n\t\t\t\t\t\t\t<i aria-hidden=\"true\" class=\"fas fa-phone-alt\"><\/i>\t\t\t\t\t\t<\/span>\n\t\t\t\t\t\t\t\t\t\t<span class=\"elementor-icon-list-text\"><a href=\"http:\/\/tel:+37061574675\/\" target=\"_blank\" rel=\"noopener\" style=\"font-family: inherit; font-style: inherit; font-variant-ligatures: inherit; font-variant-caps: inherit; font-weight: inherit; letter-spacing: var(--vamtam-primary-font-letter-spacing-desktop,normal); text-transform: var(--vamtam-primary-font-transform,none); white-space: normal;\">+370 615 74675<\/a><\/span>\n\t\t\t\t\t\t\t\t\t<\/li>\n\t\t\t\t\t\t\t\t<li class=\"elementor-icon-list-item\">\n\t\t\t\t\t\t\t\t\t\t\t<span class=\"elementor-icon-list-icon\">\n\t\t\t\t\t\t\t<i aria-hidden=\"true\" class=\"far fa-envelope\"><\/i>\t\t\t\t\t\t<\/span>\n\t\t\t\t\t\t\t\t\t\t<span class=\"elementor-icon-list-text\"><a href=\"mailto:mailito:i.stankaitiene@vtdko.lt\" target=\"_blank\" rel=\"noopener\" style=\"font-family: inherit; font-style: inherit; font-variant-ligatures: inherit; font-variant-caps: inherit; font-weight: inherit; letter-spacing: var(--vamtam-primary-font-letter-spacing-desktop,normal); text-transform: var(--vamtam-primary-font-transform,none); white-space: normal;\">i.stankaitiene@vtdko.lt<\/a><\/span>\n\t\t\t\t\t\t\t\t\t<\/li>\n\t\t\t\t\t\t<\/ul>\n\t\t\t\t<\/div>\n\t\t\t\t<\/div>\n\t\t\t\t<div class=\"elementor-element elementor-element-0ace92c elementor-widget elementor-widget-spacer\" data-id=\"0ace92c\" data-element_type=\"widget\" data-widget_type=\"spacer.default\">\n\t\t\t\t<div class=\"elementor-widget-container\">\n\t\t\t\t\t<div class=\"elementor-spacer\">\n\t\t\t<div class=\"elementor-spacer-inner\"><\/div>\n\t\t<\/div>\n\t\t\t\t<\/div>\n\t\t\t\t<\/div>\n\t\t\t\t\t<\/div>\n\t\t<\/div>\n\t\t\t\t\t\t\t<\/div>\n\t\t<\/section>\n\t\t\t\t\t\t\t<\/div>\n\t\t","protected":false},"excerpt":{"rendered":"<p>Suvirintojas (po 12 klasi\u0173 &#8211; 2 metai) Valstybinis kodas:&nbsp;P43071501.\u0160vietimo sritis:&nbsp;In\u017einerija ir in\u017einerin\u0117s profesijos.Apimtis ir trukm\u0117:Programa, skirta pirminiam profesiniam mokymui, 110 mokymosi kredit\u0173 \u2013 2 metai. I\u0161moksiu: surinkti detales pagal SPA ir technologines korteles, naudotis suvirinimo standartais; suvirinti \u012fvairias plien\u0173 mazg\u0173 konstrukcijas glaistytaisiais elektrodais MMA b\u016bdu; suvirinti ner\u016bdijant\u012f plien\u0105, metalus ir j\u0173 lydinius MIG\/MAG b\u016bdu; suvirinti&#8230;<\/p>\n","protected":false},"author":1,"featured_media":0,"parent":989505,"menu_order":0,"comment_status":"closed","ping_status":"closed","template":"","meta":{"inline_featured_image":false,"footnotes":""},"class_list":["post-989544","page","type-page","status-publish","hentry"],"yoast_head":"<!-- This site is optimized with the Yoast SEO plugin v19.12 - https:\/\/yoast.com\/wordpress\/plugins\/seo\/ -->\n<title>Suvirintojas (po 12 klasi\u0173 \u2013 2 m.) - vtdko<\/title>\n<meta name=\"robots\" content=\"noindex, follow, max-snippet:-1, max-image-preview:large, max-video-preview:-1\" \/>\n<meta property=\"og:locale\" content=\"lt_LT\" \/>\n<meta property=\"og:type\" content=\"article\" \/>\n<meta property=\"og:title\" content=\"Suvirintojas (po 12 klasi\u0173 \u2013 2 m.) - vtdko\" \/>\n<meta property=\"og:description\" content=\"Suvirintojas (po 12 klasi\u0173 &#8211; 2 metai) Valstybinis kodas:&nbsp;P43071501.\u0160vietimo sritis:&nbsp;In\u017einerija ir in\u017einerin\u0117s profesijos.Apimtis ir trukm\u0117:Programa, skirta pirminiam profesiniam mokymui, 110 mokymosi kredit\u0173 \u2013 2 metai. I\u0161moksiu: surinkti detales pagal SPA ir technologines korteles, naudotis suvirinimo standartais; suvirinti \u012fvairias plien\u0173 mazg\u0173 konstrukcijas glaistytaisiais elektrodais MMA b\u016bdu; suvirinti ner\u016bdijant\u012f plien\u0105, metalus ir j\u0173 lydinius MIG\/MAG b\u016bdu; suvirinti...\" \/>\n<meta property=\"og:url\" content=\"https:\/\/wp.adisoft.lt\/vtdko\/profesinio-mokymo-skyrius\/suvirintojas-po-12-klasiu-2-m\/\" \/>\n<meta property=\"og:site_name\" content=\"vtdko\" \/>\n<meta property=\"article:modified_time\" content=\"2023-02-04T10:56:31+00:00\" \/>\n<meta name=\"twitter:card\" content=\"summary_large_image\" \/>\n<meta name=\"twitter:label1\" content=\"Est. reading time\" \/>\n\t<meta name=\"twitter:data1\" content=\"1 minut\u0117\" \/>\n<script type=\"application\/ld+json\" class=\"yoast-schema-graph\">{\"@context\":\"https:\/\/schema.org\",\"@graph\":[{\"@type\":\"WebPage\",\"@id\":\"https:\/\/wp.adisoft.lt\/vtdko\/profesinio-mokymo-skyrius\/suvirintojas-po-12-klasiu-2-m\/\",\"url\":\"https:\/\/wp.adisoft.lt\/vtdko\/profesinio-mokymo-skyrius\/suvirintojas-po-12-klasiu-2-m\/\",\"name\":\"Suvirintojas (po 12 klasi\u0173 \u2013 2 m.) - vtdko\",\"isPartOf\":{\"@id\":\"https:\/\/wp.adisoft.lt\/vtdko\/#website\"},\"datePublished\":\"2022-10-13T11:44:00+00:00\",\"dateModified\":\"2023-02-04T10:56:31+00:00\",\"breadcrumb\":{\"@id\":\"https:\/\/wp.adisoft.lt\/vtdko\/profesinio-mokymo-skyrius\/suvirintojas-po-12-klasiu-2-m\/#breadcrumb\"},\"inLanguage\":\"lt-LT\",\"potentialAction\":[{\"@type\":\"ReadAction\",\"target\":[\"https:\/\/wp.adisoft.lt\/vtdko\/profesinio-mokymo-skyrius\/suvirintojas-po-12-klasiu-2-m\/\"]}]},{\"@type\":\"BreadcrumbList\",\"@id\":\"https:\/\/wp.adisoft.lt\/vtdko\/profesinio-mokymo-skyrius\/suvirintojas-po-12-klasiu-2-m\/#breadcrumb\",\"itemListElement\":[{\"@type\":\"ListItem\",\"position\":1,\"name\":\"Pagrindinis\",\"item\":\"https:\/\/wp.adisoft.lt\/vtdko\/\"},{\"@type\":\"ListItem\",\"position\":2,\"name\":\"Profesinio mokymo skyrius\",\"item\":\"https:\/\/wp.adisoft.lt\/vtdko\/profesinio-mokymo-skyrius\/\"},{\"@type\":\"ListItem\",\"position\":3,\"name\":\"Suvirintojas (po 12 klasi\u0173 \u2013 2 m.)\"}]},{\"@type\":\"WebSite\",\"@id\":\"https:\/\/wp.adisoft.lt\/vtdko\/#website\",\"url\":\"https:\/\/wp.adisoft.lt\/vtdko\/\",\"name\":\"vtdko\",\"description\":\"Vilniaus technologij\u0173 ir dizaino kolegija\",\"publisher\":{\"@id\":\"https:\/\/wp.adisoft.lt\/vtdko\/#organization\"},\"potentialAction\":[{\"@type\":\"SearchAction\",\"target\":{\"@type\":\"EntryPoint\",\"urlTemplate\":\"https:\/\/wp.adisoft.lt\/vtdko\/?s={search_term_string}\"},\"query-input\":\"required name=search_term_string\"}],\"inLanguage\":\"lt-LT\"},{\"@type\":\"Organization\",\"@id\":\"https:\/\/wp.adisoft.lt\/vtdko\/#organization\",\"name\":\"vtdko\",\"url\":\"https:\/\/wp.adisoft.lt\/vtdko\/\",\"logo\":{\"@type\":\"ImageObject\",\"inLanguage\":\"lt-LT\",\"@id\":\"https:\/\/wp.adisoft.lt\/vtdko\/#\/schema\/logo\/image\/\",\"url\":\"https:\/\/wp.adisoft.lt\/vtdko\/wp-content\/uploads\/2020\/02\/Logo-su-tekstu-01.svg\",\"contentUrl\":\"https:\/\/wp.adisoft.lt\/vtdko\/wp-content\/uploads\/2020\/02\/Logo-su-tekstu-01.svg\",\"width\":151,\"height\":74,\"caption\":\"vtdko\"},\"image\":{\"@id\":\"https:\/\/wp.adisoft.lt\/vtdko\/#\/schema\/logo\/image\/\"}}]}<\/script>\n<!-- \/ Yoast SEO plugin. -->","yoast_head_json":{"title":"Suvirintojas (po 12 klasi\u0173 \u2013 2 m.) - vtdko","robots":{"index":"noindex","follow":"follow","max-snippet":"max-snippet:-1","max-image-preview":"max-image-preview:large","max-video-preview":"max-video-preview:-1"},"og_locale":"lt_LT","og_type":"article","og_title":"Suvirintojas (po 12 klasi\u0173 \u2013 2 m.) - vtdko","og_description":"Suvirintojas (po 12 klasi\u0173 &#8211; 2 metai) Valstybinis kodas:&nbsp;P43071501.\u0160vietimo sritis:&nbsp;In\u017einerija ir in\u017einerin\u0117s profesijos.Apimtis ir trukm\u0117:Programa, skirta pirminiam profesiniam mokymui, 110 mokymosi kredit\u0173 \u2013 2 metai. I\u0161moksiu: surinkti detales pagal SPA ir technologines korteles, naudotis suvirinimo standartais; suvirinti \u012fvairias plien\u0173 mazg\u0173 konstrukcijas glaistytaisiais elektrodais MMA b\u016bdu; suvirinti ner\u016bdijant\u012f plien\u0105, metalus ir j\u0173 lydinius MIG\/MAG b\u016bdu; suvirinti...","og_url":"https:\/\/wp.adisoft.lt\/vtdko\/profesinio-mokymo-skyrius\/suvirintojas-po-12-klasiu-2-m\/","og_site_name":"vtdko","article_modified_time":"2023-02-04T10:56:31+00:00","twitter_card":"summary_large_image","twitter_misc":{"Est. reading time":"1 minut\u0117"},"schema":{"@context":"https:\/\/schema.org","@graph":[{"@type":"WebPage","@id":"https:\/\/wp.adisoft.lt\/vtdko\/profesinio-mokymo-skyrius\/suvirintojas-po-12-klasiu-2-m\/","url":"https:\/\/wp.adisoft.lt\/vtdko\/profesinio-mokymo-skyrius\/suvirintojas-po-12-klasiu-2-m\/","name":"Suvirintojas (po 12 klasi\u0173 \u2013 2 m.) - vtdko","isPartOf":{"@id":"https:\/\/wp.adisoft.lt\/vtdko\/#website"},"datePublished":"2022-10-13T11:44:00+00:00","dateModified":"2023-02-04T10:56:31+00:00","breadcrumb":{"@id":"https:\/\/wp.adisoft.lt\/vtdko\/profesinio-mokymo-skyrius\/suvirintojas-po-12-klasiu-2-m\/#breadcrumb"},"inLanguage":"lt-LT","potentialAction":[{"@type":"ReadAction","target":["https:\/\/wp.adisoft.lt\/vtdko\/profesinio-mokymo-skyrius\/suvirintojas-po-12-klasiu-2-m\/"]}]},{"@type":"BreadcrumbList","@id":"https:\/\/wp.adisoft.lt\/vtdko\/profesinio-mokymo-skyrius\/suvirintojas-po-12-klasiu-2-m\/#breadcrumb","itemListElement":[{"@type":"ListItem","position":1,"name":"Pagrindinis","item":"https:\/\/wp.adisoft.lt\/vtdko\/"},{"@type":"ListItem","position":2,"name":"Profesinio mokymo skyrius","item":"https:\/\/wp.adisoft.lt\/vtdko\/profesinio-mokymo-skyrius\/"},{"@type":"ListItem","position":3,"name":"Suvirintojas (po 12 klasi\u0173 \u2013 2 m.)"}]},{"@type":"WebSite","@id":"https:\/\/wp.adisoft.lt\/vtdko\/#website","url":"https:\/\/wp.adisoft.lt\/vtdko\/","name":"vtdko","description":"Vilniaus technologij\u0173 ir dizaino kolegija","publisher":{"@id":"https:\/\/wp.adisoft.lt\/vtdko\/#organization"},"potentialAction":[{"@type":"SearchAction","target":{"@type":"EntryPoint","urlTemplate":"https:\/\/wp.adisoft.lt\/vtdko\/?s={search_term_string}"},"query-input":"required name=search_term_string"}],"inLanguage":"lt-LT"},{"@type":"Organization","@id":"https:\/\/wp.adisoft.lt\/vtdko\/#organization","name":"vtdko","url":"https:\/\/wp.adisoft.lt\/vtdko\/","logo":{"@type":"ImageObject","inLanguage":"lt-LT","@id":"https:\/\/wp.adisoft.lt\/vtdko\/#\/schema\/logo\/image\/","url":"https:\/\/wp.adisoft.lt\/vtdko\/wp-content\/uploads\/2020\/02\/Logo-su-tekstu-01.svg","contentUrl":"https:\/\/wp.adisoft.lt\/vtdko\/wp-content\/uploads\/2020\/02\/Logo-su-tekstu-01.svg","width":151,"height":74,"caption":"vtdko"},"image":{"@id":"https:\/\/wp.adisoft.lt\/vtdko\/#\/schema\/logo\/image\/"}}]}},"_links":{"self":[{"href":"https:\/\/wp.adisoft.lt\/vtdko\/wp-json\/wp\/v2\/pages\/989544","targetHints":{"allow":["GET"]}}],"collection":[{"href":"https:\/\/wp.adisoft.lt\/vtdko\/wp-json\/wp\/v2\/pages"}],"about":[{"href":"https:\/\/wp.adisoft.lt\/vtdko\/wp-json\/wp\/v2\/types\/page"}],"author":[{"embeddable":true,"href":"https:\/\/wp.adisoft.lt\/vtdko\/wp-json\/wp\/v2\/users\/1"}],"replies":[{"embeddable":true,"href":"https:\/\/wp.adisoft.lt\/vtdko\/wp-json\/wp\/v2\/comments?post=989544"}],"version-history":[{"count":13,"href":"https:\/\/wp.adisoft.lt\/vtdko\/wp-json\/wp\/v2\/pages\/989544\/revisions"}],"predecessor-version":[{"id":999869,"href":"https:\/\/wp.adisoft.lt\/vtdko\/wp-json\/wp\/v2\/pages\/989544\/revisions\/999869"}],"up":[{"embeddable":true,"href":"https:\/\/wp.adisoft.lt\/vtdko\/wp-json\/wp\/v2\/pages\/989505"}],"wp:attachment":[{"href":"https:\/\/wp.adisoft.lt\/vtdko\/wp-json\/wp\/v2\/media?parent=989544"}],"curies":[{"name":"wp","href":"https:\/\/api.w.org\/{rel}","templated":true}]}}