{"id":989684,"date":"2022-10-18T13:26:15","date_gmt":"2022-10-18T10:26:15","guid":{"rendered":"https:\/\/wp.adisoft.lt\/vtdko\/?page_id=989684"},"modified":"2023-02-03T19:45:48","modified_gmt":"2023-02-03T16:45:48","slug":"kolegijos-veiklos-strategija","status":"publish","type":"page","link":"https:\/\/wp.adisoft.lt\/vtdko\/kolegijos-veiklos-strategija\/","title":{"rendered":"Vilniaus technologij\u0173 ir dizaino kolegijos veiklos strategija"},"content":{"rendered":"\t\t<div data-elementor-type=\"wp-page\" data-elementor-id=\"989684\" class=\"elementor elementor-989684\">\n\t\t\t\t\t\t\t\t\t<section class=\"elementor-section elementor-top-section elementor-element elementor-element-2605211 elementor-section-height-min-height elementor-section-boxed elementor-section-height-default elementor-section-items-middle\" data-id=\"2605211\" data-element_type=\"section\" data-settings=\"{&quot;background_background&quot;:&quot;classic&quot;,&quot;animation&quot;:&quot;none&quot;}\">\n\t\t\t\t\t\t<div class=\"elementor-container elementor-column-gap-default\">\n\t\t\t\t\t<div class=\"elementor-column elementor-col-100 elementor-top-column elementor-element elementor-element-1a74c16\" data-id=\"1a74c16\" data-element_type=\"column\" data-settings=\"{&quot;background_background&quot;:&quot;classic&quot;}\">\n\t\t\t<div class=\"elementor-widget-wrap\">\n\t\t\t\t\t\t\t\t\t<\/div>\n\t\t<\/div>\n\t\t\t\t\t\t\t<\/div>\n\t\t<\/section>\n\t\t\t\t<section class=\"elementor-section elementor-top-section elementor-element elementor-element-55c8c06 elementor-section-boxed elementor-section-height-default elementor-section-height-default\" data-id=\"55c8c06\" data-element_type=\"section\" data-settings=\"{&quot;animation&quot;:&quot;none&quot;,&quot;animation_tablet&quot;:&quot;none&quot;,&quot;animation_mobile&quot;:&quot;none&quot;}\">\n\t\t\t\t\t\t<div class=\"elementor-container elementor-column-gap-no\">\n\t\t\t\t\t<div class=\"elementor-column elementor-col-50 elementor-top-column elementor-element elementor-element-85f0015 animated-fast elementor-invisible\" data-id=\"85f0015\" data-element_type=\"column\" data-settings=\"{&quot;background_background&quot;:&quot;classic&quot;,&quot;animation&quot;:&quot;fadeIn&quot;,&quot;animation_delay&quot;:100}\">\n\t\t\t<div class=\"elementor-widget-wrap elementor-element-populated\">\n\t\t\t\t\t\t\t\t<div class=\"elementor-element elementor-element-f2af0e4 elementor-widget__width-auto elementor-widget-tablet__width-auto elementor-widget-mobile__width-inherit elementor-widget elementor-widget-heading\" data-id=\"f2af0e4\" data-element_type=\"widget\" data-settings=\"{&quot;_animation&quot;:&quot;none&quot;,&quot;_animation_delay&quot;:200}\" data-widget_type=\"heading.heading_charityfy\">\n\t\t\t\t<div class=\"elementor-widget-container\">\n\t\t\t<h1 class=\"elementor-heading-title elementor-size-default\">VTDK veiklos strategija<\/h1>\t\t<\/div>\n\t\t\t\t<\/div>\n\t\t\t\t<div class=\"elementor-element elementor-element-1d287cd elementor-widget elementor-widget-text-editor\" data-id=\"1d287cd\" data-element_type=\"widget\" data-settings=\"{&quot;_animation&quot;:&quot;none&quot;,&quot;_animation_delay&quot;:300}\" data-widget_type=\"text-editor.default\">\n\t\t\t\t<div class=\"elementor-widget-container\">\n\t\t\t\t\t\t\t<p>Vilniaus technologij\u0173 ir dizaino kolegija \u2013 \u010dia hobis virsta profesija!<\/p>\t\t\t\t\t\t<\/div>\n\t\t\t\t<\/div>\n\t\t\t\t\t<\/div>\n\t\t<\/div>\n\t\t\t\t<div class=\"elementor-column elementor-col-50 elementor-top-column elementor-element elementor-element-a643f09 elementor-hidden-desktop elementor-hidden-tablet elementor-hidden-phone\" data-id=\"a643f09\" data-element_type=\"column\">\n\t\t\t<div class=\"elementor-widget-wrap\">\n\t\t\t\t\t\t\t\t\t<\/div>\n\t\t<\/div>\n\t\t\t\t\t\t\t<\/div>\n\t\t<\/section>\n\t\t\t\t<section class=\"elementor-section elementor-top-section elementor-element elementor-element-1ddd7a8 elementor-section-boxed elementor-section-height-default elementor-section-height-default\" data-id=\"1ddd7a8\" data-element_type=\"section\">\n\t\t\t\t\t\t<div class=\"elementor-container elementor-column-gap-default\">\n\t\t\t\t\t<div class=\"elementor-column elementor-col-100 elementor-top-column elementor-element elementor-element-ba947b2\" data-id=\"ba947b2\" data-element_type=\"column\">\n\t\t\t<div class=\"elementor-widget-wrap elementor-element-populated\">\n\t\t\t\t\t\t\t\t<div class=\"elementor-element elementor-element-4e90b1a elementor-widget elementor-widget-spacer\" data-id=\"4e90b1a\" data-element_type=\"widget\" data-widget_type=\"spacer.default\">\n\t\t\t\t<div class=\"elementor-widget-container\">\n\t\t\t\t\t<div class=\"elementor-spacer\">\n\t\t\t<div class=\"elementor-spacer-inner\"><\/div>\n\t\t<\/div>\n\t\t\t\t<\/div>\n\t\t\t\t<\/div>\n\t\t\t\t<div class=\"elementor-element elementor-element-a324dbb elementor-widget elementor-widget-heading\" data-id=\"a324dbb\" data-element_type=\"widget\" data-widget_type=\"heading.default\">\n\t\t\t\t<div class=\"elementor-widget-container\">\n\t\t\t<h1 class=\"elementor-heading-title elementor-size-default\">2022-2027 m. Vilniaus technologij\u0173 ir dizaino kolegijos veiklos strategija<\/h1>\t\t<\/div>\n\t\t\t\t<\/div>\n\t\t\t\t\t<\/div>\n\t\t<\/div>\n\t\t\t\t\t\t\t<\/div>\n\t\t<\/section>\n\t\t\t\t<section class=\"elementor-section elementor-top-section elementor-element elementor-element-96d3a93 elementor-section-boxed elementor-section-height-default elementor-section-height-default\" data-id=\"96d3a93\" data-element_type=\"section\">\n\t\t\t\t\t\t<div class=\"elementor-container elementor-column-gap-default\">\n\t\t\t\t\t<div class=\"elementor-column elementor-col-100 elementor-top-column elementor-element elementor-element-2748100\" data-id=\"2748100\" data-element_type=\"column\">\n\t\t\t<div class=\"elementor-widget-wrap elementor-element-populated\">\n\t\t\t\t\t\t\t\t<div class=\"elementor-element elementor-element-0910124 elementor-widget elementor-widget-text-editor\" data-id=\"0910124\" data-element_type=\"widget\" data-widget_type=\"text-editor.default\">\n\t\t\t\t<div class=\"elementor-widget-container\">\n\t\t\t\t\t\t\t<p align=\"justify\">Europos \u017ealiojo kurso politika, konverguojan\u010dios technologijos, visuomen\u0117s sen\u0117jimas ir kvalifikacijos tobulinimo poreikis, nepalanki demografin\u0117 situacija, did\u0117janti konkurencija d\u0117l\u00a0student\u0173 su \u0161alies ir u\u017esienio auk\u0161tosiomis mokyklomis, i\u0161aug\u0119 reikalavimai studij\u0173 kokybei\u00a0\u2013 pagrindin\u0117s tendencijos ir\u00a0i\u0161\u0161\u016bkiai, su kuriais Kolegija susiduria \u0161iandien. Reaguodami \u012f \u0161iuos poky\u010dius\u00a0ir tendencijas ketiname\u00a0\u012fgyvendinti\u00a0\u012fvairias iniciatyvas, orientuotas \u012f\u00a0\u017eali\u0105j\u0105 ir skaitmenin\u0119 pertvark\u0105, \u012f teikiam\u0173 paslaug\u0173 kokyb\u0117s gerinim\u0105 ir kolegijos bendruomen\u0117s nari\u0173 proaktyvum\u0105 stiprinan\u010dios organizacin\u0117 kult\u016bros k\u016brim\u0105.<\/p><p align=\"justify\">Darbo grup\u0117s parengtoje ir su kolegijos bendruomene aptartoje\u00a02022-2027 m.\u00a0Vilniaus technologij\u0173 ir dizaino kolegijos veiklos strategijoje pristatoma kolegijos misija, vizija, vertyb\u0117s ir strategin\u0117s pl\u0117tros kryptys, pagal kurias i\u0161kelti strateginiai u\u017edaviniai, numatyti vertinimo rodikliai.<\/p><p align=\"justify\">\u0160i strategija skirta visoms suinteresuotoms \u0161alims \u2013 Kolegijos bendruomenei, socialiniams partneriams, vald\u017eios institucijoms. Strategijoje i\u0161rei\u0161kiame siek\u012f kurti did\u017eiausi\u0105 prid\u0117tin\u0119 vert\u0119 studentams, vie\u0161ojo ir privataus sektoriaus socialiniams partneriams bei pla\u010diajai visuomenei.<\/p><p align=\"justify\">Vadovaudamiesi \u0161ia strategija vykdysime savo veikl\u0105, kryptingai siekdami Kolegijos vizijos \u012fgyvendinimo.<\/p><p><a href=\"https:\/\/wp.adisoft.lt\/vtdko\/wp-content\/uploads\/2022\/10\/VTDK_strategija_2022_2027_2pub.pdf\" target=\"_blank\" rel=\"noopener\">2022-2027 m.\u00a0Vilniaus technologij\u0173 ir dizaino kolegijos veiklos strategija<\/a><\/p><p><a href=\"https:\/\/wp.adisoft.lt\/vtdko\/wp-content\/uploads\/2022\/10\/VTDK_integr_pletros_strategija_2011_-_2021_projektas_2-1.pdf\" target=\"_blank\" rel=\"noopener\">Integruotos pl\u0117tros strategija 2011-2021<\/a><\/p><p>\u00a0<\/p>\t\t\t\t\t\t<\/div>\n\t\t\t\t<\/div>\n\t\t\t\t\t<\/div>\n\t\t<\/div>\n\t\t\t\t\t\t\t<\/div>\n\t\t<\/section>\n\t\t\t\t\t\t\t<\/div>\n\t\t","protected":false},"excerpt":{"rendered":"<p>VTDK veiklos strategija Vilniaus technologij\u0173 ir dizaino kolegija \u2013 \u010dia hobis virsta profesija! 2022-2027 m. Vilniaus technologij\u0173 ir dizaino kolegijos veiklos strategija Europos \u017ealiojo kurso politika, konverguojan\u010dios technologijos, visuomen\u0117s sen\u0117jimas ir kvalifikacijos tobulinimo poreikis, nepalanki demografin\u0117 situacija, did\u0117janti konkurencija d\u0117l\u00a0student\u0173 su \u0161alies ir u\u017esienio auk\u0161tosiomis mokyklomis, i\u0161aug\u0119 reikalavimai studij\u0173 kokybei\u00a0\u2013 pagrindin\u0117s tendencijos ir\u00a0i\u0161\u0161\u016bkiai, su kuriais&#8230;<\/p>\n","protected":false},"author":1,"featured_media":0,"parent":0,"menu_order":0,"comment_status":"closed","ping_status":"closed","template":"","meta":{"inline_featured_image":false,"footnotes":""},"class_list":["post-989684","page","type-page","status-publish","hentry"],"yoast_head":"<!-- This site is optimized with the Yoast SEO plugin v19.12 - https:\/\/yoast.com\/wordpress\/plugins\/seo\/ -->\n<title>Vilniaus technologij\u0173 ir dizaino kolegijos veiklos strategija - vtdko<\/title>\n<meta name=\"robots\" content=\"noindex, follow, max-snippet:-1, max-image-preview:large, max-video-preview:-1\" \/>\n<meta property=\"og:locale\" content=\"lt_LT\" \/>\n<meta property=\"og:type\" content=\"article\" \/>\n<meta property=\"og:title\" content=\"Vilniaus technologij\u0173 ir dizaino kolegijos veiklos strategija - vtdko\" \/>\n<meta property=\"og:description\" content=\"VTDK veiklos strategija Vilniaus technologij\u0173 ir dizaino kolegija \u2013 \u010dia hobis virsta profesija! 2022-2027 m. Vilniaus technologij\u0173 ir dizaino kolegijos veiklos strategija Europos \u017ealiojo kurso politika, konverguojan\u010dios technologijos, visuomen\u0117s sen\u0117jimas ir kvalifikacijos tobulinimo poreikis, nepalanki demografin\u0117 situacija, did\u0117janti konkurencija d\u0117l\u00a0student\u0173 su \u0161alies ir u\u017esienio auk\u0161tosiomis mokyklomis, i\u0161aug\u0119 reikalavimai studij\u0173 kokybei\u00a0\u2013 pagrindin\u0117s tendencijos ir\u00a0i\u0161\u0161\u016bkiai, su kuriais...\" \/>\n<meta property=\"og:url\" content=\"https:\/\/wp.adisoft.lt\/vtdko\/kolegijos-veiklos-strategija\/\" \/>\n<meta property=\"og:site_name\" content=\"vtdko\" \/>\n<meta property=\"article:modified_time\" content=\"2023-02-03T16:45:48+00:00\" \/>\n<meta name=\"twitter:card\" content=\"summary_large_image\" \/>\n<meta name=\"twitter:label1\" content=\"Est. reading time\" \/>\n\t<meta name=\"twitter:data1\" content=\"1 minut\u0117\" \/>\n<script type=\"application\/ld+json\" class=\"yoast-schema-graph\">{\"@context\":\"https:\/\/schema.org\",\"@graph\":[{\"@type\":\"WebPage\",\"@id\":\"https:\/\/wp.adisoft.lt\/vtdko\/kolegijos-veiklos-strategija\/\",\"url\":\"https:\/\/wp.adisoft.lt\/vtdko\/kolegijos-veiklos-strategija\/\",\"name\":\"Vilniaus technologij\u0173 ir dizaino kolegijos veiklos strategija - vtdko\",\"isPartOf\":{\"@id\":\"https:\/\/wp.adisoft.lt\/vtdko\/#website\"},\"datePublished\":\"2022-10-18T10:26:15+00:00\",\"dateModified\":\"2023-02-03T16:45:48+00:00\",\"breadcrumb\":{\"@id\":\"https:\/\/wp.adisoft.lt\/vtdko\/kolegijos-veiklos-strategija\/#breadcrumb\"},\"inLanguage\":\"lt-LT\",\"potentialAction\":[{\"@type\":\"ReadAction\",\"target\":[\"https:\/\/wp.adisoft.lt\/vtdko\/kolegijos-veiklos-strategija\/\"]}]},{\"@type\":\"BreadcrumbList\",\"@id\":\"https:\/\/wp.adisoft.lt\/vtdko\/kolegijos-veiklos-strategija\/#breadcrumb\",\"itemListElement\":[{\"@type\":\"ListItem\",\"position\":1,\"name\":\"Pagrindinis\",\"item\":\"https:\/\/wp.adisoft.lt\/vtdko\/\"},{\"@type\":\"ListItem\",\"position\":2,\"name\":\"Vilniaus technologij\u0173 ir dizaino kolegijos veiklos strategija\"}]},{\"@type\":\"WebSite\",\"@id\":\"https:\/\/wp.adisoft.lt\/vtdko\/#website\",\"url\":\"https:\/\/wp.adisoft.lt\/vtdko\/\",\"name\":\"vtdko\",\"description\":\"Vilniaus technologij\u0173 ir dizaino kolegija\",\"publisher\":{\"@id\":\"https:\/\/wp.adisoft.lt\/vtdko\/#organization\"},\"potentialAction\":[{\"@type\":\"SearchAction\",\"target\":{\"@type\":\"EntryPoint\",\"urlTemplate\":\"https:\/\/wp.adisoft.lt\/vtdko\/?s={search_term_string}\"},\"query-input\":\"required name=search_term_string\"}],\"inLanguage\":\"lt-LT\"},{\"@type\":\"Organization\",\"@id\":\"https:\/\/wp.adisoft.lt\/vtdko\/#organization\",\"name\":\"vtdko\",\"url\":\"https:\/\/wp.adisoft.lt\/vtdko\/\",\"logo\":{\"@type\":\"ImageObject\",\"inLanguage\":\"lt-LT\",\"@id\":\"https:\/\/wp.adisoft.lt\/vtdko\/#\/schema\/logo\/image\/\",\"url\":\"https:\/\/wp.adisoft.lt\/vtdko\/wp-content\/uploads\/2020\/02\/Logo-su-tekstu-01.svg\",\"contentUrl\":\"https:\/\/wp.adisoft.lt\/vtdko\/wp-content\/uploads\/2020\/02\/Logo-su-tekstu-01.svg\",\"width\":151,\"height\":74,\"caption\":\"vtdko\"},\"image\":{\"@id\":\"https:\/\/wp.adisoft.lt\/vtdko\/#\/schema\/logo\/image\/\"}}]}<\/script>\n<!-- \/ Yoast SEO plugin. -->","yoast_head_json":{"title":"Vilniaus technologij\u0173 ir dizaino kolegijos veiklos strategija - vtdko","robots":{"index":"noindex","follow":"follow","max-snippet":"max-snippet:-1","max-image-preview":"max-image-preview:large","max-video-preview":"max-video-preview:-1"},"og_locale":"lt_LT","og_type":"article","og_title":"Vilniaus technologij\u0173 ir dizaino kolegijos veiklos strategija - vtdko","og_description":"VTDK veiklos strategija Vilniaus technologij\u0173 ir dizaino kolegija \u2013 \u010dia hobis virsta profesija! 2022-2027 m. Vilniaus technologij\u0173 ir dizaino kolegijos veiklos strategija Europos \u017ealiojo kurso politika, konverguojan\u010dios technologijos, visuomen\u0117s sen\u0117jimas ir kvalifikacijos tobulinimo poreikis, nepalanki demografin\u0117 situacija, did\u0117janti konkurencija d\u0117l\u00a0student\u0173 su \u0161alies ir u\u017esienio auk\u0161tosiomis mokyklomis, i\u0161aug\u0119 reikalavimai studij\u0173 kokybei\u00a0\u2013 pagrindin\u0117s tendencijos ir\u00a0i\u0161\u0161\u016bkiai, su kuriais...","og_url":"https:\/\/wp.adisoft.lt\/vtdko\/kolegijos-veiklos-strategija\/","og_site_name":"vtdko","article_modified_time":"2023-02-03T16:45:48+00:00","twitter_card":"summary_large_image","twitter_misc":{"Est. reading time":"1 minut\u0117"},"schema":{"@context":"https:\/\/schema.org","@graph":[{"@type":"WebPage","@id":"https:\/\/wp.adisoft.lt\/vtdko\/kolegijos-veiklos-strategija\/","url":"https:\/\/wp.adisoft.lt\/vtdko\/kolegijos-veiklos-strategija\/","name":"Vilniaus technologij\u0173 ir dizaino kolegijos veiklos strategija - vtdko","isPartOf":{"@id":"https:\/\/wp.adisoft.lt\/vtdko\/#website"},"datePublished":"2022-10-18T10:26:15+00:00","dateModified":"2023-02-03T16:45:48+00:00","breadcrumb":{"@id":"https:\/\/wp.adisoft.lt\/vtdko\/kolegijos-veiklos-strategija\/#breadcrumb"},"inLanguage":"lt-LT","potentialAction":[{"@type":"ReadAction","target":["https:\/\/wp.adisoft.lt\/vtdko\/kolegijos-veiklos-strategija\/"]}]},{"@type":"BreadcrumbList","@id":"https:\/\/wp.adisoft.lt\/vtdko\/kolegijos-veiklos-strategija\/#breadcrumb","itemListElement":[{"@type":"ListItem","position":1,"name":"Pagrindinis","item":"https:\/\/wp.adisoft.lt\/vtdko\/"},{"@type":"ListItem","position":2,"name":"Vilniaus technologij\u0173 ir dizaino kolegijos veiklos strategija"}]},{"@type":"WebSite","@id":"https:\/\/wp.adisoft.lt\/vtdko\/#website","url":"https:\/\/wp.adisoft.lt\/vtdko\/","name":"vtdko","description":"Vilniaus technologij\u0173 ir dizaino kolegija","publisher":{"@id":"https:\/\/wp.adisoft.lt\/vtdko\/#organization"},"potentialAction":[{"@type":"SearchAction","target":{"@type":"EntryPoint","urlTemplate":"https:\/\/wp.adisoft.lt\/vtdko\/?s={search_term_string}"},"query-input":"required name=search_term_string"}],"inLanguage":"lt-LT"},{"@type":"Organization","@id":"https:\/\/wp.adisoft.lt\/vtdko\/#organization","name":"vtdko","url":"https:\/\/wp.adisoft.lt\/vtdko\/","logo":{"@type":"ImageObject","inLanguage":"lt-LT","@id":"https:\/\/wp.adisoft.lt\/vtdko\/#\/schema\/logo\/image\/","url":"https:\/\/wp.adisoft.lt\/vtdko\/wp-content\/uploads\/2020\/02\/Logo-su-tekstu-01.svg","contentUrl":"https:\/\/wp.adisoft.lt\/vtdko\/wp-content\/uploads\/2020\/02\/Logo-su-tekstu-01.svg","width":151,"height":74,"caption":"vtdko"},"image":{"@id":"https:\/\/wp.adisoft.lt\/vtdko\/#\/schema\/logo\/image\/"}}]}},"_links":{"self":[{"href":"https:\/\/wp.adisoft.lt\/vtdko\/wp-json\/wp\/v2\/pages\/989684","targetHints":{"allow":["GET"]}}],"collection":[{"href":"https:\/\/wp.adisoft.lt\/vtdko\/wp-json\/wp\/v2\/pages"}],"about":[{"href":"https:\/\/wp.adisoft.lt\/vtdko\/wp-json\/wp\/v2\/types\/page"}],"author":[{"embeddable":true,"href":"https:\/\/wp.adisoft.lt\/vtdko\/wp-json\/wp\/v2\/users\/1"}],"replies":[{"embeddable":true,"href":"https:\/\/wp.adisoft.lt\/vtdko\/wp-json\/wp\/v2\/comments?post=989684"}],"version-history":[{"count":17,"href":"https:\/\/wp.adisoft.lt\/vtdko\/wp-json\/wp\/v2\/pages\/989684\/revisions"}],"predecessor-version":[{"id":998376,"href":"https:\/\/wp.adisoft.lt\/vtdko\/wp-json\/wp\/v2\/pages\/989684\/revisions\/998376"}],"wp:attachment":[{"href":"https:\/\/wp.adisoft.lt\/vtdko\/wp-json\/wp\/v2\/media?parent=989684"}],"curies":[{"name":"wp","href":"https:\/\/api.w.org\/{rel}","templated":true}]}}