{"id":989844,"date":"2022-10-19T10:14:53","date_gmt":"2022-10-19T07:14:53","guid":{"rendered":"https:\/\/wp.adisoft.lt\/vtdko\/?page_id=989844"},"modified":"2023-02-04T13:53:41","modified_gmt":"2023-02-04T10:53:41","slug":"ekspeditorius-7-men","status":"publish","type":"page","link":"https:\/\/wp.adisoft.lt\/vtdko\/profesinio-mokymo-skyrius\/ekspeditorius-7-men\/","title":{"rendered":"Ekspeditorius (7 m\u0117n.)"},"content":{"rendered":"\t\t<div data-elementor-type=\"wp-page\" data-elementor-id=\"989844\" class=\"elementor elementor-989844\">\n\t\t\t\t\t\t\t\t\t<section class=\"elementor-section elementor-top-section elementor-element elementor-element-dbee611 elementor-section-height-min-height elementor-section-boxed elementor-section-height-default elementor-section-items-middle\" data-id=\"dbee611\" data-element_type=\"section\" data-settings=\"{&quot;background_background&quot;:&quot;classic&quot;,&quot;animation&quot;:&quot;none&quot;}\">\n\t\t\t\t\t\t<div class=\"elementor-container elementor-column-gap-default\">\n\t\t\t\t\t<div class=\"elementor-column elementor-col-100 elementor-top-column elementor-element elementor-element-d866635\" data-id=\"d866635\" data-element_type=\"column\" data-settings=\"{&quot;background_background&quot;:&quot;classic&quot;}\">\n\t\t\t<div class=\"elementor-widget-wrap\">\n\t\t\t\t\t\t\t\t\t<\/div>\n\t\t<\/div>\n\t\t\t\t\t\t\t<\/div>\n\t\t<\/section>\n\t\t\t\t<section class=\"elementor-section elementor-top-section elementor-element elementor-element-48679a7 elementor-section-boxed elementor-section-height-default elementor-section-height-default\" data-id=\"48679a7\" data-element_type=\"section\" data-settings=\"{&quot;animation&quot;:&quot;none&quot;,&quot;animation_tablet&quot;:&quot;none&quot;,&quot;animation_mobile&quot;:&quot;none&quot;}\">\n\t\t\t\t\t\t<div class=\"elementor-container elementor-column-gap-no\">\n\t\t\t\t\t<div class=\"elementor-column elementor-col-50 elementor-top-column elementor-element elementor-element-a095f08 animated-fast elementor-invisible\" data-id=\"a095f08\" data-element_type=\"column\" data-settings=\"{&quot;background_background&quot;:&quot;classic&quot;,&quot;animation&quot;:&quot;fadeIn&quot;,&quot;animation_delay&quot;:100}\">\n\t\t\t<div class=\"elementor-widget-wrap elementor-element-populated\">\n\t\t\t\t\t\t\t\t<div class=\"elementor-element elementor-element-5fae536 elementor-widget__width-auto elementor-widget-tablet__width-auto elementor-widget-mobile__width-inherit elementor-widget elementor-widget-heading\" data-id=\"5fae536\" data-element_type=\"widget\" data-settings=\"{&quot;_animation&quot;:&quot;none&quot;,&quot;_animation_delay&quot;:200}\" data-widget_type=\"heading.heading_charityfy\">\n\t\t\t\t<div class=\"elementor-widget-container\">\n\t\t\t<h1 class=\"elementor-heading-title elementor-size-default\">Ekspeditorius<\/h1>\t\t<\/div>\n\t\t\t\t<\/div>\n\t\t\t\t<div class=\"elementor-element elementor-element-74ea8b1 elementor-widget elementor-widget-text-editor\" data-id=\"74ea8b1\" data-element_type=\"widget\" data-settings=\"{&quot;_animation&quot;:&quot;none&quot;,&quot;_animation_delay&quot;:300}\" data-widget_type=\"text-editor.default\">\n\t\t\t\t<div class=\"elementor-widget-container\">\n\t\t\t\t\t\t\t<p>(7 m\u0117nesiai)<\/p>\t\t\t\t\t\t<\/div>\n\t\t\t\t<\/div>\n\t\t\t\t\t<\/div>\n\t\t<\/div>\n\t\t\t\t<div class=\"elementor-column elementor-col-50 elementor-top-column elementor-element elementor-element-ec5bb78 elementor-hidden-desktop elementor-hidden-tablet elementor-hidden-phone\" data-id=\"ec5bb78\" data-element_type=\"column\">\n\t\t\t<div class=\"elementor-widget-wrap\">\n\t\t\t\t\t\t\t\t\t<\/div>\n\t\t<\/div>\n\t\t\t\t\t\t\t<\/div>\n\t\t<\/section>\n\t\t\t\t<section class=\"elementor-section elementor-top-section elementor-element elementor-element-d07599f elementor-section-boxed elementor-section-height-default elementor-section-height-default\" data-id=\"d07599f\" data-element_type=\"section\">\n\t\t\t\t\t\t<div class=\"elementor-container elementor-column-gap-default\">\n\t\t\t\t\t<div class=\"elementor-column elementor-col-100 elementor-top-column elementor-element elementor-element-ac27f23\" data-id=\"ac27f23\" data-element_type=\"column\">\n\t\t\t<div class=\"elementor-widget-wrap elementor-element-populated\">\n\t\t\t\t\t\t\t\t<div class=\"elementor-element elementor-element-ddc82be elementor-widget elementor-widget-spacer\" data-id=\"ddc82be\" data-element_type=\"widget\" data-widget_type=\"spacer.default\">\n\t\t\t\t<div class=\"elementor-widget-container\">\n\t\t\t\t\t<div class=\"elementor-spacer\">\n\t\t\t<div class=\"elementor-spacer-inner\"><\/div>\n\t\t<\/div>\n\t\t\t\t<\/div>\n\t\t\t\t<\/div>\n\t\t\t\t\t<\/div>\n\t\t<\/div>\n\t\t\t\t\t\t\t<\/div>\n\t\t<\/section>\n\t\t\t\t<section class=\"elementor-section elementor-top-section elementor-element elementor-element-7e7822b elementor-section-boxed elementor-section-height-default elementor-section-height-default\" data-id=\"7e7822b\" data-element_type=\"section\">\n\t\t\t\t\t\t<div class=\"elementor-container elementor-column-gap-default\">\n\t\t\t\t\t<div class=\"elementor-column elementor-col-100 elementor-top-column elementor-element elementor-element-e23c01b\" data-id=\"e23c01b\" data-element_type=\"column\">\n\t\t\t<div class=\"elementor-widget-wrap elementor-element-populated\">\n\t\t\t\t\t\t\t\t<div class=\"elementor-element elementor-element-7ded80c elementor-widget elementor-widget-text-editor\" data-id=\"7ded80c\" data-element_type=\"widget\" data-widget_type=\"text-editor.default\">\n\t\t\t\t<div class=\"elementor-widget-container\">\n\t\t\t\t\t\t\t<p><strong>Valstybinis kodas:<\/strong>\u00a0T43104112<\/p><p><strong>\u0160vietimo sritis:<\/strong>\u00a0Transporto paslaugos.<\/p><p><strong>Apimtis ir trukm\u0117:<br \/><\/strong>Programa, skirta t\u0119stiniam profesiniam mokymui, 50 mokymosi kredit\u0173 \u2013 7 m\u0117nesiai.<\/p><p>\u00a0<\/p><p>\u00a0<\/p>\t\t\t\t\t\t<\/div>\n\t\t\t\t<\/div>\n\t\t\t\t\t<\/div>\n\t\t<\/div>\n\t\t\t\t\t\t\t<\/div>\n\t\t<\/section>\n\t\t\t\t<section class=\"elementor-section elementor-top-section elementor-element elementor-element-f1f06a4 elementor-section-boxed elementor-section-height-default elementor-section-height-default\" data-id=\"f1f06a4\" data-element_type=\"section\" data-settings=\"{&quot;background_background&quot;:&quot;classic&quot;}\">\n\t\t\t\t\t\t<div class=\"elementor-container elementor-column-gap-default\">\n\t\t\t\t\t<div class=\"elementor-column elementor-col-100 elementor-top-column elementor-element elementor-element-315e57c\" data-id=\"315e57c\" data-element_type=\"column\">\n\t\t\t<div class=\"elementor-widget-wrap elementor-element-populated\">\n\t\t\t\t\t\t\t\t<div class=\"elementor-element elementor-element-b5e8b2f elementor-widget elementor-widget-heading\" data-id=\"b5e8b2f\" data-element_type=\"widget\" data-widget_type=\"heading.default\">\n\t\t\t\t<div class=\"elementor-widget-container\">\n\t\t\t<h2 class=\"elementor-heading-title elementor-size-default\">I\u0161moksiu:<\/h2>\t\t<\/div>\n\t\t\t\t<\/div>\n\t\t\t\t<div class=\"elementor-element elementor-element-40ecd01 elementor-widget elementor-widget-text-editor\" data-id=\"40ecd01\" data-element_type=\"widget\" data-widget_type=\"text-editor.default\">\n\t\t\t\t<div class=\"elementor-widget-container\">\n\t\t\t\t\t\t\t<ul><li>valdyti \u012fvairi\u0173 r\u016b\u0161i\u0173 gele\u017einkeli\u0173 traukos riedmenis sto\u010di\u0173 ir tarpsto\u010di\u0173 keliuose;<\/li><li>vykdyti traukos riedmen\u0173 eksploatavimo procesus: parengti lokomotyv\u0105 darbui;<\/li><li>atlikti traukos riedmen\u0173 technin\u0119 prie\u017ei\u016br\u0105;<\/li><li>atlikti traukos riedmen\u0173 elektros \u012frengini\u0173 technin\u0119 prie\u017ei\u016br\u0105: i\u0161ved\u017eioti elektros grandin\u0119, remontuoti elektros ma\u0161inas, elektros aparatus, traukos riedmen\u0173 akumuliatorines baterijas.<\/li><li>atlikti traukos riedmen\u0173 mechanini\u0173 \u012frengini\u0173 technin\u0119 prie\u017ei\u016br\u0105: remontuoti atskirus dyzelinio variklio mazgus, traukos riedmen\u0173 dyzelini\u0173 varikli\u0173 sistemas, traukos riedmen\u0173 va\u017eiuokl\u0119.<\/li><\/ul>\t\t\t\t\t\t<\/div>\n\t\t\t\t<\/div>\n\t\t\t\t\t<\/div>\n\t\t<\/div>\n\t\t\t\t\t\t\t<\/div>\n\t\t<\/section>\n\t\t\t\t<section class=\"elementor-section elementor-top-section elementor-element elementor-element-b8e1afa elementor-section-boxed elementor-section-height-default elementor-section-height-default\" data-id=\"b8e1afa\" data-element_type=\"section\" data-settings=\"{&quot;background_background&quot;:&quot;classic&quot;}\">\n\t\t\t\t\t\t<div class=\"elementor-container elementor-column-gap-default\">\n\t\t\t\t\t<div class=\"elementor-column elementor-col-100 elementor-top-column elementor-element elementor-element-f16d18c\" data-id=\"f16d18c\" data-element_type=\"column\">\n\t\t\t<div class=\"elementor-widget-wrap elementor-element-populated\">\n\t\t\t\t\t\t\t\t<div class=\"elementor-element elementor-element-5093223 elementor-widget elementor-widget-spacer\" data-id=\"5093223\" data-element_type=\"widget\" data-widget_type=\"spacer.default\">\n\t\t\t\t<div class=\"elementor-widget-container\">\n\t\t\t\t\t<div class=\"elementor-spacer\">\n\t\t\t<div class=\"elementor-spacer-inner\"><\/div>\n\t\t<\/div>\n\t\t\t\t<\/div>\n\t\t\t\t<\/div>\n\t\t\t\t<div class=\"elementor-element elementor-element-5f5addf elementor-widget elementor-widget-heading\" data-id=\"5f5addf\" data-element_type=\"widget\" data-widget_type=\"heading.default\">\n\t\t\t\t<div class=\"elementor-widget-container\">\n\t\t\t<h2 class=\"elementor-heading-title elementor-size-default\">Dirbsiu:<\/h2>\t\t<\/div>\n\t\t\t\t<\/div>\n\t\t\t\t<div class=\"elementor-element elementor-element-65106ad elementor-widget elementor-widget-text-editor\" data-id=\"65106ad\" data-element_type=\"widget\" data-widget_type=\"text-editor.default\">\n\t\t\t\t<div class=\"elementor-widget-container\">\n\t\t\t\t\t\t\t<ul><li>transporto, logistikos, ekspedicin\u0117se \u012fmon\u0117se;<\/li><li>gamybos, prekybos \u012fmoni\u0173 ekspedijavimo, pirkimo, u\u017esakymo, eksporto ir importo, \u016bkio, transporto padaliniuose.<\/li><\/ul>\t\t\t\t\t\t<\/div>\n\t\t\t\t<\/div>\n\t\t\t\t<div class=\"elementor-element elementor-element-81d8077 elementor-widget elementor-widget-spacer\" data-id=\"81d8077\" data-element_type=\"widget\" data-widget_type=\"spacer.default\">\n\t\t\t\t<div class=\"elementor-widget-container\">\n\t\t\t\t\t<div class=\"elementor-spacer\">\n\t\t\t<div class=\"elementor-spacer-inner\"><\/div>\n\t\t<\/div>\n\t\t\t\t<\/div>\n\t\t\t\t<\/div>\n\t\t\t\t\t<\/div>\n\t\t<\/div>\n\t\t\t\t\t\t\t<\/div>\n\t\t<\/section>\n\t\t\t\t<section class=\"elementor-section elementor-top-section elementor-element elementor-element-2f11761 elementor-section-boxed elementor-section-height-default elementor-section-height-default\" data-id=\"2f11761\" data-element_type=\"section\" data-settings=\"{&quot;background_background&quot;:&quot;classic&quot;}\">\n\t\t\t\t\t\t<div class=\"elementor-container elementor-column-gap-default\">\n\t\t\t\t\t<div class=\"elementor-column elementor-col-100 elementor-top-column elementor-element elementor-element-c015d63\" data-id=\"c015d63\" data-element_type=\"column\">\n\t\t\t<div class=\"elementor-widget-wrap elementor-element-populated\">\n\t\t\t\t\t\t\t\t<div class=\"elementor-element elementor-element-3447f5b elementor-widget elementor-widget-spacer\" data-id=\"3447f5b\" data-element_type=\"widget\" data-widget_type=\"spacer.default\">\n\t\t\t\t<div class=\"elementor-widget-container\">\n\t\t\t\t\t<div class=\"elementor-spacer\">\n\t\t\t<div class=\"elementor-spacer-inner\"><\/div>\n\t\t<\/div>\n\t\t\t\t<\/div>\n\t\t\t\t<\/div>\n\t\t\t\t<div class=\"elementor-element elementor-element-6b81353 elementor-widget elementor-widget-heading\" data-id=\"6b81353\" data-element_type=\"widget\" data-widget_type=\"heading.default\">\n\t\t\t\t<div class=\"elementor-widget-container\">\n\t\t\t<h2 class=\"elementor-heading-title elementor-size-default\">Daugiau informacijos gauti galite \u0161iais kontaktais:<\/h2>\t\t<\/div>\n\t\t\t\t<\/div>\n\t\t\t\t<div class=\"elementor-element elementor-element-fadfdb4 elementor-widget elementor-widget-text-editor\" data-id=\"fadfdb4\" data-element_type=\"widget\" data-widget_type=\"text-editor.default\">\n\t\t\t\t<div class=\"elementor-widget-container\">\n\t\t\t\t\t\t\t<p><b>Inga Stankaitien\u0117<\/b><\/p>\t\t\t\t\t\t<\/div>\n\t\t\t\t<\/div>\n\t\t\t\t<div class=\"elementor-element elementor-element-8f01bc3 elementor-align-left elementor-list-item-link-full_width elementor-widget elementor-widget-icon-list\" data-id=\"8f01bc3\" data-element_type=\"widget\" data-widget_type=\"icon-list.default\">\n\t\t\t\t<div class=\"elementor-widget-container\">\n\t\t\t\t\t<ul class=\"elementor-icon-list-items\">\n\t\t\t\t\t\t\t<li class=\"elementor-icon-list-item\">\n\t\t\t\t\t\t\t\t\t\t\t<span class=\"elementor-icon-list-icon\">\n\t\t\t\t\t\t\t<i aria-hidden=\"true\" class=\"fas fa-phone-alt\"><\/i>\t\t\t\t\t\t<\/span>\n\t\t\t\t\t\t\t\t\t\t<span class=\"elementor-icon-list-text\"><a href=\"http:\/\/tel:+37061574675\/\" target=\"_blank\" rel=\"noopener\" style=\"font-family: inherit; font-style: inherit; font-variant-ligatures: inherit; font-variant-caps: inherit; font-weight: inherit; letter-spacing: var(--vamtam-primary-font-letter-spacing-desktop,normal); text-transform: var(--vamtam-primary-font-transform,none); white-space: normal;\">+370 615 74675<\/a><\/span>\n\t\t\t\t\t\t\t\t\t<\/li>\n\t\t\t\t\t\t\t\t<li class=\"elementor-icon-list-item\">\n\t\t\t\t\t\t\t\t\t\t\t<span class=\"elementor-icon-list-icon\">\n\t\t\t\t\t\t\t<i aria-hidden=\"true\" class=\"far fa-envelope\"><\/i>\t\t\t\t\t\t<\/span>\n\t\t\t\t\t\t\t\t\t\t<span class=\"elementor-icon-list-text\"><a href=\"mailto:mailito:i.stankaitiene@vtdko.lt\" target=\"_blank\" rel=\"noopener\" style=\"font-family: inherit; font-style: inherit; font-variant-ligatures: inherit; font-variant-caps: inherit; font-weight: inherit; letter-spacing: var(--vamtam-primary-font-letter-spacing-desktop,normal); text-transform: var(--vamtam-primary-font-transform,none); white-space: normal;\">i.stankaitiene@vtdko.lt<\/a><\/span>\n\t\t\t\t\t\t\t\t\t<\/li>\n\t\t\t\t\t\t<\/ul>\n\t\t\t\t<\/div>\n\t\t\t\t<\/div>\n\t\t\t\t<div class=\"elementor-element elementor-element-565caa4 elementor-widget elementor-widget-spacer\" data-id=\"565caa4\" data-element_type=\"widget\" data-widget_type=\"spacer.default\">\n\t\t\t\t<div class=\"elementor-widget-container\">\n\t\t\t\t\t<div class=\"elementor-spacer\">\n\t\t\t<div class=\"elementor-spacer-inner\"><\/div>\n\t\t<\/div>\n\t\t\t\t<\/div>\n\t\t\t\t<\/div>\n\t\t\t\t\t<\/div>\n\t\t<\/div>\n\t\t\t\t\t\t\t<\/div>\n\t\t<\/section>\n\t\t\t\t\t\t\t<\/div>\n\t\t","protected":false},"excerpt":{"rendered":"<p>Ekspeditorius (7 m\u0117nesiai) Valstybinis kodas:\u00a0T43104112 \u0160vietimo sritis:\u00a0Transporto paslaugos. Apimtis ir trukm\u0117:Programa, skirta t\u0119stiniam profesiniam mokymui, 50 mokymosi kredit\u0173 \u2013 7 m\u0117nesiai. \u00a0 \u00a0 I\u0161moksiu: valdyti \u012fvairi\u0173 r\u016b\u0161i\u0173 gele\u017einkeli\u0173 traukos riedmenis sto\u010di\u0173 ir tarpsto\u010di\u0173 keliuose; vykdyti traukos riedmen\u0173 eksploatavimo procesus: parengti lokomotyv\u0105 darbui; atlikti traukos riedmen\u0173 technin\u0119 prie\u017ei\u016br\u0105; atlikti traukos riedmen\u0173 elektros \u012frengini\u0173 technin\u0119 prie\u017ei\u016br\u0105: i\u0161ved\u017eioti&#8230;<\/p>\n","protected":false},"author":1,"featured_media":0,"parent":989505,"menu_order":0,"comment_status":"closed","ping_status":"closed","template":"","meta":{"inline_featured_image":false,"footnotes":""},"class_list":["post-989844","page","type-page","status-publish","hentry"],"yoast_head":"<!-- This site is optimized with the Yoast SEO plugin v19.12 - https:\/\/yoast.com\/wordpress\/plugins\/seo\/ -->\n<title>Ekspeditorius (7 m\u0117n.) - vtdko<\/title>\n<meta name=\"robots\" content=\"noindex, follow, max-snippet:-1, max-image-preview:large, max-video-preview:-1\" \/>\n<meta property=\"og:locale\" content=\"lt_LT\" \/>\n<meta property=\"og:type\" content=\"article\" \/>\n<meta property=\"og:title\" content=\"Ekspeditorius (7 m\u0117n.) - vtdko\" \/>\n<meta property=\"og:description\" content=\"Ekspeditorius (7 m\u0117nesiai) Valstybinis kodas:\u00a0T43104112 \u0160vietimo sritis:\u00a0Transporto paslaugos. Apimtis ir trukm\u0117:Programa, skirta t\u0119stiniam profesiniam mokymui, 50 mokymosi kredit\u0173 \u2013 7 m\u0117nesiai. \u00a0 \u00a0 I\u0161moksiu: valdyti \u012fvairi\u0173 r\u016b\u0161i\u0173 gele\u017einkeli\u0173 traukos riedmenis sto\u010di\u0173 ir tarpsto\u010di\u0173 keliuose; vykdyti traukos riedmen\u0173 eksploatavimo procesus: parengti lokomotyv\u0105 darbui; atlikti traukos riedmen\u0173 technin\u0119 prie\u017ei\u016br\u0105; atlikti traukos riedmen\u0173 elektros \u012frengini\u0173 technin\u0119 prie\u017ei\u016br\u0105: i\u0161ved\u017eioti...\" \/>\n<meta property=\"og:url\" content=\"https:\/\/wp.adisoft.lt\/vtdko\/profesinio-mokymo-skyrius\/ekspeditorius-7-men\/\" \/>\n<meta property=\"og:site_name\" content=\"vtdko\" \/>\n<meta property=\"article:modified_time\" content=\"2023-02-04T10:53:41+00:00\" \/>\n<meta name=\"twitter:card\" content=\"summary_large_image\" \/>\n<meta name=\"twitter:label1\" content=\"Est. reading time\" \/>\n\t<meta name=\"twitter:data1\" content=\"1 minut\u0117\" \/>\n<script type=\"application\/ld+json\" class=\"yoast-schema-graph\">{\"@context\":\"https:\/\/schema.org\",\"@graph\":[{\"@type\":\"WebPage\",\"@id\":\"https:\/\/wp.adisoft.lt\/vtdko\/profesinio-mokymo-skyrius\/ekspeditorius-7-men\/\",\"url\":\"https:\/\/wp.adisoft.lt\/vtdko\/profesinio-mokymo-skyrius\/ekspeditorius-7-men\/\",\"name\":\"Ekspeditorius (7 m\u0117n.) - vtdko\",\"isPartOf\":{\"@id\":\"https:\/\/wp.adisoft.lt\/vtdko\/#website\"},\"datePublished\":\"2022-10-19T07:14:53+00:00\",\"dateModified\":\"2023-02-04T10:53:41+00:00\",\"breadcrumb\":{\"@id\":\"https:\/\/wp.adisoft.lt\/vtdko\/profesinio-mokymo-skyrius\/ekspeditorius-7-men\/#breadcrumb\"},\"inLanguage\":\"lt-LT\",\"potentialAction\":[{\"@type\":\"ReadAction\",\"target\":[\"https:\/\/wp.adisoft.lt\/vtdko\/profesinio-mokymo-skyrius\/ekspeditorius-7-men\/\"]}]},{\"@type\":\"BreadcrumbList\",\"@id\":\"https:\/\/wp.adisoft.lt\/vtdko\/profesinio-mokymo-skyrius\/ekspeditorius-7-men\/#breadcrumb\",\"itemListElement\":[{\"@type\":\"ListItem\",\"position\":1,\"name\":\"Pagrindinis\",\"item\":\"https:\/\/wp.adisoft.lt\/vtdko\/\"},{\"@type\":\"ListItem\",\"position\":2,\"name\":\"Profesinio mokymo skyrius\",\"item\":\"https:\/\/wp.adisoft.lt\/vtdko\/profesinio-mokymo-skyrius\/\"},{\"@type\":\"ListItem\",\"position\":3,\"name\":\"Ekspeditorius (7 m\u0117n.)\"}]},{\"@type\":\"WebSite\",\"@id\":\"https:\/\/wp.adisoft.lt\/vtdko\/#website\",\"url\":\"https:\/\/wp.adisoft.lt\/vtdko\/\",\"name\":\"vtdko\",\"description\":\"Vilniaus technologij\u0173 ir dizaino kolegija\",\"publisher\":{\"@id\":\"https:\/\/wp.adisoft.lt\/vtdko\/#organization\"},\"potentialAction\":[{\"@type\":\"SearchAction\",\"target\":{\"@type\":\"EntryPoint\",\"urlTemplate\":\"https:\/\/wp.adisoft.lt\/vtdko\/?s={search_term_string}\"},\"query-input\":\"required name=search_term_string\"}],\"inLanguage\":\"lt-LT\"},{\"@type\":\"Organization\",\"@id\":\"https:\/\/wp.adisoft.lt\/vtdko\/#organization\",\"name\":\"vtdko\",\"url\":\"https:\/\/wp.adisoft.lt\/vtdko\/\",\"logo\":{\"@type\":\"ImageObject\",\"inLanguage\":\"lt-LT\",\"@id\":\"https:\/\/wp.adisoft.lt\/vtdko\/#\/schema\/logo\/image\/\",\"url\":\"https:\/\/wp.adisoft.lt\/vtdko\/wp-content\/uploads\/2020\/02\/Logo-su-tekstu-01.svg\",\"contentUrl\":\"https:\/\/wp.adisoft.lt\/vtdko\/wp-content\/uploads\/2020\/02\/Logo-su-tekstu-01.svg\",\"width\":151,\"height\":74,\"caption\":\"vtdko\"},\"image\":{\"@id\":\"https:\/\/wp.adisoft.lt\/vtdko\/#\/schema\/logo\/image\/\"}}]}<\/script>\n<!-- \/ Yoast SEO plugin. -->","yoast_head_json":{"title":"Ekspeditorius (7 m\u0117n.) - vtdko","robots":{"index":"noindex","follow":"follow","max-snippet":"max-snippet:-1","max-image-preview":"max-image-preview:large","max-video-preview":"max-video-preview:-1"},"og_locale":"lt_LT","og_type":"article","og_title":"Ekspeditorius (7 m\u0117n.) - vtdko","og_description":"Ekspeditorius (7 m\u0117nesiai) Valstybinis kodas:\u00a0T43104112 \u0160vietimo sritis:\u00a0Transporto paslaugos. Apimtis ir trukm\u0117:Programa, skirta t\u0119stiniam profesiniam mokymui, 50 mokymosi kredit\u0173 \u2013 7 m\u0117nesiai. \u00a0 \u00a0 I\u0161moksiu: valdyti \u012fvairi\u0173 r\u016b\u0161i\u0173 gele\u017einkeli\u0173 traukos riedmenis sto\u010di\u0173 ir tarpsto\u010di\u0173 keliuose; vykdyti traukos riedmen\u0173 eksploatavimo procesus: parengti lokomotyv\u0105 darbui; atlikti traukos riedmen\u0173 technin\u0119 prie\u017ei\u016br\u0105; atlikti traukos riedmen\u0173 elektros \u012frengini\u0173 technin\u0119 prie\u017ei\u016br\u0105: i\u0161ved\u017eioti...","og_url":"https:\/\/wp.adisoft.lt\/vtdko\/profesinio-mokymo-skyrius\/ekspeditorius-7-men\/","og_site_name":"vtdko","article_modified_time":"2023-02-04T10:53:41+00:00","twitter_card":"summary_large_image","twitter_misc":{"Est. reading time":"1 minut\u0117"},"schema":{"@context":"https:\/\/schema.org","@graph":[{"@type":"WebPage","@id":"https:\/\/wp.adisoft.lt\/vtdko\/profesinio-mokymo-skyrius\/ekspeditorius-7-men\/","url":"https:\/\/wp.adisoft.lt\/vtdko\/profesinio-mokymo-skyrius\/ekspeditorius-7-men\/","name":"Ekspeditorius (7 m\u0117n.) - vtdko","isPartOf":{"@id":"https:\/\/wp.adisoft.lt\/vtdko\/#website"},"datePublished":"2022-10-19T07:14:53+00:00","dateModified":"2023-02-04T10:53:41+00:00","breadcrumb":{"@id":"https:\/\/wp.adisoft.lt\/vtdko\/profesinio-mokymo-skyrius\/ekspeditorius-7-men\/#breadcrumb"},"inLanguage":"lt-LT","potentialAction":[{"@type":"ReadAction","target":["https:\/\/wp.adisoft.lt\/vtdko\/profesinio-mokymo-skyrius\/ekspeditorius-7-men\/"]}]},{"@type":"BreadcrumbList","@id":"https:\/\/wp.adisoft.lt\/vtdko\/profesinio-mokymo-skyrius\/ekspeditorius-7-men\/#breadcrumb","itemListElement":[{"@type":"ListItem","position":1,"name":"Pagrindinis","item":"https:\/\/wp.adisoft.lt\/vtdko\/"},{"@type":"ListItem","position":2,"name":"Profesinio mokymo skyrius","item":"https:\/\/wp.adisoft.lt\/vtdko\/profesinio-mokymo-skyrius\/"},{"@type":"ListItem","position":3,"name":"Ekspeditorius (7 m\u0117n.)"}]},{"@type":"WebSite","@id":"https:\/\/wp.adisoft.lt\/vtdko\/#website","url":"https:\/\/wp.adisoft.lt\/vtdko\/","name":"vtdko","description":"Vilniaus technologij\u0173 ir dizaino kolegija","publisher":{"@id":"https:\/\/wp.adisoft.lt\/vtdko\/#organization"},"potentialAction":[{"@type":"SearchAction","target":{"@type":"EntryPoint","urlTemplate":"https:\/\/wp.adisoft.lt\/vtdko\/?s={search_term_string}"},"query-input":"required name=search_term_string"}],"inLanguage":"lt-LT"},{"@type":"Organization","@id":"https:\/\/wp.adisoft.lt\/vtdko\/#organization","name":"vtdko","url":"https:\/\/wp.adisoft.lt\/vtdko\/","logo":{"@type":"ImageObject","inLanguage":"lt-LT","@id":"https:\/\/wp.adisoft.lt\/vtdko\/#\/schema\/logo\/image\/","url":"https:\/\/wp.adisoft.lt\/vtdko\/wp-content\/uploads\/2020\/02\/Logo-su-tekstu-01.svg","contentUrl":"https:\/\/wp.adisoft.lt\/vtdko\/wp-content\/uploads\/2020\/02\/Logo-su-tekstu-01.svg","width":151,"height":74,"caption":"vtdko"},"image":{"@id":"https:\/\/wp.adisoft.lt\/vtdko\/#\/schema\/logo\/image\/"}}]}},"_links":{"self":[{"href":"https:\/\/wp.adisoft.lt\/vtdko\/wp-json\/wp\/v2\/pages\/989844","targetHints":{"allow":["GET"]}}],"collection":[{"href":"https:\/\/wp.adisoft.lt\/vtdko\/wp-json\/wp\/v2\/pages"}],"about":[{"href":"https:\/\/wp.adisoft.lt\/vtdko\/wp-json\/wp\/v2\/types\/page"}],"author":[{"embeddable":true,"href":"https:\/\/wp.adisoft.lt\/vtdko\/wp-json\/wp\/v2\/users\/1"}],"replies":[{"embeddable":true,"href":"https:\/\/wp.adisoft.lt\/vtdko\/wp-json\/wp\/v2\/comments?post=989844"}],"version-history":[{"count":16,"href":"https:\/\/wp.adisoft.lt\/vtdko\/wp-json\/wp\/v2\/pages\/989844\/revisions"}],"predecessor-version":[{"id":999850,"href":"https:\/\/wp.adisoft.lt\/vtdko\/wp-json\/wp\/v2\/pages\/989844\/revisions\/999850"}],"up":[{"embeddable":true,"href":"https:\/\/wp.adisoft.lt\/vtdko\/wp-json\/wp\/v2\/pages\/989505"}],"wp:attachment":[{"href":"https:\/\/wp.adisoft.lt\/vtdko\/wp-json\/wp\/v2\/media?parent=989844"}],"curies":[{"name":"wp","href":"https:\/\/api.w.org\/{rel}","templated":true}]}}