{"id":989847,"date":"2022-10-19T10:15:44","date_gmt":"2022-10-19T07:15:44","guid":{"rendered":"https:\/\/wp.adisoft.lt\/vtdko\/?page_id=989847"},"modified":"2023-02-04T13:52:11","modified_gmt":"2023-02-04T10:52:11","slug":"traukiniu-manevru-operatorius-7-men","status":"publish","type":"page","link":"https:\/\/wp.adisoft.lt\/vtdko\/profesinio-mokymo-skyrius\/traukiniu-manevru-operatorius-7-men\/","title":{"rendered":"Traukini\u0173 manevr\u0173 operatorius (7 m\u0117n.)"},"content":{"rendered":"\t\t<div data-elementor-type=\"wp-page\" data-elementor-id=\"989847\" class=\"elementor elementor-989847\">\n\t\t\t\t\t\t\t\t\t<section class=\"elementor-section elementor-top-section elementor-element elementor-element-90ce46c elementor-section-height-min-height elementor-section-boxed elementor-section-height-default elementor-section-items-middle\" data-id=\"90ce46c\" data-element_type=\"section\" data-settings=\"{&quot;background_background&quot;:&quot;classic&quot;,&quot;animation&quot;:&quot;none&quot;}\">\n\t\t\t\t\t\t<div class=\"elementor-container elementor-column-gap-default\">\n\t\t\t\t\t<div class=\"elementor-column elementor-col-100 elementor-top-column elementor-element elementor-element-51e805a\" data-id=\"51e805a\" data-element_type=\"column\" data-settings=\"{&quot;background_background&quot;:&quot;classic&quot;}\">\n\t\t\t<div class=\"elementor-widget-wrap\">\n\t\t\t\t\t\t\t\t\t<\/div>\n\t\t<\/div>\n\t\t\t\t\t\t\t<\/div>\n\t\t<\/section>\n\t\t\t\t<section class=\"elementor-section elementor-top-section elementor-element elementor-element-961ae8f elementor-section-boxed elementor-section-height-default elementor-section-height-default\" data-id=\"961ae8f\" data-element_type=\"section\" data-settings=\"{&quot;animation&quot;:&quot;none&quot;,&quot;animation_tablet&quot;:&quot;none&quot;,&quot;animation_mobile&quot;:&quot;none&quot;}\">\n\t\t\t\t\t\t<div class=\"elementor-container elementor-column-gap-no\">\n\t\t\t\t\t<div class=\"elementor-column elementor-col-50 elementor-top-column elementor-element elementor-element-fe1ae7a animated-fast elementor-invisible\" data-id=\"fe1ae7a\" data-element_type=\"column\" data-settings=\"{&quot;background_background&quot;:&quot;classic&quot;,&quot;animation&quot;:&quot;fadeIn&quot;,&quot;animation_delay&quot;:100}\">\n\t\t\t<div class=\"elementor-widget-wrap elementor-element-populated\">\n\t\t\t\t\t\t\t\t<div class=\"elementor-element elementor-element-515efe7 elementor-widget__width-auto elementor-widget-tablet__width-auto elementor-widget-mobile__width-inherit elementor-widget elementor-widget-heading\" data-id=\"515efe7\" data-element_type=\"widget\" data-settings=\"{&quot;_animation&quot;:&quot;none&quot;,&quot;_animation_delay&quot;:200}\" data-widget_type=\"heading.heading_charityfy\">\n\t\t\t\t<div class=\"elementor-widget-container\">\n\t\t\t<h1 class=\"elementor-heading-title elementor-size-default\">Traukini\u0173 manevr\u0173 operatorius<\/h1>\t\t<\/div>\n\t\t\t\t<\/div>\n\t\t\t\t<div class=\"elementor-element elementor-element-28664b0 elementor-widget elementor-widget-text-editor\" data-id=\"28664b0\" data-element_type=\"widget\" data-settings=\"{&quot;_animation&quot;:&quot;none&quot;,&quot;_animation_delay&quot;:300}\" data-widget_type=\"text-editor.default\">\n\t\t\t\t<div class=\"elementor-widget-container\">\n\t\t\t\t\t\t\t<p>(7 m\u0117nesiai)<\/p>\t\t\t\t\t\t<\/div>\n\t\t\t\t<\/div>\n\t\t\t\t\t<\/div>\n\t\t<\/div>\n\t\t\t\t<div class=\"elementor-column elementor-col-50 elementor-top-column elementor-element elementor-element-57727a5 elementor-hidden-desktop elementor-hidden-tablet elementor-hidden-phone\" data-id=\"57727a5\" data-element_type=\"column\">\n\t\t\t<div class=\"elementor-widget-wrap\">\n\t\t\t\t\t\t\t\t\t<\/div>\n\t\t<\/div>\n\t\t\t\t\t\t\t<\/div>\n\t\t<\/section>\n\t\t\t\t<section class=\"elementor-section elementor-top-section elementor-element elementor-element-d07599f elementor-section-boxed elementor-section-height-default elementor-section-height-default\" data-id=\"d07599f\" data-element_type=\"section\">\n\t\t\t\t\t\t<div class=\"elementor-container elementor-column-gap-default\">\n\t\t\t\t\t<div class=\"elementor-column elementor-col-100 elementor-top-column elementor-element elementor-element-ac27f23\" data-id=\"ac27f23\" data-element_type=\"column\">\n\t\t\t<div class=\"elementor-widget-wrap elementor-element-populated\">\n\t\t\t\t\t\t\t\t<div class=\"elementor-element elementor-element-b852fb1 elementor-widget elementor-widget-spacer\" data-id=\"b852fb1\" data-element_type=\"widget\" data-widget_type=\"spacer.default\">\n\t\t\t\t<div class=\"elementor-widget-container\">\n\t\t\t\t\t<div class=\"elementor-spacer\">\n\t\t\t<div class=\"elementor-spacer-inner\"><\/div>\n\t\t<\/div>\n\t\t\t\t<\/div>\n\t\t\t\t<\/div>\n\t\t\t\t\t<\/div>\n\t\t<\/div>\n\t\t\t\t\t\t\t<\/div>\n\t\t<\/section>\n\t\t\t\t<section class=\"elementor-section elementor-top-section elementor-element elementor-element-7e7822b elementor-section-boxed elementor-section-height-default elementor-section-height-default\" data-id=\"7e7822b\" data-element_type=\"section\">\n\t\t\t\t\t\t<div class=\"elementor-container elementor-column-gap-default\">\n\t\t\t\t\t<div class=\"elementor-column elementor-col-100 elementor-top-column elementor-element elementor-element-e23c01b\" data-id=\"e23c01b\" data-element_type=\"column\">\n\t\t\t<div class=\"elementor-widget-wrap elementor-element-populated\">\n\t\t\t\t\t\t\t\t<div class=\"elementor-element elementor-element-7ded80c elementor-widget elementor-widget-text-editor\" data-id=\"7ded80c\" data-element_type=\"widget\" data-widget_type=\"text-editor.default\">\n\t\t\t\t<div class=\"elementor-widget-container\">\n\t\t\t\t\t\t\t<p><strong>Valstybinis kodas:<\/strong>\u00a0T43104104<\/p><p><strong>\u0160vietimo sritis:<\/strong>\u00a0Transporto paslaugos.<\/p><p><strong>Apimtis ir trukm\u0117:<br \/><\/strong>Programa, skirta t\u0119stiniam profesiniam mokymui, 50 mokymosi kredit\u0173 \u2013 7 m\u0117nesiai.<\/p><p>\u00a0<\/p>\t\t\t\t\t\t<\/div>\n\t\t\t\t<\/div>\n\t\t\t\t\t<\/div>\n\t\t<\/div>\n\t\t\t\t\t\t\t<\/div>\n\t\t<\/section>\n\t\t\t\t<section class=\"elementor-section elementor-top-section elementor-element elementor-element-cfee4b1 elementor-section-boxed elementor-section-height-default elementor-section-height-default\" data-id=\"cfee4b1\" data-element_type=\"section\" data-settings=\"{&quot;background_background&quot;:&quot;classic&quot;}\">\n\t\t\t\t\t\t<div class=\"elementor-container elementor-column-gap-default\">\n\t\t\t\t\t<div class=\"elementor-column elementor-col-100 elementor-top-column elementor-element elementor-element-597dc5e\" data-id=\"597dc5e\" data-element_type=\"column\">\n\t\t\t<div class=\"elementor-widget-wrap elementor-element-populated\">\n\t\t\t\t\t\t\t\t<div class=\"elementor-element elementor-element-f31b9ee elementor-widget elementor-widget-heading\" data-id=\"f31b9ee\" data-element_type=\"widget\" data-widget_type=\"heading.default\">\n\t\t\t\t<div class=\"elementor-widget-container\">\n\t\t\t<h2 class=\"elementor-heading-title elementor-size-default\">I\u0161moksiu:<\/h2>\t\t<\/div>\n\t\t\t\t<\/div>\n\t\t\t\t<div class=\"elementor-element elementor-element-eee1d58 elementor-widget elementor-widget-text-editor\" data-id=\"eee1d58\" data-element_type=\"widget\" data-widget_type=\"text-editor.default\">\n\t\t\t\t<div class=\"elementor-widget-container\">\n\t\t\t\t\t\t\t<ul><li>sukabinti ir atkabinti riedmenis;<\/li><li>pildyti va\u017etos ir traukinio krovini\u0173 ve\u017eimo dokumentus;<\/li><li>atlikti krovini\u0173 pakrovimo ir tvirtinimo prie\u017ei\u016br\u0105;<\/li><li>manevruoti gele\u017einkelio stotyse ir bendrovi\u0173 keliuose;<\/li><li>ve\u017eti pavojingus krovinius;<\/li><li>formuoti traukinius stotyse;<\/li><li>\u012ftvirtinti keliuose vagonus;<\/li><li>perjungti ie\u0161mus;<\/li><li>\u012fjungti ir patikrinti gele\u017einkeli\u0173 riedmen\u0173 stabd\u017ei\u0173 veikim\u0105;<\/li><li>priimti ir perduoti traukos riedmenis;<\/li><li>organizuoti saug\u0173 keleivi\u0173 ve\u017eim\u0105 traukiniais;<\/li><li>atlikti keleivinio vagono konstrukcijos, autosankabos, va\u017eiuokl\u0117s, stabd\u017ei\u0173 \u012frangos, elektros, \u0161ildymo, vandens teikimo, ventiliacijos ir kondicionavimo \u012frengini\u0173 prie\u017ei\u016br\u0105.<\/li><\/ul>\t\t\t\t\t\t<\/div>\n\t\t\t\t<\/div>\n\t\t\t\t\t<\/div>\n\t\t<\/div>\n\t\t\t\t\t\t\t<\/div>\n\t\t<\/section>\n\t\t\t\t<section class=\"elementor-section elementor-top-section elementor-element elementor-element-d72bf26 elementor-section-boxed elementor-section-height-default elementor-section-height-default\" data-id=\"d72bf26\" data-element_type=\"section\" data-settings=\"{&quot;background_background&quot;:&quot;classic&quot;}\">\n\t\t\t\t\t\t<div class=\"elementor-container elementor-column-gap-default\">\n\t\t\t\t\t<div class=\"elementor-column elementor-col-100 elementor-top-column elementor-element elementor-element-51193b1\" data-id=\"51193b1\" data-element_type=\"column\">\n\t\t\t<div class=\"elementor-widget-wrap elementor-element-populated\">\n\t\t\t\t\t\t\t\t<div class=\"elementor-element elementor-element-737c03e elementor-widget elementor-widget-spacer\" data-id=\"737c03e\" data-element_type=\"widget\" data-widget_type=\"spacer.default\">\n\t\t\t\t<div class=\"elementor-widget-container\">\n\t\t\t\t\t<div class=\"elementor-spacer\">\n\t\t\t<div class=\"elementor-spacer-inner\"><\/div>\n\t\t<\/div>\n\t\t\t\t<\/div>\n\t\t\t\t<\/div>\n\t\t\t\t<div class=\"elementor-element elementor-element-50d4a0e elementor-widget elementor-widget-heading\" data-id=\"50d4a0e\" data-element_type=\"widget\" data-widget_type=\"heading.default\">\n\t\t\t\t<div class=\"elementor-widget-container\">\n\t\t\t<h2 class=\"elementor-heading-title elementor-size-default\">Dirbsiu:<\/h2>\t\t<\/div>\n\t\t\t\t<\/div>\n\t\t\t\t<div class=\"elementor-element elementor-element-efbd159 elementor-widget elementor-widget-text-editor\" data-id=\"efbd159\" data-element_type=\"widget\" data-widget_type=\"text-editor.default\">\n\t\t\t\t<div class=\"elementor-widget-container\">\n\t\t\t\t\t\t\t<ul><li>traukini\u0173 manevr\u0173 operatoriumi gele\u017einkeli\u0173 transporto \u012fmon\u0117se ir bendrov\u0117se;<\/li><li>kalnelio bud\u0117toju;<\/li><li>stoties bud\u0117toju;<\/li><li>keleivinio traukinio konduktoriumi kontrolieriumi.<\/li><\/ul>\t\t\t\t\t\t<\/div>\n\t\t\t\t<\/div>\n\t\t\t\t<div class=\"elementor-element elementor-element-e5a65ab elementor-widget elementor-widget-spacer\" data-id=\"e5a65ab\" data-element_type=\"widget\" data-widget_type=\"spacer.default\">\n\t\t\t\t<div class=\"elementor-widget-container\">\n\t\t\t\t\t<div class=\"elementor-spacer\">\n\t\t\t<div class=\"elementor-spacer-inner\"><\/div>\n\t\t<\/div>\n\t\t\t\t<\/div>\n\t\t\t\t<\/div>\n\t\t\t\t<div class=\"elementor-element elementor-element-dc1c429 elementor-widget elementor-widget-spacer\" data-id=\"dc1c429\" data-element_type=\"widget\" data-widget_type=\"spacer.default\">\n\t\t\t\t<div class=\"elementor-widget-container\">\n\t\t\t\t\t<div class=\"elementor-spacer\">\n\t\t\t<div class=\"elementor-spacer-inner\"><\/div>\n\t\t<\/div>\n\t\t\t\t<\/div>\n\t\t\t\t<\/div>\n\t\t\t\t\t<\/div>\n\t\t<\/div>\n\t\t\t\t\t\t\t<\/div>\n\t\t<\/section>\n\t\t\t\t<section class=\"elementor-section elementor-top-section elementor-element elementor-element-4249d31 elementor-section-boxed elementor-section-height-default elementor-section-height-default\" data-id=\"4249d31\" data-element_type=\"section\" data-settings=\"{&quot;background_background&quot;:&quot;classic&quot;}\">\n\t\t\t\t\t\t<div class=\"elementor-container elementor-column-gap-default\">\n\t\t\t\t\t<div class=\"elementor-column elementor-col-100 elementor-top-column elementor-element elementor-element-c3257a2\" data-id=\"c3257a2\" data-element_type=\"column\">\n\t\t\t<div class=\"elementor-widget-wrap elementor-element-populated\">\n\t\t\t\t\t\t\t\t<div class=\"elementor-element elementor-element-4217c78 elementor-widget elementor-widget-spacer\" data-id=\"4217c78\" data-element_type=\"widget\" data-widget_type=\"spacer.default\">\n\t\t\t\t<div class=\"elementor-widget-container\">\n\t\t\t\t\t<div class=\"elementor-spacer\">\n\t\t\t<div class=\"elementor-spacer-inner\"><\/div>\n\t\t<\/div>\n\t\t\t\t<\/div>\n\t\t\t\t<\/div>\n\t\t\t\t<div class=\"elementor-element elementor-element-0c256b1 elementor-widget elementor-widget-heading\" data-id=\"0c256b1\" data-element_type=\"widget\" data-widget_type=\"heading.default\">\n\t\t\t\t<div class=\"elementor-widget-container\">\n\t\t\t<h2 class=\"elementor-heading-title elementor-size-default\">Daugiau informacijos gauti galite \u0161iais kontaktais:<\/h2>\t\t<\/div>\n\t\t\t\t<\/div>\n\t\t\t\t<div class=\"elementor-element elementor-element-e9353f4 elementor-widget elementor-widget-text-editor\" data-id=\"e9353f4\" data-element_type=\"widget\" data-widget_type=\"text-editor.default\">\n\t\t\t\t<div class=\"elementor-widget-container\">\n\t\t\t\t\t\t\t<p><b>Inga Stankaitien\u0117<\/b><\/p>\t\t\t\t\t\t<\/div>\n\t\t\t\t<\/div>\n\t\t\t\t<div class=\"elementor-element elementor-element-d68f1a6 elementor-align-left elementor-list-item-link-full_width elementor-widget elementor-widget-icon-list\" data-id=\"d68f1a6\" data-element_type=\"widget\" data-widget_type=\"icon-list.default\">\n\t\t\t\t<div class=\"elementor-widget-container\">\n\t\t\t\t\t<ul class=\"elementor-icon-list-items\">\n\t\t\t\t\t\t\t<li class=\"elementor-icon-list-item\">\n\t\t\t\t\t\t\t\t\t\t\t<span class=\"elementor-icon-list-icon\">\n\t\t\t\t\t\t\t<i aria-hidden=\"true\" class=\"fas fa-phone-alt\"><\/i>\t\t\t\t\t\t<\/span>\n\t\t\t\t\t\t\t\t\t\t<span class=\"elementor-icon-list-text\"><a href=\"http:\/\/tel:+37061574675\/\" target=\"_blank\" rel=\"noopener\" style=\"font-family: inherit; font-style: inherit; font-variant-ligatures: inherit; font-variant-caps: inherit; font-weight: inherit; letter-spacing: var(--vamtam-primary-font-letter-spacing-desktop,normal); text-transform: var(--vamtam-primary-font-transform,none); white-space: normal;\">+370 615 74675<\/a><\/span>\n\t\t\t\t\t\t\t\t\t<\/li>\n\t\t\t\t\t\t\t\t<li class=\"elementor-icon-list-item\">\n\t\t\t\t\t\t\t\t\t\t\t<span class=\"elementor-icon-list-icon\">\n\t\t\t\t\t\t\t<i aria-hidden=\"true\" class=\"far fa-envelope\"><\/i>\t\t\t\t\t\t<\/span>\n\t\t\t\t\t\t\t\t\t\t<span class=\"elementor-icon-list-text\"><a href=\"mailto:mailito:i.stankaitiene@vtdko.lt\" target=\"_blank\" rel=\"noopener\" style=\"font-family: inherit; font-style: inherit; font-variant-ligatures: inherit; font-variant-caps: inherit; font-weight: inherit; letter-spacing: var(--vamtam-primary-font-letter-spacing-desktop,normal); text-transform: var(--vamtam-primary-font-transform,none); white-space: normal;\">i.stankaitiene@vtdko.lt<\/a><\/span>\n\t\t\t\t\t\t\t\t\t<\/li>\n\t\t\t\t\t\t<\/ul>\n\t\t\t\t<\/div>\n\t\t\t\t<\/div>\n\t\t\t\t<div class=\"elementor-element elementor-element-ec15a1a elementor-widget elementor-widget-spacer\" data-id=\"ec15a1a\" data-element_type=\"widget\" data-widget_type=\"spacer.default\">\n\t\t\t\t<div class=\"elementor-widget-container\">\n\t\t\t\t\t<div class=\"elementor-spacer\">\n\t\t\t<div class=\"elementor-spacer-inner\"><\/div>\n\t\t<\/div>\n\t\t\t\t<\/div>\n\t\t\t\t<\/div>\n\t\t\t\t\t<\/div>\n\t\t<\/div>\n\t\t\t\t\t\t\t<\/div>\n\t\t<\/section>\n\t\t\t\t\t\t\t<\/div>\n\t\t","protected":false},"excerpt":{"rendered":"<p>Traukini\u0173 manevr\u0173 operatorius (7 m\u0117nesiai) Valstybinis kodas:\u00a0T43104104 \u0160vietimo sritis:\u00a0Transporto paslaugos. Apimtis ir trukm\u0117:Programa, skirta t\u0119stiniam profesiniam mokymui, 50 mokymosi kredit\u0173 \u2013 7 m\u0117nesiai. \u00a0 I\u0161moksiu: sukabinti ir atkabinti riedmenis; pildyti va\u017etos ir traukinio krovini\u0173 ve\u017eimo dokumentus; atlikti krovini\u0173 pakrovimo ir tvirtinimo prie\u017ei\u016br\u0105; manevruoti gele\u017einkelio stotyse ir bendrovi\u0173 keliuose; ve\u017eti pavojingus krovinius; formuoti traukinius stotyse; \u012ftvirtinti&#8230;<\/p>\n","protected":false},"author":1,"featured_media":0,"parent":989505,"menu_order":0,"comment_status":"closed","ping_status":"closed","template":"","meta":{"inline_featured_image":false,"footnotes":""},"class_list":["post-989847","page","type-page","status-publish","hentry"],"yoast_head":"<!-- This site is optimized with the Yoast SEO plugin v19.12 - https:\/\/yoast.com\/wordpress\/plugins\/seo\/ -->\n<title>Traukini\u0173 manevr\u0173 operatorius (7 m\u0117n.) - vtdko<\/title>\n<meta name=\"robots\" content=\"noindex, follow, max-snippet:-1, max-image-preview:large, max-video-preview:-1\" \/>\n<meta property=\"og:locale\" content=\"lt_LT\" \/>\n<meta property=\"og:type\" content=\"article\" \/>\n<meta property=\"og:title\" content=\"Traukini\u0173 manevr\u0173 operatorius (7 m\u0117n.) - vtdko\" \/>\n<meta property=\"og:description\" content=\"Traukini\u0173 manevr\u0173 operatorius (7 m\u0117nesiai) Valstybinis kodas:\u00a0T43104104 \u0160vietimo sritis:\u00a0Transporto paslaugos. Apimtis ir trukm\u0117:Programa, skirta t\u0119stiniam profesiniam mokymui, 50 mokymosi kredit\u0173 \u2013 7 m\u0117nesiai. \u00a0 I\u0161moksiu: sukabinti ir atkabinti riedmenis; pildyti va\u017etos ir traukinio krovini\u0173 ve\u017eimo dokumentus; atlikti krovini\u0173 pakrovimo ir tvirtinimo prie\u017ei\u016br\u0105; manevruoti gele\u017einkelio stotyse ir bendrovi\u0173 keliuose; ve\u017eti pavojingus krovinius; formuoti traukinius stotyse; \u012ftvirtinti...\" \/>\n<meta property=\"og:url\" content=\"https:\/\/wp.adisoft.lt\/vtdko\/profesinio-mokymo-skyrius\/traukiniu-manevru-operatorius-7-men\/\" \/>\n<meta property=\"og:site_name\" content=\"vtdko\" \/>\n<meta property=\"article:modified_time\" content=\"2023-02-04T10:52:11+00:00\" \/>\n<meta name=\"twitter:card\" content=\"summary_large_image\" \/>\n<meta name=\"twitter:label1\" content=\"Est. reading time\" \/>\n\t<meta name=\"twitter:data1\" content=\"1 minut\u0117\" \/>\n<script type=\"application\/ld+json\" class=\"yoast-schema-graph\">{\"@context\":\"https:\/\/schema.org\",\"@graph\":[{\"@type\":\"WebPage\",\"@id\":\"https:\/\/wp.adisoft.lt\/vtdko\/profesinio-mokymo-skyrius\/traukiniu-manevru-operatorius-7-men\/\",\"url\":\"https:\/\/wp.adisoft.lt\/vtdko\/profesinio-mokymo-skyrius\/traukiniu-manevru-operatorius-7-men\/\",\"name\":\"Traukini\u0173 manevr\u0173 operatorius (7 m\u0117n.) - vtdko\",\"isPartOf\":{\"@id\":\"https:\/\/wp.adisoft.lt\/vtdko\/#website\"},\"datePublished\":\"2022-10-19T07:15:44+00:00\",\"dateModified\":\"2023-02-04T10:52:11+00:00\",\"breadcrumb\":{\"@id\":\"https:\/\/wp.adisoft.lt\/vtdko\/profesinio-mokymo-skyrius\/traukiniu-manevru-operatorius-7-men\/#breadcrumb\"},\"inLanguage\":\"lt-LT\",\"potentialAction\":[{\"@type\":\"ReadAction\",\"target\":[\"https:\/\/wp.adisoft.lt\/vtdko\/profesinio-mokymo-skyrius\/traukiniu-manevru-operatorius-7-men\/\"]}]},{\"@type\":\"BreadcrumbList\",\"@id\":\"https:\/\/wp.adisoft.lt\/vtdko\/profesinio-mokymo-skyrius\/traukiniu-manevru-operatorius-7-men\/#breadcrumb\",\"itemListElement\":[{\"@type\":\"ListItem\",\"position\":1,\"name\":\"Pagrindinis\",\"item\":\"https:\/\/wp.adisoft.lt\/vtdko\/\"},{\"@type\":\"ListItem\",\"position\":2,\"name\":\"Profesinio mokymo skyrius\",\"item\":\"https:\/\/wp.adisoft.lt\/vtdko\/profesinio-mokymo-skyrius\/\"},{\"@type\":\"ListItem\",\"position\":3,\"name\":\"Traukini\u0173 manevr\u0173 operatorius (7 m\u0117n.)\"}]},{\"@type\":\"WebSite\",\"@id\":\"https:\/\/wp.adisoft.lt\/vtdko\/#website\",\"url\":\"https:\/\/wp.adisoft.lt\/vtdko\/\",\"name\":\"vtdko\",\"description\":\"Vilniaus technologij\u0173 ir dizaino kolegija\",\"publisher\":{\"@id\":\"https:\/\/wp.adisoft.lt\/vtdko\/#organization\"},\"potentialAction\":[{\"@type\":\"SearchAction\",\"target\":{\"@type\":\"EntryPoint\",\"urlTemplate\":\"https:\/\/wp.adisoft.lt\/vtdko\/?s={search_term_string}\"},\"query-input\":\"required name=search_term_string\"}],\"inLanguage\":\"lt-LT\"},{\"@type\":\"Organization\",\"@id\":\"https:\/\/wp.adisoft.lt\/vtdko\/#organization\",\"name\":\"vtdko\",\"url\":\"https:\/\/wp.adisoft.lt\/vtdko\/\",\"logo\":{\"@type\":\"ImageObject\",\"inLanguage\":\"lt-LT\",\"@id\":\"https:\/\/wp.adisoft.lt\/vtdko\/#\/schema\/logo\/image\/\",\"url\":\"https:\/\/wp.adisoft.lt\/vtdko\/wp-content\/uploads\/2020\/02\/Logo-su-tekstu-01.svg\",\"contentUrl\":\"https:\/\/wp.adisoft.lt\/vtdko\/wp-content\/uploads\/2020\/02\/Logo-su-tekstu-01.svg\",\"width\":151,\"height\":74,\"caption\":\"vtdko\"},\"image\":{\"@id\":\"https:\/\/wp.adisoft.lt\/vtdko\/#\/schema\/logo\/image\/\"}}]}<\/script>\n<!-- \/ Yoast SEO plugin. -->","yoast_head_json":{"title":"Traukini\u0173 manevr\u0173 operatorius (7 m\u0117n.) - vtdko","robots":{"index":"noindex","follow":"follow","max-snippet":"max-snippet:-1","max-image-preview":"max-image-preview:large","max-video-preview":"max-video-preview:-1"},"og_locale":"lt_LT","og_type":"article","og_title":"Traukini\u0173 manevr\u0173 operatorius (7 m\u0117n.) - vtdko","og_description":"Traukini\u0173 manevr\u0173 operatorius (7 m\u0117nesiai) Valstybinis kodas:\u00a0T43104104 \u0160vietimo sritis:\u00a0Transporto paslaugos. Apimtis ir trukm\u0117:Programa, skirta t\u0119stiniam profesiniam mokymui, 50 mokymosi kredit\u0173 \u2013 7 m\u0117nesiai. \u00a0 I\u0161moksiu: sukabinti ir atkabinti riedmenis; pildyti va\u017etos ir traukinio krovini\u0173 ve\u017eimo dokumentus; atlikti krovini\u0173 pakrovimo ir tvirtinimo prie\u017ei\u016br\u0105; manevruoti gele\u017einkelio stotyse ir bendrovi\u0173 keliuose; ve\u017eti pavojingus krovinius; formuoti traukinius stotyse; \u012ftvirtinti...","og_url":"https:\/\/wp.adisoft.lt\/vtdko\/profesinio-mokymo-skyrius\/traukiniu-manevru-operatorius-7-men\/","og_site_name":"vtdko","article_modified_time":"2023-02-04T10:52:11+00:00","twitter_card":"summary_large_image","twitter_misc":{"Est. reading time":"1 minut\u0117"},"schema":{"@context":"https:\/\/schema.org","@graph":[{"@type":"WebPage","@id":"https:\/\/wp.adisoft.lt\/vtdko\/profesinio-mokymo-skyrius\/traukiniu-manevru-operatorius-7-men\/","url":"https:\/\/wp.adisoft.lt\/vtdko\/profesinio-mokymo-skyrius\/traukiniu-manevru-operatorius-7-men\/","name":"Traukini\u0173 manevr\u0173 operatorius (7 m\u0117n.) - vtdko","isPartOf":{"@id":"https:\/\/wp.adisoft.lt\/vtdko\/#website"},"datePublished":"2022-10-19T07:15:44+00:00","dateModified":"2023-02-04T10:52:11+00:00","breadcrumb":{"@id":"https:\/\/wp.adisoft.lt\/vtdko\/profesinio-mokymo-skyrius\/traukiniu-manevru-operatorius-7-men\/#breadcrumb"},"inLanguage":"lt-LT","potentialAction":[{"@type":"ReadAction","target":["https:\/\/wp.adisoft.lt\/vtdko\/profesinio-mokymo-skyrius\/traukiniu-manevru-operatorius-7-men\/"]}]},{"@type":"BreadcrumbList","@id":"https:\/\/wp.adisoft.lt\/vtdko\/profesinio-mokymo-skyrius\/traukiniu-manevru-operatorius-7-men\/#breadcrumb","itemListElement":[{"@type":"ListItem","position":1,"name":"Pagrindinis","item":"https:\/\/wp.adisoft.lt\/vtdko\/"},{"@type":"ListItem","position":2,"name":"Profesinio mokymo skyrius","item":"https:\/\/wp.adisoft.lt\/vtdko\/profesinio-mokymo-skyrius\/"},{"@type":"ListItem","position":3,"name":"Traukini\u0173 manevr\u0173 operatorius (7 m\u0117n.)"}]},{"@type":"WebSite","@id":"https:\/\/wp.adisoft.lt\/vtdko\/#website","url":"https:\/\/wp.adisoft.lt\/vtdko\/","name":"vtdko","description":"Vilniaus technologij\u0173 ir dizaino kolegija","publisher":{"@id":"https:\/\/wp.adisoft.lt\/vtdko\/#organization"},"potentialAction":[{"@type":"SearchAction","target":{"@type":"EntryPoint","urlTemplate":"https:\/\/wp.adisoft.lt\/vtdko\/?s={search_term_string}"},"query-input":"required name=search_term_string"}],"inLanguage":"lt-LT"},{"@type":"Organization","@id":"https:\/\/wp.adisoft.lt\/vtdko\/#organization","name":"vtdko","url":"https:\/\/wp.adisoft.lt\/vtdko\/","logo":{"@type":"ImageObject","inLanguage":"lt-LT","@id":"https:\/\/wp.adisoft.lt\/vtdko\/#\/schema\/logo\/image\/","url":"https:\/\/wp.adisoft.lt\/vtdko\/wp-content\/uploads\/2020\/02\/Logo-su-tekstu-01.svg","contentUrl":"https:\/\/wp.adisoft.lt\/vtdko\/wp-content\/uploads\/2020\/02\/Logo-su-tekstu-01.svg","width":151,"height":74,"caption":"vtdko"},"image":{"@id":"https:\/\/wp.adisoft.lt\/vtdko\/#\/schema\/logo\/image\/"}}]}},"_links":{"self":[{"href":"https:\/\/wp.adisoft.lt\/vtdko\/wp-json\/wp\/v2\/pages\/989847","targetHints":{"allow":["GET"]}}],"collection":[{"href":"https:\/\/wp.adisoft.lt\/vtdko\/wp-json\/wp\/v2\/pages"}],"about":[{"href":"https:\/\/wp.adisoft.lt\/vtdko\/wp-json\/wp\/v2\/types\/page"}],"author":[{"embeddable":true,"href":"https:\/\/wp.adisoft.lt\/vtdko\/wp-json\/wp\/v2\/users\/1"}],"replies":[{"embeddable":true,"href":"https:\/\/wp.adisoft.lt\/vtdko\/wp-json\/wp\/v2\/comments?post=989847"}],"version-history":[{"count":13,"href":"https:\/\/wp.adisoft.lt\/vtdko\/wp-json\/wp\/v2\/pages\/989847\/revisions"}],"predecessor-version":[{"id":999832,"href":"https:\/\/wp.adisoft.lt\/vtdko\/wp-json\/wp\/v2\/pages\/989847\/revisions\/999832"}],"up":[{"embeddable":true,"href":"https:\/\/wp.adisoft.lt\/vtdko\/wp-json\/wp\/v2\/pages\/989505"}],"wp:attachment":[{"href":"https:\/\/wp.adisoft.lt\/vtdko\/wp-json\/wp\/v2\/media?parent=989847"}],"curies":[{"name":"wp","href":"https:\/\/api.w.org\/{rel}","templated":true}]}}