{"id":989848,"date":"2022-10-19T10:15:46","date_gmt":"2022-10-19T07:15:46","guid":{"rendered":"https:\/\/wp.adisoft.lt\/vtdko\/?page_id=989848"},"modified":"2023-02-04T13:50:28","modified_gmt":"2023-02-04T10:50:28","slug":"suvirintojas-1-m-5men","status":"publish","type":"page","link":"https:\/\/wp.adisoft.lt\/vtdko\/profesinio-mokymo-skyrius\/suvirintojas-1-m-5men\/","title":{"rendered":"Suvirintojas (1 m. ir 5 m\u0117n.)"},"content":{"rendered":"\t\t<div data-elementor-type=\"wp-page\" data-elementor-id=\"989848\" class=\"elementor elementor-989848\">\n\t\t\t\t\t\t\t\t\t<section class=\"elementor-section elementor-top-section elementor-element elementor-element-6296ef4 elementor-section-height-min-height elementor-section-boxed elementor-section-height-default elementor-section-items-middle\" data-id=\"6296ef4\" data-element_type=\"section\" data-settings=\"{&quot;background_background&quot;:&quot;classic&quot;,&quot;animation&quot;:&quot;none&quot;}\">\n\t\t\t\t\t\t<div class=\"elementor-container elementor-column-gap-default\">\n\t\t\t\t\t<div class=\"elementor-column elementor-col-100 elementor-top-column elementor-element elementor-element-557d54f\" data-id=\"557d54f\" data-element_type=\"column\" data-settings=\"{&quot;background_background&quot;:&quot;classic&quot;}\">\n\t\t\t<div class=\"elementor-widget-wrap\">\n\t\t\t\t\t\t\t\t\t<\/div>\n\t\t<\/div>\n\t\t\t\t\t\t\t<\/div>\n\t\t<\/section>\n\t\t\t\t<section class=\"elementor-section elementor-top-section elementor-element elementor-element-263cfda elementor-section-boxed elementor-section-height-default elementor-section-height-default\" data-id=\"263cfda\" data-element_type=\"section\" data-settings=\"{&quot;animation&quot;:&quot;none&quot;,&quot;animation_tablet&quot;:&quot;none&quot;,&quot;animation_mobile&quot;:&quot;none&quot;}\">\n\t\t\t\t\t\t<div class=\"elementor-container elementor-column-gap-no\">\n\t\t\t\t\t<div class=\"elementor-column elementor-col-50 elementor-top-column elementor-element elementor-element-ac2e5c5 animated-fast elementor-invisible\" data-id=\"ac2e5c5\" data-element_type=\"column\" data-settings=\"{&quot;background_background&quot;:&quot;classic&quot;,&quot;animation&quot;:&quot;fadeIn&quot;,&quot;animation_delay&quot;:100}\">\n\t\t\t<div class=\"elementor-widget-wrap elementor-element-populated\">\n\t\t\t\t\t\t\t\t<div class=\"elementor-element elementor-element-ab9caa4 elementor-widget__width-auto elementor-widget-tablet__width-auto elementor-widget-mobile__width-inherit elementor-widget elementor-widget-heading\" data-id=\"ab9caa4\" data-element_type=\"widget\" data-settings=\"{&quot;_animation&quot;:&quot;none&quot;,&quot;_animation_delay&quot;:200}\" data-widget_type=\"heading.heading_charityfy\">\n\t\t\t\t<div class=\"elementor-widget-container\">\n\t\t\t<h1 class=\"elementor-heading-title elementor-size-default\">Suvirintojas<\/h1>\t\t<\/div>\n\t\t\t\t<\/div>\n\t\t\t\t<div class=\"elementor-element elementor-element-69f0fcd elementor-widget elementor-widget-text-editor\" data-id=\"69f0fcd\" data-element_type=\"widget\" data-settings=\"{&quot;_animation&quot;:&quot;none&quot;,&quot;_animation_delay&quot;:300}\" data-widget_type=\"text-editor.default\">\n\t\t\t\t<div class=\"elementor-widget-container\">\n\t\t\t\t\t\t\t<p>(1 metai ir 5 m\u0117nesiai)<\/p>\t\t\t\t\t\t<\/div>\n\t\t\t\t<\/div>\n\t\t\t\t\t<\/div>\n\t\t<\/div>\n\t\t\t\t<div class=\"elementor-column elementor-col-50 elementor-top-column elementor-element elementor-element-7945037 elementor-hidden-desktop elementor-hidden-tablet elementor-hidden-phone\" data-id=\"7945037\" data-element_type=\"column\">\n\t\t\t<div class=\"elementor-widget-wrap\">\n\t\t\t\t\t\t\t\t\t<\/div>\n\t\t<\/div>\n\t\t\t\t\t\t\t<\/div>\n\t\t<\/section>\n\t\t\t\t<section class=\"elementor-section elementor-top-section elementor-element elementor-element-d07599f elementor-section-boxed elementor-section-height-default elementor-section-height-default\" data-id=\"d07599f\" data-element_type=\"section\">\n\t\t\t\t\t\t<div class=\"elementor-container elementor-column-gap-default\">\n\t\t\t\t\t<div class=\"elementor-column elementor-col-100 elementor-top-column elementor-element elementor-element-ac27f23\" data-id=\"ac27f23\" data-element_type=\"column\">\n\t\t\t<div class=\"elementor-widget-wrap elementor-element-populated\">\n\t\t\t\t\t\t\t\t<div class=\"elementor-element elementor-element-6de190e elementor-widget elementor-widget-spacer\" data-id=\"6de190e\" data-element_type=\"widget\" data-widget_type=\"spacer.default\">\n\t\t\t\t<div class=\"elementor-widget-container\">\n\t\t\t\t\t<div class=\"elementor-spacer\">\n\t\t\t<div class=\"elementor-spacer-inner\"><\/div>\n\t\t<\/div>\n\t\t\t\t<\/div>\n\t\t\t\t<\/div>\n\t\t\t\t\t<\/div>\n\t\t<\/div>\n\t\t\t\t\t\t\t<\/div>\n\t\t<\/section>\n\t\t\t\t<section class=\"elementor-section elementor-top-section elementor-element elementor-element-7e7822b elementor-section-boxed elementor-section-height-default elementor-section-height-default\" data-id=\"7e7822b\" data-element_type=\"section\">\n\t\t\t\t\t\t<div class=\"elementor-container elementor-column-gap-default\">\n\t\t\t\t\t<div class=\"elementor-column elementor-col-100 elementor-top-column elementor-element elementor-element-e23c01b\" data-id=\"e23c01b\" data-element_type=\"column\">\n\t\t\t<div class=\"elementor-widget-wrap elementor-element-populated\">\n\t\t\t\t\t\t\t\t<div class=\"elementor-element elementor-element-7ded80c elementor-widget elementor-widget-text-editor\" data-id=\"7ded80c\" data-element_type=\"widget\" data-widget_type=\"text-editor.default\">\n\t\t\t\t<div class=\"elementor-widget-container\">\n\t\t\t\t\t\t\t<p><strong>Valstybinis kodas:<\/strong>\u00a0T43071503.<\/p><p><strong>\u0160vietimo sritis:<\/strong>\u00a0In\u017einerija ir in\u017einerin\u0117s profesijos.<\/p><p><strong>Apimtis ir trukm\u0117:<br \/><\/strong>Programa, skirta t\u0119stiniam profesiniam mokymui, 90 mokymosi kredit\u0173 \u2013 1 metai ir 5 m\u0117nesiai.<\/p><p>\u00a0<\/p><p>\u00a0<\/p>\t\t\t\t\t\t<\/div>\n\t\t\t\t<\/div>\n\t\t\t\t\t<\/div>\n\t\t<\/div>\n\t\t\t\t\t\t\t<\/div>\n\t\t<\/section>\n\t\t\t\t<section class=\"elementor-section elementor-top-section elementor-element elementor-element-e95c4bc elementor-section-boxed elementor-section-height-default elementor-section-height-default\" data-id=\"e95c4bc\" data-element_type=\"section\" data-settings=\"{&quot;background_background&quot;:&quot;classic&quot;}\">\n\t\t\t\t\t\t<div class=\"elementor-container elementor-column-gap-default\">\n\t\t\t\t\t<div class=\"elementor-column elementor-col-100 elementor-top-column elementor-element elementor-element-b07f432\" data-id=\"b07f432\" data-element_type=\"column\">\n\t\t\t<div class=\"elementor-widget-wrap elementor-element-populated\">\n\t\t\t\t\t\t\t\t<div class=\"elementor-element elementor-element-9de9a4b elementor-widget elementor-widget-heading\" data-id=\"9de9a4b\" data-element_type=\"widget\" data-widget_type=\"heading.default\">\n\t\t\t\t<div class=\"elementor-widget-container\">\n\t\t\t<h2 class=\"elementor-heading-title elementor-size-default\">I\u0161moksiu:<\/h2>\t\t<\/div>\n\t\t\t\t<\/div>\n\t\t\t\t<div class=\"elementor-element elementor-element-a3909a9 elementor-widget elementor-widget-text-editor\" data-id=\"a3909a9\" data-element_type=\"widget\" data-widget_type=\"text-editor.default\">\n\t\t\t\t<div class=\"elementor-widget-container\">\n\t\t\t\t\t\t\t<ul><li>surinkti detales pagal SPA ir technologines korteles, naudotis suvirinimo standartais;<\/li><li>suvirinti \u012fvairias plien\u0173 mazg\u0173 konstrukcijas glaistytaisiais elektrodais MMA b\u016bdu;<\/li><li>suvirinti ner\u016bdijant\u012f plien\u0105, metalus ir j\u0173 lydinius MIG\/MAG b\u016bdu;<\/li><li>suvirinti titan\u0105 ir jo lydinius TIG suvirinimo b\u016bdu;<\/li><li>pjaustyti metalus rankiniu deguoniniu liepsniniu (dujiniu) ir plazminiu b\u016bdais;<\/li><li>atlikti plien\u0173 apvirinimo darbus kietmetaliais;<\/li><li>lituoti vario lydinius liepsniniu b\u016bdu;<\/li><li>nustatyti suvirinimo defektus ir juos pa\u0161alinti.<\/li><\/ul>\t\t\t\t\t\t<\/div>\n\t\t\t\t<\/div>\n\t\t\t\t\t<\/div>\n\t\t<\/div>\n\t\t\t\t\t\t\t<\/div>\n\t\t<\/section>\n\t\t\t\t<section class=\"elementor-section elementor-top-section elementor-element elementor-element-779b921 elementor-section-boxed elementor-section-height-default elementor-section-height-default\" data-id=\"779b921\" data-element_type=\"section\" data-settings=\"{&quot;background_background&quot;:&quot;classic&quot;}\">\n\t\t\t\t\t\t<div class=\"elementor-container elementor-column-gap-default\">\n\t\t\t\t\t<div class=\"elementor-column elementor-col-100 elementor-top-column elementor-element elementor-element-9b1d3e6\" data-id=\"9b1d3e6\" data-element_type=\"column\">\n\t\t\t<div class=\"elementor-widget-wrap elementor-element-populated\">\n\t\t\t\t\t\t\t\t<div class=\"elementor-element elementor-element-fe20362 elementor-widget elementor-widget-spacer\" data-id=\"fe20362\" data-element_type=\"widget\" data-widget_type=\"spacer.default\">\n\t\t\t\t<div class=\"elementor-widget-container\">\n\t\t\t\t\t<div class=\"elementor-spacer\">\n\t\t\t<div class=\"elementor-spacer-inner\"><\/div>\n\t\t<\/div>\n\t\t\t\t<\/div>\n\t\t\t\t<\/div>\n\t\t\t\t<div class=\"elementor-element elementor-element-f561212 elementor-widget elementor-widget-heading\" data-id=\"f561212\" data-element_type=\"widget\" data-widget_type=\"heading.default\">\n\t\t\t\t<div class=\"elementor-widget-container\">\n\t\t\t<h2 class=\"elementor-heading-title elementor-size-default\">Dirbsiu:<\/h2>\t\t<\/div>\n\t\t\t\t<\/div>\n\t\t\t\t<div class=\"elementor-element elementor-element-aea7a74 elementor-widget elementor-widget-text-editor\" data-id=\"aea7a74\" data-element_type=\"widget\" data-widget_type=\"text-editor.default\">\n\t\t\t\t<div class=\"elementor-widget-container\">\n\t\t\t\t\t\t\t<ul><li>in\u017einerin\u0117s pramon\u0117s ir metalo apdirbimo gamyklose;<\/li><li>statybose gaminant bei montuojant \u012fvairias konstrukcijas, in\u017einerinius tinklus;<\/li><li>energetikos sektoriuje gaminant ir montuojant \u012fvairius vamzdynus, katilus, sl\u0117ginius indus bei talpyklas;<\/li><li>\u017eem\u0117s \u016bkio sektoriuje atliekant nauj\u0173 ir naudot\u0173 gamini\u0173 suvirinimo remonto darbus;<\/li><li>aptarnavimo bei kituose Lietuvos ir Europos S\u0105jungos \u016bkio sektoriuose.<\/li><\/ul>\t\t\t\t\t\t<\/div>\n\t\t\t\t<\/div>\n\t\t\t\t<div class=\"elementor-element elementor-element-81fa99b elementor-widget elementor-widget-spacer\" data-id=\"81fa99b\" data-element_type=\"widget\" data-widget_type=\"spacer.default\">\n\t\t\t\t<div class=\"elementor-widget-container\">\n\t\t\t\t\t<div class=\"elementor-spacer\">\n\t\t\t<div class=\"elementor-spacer-inner\"><\/div>\n\t\t<\/div>\n\t\t\t\t<\/div>\n\t\t\t\t<\/div>\n\t\t\t\t\t<\/div>\n\t\t<\/div>\n\t\t\t\t\t\t\t<\/div>\n\t\t<\/section>\n\t\t\t\t<section class=\"elementor-section elementor-top-section elementor-element elementor-element-7e1ce11 elementor-section-boxed elementor-section-height-default elementor-section-height-default\" data-id=\"7e1ce11\" data-element_type=\"section\" data-settings=\"{&quot;background_background&quot;:&quot;classic&quot;}\">\n\t\t\t\t\t\t<div class=\"elementor-container elementor-column-gap-default\">\n\t\t\t\t\t<div class=\"elementor-column elementor-col-100 elementor-top-column elementor-element elementor-element-71a2564\" data-id=\"71a2564\" data-element_type=\"column\">\n\t\t\t<div class=\"elementor-widget-wrap elementor-element-populated\">\n\t\t\t\t\t\t\t\t<div class=\"elementor-element elementor-element-7b894ae elementor-widget elementor-widget-spacer\" data-id=\"7b894ae\" data-element_type=\"widget\" data-widget_type=\"spacer.default\">\n\t\t\t\t<div class=\"elementor-widget-container\">\n\t\t\t\t\t<div class=\"elementor-spacer\">\n\t\t\t<div class=\"elementor-spacer-inner\"><\/div>\n\t\t<\/div>\n\t\t\t\t<\/div>\n\t\t\t\t<\/div>\n\t\t\t\t<div class=\"elementor-element elementor-element-c163b79 elementor-widget elementor-widget-heading\" data-id=\"c163b79\" data-element_type=\"widget\" data-widget_type=\"heading.default\">\n\t\t\t\t<div class=\"elementor-widget-container\">\n\t\t\t<h2 class=\"elementor-heading-title elementor-size-default\">Daugiau informacijos gauti galite \u0161iais kontaktais:<\/h2>\t\t<\/div>\n\t\t\t\t<\/div>\n\t\t\t\t<div class=\"elementor-element elementor-element-82548c7 elementor-widget elementor-widget-text-editor\" data-id=\"82548c7\" data-element_type=\"widget\" data-widget_type=\"text-editor.default\">\n\t\t\t\t<div class=\"elementor-widget-container\">\n\t\t\t\t\t\t\t<p><b>Inga Stankaitien\u0117<\/b><\/p>\t\t\t\t\t\t<\/div>\n\t\t\t\t<\/div>\n\t\t\t\t<div class=\"elementor-element elementor-element-0e081e9 elementor-align-left elementor-list-item-link-full_width elementor-widget elementor-widget-icon-list\" data-id=\"0e081e9\" data-element_type=\"widget\" data-widget_type=\"icon-list.default\">\n\t\t\t\t<div class=\"elementor-widget-container\">\n\t\t\t\t\t<ul class=\"elementor-icon-list-items\">\n\t\t\t\t\t\t\t<li class=\"elementor-icon-list-item\">\n\t\t\t\t\t\t\t\t\t\t\t<span class=\"elementor-icon-list-icon\">\n\t\t\t\t\t\t\t<i aria-hidden=\"true\" class=\"fas fa-phone-alt\"><\/i>\t\t\t\t\t\t<\/span>\n\t\t\t\t\t\t\t\t\t\t<span class=\"elementor-icon-list-text\"><a href=\"http:\/\/tel:+37061574675\/\" target=\"_blank\" rel=\"noopener\" style=\"font-family: inherit; font-style: inherit; font-variant-ligatures: inherit; font-variant-caps: inherit; font-weight: inherit; letter-spacing: var(--vamtam-primary-font-letter-spacing-desktop,normal); text-transform: var(--vamtam-primary-font-transform,none); white-space: normal;\">+370 615 74675<\/a><\/span>\n\t\t\t\t\t\t\t\t\t<\/li>\n\t\t\t\t\t\t\t\t<li class=\"elementor-icon-list-item\">\n\t\t\t\t\t\t\t\t\t\t\t<span class=\"elementor-icon-list-icon\">\n\t\t\t\t\t\t\t<i aria-hidden=\"true\" class=\"far fa-envelope\"><\/i>\t\t\t\t\t\t<\/span>\n\t\t\t\t\t\t\t\t\t\t<span class=\"elementor-icon-list-text\"><a href=\"mailto:mailito:i.stankaitiene@vtdko.lt\" target=\"_blank\" rel=\"noopener\" style=\"font-family: inherit; font-style: inherit; font-variant-ligatures: inherit; font-variant-caps: inherit; font-weight: inherit; letter-spacing: var(--vamtam-primary-font-letter-spacing-desktop,normal); text-transform: var(--vamtam-primary-font-transform,none); white-space: normal;\">i.stankaitiene@vtdko.lt<\/a><\/span>\n\t\t\t\t\t\t\t\t\t<\/li>\n\t\t\t\t\t\t<\/ul>\n\t\t\t\t<\/div>\n\t\t\t\t<\/div>\n\t\t\t\t<div class=\"elementor-element elementor-element-9dc80e2 elementor-widget elementor-widget-spacer\" data-id=\"9dc80e2\" data-element_type=\"widget\" data-widget_type=\"spacer.default\">\n\t\t\t\t<div class=\"elementor-widget-container\">\n\t\t\t\t\t<div class=\"elementor-spacer\">\n\t\t\t<div class=\"elementor-spacer-inner\"><\/div>\n\t\t<\/div>\n\t\t\t\t<\/div>\n\t\t\t\t<\/div>\n\t\t\t\t\t<\/div>\n\t\t<\/div>\n\t\t\t\t\t\t\t<\/div>\n\t\t<\/section>\n\t\t\t\t\t\t\t<\/div>\n\t\t","protected":false},"excerpt":{"rendered":"<p>Suvirintojas (1 metai ir 5 m\u0117nesiai) Valstybinis kodas:\u00a0T43071503. \u0160vietimo sritis:\u00a0In\u017einerija ir in\u017einerin\u0117s profesijos. Apimtis ir trukm\u0117:Programa, skirta t\u0119stiniam profesiniam mokymui, 90 mokymosi kredit\u0173 \u2013 1 metai ir 5 m\u0117nesiai. \u00a0 \u00a0 I\u0161moksiu: surinkti detales pagal SPA ir technologines korteles, naudotis suvirinimo standartais; suvirinti \u012fvairias plien\u0173 mazg\u0173 konstrukcijas glaistytaisiais elektrodais MMA b\u016bdu; suvirinti ner\u016bdijant\u012f plien\u0105, metalus&#8230;<\/p>\n","protected":false},"author":1,"featured_media":0,"parent":989505,"menu_order":0,"comment_status":"closed","ping_status":"closed","template":"","meta":{"inline_featured_image":false,"footnotes":""},"class_list":["post-989848","page","type-page","status-publish","hentry"],"yoast_head":"<!-- This site is optimized with the Yoast SEO plugin v19.12 - https:\/\/yoast.com\/wordpress\/plugins\/seo\/ -->\n<title>Suvirintojas (1 m. ir 5 m\u0117n.) - vtdko<\/title>\n<meta name=\"robots\" content=\"noindex, follow, max-snippet:-1, max-image-preview:large, max-video-preview:-1\" \/>\n<meta property=\"og:locale\" content=\"lt_LT\" \/>\n<meta property=\"og:type\" content=\"article\" \/>\n<meta property=\"og:title\" content=\"Suvirintojas (1 m. ir 5 m\u0117n.) - vtdko\" \/>\n<meta property=\"og:description\" content=\"Suvirintojas (1 metai ir 5 m\u0117nesiai) Valstybinis kodas:\u00a0T43071503. \u0160vietimo sritis:\u00a0In\u017einerija ir in\u017einerin\u0117s profesijos. Apimtis ir trukm\u0117:Programa, skirta t\u0119stiniam profesiniam mokymui, 90 mokymosi kredit\u0173 \u2013 1 metai ir 5 m\u0117nesiai. \u00a0 \u00a0 I\u0161moksiu: surinkti detales pagal SPA ir technologines korteles, naudotis suvirinimo standartais; suvirinti \u012fvairias plien\u0173 mazg\u0173 konstrukcijas glaistytaisiais elektrodais MMA b\u016bdu; suvirinti ner\u016bdijant\u012f plien\u0105, metalus...\" \/>\n<meta property=\"og:url\" content=\"https:\/\/wp.adisoft.lt\/vtdko\/profesinio-mokymo-skyrius\/suvirintojas-1-m-5men\/\" \/>\n<meta property=\"og:site_name\" content=\"vtdko\" \/>\n<meta property=\"article:modified_time\" content=\"2023-02-04T10:50:28+00:00\" \/>\n<meta name=\"twitter:card\" content=\"summary_large_image\" \/>\n<meta name=\"twitter:label1\" content=\"Est. reading time\" \/>\n\t<meta name=\"twitter:data1\" content=\"1 minut\u0117\" \/>\n<script type=\"application\/ld+json\" class=\"yoast-schema-graph\">{\"@context\":\"https:\/\/schema.org\",\"@graph\":[{\"@type\":\"WebPage\",\"@id\":\"https:\/\/wp.adisoft.lt\/vtdko\/profesinio-mokymo-skyrius\/suvirintojas-1-m-5men\/\",\"url\":\"https:\/\/wp.adisoft.lt\/vtdko\/profesinio-mokymo-skyrius\/suvirintojas-1-m-5men\/\",\"name\":\"Suvirintojas (1 m. ir 5 m\u0117n.) - vtdko\",\"isPartOf\":{\"@id\":\"https:\/\/wp.adisoft.lt\/vtdko\/#website\"},\"datePublished\":\"2022-10-19T07:15:46+00:00\",\"dateModified\":\"2023-02-04T10:50:28+00:00\",\"breadcrumb\":{\"@id\":\"https:\/\/wp.adisoft.lt\/vtdko\/profesinio-mokymo-skyrius\/suvirintojas-1-m-5men\/#breadcrumb\"},\"inLanguage\":\"lt-LT\",\"potentialAction\":[{\"@type\":\"ReadAction\",\"target\":[\"https:\/\/wp.adisoft.lt\/vtdko\/profesinio-mokymo-skyrius\/suvirintojas-1-m-5men\/\"]}]},{\"@type\":\"BreadcrumbList\",\"@id\":\"https:\/\/wp.adisoft.lt\/vtdko\/profesinio-mokymo-skyrius\/suvirintojas-1-m-5men\/#breadcrumb\",\"itemListElement\":[{\"@type\":\"ListItem\",\"position\":1,\"name\":\"Pagrindinis\",\"item\":\"https:\/\/wp.adisoft.lt\/vtdko\/\"},{\"@type\":\"ListItem\",\"position\":2,\"name\":\"Profesinio mokymo skyrius\",\"item\":\"https:\/\/wp.adisoft.lt\/vtdko\/profesinio-mokymo-skyrius\/\"},{\"@type\":\"ListItem\",\"position\":3,\"name\":\"Suvirintojas (1 m. ir 5 m\u0117n.)\"}]},{\"@type\":\"WebSite\",\"@id\":\"https:\/\/wp.adisoft.lt\/vtdko\/#website\",\"url\":\"https:\/\/wp.adisoft.lt\/vtdko\/\",\"name\":\"vtdko\",\"description\":\"Vilniaus technologij\u0173 ir dizaino kolegija\",\"publisher\":{\"@id\":\"https:\/\/wp.adisoft.lt\/vtdko\/#organization\"},\"potentialAction\":[{\"@type\":\"SearchAction\",\"target\":{\"@type\":\"EntryPoint\",\"urlTemplate\":\"https:\/\/wp.adisoft.lt\/vtdko\/?s={search_term_string}\"},\"query-input\":\"required name=search_term_string\"}],\"inLanguage\":\"lt-LT\"},{\"@type\":\"Organization\",\"@id\":\"https:\/\/wp.adisoft.lt\/vtdko\/#organization\",\"name\":\"vtdko\",\"url\":\"https:\/\/wp.adisoft.lt\/vtdko\/\",\"logo\":{\"@type\":\"ImageObject\",\"inLanguage\":\"lt-LT\",\"@id\":\"https:\/\/wp.adisoft.lt\/vtdko\/#\/schema\/logo\/image\/\",\"url\":\"https:\/\/wp.adisoft.lt\/vtdko\/wp-content\/uploads\/2020\/02\/Logo-su-tekstu-01.svg\",\"contentUrl\":\"https:\/\/wp.adisoft.lt\/vtdko\/wp-content\/uploads\/2020\/02\/Logo-su-tekstu-01.svg\",\"width\":151,\"height\":74,\"caption\":\"vtdko\"},\"image\":{\"@id\":\"https:\/\/wp.adisoft.lt\/vtdko\/#\/schema\/logo\/image\/\"}}]}<\/script>\n<!-- \/ Yoast SEO plugin. -->","yoast_head_json":{"title":"Suvirintojas (1 m. ir 5 m\u0117n.) - vtdko","robots":{"index":"noindex","follow":"follow","max-snippet":"max-snippet:-1","max-image-preview":"max-image-preview:large","max-video-preview":"max-video-preview:-1"},"og_locale":"lt_LT","og_type":"article","og_title":"Suvirintojas (1 m. ir 5 m\u0117n.) - vtdko","og_description":"Suvirintojas (1 metai ir 5 m\u0117nesiai) Valstybinis kodas:\u00a0T43071503. \u0160vietimo sritis:\u00a0In\u017einerija ir in\u017einerin\u0117s profesijos. Apimtis ir trukm\u0117:Programa, skirta t\u0119stiniam profesiniam mokymui, 90 mokymosi kredit\u0173 \u2013 1 metai ir 5 m\u0117nesiai. \u00a0 \u00a0 I\u0161moksiu: surinkti detales pagal SPA ir technologines korteles, naudotis suvirinimo standartais; suvirinti \u012fvairias plien\u0173 mazg\u0173 konstrukcijas glaistytaisiais elektrodais MMA b\u016bdu; suvirinti ner\u016bdijant\u012f plien\u0105, metalus...","og_url":"https:\/\/wp.adisoft.lt\/vtdko\/profesinio-mokymo-skyrius\/suvirintojas-1-m-5men\/","og_site_name":"vtdko","article_modified_time":"2023-02-04T10:50:28+00:00","twitter_card":"summary_large_image","twitter_misc":{"Est. reading time":"1 minut\u0117"},"schema":{"@context":"https:\/\/schema.org","@graph":[{"@type":"WebPage","@id":"https:\/\/wp.adisoft.lt\/vtdko\/profesinio-mokymo-skyrius\/suvirintojas-1-m-5men\/","url":"https:\/\/wp.adisoft.lt\/vtdko\/profesinio-mokymo-skyrius\/suvirintojas-1-m-5men\/","name":"Suvirintojas (1 m. ir 5 m\u0117n.) - vtdko","isPartOf":{"@id":"https:\/\/wp.adisoft.lt\/vtdko\/#website"},"datePublished":"2022-10-19T07:15:46+00:00","dateModified":"2023-02-04T10:50:28+00:00","breadcrumb":{"@id":"https:\/\/wp.adisoft.lt\/vtdko\/profesinio-mokymo-skyrius\/suvirintojas-1-m-5men\/#breadcrumb"},"inLanguage":"lt-LT","potentialAction":[{"@type":"ReadAction","target":["https:\/\/wp.adisoft.lt\/vtdko\/profesinio-mokymo-skyrius\/suvirintojas-1-m-5men\/"]}]},{"@type":"BreadcrumbList","@id":"https:\/\/wp.adisoft.lt\/vtdko\/profesinio-mokymo-skyrius\/suvirintojas-1-m-5men\/#breadcrumb","itemListElement":[{"@type":"ListItem","position":1,"name":"Pagrindinis","item":"https:\/\/wp.adisoft.lt\/vtdko\/"},{"@type":"ListItem","position":2,"name":"Profesinio mokymo skyrius","item":"https:\/\/wp.adisoft.lt\/vtdko\/profesinio-mokymo-skyrius\/"},{"@type":"ListItem","position":3,"name":"Suvirintojas (1 m. ir 5 m\u0117n.)"}]},{"@type":"WebSite","@id":"https:\/\/wp.adisoft.lt\/vtdko\/#website","url":"https:\/\/wp.adisoft.lt\/vtdko\/","name":"vtdko","description":"Vilniaus technologij\u0173 ir dizaino kolegija","publisher":{"@id":"https:\/\/wp.adisoft.lt\/vtdko\/#organization"},"potentialAction":[{"@type":"SearchAction","target":{"@type":"EntryPoint","urlTemplate":"https:\/\/wp.adisoft.lt\/vtdko\/?s={search_term_string}"},"query-input":"required name=search_term_string"}],"inLanguage":"lt-LT"},{"@type":"Organization","@id":"https:\/\/wp.adisoft.lt\/vtdko\/#organization","name":"vtdko","url":"https:\/\/wp.adisoft.lt\/vtdko\/","logo":{"@type":"ImageObject","inLanguage":"lt-LT","@id":"https:\/\/wp.adisoft.lt\/vtdko\/#\/schema\/logo\/image\/","url":"https:\/\/wp.adisoft.lt\/vtdko\/wp-content\/uploads\/2020\/02\/Logo-su-tekstu-01.svg","contentUrl":"https:\/\/wp.adisoft.lt\/vtdko\/wp-content\/uploads\/2020\/02\/Logo-su-tekstu-01.svg","width":151,"height":74,"caption":"vtdko"},"image":{"@id":"https:\/\/wp.adisoft.lt\/vtdko\/#\/schema\/logo\/image\/"}}]}},"_links":{"self":[{"href":"https:\/\/wp.adisoft.lt\/vtdko\/wp-json\/wp\/v2\/pages\/989848","targetHints":{"allow":["GET"]}}],"collection":[{"href":"https:\/\/wp.adisoft.lt\/vtdko\/wp-json\/wp\/v2\/pages"}],"about":[{"href":"https:\/\/wp.adisoft.lt\/vtdko\/wp-json\/wp\/v2\/types\/page"}],"author":[{"embeddable":true,"href":"https:\/\/wp.adisoft.lt\/vtdko\/wp-json\/wp\/v2\/users\/1"}],"replies":[{"embeddable":true,"href":"https:\/\/wp.adisoft.lt\/vtdko\/wp-json\/wp\/v2\/comments?post=989848"}],"version-history":[{"count":13,"href":"https:\/\/wp.adisoft.lt\/vtdko\/wp-json\/wp\/v2\/pages\/989848\/revisions"}],"predecessor-version":[{"id":999810,"href":"https:\/\/wp.adisoft.lt\/vtdko\/wp-json\/wp\/v2\/pages\/989848\/revisions\/999810"}],"up":[{"embeddable":true,"href":"https:\/\/wp.adisoft.lt\/vtdko\/wp-json\/wp\/v2\/pages\/989505"}],"wp:attachment":[{"href":"https:\/\/wp.adisoft.lt\/vtdko\/wp-json\/wp\/v2\/media?parent=989848"}],"curies":[{"name":"wp","href":"https:\/\/api.w.org\/{rel}","templated":true}]}}