{"id":989975,"date":"2022-10-20T10:55:45","date_gmt":"2022-10-20T07:55:45","guid":{"rendered":"https:\/\/wp.adisoft.lt\/vtdko\/?page_id=989975"},"modified":"2022-12-16T22:35:27","modified_gmt":"2022-12-16T19:35:27","slug":"bendrojo-priemimo-egzaminai","status":"publish","type":"page","link":"https:\/\/wp.adisoft.lt\/vtdko\/bendrojo-priemimo-egzaminai\/","title":{"rendered":"Bendrojo pri\u0117mimo egzaminai"},"content":{"rendered":"\t\t<div data-elementor-type=\"wp-page\" data-elementor-id=\"989975\" class=\"elementor elementor-989975\">\n\t\t\t\t\t\t\t\t\t<section class=\"elementor-section elementor-top-section elementor-element elementor-element-2f83174 elementor-section-height-min-height elementor-section-boxed elementor-section-height-default elementor-section-items-middle\" data-id=\"2f83174\" data-element_type=\"section\" data-settings=\"{&quot;background_background&quot;:&quot;classic&quot;,&quot;animation&quot;:&quot;none&quot;}\">\n\t\t\t\t\t\t<div class=\"elementor-container elementor-column-gap-default\">\n\t\t\t\t\t<div class=\"elementor-column elementor-col-100 elementor-top-column elementor-element elementor-element-8b94d80\" data-id=\"8b94d80\" data-element_type=\"column\" data-settings=\"{&quot;background_background&quot;:&quot;classic&quot;}\">\n\t\t\t<div class=\"elementor-widget-wrap\">\n\t\t\t\t\t\t\t\t\t<\/div>\n\t\t<\/div>\n\t\t\t\t\t\t\t<\/div>\n\t\t<\/section>\n\t\t\t\t<section class=\"elementor-section elementor-top-section elementor-element elementor-element-924eed8 elementor-section-boxed elementor-section-height-default elementor-section-height-default\" data-id=\"924eed8\" data-element_type=\"section\" data-settings=\"{&quot;animation&quot;:&quot;none&quot;,&quot;animation_tablet&quot;:&quot;none&quot;,&quot;animation_mobile&quot;:&quot;none&quot;}\">\n\t\t\t\t\t\t<div class=\"elementor-container elementor-column-gap-no\">\n\t\t\t\t\t<div class=\"elementor-column elementor-col-50 elementor-top-column elementor-element elementor-element-0e3b408 animated-fast elementor-invisible\" data-id=\"0e3b408\" data-element_type=\"column\" data-settings=\"{&quot;background_background&quot;:&quot;classic&quot;,&quot;animation&quot;:&quot;fadeIn&quot;,&quot;animation_delay&quot;:100}\">\n\t\t\t<div class=\"elementor-widget-wrap elementor-element-populated\">\n\t\t\t\t\t\t\t\t<div class=\"elementor-element elementor-element-7418681 elementor-widget elementor-widget-text-editor\" data-id=\"7418681\" data-element_type=\"widget\" data-settings=\"{&quot;_animation&quot;:&quot;none&quot;,&quot;_animation_delay&quot;:300}\" data-widget_type=\"text-editor.default\">\n\t\t\t\t<div class=\"elementor-widget-container\">\n\t\t\t\t\t\t\t<p>Vilniaus technologij\u0173 ir dizaino kolegija \u2013 \u010dia hobis virsta profesija!<\/p>\t\t\t\t\t\t<\/div>\n\t\t\t\t<\/div>\n\t\t\t\t\t<\/div>\n\t\t<\/div>\n\t\t\t\t<div class=\"elementor-column elementor-col-50 elementor-top-column elementor-element elementor-element-86a6030 elementor-hidden-desktop elementor-hidden-tablet elementor-hidden-phone\" data-id=\"86a6030\" data-element_type=\"column\">\n\t\t\t<div class=\"elementor-widget-wrap\">\n\t\t\t\t\t\t\t\t\t<\/div>\n\t\t<\/div>\n\t\t\t\t\t\t\t<\/div>\n\t\t<\/section>\n\t\t\t\t<section class=\"elementor-section elementor-top-section elementor-element elementor-element-bffa2f1 elementor-section-boxed elementor-section-height-default elementor-section-height-default\" data-id=\"bffa2f1\" data-element_type=\"section\">\n\t\t\t\t\t\t<div class=\"elementor-container elementor-column-gap-default\">\n\t\t\t\t\t<div class=\"elementor-column elementor-col-100 elementor-top-column elementor-element elementor-element-1965a61\" data-id=\"1965a61\" data-element_type=\"column\">\n\t\t\t<div class=\"elementor-widget-wrap elementor-element-populated\">\n\t\t\t\t\t\t\t\t<div class=\"elementor-element elementor-element-a53f184 elementor-widget elementor-widget-spacer\" data-id=\"a53f184\" data-element_type=\"widget\" data-widget_type=\"spacer.default\">\n\t\t\t\t<div class=\"elementor-widget-container\">\n\t\t\t\t\t<div class=\"elementor-spacer\">\n\t\t\t<div class=\"elementor-spacer-inner\"><\/div>\n\t\t<\/div>\n\t\t\t\t<\/div>\n\t\t\t\t<\/div>\n\t\t\t\t\t<\/div>\n\t\t<\/div>\n\t\t\t\t\t\t\t<\/div>\n\t\t<\/section>\n\t\t\t\t<section class=\"elementor-section elementor-top-section elementor-element elementor-element-a9a2f22 elementor-section-boxed elementor-section-height-default elementor-section-height-default\" data-id=\"a9a2f22\" data-element_type=\"section\">\n\t\t\t\t\t\t<div class=\"elementor-container elementor-column-gap-default\">\n\t\t\t\t\t<div class=\"elementor-column elementor-col-100 elementor-top-column elementor-element elementor-element-7019d4d\" data-id=\"7019d4d\" data-element_type=\"column\">\n\t\t\t<div class=\"elementor-widget-wrap elementor-element-populated\">\n\t\t\t\t\t\t\t\t<div class=\"elementor-element elementor-element-4594e77 elementor-widget elementor-widget-text-editor\" data-id=\"4594e77\" data-element_type=\"widget\" data-widget_type=\"text-editor.default\">\n\t\t\t\t<div class=\"elementor-widget-container\">\n\t\t\t\t\t\t\t<p>Egzamino laikymo dat\u0105 ir viet\u0105 stojantysis renkasi pildydamas pra\u0161ym\u0105\u00a0<a href=\"https:\/\/bakalauras.lamabpo.lt\/\" target=\"_blank\" rel=\"noopener\">www.lamabpo.lt<\/a>\u00a0interneto svetain\u0117je esan\u010dioje informacin\u0117je sistemoje.<\/p><p>Stojam\u0173j\u0173 egzamin\u0173 \u012f kolegijas bendrojo pri\u0117mimo pagrindinio etapo metu 2022 m. tvarkara\u0161tis.<\/p><table class=\"table\"><tbody><tr><td><strong>Studij\u0173 kryptis<\/strong><\/td><td><strong>Studij\u0173 programa<\/strong><\/td><td><strong>Egzaminas<\/strong><\/td><td><strong>Vykdymo vieta<\/strong><\/td><td><strong>Data<\/strong><\/td><\/tr><tr><td rowspan=\"2\">Dizainas<\/td><td>Interjero dizainas<\/td><td rowspan=\"2\">Pie\u0161imas ir kompozicija<\/td><td rowspan=\"2\">\u00a0VDK, Kauno g. 34, Vilnius<\/td><td rowspan=\"2\">Bir\u017eelio<br \/>29, 30 d.,<br \/>liepos 1; 4 d.<\/td><\/tr><tr><td>Grafinis dizainas<\/td><\/tr><tr><td rowspan=\"2\">Medij\u0173 menas<\/td><td>Multimedijos dizainas<\/td><td>Scenarijus ir jo vizualizacija<\/td><td rowspan=\"2\">\u00a0VTDK, Oland\u0173 g. 16, Vilnius<\/td><td rowspan=\"2\">Bir\u017eelio 21-23 d.<\/td><\/tr><tr><td>Fotografijos technologija<\/td><td>Vizualin\u0117 kompozicija<\/td><\/tr><\/tbody><\/table><p><strong>STOJAMIEJI EGZAMINAI<\/strong><\/p><p>Asmenims, stojantiems \u012f men\u0173 studij\u0173 kryp\u010di\u0173 grup\u0117s Grafinio dizaino, Interjero dizaino, Fotografijos technologijos bei Multimedijos dizaino studij\u0173 programas, b\u016btina laikyti stojamuosius egzaminus.<br \/>Stojamieji egzaminai organizuojami ir stojan\u010di\u0173 asmen\u0173 atlikti darbai stojamojo egzamino metu vertinami, vadovaujantis 2021 m. baland\u017eio 16 d. Lietuvos kolegij\u0173 direktori\u0173 konferencijos prezidento \u012fsakymu Nr. V-1 \u201eD\u0117l Bendr\u0173j\u0173 stojam\u0173j\u0173 egzamin\u0173 \u012f kolegines men\u0173 studij\u0173 kryp\u010di\u0173 grup\u0117s ir meno pedagogikos studij\u0173 krypties studij\u0173 programas organizavimo ir vykdymo 2021 m. tvarkos apra\u0161o tvirtinimo\u201c.<\/p><p>Stojantysis privalo atlikti visas stojamojo egzamino u\u017eduotis. Jei neatliko bent vienos u\u017eduoties arba jos \u012fvertinimas lygus nuliui, egzaminas laikomas nei\u0161laikytu. Asmenys, nei\u0161laik\u0119 stojamojo egzamino, negali dalyvauti konkurse.<\/p><p>Stojamasis egzaminas \u012f\u00a0<strong>Grafinio dizaino<\/strong>\u00a0ir\u00a0<strong>Interjero dizaino<\/strong>\u00a0studij\u0173 programas susideda i\u0161 dviej\u0173 dali\u0173 \u2013 Pie\u0161imo ir Kompozicijos (vienos dalies trukm\u0117 \u2013 keturios akademin\u0117s valandos), kurios laikomos t\u0105 pa\u010di\u0105 dien\u0105:<\/p><p><em>Pie\u0161imo u\u017eduotis<\/em>\u00a0\u2013 pie\u0161ti geometrini\u0173 form\u0173 natiurmort\u0105. Darbas atliekamas A3 formato lape pie\u0161tuku. U\u017eduo\u010diai atlikti stojantysis privalo tur\u0117ti \u012fvairaus kietumo nespalvotus pie\u0161tukus, trintuk\u0105, lipni\u0105 juostel\u0119 popieriaus lapui pritvirtinti. Popieriaus lap\u0105 stojantysis gauna prie\u0161 egzamin\u0105.<br \/><em>Kompozicijos u\u017eduotis<\/em>\u00a0\u2013 sukurti spalvin\u0119 kompozicij\u0105 pateikta tema. Kompozicija atliekama A3 formato lape. U\u017eduo\u010diai atlikti stojantysis privalo tur\u0117ti pie\u0161tuk\u0105, trintuk\u0105, vandeniu skied\u017eiamus da\u017eus ir markerius, teptukus, indel\u012f vandeniui, palet\u0119, lipni\u0105 juostel\u0119 popieriaus lapui pritvirtinti. Popieriaus lap\u0105 stojantysis gauna prie\u0161 egzamin\u0105.<\/p><p>Stojantieji \u012f\u00a0<strong>Fotografijos technologijos<\/strong>\u00a0studij\u0173 program\u0105 laiko Vizualin\u0117s kompozicijos stojam\u0105j\u012f egzamin\u0105 (egzamino trukm\u0117 \u2013 viena valanda: 30 min. skiriama vizualin\u0117s kompozicijos u\u017eduoties fotografavimui, 30 min. \u2013 nuotrauk\u0173 atrankai ir id\u0117jos apra\u0161ymui). Stojantysis i\u0161 pateikt\u0173 daikt\u0173 nurodyta tema prival\u0117s sukurti kompozicij\u0105 ir j\u0105 nufotografuoti naudodamas vien\u0105 \u0161viesos \u0161altin\u012f. Fotografijos turi b\u016bti fotografuojamos JPEG formatu, j\u0173 redaguoti negalima. Stojantysis prival\u0117s pateikti penkis tem\u0105 atskleid\u017eian\u010dius kadrus bei \u0161e\u0161t\u0105 kadr\u0105 su nufotografuota pateiktos temos formuluote (kadras n\u0117ra vertinamas, atlieka tik informacin\u0119 funkcij\u0105 vertinimo komisijai) ir id\u0117jos apra\u0161ym\u0105 (ne daugiau kaip 2000 spaudos \u017eenkl\u0173), kuriame b\u016bt\u0173 argumentuojama, kod\u0117l temai atskleisti buvo pasirinkti b\u016btent tie daiktai ir b\u016btent tokia kompozicija, atkreipiant d\u0117mes\u012f \u012f fotografavimo rakurs\u0105, \u0161viesos ir tamsos santyk\u012f ir bei kitus fotografinio turinio rai\u0161kos b\u016bdus. U\u017eduo\u010diai atlikti stojantysis privalo tur\u0117ti fotoaparat\u0105 ir nuotrauk\u0173 perk\u0117limo laid\u0105 ar korteli\u0173 skaitytuv\u0105 (pageidaujantiems suteikiama galimyb\u0117 naudotis kolegijos fotoaparatu). Stojamojo egzamino trukm\u0117 \u2013 viena valanda: 30 min. skiriama vizualin\u0117s kompozicijos u\u017eduoties fotografavimui, 30 min. \u2013 nuotrauk\u0173 atrankai ir id\u0117jos apra\u0161ymui.<\/p><p>Stojantieji \u012f\u00a0<strong>Multimedijos dizaino<\/strong>\u00a0studij\u0173 program\u0105 laiko stojam\u0105j\u012f egzamin\u0105, sudaryt\u0105 i\u0161 dviej\u0173 u\u017eduo\u010di\u0173 \u2013 Scenarijaus ir jo vizualizacijos (trukm\u0117 \u2013 keturios akademin\u0117s valandos):<\/p><p><em>Scenarijus<\/em>\u00a0\u2013 pagal pateikt\u0105 tem\u0105 apra\u0161yta trumpa istorija \/ \u012fvykis, skirtas medij\u0173 produktui. Scenarijuje reikia apra\u0161yti persona\u017eus, b\u016btina sukurti \u012fvyk\u012f ar kelis \u012fvykius, apra\u0161yti aplink\u0105, kurioje vyksta veiksmas, bei nurodyti garsus, kurie lydi veiksm\u0105. Veiksmas vyksta esamajame laike, apra\u0161omas vaizdiniais. Stojantysis gali laisvai pasirinkti medij\u0173 produkto pob\u016bd\u012f. Tai gali b\u016bti trumpas filmas (vaidybinis, dokumentinis, animacinis), TV laida, kompiuterinis \u017eaidimas, interaktyvus projektas ir pan. Scenarijus ra\u0161omas A4 formato lape. Popieriaus lap\u0105 stojantysis gauna prie\u0161 egzamin\u0105.<\/p><p><em>Scenarijaus vizualizacija<\/em>\u00a0\u2013 para\u0161yto scenarijaus vizualinis sprendimas, papildantis tekst\u0105 vizualia informacija, siekiant vaizd\u017eiai i\u0161reik\u0161ti scenarijaus id\u0117j\u0105. Atlikimo forma laisvai pasirenkama (kadruot\u0117, komiksas, iliustracija, laisvos formos kompozicija). Stojantysis scenarijaus vizualizacijai atlikti privalo tur\u0117ti darbo priemones. Tai gali b\u016bti pie\u0161tukai, flomasteriai, da\u017eai (i\u0161skyrus ilgai d\u017ei\u016bstan\u010dius da\u017eus, pvz., aliejinius), priemon\u0117s kolia\u017eui (laikra\u0161\u010diai, nuotraukos, spalvotas popierius, klijai, \u017eirkl\u0117s ir kt.). Darbas atliekamas A3 formato popieriaus lape. Popieriaus lap\u0105 stojantysis gauna prie\u0161 egzamin\u0105.<\/p><p>Abi u\u017eduotys pateikiamos kartu ir vertinamos kaip vienas darbas.<\/p><p>Stojamieji egzaminai laikomi bendrojo bei tiesioginio pri\u0117mimo tvarkara\u0161\u010diuose numatytomis datomis. Bendrojo pri\u0117mimo metu i\u0161laikytas tos pa\u010dios studij\u0173 krypties egzaminas yra \u012fskaitomas ir stojant tiesioginiame pri\u0117mime.<\/p><p><br \/><br \/><\/p><p>\u00a0<\/p>\t\t\t\t\t\t<\/div>\n\t\t\t\t<\/div>\n\t\t\t\t\t<\/div>\n\t\t<\/div>\n\t\t\t\t\t\t\t<\/div>\n\t\t<\/section>\n\t\t\t\t\t\t\t<\/div>\n\t\t","protected":false},"excerpt":{"rendered":"<p>Vilniaus technologij\u0173 ir dizaino kolegija \u2013 \u010dia hobis virsta profesija! Egzamino laikymo dat\u0105 ir viet\u0105 stojantysis renkasi pildydamas pra\u0161ym\u0105\u00a0www.lamabpo.lt\u00a0interneto svetain\u0117je esan\u010dioje informacin\u0117je sistemoje. Stojam\u0173j\u0173 egzamin\u0173 \u012f kolegijas bendrojo pri\u0117mimo pagrindinio etapo metu 2022 m. tvarkara\u0161tis. Studij\u0173 kryptis Studij\u0173 programa Egzaminas Vykdymo vieta Data Dizainas Interjero dizainas Pie\u0161imas ir kompozicija \u00a0VDK, Kauno g. 34, Vilnius Bir\u017eelio29,&#8230;<\/p>\n","protected":false},"author":1,"featured_media":0,"parent":0,"menu_order":0,"comment_status":"closed","ping_status":"closed","template":"","meta":{"inline_featured_image":false,"footnotes":""},"class_list":["post-989975","page","type-page","status-publish","hentry"],"yoast_head":"<!-- This site is optimized with the Yoast SEO plugin v19.12 - https:\/\/yoast.com\/wordpress\/plugins\/seo\/ -->\n<title>Bendrojo pri\u0117mimo egzaminai - vtdko<\/title>\n<meta name=\"robots\" content=\"noindex, follow, max-snippet:-1, max-image-preview:large, max-video-preview:-1\" \/>\n<meta property=\"og:locale\" content=\"lt_LT\" \/>\n<meta property=\"og:type\" content=\"article\" \/>\n<meta property=\"og:title\" content=\"Bendrojo pri\u0117mimo egzaminai - vtdko\" \/>\n<meta property=\"og:description\" content=\"Vilniaus technologij\u0173 ir dizaino kolegija \u2013 \u010dia hobis virsta profesija! Egzamino laikymo dat\u0105 ir viet\u0105 stojantysis renkasi pildydamas pra\u0161ym\u0105\u00a0www.lamabpo.lt\u00a0interneto svetain\u0117je esan\u010dioje informacin\u0117je sistemoje. Stojam\u0173j\u0173 egzamin\u0173 \u012f kolegijas bendrojo pri\u0117mimo pagrindinio etapo metu 2022 m. tvarkara\u0161tis. Studij\u0173 kryptis Studij\u0173 programa Egzaminas Vykdymo vieta Data Dizainas Interjero dizainas Pie\u0161imas ir kompozicija \u00a0VDK, Kauno g. 34, Vilnius Bir\u017eelio29,...\" \/>\n<meta property=\"og:url\" content=\"https:\/\/wp.adisoft.lt\/vtdko\/bendrojo-priemimo-egzaminai\/\" \/>\n<meta property=\"og:site_name\" content=\"vtdko\" \/>\n<meta property=\"article:modified_time\" content=\"2022-12-16T19:35:27+00:00\" \/>\n<meta name=\"twitter:card\" content=\"summary_large_image\" \/>\n<meta name=\"twitter:label1\" content=\"Est. reading time\" \/>\n\t<meta name=\"twitter:data1\" content=\"4 minut\u0117s\" \/>\n<script type=\"application\/ld+json\" class=\"yoast-schema-graph\">{\"@context\":\"https:\/\/schema.org\",\"@graph\":[{\"@type\":\"WebPage\",\"@id\":\"https:\/\/wp.adisoft.lt\/vtdko\/bendrojo-priemimo-egzaminai\/\",\"url\":\"https:\/\/wp.adisoft.lt\/vtdko\/bendrojo-priemimo-egzaminai\/\",\"name\":\"Bendrojo pri\u0117mimo egzaminai - vtdko\",\"isPartOf\":{\"@id\":\"https:\/\/wp.adisoft.lt\/vtdko\/#website\"},\"datePublished\":\"2022-10-20T07:55:45+00:00\",\"dateModified\":\"2022-12-16T19:35:27+00:00\",\"breadcrumb\":{\"@id\":\"https:\/\/wp.adisoft.lt\/vtdko\/bendrojo-priemimo-egzaminai\/#breadcrumb\"},\"inLanguage\":\"lt-LT\",\"potentialAction\":[{\"@type\":\"ReadAction\",\"target\":[\"https:\/\/wp.adisoft.lt\/vtdko\/bendrojo-priemimo-egzaminai\/\"]}]},{\"@type\":\"BreadcrumbList\",\"@id\":\"https:\/\/wp.adisoft.lt\/vtdko\/bendrojo-priemimo-egzaminai\/#breadcrumb\",\"itemListElement\":[{\"@type\":\"ListItem\",\"position\":1,\"name\":\"Pagrindinis\",\"item\":\"https:\/\/wp.adisoft.lt\/vtdko\/\"},{\"@type\":\"ListItem\",\"position\":2,\"name\":\"Bendrojo pri\u0117mimo egzaminai\"}]},{\"@type\":\"WebSite\",\"@id\":\"https:\/\/wp.adisoft.lt\/vtdko\/#website\",\"url\":\"https:\/\/wp.adisoft.lt\/vtdko\/\",\"name\":\"vtdko\",\"description\":\"Vilniaus technologij\u0173 ir dizaino kolegija\",\"publisher\":{\"@id\":\"https:\/\/wp.adisoft.lt\/vtdko\/#organization\"},\"potentialAction\":[{\"@type\":\"SearchAction\",\"target\":{\"@type\":\"EntryPoint\",\"urlTemplate\":\"https:\/\/wp.adisoft.lt\/vtdko\/?s={search_term_string}\"},\"query-input\":\"required name=search_term_string\"}],\"inLanguage\":\"lt-LT\"},{\"@type\":\"Organization\",\"@id\":\"https:\/\/wp.adisoft.lt\/vtdko\/#organization\",\"name\":\"vtdko\",\"url\":\"https:\/\/wp.adisoft.lt\/vtdko\/\",\"logo\":{\"@type\":\"ImageObject\",\"inLanguage\":\"lt-LT\",\"@id\":\"https:\/\/wp.adisoft.lt\/vtdko\/#\/schema\/logo\/image\/\",\"url\":\"https:\/\/wp.adisoft.lt\/vtdko\/wp-content\/uploads\/2020\/02\/Logo-su-tekstu-01.svg\",\"contentUrl\":\"https:\/\/wp.adisoft.lt\/vtdko\/wp-content\/uploads\/2020\/02\/Logo-su-tekstu-01.svg\",\"width\":151,\"height\":74,\"caption\":\"vtdko\"},\"image\":{\"@id\":\"https:\/\/wp.adisoft.lt\/vtdko\/#\/schema\/logo\/image\/\"}}]}<\/script>\n<!-- \/ Yoast SEO plugin. -->","yoast_head_json":{"title":"Bendrojo pri\u0117mimo egzaminai - vtdko","robots":{"index":"noindex","follow":"follow","max-snippet":"max-snippet:-1","max-image-preview":"max-image-preview:large","max-video-preview":"max-video-preview:-1"},"og_locale":"lt_LT","og_type":"article","og_title":"Bendrojo pri\u0117mimo egzaminai - vtdko","og_description":"Vilniaus technologij\u0173 ir dizaino kolegija \u2013 \u010dia hobis virsta profesija! Egzamino laikymo dat\u0105 ir viet\u0105 stojantysis renkasi pildydamas pra\u0161ym\u0105\u00a0www.lamabpo.lt\u00a0interneto svetain\u0117je esan\u010dioje informacin\u0117je sistemoje. Stojam\u0173j\u0173 egzamin\u0173 \u012f kolegijas bendrojo pri\u0117mimo pagrindinio etapo metu 2022 m. tvarkara\u0161tis. Studij\u0173 kryptis Studij\u0173 programa Egzaminas Vykdymo vieta Data Dizainas Interjero dizainas Pie\u0161imas ir kompozicija \u00a0VDK, Kauno g. 34, Vilnius Bir\u017eelio29,...","og_url":"https:\/\/wp.adisoft.lt\/vtdko\/bendrojo-priemimo-egzaminai\/","og_site_name":"vtdko","article_modified_time":"2022-12-16T19:35:27+00:00","twitter_card":"summary_large_image","twitter_misc":{"Est. reading time":"4 minut\u0117s"},"schema":{"@context":"https:\/\/schema.org","@graph":[{"@type":"WebPage","@id":"https:\/\/wp.adisoft.lt\/vtdko\/bendrojo-priemimo-egzaminai\/","url":"https:\/\/wp.adisoft.lt\/vtdko\/bendrojo-priemimo-egzaminai\/","name":"Bendrojo pri\u0117mimo egzaminai - vtdko","isPartOf":{"@id":"https:\/\/wp.adisoft.lt\/vtdko\/#website"},"datePublished":"2022-10-20T07:55:45+00:00","dateModified":"2022-12-16T19:35:27+00:00","breadcrumb":{"@id":"https:\/\/wp.adisoft.lt\/vtdko\/bendrojo-priemimo-egzaminai\/#breadcrumb"},"inLanguage":"lt-LT","potentialAction":[{"@type":"ReadAction","target":["https:\/\/wp.adisoft.lt\/vtdko\/bendrojo-priemimo-egzaminai\/"]}]},{"@type":"BreadcrumbList","@id":"https:\/\/wp.adisoft.lt\/vtdko\/bendrojo-priemimo-egzaminai\/#breadcrumb","itemListElement":[{"@type":"ListItem","position":1,"name":"Pagrindinis","item":"https:\/\/wp.adisoft.lt\/vtdko\/"},{"@type":"ListItem","position":2,"name":"Bendrojo pri\u0117mimo egzaminai"}]},{"@type":"WebSite","@id":"https:\/\/wp.adisoft.lt\/vtdko\/#website","url":"https:\/\/wp.adisoft.lt\/vtdko\/","name":"vtdko","description":"Vilniaus technologij\u0173 ir dizaino kolegija","publisher":{"@id":"https:\/\/wp.adisoft.lt\/vtdko\/#organization"},"potentialAction":[{"@type":"SearchAction","target":{"@type":"EntryPoint","urlTemplate":"https:\/\/wp.adisoft.lt\/vtdko\/?s={search_term_string}"},"query-input":"required name=search_term_string"}],"inLanguage":"lt-LT"},{"@type":"Organization","@id":"https:\/\/wp.adisoft.lt\/vtdko\/#organization","name":"vtdko","url":"https:\/\/wp.adisoft.lt\/vtdko\/","logo":{"@type":"ImageObject","inLanguage":"lt-LT","@id":"https:\/\/wp.adisoft.lt\/vtdko\/#\/schema\/logo\/image\/","url":"https:\/\/wp.adisoft.lt\/vtdko\/wp-content\/uploads\/2020\/02\/Logo-su-tekstu-01.svg","contentUrl":"https:\/\/wp.adisoft.lt\/vtdko\/wp-content\/uploads\/2020\/02\/Logo-su-tekstu-01.svg","width":151,"height":74,"caption":"vtdko"},"image":{"@id":"https:\/\/wp.adisoft.lt\/vtdko\/#\/schema\/logo\/image\/"}}]}},"_links":{"self":[{"href":"https:\/\/wp.adisoft.lt\/vtdko\/wp-json\/wp\/v2\/pages\/989975","targetHints":{"allow":["GET"]}}],"collection":[{"href":"https:\/\/wp.adisoft.lt\/vtdko\/wp-json\/wp\/v2\/pages"}],"about":[{"href":"https:\/\/wp.adisoft.lt\/vtdko\/wp-json\/wp\/v2\/types\/page"}],"author":[{"embeddable":true,"href":"https:\/\/wp.adisoft.lt\/vtdko\/wp-json\/wp\/v2\/users\/1"}],"replies":[{"embeddable":true,"href":"https:\/\/wp.adisoft.lt\/vtdko\/wp-json\/wp\/v2\/comments?post=989975"}],"version-history":[{"count":10,"href":"https:\/\/wp.adisoft.lt\/vtdko\/wp-json\/wp\/v2\/pages\/989975\/revisions"}],"predecessor-version":[{"id":993353,"href":"https:\/\/wp.adisoft.lt\/vtdko\/wp-json\/wp\/v2\/pages\/989975\/revisions\/993353"}],"wp:attachment":[{"href":"https:\/\/wp.adisoft.lt\/vtdko\/wp-json\/wp\/v2\/media?parent=989975"}],"curies":[{"name":"wp","href":"https:\/\/api.w.org\/{rel}","templated":true}]}}