{"id":989991,"date":"2022-10-20T11:10:56","date_gmt":"2022-10-20T08:10:56","guid":{"rendered":"https:\/\/wp.adisoft.lt\/vtdko\/?page_id=989991"},"modified":"2022-12-19T18:59:32","modified_gmt":"2022-12-19T15:59:32","slug":"es-strukturiniu-fondu-projektai","status":"publish","type":"page","link":"https:\/\/wp.adisoft.lt\/vtdko\/es-strukturiniu-fondu-projektai\/","title":{"rendered":"ES strukt\u016brini\u0173 fond\u0173 projektai"},"content":{"rendered":"\t\t<div data-elementor-type=\"wp-page\" data-elementor-id=\"989991\" class=\"elementor elementor-989991\">\n\t\t\t\t\t\t\t\t\t<section class=\"elementor-section elementor-top-section elementor-element elementor-element-7fef5d0 elementor-section-height-min-height elementor-section-boxed elementor-section-height-default elementor-section-items-middle\" data-id=\"7fef5d0\" data-element_type=\"section\" data-settings=\"{&quot;background_background&quot;:&quot;classic&quot;,&quot;animation&quot;:&quot;none&quot;}\">\n\t\t\t\t\t\t<div class=\"elementor-container elementor-column-gap-default\">\n\t\t\t\t\t<div class=\"elementor-column elementor-col-100 elementor-top-column elementor-element elementor-element-068c938\" data-id=\"068c938\" data-element_type=\"column\" data-settings=\"{&quot;background_background&quot;:&quot;classic&quot;}\">\n\t\t\t<div class=\"elementor-widget-wrap\">\n\t\t\t\t\t\t\t\t\t<\/div>\n\t\t<\/div>\n\t\t\t\t\t\t\t<\/div>\n\t\t<\/section>\n\t\t\t\t<section class=\"elementor-section elementor-top-section elementor-element elementor-element-c949875 elementor-section-boxed elementor-section-height-default elementor-section-height-default\" data-id=\"c949875\" data-element_type=\"section\" data-settings=\"{&quot;animation&quot;:&quot;none&quot;,&quot;animation_tablet&quot;:&quot;none&quot;,&quot;animation_mobile&quot;:&quot;none&quot;}\">\n\t\t\t\t\t\t<div class=\"elementor-container elementor-column-gap-no\">\n\t\t\t\t\t<div class=\"elementor-column elementor-col-50 elementor-top-column elementor-element elementor-element-4afd39c animated-fast elementor-invisible\" data-id=\"4afd39c\" data-element_type=\"column\" data-settings=\"{&quot;background_background&quot;:&quot;classic&quot;,&quot;animation&quot;:&quot;fadeIn&quot;,&quot;animation_delay&quot;:100}\">\n\t\t\t<div class=\"elementor-widget-wrap elementor-element-populated\">\n\t\t\t\t\t\t\t\t<div class=\"elementor-element elementor-element-704f41e elementor-widget__width-auto elementor-widget-tablet__width-auto elementor-widget-mobile__width-inherit elementor-widget elementor-widget-heading\" data-id=\"704f41e\" data-element_type=\"widget\" data-settings=\"{&quot;_animation&quot;:&quot;none&quot;,&quot;_animation_delay&quot;:200}\" data-widget_type=\"heading.heading_charityfy\">\n\t\t\t\t<div class=\"elementor-widget-container\">\n\t\t\t<h1 class=\"elementor-heading-title elementor-size-default\">ES strukt\u016brini\u0173 fond\u0173 projektai<\/h1>\t\t<\/div>\n\t\t\t\t<\/div>\n\t\t\t\t<div class=\"elementor-element elementor-element-644e74b elementor-widget elementor-widget-text-editor\" data-id=\"644e74b\" data-element_type=\"widget\" data-settings=\"{&quot;_animation&quot;:&quot;none&quot;,&quot;_animation_delay&quot;:300}\" data-widget_type=\"text-editor.default\">\n\t\t\t\t<div class=\"elementor-widget-container\">\n\t\t\t\t\t\t\t<p>Vilniaus technologij\u0173 ir dizaino kolegija \u2013 \u010dia hobis virsta profesija!<\/p>\t\t\t\t\t\t<\/div>\n\t\t\t\t<\/div>\n\t\t\t\t\t<\/div>\n\t\t<\/div>\n\t\t\t\t<div class=\"elementor-column elementor-col-50 elementor-top-column elementor-element elementor-element-39964e5 elementor-hidden-desktop elementor-hidden-tablet elementor-hidden-phone\" data-id=\"39964e5\" data-element_type=\"column\">\n\t\t\t<div class=\"elementor-widget-wrap\">\n\t\t\t\t\t\t\t\t\t<\/div>\n\t\t<\/div>\n\t\t\t\t\t\t\t<\/div>\n\t\t<\/section>\n\t\t\t\t<section class=\"elementor-section elementor-top-section elementor-element elementor-element-9d5cd25 elementor-section-boxed elementor-section-height-default elementor-section-height-default\" data-id=\"9d5cd25\" data-element_type=\"section\">\n\t\t\t\t\t\t<div class=\"elementor-container elementor-column-gap-default\">\n\t\t\t\t\t<div class=\"elementor-column elementor-col-100 elementor-top-column elementor-element elementor-element-3935464\" data-id=\"3935464\" data-element_type=\"column\">\n\t\t\t<div class=\"elementor-widget-wrap elementor-element-populated\">\n\t\t\t\t\t\t\t\t<div class=\"elementor-element elementor-element-43d8bf1 elementor-widget elementor-widget-spacer\" data-id=\"43d8bf1\" data-element_type=\"widget\" data-widget_type=\"spacer.default\">\n\t\t\t\t<div class=\"elementor-widget-container\">\n\t\t\t\t\t<div class=\"elementor-spacer\">\n\t\t\t<div class=\"elementor-spacer-inner\"><\/div>\n\t\t<\/div>\n\t\t\t\t<\/div>\n\t\t\t\t<\/div>\n\t\t\t\t\t<\/div>\n\t\t<\/div>\n\t\t\t\t\t\t\t<\/div>\n\t\t<\/section>\n\t\t\t\t<section class=\"elementor-section elementor-top-section elementor-element elementor-element-a9a2f22 elementor-section-boxed elementor-section-height-default elementor-section-height-default\" data-id=\"a9a2f22\" data-element_type=\"section\">\n\t\t\t\t\t\t<div class=\"elementor-container elementor-column-gap-default\">\n\t\t\t\t\t<div class=\"elementor-column elementor-col-100 elementor-top-column elementor-element elementor-element-7019d4d\" data-id=\"7019d4d\" data-element_type=\"column\">\n\t\t\t<div class=\"elementor-widget-wrap elementor-element-populated\">\n\t\t\t\t\t\t\t\t<div class=\"elementor-element elementor-element-4594e77 elementor-widget elementor-widget-text-editor\" data-id=\"4594e77\" data-element_type=\"widget\" data-widget_type=\"text-editor.default\">\n\t\t\t\t<div class=\"elementor-widget-container\">\n\t\t\t\t\t\t\t<p><img loading=\"lazy\" decoding=\"async\" class=\"aligncenter\" src=\"https:\/\/vtdko.lt\/images\/VTDK\/ES_strukturiniu_fondu_projektai\/ES_projektai_kuriuos_vykdome\/kuriame_lietuvos_ateiti.jpg\" alt=\"kuriame lietuvos ateiti\" width=\"281\" height=\"178\" \/><\/p><p>\u00a0Kolegija aktyviai naudojasi ES strukt\u016brini\u0173 fond\u0173 teikiamomis galimyb\u0117mis \u012fgyvendinti savo id\u0117jas gavus finansavim\u0105 projektams.<\/p><p>Projektin\u0117 veikla yra efektyvus b\u016bdas diegti studij\u0173 ir mokslo inovacijas dalyvaujant miesto, regiono, \u0161alies ir tarptautiniuose bendradarbiavimo tinkluose. Dalyvaudami projektuose Kolegijos darbuotojai \u012fgyja galimyb\u0119 tobulinti mokymo ir studij\u0173 programas, kelti kvalifikacij\u0105 ir \u012fgyti nauj\u0173 kompetencij\u0173, vykdyti mokslo taikomuosius tyrimus ir menin\u0119 veikl\u0105,\u00a0 u\u017emegzti naudingus profesinius ry\u0161ius.<\/p><p>2014\u20132020 m. kolegijai skirtas finansavimas i\u0161 Europos regionin\u0117s pl\u0117tros fondo, Europos socialinio fondo l\u0117\u0161\u0173.<\/p><p><br \/><br \/><\/p><p>\u00a0<\/p>\t\t\t\t\t\t<\/div>\n\t\t\t\t<\/div>\n\t\t\t\t\t<\/div>\n\t\t<\/div>\n\t\t\t\t\t\t\t<\/div>\n\t\t<\/section>\n\t\t\t\t\t\t\t<\/div>\n\t\t","protected":false},"excerpt":{"rendered":"<p>ES strukt\u016brini\u0173 fond\u0173 projektai Vilniaus technologij\u0173 ir dizaino kolegija \u2013 \u010dia hobis virsta profesija! &nbsp;Kolegija aktyviai naudojasi ES strukt\u016brini\u0173 fond\u0173 teikiamomis galimyb\u0117mis \u012fgyvendinti savo id\u0117jas gavus finansavim\u0105 projektams. Projektin\u0117 veikla yra efektyvus b\u016bdas diegti studij\u0173 ir mokslo inovacijas dalyvaujant miesto, regiono, \u0161alies ir tarptautiniuose bendradarbiavimo tinkluose. Dalyvaudami projektuose Kolegijos darbuotojai \u012fgyja galimyb\u0119 tobulinti mokymo ir&#8230;<\/p>\n","protected":false},"author":1,"featured_media":0,"parent":0,"menu_order":0,"comment_status":"closed","ping_status":"closed","template":"","meta":{"inline_featured_image":false,"footnotes":""},"class_list":["post-989991","page","type-page","status-publish","hentry"],"yoast_head":"<!-- This site is optimized with the Yoast SEO plugin v19.12 - https:\/\/yoast.com\/wordpress\/plugins\/seo\/ -->\n<title>ES strukt\u016brini\u0173 fond\u0173 projektai - vtdko<\/title>\n<meta name=\"robots\" content=\"noindex, follow, max-snippet:-1, max-image-preview:large, max-video-preview:-1\" \/>\n<meta property=\"og:locale\" content=\"lt_LT\" \/>\n<meta property=\"og:type\" content=\"article\" \/>\n<meta property=\"og:title\" content=\"ES strukt\u016brini\u0173 fond\u0173 projektai - vtdko\" \/>\n<meta property=\"og:description\" content=\"ES strukt\u016brini\u0173 fond\u0173 projektai Vilniaus technologij\u0173 ir dizaino kolegija \u2013 \u010dia hobis virsta profesija! &nbsp;Kolegija aktyviai naudojasi ES strukt\u016brini\u0173 fond\u0173 teikiamomis galimyb\u0117mis \u012fgyvendinti savo id\u0117jas gavus finansavim\u0105 projektams. Projektin\u0117 veikla yra efektyvus b\u016bdas diegti studij\u0173 ir mokslo inovacijas dalyvaujant miesto, regiono, \u0161alies ir tarptautiniuose bendradarbiavimo tinkluose. Dalyvaudami projektuose Kolegijos darbuotojai \u012fgyja galimyb\u0119 tobulinti mokymo ir...\" \/>\n<meta property=\"og:url\" content=\"https:\/\/wp.adisoft.lt\/vtdko\/es-strukturiniu-fondu-projektai\/\" \/>\n<meta property=\"og:site_name\" content=\"vtdko\" \/>\n<meta property=\"article:modified_time\" content=\"2022-12-19T15:59:32+00:00\" \/>\n<meta property=\"og:image\" content=\"https:\/\/vtdko.lt\/images\/VTDK\/ES_strukturiniu_fondu_projektai\/ES_projektai_kuriuos_vykdome\/kuriame_lietuvos_ateiti.jpg\" \/>\n<meta name=\"twitter:card\" content=\"summary_large_image\" \/>\n<meta name=\"twitter:label1\" content=\"Est. reading time\" \/>\n\t<meta name=\"twitter:data1\" content=\"1 minut\u0117\" \/>\n<script type=\"application\/ld+json\" class=\"yoast-schema-graph\">{\"@context\":\"https:\/\/schema.org\",\"@graph\":[{\"@type\":\"WebPage\",\"@id\":\"https:\/\/wp.adisoft.lt\/vtdko\/es-strukturiniu-fondu-projektai\/\",\"url\":\"https:\/\/wp.adisoft.lt\/vtdko\/es-strukturiniu-fondu-projektai\/\",\"name\":\"ES strukt\u016brini\u0173 fond\u0173 projektai - vtdko\",\"isPartOf\":{\"@id\":\"https:\/\/wp.adisoft.lt\/vtdko\/#website\"},\"datePublished\":\"2022-10-20T08:10:56+00:00\",\"dateModified\":\"2022-12-19T15:59:32+00:00\",\"breadcrumb\":{\"@id\":\"https:\/\/wp.adisoft.lt\/vtdko\/es-strukturiniu-fondu-projektai\/#breadcrumb\"},\"inLanguage\":\"lt-LT\",\"potentialAction\":[{\"@type\":\"ReadAction\",\"target\":[\"https:\/\/wp.adisoft.lt\/vtdko\/es-strukturiniu-fondu-projektai\/\"]}]},{\"@type\":\"BreadcrumbList\",\"@id\":\"https:\/\/wp.adisoft.lt\/vtdko\/es-strukturiniu-fondu-projektai\/#breadcrumb\",\"itemListElement\":[{\"@type\":\"ListItem\",\"position\":1,\"name\":\"Pagrindinis\",\"item\":\"https:\/\/wp.adisoft.lt\/vtdko\/\"},{\"@type\":\"ListItem\",\"position\":2,\"name\":\"ES strukt\u016brini\u0173 fond\u0173 projektai\"}]},{\"@type\":\"WebSite\",\"@id\":\"https:\/\/wp.adisoft.lt\/vtdko\/#website\",\"url\":\"https:\/\/wp.adisoft.lt\/vtdko\/\",\"name\":\"vtdko\",\"description\":\"Vilniaus technologij\u0173 ir dizaino kolegija\",\"publisher\":{\"@id\":\"https:\/\/wp.adisoft.lt\/vtdko\/#organization\"},\"potentialAction\":[{\"@type\":\"SearchAction\",\"target\":{\"@type\":\"EntryPoint\",\"urlTemplate\":\"https:\/\/wp.adisoft.lt\/vtdko\/?s={search_term_string}\"},\"query-input\":\"required name=search_term_string\"}],\"inLanguage\":\"lt-LT\"},{\"@type\":\"Organization\",\"@id\":\"https:\/\/wp.adisoft.lt\/vtdko\/#organization\",\"name\":\"vtdko\",\"url\":\"https:\/\/wp.adisoft.lt\/vtdko\/\",\"logo\":{\"@type\":\"ImageObject\",\"inLanguage\":\"lt-LT\",\"@id\":\"https:\/\/wp.adisoft.lt\/vtdko\/#\/schema\/logo\/image\/\",\"url\":\"https:\/\/wp.adisoft.lt\/vtdko\/wp-content\/uploads\/2020\/02\/Logo-su-tekstu-01.svg\",\"contentUrl\":\"https:\/\/wp.adisoft.lt\/vtdko\/wp-content\/uploads\/2020\/02\/Logo-su-tekstu-01.svg\",\"width\":151,\"height\":74,\"caption\":\"vtdko\"},\"image\":{\"@id\":\"https:\/\/wp.adisoft.lt\/vtdko\/#\/schema\/logo\/image\/\"}}]}<\/script>\n<!-- \/ Yoast SEO plugin. -->","yoast_head_json":{"title":"ES strukt\u016brini\u0173 fond\u0173 projektai - vtdko","robots":{"index":"noindex","follow":"follow","max-snippet":"max-snippet:-1","max-image-preview":"max-image-preview:large","max-video-preview":"max-video-preview:-1"},"og_locale":"lt_LT","og_type":"article","og_title":"ES strukt\u016brini\u0173 fond\u0173 projektai - vtdko","og_description":"ES strukt\u016brini\u0173 fond\u0173 projektai Vilniaus technologij\u0173 ir dizaino kolegija \u2013 \u010dia hobis virsta profesija! &nbsp;Kolegija aktyviai naudojasi ES strukt\u016brini\u0173 fond\u0173 teikiamomis galimyb\u0117mis \u012fgyvendinti savo id\u0117jas gavus finansavim\u0105 projektams. Projektin\u0117 veikla yra efektyvus b\u016bdas diegti studij\u0173 ir mokslo inovacijas dalyvaujant miesto, regiono, \u0161alies ir tarptautiniuose bendradarbiavimo tinkluose. Dalyvaudami projektuose Kolegijos darbuotojai \u012fgyja galimyb\u0119 tobulinti mokymo ir...","og_url":"https:\/\/wp.adisoft.lt\/vtdko\/es-strukturiniu-fondu-projektai\/","og_site_name":"vtdko","article_modified_time":"2022-12-19T15:59:32+00:00","og_image":[{"url":"https:\/\/vtdko.lt\/images\/VTDK\/ES_strukturiniu_fondu_projektai\/ES_projektai_kuriuos_vykdome\/kuriame_lietuvos_ateiti.jpg"}],"twitter_card":"summary_large_image","twitter_misc":{"Est. reading time":"1 minut\u0117"},"schema":{"@context":"https:\/\/schema.org","@graph":[{"@type":"WebPage","@id":"https:\/\/wp.adisoft.lt\/vtdko\/es-strukturiniu-fondu-projektai\/","url":"https:\/\/wp.adisoft.lt\/vtdko\/es-strukturiniu-fondu-projektai\/","name":"ES strukt\u016brini\u0173 fond\u0173 projektai - vtdko","isPartOf":{"@id":"https:\/\/wp.adisoft.lt\/vtdko\/#website"},"datePublished":"2022-10-20T08:10:56+00:00","dateModified":"2022-12-19T15:59:32+00:00","breadcrumb":{"@id":"https:\/\/wp.adisoft.lt\/vtdko\/es-strukturiniu-fondu-projektai\/#breadcrumb"},"inLanguage":"lt-LT","potentialAction":[{"@type":"ReadAction","target":["https:\/\/wp.adisoft.lt\/vtdko\/es-strukturiniu-fondu-projektai\/"]}]},{"@type":"BreadcrumbList","@id":"https:\/\/wp.adisoft.lt\/vtdko\/es-strukturiniu-fondu-projektai\/#breadcrumb","itemListElement":[{"@type":"ListItem","position":1,"name":"Pagrindinis","item":"https:\/\/wp.adisoft.lt\/vtdko\/"},{"@type":"ListItem","position":2,"name":"ES strukt\u016brini\u0173 fond\u0173 projektai"}]},{"@type":"WebSite","@id":"https:\/\/wp.adisoft.lt\/vtdko\/#website","url":"https:\/\/wp.adisoft.lt\/vtdko\/","name":"vtdko","description":"Vilniaus technologij\u0173 ir dizaino kolegija","publisher":{"@id":"https:\/\/wp.adisoft.lt\/vtdko\/#organization"},"potentialAction":[{"@type":"SearchAction","target":{"@type":"EntryPoint","urlTemplate":"https:\/\/wp.adisoft.lt\/vtdko\/?s={search_term_string}"},"query-input":"required name=search_term_string"}],"inLanguage":"lt-LT"},{"@type":"Organization","@id":"https:\/\/wp.adisoft.lt\/vtdko\/#organization","name":"vtdko","url":"https:\/\/wp.adisoft.lt\/vtdko\/","logo":{"@type":"ImageObject","inLanguage":"lt-LT","@id":"https:\/\/wp.adisoft.lt\/vtdko\/#\/schema\/logo\/image\/","url":"https:\/\/wp.adisoft.lt\/vtdko\/wp-content\/uploads\/2020\/02\/Logo-su-tekstu-01.svg","contentUrl":"https:\/\/wp.adisoft.lt\/vtdko\/wp-content\/uploads\/2020\/02\/Logo-su-tekstu-01.svg","width":151,"height":74,"caption":"vtdko"},"image":{"@id":"https:\/\/wp.adisoft.lt\/vtdko\/#\/schema\/logo\/image\/"}}]}},"_links":{"self":[{"href":"https:\/\/wp.adisoft.lt\/vtdko\/wp-json\/wp\/v2\/pages\/989991","targetHints":{"allow":["GET"]}}],"collection":[{"href":"https:\/\/wp.adisoft.lt\/vtdko\/wp-json\/wp\/v2\/pages"}],"about":[{"href":"https:\/\/wp.adisoft.lt\/vtdko\/wp-json\/wp\/v2\/types\/page"}],"author":[{"embeddable":true,"href":"https:\/\/wp.adisoft.lt\/vtdko\/wp-json\/wp\/v2\/users\/1"}],"replies":[{"embeddable":true,"href":"https:\/\/wp.adisoft.lt\/vtdko\/wp-json\/wp\/v2\/comments?post=989991"}],"version-history":[{"count":14,"href":"https:\/\/wp.adisoft.lt\/vtdko\/wp-json\/wp\/v2\/pages\/989991\/revisions"}],"predecessor-version":[{"id":995729,"href":"https:\/\/wp.adisoft.lt\/vtdko\/wp-json\/wp\/v2\/pages\/989991\/revisions\/995729"}],"wp:attachment":[{"href":"https:\/\/wp.adisoft.lt\/vtdko\/wp-json\/wp\/v2\/media?parent=989991"}],"curies":[{"name":"wp","href":"https:\/\/api.w.org\/{rel}","templated":true}]}}