{"id":990184,"date":"2022-10-20T13:22:24","date_gmt":"2022-10-20T10:22:24","guid":{"rendered":"https:\/\/wp.adisoft.lt\/vtdko\/?page_id=990184"},"modified":"2023-02-23T10:19:46","modified_gmt":"2023-02-23T07:19:46","slug":"dokumentai-2","status":"publish","type":"page","link":"https:\/\/wp.adisoft.lt\/vtdko\/statybos-fakultetas\/dokumentai-2\/","title":{"rendered":"Statybos fakulteto dokumentai"},"content":{"rendered":"\t\t<div data-elementor-type=\"wp-page\" data-elementor-id=\"990184\" class=\"elementor elementor-990184\">\n\t\t\t\t\t\t\t\t\t<section class=\"elementor-section elementor-top-section elementor-element elementor-element-50c0e0f elementor-section-height-min-height elementor-section-boxed elementor-section-height-default elementor-section-items-middle\" data-id=\"50c0e0f\" data-element_type=\"section\" data-settings=\"{&quot;background_background&quot;:&quot;classic&quot;,&quot;animation&quot;:&quot;none&quot;}\">\n\t\t\t\t\t\t<div class=\"elementor-container elementor-column-gap-default\">\n\t\t\t\t\t<div class=\"elementor-column elementor-col-100 elementor-top-column elementor-element elementor-element-e5bec6e\" data-id=\"e5bec6e\" data-element_type=\"column\" data-settings=\"{&quot;background_background&quot;:&quot;classic&quot;}\">\n\t\t\t<div class=\"elementor-widget-wrap\">\n\t\t\t\t\t\t\t\t\t<\/div>\n\t\t<\/div>\n\t\t\t\t\t\t\t<\/div>\n\t\t<\/section>\n\t\t\t\t<section class=\"elementor-section elementor-top-section elementor-element elementor-element-4a567a2 elementor-section-boxed elementor-section-height-default elementor-section-height-default\" data-id=\"4a567a2\" data-element_type=\"section\" data-settings=\"{&quot;animation&quot;:&quot;none&quot;,&quot;animation_tablet&quot;:&quot;none&quot;,&quot;animation_mobile&quot;:&quot;none&quot;}\">\n\t\t\t\t\t\t<div class=\"elementor-container elementor-column-gap-no\">\n\t\t\t\t\t<div class=\"elementor-column elementor-col-50 elementor-top-column elementor-element elementor-element-c737f66 animated-fast elementor-invisible\" data-id=\"c737f66\" data-element_type=\"column\" data-settings=\"{&quot;background_background&quot;:&quot;classic&quot;,&quot;animation&quot;:&quot;fadeIn&quot;,&quot;animation_delay&quot;:100}\">\n\t\t\t<div class=\"elementor-widget-wrap elementor-element-populated\">\n\t\t\t\t\t\t\t\t<div class=\"elementor-element elementor-element-abcd224 elementor-widget__width-auto elementor-widget-tablet__width-auto elementor-widget-mobile__width-inherit elementor-widget elementor-widget-heading\" data-id=\"abcd224\" data-element_type=\"widget\" data-settings=\"{&quot;_animation&quot;:&quot;none&quot;,&quot;_animation_delay&quot;:200}\" data-widget_type=\"heading.heading_charityfy\">\n\t\t\t\t<div class=\"elementor-widget-container\">\n\t\t\t<h1 class=\"elementor-heading-title elementor-size-default\">Statybos fakulteto dokumentai<\/h1>\t\t<\/div>\n\t\t\t\t<\/div>\n\t\t\t\t<div class=\"elementor-element elementor-element-84a6efd elementor-widget elementor-widget-text-editor\" data-id=\"84a6efd\" data-element_type=\"widget\" data-settings=\"{&quot;_animation&quot;:&quot;none&quot;,&quot;_animation_delay&quot;:300}\" data-widget_type=\"text-editor.default\">\n\t\t\t\t<div class=\"elementor-widget-container\">\n\t\t\t\t\t\t\t<p>Vilniaus technologij\u0173 ir dizaino kolegija \u2013 \u010dia hobis virsta profesija!<\/p>\t\t\t\t\t\t<\/div>\n\t\t\t\t<\/div>\n\t\t\t\t\t<\/div>\n\t\t<\/div>\n\t\t\t\t<div class=\"elementor-column elementor-col-50 elementor-top-column elementor-element elementor-element-6740e09 elementor-hidden-desktop elementor-hidden-tablet elementor-hidden-phone\" data-id=\"6740e09\" data-element_type=\"column\">\n\t\t\t<div class=\"elementor-widget-wrap\">\n\t\t\t\t\t\t\t\t\t<\/div>\n\t\t<\/div>\n\t\t\t\t\t\t\t<\/div>\n\t\t<\/section>\n\t\t\t\t<section class=\"elementor-section elementor-top-section elementor-element elementor-element-8f37da3 elementor-section-boxed elementor-section-height-default elementor-section-height-default\" data-id=\"8f37da3\" data-element_type=\"section\">\n\t\t\t\t\t\t<div class=\"elementor-container elementor-column-gap-default\">\n\t\t\t\t\t<div class=\"elementor-column elementor-col-100 elementor-top-column elementor-element elementor-element-076b17f\" data-id=\"076b17f\" data-element_type=\"column\">\n\t\t\t<div class=\"elementor-widget-wrap elementor-element-populated\">\n\t\t\t\t\t\t\t\t<div class=\"elementor-element elementor-element-74fac57 elementor-widget elementor-widget-spacer\" data-id=\"74fac57\" data-element_type=\"widget\" data-widget_type=\"spacer.default\">\n\t\t\t\t<div class=\"elementor-widget-container\">\n\t\t\t\t\t<div class=\"elementor-spacer\">\n\t\t\t<div class=\"elementor-spacer-inner\"><\/div>\n\t\t<\/div>\n\t\t\t\t<\/div>\n\t\t\t\t<\/div>\n\t\t\t\t<div class=\"elementor-element elementor-element-b5ff5f2 elementor-widget elementor-widget-text-editor\" data-id=\"b5ff5f2\" data-element_type=\"widget\" data-widget_type=\"text-editor.default\">\n\t\t\t\t<div class=\"elementor-widget-container\">\n\t\t\t\t\t\t\t<p><a href=\"https:\/\/wp.adisoft.lt\/vtdko\/wp-content\/uploads\/2022\/10\/Baigiamuju_darbu_tvarkos_aprasas.pdf\" target=\"_blank\" rel=\"noopener\">Baigiam\u0173j\u0173 darb\u0173 rengimo, gynimo, vertinimo ir saugojimo tvarkos apra\u0161as (PDF, 708 KB)<\/a><br \/><a href=\"https:\/\/wp.adisoft.lt\/vtdko\/wp-content\/uploads\/2022\/10\/1_priedastmp_tmp_.docx\" target=\"_blank\" rel=\"noopener\">1 priedas<\/a>,\u00a0<a href=\"https:\/\/wp.adisoft.lt\/vtdko\/wp-content\/uploads\/2022\/10\/2_priedastmp_tmp_.docx\" target=\"_blank\" rel=\"noopener\">2 priedas<\/a>,\u00a0<a href=\"https:\/\/wp.adisoft.lt\/vtdko\/wp-content\/uploads\/2022\/10\/3_priedastmp_.docx\" target=\"_blank\" rel=\"noopener\">3 priedas<\/a>,\u00a0<a href=\"https:\/\/wp.adisoft.lt\/vtdko\/wp-content\/uploads\/2022\/10\/4_priedastmp_.docx\" target=\"_blank\" rel=\"noopener\">4 priedas<\/a>,\u00a0<a href=\"https:\/\/wp.adisoft.lt\/vtdko\/wp-content\/uploads\/2022\/10\/5_priedastmp_.docx\" target=\"_blank\" rel=\"noopener\">5 priedas<\/a>,\u00a0<a href=\"https:\/\/wp.adisoft.lt\/vtdko\/wp-content\/uploads\/2022\/10\/6_priedastmp_.docx\" target=\"_blank\" rel=\"noopener\">6 priedas<\/a>\u00a0(2022 m. baland\u017eio 28 d.)<\/p><p><a href=\"https:\/\/wp.adisoft.lt\/vtdko\/wp-content\/uploads\/2022\/10\/Studentu_mobilumo_tvarkos_aprasastmp_.pdf\" target=\"_blank\" rel=\"noopener\">Student\u0173 mobilumo pagal ,,Erasmus+&#8221; program\u0105 organizavimo programos \u0161alyse tvarkos apra\u0161as (PDF, 436 KB)<\/a>\u00a02022 m. baland\u017eio 13 d.<\/p><p><a href=\"https:\/\/wp.adisoft.lt\/vtdko\/wp-content\/uploads\/2022\/10\/Rasto_darbai_2022_kovas.pdf\" target=\"_blank\" rel=\"noopener\">Ra\u0161to darb\u0173 bendrieji reikalavimai<\/a>,\u00a0<a href=\"https:\/\/wp.adisoft.lt\/vtdko\/wp-content\/uploads\/2022\/10\/1_priedas_antrastinio_lapo_pavyzdys.doc\" target=\"_blank\" rel=\"noopener\">1 priedas<\/a>,\u00a0<a href=\"https:\/\/wp.adisoft.lt\/vtdko\/wp-content\/uploads\/2022\/10\/2_priedas_baigiamojo_darbo_pirmojo_antrastinio_lapo_pavyzdys.doc\" target=\"_blank\" rel=\"noopener\">2 priedas<\/a>,\u00a0<a href=\"https:\/\/wp.adisoft.lt\/vtdko\/wp-content\/uploads\/2022\/10\/3_priedas_baigiamojo_darbo_antrojo_antrastinio_lapo_pavyzdys.doc\" target=\"_blank\" rel=\"noopener\">3 priedas<\/a>,\u00a0<a href=\"https:\/\/wp.adisoft.lt\/vtdko\/wp-content\/uploads\/2022\/10\/4_priedas_rasto_darbo_antrastinio_lapo_forma.doc\" target=\"_blank\" rel=\"noopener\">4 priedas<\/a>,\u00a0<a href=\"https:\/\/wp.adisoft.lt\/vtdko\/wp-content\/uploads\/2022\/10\/5_priedas_anotacijos_pavyzdys.doc\" target=\"_blank\" rel=\"noopener\">5 priedas<\/a>,\u00a0<a href=\"https:\/\/wp.adisoft.lt\/vtdko\/wp-content\/uploads\/2022\/10\/6_priedas_saziningumo_deklaracija.doc\" target=\"_blank\" rel=\"noopener\">6 priedas<\/a>,\u00a0<a href=\"https:\/\/wp.adisoft.lt\/vtdko\/wp-content\/uploads\/2022\/10\/7_priedas_turinio_pavyzdys.doc\" target=\"_blank\" rel=\"noopener\">7 priedas<\/a>\u00a0(2022 m. kovo 21 d. redakcija)<\/p><p><a href=\"https:\/\/wp.adisoft.lt\/vtdko\/wp-content\/uploads\/2022\/10\/Stipendiju_tvarka.pdf\" target=\"_blank\" rel=\"noopener\">Stipendij\u0173 skyrimo ir kitos paramos studentams teikimo nuostatai (PDF, 388 KB)<\/a>\u00a02022 m. sausio 26 d. redakcija<\/p><p><a href=\"https:\/\/wp.adisoft.lt\/vtdko\/wp-content\/uploads\/2022\/10\/Mokejimu_uz_studijas_tvarka_2021-12-08.pdf\" target=\"_blank\" rel=\"noopener\">Mok\u0117jim\u0173 u\u017e studijas tvarkos apra\u0161as (PDF, 272 KB)<\/a>\u00a02021 m. gruod\u017eio 8 d. redakcija<\/p><p><a href=\"https:\/\/wp.adisoft.lt\/vtdko\/wp-content\/uploads\/2022\/10\/Studiju_pagal_individualu_studiju_grafika_tvarkos_aprasas.pdf\" target=\"_blank\" rel=\"noopener\">Studij\u0173 pagal individual\u0173 studij\u0173 grafik\u0105 tvarkos apra\u0161as (PDF, 200 KB)<\/a>\u00a02021 m. gruod\u017eio 8 d. redakcija<\/p><p><a href=\"https:\/\/wp.adisoft.lt\/vtdko\/wp-content\/uploads\/2022\/10\/Akademiniu_skolu_tvarkos_aprasas_2021.pdf\" target=\"_blank\" rel=\"noopener\">Akademini\u0173 skol\u0173 likvidavimo tvarkos apra\u0161as (PDF, 200 KB)<\/a>\u00a02021 m. bir\u017eelio 21 d. redakcija<\/p><p><a href=\"https:\/\/wp.adisoft.lt\/vtdko\/wp-content\/uploads\/2022\/10\/2021_m._grupiu_indeksai.pdf\" target=\"_blank\" rel=\"noopener\">2021 metais sukomplektuot\u0173 akademini\u0173 grupi\u0173 indeksai (PDF, 440 KB)<\/a>\u00a02021 m. vasario 10 d.<\/p><p><a href=\"https:\/\/wp.adisoft.lt\/vtdko\/wp-content\/uploads\/2022\/10\/Studiju_kainos_kompensavimas.pdf\" target=\"_blank\" rel=\"noopener\">U\u017e studijas sumok\u0117tos kainos kompensavimo tvarkos apra\u0161as (PDF, 280 KB)<\/a>\u00a02020 m. spalio 15 d. redakcija<\/p><p><a href=\"https:\/\/wp.adisoft.lt\/vtdko\/wp-content\/uploads\/2022\/10\/Finansines_pagalbos_tvarkos_aprasas.pdf\" target=\"_blank\" rel=\"noopener\">Finansin\u0117s pagalbos priemoni\u0173 teikimo ne\u012fgaliesiems, studijuojantiems Vilniaus technologij\u0173 ir dizaino kolegijoje, tvarkos apra\u0161as (PDF, 200 KB)<\/a>,\u00a0<a href=\"https:\/\/wp.adisoft.lt\/vtdko\/wp-content\/uploads\/2022\/10\/Studento_prasymas_2020.doc\" target=\"_blank\" rel=\"noopener\">1 priedas<\/a>\u00a0(2020 m. kovo 12 d. redakcija)<\/p><p><a href=\"https:\/\/wp.adisoft.lt\/vtdko\/wp-content\/uploads\/2022\/10\/Studentu_apeliaciju_tvarkos_aprasas.pdf\" target=\"_blank\" rel=\"noopener\">Student\u0173 apeliacij\u0173 d\u0117l \u017eini\u0173 vertinimo ir proced\u016brini\u0173 pa\u017eeidim\u0173 pateikimo ir nagrin\u0117jimo tvarkos apra\u0161as (PDF, 390 KB)<\/a>,\u00a0<a href=\"https:\/\/wp.adisoft.lt\/vtdko\/wp-content\/uploads\/2022\/10\/1_priedas.docx\" target=\"_blank\" rel=\"noopener\">1 priedas<\/a>,\u00a0<a href=\"https:\/\/wp.adisoft.lt\/vtdko\/wp-content\/uploads\/2022\/10\/2_priedas.docx\" target=\"_blank\" rel=\"noopener\">2 priedas<\/a>\u00a0(2020 m. kovo 12 d. redakcija)<\/p><p><a href=\"https:\/\/wp.adisoft.lt\/vtdko\/wp-content\/uploads\/2022\/10\/Praktinio_mokymo_sutartis_SF_2022.docx\" target=\"_blank\" rel=\"noopener\">Studento praktinio mokymo sutartis<\/a>,\u00a0<a href=\"https:\/\/wp.adisoft.lt\/vtdko\/wp-content\/uploads\/2022\/10\/1_priedas_uzduotis_15.doc\" target=\"_blank\" rel=\"noopener\">1 priedas<\/a>,\u00a0<a href=\"https:\/\/wp.adisoft.lt\/vtdko\/wp-content\/uploads\/2022\/10\/2_priedas_2_15.docx\" target=\"_blank\" rel=\"noopener\">2 priedas<\/a>\u00a0(2018 m. spalio 17 d.)<\/p><p><a href=\"https:\/\/wp.adisoft.lt\/vtdko\/wp-content\/uploads\/2022\/10\/Praktiku_organizavimo_tvarkos_aprasas_2018.pdf\" target=\"_blank\" rel=\"noopener\">Praktik\u0173 organizavimo tvarkos apra\u0161as<\/a>\u00a0(PDF, 284 KB)\u00a02018 m. bir\u017eelio 27 d. redakcija<\/p><p><a href=\"https:\/\/wp.adisoft.lt\/vtdko\/wp-content\/uploads\/2022\/10\/Studiju_nuostatai_10-30.pdf\" target=\"_blank\" rel=\"noopener\">Studij\u0173 nuostatai (PDF, 464 KB)<\/a>\u00a02017 m. spalio 30 d. redakcija<\/p><p><a href=\"https:\/\/wp.adisoft.lt\/vtdko\/wp-content\/uploads\/2022\/10\/Studento_studiju_finansavimo_keitimo_tvarkos_aprasas.pdf\" target=\"_blank\" rel=\"noopener\">Studento studij\u0173 finansavimo keitimo tvarkos apra\u0161as (PDF, 278 KB)<\/a>\u00a02017 m.\u00a0spalio 30 d. redakcija<\/p><p><a href=\"https:\/\/wp.adisoft.lt\/vtdko\/wp-content\/uploads\/2022\/10\/AKADEMINES_ETIKOS_KODEKSAS.pdf\" target=\"_blank\" rel=\"noopener\">Vilniaus technologij\u0173 ir dizaino kolegijos Akademin\u0117s etikos kodeksas (PDF, 324 KB)<\/a>\u00a02017 m.\u00a0bir\u017eelio\u00a027 d. redakcija<\/p><p><a href=\"https:\/\/wp.adisoft.lt\/vtdko\/wp-content\/uploads\/2022\/10\/Baigimo_dokumentu_tvarka.pdf\" target=\"_blank\" rel=\"noopener\">Studij\u0173 baigim\u0105 liudijan\u010di\u0173 dokument\u0173 i\u0161davimo, apskaitos ir saugojimo tvarkos apra\u0161as (PDF, 325 KB)<\/a>\u00a02017 m. kovo 31 d. redakcija<\/p><p><a href=\"https:\/\/wp.adisoft.lt\/vtdko\/wp-content\/uploads\/2022\/10\/Studiju_rezultatu_vertinimo_tvarka_2017-01.pdf\" target=\"_blank\" rel=\"noopener\">Studij\u0173 rezultat\u0173 vertinimo tvarkos apra\u0161as (PDF, 364 KB)<\/a>\u00a02017 m. sausio 6 d. redakcija<\/p><p><a href=\"https:\/\/wp.adisoft.lt\/vtdko\/wp-content\/uploads\/2022\/10\/Karo_tarnyba.pdf\" target=\"_blank\" rel=\"noopener\">Nuolatin\u0119 privalom\u0105j\u0105 pradin\u0119 karo tarnyb\u0105 atlikusi\u0173 ar bazinius karinius mokymus baigusi\u0173 asmen\u0173 u\u017e studijas sumok\u0117tos kainos dalies kompensavimo tvarkos apra\u0161as (PDF, 176 KB)<\/a><\/p><p><a href=\"https:\/\/wp.adisoft.lt\/vtdko\/wp-content\/uploads\/2022\/10\/Studiju_iskaitymo_tvarka.pdf\" target=\"_blank\" rel=\"noopener\">Studij\u0173 rezultat\u0173 \u012fskaitymo tvarkos apra\u0161as (PDF, 212 KB)<\/a><\/p><p><a href=\"https:\/\/wp.adisoft.lt\/vtdko\/wp-content\/uploads\/2022\/10\/neformaliojo.pdf\" target=\"_blank\" rel=\"noopener noreferrer\">Neformaliojo suaugusi\u0173j\u0173 \u0161vietimo sistemoje \u012fgyt\u0173 kompetencij\u0173 vertinimo ir pripa\u017einimo tvarkos apra\u0161as (PDF, 72 KB)<\/a><\/p>\t\t\t\t\t\t<\/div>\n\t\t\t\t<\/div>\n\t\t\t\t\t<\/div>\n\t\t<\/div>\n\t\t\t\t\t\t\t<\/div>\n\t\t<\/section>\n\t\t\t\t<section class=\"elementor-section elementor-top-section elementor-element elementor-element-6fb7cad elementor-section-boxed elementor-section-height-default elementor-section-height-default\" data-id=\"6fb7cad\" data-element_type=\"section\">\n\t\t\t\t\t\t<div class=\"elementor-container elementor-column-gap-default\">\n\t\t\t\t\t<div class=\"elementor-column elementor-col-100 elementor-top-column elementor-element elementor-element-15cf363\" data-id=\"15cf363\" data-element_type=\"column\">\n\t\t\t<div class=\"elementor-widget-wrap elementor-element-populated\">\n\t\t\t\t\t\t\t\t<div class=\"elementor-element elementor-element-d3b9a2c elementor-widget elementor-widget-spacer\" data-id=\"d3b9a2c\" data-element_type=\"widget\" data-widget_type=\"spacer.default\">\n\t\t\t\t<div class=\"elementor-widget-container\">\n\t\t\t\t\t<div class=\"elementor-spacer\">\n\t\t\t<div class=\"elementor-spacer-inner\"><\/div>\n\t\t<\/div>\n\t\t\t\t<\/div>\n\t\t\t\t<\/div>\n\t\t\t\t\t<\/div>\n\t\t<\/div>\n\t\t\t\t\t\t\t<\/div>\n\t\t<\/section>\n\t\t\t\t\t\t\t<\/div>\n\t\t","protected":false},"excerpt":{"rendered":"<p>Statybos fakulteto dokumentai Vilniaus technologij\u0173 ir dizaino kolegija \u2013 \u010dia hobis virsta profesija! Baigiam\u0173j\u0173 darb\u0173 rengimo, gynimo, vertinimo ir saugojimo tvarkos apra\u0161as (PDF, 708 KB)1 priedas,\u00a02 priedas,\u00a03 priedas,\u00a04 priedas,\u00a05 priedas,\u00a06 priedas\u00a0(2022 m. baland\u017eio 28 d.) Student\u0173 mobilumo pagal ,,Erasmus+&#8221; program\u0105 organizavimo programos \u0161alyse tvarkos apra\u0161as (PDF, 436 KB)\u00a02022 m. baland\u017eio 13 d. Ra\u0161to darb\u0173 bendrieji&#8230;<\/p>\n","protected":false},"author":1,"featured_media":0,"parent":989998,"menu_order":0,"comment_status":"closed","ping_status":"closed","template":"","meta":{"inline_featured_image":false,"footnotes":""},"class_list":["post-990184","page","type-page","status-publish","hentry"],"yoast_head":"<!-- This site is optimized with the Yoast SEO plugin v19.12 - https:\/\/yoast.com\/wordpress\/plugins\/seo\/ -->\n<title>Statybos fakulteto dokumentai - vtdko<\/title>\n<meta name=\"robots\" content=\"noindex, follow, max-snippet:-1, max-image-preview:large, max-video-preview:-1\" \/>\n<meta property=\"og:locale\" content=\"lt_LT\" \/>\n<meta property=\"og:type\" content=\"article\" \/>\n<meta property=\"og:title\" content=\"Statybos fakulteto dokumentai - vtdko\" \/>\n<meta property=\"og:description\" content=\"Statybos fakulteto dokumentai Vilniaus technologij\u0173 ir dizaino kolegija \u2013 \u010dia hobis virsta profesija! Baigiam\u0173j\u0173 darb\u0173 rengimo, gynimo, vertinimo ir saugojimo tvarkos apra\u0161as (PDF, 708 KB)1 priedas,\u00a02 priedas,\u00a03 priedas,\u00a04 priedas,\u00a05 priedas,\u00a06 priedas\u00a0(2022 m. baland\u017eio 28 d.) Student\u0173 mobilumo pagal ,,Erasmus+&#8221; program\u0105 organizavimo programos \u0161alyse tvarkos apra\u0161as (PDF, 436 KB)\u00a02022 m. baland\u017eio 13 d. Ra\u0161to darb\u0173 bendrieji...\" \/>\n<meta property=\"og:url\" content=\"https:\/\/wp.adisoft.lt\/vtdko\/statybos-fakultetas\/dokumentai-2\/\" \/>\n<meta property=\"og:site_name\" content=\"vtdko\" \/>\n<meta property=\"article:modified_time\" content=\"2023-02-23T07:19:46+00:00\" \/>\n<meta name=\"twitter:card\" content=\"summary_large_image\" \/>\n<meta name=\"twitter:label1\" content=\"Est. reading time\" \/>\n\t<meta name=\"twitter:data1\" content=\"3 minut\u0117s\" \/>\n<script type=\"application\/ld+json\" class=\"yoast-schema-graph\">{\"@context\":\"https:\/\/schema.org\",\"@graph\":[{\"@type\":\"WebPage\",\"@id\":\"https:\/\/wp.adisoft.lt\/vtdko\/statybos-fakultetas\/dokumentai-2\/\",\"url\":\"https:\/\/wp.adisoft.lt\/vtdko\/statybos-fakultetas\/dokumentai-2\/\",\"name\":\"Statybos fakulteto dokumentai - vtdko\",\"isPartOf\":{\"@id\":\"https:\/\/wp.adisoft.lt\/vtdko\/#website\"},\"datePublished\":\"2022-10-20T10:22:24+00:00\",\"dateModified\":\"2023-02-23T07:19:46+00:00\",\"breadcrumb\":{\"@id\":\"https:\/\/wp.adisoft.lt\/vtdko\/statybos-fakultetas\/dokumentai-2\/#breadcrumb\"},\"inLanguage\":\"lt-LT\",\"potentialAction\":[{\"@type\":\"ReadAction\",\"target\":[\"https:\/\/wp.adisoft.lt\/vtdko\/statybos-fakultetas\/dokumentai-2\/\"]}]},{\"@type\":\"BreadcrumbList\",\"@id\":\"https:\/\/wp.adisoft.lt\/vtdko\/statybos-fakultetas\/dokumentai-2\/#breadcrumb\",\"itemListElement\":[{\"@type\":\"ListItem\",\"position\":1,\"name\":\"Pagrindinis\",\"item\":\"https:\/\/wp.adisoft.lt\/vtdko\/\"},{\"@type\":\"ListItem\",\"position\":2,\"name\":\"Statybos fakultetas\",\"item\":\"https:\/\/wp.adisoft.lt\/vtdko\/statybos-fakultetas\/\"},{\"@type\":\"ListItem\",\"position\":3,\"name\":\"Statybos fakulteto dokumentai\"}]},{\"@type\":\"WebSite\",\"@id\":\"https:\/\/wp.adisoft.lt\/vtdko\/#website\",\"url\":\"https:\/\/wp.adisoft.lt\/vtdko\/\",\"name\":\"vtdko\",\"description\":\"Vilniaus technologij\u0173 ir dizaino kolegija\",\"publisher\":{\"@id\":\"https:\/\/wp.adisoft.lt\/vtdko\/#organization\"},\"potentialAction\":[{\"@type\":\"SearchAction\",\"target\":{\"@type\":\"EntryPoint\",\"urlTemplate\":\"https:\/\/wp.adisoft.lt\/vtdko\/?s={search_term_string}\"},\"query-input\":\"required name=search_term_string\"}],\"inLanguage\":\"lt-LT\"},{\"@type\":\"Organization\",\"@id\":\"https:\/\/wp.adisoft.lt\/vtdko\/#organization\",\"name\":\"vtdko\",\"url\":\"https:\/\/wp.adisoft.lt\/vtdko\/\",\"logo\":{\"@type\":\"ImageObject\",\"inLanguage\":\"lt-LT\",\"@id\":\"https:\/\/wp.adisoft.lt\/vtdko\/#\/schema\/logo\/image\/\",\"url\":\"https:\/\/wp.adisoft.lt\/vtdko\/wp-content\/uploads\/2020\/02\/Logo-su-tekstu-01.svg\",\"contentUrl\":\"https:\/\/wp.adisoft.lt\/vtdko\/wp-content\/uploads\/2020\/02\/Logo-su-tekstu-01.svg\",\"width\":151,\"height\":74,\"caption\":\"vtdko\"},\"image\":{\"@id\":\"https:\/\/wp.adisoft.lt\/vtdko\/#\/schema\/logo\/image\/\"}}]}<\/script>\n<!-- \/ Yoast SEO plugin. -->","yoast_head_json":{"title":"Statybos fakulteto dokumentai - vtdko","robots":{"index":"noindex","follow":"follow","max-snippet":"max-snippet:-1","max-image-preview":"max-image-preview:large","max-video-preview":"max-video-preview:-1"},"og_locale":"lt_LT","og_type":"article","og_title":"Statybos fakulteto dokumentai - vtdko","og_description":"Statybos fakulteto dokumentai Vilniaus technologij\u0173 ir dizaino kolegija \u2013 \u010dia hobis virsta profesija! Baigiam\u0173j\u0173 darb\u0173 rengimo, gynimo, vertinimo ir saugojimo tvarkos apra\u0161as (PDF, 708 KB)1 priedas,\u00a02 priedas,\u00a03 priedas,\u00a04 priedas,\u00a05 priedas,\u00a06 priedas\u00a0(2022 m. baland\u017eio 28 d.) Student\u0173 mobilumo pagal ,,Erasmus+&#8221; program\u0105 organizavimo programos \u0161alyse tvarkos apra\u0161as (PDF, 436 KB)\u00a02022 m. baland\u017eio 13 d. Ra\u0161to darb\u0173 bendrieji...","og_url":"https:\/\/wp.adisoft.lt\/vtdko\/statybos-fakultetas\/dokumentai-2\/","og_site_name":"vtdko","article_modified_time":"2023-02-23T07:19:46+00:00","twitter_card":"summary_large_image","twitter_misc":{"Est. reading time":"3 minut\u0117s"},"schema":{"@context":"https:\/\/schema.org","@graph":[{"@type":"WebPage","@id":"https:\/\/wp.adisoft.lt\/vtdko\/statybos-fakultetas\/dokumentai-2\/","url":"https:\/\/wp.adisoft.lt\/vtdko\/statybos-fakultetas\/dokumentai-2\/","name":"Statybos fakulteto dokumentai - vtdko","isPartOf":{"@id":"https:\/\/wp.adisoft.lt\/vtdko\/#website"},"datePublished":"2022-10-20T10:22:24+00:00","dateModified":"2023-02-23T07:19:46+00:00","breadcrumb":{"@id":"https:\/\/wp.adisoft.lt\/vtdko\/statybos-fakultetas\/dokumentai-2\/#breadcrumb"},"inLanguage":"lt-LT","potentialAction":[{"@type":"ReadAction","target":["https:\/\/wp.adisoft.lt\/vtdko\/statybos-fakultetas\/dokumentai-2\/"]}]},{"@type":"BreadcrumbList","@id":"https:\/\/wp.adisoft.lt\/vtdko\/statybos-fakultetas\/dokumentai-2\/#breadcrumb","itemListElement":[{"@type":"ListItem","position":1,"name":"Pagrindinis","item":"https:\/\/wp.adisoft.lt\/vtdko\/"},{"@type":"ListItem","position":2,"name":"Statybos fakultetas","item":"https:\/\/wp.adisoft.lt\/vtdko\/statybos-fakultetas\/"},{"@type":"ListItem","position":3,"name":"Statybos fakulteto dokumentai"}]},{"@type":"WebSite","@id":"https:\/\/wp.adisoft.lt\/vtdko\/#website","url":"https:\/\/wp.adisoft.lt\/vtdko\/","name":"vtdko","description":"Vilniaus technologij\u0173 ir dizaino kolegija","publisher":{"@id":"https:\/\/wp.adisoft.lt\/vtdko\/#organization"},"potentialAction":[{"@type":"SearchAction","target":{"@type":"EntryPoint","urlTemplate":"https:\/\/wp.adisoft.lt\/vtdko\/?s={search_term_string}"},"query-input":"required name=search_term_string"}],"inLanguage":"lt-LT"},{"@type":"Organization","@id":"https:\/\/wp.adisoft.lt\/vtdko\/#organization","name":"vtdko","url":"https:\/\/wp.adisoft.lt\/vtdko\/","logo":{"@type":"ImageObject","inLanguage":"lt-LT","@id":"https:\/\/wp.adisoft.lt\/vtdko\/#\/schema\/logo\/image\/","url":"https:\/\/wp.adisoft.lt\/vtdko\/wp-content\/uploads\/2020\/02\/Logo-su-tekstu-01.svg","contentUrl":"https:\/\/wp.adisoft.lt\/vtdko\/wp-content\/uploads\/2020\/02\/Logo-su-tekstu-01.svg","width":151,"height":74,"caption":"vtdko"},"image":{"@id":"https:\/\/wp.adisoft.lt\/vtdko\/#\/schema\/logo\/image\/"}}]}},"_links":{"self":[{"href":"https:\/\/wp.adisoft.lt\/vtdko\/wp-json\/wp\/v2\/pages\/990184","targetHints":{"allow":["GET"]}}],"collection":[{"href":"https:\/\/wp.adisoft.lt\/vtdko\/wp-json\/wp\/v2\/pages"}],"about":[{"href":"https:\/\/wp.adisoft.lt\/vtdko\/wp-json\/wp\/v2\/types\/page"}],"author":[{"embeddable":true,"href":"https:\/\/wp.adisoft.lt\/vtdko\/wp-json\/wp\/v2\/users\/1"}],"replies":[{"embeddable":true,"href":"https:\/\/wp.adisoft.lt\/vtdko\/wp-json\/wp\/v2\/comments?post=990184"}],"version-history":[{"count":13,"href":"https:\/\/wp.adisoft.lt\/vtdko\/wp-json\/wp\/v2\/pages\/990184\/revisions"}],"predecessor-version":[{"id":1000263,"href":"https:\/\/wp.adisoft.lt\/vtdko\/wp-json\/wp\/v2\/pages\/990184\/revisions\/1000263"}],"up":[{"embeddable":true,"href":"https:\/\/wp.adisoft.lt\/vtdko\/wp-json\/wp\/v2\/pages\/989998"}],"wp:attachment":[{"href":"https:\/\/wp.adisoft.lt\/vtdko\/wp-json\/wp\/v2\/media?parent=990184"}],"curies":[{"name":"wp","href":"https:\/\/api.w.org\/{rel}","templated":true}]}}