{"id":990185,"date":"2022-10-20T13:22:35","date_gmt":"2022-10-20T10:22:35","guid":{"rendered":"https:\/\/wp.adisoft.lt\/vtdko\/?page_id=990185"},"modified":"2023-02-23T10:19:57","modified_gmt":"2023-02-23T07:19:57","slug":"apie-statybos-fakulteta","status":"publish","type":"page","link":"https:\/\/wp.adisoft.lt\/vtdko\/statybos-fakultetas\/apie-statybos-fakulteta\/","title":{"rendered":"Apie Statybos fakultet\u0105"},"content":{"rendered":"\t\t<div data-elementor-type=\"wp-page\" data-elementor-id=\"990185\" class=\"elementor elementor-990185\">\n\t\t\t\t\t\t\t\t\t<section class=\"elementor-section elementor-top-section elementor-element elementor-element-7274dd2 elementor-section-height-min-height elementor-section-boxed elementor-section-height-default elementor-section-items-middle\" data-id=\"7274dd2\" data-element_type=\"section\" data-settings=\"{&quot;background_background&quot;:&quot;classic&quot;,&quot;animation&quot;:&quot;none&quot;}\">\n\t\t\t\t\t\t<div class=\"elementor-container elementor-column-gap-default\">\n\t\t\t\t\t<div class=\"elementor-column elementor-col-100 elementor-top-column elementor-element elementor-element-f98d38c\" data-id=\"f98d38c\" data-element_type=\"column\" data-settings=\"{&quot;background_background&quot;:&quot;classic&quot;}\">\n\t\t\t<div class=\"elementor-widget-wrap\">\n\t\t\t\t\t\t\t\t\t<\/div>\n\t\t<\/div>\n\t\t\t\t\t\t\t<\/div>\n\t\t<\/section>\n\t\t\t\t<section class=\"elementor-section elementor-top-section elementor-element elementor-element-c038f4d elementor-section-boxed elementor-section-height-default elementor-section-height-default\" data-id=\"c038f4d\" data-element_type=\"section\" data-settings=\"{&quot;animation&quot;:&quot;none&quot;,&quot;animation_tablet&quot;:&quot;none&quot;,&quot;animation_mobile&quot;:&quot;none&quot;}\">\n\t\t\t\t\t\t<div class=\"elementor-container elementor-column-gap-no\">\n\t\t\t\t\t<div class=\"elementor-column elementor-col-50 elementor-top-column elementor-element elementor-element-0f39833 animated-fast elementor-invisible\" data-id=\"0f39833\" data-element_type=\"column\" data-settings=\"{&quot;background_background&quot;:&quot;classic&quot;,&quot;animation&quot;:&quot;fadeIn&quot;,&quot;animation_delay&quot;:100}\">\n\t\t\t<div class=\"elementor-widget-wrap elementor-element-populated\">\n\t\t\t\t\t\t\t\t<div class=\"elementor-element elementor-element-8872dc8 elementor-widget__width-auto elementor-widget-tablet__width-auto elementor-widget-mobile__width-inherit elementor-widget elementor-widget-heading\" data-id=\"8872dc8\" data-element_type=\"widget\" data-settings=\"{&quot;_animation&quot;:&quot;none&quot;,&quot;_animation_delay&quot;:200}\" data-widget_type=\"heading.heading_charityfy\">\n\t\t\t\t<div class=\"elementor-widget-container\">\n\t\t\t<h1 class=\"elementor-heading-title elementor-size-default\">Apie statybos fakultet\u0105<\/h1>\t\t<\/div>\n\t\t\t\t<\/div>\n\t\t\t\t<div class=\"elementor-element elementor-element-f1f64ce elementor-widget elementor-widget-text-editor\" data-id=\"f1f64ce\" data-element_type=\"widget\" data-settings=\"{&quot;_animation&quot;:&quot;none&quot;,&quot;_animation_delay&quot;:300}\" data-widget_type=\"text-editor.default\">\n\t\t\t\t<div class=\"elementor-widget-container\">\n\t\t\t\t\t\t\t<p>Vilniaus technologij\u0173 ir dizaino kolegija \u2013 \u010dia hobis virsta profesija!<\/p>\t\t\t\t\t\t<\/div>\n\t\t\t\t<\/div>\n\t\t\t\t\t<\/div>\n\t\t<\/div>\n\t\t\t\t<div class=\"elementor-column elementor-col-50 elementor-top-column elementor-element elementor-element-57c7de5 elementor-hidden-desktop elementor-hidden-tablet elementor-hidden-phone\" data-id=\"57c7de5\" data-element_type=\"column\">\n\t\t\t<div class=\"elementor-widget-wrap\">\n\t\t\t\t\t\t\t\t\t<\/div>\n\t\t<\/div>\n\t\t\t\t\t\t\t<\/div>\n\t\t<\/section>\n\t\t\t\t<section class=\"elementor-section elementor-top-section elementor-element elementor-element-8f37da3 elementor-section-boxed elementor-section-height-default elementor-section-height-default\" data-id=\"8f37da3\" data-element_type=\"section\">\n\t\t\t\t\t\t<div class=\"elementor-container elementor-column-gap-default\">\n\t\t\t\t\t<div class=\"elementor-column elementor-col-100 elementor-top-column elementor-element elementor-element-076b17f\" data-id=\"076b17f\" data-element_type=\"column\">\n\t\t\t<div class=\"elementor-widget-wrap elementor-element-populated\">\n\t\t\t\t\t\t\t\t<div class=\"elementor-element elementor-element-4cfea5a elementor-widget elementor-widget-spacer\" data-id=\"4cfea5a\" data-element_type=\"widget\" data-widget_type=\"spacer.default\">\n\t\t\t\t<div class=\"elementor-widget-container\">\n\t\t\t\t\t<div class=\"elementor-spacer\">\n\t\t\t<div class=\"elementor-spacer-inner\"><\/div>\n\t\t<\/div>\n\t\t\t\t<\/div>\n\t\t\t\t<\/div>\n\t\t\t\t<div class=\"elementor-element elementor-element-b5ff5f2 elementor-widget elementor-widget-text-editor\" data-id=\"b5ff5f2\" data-element_type=\"widget\" data-widget_type=\"text-editor.default\">\n\t\t\t\t<div class=\"elementor-widget-container\">\n\t\t\t\t\t\t\t<p>Statybos fakulteto i\u0161takos gl\u016bdi dar 1954 m., kai Statybos ministro \u012fsakymu buvo \u012fkurtas Vilniaus statybos technikumas. 1991 m. bir\u017eelio 5 d. jis reorganizuotas \u012f Vilniaus auk\u0161tesni\u0105j\u0105 statybos mokykl\u0105, o 2002 m. mokyklai tapus Vilniaus statybos ir dizaino kolegija, \u012fsteigtas ir Statybos fakultetas.<\/p><p>Fakultete vykdomos studij\u0173 programos:<\/p><ul><li><a href=\"https:\/\/wp.adisoft.lt\/vtdko\/statybos-fakultetas\/istojusiems-2020-m\/statyba\/\">Statyba (NL,I<\/a><a href=\"http:\/\/www.vtdko.lt\/index.php\/statybos-fakulteto-studiju-programos\/istojusiems-2017-m\/1951-statyba\">)<\/a>;<\/li><li><a href=\"https:\/\/wp.adisoft.lt\/vtdko\/statybos-fakultetas\/istojusiems-2020-m\/statiniu-inzinerines-programos\/\">Statini\u0173 in\u017einerin\u0117s sistemos (NL,I)<\/a><a href=\"http:\/\/www.vtdko.lt\/index.php\/statybos-fakulteto-studiju-programos\/istojusiems-2017-m\/1950-statiniu-inzinerines-sistemos\">;<\/a><\/li><li><a href=\"https:\/\/wp.adisoft.lt\/vtdko\/statybos-fakultetas\/istojusiems-2018-m\/keliu-inzinerija\/\">Keli\u0173 in\u017einerija (I)<\/a>;<\/li><li><a href=\"https:\/\/wp.adisoft.lt\/vtdko\/statybos-fakultetas\/istojusiems-2018-m\/geodezija-ir-kadastras\/\">Geodezija ir kadastras (NL)<\/a>;<\/li><li><a href=\"https:\/\/wp.adisoft.lt\/vtdko\/statybos-fakultetas\/istojusiems-2020-m\/transporto-logistika\/\">Transporto logistika (NL, I)<\/a>.<\/li><\/ul><p>Studij\u0173 metu teikiamos ne tik \u017einios, formuojami praktiniai \u012fg\u016bd\u017eiai, bet ir ugdomos visapusi\u0161kos, i\u0161silavinusios asmenyb\u0117s, kvalifikuoti specialistai.<\/p><p>Rengiamos naujos studij\u0173 programos b\u016bsimiems in\u017einieriams.<\/p><p>Fakultete dirba kvalifikuoti d\u0117stytojai. Jie nuolat tobulina kvalifikacij\u0105, dalyvauja tarptautiniuose projektuose, sta\u017euot\u0117se, pagal Erasmus main\u0173 program\u0105 vyksta d\u0117stymo vizit\u0173 \u012f kit\u0173 Europos \u0161ali\u0173 auk\u0161t\u0105sias mokyklas.<\/p><p>Fakultetas aktyviai bendradarbiauja su \u012fvairiais socialiniais dalininkais, organizuoja susitikimus, tarptautines student\u0173 k\u016brybines dirbtuves (workshop&#8217;us), konkursus, seminarus ir konferencijas. Viena j\u0173, jau tapusi tradicine, &#8211; praktin\u0117 student\u0173 konferencija &#8220;Aplinkos apsauga ir in\u017einerija&#8221; \u017dem\u0117s dienai pamin\u0117ti.<\/p>\t\t\t\t\t\t<\/div>\n\t\t\t\t<\/div>\n\t\t\t\t\t<\/div>\n\t\t<\/div>\n\t\t\t\t\t\t\t<\/div>\n\t\t<\/section>\n\t\t\t\t<section class=\"elementor-section elementor-top-section elementor-element elementor-element-638f38c elementor-section-boxed elementor-section-height-default elementor-section-height-default\" data-id=\"638f38c\" data-element_type=\"section\">\n\t\t\t\t\t\t<div class=\"elementor-container elementor-column-gap-default\">\n\t\t\t\t\t<div class=\"elementor-column elementor-col-100 elementor-top-column elementor-element elementor-element-dace162\" data-id=\"dace162\" data-element_type=\"column\">\n\t\t\t<div class=\"elementor-widget-wrap elementor-element-populated\">\n\t\t\t\t\t\t\t\t<div class=\"elementor-element elementor-element-6016449 elementor-widget elementor-widget-spacer\" data-id=\"6016449\" data-element_type=\"widget\" data-widget_type=\"spacer.default\">\n\t\t\t\t<div class=\"elementor-widget-container\">\n\t\t\t\t\t<div class=\"elementor-spacer\">\n\t\t\t<div class=\"elementor-spacer-inner\"><\/div>\n\t\t<\/div>\n\t\t\t\t<\/div>\n\t\t\t\t<\/div>\n\t\t\t\t\t<\/div>\n\t\t<\/div>\n\t\t\t\t\t\t\t<\/div>\n\t\t<\/section>\n\t\t\t\t\t\t\t<\/div>\n\t\t","protected":false},"excerpt":{"rendered":"<p>Apie statybos fakultet\u0105 Vilniaus technologij\u0173 ir dizaino kolegija \u2013 \u010dia hobis virsta profesija! Statybos fakulteto i\u0161takos gl\u016bdi dar 1954 m., kai Statybos ministro \u012fsakymu buvo \u012fkurtas Vilniaus statybos technikumas. 1991 m. bir\u017eelio 5 d. jis reorganizuotas \u012f Vilniaus auk\u0161tesni\u0105j\u0105 statybos mokykl\u0105, o 2002 m. mokyklai tapus Vilniaus statybos ir dizaino kolegija, \u012fsteigtas ir Statybos fakultetas&#8230;.<\/p>\n","protected":false},"author":1,"featured_media":0,"parent":989998,"menu_order":0,"comment_status":"closed","ping_status":"closed","template":"","meta":{"inline_featured_image":false,"footnotes":""},"class_list":["post-990185","page","type-page","status-publish","hentry"],"yoast_head":"<!-- This site is optimized with the Yoast SEO plugin v19.12 - https:\/\/yoast.com\/wordpress\/plugins\/seo\/ -->\n<title>Apie Statybos fakultet\u0105 - vtdko<\/title>\n<meta name=\"robots\" content=\"noindex, follow, max-snippet:-1, max-image-preview:large, max-video-preview:-1\" \/>\n<meta property=\"og:locale\" content=\"lt_LT\" \/>\n<meta property=\"og:type\" content=\"article\" \/>\n<meta property=\"og:title\" content=\"Apie Statybos fakultet\u0105 - vtdko\" \/>\n<meta property=\"og:description\" content=\"Apie statybos fakultet\u0105 Vilniaus technologij\u0173 ir dizaino kolegija \u2013 \u010dia hobis virsta profesija! Statybos fakulteto i\u0161takos gl\u016bdi dar 1954 m., kai Statybos ministro \u012fsakymu buvo \u012fkurtas Vilniaus statybos technikumas. 1991 m. bir\u017eelio 5 d. jis reorganizuotas \u012f Vilniaus auk\u0161tesni\u0105j\u0105 statybos mokykl\u0105, o 2002 m. mokyklai tapus Vilniaus statybos ir dizaino kolegija, \u012fsteigtas ir Statybos fakultetas....\" \/>\n<meta property=\"og:url\" content=\"https:\/\/wp.adisoft.lt\/vtdko\/statybos-fakultetas\/apie-statybos-fakulteta\/\" \/>\n<meta property=\"og:site_name\" content=\"vtdko\" \/>\n<meta property=\"article:modified_time\" content=\"2023-02-23T07:19:57+00:00\" \/>\n<meta name=\"twitter:card\" content=\"summary_large_image\" \/>\n<meta name=\"twitter:label1\" content=\"Est. reading time\" \/>\n\t<meta name=\"twitter:data1\" content=\"1 minut\u0117\" \/>\n<script type=\"application\/ld+json\" class=\"yoast-schema-graph\">{\"@context\":\"https:\/\/schema.org\",\"@graph\":[{\"@type\":\"WebPage\",\"@id\":\"https:\/\/wp.adisoft.lt\/vtdko\/statybos-fakultetas\/apie-statybos-fakulteta\/\",\"url\":\"https:\/\/wp.adisoft.lt\/vtdko\/statybos-fakultetas\/apie-statybos-fakulteta\/\",\"name\":\"Apie Statybos fakultet\u0105 - vtdko\",\"isPartOf\":{\"@id\":\"https:\/\/wp.adisoft.lt\/vtdko\/#website\"},\"datePublished\":\"2022-10-20T10:22:35+00:00\",\"dateModified\":\"2023-02-23T07:19:57+00:00\",\"breadcrumb\":{\"@id\":\"https:\/\/wp.adisoft.lt\/vtdko\/statybos-fakultetas\/apie-statybos-fakulteta\/#breadcrumb\"},\"inLanguage\":\"lt-LT\",\"potentialAction\":[{\"@type\":\"ReadAction\",\"target\":[\"https:\/\/wp.adisoft.lt\/vtdko\/statybos-fakultetas\/apie-statybos-fakulteta\/\"]}]},{\"@type\":\"BreadcrumbList\",\"@id\":\"https:\/\/wp.adisoft.lt\/vtdko\/statybos-fakultetas\/apie-statybos-fakulteta\/#breadcrumb\",\"itemListElement\":[{\"@type\":\"ListItem\",\"position\":1,\"name\":\"Pagrindinis\",\"item\":\"https:\/\/wp.adisoft.lt\/vtdko\/\"},{\"@type\":\"ListItem\",\"position\":2,\"name\":\"Statybos fakultetas\",\"item\":\"https:\/\/wp.adisoft.lt\/vtdko\/statybos-fakultetas\/\"},{\"@type\":\"ListItem\",\"position\":3,\"name\":\"Apie Statybos fakultet\u0105\"}]},{\"@type\":\"WebSite\",\"@id\":\"https:\/\/wp.adisoft.lt\/vtdko\/#website\",\"url\":\"https:\/\/wp.adisoft.lt\/vtdko\/\",\"name\":\"vtdko\",\"description\":\"Vilniaus technologij\u0173 ir dizaino kolegija\",\"publisher\":{\"@id\":\"https:\/\/wp.adisoft.lt\/vtdko\/#organization\"},\"potentialAction\":[{\"@type\":\"SearchAction\",\"target\":{\"@type\":\"EntryPoint\",\"urlTemplate\":\"https:\/\/wp.adisoft.lt\/vtdko\/?s={search_term_string}\"},\"query-input\":\"required name=search_term_string\"}],\"inLanguage\":\"lt-LT\"},{\"@type\":\"Organization\",\"@id\":\"https:\/\/wp.adisoft.lt\/vtdko\/#organization\",\"name\":\"vtdko\",\"url\":\"https:\/\/wp.adisoft.lt\/vtdko\/\",\"logo\":{\"@type\":\"ImageObject\",\"inLanguage\":\"lt-LT\",\"@id\":\"https:\/\/wp.adisoft.lt\/vtdko\/#\/schema\/logo\/image\/\",\"url\":\"https:\/\/wp.adisoft.lt\/vtdko\/wp-content\/uploads\/2020\/02\/Logo-su-tekstu-01.svg\",\"contentUrl\":\"https:\/\/wp.adisoft.lt\/vtdko\/wp-content\/uploads\/2020\/02\/Logo-su-tekstu-01.svg\",\"width\":151,\"height\":74,\"caption\":\"vtdko\"},\"image\":{\"@id\":\"https:\/\/wp.adisoft.lt\/vtdko\/#\/schema\/logo\/image\/\"}}]}<\/script>\n<!-- \/ Yoast SEO plugin. -->","yoast_head_json":{"title":"Apie Statybos fakultet\u0105 - vtdko","robots":{"index":"noindex","follow":"follow","max-snippet":"max-snippet:-1","max-image-preview":"max-image-preview:large","max-video-preview":"max-video-preview:-1"},"og_locale":"lt_LT","og_type":"article","og_title":"Apie Statybos fakultet\u0105 - vtdko","og_description":"Apie statybos fakultet\u0105 Vilniaus technologij\u0173 ir dizaino kolegija \u2013 \u010dia hobis virsta profesija! Statybos fakulteto i\u0161takos gl\u016bdi dar 1954 m., kai Statybos ministro \u012fsakymu buvo \u012fkurtas Vilniaus statybos technikumas. 1991 m. bir\u017eelio 5 d. jis reorganizuotas \u012f Vilniaus auk\u0161tesni\u0105j\u0105 statybos mokykl\u0105, o 2002 m. mokyklai tapus Vilniaus statybos ir dizaino kolegija, \u012fsteigtas ir Statybos fakultetas....","og_url":"https:\/\/wp.adisoft.lt\/vtdko\/statybos-fakultetas\/apie-statybos-fakulteta\/","og_site_name":"vtdko","article_modified_time":"2023-02-23T07:19:57+00:00","twitter_card":"summary_large_image","twitter_misc":{"Est. reading time":"1 minut\u0117"},"schema":{"@context":"https:\/\/schema.org","@graph":[{"@type":"WebPage","@id":"https:\/\/wp.adisoft.lt\/vtdko\/statybos-fakultetas\/apie-statybos-fakulteta\/","url":"https:\/\/wp.adisoft.lt\/vtdko\/statybos-fakultetas\/apie-statybos-fakulteta\/","name":"Apie Statybos fakultet\u0105 - vtdko","isPartOf":{"@id":"https:\/\/wp.adisoft.lt\/vtdko\/#website"},"datePublished":"2022-10-20T10:22:35+00:00","dateModified":"2023-02-23T07:19:57+00:00","breadcrumb":{"@id":"https:\/\/wp.adisoft.lt\/vtdko\/statybos-fakultetas\/apie-statybos-fakulteta\/#breadcrumb"},"inLanguage":"lt-LT","potentialAction":[{"@type":"ReadAction","target":["https:\/\/wp.adisoft.lt\/vtdko\/statybos-fakultetas\/apie-statybos-fakulteta\/"]}]},{"@type":"BreadcrumbList","@id":"https:\/\/wp.adisoft.lt\/vtdko\/statybos-fakultetas\/apie-statybos-fakulteta\/#breadcrumb","itemListElement":[{"@type":"ListItem","position":1,"name":"Pagrindinis","item":"https:\/\/wp.adisoft.lt\/vtdko\/"},{"@type":"ListItem","position":2,"name":"Statybos fakultetas","item":"https:\/\/wp.adisoft.lt\/vtdko\/statybos-fakultetas\/"},{"@type":"ListItem","position":3,"name":"Apie Statybos fakultet\u0105"}]},{"@type":"WebSite","@id":"https:\/\/wp.adisoft.lt\/vtdko\/#website","url":"https:\/\/wp.adisoft.lt\/vtdko\/","name":"vtdko","description":"Vilniaus technologij\u0173 ir dizaino kolegija","publisher":{"@id":"https:\/\/wp.adisoft.lt\/vtdko\/#organization"},"potentialAction":[{"@type":"SearchAction","target":{"@type":"EntryPoint","urlTemplate":"https:\/\/wp.adisoft.lt\/vtdko\/?s={search_term_string}"},"query-input":"required name=search_term_string"}],"inLanguage":"lt-LT"},{"@type":"Organization","@id":"https:\/\/wp.adisoft.lt\/vtdko\/#organization","name":"vtdko","url":"https:\/\/wp.adisoft.lt\/vtdko\/","logo":{"@type":"ImageObject","inLanguage":"lt-LT","@id":"https:\/\/wp.adisoft.lt\/vtdko\/#\/schema\/logo\/image\/","url":"https:\/\/wp.adisoft.lt\/vtdko\/wp-content\/uploads\/2020\/02\/Logo-su-tekstu-01.svg","contentUrl":"https:\/\/wp.adisoft.lt\/vtdko\/wp-content\/uploads\/2020\/02\/Logo-su-tekstu-01.svg","width":151,"height":74,"caption":"vtdko"},"image":{"@id":"https:\/\/wp.adisoft.lt\/vtdko\/#\/schema\/logo\/image\/"}}]}},"_links":{"self":[{"href":"https:\/\/wp.adisoft.lt\/vtdko\/wp-json\/wp\/v2\/pages\/990185","targetHints":{"allow":["GET"]}}],"collection":[{"href":"https:\/\/wp.adisoft.lt\/vtdko\/wp-json\/wp\/v2\/pages"}],"about":[{"href":"https:\/\/wp.adisoft.lt\/vtdko\/wp-json\/wp\/v2\/types\/page"}],"author":[{"embeddable":true,"href":"https:\/\/wp.adisoft.lt\/vtdko\/wp-json\/wp\/v2\/users\/1"}],"replies":[{"embeddable":true,"href":"https:\/\/wp.adisoft.lt\/vtdko\/wp-json\/wp\/v2\/comments?post=990185"}],"version-history":[{"count":13,"href":"https:\/\/wp.adisoft.lt\/vtdko\/wp-json\/wp\/v2\/pages\/990185\/revisions"}],"predecessor-version":[{"id":1000269,"href":"https:\/\/wp.adisoft.lt\/vtdko\/wp-json\/wp\/v2\/pages\/990185\/revisions\/1000269"}],"up":[{"embeddable":true,"href":"https:\/\/wp.adisoft.lt\/vtdko\/wp-json\/wp\/v2\/pages\/989998"}],"wp:attachment":[{"href":"https:\/\/wp.adisoft.lt\/vtdko\/wp-json\/wp\/v2\/media?parent=990185"}],"curies":[{"name":"wp","href":"https:\/\/api.w.org\/{rel}","templated":true}]}}