{"id":990528,"date":"2022-10-24T13:30:30","date_gmt":"2022-10-24T10:30:30","guid":{"rendered":"https:\/\/wp.adisoft.lt\/vtdko\/?page_id=990528"},"modified":"2022-12-16T22:44:05","modified_gmt":"2022-12-16T19:44:05","slug":"kompetenciju-pripazinimas","status":"publish","type":"page","link":"https:\/\/wp.adisoft.lt\/vtdko\/visuomenei\/kompetenciju-pripazinimas\/","title":{"rendered":"Kompetencij\u0173 pripa\u017einimas"},"content":{"rendered":"\t\t<div data-elementor-type=\"wp-page\" data-elementor-id=\"990528\" class=\"elementor elementor-990528\">\n\t\t\t\t\t\t\t\t\t<section class=\"elementor-section elementor-top-section elementor-element elementor-element-61ecc51 elementor-section-height-min-height elementor-section-boxed elementor-section-height-default elementor-section-items-middle\" data-id=\"61ecc51\" data-element_type=\"section\" data-settings=\"{&quot;background_background&quot;:&quot;classic&quot;,&quot;animation&quot;:&quot;none&quot;}\">\n\t\t\t\t\t\t<div class=\"elementor-container elementor-column-gap-default\">\n\t\t\t\t\t<div class=\"elementor-column elementor-col-100 elementor-top-column elementor-element elementor-element-6211e95\" data-id=\"6211e95\" data-element_type=\"column\" data-settings=\"{&quot;background_background&quot;:&quot;classic&quot;}\">\n\t\t\t<div class=\"elementor-widget-wrap\">\n\t\t\t\t\t\t\t\t\t<\/div>\n\t\t<\/div>\n\t\t\t\t\t\t\t<\/div>\n\t\t<\/section>\n\t\t\t\t<section class=\"elementor-section elementor-top-section elementor-element elementor-element-2f4c6c0 elementor-section-boxed elementor-section-height-default elementor-section-height-default\" data-id=\"2f4c6c0\" data-element_type=\"section\" data-settings=\"{&quot;animation&quot;:&quot;none&quot;,&quot;animation_tablet&quot;:&quot;none&quot;,&quot;animation_mobile&quot;:&quot;none&quot;}\">\n\t\t\t\t\t\t<div class=\"elementor-container elementor-column-gap-no\">\n\t\t\t\t\t<div class=\"elementor-column elementor-col-50 elementor-top-column elementor-element elementor-element-cfa7b55 animated-fast elementor-invisible\" data-id=\"cfa7b55\" data-element_type=\"column\" data-settings=\"{&quot;background_background&quot;:&quot;classic&quot;,&quot;animation&quot;:&quot;fadeIn&quot;,&quot;animation_delay&quot;:100}\">\n\t\t\t<div class=\"elementor-widget-wrap elementor-element-populated\">\n\t\t\t\t\t\t\t\t<div class=\"elementor-element elementor-element-23d47e4 elementor-widget elementor-widget-text-editor\" data-id=\"23d47e4\" data-element_type=\"widget\" data-settings=\"{&quot;_animation&quot;:&quot;none&quot;,&quot;_animation_delay&quot;:300}\" data-widget_type=\"text-editor.default\">\n\t\t\t\t<div class=\"elementor-widget-container\">\n\t\t\t\t\t\t\t<p>Vilniaus technologij\u0173 ir dizaino kolegija \u2013 \u010dia hobis virsta profesija!<\/p>\t\t\t\t\t\t<\/div>\n\t\t\t\t<\/div>\n\t\t\t\t\t<\/div>\n\t\t<\/div>\n\t\t\t\t<div class=\"elementor-column elementor-col-50 elementor-top-column elementor-element elementor-element-8ddd46c elementor-hidden-desktop elementor-hidden-tablet elementor-hidden-phone\" data-id=\"8ddd46c\" data-element_type=\"column\">\n\t\t\t<div class=\"elementor-widget-wrap\">\n\t\t\t\t\t\t\t\t\t<\/div>\n\t\t<\/div>\n\t\t\t\t\t\t\t<\/div>\n\t\t<\/section>\n\t\t\t\t<section class=\"elementor-section elementor-top-section elementor-element elementor-element-8f37da3 elementor-section-boxed elementor-section-height-default elementor-section-height-default\" data-id=\"8f37da3\" data-element_type=\"section\">\n\t\t\t\t\t\t<div class=\"elementor-container elementor-column-gap-default\">\n\t\t\t\t\t<div class=\"elementor-column elementor-col-100 elementor-top-column elementor-element elementor-element-076b17f\" data-id=\"076b17f\" data-element_type=\"column\">\n\t\t\t<div class=\"elementor-widget-wrap elementor-element-populated\">\n\t\t\t\t\t\t\t\t<div class=\"elementor-element elementor-element-65e62a1 elementor-widget elementor-widget-spacer\" data-id=\"65e62a1\" data-element_type=\"widget\" data-widget_type=\"spacer.default\">\n\t\t\t\t<div class=\"elementor-widget-container\">\n\t\t\t\t\t<div class=\"elementor-spacer\">\n\t\t\t<div class=\"elementor-spacer-inner\"><\/div>\n\t\t<\/div>\n\t\t\t\t<\/div>\n\t\t\t\t<\/div>\n\t\t\t\t<div class=\"elementor-element elementor-element-b5ff5f2 elementor-widget elementor-widget-text-editor\" data-id=\"b5ff5f2\" data-element_type=\"widget\" data-widget_type=\"text-editor.default\">\n\t\t\t\t<div class=\"elementor-widget-container\">\n\t\t\t\t\t\t\t<p><strong>Vilniaus technologij\u0173 ir dizaino kolegija si\u016blo paslaugas \u0161iose kompetencij\u0173 pripa\u017einimo srityse:<\/strong><\/p><ul><li>patirtinis mokymasis, \u012fgytas darbin\u0117je veikloje;\u00a0<\/li><li>patirtinis mokymasis, \u012fgytas nemokamame ar savanori\u0161kame darbe;<\/li><li>patirtinis mokymasis, \u012fgytas laisvalaikio metu;\u00a0<\/li><li>nesertifikuotas mokymasis, \u012fgytas mokantis savaranki\u0161kai;\u00a0<\/li><li>sertifikuotas mokymasis u\u017esienyje (sta\u017euot\u0117s, kursai);<\/li><li>sertifikuotas mokymasis darbe.<\/li><\/ul><p><strong>Neformaliojo suaugusi\u0173j\u0173 \u0161vietimo sistemoje \u012fgyt\u0173 kompetencij\u0173 vertinimo ir pripa\u017einimo etapai:<\/strong><\/p><p>\u00a0<strong>Informavimas<\/strong>. Kandidatas supa\u017eindinamas su vertinimo principais, proced\u016bra, vertinimo s\u0105lygomis, galimais vertinimo rezultatais, individualius poreikius atitinkan\u010diomis studijomis. Kandidatas apsisprend\u017eia dalyvauti neformaliojo suaugusi\u0173j\u0173 \u0161vietimo sistemoje \u012fgyt\u0173 kompetencij\u0173 vertinimo ir pripa\u017einimo proced\u016broje.<\/p><ol><li><strong>Konsultavimas<\/strong>. Kandidatui yra skiriama pirmin\u0117 konsultacija, o kitos konsultacijos skiriamos pagal kandidato poreik\u012f semestro eigoje. Katedros ved\u0117jas konsultuoja kandidat\u0105 kaip parengti kompetencij\u0173 aplank\u0105, tikrina jo turin\u012f, teikia egzaminui laikyti reikaling\u0105 informacij\u0105.<\/li><li><strong>Kompetencij\u0173 vertinimas<\/strong>. Kompetencij\u0173 vertinim\u0105 vykdo kompetencij\u0173 vertinimo ir pripa\u017einimo komisija kompetencij\u0173 aplanko arba egzamino pagrindu. Tuo tikslu analizuojami kandidato neformaliojo suaugusi\u0173j\u0173 \u0161vietimo sistemoje \u012fgyt\u0173 kompetencij\u0173 \u012frodymai. Nustatoma kandidato neformaliojo suaugusi\u0173j\u0173 \u0161vietimo sistemoje \u012fgyt\u0173 kompetencij\u0173 ir studij\u0173 rezultat\u0173 atitiktis bei \u0161ios atitikties apimtis.Jei kompetencij\u0173 aplanke duomenys tik i\u0161 dalies pagrind\u017eia turim\u0173 kompetencij\u0173 atitikt\u012f dalyko studij\u0173 programos ar jos dalies reikalavimus, kompetencij\u0173 vertinimo ir pripa\u017einimo komisija nusprend\u017eia kas bus vertinama papildomai ir kokie metodai bus naudojami, jei i\u0161kyla b\u016btinyb\u0117 skiria papildom\u0105 laik\u0105 pasirengimui, skiria vertinimo dat\u0105 ir apie tai informuoja kandidat\u0105.<\/li><li><strong>Sprendimo pri\u0117mimas (\u012fvertinimas)<\/strong>. Sprendim\u0105 d\u0117l pripa\u017e\u012fstam\u0173 kandidato kompetencij\u0173 ir (arba) \u012fskaitom\u0173 studij\u0173 dalyk\u0173 ar moduli\u0173 priima kompetencij\u0173 vertinimo ir pripa\u017einimo komisija. Nustatoma, ar pakanka kandidato pateikt\u0173 \u012frodym\u0173 pagr\u012fsti jo \u012fgytas kompetencijas ir (arba) kurie studij\u0173 dalykai ar moduliai yra \u012fskaitomi. Kompetencij\u0173 vertinimo ir pripa\u017einimo komisija nustato kandidato neformaliojo suaugusi\u0173j\u0173 \u0161vietimo sistemoje \u012fgyt\u0173 kompetencij\u0173 ir studij\u0173 rezultat\u0173 atitiktis bei \u0161ios atitikties apimtis. Kompetencij\u0173 vertinimo ir pripa\u017einimo komisija vertinimo i\u0161vadas ir si\u016blymus d\u0117l pripa\u017einimo fiksuoja protokole ir kompetencij\u0173 vertinimo komisijos i\u0161vad\u0173 kortel\u0117je, ir teikia Kolegijos atitinkamo fakulteto dekanui arba jo \u012fgaliotam atstovui juos tvirtinti.<br \/>\u012evertinamos turimos kompetencijos ir pripa\u017e\u012fstama tam tikra kredit\u0173 dalis (iki 75 proc. studij\u0173 programos apimties).<\/li><\/ol><p><strong>Galimi du neformaliu b\u016bdu \u012fgyt\u0173 kompetencij\u0173 pripa\u017einimo b\u016bdai:<\/strong><\/p><ol><li>Jei studentas jau mokosi auk\u0161tojoje mokykloje, jis gali tokiu b\u016bdu u\u017eskaityti atskirus studij\u0173 programos dalykus, arba kuri\u0105 nors studij\u0173 programos dalyko dal\u012f. Taip sutrump\u0117ja studij\u0173 laikas bei studij\u0173 kr\u016bvis;<\/li><li>Jei asmuo n\u0117ra studentas, jis gali gauti formal\u0173 pa\u017eym\u0117jim\u0105 apie jo turimas kompetencijas ir\/ arba pasitvirtinti savo turim\u0105 profesin\u0119 kvalifikacij\u0105.<\/li><\/ol><p><strong>Kandidatas, norintis \u012fsivertinti neformaliojo ir savaiminio mokymosi b\u016bdu \u012fgytas kompetencijas, turi pateikti:<\/strong><\/p><ul><li>Pra\u0161ym\u0105 \u012fvertinti ir pripa\u017einti kompetencijas pagal pasirinkt\u0105 studij\u0173 program\u0105;<\/li><li>Asmens dokumento kopij\u0105 (paso ar tapatyb\u0117s kortel\u0117s);<\/li><li>Santuokos liudijim\u0105 (asmenims keitusiems pavard\u0119 ar vard\u0105);<\/li><li>Gyvenimo apra\u0161ym\u0105 (CV);<\/li><li>Vidurin\u012f ir kit\u0105 i\u0161silavinim\u0105 patvirtinan\u010dius dokumentus (brandos atestatas, diplomas);<\/li><li>Kompetencij\u0173 aplank\u0105 arba neformaliojo ir savaiminio mokymosi b\u016bdu \u012fgytas kompetencijas \u012frodan\u010dius dokumentus (jeigu kandidatas nerengia kompetencij\u0173 aplanko): pa\u017eym\u0117jimus, pa\u017eymas, darbdavio, klient\u0173, koleg\u0173 atsiliepimus, rekomendacijas, veiklos \u012frodymus ir kt.;<\/li><li>Dokument\u0173 registracijos mokes\u010dio kvit\u0105.<\/li><\/ul>\t\t\t\t\t\t<\/div>\n\t\t\t\t<\/div>\n\t\t\t\t\t<\/div>\n\t\t<\/div>\n\t\t\t\t\t\t\t<\/div>\n\t\t<\/section>\n\t\t\t\t<section class=\"elementor-section elementor-top-section elementor-element elementor-element-9007928 elementor-section-boxed elementor-section-height-default elementor-section-height-default\" data-id=\"9007928\" data-element_type=\"section\">\n\t\t\t\t\t\t<div class=\"elementor-container elementor-column-gap-default\">\n\t\t\t\t\t<div class=\"elementor-column elementor-col-100 elementor-top-column elementor-element elementor-element-479aa66\" data-id=\"479aa66\" data-element_type=\"column\">\n\t\t\t<div class=\"elementor-widget-wrap elementor-element-populated\">\n\t\t\t\t\t\t\t\t<div class=\"elementor-element elementor-element-cd8dbad elementor-widget elementor-widget-spacer\" data-id=\"cd8dbad\" data-element_type=\"widget\" data-widget_type=\"spacer.default\">\n\t\t\t\t<div class=\"elementor-widget-container\">\n\t\t\t\t\t<div class=\"elementor-spacer\">\n\t\t\t<div class=\"elementor-spacer-inner\"><\/div>\n\t\t<\/div>\n\t\t\t\t<\/div>\n\t\t\t\t<\/div>\n\t\t\t\t\t<\/div>\n\t\t<\/div>\n\t\t\t\t\t\t\t<\/div>\n\t\t<\/section>\n\t\t\t\t\t\t\t<\/div>\n\t\t","protected":false},"excerpt":{"rendered":"<p>Vilniaus technologij\u0173 ir dizaino kolegija \u2013 \u010dia hobis virsta profesija! Vilniaus technologij\u0173 ir dizaino kolegija si\u016blo paslaugas \u0161iose kompetencij\u0173 pripa\u017einimo srityse: patirtinis mokymasis, \u012fgytas darbin\u0117je veikloje;\u00a0 patirtinis mokymasis, \u012fgytas nemokamame ar savanori\u0161kame darbe; patirtinis mokymasis, \u012fgytas laisvalaikio metu;\u00a0 nesertifikuotas mokymasis, \u012fgytas mokantis savaranki\u0161kai;\u00a0 sertifikuotas mokymasis u\u017esienyje (sta\u017euot\u0117s, kursai); sertifikuotas mokymasis darbe. Neformaliojo suaugusi\u0173j\u0173 \u0161vietimo sistemoje&#8230;<\/p>\n","protected":false},"author":1,"featured_media":0,"parent":990518,"menu_order":0,"comment_status":"closed","ping_status":"closed","template":"","meta":{"inline_featured_image":false,"footnotes":""},"class_list":["post-990528","page","type-page","status-publish","hentry"],"yoast_head":"<!-- This site is optimized with the Yoast SEO plugin v19.12 - https:\/\/yoast.com\/wordpress\/plugins\/seo\/ -->\n<title>Kompetencij\u0173 pripa\u017einimas - vtdko<\/title>\n<meta name=\"robots\" content=\"noindex, follow, max-snippet:-1, max-image-preview:large, max-video-preview:-1\" \/>\n<meta property=\"og:locale\" content=\"lt_LT\" \/>\n<meta property=\"og:type\" content=\"article\" \/>\n<meta property=\"og:title\" content=\"Kompetencij\u0173 pripa\u017einimas - vtdko\" \/>\n<meta property=\"og:description\" content=\"Vilniaus technologij\u0173 ir dizaino kolegija \u2013 \u010dia hobis virsta profesija! Vilniaus technologij\u0173 ir dizaino kolegija si\u016blo paslaugas \u0161iose kompetencij\u0173 pripa\u017einimo srityse: patirtinis mokymasis, \u012fgytas darbin\u0117je veikloje;\u00a0 patirtinis mokymasis, \u012fgytas nemokamame ar savanori\u0161kame darbe; patirtinis mokymasis, \u012fgytas laisvalaikio metu;\u00a0 nesertifikuotas mokymasis, \u012fgytas mokantis savaranki\u0161kai;\u00a0 sertifikuotas mokymasis u\u017esienyje (sta\u017euot\u0117s, kursai); sertifikuotas mokymasis darbe. Neformaliojo suaugusi\u0173j\u0173 \u0161vietimo sistemoje...\" \/>\n<meta property=\"og:url\" content=\"https:\/\/wp.adisoft.lt\/vtdko\/visuomenei\/kompetenciju-pripazinimas\/\" \/>\n<meta property=\"og:site_name\" content=\"vtdko\" \/>\n<meta property=\"article:modified_time\" content=\"2022-12-16T19:44:05+00:00\" \/>\n<meta name=\"twitter:card\" content=\"summary_large_image\" \/>\n<meta name=\"twitter:label1\" content=\"Est. reading time\" \/>\n\t<meta name=\"twitter:data1\" content=\"3 minut\u0117s\" \/>\n<script type=\"application\/ld+json\" class=\"yoast-schema-graph\">{\"@context\":\"https:\/\/schema.org\",\"@graph\":[{\"@type\":\"WebPage\",\"@id\":\"https:\/\/wp.adisoft.lt\/vtdko\/visuomenei\/kompetenciju-pripazinimas\/\",\"url\":\"https:\/\/wp.adisoft.lt\/vtdko\/visuomenei\/kompetenciju-pripazinimas\/\",\"name\":\"Kompetencij\u0173 pripa\u017einimas - vtdko\",\"isPartOf\":{\"@id\":\"https:\/\/wp.adisoft.lt\/vtdko\/#website\"},\"datePublished\":\"2022-10-24T10:30:30+00:00\",\"dateModified\":\"2022-12-16T19:44:05+00:00\",\"breadcrumb\":{\"@id\":\"https:\/\/wp.adisoft.lt\/vtdko\/visuomenei\/kompetenciju-pripazinimas\/#breadcrumb\"},\"inLanguage\":\"lt-LT\",\"potentialAction\":[{\"@type\":\"ReadAction\",\"target\":[\"https:\/\/wp.adisoft.lt\/vtdko\/visuomenei\/kompetenciju-pripazinimas\/\"]}]},{\"@type\":\"BreadcrumbList\",\"@id\":\"https:\/\/wp.adisoft.lt\/vtdko\/visuomenei\/kompetenciju-pripazinimas\/#breadcrumb\",\"itemListElement\":[{\"@type\":\"ListItem\",\"position\":1,\"name\":\"Pagrindinis\",\"item\":\"https:\/\/wp.adisoft.lt\/vtdko\/\"},{\"@type\":\"ListItem\",\"position\":2,\"name\":\"Visuomenei\",\"item\":\"https:\/\/wp.adisoft.lt\/vtdko\/visuomenei\/\"},{\"@type\":\"ListItem\",\"position\":3,\"name\":\"Kompetencij\u0173 pripa\u017einimas\"}]},{\"@type\":\"WebSite\",\"@id\":\"https:\/\/wp.adisoft.lt\/vtdko\/#website\",\"url\":\"https:\/\/wp.adisoft.lt\/vtdko\/\",\"name\":\"vtdko\",\"description\":\"Vilniaus technologij\u0173 ir dizaino kolegija\",\"publisher\":{\"@id\":\"https:\/\/wp.adisoft.lt\/vtdko\/#organization\"},\"potentialAction\":[{\"@type\":\"SearchAction\",\"target\":{\"@type\":\"EntryPoint\",\"urlTemplate\":\"https:\/\/wp.adisoft.lt\/vtdko\/?s={search_term_string}\"},\"query-input\":\"required name=search_term_string\"}],\"inLanguage\":\"lt-LT\"},{\"@type\":\"Organization\",\"@id\":\"https:\/\/wp.adisoft.lt\/vtdko\/#organization\",\"name\":\"vtdko\",\"url\":\"https:\/\/wp.adisoft.lt\/vtdko\/\",\"logo\":{\"@type\":\"ImageObject\",\"inLanguage\":\"lt-LT\",\"@id\":\"https:\/\/wp.adisoft.lt\/vtdko\/#\/schema\/logo\/image\/\",\"url\":\"https:\/\/wp.adisoft.lt\/vtdko\/wp-content\/uploads\/2020\/02\/Logo-su-tekstu-01.svg\",\"contentUrl\":\"https:\/\/wp.adisoft.lt\/vtdko\/wp-content\/uploads\/2020\/02\/Logo-su-tekstu-01.svg\",\"width\":151,\"height\":74,\"caption\":\"vtdko\"},\"image\":{\"@id\":\"https:\/\/wp.adisoft.lt\/vtdko\/#\/schema\/logo\/image\/\"}}]}<\/script>\n<!-- \/ Yoast SEO plugin. -->","yoast_head_json":{"title":"Kompetencij\u0173 pripa\u017einimas - vtdko","robots":{"index":"noindex","follow":"follow","max-snippet":"max-snippet:-1","max-image-preview":"max-image-preview:large","max-video-preview":"max-video-preview:-1"},"og_locale":"lt_LT","og_type":"article","og_title":"Kompetencij\u0173 pripa\u017einimas - vtdko","og_description":"Vilniaus technologij\u0173 ir dizaino kolegija \u2013 \u010dia hobis virsta profesija! Vilniaus technologij\u0173 ir dizaino kolegija si\u016blo paslaugas \u0161iose kompetencij\u0173 pripa\u017einimo srityse: patirtinis mokymasis, \u012fgytas darbin\u0117je veikloje;\u00a0 patirtinis mokymasis, \u012fgytas nemokamame ar savanori\u0161kame darbe; patirtinis mokymasis, \u012fgytas laisvalaikio metu;\u00a0 nesertifikuotas mokymasis, \u012fgytas mokantis savaranki\u0161kai;\u00a0 sertifikuotas mokymasis u\u017esienyje (sta\u017euot\u0117s, kursai); sertifikuotas mokymasis darbe. Neformaliojo suaugusi\u0173j\u0173 \u0161vietimo sistemoje...","og_url":"https:\/\/wp.adisoft.lt\/vtdko\/visuomenei\/kompetenciju-pripazinimas\/","og_site_name":"vtdko","article_modified_time":"2022-12-16T19:44:05+00:00","twitter_card":"summary_large_image","twitter_misc":{"Est. reading time":"3 minut\u0117s"},"schema":{"@context":"https:\/\/schema.org","@graph":[{"@type":"WebPage","@id":"https:\/\/wp.adisoft.lt\/vtdko\/visuomenei\/kompetenciju-pripazinimas\/","url":"https:\/\/wp.adisoft.lt\/vtdko\/visuomenei\/kompetenciju-pripazinimas\/","name":"Kompetencij\u0173 pripa\u017einimas - vtdko","isPartOf":{"@id":"https:\/\/wp.adisoft.lt\/vtdko\/#website"},"datePublished":"2022-10-24T10:30:30+00:00","dateModified":"2022-12-16T19:44:05+00:00","breadcrumb":{"@id":"https:\/\/wp.adisoft.lt\/vtdko\/visuomenei\/kompetenciju-pripazinimas\/#breadcrumb"},"inLanguage":"lt-LT","potentialAction":[{"@type":"ReadAction","target":["https:\/\/wp.adisoft.lt\/vtdko\/visuomenei\/kompetenciju-pripazinimas\/"]}]},{"@type":"BreadcrumbList","@id":"https:\/\/wp.adisoft.lt\/vtdko\/visuomenei\/kompetenciju-pripazinimas\/#breadcrumb","itemListElement":[{"@type":"ListItem","position":1,"name":"Pagrindinis","item":"https:\/\/wp.adisoft.lt\/vtdko\/"},{"@type":"ListItem","position":2,"name":"Visuomenei","item":"https:\/\/wp.adisoft.lt\/vtdko\/visuomenei\/"},{"@type":"ListItem","position":3,"name":"Kompetencij\u0173 pripa\u017einimas"}]},{"@type":"WebSite","@id":"https:\/\/wp.adisoft.lt\/vtdko\/#website","url":"https:\/\/wp.adisoft.lt\/vtdko\/","name":"vtdko","description":"Vilniaus technologij\u0173 ir dizaino kolegija","publisher":{"@id":"https:\/\/wp.adisoft.lt\/vtdko\/#organization"},"potentialAction":[{"@type":"SearchAction","target":{"@type":"EntryPoint","urlTemplate":"https:\/\/wp.adisoft.lt\/vtdko\/?s={search_term_string}"},"query-input":"required name=search_term_string"}],"inLanguage":"lt-LT"},{"@type":"Organization","@id":"https:\/\/wp.adisoft.lt\/vtdko\/#organization","name":"vtdko","url":"https:\/\/wp.adisoft.lt\/vtdko\/","logo":{"@type":"ImageObject","inLanguage":"lt-LT","@id":"https:\/\/wp.adisoft.lt\/vtdko\/#\/schema\/logo\/image\/","url":"https:\/\/wp.adisoft.lt\/vtdko\/wp-content\/uploads\/2020\/02\/Logo-su-tekstu-01.svg","contentUrl":"https:\/\/wp.adisoft.lt\/vtdko\/wp-content\/uploads\/2020\/02\/Logo-su-tekstu-01.svg","width":151,"height":74,"caption":"vtdko"},"image":{"@id":"https:\/\/wp.adisoft.lt\/vtdko\/#\/schema\/logo\/image\/"}}]}},"_links":{"self":[{"href":"https:\/\/wp.adisoft.lt\/vtdko\/wp-json\/wp\/v2\/pages\/990528","targetHints":{"allow":["GET"]}}],"collection":[{"href":"https:\/\/wp.adisoft.lt\/vtdko\/wp-json\/wp\/v2\/pages"}],"about":[{"href":"https:\/\/wp.adisoft.lt\/vtdko\/wp-json\/wp\/v2\/types\/page"}],"author":[{"embeddable":true,"href":"https:\/\/wp.adisoft.lt\/vtdko\/wp-json\/wp\/v2\/users\/1"}],"replies":[{"embeddable":true,"href":"https:\/\/wp.adisoft.lt\/vtdko\/wp-json\/wp\/v2\/comments?post=990528"}],"version-history":[{"count":14,"href":"https:\/\/wp.adisoft.lt\/vtdko\/wp-json\/wp\/v2\/pages\/990528\/revisions"}],"predecessor-version":[{"id":999716,"href":"https:\/\/wp.adisoft.lt\/vtdko\/wp-json\/wp\/v2\/pages\/990528\/revisions\/999716"}],"up":[{"embeddable":true,"href":"https:\/\/wp.adisoft.lt\/vtdko\/wp-json\/wp\/v2\/pages\/990518"}],"wp:attachment":[{"href":"https:\/\/wp.adisoft.lt\/vtdko\/wp-json\/wp\/v2\/media?parent=990528"}],"curies":[{"name":"wp","href":"https:\/\/api.w.org\/{rel}","templated":true}]}}