{"id":990553,"date":"2022-10-24T13:42:15","date_gmt":"2022-10-24T10:42:15","guid":{"rendered":"https:\/\/wp.adisoft.lt\/vtdko\/?page_id=990553"},"modified":"2022-12-16T22:38:28","modified_gmt":"2022-12-16T19:38:28","slug":"absolventams","status":"publish","type":"page","link":"https:\/\/wp.adisoft.lt\/vtdko\/visuomenei\/karjeros-centras\/absolventams\/","title":{"rendered":"Karjeros centras absolventams"},"content":{"rendered":"\t\t<div data-elementor-type=\"wp-page\" data-elementor-id=\"990553\" class=\"elementor elementor-990553\">\n\t\t\t\t\t\t\t\t\t<section class=\"elementor-section elementor-top-section elementor-element elementor-element-e6d3cbd elementor-section-height-min-height elementor-section-boxed elementor-section-height-default elementor-section-items-middle\" data-id=\"e6d3cbd\" data-element_type=\"section\" data-settings=\"{&quot;background_background&quot;:&quot;classic&quot;,&quot;animation&quot;:&quot;none&quot;}\">\n\t\t\t\t\t\t<div class=\"elementor-container elementor-column-gap-default\">\n\t\t\t\t\t<div class=\"elementor-column elementor-col-100 elementor-top-column elementor-element elementor-element-524a3d9\" data-id=\"524a3d9\" data-element_type=\"column\" data-settings=\"{&quot;background_background&quot;:&quot;classic&quot;}\">\n\t\t\t<div class=\"elementor-widget-wrap\">\n\t\t\t\t\t\t\t\t\t<\/div>\n\t\t<\/div>\n\t\t\t\t\t\t\t<\/div>\n\t\t<\/section>\n\t\t\t\t<section class=\"elementor-section elementor-top-section elementor-element elementor-element-560dc60 elementor-section-boxed elementor-section-height-default elementor-section-height-default\" data-id=\"560dc60\" data-element_type=\"section\" data-settings=\"{&quot;animation&quot;:&quot;none&quot;,&quot;animation_tablet&quot;:&quot;none&quot;,&quot;animation_mobile&quot;:&quot;none&quot;}\">\n\t\t\t\t\t\t<div class=\"elementor-container elementor-column-gap-no\">\n\t\t\t\t\t<div class=\"elementor-column elementor-col-50 elementor-top-column elementor-element elementor-element-203544e animated-fast elementor-invisible\" data-id=\"203544e\" data-element_type=\"column\" data-settings=\"{&quot;background_background&quot;:&quot;classic&quot;,&quot;animation&quot;:&quot;fadeIn&quot;,&quot;animation_delay&quot;:100}\">\n\t\t\t<div class=\"elementor-widget-wrap elementor-element-populated\">\n\t\t\t\t\t\t\t\t<div class=\"elementor-element elementor-element-1b64529 elementor-widget elementor-widget-text-editor\" data-id=\"1b64529\" data-element_type=\"widget\" data-settings=\"{&quot;_animation&quot;:&quot;none&quot;,&quot;_animation_delay&quot;:300}\" data-widget_type=\"text-editor.default\">\n\t\t\t\t<div class=\"elementor-widget-container\">\n\t\t\t\t\t\t\t<p>Vilniaus technologij\u0173 ir dizaino kolegija \u2013 \u010dia hobis virsta profesija!<\/p>\t\t\t\t\t\t<\/div>\n\t\t\t\t<\/div>\n\t\t\t\t\t<\/div>\n\t\t<\/div>\n\t\t\t\t<div class=\"elementor-column elementor-col-50 elementor-top-column elementor-element elementor-element-c08b495 elementor-hidden-desktop elementor-hidden-tablet elementor-hidden-phone\" data-id=\"c08b495\" data-element_type=\"column\">\n\t\t\t<div class=\"elementor-widget-wrap\">\n\t\t\t\t\t\t\t\t\t<\/div>\n\t\t<\/div>\n\t\t\t\t\t\t\t<\/div>\n\t\t<\/section>\n\t\t\t\t<section class=\"elementor-section elementor-top-section elementor-element elementor-element-8f37da3 elementor-section-boxed elementor-section-height-default elementor-section-height-default\" data-id=\"8f37da3\" data-element_type=\"section\">\n\t\t\t\t\t\t<div class=\"elementor-container elementor-column-gap-default\">\n\t\t\t\t\t<div class=\"elementor-column elementor-col-100 elementor-top-column elementor-element elementor-element-076b17f\" data-id=\"076b17f\" data-element_type=\"column\">\n\t\t\t<div class=\"elementor-widget-wrap elementor-element-populated\">\n\t\t\t\t\t\t\t\t<div class=\"elementor-element elementor-element-77f407c elementor-widget elementor-widget-spacer\" data-id=\"77f407c\" data-element_type=\"widget\" data-widget_type=\"spacer.default\">\n\t\t\t\t<div class=\"elementor-widget-container\">\n\t\t\t\t\t<div class=\"elementor-spacer\">\n\t\t\t<div class=\"elementor-spacer-inner\"><\/div>\n\t\t<\/div>\n\t\t\t\t<\/div>\n\t\t\t\t<\/div>\n\t\t\t\t<div class=\"elementor-element elementor-element-b5ff5f2 elementor-widget elementor-widget-text-editor\" data-id=\"b5ff5f2\" data-element_type=\"widget\" data-widget_type=\"text-editor.default\">\n\t\t\t\t<div class=\"elementor-widget-container\">\n\t\t\t\t\t\t\t<p>Mintis suburti draug\u0117n buvusius bendramokslius ir bi\u010diulius kolegijoje buvo brandinama seniai. Juk buv\u0119 kolegijos studentai, gerai pa\u017e\u012fstantys savos auk\u0161tosios mokyklos gyvenim\u0105, o dabar jau \u012fgij\u0119 praktinio darbo patirties ir nema\u017eai pasiek\u0119 profesin\u0117je karjeroje \u2013 puik\u016bs patar\u0117jai ir pagalbininkai dabartiniams kolegijos studentams bei visai kolegijos bendruomenei. Absolvent\u0173 klube jie gali ne tik susitikti su seniai nematytais draugais, pasidalinti savo d\u017eiaugsmais ir r\u016bpes\u010diais, bet ir aktyviai dalyvauti kolegijos gyvenime, \u012fsijungti \u012f studij\u0173 organizavimo proces\u0105, dalintis savo patirtimi su studentais, steigti stipendijas, si\u016blyti praktikos savo organizacijose bei \u012fmon\u0117se galimybes ir pan. Daugelis absolvent\u0173 mielai link\u0119 atnaujinti ry\u0161ius su kolegijos bendruomene bei \u012fsilieti \u012f kolegijos gyvenim\u0105.\u00a0<\/p><p>Tod\u0117l 2006 m. kolegijoje nuspr\u0119sta \u012fsteigti Absolvent\u0173 klub\u0105, pad\u0117siant\u012f buvusiems kolegijos studentams susirasti vieniems kitus, palaikyti tarpusavio ry\u0161ius, keistis aktualia informacija. Nutarta, kad kolegija, bendradarbiaudama su Absolvent\u0173 klubu, informuos kolegijos absolventus ir kolegijos partnerius apie svarbiausius kolegijos \u012fvykius, aktualijas, skatins prisid\u0117ti prie kolegijos puosel\u0117jimo, jubiliej\u0173 proga buvusius studentus pakvies \u012f \u0161ventinius renginius. Savo ruo\u017etu, Absolvent\u0173 klubo nariai su kolegijos bendruomene ir studentais gal\u0117s pasidalinti akademine, profesine ar asmenine patirtimi.<\/p><p>2007 m. gruod\u017eio 18 d. \u012fvyko pirmas Absolvent\u0173 klubo iniciatyvin\u0117s grup\u0117s susitikimas. \u012e j\u012f atvyko gausus kolegijos absolvent\u0173 b\u016brys, kurie i\u0161rei\u0161k\u0117 savo nor\u0105 dalyvauti klubo veikloje. Kaip ir buvo tik\u0117tasi, pirmo susirinkimo metu absolventai ne tik susitiko su seniai matytais savo studij\u0173 draugais, prisimin\u0117 studij\u0173 laikus, bet ir iniciatyviai svarst\u0117, kod\u0117l verta burtis \u012f klub\u0105, koks gal\u0117t\u0173 b\u016bti absolvent\u0173 ind\u0117lis \u012f kolegijos akademin\u0117s bendruomen\u0117s gyvenim\u0105, aptar\u0117 galimas klubo veiklas.<\/p><p>Kiekvienais metais stengiamasi palaikyti kolegijos Absolvent\u0173 klubo veikl\u0105, si\u016blyti nauj\u0173 iniciatyv\u0173 ir suburti kuo daugiau klubo nari\u0173. Nuolat svarstomos naujos veiklos galimyb\u0117s.\u00a0<\/p><p>Maloniai kvie\u010diame visus kolegijos absolventus prisijungti prie kolegijos Absolvent\u0173 klubo.<\/p><p><strong>Kvie\u010diame jungtis prie Absolvent\u0173 grup\u0117s\u00a0<a href=\"http:\/\/www.facebook.com\/groups\/Absolventai\/\" target=\"_blank\" rel=\"noopener\">Facebook paskyros<\/a>!<\/strong><\/p><p>Taip pat, kad lengviau Jus pasiektume, kvie\u010diame\u00a0<strong>REGISTRUOTIS IR \u010cIA<\/strong>:<\/p><p>Duomen\u0173 valdytojas \u2013 Vilniaus technologij\u0173 ir dizaino kolegija (toliau \u2013 Kolegija), buvein\u0117s adresas \u2013 Antakalnio g. 54, 10303 Vilnius, juridinio asmens kodas \u2013 111967673, direktorius \u2013 dr. Rolandas Vitk\u016bnas. Kolegijos duomen\u0173 apsaugos pareig\u016bno kontaktai \u2013 el. pa\u0161tas\u00a0<a href=\"mailto:dap@vtdko.lt\">dap@vtdko.lt<\/a>, adresas Antakalnio g. 54, 10303 Vilnius. Registracijos metu J\u016bs\u0173 pateikti duomenys bus tvarkomi konferencij\u0173, kit\u0173 rengini\u0173 organizavimo bei vykdymo ir veikl\u0173 susijusi\u0173 su projekt\u0173 vykdymu, \u012fgyvendinimo; absolvent\u0173 karjeros steb\u0117senos; komunikacijos tikslais. Duomen\u0173 tvarkymo teis\u0117tumas &#8211; J\u016bs\u0173, kaip duomen\u0173 subjekto sutikimas, kur\u012f i\u0161rei\u0161kiate registruodamiesi. J\u016bs\u0173 pateikti duomenys bus saugomi 5 metus, o po to, i\u0161trinami. Tre\u010diosioms valstyb\u0117ms ar tarptautin\u0117ms organizacijoms J\u016bs\u0173 pateikti asmens duomenys nebus perduodami. Detalesn\u0117 informacija apie asmens duomen\u0173 tvarkym\u0105 Kolegijoje bei duomen\u0173 subjekto teisi\u0173 \u012fgyvendinim\u0105 pateikiama Kolegijos interneto svetain\u0117je:\u00a0<a href=\"https:\/\/wp.adisoft.lt\/vtdko\/privatumo-politika\/\" target=\"_blank\" rel=\"noopener\">https:\/\/vtdko.lt\/privatumo-politika\u00a0<\/a>.<\/p>\t\t\t\t\t\t<\/div>\n\t\t\t\t<\/div>\n\t\t\t\t<div class=\"elementor-element elementor-element-4975786 elementor-button-align-start elementor-widget elementor-widget-form\" data-id=\"4975786\" data-element_type=\"widget\" data-settings=\"{&quot;step_next_label&quot;:&quot;Next&quot;,&quot;step_previous_label&quot;:&quot;Previous&quot;,&quot;button_width&quot;:&quot;100&quot;,&quot;step_type&quot;:&quot;number_text&quot;,&quot;step_icon_shape&quot;:&quot;circle&quot;}\" data-widget_type=\"form.default\">\n\t\t\t\t<div class=\"elementor-widget-container\">\n\t\t\t\t\t<form class=\"elementor-form\" method=\"post\" name=\"Absolvent\u0173 forma\">\n\t\t\t<input type=\"hidden\" name=\"post_id\" value=\"990553\"\/>\n\t\t\t<input type=\"hidden\" name=\"form_id\" value=\"4975786\"\/>\n\t\t\t<input type=\"hidden\" name=\"referer_title\" value=\"vtdko\" \/>\n\n\t\t\t\n\t\t\t<div class=\"elementor-form-fields-wrapper elementor-labels-above\">\n\t\t\t\t\t\t\t\t<div class=\"elementor-field-type-text elementor-field-group elementor-column elementor-field-group-name elementor-col-50 elementor-field-required elementor-mark-required\">\n\t\t\t\t\t\t\t\t\t\t\t\t<label for=\"form-field-name\" class=\"elementor-field-label\">\n\t\t\t\t\t\t\t\tVardas\t\t\t\t\t\t\t<\/label>\n\t\t\t\t\t\t\t\t\t\t\t\t\t\t<input size=\"1\" type=\"text\" name=\"form_fields[name]\" id=\"form-field-name\" class=\"elementor-field elementor-size-sm  elementor-field-textual\" placeholder=\"Vardas\" required=\"required\" aria-required=\"true\">\n\t\t\t\t\t\t\t\t\t\t\t<\/div>\n\t\t\t\t\t\t\t\t<div class=\"elementor-field-type-text elementor-field-group elementor-column elementor-field-group-field_719fb31 elementor-col-50 elementor-field-required elementor-mark-required\">\n\t\t\t\t\t\t\t\t\t\t\t\t<label for=\"form-field-field_719fb31\" class=\"elementor-field-label\">\n\t\t\t\t\t\t\t\tPavard\u0117\t\t\t\t\t\t\t<\/label>\n\t\t\t\t\t\t\t\t\t\t\t\t\t\t<input size=\"1\" type=\"text\" name=\"form_fields[field_719fb31]\" id=\"form-field-field_719fb31\" class=\"elementor-field elementor-size-sm  elementor-field-textual\" placeholder=\"Pavard\u0117\" required=\"required\" aria-required=\"true\">\n\t\t\t\t\t\t\t\t\t\t\t<\/div>\n\t\t\t\t\t\t\t\t<div class=\"elementor-field-type-email elementor-field-group elementor-column elementor-field-group-email elementor-col-100 elementor-field-required elementor-mark-required\">\n\t\t\t\t\t\t\t\t\t\t\t\t<label for=\"form-field-email\" class=\"elementor-field-label\">\n\t\t\t\t\t\t\t\tEl. pa\u0161tas\t\t\t\t\t\t\t<\/label>\n\t\t\t\t\t\t\t\t\t\t\t\t\t\t<input size=\"1\" type=\"email\" name=\"form_fields[email]\" id=\"form-field-email\" class=\"elementor-field elementor-size-sm  elementor-field-textual\" placeholder=\"El. pa\u0161tas\" required=\"required\" aria-required=\"true\">\n\t\t\t\t\t\t\t\t\t\t\t<\/div>\n\t\t\t\t\t\t\t\t<div class=\"elementor-field-type-text elementor-field-group elementor-column elementor-field-group-field_5a0d4e7 elementor-col-50 elementor-field-required elementor-mark-required\">\n\t\t\t\t\t\t\t\t\t\t\t\t<label for=\"form-field-field_5a0d4e7\" class=\"elementor-field-label\">\n\t\t\t\t\t\t\t\tStudij\u0173 programa\t\t\t\t\t\t\t<\/label>\n\t\t\t\t\t\t\t\t\t\t\t\t\t\t<input size=\"1\" type=\"text\" name=\"form_fields[field_5a0d4e7]\" id=\"form-field-field_5a0d4e7\" class=\"elementor-field elementor-size-sm  elementor-field-textual\" placeholder=\"Studij\u0173 programa\" required=\"required\" aria-required=\"true\">\n\t\t\t\t\t\t\t\t\t\t\t<\/div>\n\t\t\t\t\t\t\t\t<div class=\"elementor-field-type-text elementor-field-group elementor-column elementor-field-group-field_2abaa80 elementor-col-50 elementor-field-required elementor-mark-required\">\n\t\t\t\t\t\t\t\t\t\t\t\t<label for=\"form-field-field_2abaa80\" class=\"elementor-field-label\">\n\t\t\t\t\t\t\t\tBaigimo metai\t\t\t\t\t\t\t<\/label>\n\t\t\t\t\t\t\t\t\t\t\t\t\t\t<input size=\"1\" type=\"text\" name=\"form_fields[field_2abaa80]\" id=\"form-field-field_2abaa80\" class=\"elementor-field elementor-size-sm  elementor-field-textual\" placeholder=\"Baigimo metai\" required=\"required\" aria-required=\"true\">\n\t\t\t\t\t\t\t\t\t\t\t<\/div>\n\t\t\t\t\t\t\t\t<div class=\"elementor-field-type-text elementor-field-group elementor-column elementor-field-group-message elementor-col-100\">\n\t\t\t\t\t\t\t\t\t\t\t\t<label for=\"form-field-message\" class=\"elementor-field-label\">\n\t\t\t\t\t\t\t\tDarboviet\u0117\t\t\t\t\t\t\t<\/label>\n\t\t\t\t\t\t\t\t\t\t\t\t\t\t<input size=\"1\" type=\"text\" name=\"form_fields[message]\" id=\"form-field-message\" class=\"elementor-field elementor-size-sm  elementor-field-textual\" placeholder=\"Darboviet\u0117\">\n\t\t\t\t\t\t\t\t\t\t\t<\/div>\n\t\t\t\t\t\t\t\t<div class=\"elementor-field-group elementor-column elementor-field-type-submit elementor-col-100 e-form__buttons\">\n\t\t\t\t\t<button type=\"submit\" class=\"elementor-button elementor-size-sm\">\n\t\t\t\t\t\t<span >\n\t\t\t\t\t\t\t\t\t\t\t\t\t\t\t<span class=\" elementor-button-icon\">\n\t\t\t\t\t\t\t\t\t\t\t\t\t\t\t\t\t\t\t\t\t\t\t\t\t\t<\/span>\n\t\t\t\t\t\t\t\t\t\t\t\t\t\t\t\t\t\t\t\t\t\t<span class=\"elementor-button-text\">Registruotis<\/span>\n\t\t\t\t\t\t\t\t\t\t\t\t\t<\/span>\n\t\t\t\t\t<\/button>\n\t\t\t\t<\/div>\n\t\t\t<\/div>\n\t\t<\/form>\n\t\t\t\t<\/div>\n\t\t\t\t<\/div>\n\t\t\t\t\t<\/div>\n\t\t<\/div>\n\t\t\t\t\t\t\t<\/div>\n\t\t<\/section>\n\t\t\t\t<section class=\"elementor-section elementor-top-section elementor-element elementor-element-1ebccef elementor-section-boxed elementor-section-height-default elementor-section-height-default\" data-id=\"1ebccef\" data-element_type=\"section\">\n\t\t\t\t\t\t<div class=\"elementor-container elementor-column-gap-default\">\n\t\t\t\t\t<div class=\"elementor-column elementor-col-100 elementor-top-column elementor-element elementor-element-177b759\" data-id=\"177b759\" data-element_type=\"column\">\n\t\t\t<div class=\"elementor-widget-wrap elementor-element-populated\">\n\t\t\t\t\t\t\t\t<div class=\"elementor-element elementor-element-124ec24 elementor-widget elementor-widget-spacer\" data-id=\"124ec24\" data-element_type=\"widget\" data-widget_type=\"spacer.default\">\n\t\t\t\t<div class=\"elementor-widget-container\">\n\t\t\t\t\t<div class=\"elementor-spacer\">\n\t\t\t<div class=\"elementor-spacer-inner\"><\/div>\n\t\t<\/div>\n\t\t\t\t<\/div>\n\t\t\t\t<\/div>\n\t\t\t\t\t<\/div>\n\t\t<\/div>\n\t\t\t\t\t\t\t<\/div>\n\t\t<\/section>\n\t\t\t\t\t\t\t<\/div>\n\t\t","protected":false},"excerpt":{"rendered":"<p>Vilniaus technologij\u0173 ir dizaino kolegija \u2013 \u010dia hobis virsta profesija! Mintis suburti draug\u0117n buvusius bendramokslius ir bi\u010diulius kolegijoje buvo brandinama seniai. Juk buv\u0119 kolegijos studentai, gerai pa\u017e\u012fstantys savos auk\u0161tosios mokyklos gyvenim\u0105, o dabar jau \u012fgij\u0119 praktinio darbo patirties ir nema\u017eai pasiek\u0119 profesin\u0117je karjeroje \u2013 puik\u016bs patar\u0117jai ir pagalbininkai dabartiniams kolegijos studentams bei visai kolegijos bendruomenei&#8230;.<\/p>\n","protected":false},"author":1,"featured_media":0,"parent":990545,"menu_order":0,"comment_status":"closed","ping_status":"closed","template":"","meta":{"inline_featured_image":false,"footnotes":""},"class_list":["post-990553","page","type-page","status-publish","hentry"],"yoast_head":"<!-- This site is optimized with the Yoast SEO plugin v19.12 - https:\/\/yoast.com\/wordpress\/plugins\/seo\/ -->\n<title>Karjeros centras absolventams - vtdko<\/title>\n<meta name=\"robots\" content=\"noindex, follow, max-snippet:-1, max-image-preview:large, max-video-preview:-1\" \/>\n<meta property=\"og:locale\" content=\"lt_LT\" \/>\n<meta property=\"og:type\" content=\"article\" \/>\n<meta property=\"og:title\" content=\"Karjeros centras absolventams - vtdko\" \/>\n<meta property=\"og:description\" content=\"Vilniaus technologij\u0173 ir dizaino kolegija \u2013 \u010dia hobis virsta profesija! Mintis suburti draug\u0117n buvusius bendramokslius ir bi\u010diulius kolegijoje buvo brandinama seniai. Juk buv\u0119 kolegijos studentai, gerai pa\u017e\u012fstantys savos auk\u0161tosios mokyklos gyvenim\u0105, o dabar jau \u012fgij\u0119 praktinio darbo patirties ir nema\u017eai pasiek\u0119 profesin\u0117je karjeroje \u2013 puik\u016bs patar\u0117jai ir pagalbininkai dabartiniams kolegijos studentams bei visai kolegijos bendruomenei....\" \/>\n<meta property=\"og:url\" content=\"https:\/\/wp.adisoft.lt\/vtdko\/visuomenei\/karjeros-centras\/absolventams\/\" \/>\n<meta property=\"og:site_name\" content=\"vtdko\" \/>\n<meta property=\"article:modified_time\" content=\"2022-12-16T19:38:28+00:00\" \/>\n<meta name=\"twitter:card\" content=\"summary_large_image\" \/>\n<meta name=\"twitter:label1\" content=\"Est. reading time\" \/>\n\t<meta name=\"twitter:data1\" content=\"2 minut\u0117s\" \/>\n<script type=\"application\/ld+json\" class=\"yoast-schema-graph\">{\"@context\":\"https:\/\/schema.org\",\"@graph\":[{\"@type\":\"WebPage\",\"@id\":\"https:\/\/wp.adisoft.lt\/vtdko\/visuomenei\/karjeros-centras\/absolventams\/\",\"url\":\"https:\/\/wp.adisoft.lt\/vtdko\/visuomenei\/karjeros-centras\/absolventams\/\",\"name\":\"Karjeros centras absolventams - vtdko\",\"isPartOf\":{\"@id\":\"https:\/\/wp.adisoft.lt\/vtdko\/#website\"},\"datePublished\":\"2022-10-24T10:42:15+00:00\",\"dateModified\":\"2022-12-16T19:38:28+00:00\",\"breadcrumb\":{\"@id\":\"https:\/\/wp.adisoft.lt\/vtdko\/visuomenei\/karjeros-centras\/absolventams\/#breadcrumb\"},\"inLanguage\":\"lt-LT\",\"potentialAction\":[{\"@type\":\"ReadAction\",\"target\":[\"https:\/\/wp.adisoft.lt\/vtdko\/visuomenei\/karjeros-centras\/absolventams\/\"]}]},{\"@type\":\"BreadcrumbList\",\"@id\":\"https:\/\/wp.adisoft.lt\/vtdko\/visuomenei\/karjeros-centras\/absolventams\/#breadcrumb\",\"itemListElement\":[{\"@type\":\"ListItem\",\"position\":1,\"name\":\"Pagrindinis\",\"item\":\"https:\/\/wp.adisoft.lt\/vtdko\/\"},{\"@type\":\"ListItem\",\"position\":2,\"name\":\"Visuomenei\",\"item\":\"https:\/\/wp.adisoft.lt\/vtdko\/visuomenei\/\"},{\"@type\":\"ListItem\",\"position\":3,\"name\":\"Karjeros centras\",\"item\":\"https:\/\/wp.adisoft.lt\/vtdko\/visuomenei\/karjeros-centras\/\"},{\"@type\":\"ListItem\",\"position\":4,\"name\":\"Karjeros centras absolventams\"}]},{\"@type\":\"WebSite\",\"@id\":\"https:\/\/wp.adisoft.lt\/vtdko\/#website\",\"url\":\"https:\/\/wp.adisoft.lt\/vtdko\/\",\"name\":\"vtdko\",\"description\":\"Vilniaus technologij\u0173 ir dizaino kolegija\",\"publisher\":{\"@id\":\"https:\/\/wp.adisoft.lt\/vtdko\/#organization\"},\"potentialAction\":[{\"@type\":\"SearchAction\",\"target\":{\"@type\":\"EntryPoint\",\"urlTemplate\":\"https:\/\/wp.adisoft.lt\/vtdko\/?s={search_term_string}\"},\"query-input\":\"required name=search_term_string\"}],\"inLanguage\":\"lt-LT\"},{\"@type\":\"Organization\",\"@id\":\"https:\/\/wp.adisoft.lt\/vtdko\/#organization\",\"name\":\"vtdko\",\"url\":\"https:\/\/wp.adisoft.lt\/vtdko\/\",\"logo\":{\"@type\":\"ImageObject\",\"inLanguage\":\"lt-LT\",\"@id\":\"https:\/\/wp.adisoft.lt\/vtdko\/#\/schema\/logo\/image\/\",\"url\":\"https:\/\/wp.adisoft.lt\/vtdko\/wp-content\/uploads\/2020\/02\/Logo-su-tekstu-01.svg\",\"contentUrl\":\"https:\/\/wp.adisoft.lt\/vtdko\/wp-content\/uploads\/2020\/02\/Logo-su-tekstu-01.svg\",\"width\":151,\"height\":74,\"caption\":\"vtdko\"},\"image\":{\"@id\":\"https:\/\/wp.adisoft.lt\/vtdko\/#\/schema\/logo\/image\/\"}}]}<\/script>\n<!-- \/ Yoast SEO plugin. -->","yoast_head_json":{"title":"Karjeros centras absolventams - vtdko","robots":{"index":"noindex","follow":"follow","max-snippet":"max-snippet:-1","max-image-preview":"max-image-preview:large","max-video-preview":"max-video-preview:-1"},"og_locale":"lt_LT","og_type":"article","og_title":"Karjeros centras absolventams - vtdko","og_description":"Vilniaus technologij\u0173 ir dizaino kolegija \u2013 \u010dia hobis virsta profesija! Mintis suburti draug\u0117n buvusius bendramokslius ir bi\u010diulius kolegijoje buvo brandinama seniai. Juk buv\u0119 kolegijos studentai, gerai pa\u017e\u012fstantys savos auk\u0161tosios mokyklos gyvenim\u0105, o dabar jau \u012fgij\u0119 praktinio darbo patirties ir nema\u017eai pasiek\u0119 profesin\u0117je karjeroje \u2013 puik\u016bs patar\u0117jai ir pagalbininkai dabartiniams kolegijos studentams bei visai kolegijos bendruomenei....","og_url":"https:\/\/wp.adisoft.lt\/vtdko\/visuomenei\/karjeros-centras\/absolventams\/","og_site_name":"vtdko","article_modified_time":"2022-12-16T19:38:28+00:00","twitter_card":"summary_large_image","twitter_misc":{"Est. reading time":"2 minut\u0117s"},"schema":{"@context":"https:\/\/schema.org","@graph":[{"@type":"WebPage","@id":"https:\/\/wp.adisoft.lt\/vtdko\/visuomenei\/karjeros-centras\/absolventams\/","url":"https:\/\/wp.adisoft.lt\/vtdko\/visuomenei\/karjeros-centras\/absolventams\/","name":"Karjeros centras absolventams - vtdko","isPartOf":{"@id":"https:\/\/wp.adisoft.lt\/vtdko\/#website"},"datePublished":"2022-10-24T10:42:15+00:00","dateModified":"2022-12-16T19:38:28+00:00","breadcrumb":{"@id":"https:\/\/wp.adisoft.lt\/vtdko\/visuomenei\/karjeros-centras\/absolventams\/#breadcrumb"},"inLanguage":"lt-LT","potentialAction":[{"@type":"ReadAction","target":["https:\/\/wp.adisoft.lt\/vtdko\/visuomenei\/karjeros-centras\/absolventams\/"]}]},{"@type":"BreadcrumbList","@id":"https:\/\/wp.adisoft.lt\/vtdko\/visuomenei\/karjeros-centras\/absolventams\/#breadcrumb","itemListElement":[{"@type":"ListItem","position":1,"name":"Pagrindinis","item":"https:\/\/wp.adisoft.lt\/vtdko\/"},{"@type":"ListItem","position":2,"name":"Visuomenei","item":"https:\/\/wp.adisoft.lt\/vtdko\/visuomenei\/"},{"@type":"ListItem","position":3,"name":"Karjeros centras","item":"https:\/\/wp.adisoft.lt\/vtdko\/visuomenei\/karjeros-centras\/"},{"@type":"ListItem","position":4,"name":"Karjeros centras absolventams"}]},{"@type":"WebSite","@id":"https:\/\/wp.adisoft.lt\/vtdko\/#website","url":"https:\/\/wp.adisoft.lt\/vtdko\/","name":"vtdko","description":"Vilniaus technologij\u0173 ir dizaino kolegija","publisher":{"@id":"https:\/\/wp.adisoft.lt\/vtdko\/#organization"},"potentialAction":[{"@type":"SearchAction","target":{"@type":"EntryPoint","urlTemplate":"https:\/\/wp.adisoft.lt\/vtdko\/?s={search_term_string}"},"query-input":"required name=search_term_string"}],"inLanguage":"lt-LT"},{"@type":"Organization","@id":"https:\/\/wp.adisoft.lt\/vtdko\/#organization","name":"vtdko","url":"https:\/\/wp.adisoft.lt\/vtdko\/","logo":{"@type":"ImageObject","inLanguage":"lt-LT","@id":"https:\/\/wp.adisoft.lt\/vtdko\/#\/schema\/logo\/image\/","url":"https:\/\/wp.adisoft.lt\/vtdko\/wp-content\/uploads\/2020\/02\/Logo-su-tekstu-01.svg","contentUrl":"https:\/\/wp.adisoft.lt\/vtdko\/wp-content\/uploads\/2020\/02\/Logo-su-tekstu-01.svg","width":151,"height":74,"caption":"vtdko"},"image":{"@id":"https:\/\/wp.adisoft.lt\/vtdko\/#\/schema\/logo\/image\/"}}]}},"_links":{"self":[{"href":"https:\/\/wp.adisoft.lt\/vtdko\/wp-json\/wp\/v2\/pages\/990553","targetHints":{"allow":["GET"]}}],"collection":[{"href":"https:\/\/wp.adisoft.lt\/vtdko\/wp-json\/wp\/v2\/pages"}],"about":[{"href":"https:\/\/wp.adisoft.lt\/vtdko\/wp-json\/wp\/v2\/types\/page"}],"author":[{"embeddable":true,"href":"https:\/\/wp.adisoft.lt\/vtdko\/wp-json\/wp\/v2\/users\/1"}],"replies":[{"embeddable":true,"href":"https:\/\/wp.adisoft.lt\/vtdko\/wp-json\/wp\/v2\/comments?post=990553"}],"version-history":[{"count":16,"href":"https:\/\/wp.adisoft.lt\/vtdko\/wp-json\/wp\/v2\/pages\/990553\/revisions"}],"predecessor-version":[{"id":993374,"href":"https:\/\/wp.adisoft.lt\/vtdko\/wp-json\/wp\/v2\/pages\/990553\/revisions\/993374"}],"up":[{"embeddable":true,"href":"https:\/\/wp.adisoft.lt\/vtdko\/wp-json\/wp\/v2\/pages\/990545"}],"wp:attachment":[{"href":"https:\/\/wp.adisoft.lt\/vtdko\/wp-json\/wp\/v2\/media?parent=990553"}],"curies":[{"name":"wp","href":"https:\/\/api.w.org\/{rel}","templated":true}]}}