{"id":990616,"date":"2022-10-24T14:32:01","date_gmt":"2022-10-24T11:32:01","guid":{"rendered":"https:\/\/wp.adisoft.lt\/vtdko\/?page_id=990616"},"modified":"2022-12-16T22:17:12","modified_gmt":"2022-12-16T19:17:12","slug":"apie-technikos-fakulteta","status":"publish","type":"page","link":"https:\/\/wp.adisoft.lt\/vtdko\/technikos-fakultetas\/apie-technikos-fakulteta\/","title":{"rendered":"Apie Technikos fakultet\u0105"},"content":{"rendered":"\t\t<div data-elementor-type=\"wp-page\" data-elementor-id=\"990616\" class=\"elementor elementor-990616\">\n\t\t\t\t\t\t\t\t\t<section class=\"elementor-section elementor-top-section elementor-element elementor-element-c0ea413 elementor-section-height-min-height elementor-section-boxed elementor-section-height-default elementor-section-items-middle\" data-id=\"c0ea413\" data-element_type=\"section\" data-settings=\"{&quot;background_background&quot;:&quot;classic&quot;,&quot;animation&quot;:&quot;none&quot;}\">\n\t\t\t\t\t\t<div class=\"elementor-container elementor-column-gap-default\">\n\t\t\t\t\t<div class=\"elementor-column elementor-col-100 elementor-top-column elementor-element elementor-element-ca80390\" data-id=\"ca80390\" data-element_type=\"column\" data-settings=\"{&quot;background_background&quot;:&quot;classic&quot;}\">\n\t\t\t<div class=\"elementor-widget-wrap\">\n\t\t\t\t\t\t\t\t\t<\/div>\n\t\t<\/div>\n\t\t\t\t\t\t\t<\/div>\n\t\t<\/section>\n\t\t\t\t<section class=\"elementor-section elementor-top-section elementor-element elementor-element-2ed8c69 elementor-section-boxed elementor-section-height-default elementor-section-height-default\" data-id=\"2ed8c69\" data-element_type=\"section\" data-settings=\"{&quot;animation&quot;:&quot;none&quot;,&quot;animation_tablet&quot;:&quot;none&quot;,&quot;animation_mobile&quot;:&quot;none&quot;}\">\n\t\t\t\t\t\t<div class=\"elementor-container elementor-column-gap-no\">\n\t\t\t\t\t<div class=\"elementor-column elementor-col-50 elementor-top-column elementor-element elementor-element-1456ef2 animated-fast elementor-invisible\" data-id=\"1456ef2\" data-element_type=\"column\" data-settings=\"{&quot;background_background&quot;:&quot;classic&quot;,&quot;animation&quot;:&quot;fadeIn&quot;,&quot;animation_delay&quot;:100}\">\n\t\t\t<div class=\"elementor-widget-wrap elementor-element-populated\">\n\t\t\t\t\t\t\t\t<div class=\"elementor-element elementor-element-53f332d elementor-widget__width-auto elementor-widget-tablet__width-auto elementor-widget-mobile__width-inherit elementor-widget elementor-widget-heading\" data-id=\"53f332d\" data-element_type=\"widget\" data-settings=\"{&quot;_animation&quot;:&quot;none&quot;,&quot;_animation_delay&quot;:200}\" data-widget_type=\"heading.heading_charityfy\">\n\t\t\t\t<div class=\"elementor-widget-container\">\n\t\t\t<h1 class=\"elementor-heading-title elementor-size-default\">Apie technikos fakultet\u0105<\/h1>\t\t<\/div>\n\t\t\t\t<\/div>\n\t\t\t\t<div class=\"elementor-element elementor-element-9733a7a elementor-widget elementor-widget-text-editor\" data-id=\"9733a7a\" data-element_type=\"widget\" data-settings=\"{&quot;_animation&quot;:&quot;none&quot;,&quot;_animation_delay&quot;:300}\" data-widget_type=\"text-editor.default\">\n\t\t\t\t<div class=\"elementor-widget-container\">\n\t\t\t\t\t\t\t<p>Vilniaus technologij\u0173 ir dizaino kolegija \u2013 \u010dia hobis virsta profesija!<\/p>\t\t\t\t\t\t<\/div>\n\t\t\t\t<\/div>\n\t\t\t\t\t<\/div>\n\t\t<\/div>\n\t\t\t\t<div class=\"elementor-column elementor-col-50 elementor-top-column elementor-element elementor-element-369091e elementor-hidden-desktop elementor-hidden-tablet elementor-hidden-phone\" data-id=\"369091e\" data-element_type=\"column\">\n\t\t\t<div class=\"elementor-widget-wrap\">\n\t\t\t\t\t\t\t\t\t<\/div>\n\t\t<\/div>\n\t\t\t\t\t\t\t<\/div>\n\t\t<\/section>\n\t\t\t\t<section class=\"elementor-section elementor-top-section elementor-element elementor-element-8f37da3 elementor-section-boxed elementor-section-height-default elementor-section-height-default\" data-id=\"8f37da3\" data-element_type=\"section\">\n\t\t\t\t\t\t<div class=\"elementor-container elementor-column-gap-default\">\n\t\t\t\t\t<div class=\"elementor-column elementor-col-100 elementor-top-column elementor-element elementor-element-076b17f\" data-id=\"076b17f\" data-element_type=\"column\">\n\t\t\t<div class=\"elementor-widget-wrap elementor-element-populated\">\n\t\t\t\t\t\t\t\t<div class=\"elementor-element elementor-element-999c130 elementor-widget elementor-widget-spacer\" data-id=\"999c130\" data-element_type=\"widget\" data-widget_type=\"spacer.default\">\n\t\t\t\t<div class=\"elementor-widget-container\">\n\t\t\t\t\t<div class=\"elementor-spacer\">\n\t\t\t<div class=\"elementor-spacer-inner\"><\/div>\n\t\t<\/div>\n\t\t\t\t<\/div>\n\t\t\t\t<\/div>\n\t\t\t\t<div class=\"elementor-element elementor-element-b5ff5f2 elementor-widget elementor-widget-text-editor\" data-id=\"b5ff5f2\" data-element_type=\"widget\" data-widget_type=\"text-editor.default\">\n\t\t\t\t<div class=\"elementor-widget-container\">\n\t\t\t\t\t\t\t<p>Technikos fakultetas &#8211; mokymo institucija, rengianti auk\u0161tos kvalifikacijos \u012fvairios technin\u0117s krypties specialistus, geban\u010dius k\u016brybi\u0161kai dirbti kintan\u010dios rinkos s\u0105lygomis. Studijuoti galima nuolatine arba i\u0161t\u0119stine studij\u0173 forma. Studijos orientuotos \u012f konkre\u010di\u0105 praktin\u0119 veikl\u0105, ugdomi geb\u0117jimai savaranki\u0161kai dirbti pagal \u012fgyt\u0105 kvalifikacij\u0105.<\/p><p>Fakultete yra keturios katedros (Automobili\u0173 transporto in\u017einerijos katedra, Elektros ir elektronikos in\u017einerijos katedra, Mechaninikos in\u017einerijos katedra, Gele\u017einkeli\u0173 transporto in\u017einerijos katedra), rengian\u010dios atitinkamos krypties specialistus.<\/p><p>Technikos fakultetas \u012fkurtas 2008 m. rugs\u0117jo 1 d. Lietuvos Respublikos Vyriausyb\u0117s nutarimu Vilniaus technikos kolegij\u0105 prijungus prie Vilniaus statybos ir dizaino kolegijos ir \u012fsteigus Vilniaus technologij\u0173 ir dizaino kolegij\u0105.<\/p><p>Technikos fakulteto i\u0161takos siekia 1922 m., kai Vilniaus technikos draugijos iniciatyva prie \u017dygimanto Augusto gimnazijos duris atv\u0117r\u0117 Technikos mokykla.1926 m. bir\u017eelio 20 d. pad\u0117tas dabartinio fakulteto kertinis akmuo. Tais pa\u010diais metais mokykla i\u0161leido pirm\u0105j\u0105 mechanik\u0173 ir vandens keli\u0173 technik\u0173 laid\u0105. 1927 m. \u012fkurtas Melioracijos, kitais &#8211; \u017dem\u0117tvarkos, o 1930 m. &#8211; Elektrotechnikos skyriai.<\/p><p>1939 m., kai Lietuva atgavo Vilniaus kra\u0161t\u0105, Technikos mokykla tapo valstybiniu technikumu, nuo 1947 m. &#8211; politechnikumu, o nuo 1951 iki 1960 met\u0173 \u017dem\u0117s \u016bkio mechanizacijos technikumu, kuriame buvo rengiami \u017eem\u0117s \u016bkio mechanizatoriai.1952 m. \u012fkurtas neakivaizdinis, o 1961 m. &#8211; vakarinis skyriai. 1966 m. pastatytas student\u0173 bendrabutis.<\/p><p>1989 m. buvo \u012fteiktas 20 000-asis techniko diplomas.<\/p><p>1991 m. LR \u0161vietimo ir mokslo ministerijos sprendimu politechnikumas buvo reorganizuotas \u012f Vilniaus auk\u0161tesni\u0105j\u0105 technikos mokykl\u0105.<\/p><p>Nuo 1996 m. mokykla dalyvavo PRAHE, o nuo 1998 m. Leonardo da Vin\u010dio programose &#8211; atnaujintos studij\u0173 programos, mokomoji metodin\u0117 bei technin\u0117 ir laboratorin\u0117 \u012franga.<\/p><p>2002 m. rugpj\u016b\u010dio 30 d. auk\u0161tesnioji technikos mokykla buvo reorganizuota \u012f Vilniaus technikos kolegij\u0105. Nuo 2002 m. studijos vyko pagal LR \u0161vietimo ir mokslo ministerijos patvirtintas neuniversitetini\u0173 studij\u0173 programas. Kolegija i\u0161sikovojo deram\u0105 pagarb\u0105 Lietuvoje ir u\u017esienyje.<\/p><p>2008 m. rugs\u0117jo 1 d. LR Vyriausyb\u0117s nutarimu kolegij\u0105 prijungus prie Vilniaus statybos ir dizaino kolegijos Lietuvoje \u012fkurta nauja &#8211; Vilniaus technologij\u0173 ir dizaino kolegija ir jos padalinys &#8211; Technikos fakultetas.<\/p>\t\t\t\t\t\t<\/div>\n\t\t\t\t<\/div>\n\t\t\t\t\t<\/div>\n\t\t<\/div>\n\t\t\t\t\t\t\t<\/div>\n\t\t<\/section>\n\t\t\t\t<section class=\"elementor-section elementor-top-section elementor-element elementor-element-dc479bb elementor-section-boxed elementor-section-height-default elementor-section-height-default\" data-id=\"dc479bb\" data-element_type=\"section\">\n\t\t\t\t\t\t<div class=\"elementor-container elementor-column-gap-default\">\n\t\t\t\t\t<div class=\"elementor-column elementor-col-100 elementor-top-column elementor-element elementor-element-ffcea90\" data-id=\"ffcea90\" data-element_type=\"column\">\n\t\t\t<div class=\"elementor-widget-wrap elementor-element-populated\">\n\t\t\t\t\t\t\t\t<div class=\"elementor-element elementor-element-8cd1dd7 elementor-widget elementor-widget-spacer\" data-id=\"8cd1dd7\" data-element_type=\"widget\" data-widget_type=\"spacer.default\">\n\t\t\t\t<div class=\"elementor-widget-container\">\n\t\t\t\t\t<div class=\"elementor-spacer\">\n\t\t\t<div class=\"elementor-spacer-inner\"><\/div>\n\t\t<\/div>\n\t\t\t\t<\/div>\n\t\t\t\t<\/div>\n\t\t\t\t\t<\/div>\n\t\t<\/div>\n\t\t\t\t\t\t\t<\/div>\n\t\t<\/section>\n\t\t\t\t\t\t\t<\/div>\n\t\t","protected":false},"excerpt":{"rendered":"<p>Apie technikos fakultet\u0105 Vilniaus technologij\u0173 ir dizaino kolegija \u2013 \u010dia hobis virsta profesija! Technikos fakultetas &#8211; mokymo institucija, rengianti auk\u0161tos kvalifikacijos \u012fvairios technin\u0117s krypties specialistus, geban\u010dius k\u016brybi\u0161kai dirbti kintan\u010dios rinkos s\u0105lygomis. Studijuoti galima nuolatine arba i\u0161t\u0119stine studij\u0173 forma. Studijos orientuotos \u012f konkre\u010di\u0105 praktin\u0119 veikl\u0105, ugdomi geb\u0117jimai savaranki\u0161kai dirbti pagal \u012fgyt\u0105 kvalifikacij\u0105. Fakultete yra keturios katedros&#8230;<\/p>\n","protected":false},"author":1,"featured_media":0,"parent":990617,"menu_order":0,"comment_status":"closed","ping_status":"closed","template":"","meta":{"inline_featured_image":false,"footnotes":""},"class_list":["post-990616","page","type-page","status-publish","hentry"],"yoast_head":"<!-- This site is optimized with the Yoast SEO plugin v19.12 - https:\/\/yoast.com\/wordpress\/plugins\/seo\/ -->\n<title>Apie Technikos fakultet\u0105 - vtdko<\/title>\n<meta name=\"robots\" content=\"noindex, follow, max-snippet:-1, max-image-preview:large, max-video-preview:-1\" \/>\n<meta property=\"og:locale\" content=\"lt_LT\" \/>\n<meta property=\"og:type\" content=\"article\" \/>\n<meta property=\"og:title\" content=\"Apie Technikos fakultet\u0105 - vtdko\" \/>\n<meta property=\"og:description\" content=\"Apie technikos fakultet\u0105 Vilniaus technologij\u0173 ir dizaino kolegija \u2013 \u010dia hobis virsta profesija! Technikos fakultetas &#8211; mokymo institucija, rengianti auk\u0161tos kvalifikacijos \u012fvairios technin\u0117s krypties specialistus, geban\u010dius k\u016brybi\u0161kai dirbti kintan\u010dios rinkos s\u0105lygomis. Studijuoti galima nuolatine arba i\u0161t\u0119stine studij\u0173 forma. Studijos orientuotos \u012f konkre\u010di\u0105 praktin\u0119 veikl\u0105, ugdomi geb\u0117jimai savaranki\u0161kai dirbti pagal \u012fgyt\u0105 kvalifikacij\u0105. Fakultete yra keturios katedros...\" \/>\n<meta property=\"og:url\" content=\"https:\/\/wp.adisoft.lt\/vtdko\/technikos-fakultetas\/apie-technikos-fakulteta\/\" \/>\n<meta property=\"og:site_name\" content=\"vtdko\" \/>\n<meta property=\"article:modified_time\" content=\"2022-12-16T19:17:12+00:00\" \/>\n<meta name=\"twitter:card\" content=\"summary_large_image\" \/>\n<meta name=\"twitter:label1\" content=\"Est. reading time\" \/>\n\t<meta name=\"twitter:data1\" content=\"2 minut\u0117s\" \/>\n<script type=\"application\/ld+json\" class=\"yoast-schema-graph\">{\"@context\":\"https:\/\/schema.org\",\"@graph\":[{\"@type\":\"WebPage\",\"@id\":\"https:\/\/wp.adisoft.lt\/vtdko\/technikos-fakultetas\/apie-technikos-fakulteta\/\",\"url\":\"https:\/\/wp.adisoft.lt\/vtdko\/technikos-fakultetas\/apie-technikos-fakulteta\/\",\"name\":\"Apie Technikos fakultet\u0105 - vtdko\",\"isPartOf\":{\"@id\":\"https:\/\/wp.adisoft.lt\/vtdko\/#website\"},\"datePublished\":\"2022-10-24T11:32:01+00:00\",\"dateModified\":\"2022-12-16T19:17:12+00:00\",\"breadcrumb\":{\"@id\":\"https:\/\/wp.adisoft.lt\/vtdko\/technikos-fakultetas\/apie-technikos-fakulteta\/#breadcrumb\"},\"inLanguage\":\"lt-LT\",\"potentialAction\":[{\"@type\":\"ReadAction\",\"target\":[\"https:\/\/wp.adisoft.lt\/vtdko\/technikos-fakultetas\/apie-technikos-fakulteta\/\"]}]},{\"@type\":\"BreadcrumbList\",\"@id\":\"https:\/\/wp.adisoft.lt\/vtdko\/technikos-fakultetas\/apie-technikos-fakulteta\/#breadcrumb\",\"itemListElement\":[{\"@type\":\"ListItem\",\"position\":1,\"name\":\"Pagrindinis\",\"item\":\"https:\/\/wp.adisoft.lt\/vtdko\/\"},{\"@type\":\"ListItem\",\"position\":2,\"name\":\"Technikos fakultetas\",\"item\":\"https:\/\/wp.adisoft.lt\/vtdko\/technikos-fakultetas\/\"},{\"@type\":\"ListItem\",\"position\":3,\"name\":\"Apie Technikos fakultet\u0105\"}]},{\"@type\":\"WebSite\",\"@id\":\"https:\/\/wp.adisoft.lt\/vtdko\/#website\",\"url\":\"https:\/\/wp.adisoft.lt\/vtdko\/\",\"name\":\"vtdko\",\"description\":\"Vilniaus technologij\u0173 ir dizaino kolegija\",\"publisher\":{\"@id\":\"https:\/\/wp.adisoft.lt\/vtdko\/#organization\"},\"potentialAction\":[{\"@type\":\"SearchAction\",\"target\":{\"@type\":\"EntryPoint\",\"urlTemplate\":\"https:\/\/wp.adisoft.lt\/vtdko\/?s={search_term_string}\"},\"query-input\":\"required name=search_term_string\"}],\"inLanguage\":\"lt-LT\"},{\"@type\":\"Organization\",\"@id\":\"https:\/\/wp.adisoft.lt\/vtdko\/#organization\",\"name\":\"vtdko\",\"url\":\"https:\/\/wp.adisoft.lt\/vtdko\/\",\"logo\":{\"@type\":\"ImageObject\",\"inLanguage\":\"lt-LT\",\"@id\":\"https:\/\/wp.adisoft.lt\/vtdko\/#\/schema\/logo\/image\/\",\"url\":\"https:\/\/wp.adisoft.lt\/vtdko\/wp-content\/uploads\/2020\/02\/Logo-su-tekstu-01.svg\",\"contentUrl\":\"https:\/\/wp.adisoft.lt\/vtdko\/wp-content\/uploads\/2020\/02\/Logo-su-tekstu-01.svg\",\"width\":151,\"height\":74,\"caption\":\"vtdko\"},\"image\":{\"@id\":\"https:\/\/wp.adisoft.lt\/vtdko\/#\/schema\/logo\/image\/\"}}]}<\/script>\n<!-- \/ Yoast SEO plugin. -->","yoast_head_json":{"title":"Apie Technikos fakultet\u0105 - vtdko","robots":{"index":"noindex","follow":"follow","max-snippet":"max-snippet:-1","max-image-preview":"max-image-preview:large","max-video-preview":"max-video-preview:-1"},"og_locale":"lt_LT","og_type":"article","og_title":"Apie Technikos fakultet\u0105 - vtdko","og_description":"Apie technikos fakultet\u0105 Vilniaus technologij\u0173 ir dizaino kolegija \u2013 \u010dia hobis virsta profesija! Technikos fakultetas &#8211; mokymo institucija, rengianti auk\u0161tos kvalifikacijos \u012fvairios technin\u0117s krypties specialistus, geban\u010dius k\u016brybi\u0161kai dirbti kintan\u010dios rinkos s\u0105lygomis. Studijuoti galima nuolatine arba i\u0161t\u0119stine studij\u0173 forma. Studijos orientuotos \u012f konkre\u010di\u0105 praktin\u0119 veikl\u0105, ugdomi geb\u0117jimai savaranki\u0161kai dirbti pagal \u012fgyt\u0105 kvalifikacij\u0105. Fakultete yra keturios katedros...","og_url":"https:\/\/wp.adisoft.lt\/vtdko\/technikos-fakultetas\/apie-technikos-fakulteta\/","og_site_name":"vtdko","article_modified_time":"2022-12-16T19:17:12+00:00","twitter_card":"summary_large_image","twitter_misc":{"Est. reading time":"2 minut\u0117s"},"schema":{"@context":"https:\/\/schema.org","@graph":[{"@type":"WebPage","@id":"https:\/\/wp.adisoft.lt\/vtdko\/technikos-fakultetas\/apie-technikos-fakulteta\/","url":"https:\/\/wp.adisoft.lt\/vtdko\/technikos-fakultetas\/apie-technikos-fakulteta\/","name":"Apie Technikos fakultet\u0105 - vtdko","isPartOf":{"@id":"https:\/\/wp.adisoft.lt\/vtdko\/#website"},"datePublished":"2022-10-24T11:32:01+00:00","dateModified":"2022-12-16T19:17:12+00:00","breadcrumb":{"@id":"https:\/\/wp.adisoft.lt\/vtdko\/technikos-fakultetas\/apie-technikos-fakulteta\/#breadcrumb"},"inLanguage":"lt-LT","potentialAction":[{"@type":"ReadAction","target":["https:\/\/wp.adisoft.lt\/vtdko\/technikos-fakultetas\/apie-technikos-fakulteta\/"]}]},{"@type":"BreadcrumbList","@id":"https:\/\/wp.adisoft.lt\/vtdko\/technikos-fakultetas\/apie-technikos-fakulteta\/#breadcrumb","itemListElement":[{"@type":"ListItem","position":1,"name":"Pagrindinis","item":"https:\/\/wp.adisoft.lt\/vtdko\/"},{"@type":"ListItem","position":2,"name":"Technikos fakultetas","item":"https:\/\/wp.adisoft.lt\/vtdko\/technikos-fakultetas\/"},{"@type":"ListItem","position":3,"name":"Apie Technikos fakultet\u0105"}]},{"@type":"WebSite","@id":"https:\/\/wp.adisoft.lt\/vtdko\/#website","url":"https:\/\/wp.adisoft.lt\/vtdko\/","name":"vtdko","description":"Vilniaus technologij\u0173 ir dizaino kolegija","publisher":{"@id":"https:\/\/wp.adisoft.lt\/vtdko\/#organization"},"potentialAction":[{"@type":"SearchAction","target":{"@type":"EntryPoint","urlTemplate":"https:\/\/wp.adisoft.lt\/vtdko\/?s={search_term_string}"},"query-input":"required name=search_term_string"}],"inLanguage":"lt-LT"},{"@type":"Organization","@id":"https:\/\/wp.adisoft.lt\/vtdko\/#organization","name":"vtdko","url":"https:\/\/wp.adisoft.lt\/vtdko\/","logo":{"@type":"ImageObject","inLanguage":"lt-LT","@id":"https:\/\/wp.adisoft.lt\/vtdko\/#\/schema\/logo\/image\/","url":"https:\/\/wp.adisoft.lt\/vtdko\/wp-content\/uploads\/2020\/02\/Logo-su-tekstu-01.svg","contentUrl":"https:\/\/wp.adisoft.lt\/vtdko\/wp-content\/uploads\/2020\/02\/Logo-su-tekstu-01.svg","width":151,"height":74,"caption":"vtdko"},"image":{"@id":"https:\/\/wp.adisoft.lt\/vtdko\/#\/schema\/logo\/image\/"}}]}},"_links":{"self":[{"href":"https:\/\/wp.adisoft.lt\/vtdko\/wp-json\/wp\/v2\/pages\/990616","targetHints":{"allow":["GET"]}}],"collection":[{"href":"https:\/\/wp.adisoft.lt\/vtdko\/wp-json\/wp\/v2\/pages"}],"about":[{"href":"https:\/\/wp.adisoft.lt\/vtdko\/wp-json\/wp\/v2\/types\/page"}],"author":[{"embeddable":true,"href":"https:\/\/wp.adisoft.lt\/vtdko\/wp-json\/wp\/v2\/users\/1"}],"replies":[{"embeddable":true,"href":"https:\/\/wp.adisoft.lt\/vtdko\/wp-json\/wp\/v2\/comments?post=990616"}],"version-history":[{"count":10,"href":"https:\/\/wp.adisoft.lt\/vtdko\/wp-json\/wp\/v2\/pages\/990616\/revisions"}],"predecessor-version":[{"id":993299,"href":"https:\/\/wp.adisoft.lt\/vtdko\/wp-json\/wp\/v2\/pages\/990616\/revisions\/993299"}],"up":[{"embeddable":true,"href":"https:\/\/wp.adisoft.lt\/vtdko\/wp-json\/wp\/v2\/pages\/990617"}],"wp:attachment":[{"href":"https:\/\/wp.adisoft.lt\/vtdko\/wp-json\/wp\/v2\/media?parent=990616"}],"curies":[{"name":"wp","href":"https:\/\/api.w.org\/{rel}","templated":true}]}}