{"id":990631,"date":"2022-10-24T14:51:00","date_gmt":"2022-10-24T11:51:00","guid":{"rendered":"https:\/\/wp.adisoft.lt\/vtdko\/?page_id=990631"},"modified":"2023-02-23T10:26:51","modified_gmt":"2023-02-23T07:26:51","slug":"nuolatiniai-tvarkarasiai","status":"publish","type":"page","link":"https:\/\/wp.adisoft.lt\/vtdko\/technikos-fakultetas\/nuolatiniai-tvarkarasiai\/","title":{"rendered":"Technikos fakulteto nuolatiniai tvarkaras\u010diai"},"content":{"rendered":"\t\t<div data-elementor-type=\"wp-page\" data-elementor-id=\"990631\" class=\"elementor elementor-990631\">\n\t\t\t\t\t\t\t\t\t<section class=\"elementor-section elementor-top-section elementor-element elementor-element-cf8f7dd elementor-section-height-min-height elementor-section-boxed elementor-section-height-default elementor-section-items-middle\" data-id=\"cf8f7dd\" data-element_type=\"section\" data-settings=\"{&quot;background_background&quot;:&quot;classic&quot;,&quot;animation&quot;:&quot;none&quot;}\">\n\t\t\t\t\t\t<div class=\"elementor-container elementor-column-gap-default\">\n\t\t\t\t\t<div class=\"elementor-column elementor-col-100 elementor-top-column elementor-element elementor-element-74bfba2\" data-id=\"74bfba2\" data-element_type=\"column\" data-settings=\"{&quot;background_background&quot;:&quot;classic&quot;}\">\n\t\t\t<div class=\"elementor-widget-wrap\">\n\t\t\t\t\t\t\t\t\t<\/div>\n\t\t<\/div>\n\t\t\t\t\t\t\t<\/div>\n\t\t<\/section>\n\t\t\t\t<section class=\"elementor-section elementor-top-section elementor-element elementor-element-e6a5145 elementor-section-boxed elementor-section-height-default elementor-section-height-default\" data-id=\"e6a5145\" data-element_type=\"section\" data-settings=\"{&quot;animation&quot;:&quot;none&quot;,&quot;animation_tablet&quot;:&quot;none&quot;,&quot;animation_mobile&quot;:&quot;none&quot;}\">\n\t\t\t\t\t\t<div class=\"elementor-container elementor-column-gap-no\">\n\t\t\t\t\t<div class=\"elementor-column elementor-col-50 elementor-top-column elementor-element elementor-element-75d47e5 animated-fast elementor-invisible\" data-id=\"75d47e5\" data-element_type=\"column\" data-settings=\"{&quot;background_background&quot;:&quot;classic&quot;,&quot;animation&quot;:&quot;fadeIn&quot;,&quot;animation_delay&quot;:100}\">\n\t\t\t<div class=\"elementor-widget-wrap elementor-element-populated\">\n\t\t\t\t\t\t\t\t<div class=\"elementor-element elementor-element-f0cb88c elementor-widget__width-auto elementor-widget-tablet__width-auto elementor-widget-mobile__width-inherit elementor-widget elementor-widget-heading\" data-id=\"f0cb88c\" data-element_type=\"widget\" data-settings=\"{&quot;_animation&quot;:&quot;none&quot;,&quot;_animation_delay&quot;:200}\" data-widget_type=\"heading.heading_charityfy\">\n\t\t\t\t<div class=\"elementor-widget-container\">\n\t\t\t<h1 class=\"elementor-heading-title elementor-size-default\">Nuolatini\u0173 studij\u0173 tvarkaras\u010diai<\/h1>\t\t<\/div>\n\t\t\t\t<\/div>\n\t\t\t\t<div class=\"elementor-element elementor-element-50508ba elementor-widget elementor-widget-text-editor\" data-id=\"50508ba\" data-element_type=\"widget\" data-settings=\"{&quot;_animation&quot;:&quot;none&quot;,&quot;_animation_delay&quot;:300}\" data-widget_type=\"text-editor.default\">\n\t\t\t\t<div class=\"elementor-widget-container\">\n\t\t\t\t\t\t\t<p>Vilniaus technologij\u0173 ir dizaino kolegija \u2013 \u010dia hobis virsta profesija!<\/p>\t\t\t\t\t\t<\/div>\n\t\t\t\t<\/div>\n\t\t\t\t\t<\/div>\n\t\t<\/div>\n\t\t\t\t<div class=\"elementor-column elementor-col-50 elementor-top-column elementor-element elementor-element-7e061bb elementor-hidden-desktop elementor-hidden-tablet elementor-hidden-phone\" data-id=\"7e061bb\" data-element_type=\"column\">\n\t\t\t<div class=\"elementor-widget-wrap\">\n\t\t\t\t\t\t\t\t\t<\/div>\n\t\t<\/div>\n\t\t\t\t\t\t\t<\/div>\n\t\t<\/section>\n\t\t\t\t<section class=\"elementor-section elementor-top-section elementor-element elementor-element-8f37da3 elementor-section-boxed elementor-section-height-default elementor-section-height-default\" data-id=\"8f37da3\" data-element_type=\"section\">\n\t\t\t\t\t\t<div class=\"elementor-container elementor-column-gap-default\">\n\t\t\t\t\t<div class=\"elementor-column elementor-col-100 elementor-top-column elementor-element elementor-element-076b17f\" data-id=\"076b17f\" data-element_type=\"column\">\n\t\t\t<div class=\"elementor-widget-wrap elementor-element-populated\">\n\t\t\t\t\t\t\t\t<div class=\"elementor-element elementor-element-711321a elementor-widget elementor-widget-spacer\" data-id=\"711321a\" data-element_type=\"widget\" data-widget_type=\"spacer.default\">\n\t\t\t\t<div class=\"elementor-widget-container\">\n\t\t\t\t\t<div class=\"elementor-spacer\">\n\t\t\t<div class=\"elementor-spacer-inner\"><\/div>\n\t\t<\/div>\n\t\t\t\t<\/div>\n\t\t\t\t<\/div>\n\t\t\t\t<div class=\"elementor-element elementor-element-b5ff5f2 elementor-widget elementor-widget-text-editor\" data-id=\"b5ff5f2\" data-element_type=\"widget\" data-widget_type=\"text-editor.default\">\n\t\t\t\t<div class=\"elementor-widget-container\">\n\t\t\t\t\t\t\t<p><a href=\"https:\/\/wp.adisoft.lt\/vtdko\/wp-content\/uploads\/2022\/10\/SLT_pavasaris_9.07.docx\" target=\"_blank\" rel=\"noopener\">2021\u20132022 s. m. pavasario semestro akademini\u0173 skol\u0173 likvidavimo terminai<\/a><\/p><p><a href=\"https:\/\/wp.adisoft.lt\/vtdko\/wp-content\/uploads\/2022\/10\/TF_22-23_konsultacijos_ruduo.xlsx\" target=\"_blank\" rel=\"noopener\">2022\u20132023 s. m. rudens semestro student\u0173 konsultavimo grafikas<\/a><\/p><p>2022\u20132023 s. m. rudens semestro akademini\u0173 skol\u0173 likvidavimo terminai<\/p><p>2022\u20132023 s. m.\u00a0baigiam\u0173j\u0173 darb\u0173 gynimo grafikas\u00a0<\/p><p>\u00a0<\/p><p><strong>Paskait\u0173 tvarkara\u0161\u010diai:<\/strong><\/p><table class=\"table\"><tbody><tr><td>I kursas<\/td><td><p><a href=\"https:\/\/wp.adisoft.lt\/vtdko\/wp-content\/uploads\/2022\/10\/TF_I_ruduo_22-23_10.05_5-iais_su_N.xls\" target=\"_blank\" rel=\"noopener\">AE22D-1, AE22D-2, EA22D-1, AI22D-1, AT22D-1, AT22D-2, IS22D-1, MT22D-1<\/a>\u00a0(nuo \u0161. m. spalio 7 d.)<\/p><\/td><\/tr><tr><td>II kursas<\/td><td><p><a href=\"https:\/\/wp.adisoft.lt\/vtdko\/wp-content\/uploads\/2022\/10\/TF_II_ruduo_22-23_5-iais_su_N.xls\" target=\"_blank\" rel=\"noopener\">AE21D-1, EA21D-1, AT21D-1, AT21D-2, IS21D-1, MT21D-1<\/a>\u00a0(nuo \u0161. m. spalio 17 d.)<\/p><p>\u0160. m. rugs\u0117jo 19 d. &#8211; spalio 16 d. grup\u0117ms vyks praktikos:<\/p><p>AE21D-1 gr. vyks technologin\u0117 praktika, vadovas M.Repe\u010dka.<\/p><p>EA21D-1 gr. vyks\u00a0technologin\u0117 1 praktika, vadovas L.Krik\u0161taponis.<\/p><p>AT21D-1 ir AT21D-2 gr. vyks\u00a0technologin\u0117 2 praktika, vadovai A.Matulis, R.\u0160irvinskas, P.Kaikaris, D.Kriau\u010di\u016bnas.<\/p><p>IS21D-1 gr. vyks\u00a0gamybin\u0117 praktika 1, vadov\u0117 V.Laukien\u0117.\u00a0<\/p><p>MT21D-1 gr. vyks\u00a0technologin\u0117 2 praktika, vadovai V.Daug\u0117la ir M.Juchnevi\u010dius.<\/p><\/td><\/tr><tr><td>III kursas<\/td><td><p><a href=\"https:\/\/wp.adisoft.lt\/vtdko\/wp-content\/uploads\/2022\/10\/TF_III_ruduo_22-23_5-iais_su_N.xls\" target=\"_blank\" rel=\"noopener\">AE20D-1, EA20D-1, AT20D-1, AT20D-2, IS20D-1, MT20D-1<\/a>\u00a0(nuo \u0161. m. spalio 31 d.)<\/p><p>\u0160. m. spalio 3 &#8211; 30 d. grup\u0117ms vyks praktikos:<\/p><p>AE20D-1 gr. vyks gamybin\u0117 praktika, vadovas V. Surblys.<\/p><p>EA20D-1 gr. vyks\u00a0technologin\u0117 2 praktika, vadovas A. Staponas.<\/p><p>AT20D-1 gr. vyks\u00a0gamybin\u0117 2 praktika, vadovas D. Navikas.<\/p><p>AT20D-2 gr. vyks\u00a0gamybin\u0117 2 praktika, vadovas V. Surblys.<\/p><p>IS20D-1 gr. vyks technologin\u0117 2 praktika, vadov\u0117 J. Mam\u010denko.<\/p><p>MT20D-1 gr. vyks\u00a0technologin\u0117 3 praktika, vadovai J. Filonova ir M. Juchnevi\u010dius.<\/p><\/td><\/tr><\/tbody><\/table><p>\u00a0<strong>Egzamin\u0173 tvarkara\u0161\u010diai:<\/strong><\/p><table class=\"table\"><tbody><tr><td>I kursas<\/td><td><p>AE22D-1, AE22D-2, EA22D-1, AI22D-1, AT22D-1, AT22D-2, IS22D-1, MT22D-1\u00a0<\/p><\/td><\/tr><tr><td>II kursas<\/td><td><p>AE21D-1, EA21D-1, AT21D-1, AT21D-2, IS21D-1, MT21D-1\u00a0<\/p><\/td><\/tr><tr><td>III kursas<\/td><td><p>AE20D-1, EA20D-1, AT20D-1, AT20D-2, IS20D-1, MT20D-1<\/p><\/td><\/tr><\/tbody><\/table><p><strong>Informacij\u0105 d\u0117l tvarkara\u0161\u010di\u0173 teikia:<\/strong><br \/>Jovita \u010ci\u010dinskien\u0117<br \/>Studij\u0173 koordinator\u0117<br \/>Telefonas: 8 640 52 921<br \/>Kabinetas: 306<br \/><a href=\"mailto:j.cicinskiene@vtdko.lt\">j.cicinskiene@vtdko.lt<\/a><\/p><p><strong>Technikos fakulteto prodekan\u0117<\/strong><br \/>Vilma Matulien\u0117<br \/>Telefonas: 8 640 52 934<br \/>Telefonas: (8 5) 261 0398<br \/>Kabinetas: 310<br \/><a href=\"mailto:v.matuliene@vtdko.lt\">v.matuliene@vtdko.lt<\/a><\/p><p><strong>Papildoma informacija:<\/strong><\/p><p>I kurso grup\u0117s indeksai:<\/p><table class=\"table\"><tbody><tr><td><strong>AT22D-1<\/strong><br \/><strong>AT22D-2<\/strong><\/td><td>Automobili\u0173 techninis eksploatavimas<\/td><\/tr><tr><td><p><strong>AE22D-1<br \/>AE22D-2<\/strong><\/p><\/td><td>Automobili\u0173 elektronikos sistemos<\/td><\/tr><tr><td><p><strong>AI22D-1<\/strong><\/p><\/td><td>Atsinaujinan\u010dios energijos in\u017einerija<\/td><\/tr><tr><td><p><strong>EA22D-1<\/strong><\/p><\/td><td>Elektros ir automatikos in\u017einerija<\/td><\/tr><tr><td><p><strong>MT22D-1<\/strong><\/p><\/td><td>Mechanini\u0173 technologij\u0173 in\u017einerija<\/td><\/tr><tr><td><p><strong>IS22D-1<\/strong><\/p><\/td><td>Informacini\u0173 sistem\u0173 in\u017einerija<\/td><\/tr><\/tbody><\/table>\t\t\t\t\t\t<\/div>\n\t\t\t\t<\/div>\n\t\t\t\t\t<\/div>\n\t\t<\/div>\n\t\t\t\t\t\t\t<\/div>\n\t\t<\/section>\n\t\t\t\t<section class=\"elementor-section elementor-top-section elementor-element elementor-element-baa0c83 elementor-section-boxed elementor-section-height-default elementor-section-height-default\" data-id=\"baa0c83\" data-element_type=\"section\">\n\t\t\t\t\t\t<div class=\"elementor-container elementor-column-gap-default\">\n\t\t\t\t\t<div class=\"elementor-column elementor-col-100 elementor-top-column elementor-element elementor-element-1d3d408\" data-id=\"1d3d408\" data-element_type=\"column\">\n\t\t\t<div class=\"elementor-widget-wrap elementor-element-populated\">\n\t\t\t\t\t\t\t\t<div class=\"elementor-element elementor-element-224eb99 elementor-widget elementor-widget-spacer\" data-id=\"224eb99\" data-element_type=\"widget\" data-widget_type=\"spacer.default\">\n\t\t\t\t<div class=\"elementor-widget-container\">\n\t\t\t\t\t<div class=\"elementor-spacer\">\n\t\t\t<div class=\"elementor-spacer-inner\"><\/div>\n\t\t<\/div>\n\t\t\t\t<\/div>\n\t\t\t\t<\/div>\n\t\t\t\t\t<\/div>\n\t\t<\/div>\n\t\t\t\t\t\t\t<\/div>\n\t\t<\/section>\n\t\t\t\t\t\t\t<\/div>\n\t\t","protected":false},"excerpt":{"rendered":"<p>Nuolatini\u0173 studij\u0173 tvarkaras\u010diai Vilniaus technologij\u0173 ir dizaino kolegija \u2013 \u010dia hobis virsta profesija! 2021\u20132022 s. m. pavasario semestro akademini\u0173 skol\u0173 likvidavimo terminai 2022\u20132023 s. m. rudens semestro student\u0173 konsultavimo grafikas 2022\u20132023 s. m. rudens semestro akademini\u0173 skol\u0173 likvidavimo terminai 2022\u20132023 s. m.\u00a0baigiam\u0173j\u0173 darb\u0173 gynimo grafikas\u00a0 \u00a0 Paskait\u0173 tvarkara\u0161\u010diai: I kursas AE22D-1, AE22D-2, EA22D-1, AI22D-1, AT22D-1,&#8230;<\/p>\n","protected":false},"author":1,"featured_media":0,"parent":990617,"menu_order":0,"comment_status":"closed","ping_status":"closed","template":"","meta":{"inline_featured_image":false,"footnotes":""},"class_list":["post-990631","page","type-page","status-publish","hentry"],"yoast_head":"<!-- This site is optimized with the Yoast SEO plugin v19.12 - https:\/\/yoast.com\/wordpress\/plugins\/seo\/ -->\n<title>Technikos fakulteto nuolatiniai tvarkaras\u010diai - vtdko<\/title>\n<meta name=\"robots\" content=\"noindex, follow, max-snippet:-1, max-image-preview:large, max-video-preview:-1\" \/>\n<meta property=\"og:locale\" content=\"lt_LT\" \/>\n<meta property=\"og:type\" content=\"article\" \/>\n<meta property=\"og:title\" content=\"Technikos fakulteto nuolatiniai tvarkaras\u010diai - vtdko\" \/>\n<meta property=\"og:description\" content=\"Nuolatini\u0173 studij\u0173 tvarkaras\u010diai Vilniaus technologij\u0173 ir dizaino kolegija \u2013 \u010dia hobis virsta profesija! 2021\u20132022 s. m. pavasario semestro akademini\u0173 skol\u0173 likvidavimo terminai 2022\u20132023 s. m. rudens semestro student\u0173 konsultavimo grafikas 2022\u20132023 s. m. rudens semestro akademini\u0173 skol\u0173 likvidavimo terminai 2022\u20132023 s. m.\u00a0baigiam\u0173j\u0173 darb\u0173 gynimo grafikas\u00a0 \u00a0 Paskait\u0173 tvarkara\u0161\u010diai: I kursas AE22D-1, AE22D-2, EA22D-1, AI22D-1, AT22D-1,...\" \/>\n<meta property=\"og:url\" content=\"https:\/\/wp.adisoft.lt\/vtdko\/technikos-fakultetas\/nuolatiniai-tvarkarasiai\/\" \/>\n<meta property=\"og:site_name\" content=\"vtdko\" \/>\n<meta property=\"article:modified_time\" content=\"2023-02-23T07:26:51+00:00\" \/>\n<meta name=\"twitter:card\" content=\"summary_large_image\" \/>\n<meta name=\"twitter:label1\" content=\"Est. reading time\" \/>\n\t<meta name=\"twitter:data1\" content=\"2 minut\u0117s\" \/>\n<script type=\"application\/ld+json\" class=\"yoast-schema-graph\">{\"@context\":\"https:\/\/schema.org\",\"@graph\":[{\"@type\":\"WebPage\",\"@id\":\"https:\/\/wp.adisoft.lt\/vtdko\/technikos-fakultetas\/nuolatiniai-tvarkarasiai\/\",\"url\":\"https:\/\/wp.adisoft.lt\/vtdko\/technikos-fakultetas\/nuolatiniai-tvarkarasiai\/\",\"name\":\"Technikos fakulteto nuolatiniai tvarkaras\u010diai - vtdko\",\"isPartOf\":{\"@id\":\"https:\/\/wp.adisoft.lt\/vtdko\/#website\"},\"datePublished\":\"2022-10-24T11:51:00+00:00\",\"dateModified\":\"2023-02-23T07:26:51+00:00\",\"breadcrumb\":{\"@id\":\"https:\/\/wp.adisoft.lt\/vtdko\/technikos-fakultetas\/nuolatiniai-tvarkarasiai\/#breadcrumb\"},\"inLanguage\":\"lt-LT\",\"potentialAction\":[{\"@type\":\"ReadAction\",\"target\":[\"https:\/\/wp.adisoft.lt\/vtdko\/technikos-fakultetas\/nuolatiniai-tvarkarasiai\/\"]}]},{\"@type\":\"BreadcrumbList\",\"@id\":\"https:\/\/wp.adisoft.lt\/vtdko\/technikos-fakultetas\/nuolatiniai-tvarkarasiai\/#breadcrumb\",\"itemListElement\":[{\"@type\":\"ListItem\",\"position\":1,\"name\":\"Pagrindinis\",\"item\":\"https:\/\/wp.adisoft.lt\/vtdko\/\"},{\"@type\":\"ListItem\",\"position\":2,\"name\":\"Technikos fakultetas\",\"item\":\"https:\/\/wp.adisoft.lt\/vtdko\/technikos-fakultetas\/\"},{\"@type\":\"ListItem\",\"position\":3,\"name\":\"Technikos fakulteto nuolatiniai tvarkaras\u010diai\"}]},{\"@type\":\"WebSite\",\"@id\":\"https:\/\/wp.adisoft.lt\/vtdko\/#website\",\"url\":\"https:\/\/wp.adisoft.lt\/vtdko\/\",\"name\":\"vtdko\",\"description\":\"Vilniaus technologij\u0173 ir dizaino kolegija\",\"publisher\":{\"@id\":\"https:\/\/wp.adisoft.lt\/vtdko\/#organization\"},\"potentialAction\":[{\"@type\":\"SearchAction\",\"target\":{\"@type\":\"EntryPoint\",\"urlTemplate\":\"https:\/\/wp.adisoft.lt\/vtdko\/?s={search_term_string}\"},\"query-input\":\"required name=search_term_string\"}],\"inLanguage\":\"lt-LT\"},{\"@type\":\"Organization\",\"@id\":\"https:\/\/wp.adisoft.lt\/vtdko\/#organization\",\"name\":\"vtdko\",\"url\":\"https:\/\/wp.adisoft.lt\/vtdko\/\",\"logo\":{\"@type\":\"ImageObject\",\"inLanguage\":\"lt-LT\",\"@id\":\"https:\/\/wp.adisoft.lt\/vtdko\/#\/schema\/logo\/image\/\",\"url\":\"https:\/\/wp.adisoft.lt\/vtdko\/wp-content\/uploads\/2020\/02\/Logo-su-tekstu-01.svg\",\"contentUrl\":\"https:\/\/wp.adisoft.lt\/vtdko\/wp-content\/uploads\/2020\/02\/Logo-su-tekstu-01.svg\",\"width\":151,\"height\":74,\"caption\":\"vtdko\"},\"image\":{\"@id\":\"https:\/\/wp.adisoft.lt\/vtdko\/#\/schema\/logo\/image\/\"}}]}<\/script>\n<!-- \/ Yoast SEO plugin. -->","yoast_head_json":{"title":"Technikos fakulteto nuolatiniai tvarkaras\u010diai - vtdko","robots":{"index":"noindex","follow":"follow","max-snippet":"max-snippet:-1","max-image-preview":"max-image-preview:large","max-video-preview":"max-video-preview:-1"},"og_locale":"lt_LT","og_type":"article","og_title":"Technikos fakulteto nuolatiniai tvarkaras\u010diai - vtdko","og_description":"Nuolatini\u0173 studij\u0173 tvarkaras\u010diai Vilniaus technologij\u0173 ir dizaino kolegija \u2013 \u010dia hobis virsta profesija! 2021\u20132022 s. m. pavasario semestro akademini\u0173 skol\u0173 likvidavimo terminai 2022\u20132023 s. m. rudens semestro student\u0173 konsultavimo grafikas 2022\u20132023 s. m. rudens semestro akademini\u0173 skol\u0173 likvidavimo terminai 2022\u20132023 s. m.\u00a0baigiam\u0173j\u0173 darb\u0173 gynimo grafikas\u00a0 \u00a0 Paskait\u0173 tvarkara\u0161\u010diai: I kursas AE22D-1, AE22D-2, EA22D-1, AI22D-1, AT22D-1,...","og_url":"https:\/\/wp.adisoft.lt\/vtdko\/technikos-fakultetas\/nuolatiniai-tvarkarasiai\/","og_site_name":"vtdko","article_modified_time":"2023-02-23T07:26:51+00:00","twitter_card":"summary_large_image","twitter_misc":{"Est. reading time":"2 minut\u0117s"},"schema":{"@context":"https:\/\/schema.org","@graph":[{"@type":"WebPage","@id":"https:\/\/wp.adisoft.lt\/vtdko\/technikos-fakultetas\/nuolatiniai-tvarkarasiai\/","url":"https:\/\/wp.adisoft.lt\/vtdko\/technikos-fakultetas\/nuolatiniai-tvarkarasiai\/","name":"Technikos fakulteto nuolatiniai tvarkaras\u010diai - vtdko","isPartOf":{"@id":"https:\/\/wp.adisoft.lt\/vtdko\/#website"},"datePublished":"2022-10-24T11:51:00+00:00","dateModified":"2023-02-23T07:26:51+00:00","breadcrumb":{"@id":"https:\/\/wp.adisoft.lt\/vtdko\/technikos-fakultetas\/nuolatiniai-tvarkarasiai\/#breadcrumb"},"inLanguage":"lt-LT","potentialAction":[{"@type":"ReadAction","target":["https:\/\/wp.adisoft.lt\/vtdko\/technikos-fakultetas\/nuolatiniai-tvarkarasiai\/"]}]},{"@type":"BreadcrumbList","@id":"https:\/\/wp.adisoft.lt\/vtdko\/technikos-fakultetas\/nuolatiniai-tvarkarasiai\/#breadcrumb","itemListElement":[{"@type":"ListItem","position":1,"name":"Pagrindinis","item":"https:\/\/wp.adisoft.lt\/vtdko\/"},{"@type":"ListItem","position":2,"name":"Technikos fakultetas","item":"https:\/\/wp.adisoft.lt\/vtdko\/technikos-fakultetas\/"},{"@type":"ListItem","position":3,"name":"Technikos fakulteto nuolatiniai tvarkaras\u010diai"}]},{"@type":"WebSite","@id":"https:\/\/wp.adisoft.lt\/vtdko\/#website","url":"https:\/\/wp.adisoft.lt\/vtdko\/","name":"vtdko","description":"Vilniaus technologij\u0173 ir dizaino kolegija","publisher":{"@id":"https:\/\/wp.adisoft.lt\/vtdko\/#organization"},"potentialAction":[{"@type":"SearchAction","target":{"@type":"EntryPoint","urlTemplate":"https:\/\/wp.adisoft.lt\/vtdko\/?s={search_term_string}"},"query-input":"required name=search_term_string"}],"inLanguage":"lt-LT"},{"@type":"Organization","@id":"https:\/\/wp.adisoft.lt\/vtdko\/#organization","name":"vtdko","url":"https:\/\/wp.adisoft.lt\/vtdko\/","logo":{"@type":"ImageObject","inLanguage":"lt-LT","@id":"https:\/\/wp.adisoft.lt\/vtdko\/#\/schema\/logo\/image\/","url":"https:\/\/wp.adisoft.lt\/vtdko\/wp-content\/uploads\/2020\/02\/Logo-su-tekstu-01.svg","contentUrl":"https:\/\/wp.adisoft.lt\/vtdko\/wp-content\/uploads\/2020\/02\/Logo-su-tekstu-01.svg","width":151,"height":74,"caption":"vtdko"},"image":{"@id":"https:\/\/wp.adisoft.lt\/vtdko\/#\/schema\/logo\/image\/"}}]}},"_links":{"self":[{"href":"https:\/\/wp.adisoft.lt\/vtdko\/wp-json\/wp\/v2\/pages\/990631","targetHints":{"allow":["GET"]}}],"collection":[{"href":"https:\/\/wp.adisoft.lt\/vtdko\/wp-json\/wp\/v2\/pages"}],"about":[{"href":"https:\/\/wp.adisoft.lt\/vtdko\/wp-json\/wp\/v2\/types\/page"}],"author":[{"embeddable":true,"href":"https:\/\/wp.adisoft.lt\/vtdko\/wp-json\/wp\/v2\/users\/1"}],"replies":[{"embeddable":true,"href":"https:\/\/wp.adisoft.lt\/vtdko\/wp-json\/wp\/v2\/comments?post=990631"}],"version-history":[{"count":13,"href":"https:\/\/wp.adisoft.lt\/vtdko\/wp-json\/wp\/v2\/pages\/990631\/revisions"}],"predecessor-version":[{"id":1000291,"href":"https:\/\/wp.adisoft.lt\/vtdko\/wp-json\/wp\/v2\/pages\/990631\/revisions\/1000291"}],"up":[{"embeddable":true,"href":"https:\/\/wp.adisoft.lt\/vtdko\/wp-json\/wp\/v2\/pages\/990617"}],"wp:attachment":[{"href":"https:\/\/wp.adisoft.lt\/vtdko\/wp-json\/wp\/v2\/media?parent=990631"}],"curies":[{"name":"wp","href":"https:\/\/api.w.org\/{rel}","templated":true}]}}