{"id":990632,"date":"2022-10-24T14:51:03","date_gmt":"2022-10-24T11:51:03","guid":{"rendered":"https:\/\/wp.adisoft.lt\/vtdko\/?page_id=990632"},"modified":"2023-02-23T10:26:58","modified_gmt":"2023-02-23T07:26:58","slug":"istestiniu-studiju-tvarkarasciai-2","status":"publish","type":"page","link":"https:\/\/wp.adisoft.lt\/vtdko\/technikos-fakultetas\/istestiniu-studiju-tvarkarasciai-2\/","title":{"rendered":"Technikos fakulteto i\u0161t\u0119stini\u0173 studij\u0173 tvarkaras\u010diai"},"content":{"rendered":"\t\t<div data-elementor-type=\"wp-page\" data-elementor-id=\"990632\" class=\"elementor elementor-990632\">\n\t\t\t\t\t\t\t\t\t<section class=\"elementor-section elementor-top-section elementor-element elementor-element-9f4ea45 elementor-section-height-min-height elementor-section-boxed elementor-section-height-default elementor-section-items-middle\" data-id=\"9f4ea45\" data-element_type=\"section\" data-settings=\"{&quot;background_background&quot;:&quot;classic&quot;,&quot;animation&quot;:&quot;none&quot;}\">\n\t\t\t\t\t\t<div class=\"elementor-container elementor-column-gap-default\">\n\t\t\t\t\t<div class=\"elementor-column elementor-col-100 elementor-top-column elementor-element elementor-element-6b3f12f\" data-id=\"6b3f12f\" data-element_type=\"column\" data-settings=\"{&quot;background_background&quot;:&quot;classic&quot;}\">\n\t\t\t<div class=\"elementor-widget-wrap\">\n\t\t\t\t\t\t\t\t\t<\/div>\n\t\t<\/div>\n\t\t\t\t\t\t\t<\/div>\n\t\t<\/section>\n\t\t\t\t<section class=\"elementor-section elementor-top-section elementor-element elementor-element-28e23ab elementor-section-boxed elementor-section-height-default elementor-section-height-default\" data-id=\"28e23ab\" data-element_type=\"section\" data-settings=\"{&quot;animation&quot;:&quot;none&quot;,&quot;animation_tablet&quot;:&quot;none&quot;,&quot;animation_mobile&quot;:&quot;none&quot;}\">\n\t\t\t\t\t\t<div class=\"elementor-container elementor-column-gap-no\">\n\t\t\t\t\t<div class=\"elementor-column elementor-col-50 elementor-top-column elementor-element elementor-element-7b980a9 animated-fast elementor-invisible\" data-id=\"7b980a9\" data-element_type=\"column\" data-settings=\"{&quot;background_background&quot;:&quot;classic&quot;,&quot;animation&quot;:&quot;fadeIn&quot;,&quot;animation_delay&quot;:100}\">\n\t\t\t<div class=\"elementor-widget-wrap elementor-element-populated\">\n\t\t\t\t\t\t\t\t<div class=\"elementor-element elementor-element-acaf81f elementor-widget__width-auto elementor-widget-tablet__width-auto elementor-widget-mobile__width-inherit elementor-widget elementor-widget-heading\" data-id=\"acaf81f\" data-element_type=\"widget\" data-settings=\"{&quot;_animation&quot;:&quot;none&quot;,&quot;_animation_delay&quot;:200}\" data-widget_type=\"heading.heading_charityfy\">\n\t\t\t\t<div class=\"elementor-widget-container\">\n\t\t\t<h1 class=\"elementor-heading-title elementor-size-default\">I\u0161t\u0119stini\u0173 studij\u0173 tvarkaras\u010diai<\/h1>\t\t<\/div>\n\t\t\t\t<\/div>\n\t\t\t\t<div class=\"elementor-element elementor-element-6b57997 elementor-widget elementor-widget-text-editor\" data-id=\"6b57997\" data-element_type=\"widget\" data-settings=\"{&quot;_animation&quot;:&quot;none&quot;,&quot;_animation_delay&quot;:300}\" data-widget_type=\"text-editor.default\">\n\t\t\t\t<div class=\"elementor-widget-container\">\n\t\t\t\t\t\t\t<p>Vilniaus technologij\u0173 ir dizaino kolegija \u2013 \u010dia hobis virsta profesija!<\/p>\t\t\t\t\t\t<\/div>\n\t\t\t\t<\/div>\n\t\t\t\t\t<\/div>\n\t\t<\/div>\n\t\t\t\t<div class=\"elementor-column elementor-col-50 elementor-top-column elementor-element elementor-element-392631f elementor-hidden-desktop elementor-hidden-tablet elementor-hidden-phone\" data-id=\"392631f\" data-element_type=\"column\">\n\t\t\t<div class=\"elementor-widget-wrap\">\n\t\t\t\t\t\t\t\t\t<\/div>\n\t\t<\/div>\n\t\t\t\t\t\t\t<\/div>\n\t\t<\/section>\n\t\t\t\t<section class=\"elementor-section elementor-top-section elementor-element elementor-element-8f37da3 elementor-section-boxed elementor-section-height-default elementor-section-height-default\" data-id=\"8f37da3\" data-element_type=\"section\">\n\t\t\t\t\t\t<div class=\"elementor-container elementor-column-gap-default\">\n\t\t\t\t\t<div class=\"elementor-column elementor-col-100 elementor-top-column elementor-element elementor-element-076b17f\" data-id=\"076b17f\" data-element_type=\"column\">\n\t\t\t<div class=\"elementor-widget-wrap elementor-element-populated\">\n\t\t\t\t\t\t\t\t<div class=\"elementor-element elementor-element-f68e809 elementor-widget elementor-widget-spacer\" data-id=\"f68e809\" data-element_type=\"widget\" data-widget_type=\"spacer.default\">\n\t\t\t\t<div class=\"elementor-widget-container\">\n\t\t\t\t\t<div class=\"elementor-spacer\">\n\t\t\t<div class=\"elementor-spacer-inner\"><\/div>\n\t\t<\/div>\n\t\t\t\t<\/div>\n\t\t\t\t<\/div>\n\t\t\t\t<div class=\"elementor-element elementor-element-b5ff5f2 elementor-widget elementor-widget-text-editor\" data-id=\"b5ff5f2\" data-element_type=\"widget\" data-widget_type=\"text-editor.default\">\n\t\t\t\t<div class=\"elementor-widget-container\">\n\t\t\t\t\t\t\t<p><a href=\"https:\/\/wp.adisoft.lt\/vtdko\/wp-content\/uploads\/2022\/10\/SLT_pavasaris_9.07-1.docx\" target=\"_blank\" rel=\"noopener\">2021\u20132022 s. m. pavasario semestro akademini\u0173 skol\u0173 likvidavimo terminai<\/a><\/p><p><a href=\"https:\/\/wp.adisoft.lt\/vtdko\/wp-content\/uploads\/2022\/10\/TF_22-23_konsultacijos_ruduo-1.xlsx\" target=\"_blank\" rel=\"noopener\">2022\u20132023 s. m. rudens semestro student\u0173 konsultavimo grafikas<\/a><\/p><p>2022\u20132023 s. m. rudens semestro akademini\u0173 skol\u0173 likvidavimo terminai<\/p><p>2022\u20132023 s. m. baigiam\u0173j\u0173 darb\u0173 gynimo grafikas<\/p><p>\u00a0<\/p><p><strong>Tvarkara\u0161\u010diai:<\/strong><\/p><table class=\"table\"><tbody><tr><td>I kursas<\/td><td>EA22N-1, AI22N-1, AT22N-1, AE22N-1,\u00a0GI22N-1, IS22N-1, MT22N-1\u00a0(sesija nuo 2022-12-05)<\/td><\/tr><tr><td>II kursas<\/td><td><a href=\"https:\/\/wp.adisoft.lt\/vtdko\/wp-content\/uploads\/2022\/10\/Visi_21N_1-10.16.xls\" target=\"_blank\" rel=\"noopener\">EA21N-1, EN21N-1, AE21N-1, AT21N-1, GI21N-1, IS21N-1, MT21N-1<\/a>\u00a0(sesija nuo 2022-10-17)<\/td><\/tr><tr><td>III kursas<\/td><td><a href=\"https:\/\/wp.adisoft.lt\/vtdko\/wp-content\/uploads\/2022\/10\/Visi_20N_1-10.21.xls\" target=\"_blank\" rel=\"noopener\">EA20N-1, EN20N-1, AE20N-1, AT20N-1, GI20N-1, IS20N-1, MT20N-1<\/a>\u00a0(sesija nuo 2022-10-10)<\/td><\/tr><tr><td>IV kursas<\/td><td><a href=\"https:\/\/wp.adisoft.lt\/vtdko\/wp-content\/uploads\/2022\/10\/Visi_19N_1-10.05.xls\" target=\"_blank\" rel=\"noopener\">AE19N, EI19N, AT19N, GS19N, GI19N, MT19N<\/a>\u00a0(sesija nuo 2022-09-26)<\/td><\/tr><\/tbody><\/table><p><strong>Kontaktai:<\/strong><\/p><div class=\"profile\"><div class=\"title\"><strong>Vilija Po\u017e\u0117lait\u0117<br \/><\/strong><\/div><div class=\"description\">Technikos fakulteto I\u0161t\u0119stini\u0173 studij\u0173 skyriaus koordinator\u0117<br \/>Telefonas: <a href=\"tel:+37052610355\" target=\"_blank\" rel=\"noopener\">(8 5) 261 0355<\/a>; <a href=\"tel:+37064052922\" target=\"_blank\" rel=\"noopener\">8 640 52 922<\/a><br \/>Kabinetas: 307<\/div><div class=\"email\"><a href=\"mailto:v.pozelaite@vtdko.lt\">v.pozelaite@vtdko.lt<\/a><\/div><\/div><p><strong>Informacij\u0105 d\u0117l tvarkara\u0161\u010di\u0173 teikia:<\/strong><\/p><div class=\"profile\"><div class=\"title\"><strong>Jovita \u010ci\u010dinskien\u0117<br \/><\/strong><\/div><div class=\"description\">Studij\u0173 koordinator\u0117<br \/>Telefonas: <a href=\"tel:+37064052921\" target=\"_blank\" rel=\"noopener\">8 640\u00a0 52 921<\/a><br \/>Kabinetas: 306<\/div><div class=\"email\"><a href=\"mailto:j.cicinskiene@vtdko.lt\">j.cicinskiene@vtdko.lt<\/a><\/div><\/div><p><strong>Papildoma informacija:<\/strong><\/p><p>I\u0161t\u0119stini\u0173 studij\u0173 1 kurso akademini\u0173 grupi\u0173 indeksavimas:<\/p><table class=\"table\"><tbody><tr><td>AT22N-1<\/td><td>Automobili\u0173 techninis eksploatavimas<\/td><\/tr><tr><td>AE22N-1<\/td><td>Automobili\u0173 elektronikos sistemos<\/td><\/tr><tr><td>AI22N-1<\/td><td>Atsinaujinan\u010dios energijos in\u017einerija<\/td><\/tr><tr><td>EA22N-1<\/td><td>Elektros ir automatikos in\u017einerija<\/td><\/tr><tr><td>MT22N-1<\/td><td>Mechanini\u0173 technologij\u0173 in\u017einerija<\/td><\/tr><tr><td>GI22N-1<\/td><td>Gele\u017einkelio transporto in\u017einerija<\/td><\/tr><tr><td>IS22N-1<\/td><td>Informacini\u0173 sistem\u0173 in\u017einerija<\/td><\/tr><tr><td>\u00a0<\/td><td>\u00a0<\/td><\/tr><\/tbody><\/table>\t\t\t\t\t\t<\/div>\n\t\t\t\t<\/div>\n\t\t\t\t\t<\/div>\n\t\t<\/div>\n\t\t\t\t\t\t\t<\/div>\n\t\t<\/section>\n\t\t\t\t<section class=\"elementor-section elementor-top-section elementor-element elementor-element-303bc71 elementor-section-boxed elementor-section-height-default elementor-section-height-default\" data-id=\"303bc71\" data-element_type=\"section\">\n\t\t\t\t\t\t<div class=\"elementor-container elementor-column-gap-default\">\n\t\t\t\t\t<div class=\"elementor-column elementor-col-100 elementor-top-column elementor-element elementor-element-6f1a692\" data-id=\"6f1a692\" data-element_type=\"column\">\n\t\t\t<div class=\"elementor-widget-wrap elementor-element-populated\">\n\t\t\t\t\t\t\t\t<div class=\"elementor-element elementor-element-a8d3639 elementor-widget elementor-widget-spacer\" data-id=\"a8d3639\" data-element_type=\"widget\" data-widget_type=\"spacer.default\">\n\t\t\t\t<div class=\"elementor-widget-container\">\n\t\t\t\t\t<div class=\"elementor-spacer\">\n\t\t\t<div class=\"elementor-spacer-inner\"><\/div>\n\t\t<\/div>\n\t\t\t\t<\/div>\n\t\t\t\t<\/div>\n\t\t\t\t\t<\/div>\n\t\t<\/div>\n\t\t\t\t\t\t\t<\/div>\n\t\t<\/section>\n\t\t\t\t\t\t\t<\/div>\n\t\t","protected":false},"excerpt":{"rendered":"<p>I\u0161t\u0119stini\u0173 studij\u0173 tvarkaras\u010diai Vilniaus technologij\u0173 ir dizaino kolegija \u2013 \u010dia hobis virsta profesija! 2021\u20132022 s. m. pavasario semestro akademini\u0173 skol\u0173 likvidavimo terminai 2022\u20132023 s. m. rudens semestro student\u0173 konsultavimo grafikas 2022\u20132023 s. m. rudens semestro akademini\u0173 skol\u0173 likvidavimo terminai 2022\u20132023 s. m. baigiam\u0173j\u0173 darb\u0173 gynimo grafikas \u00a0 Tvarkara\u0161\u010diai: I kursas EA22N-1, AI22N-1, AT22N-1, AE22N-1,\u00a0GI22N-1, IS22N-1,&#8230;<\/p>\n","protected":false},"author":1,"featured_media":0,"parent":990617,"menu_order":0,"comment_status":"closed","ping_status":"closed","template":"","meta":{"inline_featured_image":false,"footnotes":""},"class_list":["post-990632","page","type-page","status-publish","hentry"],"yoast_head":"<!-- This site is optimized with the Yoast SEO plugin v19.12 - https:\/\/yoast.com\/wordpress\/plugins\/seo\/ -->\n<title>Technikos fakulteto i\u0161t\u0119stini\u0173 studij\u0173 tvarkaras\u010diai - vtdko<\/title>\n<meta name=\"robots\" content=\"noindex, follow, max-snippet:-1, max-image-preview:large, max-video-preview:-1\" \/>\n<meta property=\"og:locale\" content=\"lt_LT\" \/>\n<meta property=\"og:type\" content=\"article\" \/>\n<meta property=\"og:title\" content=\"Technikos fakulteto i\u0161t\u0119stini\u0173 studij\u0173 tvarkaras\u010diai - vtdko\" \/>\n<meta property=\"og:description\" content=\"I\u0161t\u0119stini\u0173 studij\u0173 tvarkaras\u010diai Vilniaus technologij\u0173 ir dizaino kolegija \u2013 \u010dia hobis virsta profesija! 2021\u20132022 s. m. pavasario semestro akademini\u0173 skol\u0173 likvidavimo terminai 2022\u20132023 s. m. rudens semestro student\u0173 konsultavimo grafikas 2022\u20132023 s. m. rudens semestro akademini\u0173 skol\u0173 likvidavimo terminai 2022\u20132023 s. m. baigiam\u0173j\u0173 darb\u0173 gynimo grafikas \u00a0 Tvarkara\u0161\u010diai: I kursas EA22N-1, AI22N-1, AT22N-1, AE22N-1,\u00a0GI22N-1, IS22N-1,...\" \/>\n<meta property=\"og:url\" content=\"https:\/\/wp.adisoft.lt\/vtdko\/technikos-fakultetas\/istestiniu-studiju-tvarkarasciai-2\/\" \/>\n<meta property=\"og:site_name\" content=\"vtdko\" \/>\n<meta property=\"article:modified_time\" content=\"2023-02-23T07:26:58+00:00\" \/>\n<meta name=\"twitter:card\" content=\"summary_large_image\" \/>\n<meta name=\"twitter:label1\" content=\"Est. reading time\" \/>\n\t<meta name=\"twitter:data1\" content=\"1 minut\u0117\" \/>\n<script type=\"application\/ld+json\" class=\"yoast-schema-graph\">{\"@context\":\"https:\/\/schema.org\",\"@graph\":[{\"@type\":\"WebPage\",\"@id\":\"https:\/\/wp.adisoft.lt\/vtdko\/technikos-fakultetas\/istestiniu-studiju-tvarkarasciai-2\/\",\"url\":\"https:\/\/wp.adisoft.lt\/vtdko\/technikos-fakultetas\/istestiniu-studiju-tvarkarasciai-2\/\",\"name\":\"Technikos fakulteto i\u0161t\u0119stini\u0173 studij\u0173 tvarkaras\u010diai - vtdko\",\"isPartOf\":{\"@id\":\"https:\/\/wp.adisoft.lt\/vtdko\/#website\"},\"datePublished\":\"2022-10-24T11:51:03+00:00\",\"dateModified\":\"2023-02-23T07:26:58+00:00\",\"breadcrumb\":{\"@id\":\"https:\/\/wp.adisoft.lt\/vtdko\/technikos-fakultetas\/istestiniu-studiju-tvarkarasciai-2\/#breadcrumb\"},\"inLanguage\":\"lt-LT\",\"potentialAction\":[{\"@type\":\"ReadAction\",\"target\":[\"https:\/\/wp.adisoft.lt\/vtdko\/technikos-fakultetas\/istestiniu-studiju-tvarkarasciai-2\/\"]}]},{\"@type\":\"BreadcrumbList\",\"@id\":\"https:\/\/wp.adisoft.lt\/vtdko\/technikos-fakultetas\/istestiniu-studiju-tvarkarasciai-2\/#breadcrumb\",\"itemListElement\":[{\"@type\":\"ListItem\",\"position\":1,\"name\":\"Pagrindinis\",\"item\":\"https:\/\/wp.adisoft.lt\/vtdko\/\"},{\"@type\":\"ListItem\",\"position\":2,\"name\":\"Technikos fakultetas\",\"item\":\"https:\/\/wp.adisoft.lt\/vtdko\/technikos-fakultetas\/\"},{\"@type\":\"ListItem\",\"position\":3,\"name\":\"Technikos fakulteto i\u0161t\u0119stini\u0173 studij\u0173 tvarkaras\u010diai\"}]},{\"@type\":\"WebSite\",\"@id\":\"https:\/\/wp.adisoft.lt\/vtdko\/#website\",\"url\":\"https:\/\/wp.adisoft.lt\/vtdko\/\",\"name\":\"vtdko\",\"description\":\"Vilniaus technologij\u0173 ir dizaino kolegija\",\"publisher\":{\"@id\":\"https:\/\/wp.adisoft.lt\/vtdko\/#organization\"},\"potentialAction\":[{\"@type\":\"SearchAction\",\"target\":{\"@type\":\"EntryPoint\",\"urlTemplate\":\"https:\/\/wp.adisoft.lt\/vtdko\/?s={search_term_string}\"},\"query-input\":\"required name=search_term_string\"}],\"inLanguage\":\"lt-LT\"},{\"@type\":\"Organization\",\"@id\":\"https:\/\/wp.adisoft.lt\/vtdko\/#organization\",\"name\":\"vtdko\",\"url\":\"https:\/\/wp.adisoft.lt\/vtdko\/\",\"logo\":{\"@type\":\"ImageObject\",\"inLanguage\":\"lt-LT\",\"@id\":\"https:\/\/wp.adisoft.lt\/vtdko\/#\/schema\/logo\/image\/\",\"url\":\"https:\/\/wp.adisoft.lt\/vtdko\/wp-content\/uploads\/2020\/02\/Logo-su-tekstu-01.svg\",\"contentUrl\":\"https:\/\/wp.adisoft.lt\/vtdko\/wp-content\/uploads\/2020\/02\/Logo-su-tekstu-01.svg\",\"width\":151,\"height\":74,\"caption\":\"vtdko\"},\"image\":{\"@id\":\"https:\/\/wp.adisoft.lt\/vtdko\/#\/schema\/logo\/image\/\"}}]}<\/script>\n<!-- \/ Yoast SEO plugin. -->","yoast_head_json":{"title":"Technikos fakulteto i\u0161t\u0119stini\u0173 studij\u0173 tvarkaras\u010diai - vtdko","robots":{"index":"noindex","follow":"follow","max-snippet":"max-snippet:-1","max-image-preview":"max-image-preview:large","max-video-preview":"max-video-preview:-1"},"og_locale":"lt_LT","og_type":"article","og_title":"Technikos fakulteto i\u0161t\u0119stini\u0173 studij\u0173 tvarkaras\u010diai - vtdko","og_description":"I\u0161t\u0119stini\u0173 studij\u0173 tvarkaras\u010diai Vilniaus technologij\u0173 ir dizaino kolegija \u2013 \u010dia hobis virsta profesija! 2021\u20132022 s. m. pavasario semestro akademini\u0173 skol\u0173 likvidavimo terminai 2022\u20132023 s. m. rudens semestro student\u0173 konsultavimo grafikas 2022\u20132023 s. m. rudens semestro akademini\u0173 skol\u0173 likvidavimo terminai 2022\u20132023 s. m. baigiam\u0173j\u0173 darb\u0173 gynimo grafikas \u00a0 Tvarkara\u0161\u010diai: I kursas EA22N-1, AI22N-1, AT22N-1, AE22N-1,\u00a0GI22N-1, IS22N-1,...","og_url":"https:\/\/wp.adisoft.lt\/vtdko\/technikos-fakultetas\/istestiniu-studiju-tvarkarasciai-2\/","og_site_name":"vtdko","article_modified_time":"2023-02-23T07:26:58+00:00","twitter_card":"summary_large_image","twitter_misc":{"Est. reading time":"1 minut\u0117"},"schema":{"@context":"https:\/\/schema.org","@graph":[{"@type":"WebPage","@id":"https:\/\/wp.adisoft.lt\/vtdko\/technikos-fakultetas\/istestiniu-studiju-tvarkarasciai-2\/","url":"https:\/\/wp.adisoft.lt\/vtdko\/technikos-fakultetas\/istestiniu-studiju-tvarkarasciai-2\/","name":"Technikos fakulteto i\u0161t\u0119stini\u0173 studij\u0173 tvarkaras\u010diai - vtdko","isPartOf":{"@id":"https:\/\/wp.adisoft.lt\/vtdko\/#website"},"datePublished":"2022-10-24T11:51:03+00:00","dateModified":"2023-02-23T07:26:58+00:00","breadcrumb":{"@id":"https:\/\/wp.adisoft.lt\/vtdko\/technikos-fakultetas\/istestiniu-studiju-tvarkarasciai-2\/#breadcrumb"},"inLanguage":"lt-LT","potentialAction":[{"@type":"ReadAction","target":["https:\/\/wp.adisoft.lt\/vtdko\/technikos-fakultetas\/istestiniu-studiju-tvarkarasciai-2\/"]}]},{"@type":"BreadcrumbList","@id":"https:\/\/wp.adisoft.lt\/vtdko\/technikos-fakultetas\/istestiniu-studiju-tvarkarasciai-2\/#breadcrumb","itemListElement":[{"@type":"ListItem","position":1,"name":"Pagrindinis","item":"https:\/\/wp.adisoft.lt\/vtdko\/"},{"@type":"ListItem","position":2,"name":"Technikos fakultetas","item":"https:\/\/wp.adisoft.lt\/vtdko\/technikos-fakultetas\/"},{"@type":"ListItem","position":3,"name":"Technikos fakulteto i\u0161t\u0119stini\u0173 studij\u0173 tvarkaras\u010diai"}]},{"@type":"WebSite","@id":"https:\/\/wp.adisoft.lt\/vtdko\/#website","url":"https:\/\/wp.adisoft.lt\/vtdko\/","name":"vtdko","description":"Vilniaus technologij\u0173 ir dizaino kolegija","publisher":{"@id":"https:\/\/wp.adisoft.lt\/vtdko\/#organization"},"potentialAction":[{"@type":"SearchAction","target":{"@type":"EntryPoint","urlTemplate":"https:\/\/wp.adisoft.lt\/vtdko\/?s={search_term_string}"},"query-input":"required name=search_term_string"}],"inLanguage":"lt-LT"},{"@type":"Organization","@id":"https:\/\/wp.adisoft.lt\/vtdko\/#organization","name":"vtdko","url":"https:\/\/wp.adisoft.lt\/vtdko\/","logo":{"@type":"ImageObject","inLanguage":"lt-LT","@id":"https:\/\/wp.adisoft.lt\/vtdko\/#\/schema\/logo\/image\/","url":"https:\/\/wp.adisoft.lt\/vtdko\/wp-content\/uploads\/2020\/02\/Logo-su-tekstu-01.svg","contentUrl":"https:\/\/wp.adisoft.lt\/vtdko\/wp-content\/uploads\/2020\/02\/Logo-su-tekstu-01.svg","width":151,"height":74,"caption":"vtdko"},"image":{"@id":"https:\/\/wp.adisoft.lt\/vtdko\/#\/schema\/logo\/image\/"}}]}},"_links":{"self":[{"href":"https:\/\/wp.adisoft.lt\/vtdko\/wp-json\/wp\/v2\/pages\/990632","targetHints":{"allow":["GET"]}}],"collection":[{"href":"https:\/\/wp.adisoft.lt\/vtdko\/wp-json\/wp\/v2\/pages"}],"about":[{"href":"https:\/\/wp.adisoft.lt\/vtdko\/wp-json\/wp\/v2\/types\/page"}],"author":[{"embeddable":true,"href":"https:\/\/wp.adisoft.lt\/vtdko\/wp-json\/wp\/v2\/users\/1"}],"replies":[{"embeddable":true,"href":"https:\/\/wp.adisoft.lt\/vtdko\/wp-json\/wp\/v2\/comments?post=990632"}],"version-history":[{"count":13,"href":"https:\/\/wp.adisoft.lt\/vtdko\/wp-json\/wp\/v2\/pages\/990632\/revisions"}],"predecessor-version":[{"id":1000297,"href":"https:\/\/wp.adisoft.lt\/vtdko\/wp-json\/wp\/v2\/pages\/990632\/revisions\/1000297"}],"up":[{"embeddable":true,"href":"https:\/\/wp.adisoft.lt\/vtdko\/wp-json\/wp\/v2\/pages\/990617"}],"wp:attachment":[{"href":"https:\/\/wp.adisoft.lt\/vtdko\/wp-json\/wp\/v2\/media?parent=990632"}],"curies":[{"name":"wp","href":"https:\/\/api.w.org\/{rel}","templated":true}]}}