{"id":991203,"date":"2022-10-25T14:20:29","date_gmt":"2022-10-25T11:20:29","guid":{"rendered":"https:\/\/wp.adisoft.lt\/vtdko\/?page_id=991203"},"modified":"2023-02-03T20:40:24","modified_gmt":"2023-02-03T17:40:24","slug":"karinos-piecaitytes-darbu-paroda","status":"publish","type":"page","link":"https:\/\/wp.adisoft.lt\/vtdko\/informacija-vartotojams\/karinos-piecaitytes-darbu-paroda\/","title":{"rendered":"Karinos Pie\u010daityt\u0117s darb\u0173 paroda"},"content":{"rendered":"\t\t<div data-elementor-type=\"wp-page\" data-elementor-id=\"991203\" class=\"elementor elementor-991203\">\n\t\t\t\t\t\t\t\t\t<section class=\"elementor-section elementor-top-section elementor-element elementor-element-9e34afe elementor-section-height-min-height elementor-section-boxed elementor-section-height-default elementor-section-items-middle\" data-id=\"9e34afe\" data-element_type=\"section\" data-settings=\"{&quot;background_background&quot;:&quot;classic&quot;,&quot;animation&quot;:&quot;none&quot;}\">\n\t\t\t\t\t\t<div class=\"elementor-container elementor-column-gap-default\">\n\t\t\t\t\t<div class=\"elementor-column elementor-col-100 elementor-top-column elementor-element elementor-element-43351eb\" data-id=\"43351eb\" data-element_type=\"column\" data-settings=\"{&quot;background_background&quot;:&quot;classic&quot;}\">\n\t\t\t<div class=\"elementor-widget-wrap\">\n\t\t\t\t\t\t\t\t\t<\/div>\n\t\t<\/div>\n\t\t\t\t\t\t\t<\/div>\n\t\t<\/section>\n\t\t\t\t<section class=\"elementor-section elementor-top-section elementor-element elementor-element-ed5b274 elementor-section-boxed elementor-section-height-default elementor-section-height-default\" data-id=\"ed5b274\" data-element_type=\"section\" data-settings=\"{&quot;animation&quot;:&quot;none&quot;,&quot;animation_tablet&quot;:&quot;none&quot;,&quot;animation_mobile&quot;:&quot;none&quot;}\">\n\t\t\t\t\t\t<div class=\"elementor-container elementor-column-gap-no\">\n\t\t\t\t\t<div class=\"elementor-column elementor-col-50 elementor-top-column elementor-element elementor-element-824b82c animated-fast elementor-invisible\" data-id=\"824b82c\" data-element_type=\"column\" data-settings=\"{&quot;background_background&quot;:&quot;classic&quot;,&quot;animation&quot;:&quot;fadeIn&quot;,&quot;animation_delay&quot;:100}\">\n\t\t\t<div class=\"elementor-widget-wrap elementor-element-populated\">\n\t\t\t\t\t\t\t\t<div class=\"elementor-element elementor-element-aa0b238 elementor-widget__width-auto elementor-widget-tablet__width-auto elementor-widget-mobile__width-inherit elementor-widget elementor-widget-heading\" data-id=\"aa0b238\" data-element_type=\"widget\" data-settings=\"{&quot;_animation&quot;:&quot;none&quot;,&quot;_animation_delay&quot;:200}\" data-widget_type=\"heading.heading_charityfy\">\n\t\t\t\t<div class=\"elementor-widget-container\">\n\t\t\t<h1 class=\"elementor-heading-title elementor-size-default\">Darb\u0173 paroda<\/h1>\t\t<\/div>\n\t\t\t\t<\/div>\n\t\t\t\t<div class=\"elementor-element elementor-element-e159219 elementor-widget elementor-widget-text-editor\" data-id=\"e159219\" data-element_type=\"widget\" data-settings=\"{&quot;_animation&quot;:&quot;none&quot;,&quot;_animation_delay&quot;:300}\" data-widget_type=\"text-editor.default\">\n\t\t\t\t<div class=\"elementor-widget-container\">\n\t\t\t\t\t\t\t<p>Vilniaus technologij\u0173 ir dizaino kolegija \u2013 \u010dia hobis virsta profesija!<\/p>\t\t\t\t\t\t<\/div>\n\t\t\t\t<\/div>\n\t\t\t\t\t<\/div>\n\t\t<\/div>\n\t\t\t\t<div class=\"elementor-column elementor-col-50 elementor-top-column elementor-element elementor-element-03d0c49 elementor-hidden-desktop elementor-hidden-tablet elementor-hidden-phone\" data-id=\"03d0c49\" data-element_type=\"column\">\n\t\t\t<div class=\"elementor-widget-wrap\">\n\t\t\t\t\t\t\t\t\t<\/div>\n\t\t<\/div>\n\t\t\t\t\t\t\t<\/div>\n\t\t<\/section>\n\t\t\t\t<section class=\"elementor-section elementor-top-section elementor-element elementor-element-bffa2f1 elementor-section-boxed elementor-section-height-default elementor-section-height-default\" data-id=\"bffa2f1\" data-element_type=\"section\">\n\t\t\t\t\t\t<div class=\"elementor-container elementor-column-gap-default\">\n\t\t\t\t\t<div class=\"elementor-column elementor-col-100 elementor-top-column elementor-element elementor-element-1965a61\" data-id=\"1965a61\" data-element_type=\"column\">\n\t\t\t<div class=\"elementor-widget-wrap elementor-element-populated\">\n\t\t\t\t\t\t\t\t\t<\/div>\n\t\t<\/div>\n\t\t\t\t\t\t\t<\/div>\n\t\t<\/section>\n\t\t\t\t<section class=\"elementor-section elementor-top-section elementor-element elementor-element-a9a2f22 elementor-section-boxed elementor-section-height-default elementor-section-height-default\" data-id=\"a9a2f22\" data-element_type=\"section\">\n\t\t\t\t\t\t<div class=\"elementor-container elementor-column-gap-default\">\n\t\t\t\t\t<div class=\"elementor-column elementor-col-100 elementor-top-column elementor-element elementor-element-7019d4d\" data-id=\"7019d4d\" data-element_type=\"column\">\n\t\t\t<div class=\"elementor-widget-wrap elementor-element-populated\">\n\t\t\t\t\t\t\t\t<div class=\"elementor-element elementor-element-4594e77 elementor-widget elementor-widget-text-editor\" data-id=\"4594e77\" data-element_type=\"widget\" data-widget_type=\"text-editor.default\">\n\t\t\t\t<div class=\"elementor-widget-container\">\n\t\t\t\t\t\t\t<p>Kvie\u010diame apsilankyti bibliotekoje (Oland\u0173 g. 16) eksponuojamoje Karinos Pie\u010daityt\u0117s parodoje \u201ePragaras. Skaistykla. Rojus.\u201d pagal Dant\u0117s poem\u0105 \u201eDievi\u0161koji komedija\u201c.<\/p><p><span style=\"letter-spacing: var(--vamtam-primary-font-letter-spacing-desktop,normal); text-transform: var(--vamtam-primary-font-transform,none);\">Karina Pie\u010daityt\u0117 \u2013 jauna meninink\u0117, kuri 2015 m. baig\u0117 Kauno dail\u0117s gimnazij\u0105, o 2018 m. baig\u0117 grafinio dizaino studijas Vilniaus technologij\u0173 ir dizaino kolegijoje.<\/span><\/p><p><span style=\"letter-spacing: var(--vamtam-primary-font-letter-spacing-desktop,normal); text-transform: var(--vamtam-primary-font-transform,none);\">Darb\u0173 ciklo tema atlikta pagal Aligjerijo Dant\u0117s poem\u0105 \u201eDievi\u0161koji komedija\u201c, kuri laikoma ital\u0173 literat\u016bros \u0161edevru ir vienu svarbiausi\u0173 viduram\u017ei\u0173 Europos gro\u017ein\u0117s literat\u016bros k\u016brini\u0173. \u0160ioje parodoje eksponuojamas darb\u0173 ciklas buvo atliktas derinant pie\u0161imo bei grafikos technikas, kurios buvo perkeltos ant popieriaus sausos adatos metodu, i\u0161rai\u017eant iliustracij\u0105 ir v\u0117liau j\u0105 atspaud\u017eiant grafinio preso pagalba.<\/span><\/p>\n<p><em>&nbsp; &nbsp; &nbsp; &nbsp; Pasak meninink\u0117s k\u016bryba jai padeda i\u0161reik\u0161ti kasdienyb\u0119, \u012fam\u017einti svarbius \u012fvykius ir mintis. Taip pat, jos darbai pasitarnauja, kaip mediumas tarp Karinos id\u0117j\u0173 ir parodos lankytojo. Autor\u0117 viliasi, kad jos darbai \u012fkv\u0117ps kiekvien\u0105 susim\u0105styti, pagauti \u012fkv\u0117pim\u0105 ir pamatyti pasaul\u012f kitomis spalvomis.<\/em><\/p>\n<p>Paroda bus eksponuojama 2022 m. sausio 25 d. &#8211; vasario 28 d.<\/p>\t\t\t\t\t\t<\/div>\n\t\t\t\t<\/div>\n\t\t\t\t<div class=\"elementor-element elementor-element-a4439b4 elementor-widget elementor-widget-image\" data-id=\"a4439b4\" data-element_type=\"widget\" data-widget_type=\"image.default\">\n\t\t\t\t<div class=\"elementor-widget-container\">\n\t\t\t\t\t\t\t<div class=\"elementor-image\">\n\t\t\t\t\t\t\t\t\t\t\t\t\t\t\t\t\t\t\t\t\t<img loading=\"lazy\" decoding=\"async\" width=\"768\" height=\"447\" src=\"https:\/\/wp.adisoft.lt\/vtdko\/wp-content\/uploads\/2022\/10\/dieviskoji.komedija-768x447.jpeg\" class=\"attachment-medium_large size-medium_large\" alt=\"\" srcset=\"https:\/\/wp.adisoft.lt\/vtdko\/wp-content\/uploads\/2022\/10\/dieviskoji.komedija-768x447.jpeg 768w, https:\/\/wp.adisoft.lt\/vtdko\/wp-content\/uploads\/2022\/10\/dieviskoji.komedija-300x175.jpeg 300w, https:\/\/wp.adisoft.lt\/vtdko\/wp-content\/uploads\/2022\/10\/dieviskoji.komedija-1024x596.jpeg 1024w, https:\/\/wp.adisoft.lt\/vtdko\/wp-content\/uploads\/2022\/10\/dieviskoji.komedija-1536x894.jpeg 1536w, https:\/\/wp.adisoft.lt\/vtdko\/wp-content\/uploads\/2022\/10\/dieviskoji.komedija-2048x1192.jpeg 2048w\" sizes=\"auto, (max-width: 768px) 100vw, 768px\" \/>\t\t\t\t\t\t\t\t\t\t\t\t\t\t\t\t\t\t\t\t\t\t\t\t<\/div>\n\t\t\t\t\t\t<\/div>\n\t\t\t\t<\/div>\n\t\t\t\t\t<\/div>\n\t\t<\/div>\n\t\t\t\t\t\t\t<\/div>\n\t\t<\/section>\n\t\t\t\t<section class=\"elementor-section elementor-top-section elementor-element elementor-element-f3f0863 elementor-section-boxed elementor-section-height-default elementor-section-height-default\" data-id=\"f3f0863\" data-element_type=\"section\">\n\t\t\t\t\t\t<div class=\"elementor-container elementor-column-gap-default\">\n\t\t\t\t\t<div class=\"elementor-column elementor-col-100 elementor-top-column elementor-element elementor-element-94b5f00\" data-id=\"94b5f00\" data-element_type=\"column\">\n\t\t\t<div class=\"elementor-widget-wrap elementor-element-populated\">\n\t\t\t\t\t\t\t\t<div class=\"elementor-element elementor-element-13b633f elementor-widget elementor-widget-spacer\" data-id=\"13b633f\" data-element_type=\"widget\" data-widget_type=\"spacer.default\">\n\t\t\t\t<div class=\"elementor-widget-container\">\n\t\t\t\t\t<div class=\"elementor-spacer\">\n\t\t\t<div class=\"elementor-spacer-inner\"><\/div>\n\t\t<\/div>\n\t\t\t\t<\/div>\n\t\t\t\t<\/div>\n\t\t\t\t\t<\/div>\n\t\t<\/div>\n\t\t\t\t\t\t\t<\/div>\n\t\t<\/section>\n\t\t\t\t\t\t\t<\/div>\n\t\t","protected":false},"excerpt":{"rendered":"<p>Darb\u0173 paroda Vilniaus technologij\u0173 ir dizaino kolegija \u2013 \u010dia hobis virsta profesija! Kvie\u010diame apsilankyti bibliotekoje (Oland\u0173 g. 16) eksponuojamoje Karinos Pie\u010daityt\u0117s parodoje \u201ePragaras. Skaistykla. Rojus.\u201d pagal Dant\u0117s poem\u0105 \u201eDievi\u0161koji komedija\u201c. Karina Pie\u010daityt\u0117 \u2013 jauna meninink\u0117, kuri 2015 m. baig\u0117 Kauno dail\u0117s gimnazij\u0105, o 2018 m. baig\u0117 grafinio dizaino studijas Vilniaus technologij\u0173 ir dizaino kolegijoje. Darb\u0173&#8230;<\/p>\n","protected":false},"author":1,"featured_media":0,"parent":990813,"menu_order":0,"comment_status":"closed","ping_status":"closed","template":"","meta":{"inline_featured_image":false,"footnotes":""},"class_list":["post-991203","page","type-page","status-publish","hentry"],"yoast_head":"<!-- This site is optimized with the Yoast SEO plugin v19.12 - https:\/\/yoast.com\/wordpress\/plugins\/seo\/ -->\n<title>Karinos Pie\u010daityt\u0117s darb\u0173 paroda - vtdko<\/title>\n<meta name=\"robots\" content=\"noindex, follow, max-snippet:-1, max-image-preview:large, max-video-preview:-1\" \/>\n<meta property=\"og:locale\" content=\"lt_LT\" \/>\n<meta property=\"og:type\" content=\"article\" \/>\n<meta property=\"og:title\" content=\"Karinos Pie\u010daityt\u0117s darb\u0173 paroda - vtdko\" \/>\n<meta property=\"og:description\" content=\"Darb\u0173 paroda Vilniaus technologij\u0173 ir dizaino kolegija \u2013 \u010dia hobis virsta profesija! Kvie\u010diame apsilankyti bibliotekoje (Oland\u0173 g. 16) eksponuojamoje Karinos Pie\u010daityt\u0117s parodoje \u201ePragaras. Skaistykla. Rojus.\u201d pagal Dant\u0117s poem\u0105 \u201eDievi\u0161koji komedija\u201c. Karina Pie\u010daityt\u0117 \u2013 jauna meninink\u0117, kuri 2015 m. baig\u0117 Kauno dail\u0117s gimnazij\u0105, o 2018 m. baig\u0117 grafinio dizaino studijas Vilniaus technologij\u0173 ir dizaino kolegijoje. Darb\u0173...\" \/>\n<meta property=\"og:url\" content=\"https:\/\/wp.adisoft.lt\/vtdko\/informacija-vartotojams\/karinos-piecaitytes-darbu-paroda\/\" \/>\n<meta property=\"og:site_name\" content=\"vtdko\" \/>\n<meta property=\"article:modified_time\" content=\"2023-02-03T17:40:24+00:00\" \/>\n<meta property=\"og:image\" content=\"https:\/\/wp.adisoft.lt\/vtdko\/wp-content\/uploads\/2022\/10\/dieviskoji.komedija-768x447.jpeg\" \/>\n<meta name=\"twitter:card\" content=\"summary_large_image\" \/>\n<meta name=\"twitter:label1\" content=\"Est. reading time\" \/>\n\t<meta name=\"twitter:data1\" content=\"2 minut\u0117s\" \/>\n<script type=\"application\/ld+json\" class=\"yoast-schema-graph\">{\"@context\":\"https:\/\/schema.org\",\"@graph\":[{\"@type\":\"WebPage\",\"@id\":\"https:\/\/wp.adisoft.lt\/vtdko\/informacija-vartotojams\/karinos-piecaitytes-darbu-paroda\/\",\"url\":\"https:\/\/wp.adisoft.lt\/vtdko\/informacija-vartotojams\/karinos-piecaitytes-darbu-paroda\/\",\"name\":\"Karinos Pie\u010daityt\u0117s darb\u0173 paroda - vtdko\",\"isPartOf\":{\"@id\":\"https:\/\/wp.adisoft.lt\/vtdko\/#website\"},\"datePublished\":\"2022-10-25T11:20:29+00:00\",\"dateModified\":\"2023-02-03T17:40:24+00:00\",\"breadcrumb\":{\"@id\":\"https:\/\/wp.adisoft.lt\/vtdko\/informacija-vartotojams\/karinos-piecaitytes-darbu-paroda\/#breadcrumb\"},\"inLanguage\":\"lt-LT\",\"potentialAction\":[{\"@type\":\"ReadAction\",\"target\":[\"https:\/\/wp.adisoft.lt\/vtdko\/informacija-vartotojams\/karinos-piecaitytes-darbu-paroda\/\"]}]},{\"@type\":\"BreadcrumbList\",\"@id\":\"https:\/\/wp.adisoft.lt\/vtdko\/informacija-vartotojams\/karinos-piecaitytes-darbu-paroda\/#breadcrumb\",\"itemListElement\":[{\"@type\":\"ListItem\",\"position\":1,\"name\":\"Pagrindinis\",\"item\":\"https:\/\/wp.adisoft.lt\/vtdko\/\"},{\"@type\":\"ListItem\",\"position\":2,\"name\":\"Informacija vartotojams\",\"item\":\"https:\/\/wp.adisoft.lt\/vtdko\/informacija-vartotojams\/\"},{\"@type\":\"ListItem\",\"position\":3,\"name\":\"Karinos Pie\u010daityt\u0117s darb\u0173 paroda\"}]},{\"@type\":\"WebSite\",\"@id\":\"https:\/\/wp.adisoft.lt\/vtdko\/#website\",\"url\":\"https:\/\/wp.adisoft.lt\/vtdko\/\",\"name\":\"vtdko\",\"description\":\"Vilniaus technologij\u0173 ir dizaino kolegija\",\"publisher\":{\"@id\":\"https:\/\/wp.adisoft.lt\/vtdko\/#organization\"},\"potentialAction\":[{\"@type\":\"SearchAction\",\"target\":{\"@type\":\"EntryPoint\",\"urlTemplate\":\"https:\/\/wp.adisoft.lt\/vtdko\/?s={search_term_string}\"},\"query-input\":\"required name=search_term_string\"}],\"inLanguage\":\"lt-LT\"},{\"@type\":\"Organization\",\"@id\":\"https:\/\/wp.adisoft.lt\/vtdko\/#organization\",\"name\":\"vtdko\",\"url\":\"https:\/\/wp.adisoft.lt\/vtdko\/\",\"logo\":{\"@type\":\"ImageObject\",\"inLanguage\":\"lt-LT\",\"@id\":\"https:\/\/wp.adisoft.lt\/vtdko\/#\/schema\/logo\/image\/\",\"url\":\"https:\/\/wp.adisoft.lt\/vtdko\/wp-content\/uploads\/2020\/02\/Logo-su-tekstu-01.svg\",\"contentUrl\":\"https:\/\/wp.adisoft.lt\/vtdko\/wp-content\/uploads\/2020\/02\/Logo-su-tekstu-01.svg\",\"width\":151,\"height\":74,\"caption\":\"vtdko\"},\"image\":{\"@id\":\"https:\/\/wp.adisoft.lt\/vtdko\/#\/schema\/logo\/image\/\"}}]}<\/script>\n<!-- \/ Yoast SEO plugin. -->","yoast_head_json":{"title":"Karinos Pie\u010daityt\u0117s darb\u0173 paroda - vtdko","robots":{"index":"noindex","follow":"follow","max-snippet":"max-snippet:-1","max-image-preview":"max-image-preview:large","max-video-preview":"max-video-preview:-1"},"og_locale":"lt_LT","og_type":"article","og_title":"Karinos Pie\u010daityt\u0117s darb\u0173 paroda - vtdko","og_description":"Darb\u0173 paroda Vilniaus technologij\u0173 ir dizaino kolegija \u2013 \u010dia hobis virsta profesija! Kvie\u010diame apsilankyti bibliotekoje (Oland\u0173 g. 16) eksponuojamoje Karinos Pie\u010daityt\u0117s parodoje \u201ePragaras. Skaistykla. Rojus.\u201d pagal Dant\u0117s poem\u0105 \u201eDievi\u0161koji komedija\u201c. Karina Pie\u010daityt\u0117 \u2013 jauna meninink\u0117, kuri 2015 m. baig\u0117 Kauno dail\u0117s gimnazij\u0105, o 2018 m. baig\u0117 grafinio dizaino studijas Vilniaus technologij\u0173 ir dizaino kolegijoje. Darb\u0173...","og_url":"https:\/\/wp.adisoft.lt\/vtdko\/informacija-vartotojams\/karinos-piecaitytes-darbu-paroda\/","og_site_name":"vtdko","article_modified_time":"2023-02-03T17:40:24+00:00","og_image":[{"url":"https:\/\/wp.adisoft.lt\/vtdko\/wp-content\/uploads\/2022\/10\/dieviskoji.komedija-768x447.jpeg"}],"twitter_card":"summary_large_image","twitter_misc":{"Est. reading time":"2 minut\u0117s"},"schema":{"@context":"https:\/\/schema.org","@graph":[{"@type":"WebPage","@id":"https:\/\/wp.adisoft.lt\/vtdko\/informacija-vartotojams\/karinos-piecaitytes-darbu-paroda\/","url":"https:\/\/wp.adisoft.lt\/vtdko\/informacija-vartotojams\/karinos-piecaitytes-darbu-paroda\/","name":"Karinos Pie\u010daityt\u0117s darb\u0173 paroda - vtdko","isPartOf":{"@id":"https:\/\/wp.adisoft.lt\/vtdko\/#website"},"datePublished":"2022-10-25T11:20:29+00:00","dateModified":"2023-02-03T17:40:24+00:00","breadcrumb":{"@id":"https:\/\/wp.adisoft.lt\/vtdko\/informacija-vartotojams\/karinos-piecaitytes-darbu-paroda\/#breadcrumb"},"inLanguage":"lt-LT","potentialAction":[{"@type":"ReadAction","target":["https:\/\/wp.adisoft.lt\/vtdko\/informacija-vartotojams\/karinos-piecaitytes-darbu-paroda\/"]}]},{"@type":"BreadcrumbList","@id":"https:\/\/wp.adisoft.lt\/vtdko\/informacija-vartotojams\/karinos-piecaitytes-darbu-paroda\/#breadcrumb","itemListElement":[{"@type":"ListItem","position":1,"name":"Pagrindinis","item":"https:\/\/wp.adisoft.lt\/vtdko\/"},{"@type":"ListItem","position":2,"name":"Informacija vartotojams","item":"https:\/\/wp.adisoft.lt\/vtdko\/informacija-vartotojams\/"},{"@type":"ListItem","position":3,"name":"Karinos Pie\u010daityt\u0117s darb\u0173 paroda"}]},{"@type":"WebSite","@id":"https:\/\/wp.adisoft.lt\/vtdko\/#website","url":"https:\/\/wp.adisoft.lt\/vtdko\/","name":"vtdko","description":"Vilniaus technologij\u0173 ir dizaino kolegija","publisher":{"@id":"https:\/\/wp.adisoft.lt\/vtdko\/#organization"},"potentialAction":[{"@type":"SearchAction","target":{"@type":"EntryPoint","urlTemplate":"https:\/\/wp.adisoft.lt\/vtdko\/?s={search_term_string}"},"query-input":"required name=search_term_string"}],"inLanguage":"lt-LT"},{"@type":"Organization","@id":"https:\/\/wp.adisoft.lt\/vtdko\/#organization","name":"vtdko","url":"https:\/\/wp.adisoft.lt\/vtdko\/","logo":{"@type":"ImageObject","inLanguage":"lt-LT","@id":"https:\/\/wp.adisoft.lt\/vtdko\/#\/schema\/logo\/image\/","url":"https:\/\/wp.adisoft.lt\/vtdko\/wp-content\/uploads\/2020\/02\/Logo-su-tekstu-01.svg","contentUrl":"https:\/\/wp.adisoft.lt\/vtdko\/wp-content\/uploads\/2020\/02\/Logo-su-tekstu-01.svg","width":151,"height":74,"caption":"vtdko"},"image":{"@id":"https:\/\/wp.adisoft.lt\/vtdko\/#\/schema\/logo\/image\/"}}]}},"_links":{"self":[{"href":"https:\/\/wp.adisoft.lt\/vtdko\/wp-json\/wp\/v2\/pages\/991203","targetHints":{"allow":["GET"]}}],"collection":[{"href":"https:\/\/wp.adisoft.lt\/vtdko\/wp-json\/wp\/v2\/pages"}],"about":[{"href":"https:\/\/wp.adisoft.lt\/vtdko\/wp-json\/wp\/v2\/types\/page"}],"author":[{"embeddable":true,"href":"https:\/\/wp.adisoft.lt\/vtdko\/wp-json\/wp\/v2\/users\/1"}],"replies":[{"embeddable":true,"href":"https:\/\/wp.adisoft.lt\/vtdko\/wp-json\/wp\/v2\/comments?post=991203"}],"version-history":[{"count":19,"href":"https:\/\/wp.adisoft.lt\/vtdko\/wp-json\/wp\/v2\/pages\/991203\/revisions"}],"predecessor-version":[{"id":998461,"href":"https:\/\/wp.adisoft.lt\/vtdko\/wp-json\/wp\/v2\/pages\/991203\/revisions\/998461"}],"up":[{"embeddable":true,"href":"https:\/\/wp.adisoft.lt\/vtdko\/wp-json\/wp\/v2\/pages\/990813"}],"wp:attachment":[{"href":"https:\/\/wp.adisoft.lt\/vtdko\/wp-json\/wp\/v2\/media?parent=991203"}],"curies":[{"name":"wp","href":"https:\/\/api.w.org\/{rel}","templated":true}]}}