{"id":991428,"date":"2022-10-26T09:13:22","date_gmt":"2022-10-26T06:13:22","guid":{"rendered":"https:\/\/wp.adisoft.lt\/vtdko\/?page_id=991428"},"modified":"2022-12-16T20:55:50","modified_gmt":"2022-12-16T17:55:50","slug":"mokslometrija","status":"publish","type":"page","link":"https:\/\/wp.adisoft.lt\/vtdko\/biblioteka\/mokslas-publikacijos-citavimas\/mokslometrija\/","title":{"rendered":"Mokslometrija"},"content":{"rendered":"\t\t<div data-elementor-type=\"wp-page\" data-elementor-id=\"991428\" class=\"elementor elementor-991428\">\n\t\t\t\t\t\t\t\t\t<section class=\"elementor-section elementor-top-section elementor-element elementor-element-ef64833 elementor-section-height-min-height elementor-section-boxed elementor-section-height-default elementor-section-items-middle\" data-id=\"ef64833\" data-element_type=\"section\" data-settings=\"{&quot;background_background&quot;:&quot;classic&quot;,&quot;animation&quot;:&quot;none&quot;}\">\n\t\t\t\t\t\t<div class=\"elementor-container elementor-column-gap-default\">\n\t\t\t\t\t<div class=\"elementor-column elementor-col-100 elementor-top-column elementor-element elementor-element-79a4aa4\" data-id=\"79a4aa4\" data-element_type=\"column\" data-settings=\"{&quot;background_background&quot;:&quot;classic&quot;}\">\n\t\t\t<div class=\"elementor-widget-wrap\">\n\t\t\t\t\t\t\t\t\t<\/div>\n\t\t<\/div>\n\t\t\t\t\t\t\t<\/div>\n\t\t<\/section>\n\t\t\t\t<section class=\"elementor-section elementor-top-section elementor-element elementor-element-62bfd65 elementor-section-boxed elementor-section-height-default elementor-section-height-default\" data-id=\"62bfd65\" data-element_type=\"section\" data-settings=\"{&quot;animation&quot;:&quot;none&quot;,&quot;animation_tablet&quot;:&quot;none&quot;,&quot;animation_mobile&quot;:&quot;none&quot;}\">\n\t\t\t\t\t\t<div class=\"elementor-container elementor-column-gap-no\">\n\t\t\t\t\t<div class=\"elementor-column elementor-col-50 elementor-top-column elementor-element elementor-element-866bf5a animated-fast elementor-invisible\" data-id=\"866bf5a\" data-element_type=\"column\" data-settings=\"{&quot;background_background&quot;:&quot;classic&quot;,&quot;animation&quot;:&quot;fadeIn&quot;,&quot;animation_delay&quot;:100}\">\n\t\t\t<div class=\"elementor-widget-wrap elementor-element-populated\">\n\t\t\t\t\t\t\t\t<div class=\"elementor-element elementor-element-dddfd07 elementor-widget__width-auto elementor-widget-tablet__width-auto elementor-widget-mobile__width-inherit elementor-widget elementor-widget-heading\" data-id=\"dddfd07\" data-element_type=\"widget\" data-settings=\"{&quot;_animation&quot;:&quot;none&quot;,&quot;_animation_delay&quot;:200}\" data-widget_type=\"heading.heading_charityfy\">\n\t\t\t\t<div class=\"elementor-widget-container\">\n\t\t\t<h1 class=\"elementor-heading-title elementor-size-default\">Mokslometrija<\/h1>\t\t<\/div>\n\t\t\t\t<\/div>\n\t\t\t\t<div class=\"elementor-element elementor-element-87d6b1b elementor-widget elementor-widget-text-editor\" data-id=\"87d6b1b\" data-element_type=\"widget\" data-settings=\"{&quot;_animation&quot;:&quot;none&quot;,&quot;_animation_delay&quot;:300}\" data-widget_type=\"text-editor.default\">\n\t\t\t\t<div class=\"elementor-widget-container\">\n\t\t\t\t\t\t\t<p>Vilniaus technologij\u0173 ir dizaino kolegija \u2013 \u010dia hobis virsta profesija!<\/p>\t\t\t\t\t\t<\/div>\n\t\t\t\t<\/div>\n\t\t\t\t\t<\/div>\n\t\t<\/div>\n\t\t\t\t<div class=\"elementor-column elementor-col-50 elementor-top-column elementor-element elementor-element-e0af997 elementor-hidden-desktop elementor-hidden-tablet elementor-hidden-phone\" data-id=\"e0af997\" data-element_type=\"column\">\n\t\t\t<div class=\"elementor-widget-wrap\">\n\t\t\t\t\t\t\t\t\t<\/div>\n\t\t<\/div>\n\t\t\t\t\t\t\t<\/div>\n\t\t<\/section>\n\t\t\t\t<section class=\"elementor-section elementor-top-section elementor-element elementor-element-8f37da3 elementor-section-boxed elementor-section-height-default elementor-section-height-default\" data-id=\"8f37da3\" data-element_type=\"section\">\n\t\t\t\t\t\t<div class=\"elementor-container elementor-column-gap-default\">\n\t\t\t\t\t<div class=\"elementor-column elementor-col-100 elementor-top-column elementor-element elementor-element-076b17f\" data-id=\"076b17f\" data-element_type=\"column\">\n\t\t\t<div class=\"elementor-widget-wrap elementor-element-populated\">\n\t\t\t\t\t\t\t\t<div class=\"elementor-element elementor-element-69999c6 elementor-widget elementor-widget-spacer\" data-id=\"69999c6\" data-element_type=\"widget\" data-widget_type=\"spacer.default\">\n\t\t\t\t<div class=\"elementor-widget-container\">\n\t\t\t\t\t<div class=\"elementor-spacer\">\n\t\t\t<div class=\"elementor-spacer-inner\"><\/div>\n\t\t<\/div>\n\t\t\t\t<\/div>\n\t\t\t\t<\/div>\n\t\t\t\t\t<\/div>\n\t\t<\/div>\n\t\t\t\t\t\t\t<\/div>\n\t\t<\/section>\n\t\t\t\t<section class=\"elementor-section elementor-top-section elementor-element elementor-element-64e2867 elementor-section-boxed elementor-section-height-default elementor-section-height-default\" data-id=\"64e2867\" data-element_type=\"section\">\n\t\t\t\t\t\t<div class=\"elementor-container elementor-column-gap-default\">\n\t\t\t\t\t<div class=\"elementor-column elementor-col-100 elementor-top-column elementor-element elementor-element-8032361\" data-id=\"8032361\" data-element_type=\"column\">\n\t\t\t<div class=\"elementor-widget-wrap elementor-element-populated\">\n\t\t\t\t\t\t\t\t<div class=\"elementor-element elementor-element-77b5c7b elementor-widget elementor-widget-text-editor\" data-id=\"77b5c7b\" data-element_type=\"widget\" data-widget_type=\"text-editor.default\">\n\t\t\t\t<div class=\"elementor-widget-container\">\n\t\t\t\t\t\t\t<p><em><strong>Mokslometrija<\/strong>\u00a0vadinama mokslo kryptis, skirta kiekybinei ir vertinamajai mokslin\u0117s veiklos analizei. Vienas i\u0161 tokios analiz\u0117s metod\u0173 yra\u00a0<strong>bibliometrija<\/strong>. Bibliometriniai rodikliai pagal\u00a0<strong>Web of Science<\/strong>\u00a0ir\u00a0<strong>Scopus<\/strong>\u00a0duomen\u0173 bazi\u0173 citavim\u0173 duomenis taikomi formaliame Lietuvos mokslo vertinime<\/em>\u00a0<sup>1<\/sup>.<\/p><p><em>Tarptautiniai \u017eurnalai yra duomen\u0173 baz\u0117se Clarivate Analytics ir Scopus referuojami \u017eurnalai ir (taikoma iki 2022 m.) Lietuvoje i\u0161leid\u017eiami recenzuojami leidiniai, kuriuose per paskutinius trejus metus paskelbtuose straipsniuose u\u017esienio autori\u0173 prieskyr\u0173 svoris yra didesnis nei Lietuvos autori\u0173<sup>\u00a02<\/sup>.<\/em><\/p><p>Tradicinis mokslo vertinimas susietas su mokslini\u0173 publikacij\u0173 recenzavimo bei \u017eurnal\u0173, straipsni\u0173 ir autori\u0173 citavimo analiz\u0117s procesais.\u00a0Labiausiai vertinami moksliniai straipsniai, publikuoti \u017eurnaluose, kurie \u012ftraukti \u012f\u00a0<strong>Web of Science<\/strong>\u00a0<strong>(Clarivate Analytics)<\/strong>\u00a0duomen\u0173 baz\u0119, turintys citavimo rodiklius, taip pat\u00a0<strong>Scopus (Elsevier)<\/strong>\u00a0duomen\u0173 baz\u0119, turintys cituojamumo rodiklius (SNIP).<\/p><p><strong>Mokslo rezultat\u0173, \u017eurnal\u0173 vertinimo rodiklius ir duomenis pateikia \u0161ios duomen\u0173 baz\u0117s ir informacijos paie\u0161kos priemon\u0117s:<\/strong><\/p><table class=\"table\"><tbody><tr><td><a href=\"https:\/\/clarivate.com\/webofsciencegroup\/solutions\/journal-citation-reports\/\">Web of Science &#8211; Journal Citation Reports (Clarivate Analytics)<\/a><\/td><td>Prieiga per Web of Science s\u0105saj\u0105. Duomen\u0173 baz\u0117 pateikia cituojamumo rodiklius. Duomenys prieinami tik duomen\u0173 baz\u0117s prenumeratoriams.<\/td><\/tr><tr><td><a href=\"https:\/\/www.scimagojr.com\/\">Scopus &#8211; Scimago Country &amp; Journal Rank (Elsevier)<\/a><\/td><td>Nemokamas mokslo rezultat\u0173 vertinimo \u012frankis. Paie\u0161ka \u017eurnal\u0173, indeksuojam\u0173 Scopus duomen\u0173 baz\u0117je.<\/td><\/tr><tr><td><a href=\"https:\/\/scholar.google.lt\/\">Google Scholar<\/a><\/td><td>Laisvai prieinama Google informacijos paie\u0161kos sistema teikia citavimo duomenis.<\/td><\/tr><\/tbody><\/table><p><strong>Pagrindiniai \u017eurnal\u0173 vertinimo rodikliai:<\/strong><\/p><table class=\"table\"><tbody><tr><td><strong>Agreguotas cituojamumo rodiklis (Aggregate Citation Impact,\u00a0AIF)<\/strong><\/td><td>Vienos mokslo krypties kategorijos \u017eurnal\u0173 straipsni\u0173, publikuot\u0173 paskutiniais dvejais metais, citavimo vidurkis einamaisiais metais (<strong>Web of Science duomen\u0173 baz\u0117s rodiklis<\/strong>).<\/td><\/tr><tr><td><strong>Cituojamumo rodiklis Impact Factor (IF)<\/strong><\/td><td>\u017durnalo citavimo rodiklis arba \u017eurnalo populiarumo rodiklis. Vertina \u017eurnalus, o ne konkre\u010dias publikacijas ar autorius. Rodo, kiek vidutini\u0161kai kart\u0173 \u017eurnalo straipsniai, publikuoti per dvejus prie\u0161 tai buvusius metus, buvo cituoti einamaisiais metais (<strong>Web of Science duomen\u0173 baz\u0117s rodiklis<\/strong>).<\/td><\/tr><tr><td><strong>Kvartilis mokslo kategorijoje (Q)<\/strong><\/td><td>Rodiklis, parodantis \u017eurnalo viet\u0105 pagal citavimo rodikl\u012f tam tikroje mokslo kategorijoje: Q1 &#8211; auk\u0161\u010diausi cituojamumo rodikliai; Q2 &#8211; vidutiniai; Q3 &#8211; ma\u017e\u0117jantys; Q4 &#8211; ma\u017eiausi (<strong>Web of Science duomen\u0173 baz\u0117s rodiklis<\/strong>).<\/td><\/tr><tr><td><strong>\u017durnalo reik\u0161mingumo rodiklis (Eigenfaktor Score)<\/strong><\/td><td>Rodo \u017eurnalo i\u0161leist\u0173 straipsni\u0173 citavim\u0105 skai\u010diuojamaisiais metais u\u017e pra\u0117jusius 5 metus (<strong>Web of Science duomen\u0173 baz\u0117s rodiklis<\/strong>).<\/td><\/tr><tr><td><strong>Savicitavim\u0173 skai\u010dius (Self-cites)<\/strong><\/td><td>Rodo \u017eurnal\u0173 straipsni\u0173 cituojamum\u0105 tame pa\u010diame \u017eurnale (<strong>Web of Science duomen\u0173 baz\u0117s rodiklis<\/strong>).<\/td><\/tr><tr><td><strong>Normuotasis \u017eurnalo cituojamumo rodiklis (Source Normalized Impact per Paper,\u00a0SNIP)<\/strong><\/td><td>Rodiklis, kuris \u012fvertina konteksto (mokslo krypties) \u012ftak\u0105 ir leid\u017eia lyginti skirting\u0173 mokslo kryp\u010di\u0173 \u0161altinius (<strong>Scopus duomen\u0173 baz\u0117s rodiklis<\/strong>).<\/td><\/tr><tr><td><strong>Scimago \u017eurnal\u0173 rodiklis (SCImago Journal Rank,\u00a0SJR)<\/strong><\/td><td>Rodiklis, kuris matuoja analizuojamo \u0161altinio mokslin\u012f presti\u017e\u0105 (\u012fvertina ne tik citavimo skai\u010di\u0173, bet ir kokie \u017eurnalai cituoja). Pradedamas skai\u010diuoti antraisiais metais nuo \u017eurnalo \u012ftraukimo \u012f Scopus, atnaujinamas du kartus per metus (<strong>Scopus duomen\u0173 baz\u0117s rodiklis<\/strong>).<\/td><\/tr><tr><td><strong>CiteScore rodiklis (CiteScore)<\/strong><\/td><td>Rodo \u017eurnalo straipsni\u0173 u\u017e pra\u0117jusius trejus metus citavimo vidurk\u012f einamaisiais metais (<strong>Scopus duomen\u0173 baz\u0117s rodiklis<\/strong>).<\/td><\/tr><\/tbody><\/table><p><strong>Mokslinink\u0173 vertinimo rodiklis:<\/strong><\/p><table class=\"table\"><tbody><tr><td><strong>H\u00a0indeksas<\/strong><\/td><td>Mokslininko vertinimo rodiklis (publikacij\u0173 populiarumo). H indeksas parodo: sakykim H yra 6, rei\u0161kia, autorius turi tam tikr\u0105 skai\u010di\u0173 publikacij\u0173, i\u0161 kuri\u0173 yra 6 straipsniai, kuri\u0173 kiekvienas cituotas ne ma\u017eiau nei 6 kartus. H indeks\u0105 pateikia skirtingi \u012frankiai skirtingai.<\/td><\/tr><\/tbody><\/table><p>Vystantis technologijoms, mokslo vertinimo srityje ie\u0161koma vis \u012fvairesni\u0173 b\u016bd\u0173 \u012fvertinti mokslin\u0117s veiklos reik\u0161mingum\u0105. Vienas i\u0161 b\u016bd\u0173 &#8211;\u00a0<strong>altmetrija.<\/strong>\u00a0Altmetrija &#8211; metodika, kuriama tradicinius \u0161altinius (Web of Science citavimo duomenys) gretinant su \u012fvairiais socialiniais tinklais. Atsiranda altmetrijos priemon\u0117s:\u00a0<em>Altmetric, Plum Analytics \/ PlumX Metrics, ImpactStory.<\/em>\u00a0Ta\u010diau tradicinis mokslo vertinimas i\u0161lieka pagrindiniu mokslo sistemoje.\u00a0<\/p><p>Auk\u0161tam mokslo publikacij\u0173 vertinimui mokslo sistemoje yra svarbu u\u017etikrinti publikuojam\u0173 mokslo darb\u0173 matomum\u0105, kuris teikt\u0173 cituojamumo galimyb\u0117s.\u00a0<a href=\"https:\/\/wp.adisoft.lt\/vtdko\/wp-content\/uploads\/2022\/10\/Rekomendacijos_mokslo_darbu\u0328_matomumui_ir_cituojamumui.pdf\" target=\"_blank\" rel=\"noopener\">Rekomendacijos mokslo darb\u0173 matomumui ir cituojamumui didinti.<\/a>\u00a0<\/p><p>Rekomenduojame naudotis\u00a0<a href=\"https:\/\/wp.adisoft.lt\/vtdko\/wp-content\/uploads\/2022\/10\/ORCID.pdf\" target=\"_blank\" rel=\"noopener\">ORCID (The Open Researcher and Contributor ID)<\/a>\u00a0\u2013 viena i\u0161 populiariausi\u0173 autori\u0173 identifikavimo platform\u0173, skirta autori\u0173 ir j\u0173 mokslo darb\u0173 matomumui ir cituojamumui didinti.<\/p><p><strong>\u0160altiniai:<\/strong><\/p><ol><li>Trumpien\u0117, A., \u0160eg\u017edien\u0117 E. Mokslometrija: teorija, \u0161altiniai, metodai. (2011).\u00a0<i>Mokslo ir technikos raida<\/i>, 3(2), 105-106.<\/li><li><i>D\u0117l kasmetinio universitet\u0173 ir mokslini\u0173 tyrim\u0173 institut\u0173 mokslini\u0173 tyrim\u0173 ir eksperimentin\u0117s pl\u0117tros ir meno veiklos vertinimo reglamento patvirtinimo 2017 m. spalio 4 d. Nr. V-747<\/i>. Prieiga per internet\u0105:\u00a0<a href=\"https:\/\/e-seimas.lrs.lt\/portal\/legalAct\/lt\/TAD\/b519a500a93f11e7a65c90dfe4655c64\">https:\/\/e-seimas.lrs.lt\/portal\/legalAct\/lt\/TAD\/b519a500a93f11e7a65c90dfe4655c64<\/a><\/li><li>Kaip rasti \u017eurnal\u0105 moksliniam straipsniui publikuoti.\u00a0<em>Efektyvus elektronini\u0173 mokslo informacijos i\u0161tekli\u0173 naudojimas<\/em>:\u00a0<i>Nacionalinio projekto eMoDB.LT mkomoji med\u017eiaga tyr\u0117jams studentams<\/i>\u00a0[interaktyvus]. (2019). Prieiga per internet\u0105:\u00a0<a href=\"https:\/\/open.ktu.edu\/mod\/book\/view.php?id=1211\">https:\/\/open.ktu.edu\/mod\/book\/view.php?id=1211<\/a><\/li><\/ol>\t\t\t\t\t\t<\/div>\n\t\t\t\t<\/div>\n\t\t\t\t\t<\/div>\n\t\t<\/div>\n\t\t\t\t\t\t\t<\/div>\n\t\t<\/section>\n\t\t\t\t<section class=\"elementor-section elementor-top-section elementor-element elementor-element-3d2d2a9 elementor-section-boxed elementor-section-height-default elementor-section-height-default\" data-id=\"3d2d2a9\" data-element_type=\"section\">\n\t\t\t\t\t\t<div class=\"elementor-container elementor-column-gap-default\">\n\t\t\t\t\t<div class=\"elementor-column elementor-col-100 elementor-top-column elementor-element elementor-element-a33d0f3\" data-id=\"a33d0f3\" data-element_type=\"column\">\n\t\t\t<div class=\"elementor-widget-wrap elementor-element-populated\">\n\t\t\t\t\t\t\t\t<div class=\"elementor-element elementor-element-dcedab1 elementor-widget elementor-widget-spacer\" data-id=\"dcedab1\" data-element_type=\"widget\" data-widget_type=\"spacer.default\">\n\t\t\t\t<div class=\"elementor-widget-container\">\n\t\t\t\t\t<div class=\"elementor-spacer\">\n\t\t\t<div class=\"elementor-spacer-inner\"><\/div>\n\t\t<\/div>\n\t\t\t\t<\/div>\n\t\t\t\t<\/div>\n\t\t\t\t\t<\/div>\n\t\t<\/div>\n\t\t\t\t\t\t\t<\/div>\n\t\t<\/section>\n\t\t\t\t\t\t\t<\/div>\n\t\t","protected":false},"excerpt":{"rendered":"<p>Mokslometrija Vilniaus technologij\u0173 ir dizaino kolegija \u2013 \u010dia hobis virsta profesija! Mokslometrija\u00a0vadinama mokslo kryptis, skirta kiekybinei ir vertinamajai mokslin\u0117s veiklos analizei. Vienas i\u0161 tokios analiz\u0117s metod\u0173 yra\u00a0bibliometrija. Bibliometriniai rodikliai pagal\u00a0Web of Science\u00a0ir\u00a0Scopus\u00a0duomen\u0173 bazi\u0173 citavim\u0173 duomenis taikomi formaliame Lietuvos mokslo vertinime\u00a01. Tarptautiniai \u017eurnalai yra duomen\u0173 baz\u0117se Clarivate Analytics ir Scopus referuojami \u017eurnalai ir (taikoma iki 2022&#8230;<\/p>\n","protected":false},"author":1,"featured_media":0,"parent":991427,"menu_order":0,"comment_status":"closed","ping_status":"closed","template":"","meta":{"inline_featured_image":false,"footnotes":""},"class_list":["post-991428","page","type-page","status-publish","hentry"],"yoast_head":"<!-- This site is optimized with the Yoast SEO plugin v19.12 - https:\/\/yoast.com\/wordpress\/plugins\/seo\/ -->\n<title>Mokslometrija - vtdko<\/title>\n<meta name=\"robots\" content=\"noindex, follow, max-snippet:-1, max-image-preview:large, max-video-preview:-1\" \/>\n<meta property=\"og:locale\" content=\"lt_LT\" \/>\n<meta property=\"og:type\" content=\"article\" \/>\n<meta property=\"og:title\" content=\"Mokslometrija - vtdko\" \/>\n<meta property=\"og:description\" content=\"Mokslometrija Vilniaus technologij\u0173 ir dizaino kolegija \u2013 \u010dia hobis virsta profesija! Mokslometrija\u00a0vadinama mokslo kryptis, skirta kiekybinei ir vertinamajai mokslin\u0117s veiklos analizei. Vienas i\u0161 tokios analiz\u0117s metod\u0173 yra\u00a0bibliometrija. Bibliometriniai rodikliai pagal\u00a0Web of Science\u00a0ir\u00a0Scopus\u00a0duomen\u0173 bazi\u0173 citavim\u0173 duomenis taikomi formaliame Lietuvos mokslo vertinime\u00a01. Tarptautiniai \u017eurnalai yra duomen\u0173 baz\u0117se Clarivate Analytics ir Scopus referuojami \u017eurnalai ir (taikoma iki 2022...\" \/>\n<meta property=\"og:url\" content=\"https:\/\/wp.adisoft.lt\/vtdko\/biblioteka\/mokslas-publikacijos-citavimas\/mokslometrija\/\" \/>\n<meta property=\"og:site_name\" content=\"vtdko\" \/>\n<meta property=\"article:modified_time\" content=\"2022-12-16T17:55:50+00:00\" \/>\n<meta name=\"twitter:card\" content=\"summary_large_image\" \/>\n<meta name=\"twitter:label1\" content=\"Est. reading time\" \/>\n\t<meta name=\"twitter:data1\" content=\"4 minut\u0117s\" \/>\n<script type=\"application\/ld+json\" class=\"yoast-schema-graph\">{\"@context\":\"https:\/\/schema.org\",\"@graph\":[{\"@type\":\"WebPage\",\"@id\":\"https:\/\/wp.adisoft.lt\/vtdko\/biblioteka\/mokslas-publikacijos-citavimas\/mokslometrija\/\",\"url\":\"https:\/\/wp.adisoft.lt\/vtdko\/biblioteka\/mokslas-publikacijos-citavimas\/mokslometrija\/\",\"name\":\"Mokslometrija - vtdko\",\"isPartOf\":{\"@id\":\"https:\/\/wp.adisoft.lt\/vtdko\/#website\"},\"datePublished\":\"2022-10-26T06:13:22+00:00\",\"dateModified\":\"2022-12-16T17:55:50+00:00\",\"breadcrumb\":{\"@id\":\"https:\/\/wp.adisoft.lt\/vtdko\/biblioteka\/mokslas-publikacijos-citavimas\/mokslometrija\/#breadcrumb\"},\"inLanguage\":\"lt-LT\",\"potentialAction\":[{\"@type\":\"ReadAction\",\"target\":[\"https:\/\/wp.adisoft.lt\/vtdko\/biblioteka\/mokslas-publikacijos-citavimas\/mokslometrija\/\"]}]},{\"@type\":\"BreadcrumbList\",\"@id\":\"https:\/\/wp.adisoft.lt\/vtdko\/biblioteka\/mokslas-publikacijos-citavimas\/mokslometrija\/#breadcrumb\",\"itemListElement\":[{\"@type\":\"ListItem\",\"position\":1,\"name\":\"Pagrindinis\",\"item\":\"https:\/\/wp.adisoft.lt\/vtdko\/\"},{\"@type\":\"ListItem\",\"position\":2,\"name\":\"Biblioteka\",\"item\":\"https:\/\/wp.adisoft.lt\/vtdko\/biblioteka\/\"},{\"@type\":\"ListItem\",\"position\":3,\"name\":\"Mokslas, publikacijos, citavimas\",\"item\":\"https:\/\/wp.adisoft.lt\/vtdko\/biblioteka\/mokslas-publikacijos-citavimas\/\"},{\"@type\":\"ListItem\",\"position\":4,\"name\":\"Mokslometrija\"}]},{\"@type\":\"WebSite\",\"@id\":\"https:\/\/wp.adisoft.lt\/vtdko\/#website\",\"url\":\"https:\/\/wp.adisoft.lt\/vtdko\/\",\"name\":\"vtdko\",\"description\":\"Vilniaus technologij\u0173 ir dizaino kolegija\",\"publisher\":{\"@id\":\"https:\/\/wp.adisoft.lt\/vtdko\/#organization\"},\"potentialAction\":[{\"@type\":\"SearchAction\",\"target\":{\"@type\":\"EntryPoint\",\"urlTemplate\":\"https:\/\/wp.adisoft.lt\/vtdko\/?s={search_term_string}\"},\"query-input\":\"required name=search_term_string\"}],\"inLanguage\":\"lt-LT\"},{\"@type\":\"Organization\",\"@id\":\"https:\/\/wp.adisoft.lt\/vtdko\/#organization\",\"name\":\"vtdko\",\"url\":\"https:\/\/wp.adisoft.lt\/vtdko\/\",\"logo\":{\"@type\":\"ImageObject\",\"inLanguage\":\"lt-LT\",\"@id\":\"https:\/\/wp.adisoft.lt\/vtdko\/#\/schema\/logo\/image\/\",\"url\":\"https:\/\/wp.adisoft.lt\/vtdko\/wp-content\/uploads\/2020\/02\/Logo-su-tekstu-01.svg\",\"contentUrl\":\"https:\/\/wp.adisoft.lt\/vtdko\/wp-content\/uploads\/2020\/02\/Logo-su-tekstu-01.svg\",\"width\":151,\"height\":74,\"caption\":\"vtdko\"},\"image\":{\"@id\":\"https:\/\/wp.adisoft.lt\/vtdko\/#\/schema\/logo\/image\/\"}}]}<\/script>\n<!-- \/ Yoast SEO plugin. -->","yoast_head_json":{"title":"Mokslometrija - vtdko","robots":{"index":"noindex","follow":"follow","max-snippet":"max-snippet:-1","max-image-preview":"max-image-preview:large","max-video-preview":"max-video-preview:-1"},"og_locale":"lt_LT","og_type":"article","og_title":"Mokslometrija - vtdko","og_description":"Mokslometrija Vilniaus technologij\u0173 ir dizaino kolegija \u2013 \u010dia hobis virsta profesija! Mokslometrija\u00a0vadinama mokslo kryptis, skirta kiekybinei ir vertinamajai mokslin\u0117s veiklos analizei. Vienas i\u0161 tokios analiz\u0117s metod\u0173 yra\u00a0bibliometrija. Bibliometriniai rodikliai pagal\u00a0Web of Science\u00a0ir\u00a0Scopus\u00a0duomen\u0173 bazi\u0173 citavim\u0173 duomenis taikomi formaliame Lietuvos mokslo vertinime\u00a01. Tarptautiniai \u017eurnalai yra duomen\u0173 baz\u0117se Clarivate Analytics ir Scopus referuojami \u017eurnalai ir (taikoma iki 2022...","og_url":"https:\/\/wp.adisoft.lt\/vtdko\/biblioteka\/mokslas-publikacijos-citavimas\/mokslometrija\/","og_site_name":"vtdko","article_modified_time":"2022-12-16T17:55:50+00:00","twitter_card":"summary_large_image","twitter_misc":{"Est. reading time":"4 minut\u0117s"},"schema":{"@context":"https:\/\/schema.org","@graph":[{"@type":"WebPage","@id":"https:\/\/wp.adisoft.lt\/vtdko\/biblioteka\/mokslas-publikacijos-citavimas\/mokslometrija\/","url":"https:\/\/wp.adisoft.lt\/vtdko\/biblioteka\/mokslas-publikacijos-citavimas\/mokslometrija\/","name":"Mokslometrija - vtdko","isPartOf":{"@id":"https:\/\/wp.adisoft.lt\/vtdko\/#website"},"datePublished":"2022-10-26T06:13:22+00:00","dateModified":"2022-12-16T17:55:50+00:00","breadcrumb":{"@id":"https:\/\/wp.adisoft.lt\/vtdko\/biblioteka\/mokslas-publikacijos-citavimas\/mokslometrija\/#breadcrumb"},"inLanguage":"lt-LT","potentialAction":[{"@type":"ReadAction","target":["https:\/\/wp.adisoft.lt\/vtdko\/biblioteka\/mokslas-publikacijos-citavimas\/mokslometrija\/"]}]},{"@type":"BreadcrumbList","@id":"https:\/\/wp.adisoft.lt\/vtdko\/biblioteka\/mokslas-publikacijos-citavimas\/mokslometrija\/#breadcrumb","itemListElement":[{"@type":"ListItem","position":1,"name":"Pagrindinis","item":"https:\/\/wp.adisoft.lt\/vtdko\/"},{"@type":"ListItem","position":2,"name":"Biblioteka","item":"https:\/\/wp.adisoft.lt\/vtdko\/biblioteka\/"},{"@type":"ListItem","position":3,"name":"Mokslas, publikacijos, citavimas","item":"https:\/\/wp.adisoft.lt\/vtdko\/biblioteka\/mokslas-publikacijos-citavimas\/"},{"@type":"ListItem","position":4,"name":"Mokslometrija"}]},{"@type":"WebSite","@id":"https:\/\/wp.adisoft.lt\/vtdko\/#website","url":"https:\/\/wp.adisoft.lt\/vtdko\/","name":"vtdko","description":"Vilniaus technologij\u0173 ir dizaino kolegija","publisher":{"@id":"https:\/\/wp.adisoft.lt\/vtdko\/#organization"},"potentialAction":[{"@type":"SearchAction","target":{"@type":"EntryPoint","urlTemplate":"https:\/\/wp.adisoft.lt\/vtdko\/?s={search_term_string}"},"query-input":"required name=search_term_string"}],"inLanguage":"lt-LT"},{"@type":"Organization","@id":"https:\/\/wp.adisoft.lt\/vtdko\/#organization","name":"vtdko","url":"https:\/\/wp.adisoft.lt\/vtdko\/","logo":{"@type":"ImageObject","inLanguage":"lt-LT","@id":"https:\/\/wp.adisoft.lt\/vtdko\/#\/schema\/logo\/image\/","url":"https:\/\/wp.adisoft.lt\/vtdko\/wp-content\/uploads\/2020\/02\/Logo-su-tekstu-01.svg","contentUrl":"https:\/\/wp.adisoft.lt\/vtdko\/wp-content\/uploads\/2020\/02\/Logo-su-tekstu-01.svg","width":151,"height":74,"caption":"vtdko"},"image":{"@id":"https:\/\/wp.adisoft.lt\/vtdko\/#\/schema\/logo\/image\/"}}]}},"_links":{"self":[{"href":"https:\/\/wp.adisoft.lt\/vtdko\/wp-json\/wp\/v2\/pages\/991428","targetHints":{"allow":["GET"]}}],"collection":[{"href":"https:\/\/wp.adisoft.lt\/vtdko\/wp-json\/wp\/v2\/pages"}],"about":[{"href":"https:\/\/wp.adisoft.lt\/vtdko\/wp-json\/wp\/v2\/types\/page"}],"author":[{"embeddable":true,"href":"https:\/\/wp.adisoft.lt\/vtdko\/wp-json\/wp\/v2\/users\/1"}],"replies":[{"embeddable":true,"href":"https:\/\/wp.adisoft.lt\/vtdko\/wp-json\/wp\/v2\/comments?post=991428"}],"version-history":[{"count":13,"href":"https:\/\/wp.adisoft.lt\/vtdko\/wp-json\/wp\/v2\/pages\/991428\/revisions"}],"predecessor-version":[{"id":993163,"href":"https:\/\/wp.adisoft.lt\/vtdko\/wp-json\/wp\/v2\/pages\/991428\/revisions\/993163"}],"up":[{"embeddable":true,"href":"https:\/\/wp.adisoft.lt\/vtdko\/wp-json\/wp\/v2\/pages\/991427"}],"wp:attachment":[{"href":"https:\/\/wp.adisoft.lt\/vtdko\/wp-json\/wp\/v2\/media?parent=991428"}],"curies":[{"name":"wp","href":"https:\/\/api.w.org\/{rel}","templated":true}]}}