{"id":991469,"date":"2022-10-26T09:32:50","date_gmt":"2022-10-26T06:32:50","guid":{"rendered":"https:\/\/wp.adisoft.lt\/vtdko\/?page_id=991469"},"modified":"2022-12-16T20:57:10","modified_gmt":"2022-12-16T17:57:10","slug":"konsultacijos-skaitytojams","status":"publish","type":"page","link":"https:\/\/wp.adisoft.lt\/vtdko\/biblioteka\/konsultacijos-skaitytojams\/","title":{"rendered":"Konsultacijos skaitytojams"},"content":{"rendered":"\t\t<div data-elementor-type=\"wp-page\" data-elementor-id=\"991469\" class=\"elementor elementor-991469\">\n\t\t\t\t\t\t\t\t\t<section class=\"elementor-section elementor-top-section elementor-element elementor-element-3ba333e elementor-section-height-min-height elementor-section-boxed elementor-section-height-default elementor-section-items-middle\" data-id=\"3ba333e\" data-element_type=\"section\" data-settings=\"{&quot;background_background&quot;:&quot;classic&quot;,&quot;animation&quot;:&quot;none&quot;}\">\n\t\t\t\t\t\t<div class=\"elementor-container elementor-column-gap-default\">\n\t\t\t\t\t<div class=\"elementor-column elementor-col-100 elementor-top-column elementor-element elementor-element-c76d2ee\" data-id=\"c76d2ee\" data-element_type=\"column\" data-settings=\"{&quot;background_background&quot;:&quot;classic&quot;}\">\n\t\t\t<div class=\"elementor-widget-wrap\">\n\t\t\t\t\t\t\t\t\t<\/div>\n\t\t<\/div>\n\t\t\t\t\t\t\t<\/div>\n\t\t<\/section>\n\t\t\t\t<section class=\"elementor-section elementor-top-section elementor-element elementor-element-2c002d4 elementor-section-boxed elementor-section-height-default elementor-section-height-default\" data-id=\"2c002d4\" data-element_type=\"section\" data-settings=\"{&quot;animation&quot;:&quot;none&quot;,&quot;animation_tablet&quot;:&quot;none&quot;,&quot;animation_mobile&quot;:&quot;none&quot;}\">\n\t\t\t\t\t\t<div class=\"elementor-container elementor-column-gap-no\">\n\t\t\t\t\t<div class=\"elementor-column elementor-col-50 elementor-top-column elementor-element elementor-element-d67af76 animated-fast elementor-invisible\" data-id=\"d67af76\" data-element_type=\"column\" data-settings=\"{&quot;background_background&quot;:&quot;classic&quot;,&quot;animation&quot;:&quot;fadeIn&quot;,&quot;animation_delay&quot;:100}\">\n\t\t\t<div class=\"elementor-widget-wrap elementor-element-populated\">\n\t\t\t\t\t\t\t\t<div class=\"elementor-element elementor-element-507a1f5 elementor-widget__width-auto elementor-widget-tablet__width-auto elementor-widget-mobile__width-inherit elementor-widget elementor-widget-heading\" data-id=\"507a1f5\" data-element_type=\"widget\" data-settings=\"{&quot;_animation&quot;:&quot;none&quot;,&quot;_animation_delay&quot;:200}\" data-widget_type=\"heading.heading_charityfy\">\n\t\t\t\t<div class=\"elementor-widget-container\">\n\t\t\t<h1 class=\"elementor-heading-title elementor-size-default\">Konsultacijos skaitytojams<\/h1>\t\t<\/div>\n\t\t\t\t<\/div>\n\t\t\t\t<div class=\"elementor-element elementor-element-e9c634d elementor-widget elementor-widget-text-editor\" data-id=\"e9c634d\" data-element_type=\"widget\" data-settings=\"{&quot;_animation&quot;:&quot;none&quot;,&quot;_animation_delay&quot;:300}\" data-widget_type=\"text-editor.default\">\n\t\t\t\t<div class=\"elementor-widget-container\">\n\t\t\t\t\t\t\t<p>Vilniaus technologij\u0173 ir dizaino kolegija \u2013 \u010dia hobis virsta profesija!<\/p>\t\t\t\t\t\t<\/div>\n\t\t\t\t<\/div>\n\t\t\t\t\t<\/div>\n\t\t<\/div>\n\t\t\t\t<div class=\"elementor-column elementor-col-50 elementor-top-column elementor-element elementor-element-7bb4cd8 elementor-hidden-desktop elementor-hidden-tablet elementor-hidden-phone\" data-id=\"7bb4cd8\" data-element_type=\"column\">\n\t\t\t<div class=\"elementor-widget-wrap\">\n\t\t\t\t\t\t\t\t\t<\/div>\n\t\t<\/div>\n\t\t\t\t\t\t\t<\/div>\n\t\t<\/section>\n\t\t\t\t<section class=\"elementor-section elementor-top-section elementor-element elementor-element-8f37da3 elementor-section-boxed elementor-section-height-default elementor-section-height-default\" data-id=\"8f37da3\" data-element_type=\"section\">\n\t\t\t\t\t\t<div class=\"elementor-container elementor-column-gap-default\">\n\t\t\t\t\t<div class=\"elementor-column elementor-col-100 elementor-top-column elementor-element elementor-element-076b17f\" data-id=\"076b17f\" data-element_type=\"column\">\n\t\t\t<div class=\"elementor-widget-wrap elementor-element-populated\">\n\t\t\t\t\t\t\t\t<div class=\"elementor-element elementor-element-f1b1321 elementor-widget elementor-widget-spacer\" data-id=\"f1b1321\" data-element_type=\"widget\" data-widget_type=\"spacer.default\">\n\t\t\t\t<div class=\"elementor-widget-container\">\n\t\t\t\t\t<div class=\"elementor-spacer\">\n\t\t\t<div class=\"elementor-spacer-inner\"><\/div>\n\t\t<\/div>\n\t\t\t\t<\/div>\n\t\t\t\t<\/div>\n\t\t\t\t\t<\/div>\n\t\t<\/div>\n\t\t\t\t\t\t\t<\/div>\n\t\t<\/section>\n\t\t\t\t<section class=\"elementor-section elementor-top-section elementor-element elementor-element-e9be163 elementor-section-boxed elementor-section-height-default elementor-section-height-default\" data-id=\"e9be163\" data-element_type=\"section\">\n\t\t\t\t\t\t<div class=\"elementor-container elementor-column-gap-default\">\n\t\t\t\t\t<div class=\"elementor-column elementor-col-100 elementor-top-column elementor-element elementor-element-d8cc1b5\" data-id=\"d8cc1b5\" data-element_type=\"column\">\n\t\t\t<div class=\"elementor-widget-wrap elementor-element-populated\">\n\t\t\t\t\t\t\t\t<div class=\"elementor-element elementor-element-721b821 elementor-widget elementor-widget-text-editor\" data-id=\"721b821\" data-element_type=\"widget\" data-widget_type=\"text-editor.default\">\n\t\t\t\t<div class=\"elementor-widget-container\">\n\t\t\t\t\t\t\t<p>Kvie\u010diame Kolegijos d\u0117stytojus ir studentus dalyvauti bibliotekos organizuojamose konsultacijose gyvai arba nuotoliniu b\u016bdu per\u00a0<em>Microsoft Teams:<\/em><\/p><p><a href=\"https:\/\/wp.adisoft.lt\/vtdko\/wp-content\/uploads\/2022\/10\/Informacijos_is\u030ctekliai_2022.03.25.pdf\" target=\"_blank\" rel=\"noopener\"><strong>\u201eKaip prisijungti ir atlikti paie\u0161k\u0105 bibliotekos el. i\u0161tekliuose?\u201c\u00a0<\/strong>(tik d\u0117stytojams)<\/a><\/p><p>Konsultacija skirta tik d\u0117stytojams. Jos metu bus pristatyti visi bibliotekos prenumeruojami el. i\u0161tekliai. Konsultacijos dalyviai po konsultacijos mok\u0117s prisijungti prie el. i\u0161tekli\u0173 nuotoliniu b\u016bdu, atlikti paie\u0161k\u0105, panaudoti rezultatus, rasti citavimo nuorodas ir kitas svarbiausias funkcijas.\u00a0<\/p><p><strong><a href=\"https:\/\/wp.adisoft.lt\/vtdko\/wp-content\/uploads\/2022\/10\/Atmintine\u0307_pirmakursiamstmp_tmp_.pdf\" target=\"_blank\" rel=\"noopener\">\u201eViskas, k\u0105 reikia \u017einoti PIRMAKURSIUI\u201c<\/a><\/strong><\/p><p>Konsultacija skirta pirmo kursos studentams, nedalyvavusiems \u012fvadiniame susitikime, kurio metu buvo pristatomos bibliotekos paslaugos ir informacijos paie\u0161kos galimyb\u0117s.<\/p><p><a href=\"https:\/\/wp.adisoft.lt\/vtdko\/wp-content\/uploads\/2022\/10\/eLABa_publikacijos_registravimas.pdf\" target=\"_blank\" rel=\"noopener\"><strong>\u201eKaip u\u017eregistruoti publikacij\u0105 eLABa sistemoje\u201c\u00a0<\/strong><\/a>(tik d\u0117stytojams)<\/p><p>Konsultacijos metu bus demonstruojama, kaip prisijungti ir \u012fkelti savo publikacij\u0105 \u012f eLABa sistem\u0105, kaip formuoti ataskaitas. Konsultacijos metu su bibliotekos darbuotojos pagalba bus galima visk\u0105 padaryti prakti\u0161kai, t.y. \u012fsikelti publikacij\u0105 ir\/ar suformuoti ataskait\u0105.<\/p><p><strong><a href=\"https:\/\/wp.adisoft.lt\/vtdko\/wp-content\/uploads\/2022\/10\/ZOTERO-1.pdf\" target=\"_blank\" rel=\"noopener\">\u201eBibliografini\u0173 nuorod\u0173 tvarkymo programa Zotero\u201c<\/a><\/strong><\/p><p>Konsultacijos metu bus pristatytas \u012frankis\u00a0<a href=\"https:\/\/www.zotero.org\/\">Zotero<\/a>, pad\u0117siantis daug papras\u010diau i\u0161saugoti informacijos \u0161altini\u0173 bibliografin\u0119 informacij\u0105, cituoti bei sudaryti literat\u016bros s\u0105ra\u0161\u0105. \u012e konsultacij\u0105 galima atsine\u0161ti savo kompiuter\u012f.<\/p><p><strong><a href=\"https:\/\/wp.adisoft.lt\/vtdko\/wp-content\/uploads\/2022\/10\/Informacijos_is\u030ctekliai_2022.03.25-1.pdf\" target=\"_blank\" rel=\"noopener\">\u201eKaip ir kur rasti informacij\u0105 ra\u0161to darbui?\u201c<\/a><\/strong><\/p><p>Konsultacija skirta mokslini\u0173 \u0161altini\u0173 paie\u0161kai ra\u0161to darbams. Konsultacijos metu bus pristatyti Kolegijos bibliotekos ir kiti informacijos i\u0161tekliai (duomen\u0173 baz\u0117s, virtualioji biblioteka, elektronin\u0117s knygos), paie\u0161ka juose ir prisijungimo galimyb\u0117s.<\/p><p><strong>Negalintiems atvykti pagal pateikiam\u0105 konsultacij\u0173 grafik\u0105, si\u016blome u\u017esisakyti individuali\u0105 konsultacij\u0105, nurodant jums tinkam\u0105 laik\u0105 ir mokym\u0173 pavadinim\u0105 el. pa\u0161tu\u00a0<a href=\"mailto:biblioteka@vtdko.lt\">biblioteka@vtdko.lt<\/a>.<\/strong><\/p><p><em>Duomen\u0173 valdytojas \u2013 Vilniaus technologij\u0173 ir dizaino kolegija (toliau \u2013 Kolegija), buvein\u0117s adresas \u2013 Antakalnio g. 54, 10303 Vilnius, juridinio asmens kodas \u2013 111967673, direktorius \u2013 dr. Rolandas Vitk\u016bnas. Kolegijos duomen\u0173 apsaugos pareig\u016bno kontaktai \u2013 el. pa\u0161tas\u00a0<a href=\"mailto:dap@vtdko.lt\">dap@vtdko.lt<\/a>, adresas Antakalnio g. 54, 10303 Vilnius. Registracijos metu J\u016bs\u0173 pateikti duomenys bus tvarkomi konferencij\u0173 ir kit\u0173 rengini\u0173 organizavimo tikslu. J\u016bs\u0173 pateikti duomenys bus saugomi iki konsultacij\u0173 \u012fvykdymo, o po to, i\u0161trinami. Tuo atveju, jeigu konsultacija bus at\u0161aukta, duomenys bus i\u0161trinami t\u0105 dien\u0105, kada buvo planuota konsultacija. Tre\u010diosioms valstyb\u0117ms ar tarptautin\u0117ms organizacijoms J\u016bs\u0173 pateikti asmens duomenys nebus perduodami. Detalesn\u0117 informacija apie asmens duomen\u0173 tvarkym\u0105 Kolegijoje pateikiama nuorodoje\u00a0<a href=\"https:\/\/wp.adisoft.lt\/vtdko\/privatumo-politika\/\" target=\"_blank\" rel=\"noopener\">https:\/\/vtdko.lt\/privatumo-politika<\/a><\/em><\/p>\t\t\t\t\t\t<\/div>\n\t\t\t\t<\/div>\n\t\t\t\t<div class=\"elementor-element elementor-element-ab5c45e elementor-button-align-start elementor-widget elementor-widget-form\" data-id=\"ab5c45e\" data-element_type=\"widget\" data-settings=\"{&quot;step_next_label&quot;:&quot;Next&quot;,&quot;step_previous_label&quot;:&quot;Previous&quot;,&quot;button_width&quot;:&quot;100&quot;,&quot;step_type&quot;:&quot;number_text&quot;,&quot;step_icon_shape&quot;:&quot;circle&quot;}\" data-widget_type=\"form.default\">\n\t\t\t\t<div class=\"elementor-widget-container\">\n\t\t\t\t\t<form class=\"elementor-form\" method=\"post\" name=\"Absolvent\u0173 forma\">\n\t\t\t<input type=\"hidden\" name=\"post_id\" value=\"991469\"\/>\n\t\t\t<input type=\"hidden\" name=\"form_id\" value=\"ab5c45e\"\/>\n\t\t\t<input type=\"hidden\" name=\"referer_title\" value=\"vtdko\" \/>\n\n\t\t\t\n\t\t\t<div class=\"elementor-form-fields-wrapper elementor-labels-above\">\n\t\t\t\t\t\t\t\t<div class=\"elementor-field-type-select elementor-field-group elementor-column elementor-field-group-name elementor-col-100 elementor-field-required elementor-mark-required\">\n\t\t\t\t\t\t\t\t\t\t\t\t<label for=\"form-field-name\" class=\"elementor-field-label\">\n\t\t\t\t\t\t\t\tPareigos\t\t\t\t\t\t\t<\/label>\n\t\t\t\t\t\t\t\t<div class=\"elementor-field elementor-select-wrapper remove-before \">\n\t\t\t<div class=\"select-caret-down-wrapper\">\n\t\t\t\t<i aria-hidden=\"true\" class=\"eicon-caret-down\"><\/i>\t\t\t<\/div>\n\t\t\t<select name=\"form_fields[name]\" id=\"form-field-name\" class=\"elementor-field-textual elementor-size-sm\" required=\"required\" aria-required=\"true\">\n\t\t\t\t\t\t\t\t\t<option value=\"Studentas\">Studentas<\/option>\n\t\t\t\t\t\t\t\t\t<option value=\"Darbuotojas\">Darbuotojas<\/option>\n\t\t\t\t\t\t\t<\/select>\n\t\t<\/div>\n\t\t\t\t\t\t<\/div>\n\t\t\t\t\t\t\t\t<div class=\"elementor-field-type-select elementor-field-group elementor-column elementor-field-group-field_9657fe5 elementor-col-100 elementor-field-required elementor-mark-required\">\n\t\t\t\t\t\t\t\t\t\t\t\t<label for=\"form-field-field_9657fe5\" class=\"elementor-field-label\">\n\t\t\t\t\t\t\t\tKonsultacija\t\t\t\t\t\t\t<\/label>\n\t\t\t\t\t\t\t\t<div class=\"elementor-field elementor-select-wrapper remove-before \">\n\t\t\t<div class=\"select-caret-down-wrapper\">\n\t\t\t\t<i aria-hidden=\"true\" class=\"eicon-caret-down\"><\/i>\t\t\t<\/div>\n\t\t\t<select name=\"form_fields[field_9657fe5]\" id=\"form-field-field_9657fe5\" class=\"elementor-field-textual elementor-size-sm\" required=\"required\" aria-required=\"true\">\n\t\t\t\t\t\t\t\t\t<option value=\"\u201eBibliografini\u0173 nuorod\u0173 tvarkymo programa Zotero\u201c\">\u201eBibliografini\u0173 nuorod\u0173 tvarkymo programa Zotero\u201c<\/option>\n\t\t\t\t\t\t\t\t\t<option value=\"\u201eKaip ir kur rasti informacij\u0105 ra\u0161to darbui?\u201c\">\u201eKaip ir kur rasti informacij\u0105 ra\u0161to darbui?\u201c<\/option>\n\t\t\t\t\t\t\t\t\t<option value=\"\u201eKaip prisijungti ir atlikti paie\u0161k\u0105 bibliotekos el. i\u0161tekliuose? \u201c (tik d\u0117stytojams)\">\u201eKaip prisijungti ir atlikti paie\u0161k\u0105 bibliotekos el. i\u0161tekliuose? \u201c (tik d\u0117stytojams)<\/option>\n\t\t\t\t\t\t\t\t\t<option value=\"\u201eKaip u\u017eregistruoti publikacij\u0105 eLABa sistemoje?\u201c (tik d\u0117stytojams)\">\u201eKaip u\u017eregistruoti publikacij\u0105 eLABa sistemoje?\u201c (tik d\u0117stytojams)<\/option>\n\t\t\t\t\t\t\t\t\t<option value=\"\u201eViskas, k\u0105 reikia \u017einoti PIRMAKURSIUI\u201c\">\u201eViskas, k\u0105 reikia \u017einoti PIRMAKURSIUI\u201c<\/option>\n\t\t\t\t\t\t\t<\/select>\n\t\t<\/div>\n\t\t\t\t\t\t<\/div>\n\t\t\t\t\t\t\t\t<div class=\"elementor-field-type-text elementor-field-group elementor-column elementor-field-group-field_719fb31 elementor-col-100\">\n\t\t\t\t\t\t\t\t\t\t\t\t<label for=\"form-field-field_719fb31\" class=\"elementor-field-label\">\n\t\t\t\t\t\t\t\tVardas\t\t\t\t\t\t\t<\/label>\n\t\t\t\t\t\t\t\t\t\t\t\t\t\t<input size=\"1\" type=\"text\" name=\"form_fields[field_719fb31]\" id=\"form-field-field_719fb31\" class=\"elementor-field elementor-size-sm  elementor-field-textual\" placeholder=\"Vardas\">\n\t\t\t\t\t\t\t\t\t\t\t<\/div>\n\t\t\t\t\t\t\t\t<div class=\"elementor-field-type-text elementor-field-group elementor-column elementor-field-group-field_3617401 elementor-col-100\">\n\t\t\t\t\t\t\t\t\t\t\t\t<label for=\"form-field-field_3617401\" class=\"elementor-field-label\">\n\t\t\t\t\t\t\t\tPavard\u0117\t\t\t\t\t\t\t<\/label>\n\t\t\t\t\t\t\t\t\t\t\t\t\t\t<input size=\"1\" type=\"text\" name=\"form_fields[field_3617401]\" id=\"form-field-field_3617401\" class=\"elementor-field elementor-size-sm  elementor-field-textual\" placeholder=\"Pavard\u0117\">\n\t\t\t\t\t\t\t\t\t\t\t<\/div>\n\t\t\t\t\t\t\t\t<div class=\"elementor-field-type-email elementor-field-group elementor-column elementor-field-group-email elementor-col-100 elementor-field-required elementor-mark-required\">\n\t\t\t\t\t\t\t\t\t\t\t\t<label for=\"form-field-email\" class=\"elementor-field-label\">\n\t\t\t\t\t\t\t\tEl. pa\u0161tas\t\t\t\t\t\t\t<\/label>\n\t\t\t\t\t\t\t\t\t\t\t\t\t\t<input size=\"1\" type=\"email\" name=\"form_fields[email]\" id=\"form-field-email\" class=\"elementor-field elementor-size-sm  elementor-field-textual\" placeholder=\"El. pa\u0161tas\" required=\"required\" aria-required=\"true\">\n\t\t\t\t\t\t\t\t\t\t\t<\/div>\n\t\t\t\t\t\t\t\t<div class=\"elementor-field-group elementor-column elementor-field-type-submit elementor-col-100 e-form__buttons\">\n\t\t\t\t\t<button type=\"submit\" class=\"elementor-button elementor-size-sm\">\n\t\t\t\t\t\t<span >\n\t\t\t\t\t\t\t\t\t\t\t\t\t\t\t<span class=\" elementor-button-icon\">\n\t\t\t\t\t\t\t\t\t\t\t\t\t\t\t\t\t\t\t\t\t\t\t\t\t\t<\/span>\n\t\t\t\t\t\t\t\t\t\t\t\t\t\t\t\t\t\t\t\t\t\t<span class=\"elementor-button-text\">Registruotis<\/span>\n\t\t\t\t\t\t\t\t\t\t\t\t\t<\/span>\n\t\t\t\t\t<\/button>\n\t\t\t\t<\/div>\n\t\t\t<\/div>\n\t\t<\/form>\n\t\t\t\t<\/div>\n\t\t\t\t<\/div>\n\t\t\t\t<div class=\"elementor-element elementor-element-eba817d elementor-widget elementor-widget-spacer\" data-id=\"eba817d\" data-element_type=\"widget\" data-widget_type=\"spacer.default\">\n\t\t\t\t<div class=\"elementor-widget-container\">\n\t\t\t\t\t<div class=\"elementor-spacer\">\n\t\t\t<div class=\"elementor-spacer-inner\"><\/div>\n\t\t<\/div>\n\t\t\t\t<\/div>\n\t\t\t\t<\/div>\n\t\t\t\t\t<\/div>\n\t\t<\/div>\n\t\t\t\t\t\t\t<\/div>\n\t\t<\/section>\n\t\t\t\t\t\t\t<\/div>\n\t\t","protected":false},"excerpt":{"rendered":"<p>Konsultacijos skaitytojams Vilniaus technologij\u0173 ir dizaino kolegija \u2013 \u010dia hobis virsta profesija! Kvie\u010diame Kolegijos d\u0117stytojus ir studentus dalyvauti bibliotekos organizuojamose konsultacijose gyvai arba nuotoliniu b\u016bdu per\u00a0Microsoft Teams: \u201eKaip prisijungti ir atlikti paie\u0161k\u0105 bibliotekos el. i\u0161tekliuose?\u201c\u00a0(tik d\u0117stytojams) Konsultacija skirta tik d\u0117stytojams. Jos metu bus pristatyti visi bibliotekos prenumeruojami el. i\u0161tekliai. Konsultacijos dalyviai po konsultacijos mok\u0117s prisijungti&#8230;<\/p>\n","protected":false},"author":1,"featured_media":0,"parent":990791,"menu_order":0,"comment_status":"closed","ping_status":"closed","template":"","meta":{"inline_featured_image":false,"footnotes":""},"class_list":["post-991469","page","type-page","status-publish","hentry"],"yoast_head":"<!-- This site is optimized with the Yoast SEO plugin v19.12 - https:\/\/yoast.com\/wordpress\/plugins\/seo\/ -->\n<title>Konsultacijos skaitytojams - vtdko<\/title>\n<meta name=\"robots\" content=\"noindex, follow, max-snippet:-1, max-image-preview:large, max-video-preview:-1\" \/>\n<meta property=\"og:locale\" content=\"lt_LT\" \/>\n<meta property=\"og:type\" content=\"article\" \/>\n<meta property=\"og:title\" content=\"Konsultacijos skaitytojams - vtdko\" \/>\n<meta property=\"og:description\" content=\"Konsultacijos skaitytojams Vilniaus technologij\u0173 ir dizaino kolegija \u2013 \u010dia hobis virsta profesija! Kvie\u010diame Kolegijos d\u0117stytojus ir studentus dalyvauti bibliotekos organizuojamose konsultacijose gyvai arba nuotoliniu b\u016bdu per\u00a0Microsoft Teams: \u201eKaip prisijungti ir atlikti paie\u0161k\u0105 bibliotekos el. i\u0161tekliuose?\u201c\u00a0(tik d\u0117stytojams) Konsultacija skirta tik d\u0117stytojams. Jos metu bus pristatyti visi bibliotekos prenumeruojami el. i\u0161tekliai. Konsultacijos dalyviai po konsultacijos mok\u0117s prisijungti...\" \/>\n<meta property=\"og:url\" content=\"https:\/\/wp.adisoft.lt\/vtdko\/biblioteka\/konsultacijos-skaitytojams\/\" \/>\n<meta property=\"og:site_name\" content=\"vtdko\" \/>\n<meta property=\"article:modified_time\" content=\"2022-12-16T17:57:10+00:00\" \/>\n<meta name=\"twitter:card\" content=\"summary_large_image\" \/>\n<meta name=\"twitter:label1\" content=\"Est. reading time\" \/>\n\t<meta name=\"twitter:data1\" content=\"2 minut\u0117s\" \/>\n<script type=\"application\/ld+json\" class=\"yoast-schema-graph\">{\"@context\":\"https:\/\/schema.org\",\"@graph\":[{\"@type\":\"WebPage\",\"@id\":\"https:\/\/wp.adisoft.lt\/vtdko\/biblioteka\/konsultacijos-skaitytojams\/\",\"url\":\"https:\/\/wp.adisoft.lt\/vtdko\/biblioteka\/konsultacijos-skaitytojams\/\",\"name\":\"Konsultacijos skaitytojams - vtdko\",\"isPartOf\":{\"@id\":\"https:\/\/wp.adisoft.lt\/vtdko\/#website\"},\"datePublished\":\"2022-10-26T06:32:50+00:00\",\"dateModified\":\"2022-12-16T17:57:10+00:00\",\"breadcrumb\":{\"@id\":\"https:\/\/wp.adisoft.lt\/vtdko\/biblioteka\/konsultacijos-skaitytojams\/#breadcrumb\"},\"inLanguage\":\"lt-LT\",\"potentialAction\":[{\"@type\":\"ReadAction\",\"target\":[\"https:\/\/wp.adisoft.lt\/vtdko\/biblioteka\/konsultacijos-skaitytojams\/\"]}]},{\"@type\":\"BreadcrumbList\",\"@id\":\"https:\/\/wp.adisoft.lt\/vtdko\/biblioteka\/konsultacijos-skaitytojams\/#breadcrumb\",\"itemListElement\":[{\"@type\":\"ListItem\",\"position\":1,\"name\":\"Pagrindinis\",\"item\":\"https:\/\/wp.adisoft.lt\/vtdko\/\"},{\"@type\":\"ListItem\",\"position\":2,\"name\":\"Biblioteka\",\"item\":\"https:\/\/wp.adisoft.lt\/vtdko\/biblioteka\/\"},{\"@type\":\"ListItem\",\"position\":3,\"name\":\"Konsultacijos skaitytojams\"}]},{\"@type\":\"WebSite\",\"@id\":\"https:\/\/wp.adisoft.lt\/vtdko\/#website\",\"url\":\"https:\/\/wp.adisoft.lt\/vtdko\/\",\"name\":\"vtdko\",\"description\":\"Vilniaus technologij\u0173 ir dizaino kolegija\",\"publisher\":{\"@id\":\"https:\/\/wp.adisoft.lt\/vtdko\/#organization\"},\"potentialAction\":[{\"@type\":\"SearchAction\",\"target\":{\"@type\":\"EntryPoint\",\"urlTemplate\":\"https:\/\/wp.adisoft.lt\/vtdko\/?s={search_term_string}\"},\"query-input\":\"required name=search_term_string\"}],\"inLanguage\":\"lt-LT\"},{\"@type\":\"Organization\",\"@id\":\"https:\/\/wp.adisoft.lt\/vtdko\/#organization\",\"name\":\"vtdko\",\"url\":\"https:\/\/wp.adisoft.lt\/vtdko\/\",\"logo\":{\"@type\":\"ImageObject\",\"inLanguage\":\"lt-LT\",\"@id\":\"https:\/\/wp.adisoft.lt\/vtdko\/#\/schema\/logo\/image\/\",\"url\":\"https:\/\/wp.adisoft.lt\/vtdko\/wp-content\/uploads\/2020\/02\/Logo-su-tekstu-01.svg\",\"contentUrl\":\"https:\/\/wp.adisoft.lt\/vtdko\/wp-content\/uploads\/2020\/02\/Logo-su-tekstu-01.svg\",\"width\":151,\"height\":74,\"caption\":\"vtdko\"},\"image\":{\"@id\":\"https:\/\/wp.adisoft.lt\/vtdko\/#\/schema\/logo\/image\/\"}}]}<\/script>\n<!-- \/ Yoast SEO plugin. -->","yoast_head_json":{"title":"Konsultacijos skaitytojams - vtdko","robots":{"index":"noindex","follow":"follow","max-snippet":"max-snippet:-1","max-image-preview":"max-image-preview:large","max-video-preview":"max-video-preview:-1"},"og_locale":"lt_LT","og_type":"article","og_title":"Konsultacijos skaitytojams - vtdko","og_description":"Konsultacijos skaitytojams Vilniaus technologij\u0173 ir dizaino kolegija \u2013 \u010dia hobis virsta profesija! Kvie\u010diame Kolegijos d\u0117stytojus ir studentus dalyvauti bibliotekos organizuojamose konsultacijose gyvai arba nuotoliniu b\u016bdu per\u00a0Microsoft Teams: \u201eKaip prisijungti ir atlikti paie\u0161k\u0105 bibliotekos el. i\u0161tekliuose?\u201c\u00a0(tik d\u0117stytojams) Konsultacija skirta tik d\u0117stytojams. Jos metu bus pristatyti visi bibliotekos prenumeruojami el. i\u0161tekliai. Konsultacijos dalyviai po konsultacijos mok\u0117s prisijungti...","og_url":"https:\/\/wp.adisoft.lt\/vtdko\/biblioteka\/konsultacijos-skaitytojams\/","og_site_name":"vtdko","article_modified_time":"2022-12-16T17:57:10+00:00","twitter_card":"summary_large_image","twitter_misc":{"Est. reading time":"2 minut\u0117s"},"schema":{"@context":"https:\/\/schema.org","@graph":[{"@type":"WebPage","@id":"https:\/\/wp.adisoft.lt\/vtdko\/biblioteka\/konsultacijos-skaitytojams\/","url":"https:\/\/wp.adisoft.lt\/vtdko\/biblioteka\/konsultacijos-skaitytojams\/","name":"Konsultacijos skaitytojams - vtdko","isPartOf":{"@id":"https:\/\/wp.adisoft.lt\/vtdko\/#website"},"datePublished":"2022-10-26T06:32:50+00:00","dateModified":"2022-12-16T17:57:10+00:00","breadcrumb":{"@id":"https:\/\/wp.adisoft.lt\/vtdko\/biblioteka\/konsultacijos-skaitytojams\/#breadcrumb"},"inLanguage":"lt-LT","potentialAction":[{"@type":"ReadAction","target":["https:\/\/wp.adisoft.lt\/vtdko\/biblioteka\/konsultacijos-skaitytojams\/"]}]},{"@type":"BreadcrumbList","@id":"https:\/\/wp.adisoft.lt\/vtdko\/biblioteka\/konsultacijos-skaitytojams\/#breadcrumb","itemListElement":[{"@type":"ListItem","position":1,"name":"Pagrindinis","item":"https:\/\/wp.adisoft.lt\/vtdko\/"},{"@type":"ListItem","position":2,"name":"Biblioteka","item":"https:\/\/wp.adisoft.lt\/vtdko\/biblioteka\/"},{"@type":"ListItem","position":3,"name":"Konsultacijos skaitytojams"}]},{"@type":"WebSite","@id":"https:\/\/wp.adisoft.lt\/vtdko\/#website","url":"https:\/\/wp.adisoft.lt\/vtdko\/","name":"vtdko","description":"Vilniaus technologij\u0173 ir dizaino kolegija","publisher":{"@id":"https:\/\/wp.adisoft.lt\/vtdko\/#organization"},"potentialAction":[{"@type":"SearchAction","target":{"@type":"EntryPoint","urlTemplate":"https:\/\/wp.adisoft.lt\/vtdko\/?s={search_term_string}"},"query-input":"required name=search_term_string"}],"inLanguage":"lt-LT"},{"@type":"Organization","@id":"https:\/\/wp.adisoft.lt\/vtdko\/#organization","name":"vtdko","url":"https:\/\/wp.adisoft.lt\/vtdko\/","logo":{"@type":"ImageObject","inLanguage":"lt-LT","@id":"https:\/\/wp.adisoft.lt\/vtdko\/#\/schema\/logo\/image\/","url":"https:\/\/wp.adisoft.lt\/vtdko\/wp-content\/uploads\/2020\/02\/Logo-su-tekstu-01.svg","contentUrl":"https:\/\/wp.adisoft.lt\/vtdko\/wp-content\/uploads\/2020\/02\/Logo-su-tekstu-01.svg","width":151,"height":74,"caption":"vtdko"},"image":{"@id":"https:\/\/wp.adisoft.lt\/vtdko\/#\/schema\/logo\/image\/"}}]}},"_links":{"self":[{"href":"https:\/\/wp.adisoft.lt\/vtdko\/wp-json\/wp\/v2\/pages\/991469","targetHints":{"allow":["GET"]}}],"collection":[{"href":"https:\/\/wp.adisoft.lt\/vtdko\/wp-json\/wp\/v2\/pages"}],"about":[{"href":"https:\/\/wp.adisoft.lt\/vtdko\/wp-json\/wp\/v2\/types\/page"}],"author":[{"embeddable":true,"href":"https:\/\/wp.adisoft.lt\/vtdko\/wp-json\/wp\/v2\/users\/1"}],"replies":[{"embeddable":true,"href":"https:\/\/wp.adisoft.lt\/vtdko\/wp-json\/wp\/v2\/comments?post=991469"}],"version-history":[{"count":13,"href":"https:\/\/wp.adisoft.lt\/vtdko\/wp-json\/wp\/v2\/pages\/991469\/revisions"}],"predecessor-version":[{"id":993172,"href":"https:\/\/wp.adisoft.lt\/vtdko\/wp-json\/wp\/v2\/pages\/991469\/revisions\/993172"}],"up":[{"embeddable":true,"href":"https:\/\/wp.adisoft.lt\/vtdko\/wp-json\/wp\/v2\/pages\/990791"}],"wp:attachment":[{"href":"https:\/\/wp.adisoft.lt\/vtdko\/wp-json\/wp\/v2\/media?parent=991469"}],"curies":[{"name":"wp","href":"https:\/\/api.w.org\/{rel}","templated":true}]}}